{"id":6084,"date":"2024-11-16T22:11:04","date_gmt":"2024-11-16T21:11:04","guid":{"rendered":"https:\/\/pool-house.shop\/datenschutz-gdpr\/"},"modified":"2025-11-10T11:42:55","modified_gmt":"2025-11-10T10:42:55","slug":"datenschutz-gdpr","status":"publish","type":"page","link":"https:\/\/pool-house.shop\/de\/datenschutz-gdpr\/","title":{"rendered":"Datenschutz &#8211; GDPR"},"content":{"rendered":"\n<h2 class=\"wp-block-heading\"><strong>Informationen zum GDPR<\/strong><\/h2>\n\n<p><strong>Wer ist der Datenverantwortliche<\/strong><\/p>\n\n<ul class=\"wp-block-list\">\n<li>TMD Trade s.r.o., TMD Trade s.r.o., Bratislavsk\u00e1 cesta 4303, 945 01 Kom\u00e1rno, Organisations-Identifikationsnummer: 54.167.175, Steuer-Identifikationsnummer: 2121589613, Umsatzsteuer-Identifikationsnummer: SK2121589613, info@pool-house.shop, +421 918 940 949<\/li>\n<\/ul>\n\n<p><strong>Grunds\u00e4tze der Verarbeitung personenbezogener Daten<\/strong><\/p>\n\n<ul class=\"wp-block-list\">\n<li>a. Wir verarbeiten personenbezogene Daten korrekt, rechtm\u00e4\u00dfig und transparent <\/li>\n\n\n\n<li>b. Wir erheben personenbezogene Daten ausschlie\u00dflich f\u00fcr bestimmte, eindeutige und rechtm\u00e4\u00dfige Zwecke und sie werden nicht in einer Weise verarbeitet, die mit diesen Zwecken unvereinbar ist <\/li>\n\n\n\n<li>c. Der Umfang der verarbeiteten personenbezogenen Daten ist angemessen, relevant und auf das zur Erf\u00fcllung der festgelegten Zwecke notwendige Ma\u00df beschr\u00e4nkt <\/li>\n\n\n\n<li>d. Wir haben alle angemessenen Ma\u00dfnahmen ergriffen, um genaue und aktuelle personenbezogene Daten zu verarbeiten <\/li>\n\n\n\n<li>e. Wir speichern personenbezogene Daten nur so lange, wie es f\u00fcr die Zwecke, f\u00fcr die sie verarbeitet werden, erforderlich ist <\/li>\n\n\n\n<li>f. Wir verarbeiten personenbezogene Daten in einer Weise, die ihre angemessene Sicherheit gew\u00e4hrleistet, einschlie\u00dflich ihres Schutzes durch geeignete technische und organisatorische Ma\u00dfnahmen vor unbefugter oder unrechtm\u00e4\u00dfiger Verarbeitung und vor versehentlichem Verlust, Zerst\u00f6rung oder Besch\u00e4digung. <\/li>\n<\/ul>\n\n<p><strong>Welche personenbezogenen Daten verarbeiten wir<\/strong><\/p>\n\n<ul class=\"wp-block-list\">\n<li>Vor- und Nachname<\/li>\n\n\n\n<li>Adresse<\/li>\n\n\n\n<li>Telefonnummer<\/li>\n\n\n\n<li>E-Mail-Adresse<\/li>\n<\/ul>\n\n<p><strong>Auf welcher Rechtsgrundlage verarbeiten wir Ihre personenbezogenen Daten<\/strong><\/p>\n\n<ul class=\"wp-block-list\">\n<li>Vertragserf\u00fcllung: Verkauf von Waren und Dienstleistungen, Marketingmitteilungen, Rechnungsstellung, gegenseitige Kommunikation<\/li>\n<\/ul>\n\n<p><strong>Wem stellen wir Ihre personenbezogenen Daten zur Verf\u00fcgung<\/strong><\/p>\n\n<ul class=\"wp-block-list\">\n<li>unseren Lieferanten von Waren und Dienstleistungen, Logistik und f\u00fcr Buchhaltungszwecke<\/li>\n\n\n\n<li>staatlichen Beh\u00f6rden<\/li>\n<\/ul>\n\n<p><strong>Rechte der betroffenen Personen<\/strong><\/p>\n\n<p> Gem\u00e4\u00df GDPR sind Ihre Rechte:<\/p>\n\n<ul class=\"wp-block-list\">\n<li>Recht der betroffenen Person auf Vergessenwerden, auf L\u00f6schung (Artikel 17 GDPR)<\/li>\n\n\n\n<li>Recht der betroffenen Person auf Auskunft \u00fcber die Daten, die der Verantwortliche oder Auftragsverarbeiter \u00fcber die Person hat (Artikel 15 GDPR)<\/li>\n\n\n\n<li>Recht der betroffenen Person auf Widerspruch gegen die Verarbeitung ihrer personenbezogenen Daten (Artikel 21 GDPR)<\/li>\n\n\n\n<li>Recht der betroffenen Person auf Einschr\u00e4nkung der Verarbeitung (Artikel 18 GDPR)<\/li>\n\n\n\n<li>Recht der betroffenen Person auf Daten\u00fcbertragbarkeit ihrer personenbezogenen Daten vom Verantwortlichen an einen Dritten (Artikel 20 GDPR)<\/li>\n\n\n\n<li>Recht der betroffenen Person auf menschliche \u00dcberpr\u00fcfung im Falle einer automatisierten Entscheidungsfindung (Artikel 22 GDPR)<\/li>\n\n\n\n<li>Recht der betroffenen Person auf Aktualisierung ihrer personenbezogenen Daten, damit veraltete Versionen ihr keinen Schaden zuf\u00fcgen (Artikel 16 GDPR) <\/li>\n<\/ul>\n\n<p>Gem\u00e4\u00df Artikel 21 Absatz 4 GDPR wird ausdr\u00fccklich darauf hingewiesen, dass Sie das Recht haben, einer automatisierten Einzelfallentscheidung zu widersprechen, und dass Sie gem\u00e4\u00df Artikel 21 Absatz 2 GDPR das Recht haben, jederzeit der Verarbeitung personenbezogener Daten f\u00fcr Direktmarketingzwecke zu widersprechen. Gleichzeitig werden Sie dar\u00fcber informiert, dass Sie im Falle des Verdachts, dass Ihre personenbezogenen Daten unrechtm\u00e4\u00dfig verarbeitet werden, das Recht haben, eine Beschwerde bei der Beh\u00f6rde f\u00fcr den Schutz personenbezogener Daten der Slowakischen Republik einzureichen.   <\/p>\n","protected":false},"excerpt":{"rendered":"<p>Informationen zum GDPR Wer ist der Datenverantwortliche Grunds\u00e4tze der Verarbeitung personenbezogener Daten Welche personenbezogenen Daten verarbeiten wir Auf welcher Rechtsgrundlage verarbeiten wir Ihre personenbezogenen Daten Wem stellen wir Ihre personenbezogenen Daten zur Verf\u00fcgung Rechte der betroffenen Personen Gem\u00e4\u00df GDPR sind Ihre Rechte: Gem\u00e4\u00df Artikel 21 Absatz 4 GDPR wird ausdr\u00fccklich darauf hingewiesen, dass Sie das &hellip;<\/p>\n<p class=\"read-more\"> <a class=\" thunk-readmore button \" href=\"https:\/\/pool-house.shop\/de\/datenschutz-gdpr\/\"> <span class=\"screen-reader-text\">Datenschutz &#8211; GDPR<\/span>Weiterlesen<\/a><\/p>\n","protected":false},"author":2,"featured_media":0,"parent":0,"menu_order":0,"comment_status":"closed","ping_status":"open","template":"","meta":{"footnotes":""},"class_list":["post-6084","page","type-page","status-publish","hentry","thunk-woo-product-list","open-woo-hover-none","open-single-product-tab-horizontal","open-shadow-","open-shadow-hover-"],"yoast_head":"<!-- This site is optimized with the Yoast SEO plugin v26.9 - https:\/\/yoast.com\/product\/yoast-seo-wordpress\/ -->\n<title>Datenschutz - GDPR - Pool-House<\/title>\n<meta name=\"robots\" content=\"index, follow, max-snippet:-1, max-image-preview:large, max-video-preview:-1\" \/>\n<link rel=\"canonical\" href=\"https:\/\/pool-house.shop\/de\/datenschutz-gdpr\/\" \/>\n<meta property=\"og:locale\" content=\"de_DE\" \/>\n<meta property=\"og:type\" content=\"article\" \/>\n<meta property=\"og:title\" content=\"Datenschutz - GDPR - Pool-House\" \/>\n<meta property=\"og:description\" content=\"Informationen zum GDPR Wer ist der Datenverantwortliche Grunds\u00e4tze der Verarbeitung personenbezogener Daten Welche personenbezogenen Daten verarbeiten wir Auf welcher Rechtsgrundlage verarbeiten wir Ihre personenbezogenen Daten Wem stellen wir Ihre personenbezogenen Daten zur Verf\u00fcgung Rechte der betroffenen Personen Gem\u00e4\u00df GDPR sind Ihre Rechte: Gem\u00e4\u00df Artikel 21 Absatz 4 GDPR wird ausdr\u00fccklich darauf hingewiesen, dass Sie das &hellip; Datenschutz &#8211; GDPRWeiterlesen\" \/>\n<meta property=\"og:url\" content=\"https:\/\/pool-house.shop\/de\/datenschutz-gdpr\/\" \/>\n<meta property=\"og:site_name\" content=\"Pool-House\" \/>\n<meta property=\"article:publisher\" content=\"https:\/\/www.facebook.com\/termodomsk\/\" \/>\n<meta property=\"article:modified_time\" content=\"2025-11-10T10:42:55+00:00\" \/>\n<meta name=\"twitter:card\" content=\"summary_large_image\" \/>\n<meta name=\"twitter:label1\" content=\"Gesch\u00e4tzte Lesezeit\" \/>\n\t<meta name=\"twitter:data1\" content=\"2\u00a0Minuten\" \/>\n<script type=\"application\/ld+json\" class=\"yoast-schema-graph\">{\"@context\":\"https:\/\/schema.org\",\"@graph\":[{\"@type\":\"WebPage\",\"@id\":\"https:\/\/pool-house.shop\/de\/datenschutz-gdpr\/\",\"url\":\"https:\/\/pool-house.shop\/de\/datenschutz-gdpr\/\",\"name\":\"Datenschutz - GDPR - Pool-House\",\"isPartOf\":{\"@id\":\"https:\/\/pool-house.shop\/de\/#website\"},\"datePublished\":\"2024-11-16T21:11:04+00:00\",\"dateModified\":\"2025-11-10T10:42:55+00:00\",\"breadcrumb\":{\"@id\":\"https:\/\/pool-house.shop\/de\/datenschutz-gdpr\/#breadcrumb\"},\"inLanguage\":\"de\",\"potentialAction\":[{\"@type\":\"ReadAction\",\"target\":[\"https:\/\/pool-house.shop\/de\/datenschutz-gdpr\/\"]}]},{\"@type\":\"BreadcrumbList\",\"@id\":\"https:\/\/pool-house.shop\/de\/datenschutz-gdpr\/#breadcrumb\",\"itemListElement\":[{\"@type\":\"ListItem\",\"position\":1,\"name\":\"Domovsk\u00e1 str\u00e1nka\",\"item\":\"https:\/\/pool-house.shop\/de\/\"},{\"@type\":\"ListItem\",\"position\":2,\"name\":\"Datenschutz &#8211; GDPR\"}]},{\"@type\":\"WebSite\",\"@id\":\"https:\/\/pool-house.shop\/de\/#website\",\"url\":\"https:\/\/pool-house.shop\/de\/\",\"name\":\"Pool-House\",\"description\":\"\",\"publisher\":{\"@id\":\"https:\/\/pool-house.shop\/de\/#organization\"},\"potentialAction\":[{\"@type\":\"SearchAction\",\"target\":{\"@type\":\"EntryPoint\",\"urlTemplate\":\"https:\/\/pool-house.shop\/de\/?s={search_term_string}\"},\"query-input\":{\"@type\":\"PropertyValueSpecification\",\"valueRequired\":true,\"valueName\":\"search_term_string\"}}],\"inLanguage\":\"de\"},{\"@type\":\"Organization\",\"@id\":\"https:\/\/pool-house.shop\/de\/#organization\",\"name\":\"Pool-House\",\"url\":\"https:\/\/pool-house.shop\/de\/\",\"logo\":{\"@type\":\"ImageObject\",\"inLanguage\":\"de\",\"@id\":\"https:\/\/pool-house.shop\/de\/#\/schema\/logo\/image\/\",\"url\":\"https:\/\/pool-house.shop\/wp-content\/uploads\/2025\/10\/logo-2-stvorec-mobil-modre.png\",\"contentUrl\":\"https:\/\/pool-house.shop\/wp-content\/uploads\/2025\/10\/logo-2-stvorec-mobil-modre.png\",\"width\":273,\"height\":189,\"caption\":\"Pool-House\"},\"image\":{\"@id\":\"https:\/\/pool-house.shop\/de\/#\/schema\/logo\/image\/\"},\"sameAs\":[\"https:\/\/www.facebook.com\/termodomsk\/\"]}]}<\/script>\n<!-- \/ Yoast SEO plugin. -->","yoast_head_json":{"title":"Datenschutz - GDPR - Pool-House","robots":{"index":"index","follow":"follow","max-snippet":"max-snippet:-1","max-image-preview":"max-image-preview:large","max-video-preview":"max-video-preview:-1"},"canonical":"https:\/\/pool-house.shop\/de\/datenschutz-gdpr\/","og_locale":"de_DE","og_type":"article","og_title":"Datenschutz - GDPR - Pool-House","og_description":"Informationen zum GDPR Wer ist der Datenverantwortliche Grunds\u00e4tze der Verarbeitung personenbezogener Daten Welche personenbezogenen Daten verarbeiten wir Auf welcher Rechtsgrundlage verarbeiten wir Ihre personenbezogenen Daten Wem stellen wir Ihre personenbezogenen Daten zur Verf\u00fcgung Rechte der betroffenen Personen Gem\u00e4\u00df GDPR sind Ihre Rechte: Gem\u00e4\u00df Artikel 21 Absatz 4 GDPR wird ausdr\u00fccklich darauf hingewiesen, dass Sie das &hellip; Datenschutz &#8211; GDPRWeiterlesen","og_url":"https:\/\/pool-house.shop\/de\/datenschutz-gdpr\/","og_site_name":"Pool-House","article_publisher":"https:\/\/www.facebook.com\/termodomsk\/","article_modified_time":"2025-11-10T10:42:55+00:00","twitter_card":"summary_large_image","twitter_misc":{"Gesch\u00e4tzte Lesezeit":"2\u00a0Minuten"},"schema":{"@context":"https:\/\/schema.org","@graph":[{"@type":"WebPage","@id":"https:\/\/pool-house.shop\/de\/datenschutz-gdpr\/","url":"https:\/\/pool-house.shop\/de\/datenschutz-gdpr\/","name":"Datenschutz - GDPR - Pool-House","isPartOf":{"@id":"https:\/\/pool-house.shop\/de\/#website"},"datePublished":"2024-11-16T21:11:04+00:00","dateModified":"2025-11-10T10:42:55+00:00","breadcrumb":{"@id":"https:\/\/pool-house.shop\/de\/datenschutz-gdpr\/#breadcrumb"},"inLanguage":"de","potentialAction":[{"@type":"ReadAction","target":["https:\/\/pool-house.shop\/de\/datenschutz-gdpr\/"]}]},{"@type":"BreadcrumbList","@id":"https:\/\/pool-house.shop\/de\/datenschutz-gdpr\/#breadcrumb","itemListElement":[{"@type":"ListItem","position":1,"name":"Domovsk\u00e1 str\u00e1nka","item":"https:\/\/pool-house.shop\/de\/"},{"@type":"ListItem","position":2,"name":"Datenschutz &#8211; GDPR"}]},{"@type":"WebSite","@id":"https:\/\/pool-house.shop\/de\/#website","url":"https:\/\/pool-house.shop\/de\/","name":"Pool-House","description":"","publisher":{"@id":"https:\/\/pool-house.shop\/de\/#organization"},"potentialAction":[{"@type":"SearchAction","target":{"@type":"EntryPoint","urlTemplate":"https:\/\/pool-house.shop\/de\/?s={search_term_string}"},"query-input":{"@type":"PropertyValueSpecification","valueRequired":true,"valueName":"search_term_string"}}],"inLanguage":"de"},{"@type":"Organization","@id":"https:\/\/pool-house.shop\/de\/#organization","name":"Pool-House","url":"https:\/\/pool-house.shop\/de\/","logo":{"@type":"ImageObject","inLanguage":"de","@id":"https:\/\/pool-house.shop\/de\/#\/schema\/logo\/image\/","url":"https:\/\/pool-house.shop\/wp-content\/uploads\/2025\/10\/logo-2-stvorec-mobil-modre.png","contentUrl":"https:\/\/pool-house.shop\/wp-content\/uploads\/2025\/10\/logo-2-stvorec-mobil-modre.png","width":273,"height":189,"caption":"Pool-House"},"image":{"@id":"https:\/\/pool-house.shop\/de\/#\/schema\/logo\/image\/"},"sameAs":["https:\/\/www.facebook.com\/termodomsk\/"]}]}},"_links":{"self":[{"href":"https:\/\/pool-house.shop\/de\/wp-json\/wp\/v2\/pages\/6084","targetHints":{"allow":["GET"]}}],"collection":[{"href":"https:\/\/pool-house.shop\/de\/wp-json\/wp\/v2\/pages"}],"about":[{"href":"https:\/\/pool-house.shop\/de\/wp-json\/wp\/v2\/types\/page"}],"author":[{"embeddable":true,"href":"https:\/\/pool-house.shop\/de\/wp-json\/wp\/v2\/users\/2"}],"replies":[{"embeddable":true,"href":"https:\/\/pool-house.shop\/de\/wp-json\/wp\/v2\/comments?post=6084"}],"version-history":[{"count":2,"href":"https:\/\/pool-house.shop\/de\/wp-json\/wp\/v2\/pages\/6084\/revisions"}],"predecessor-version":[{"id":6087,"href":"https:\/\/pool-house.shop\/de\/wp-json\/wp\/v2\/pages\/6084\/revisions\/6087"}],"wp:attachment":[{"href":"https:\/\/pool-house.shop\/de\/wp-json\/wp\/v2\/media?parent=6084"}],"curies":[{"name":"wp","href":"https:\/\/api.w.org\/{rel}","templated":true}]}}