{"id":10164,"date":"2025-04-08T12:38:25","date_gmt":"2025-04-08T10:38:25","guid":{"rendered":"https:\/\/pool-house.shop\/product\/saphir-450-aufpreis-fuer-verstaerkte-konstruktion\/"},"modified":"2025-04-08T12:38:25","modified_gmt":"2025-04-08T10:38:25","slug":"saphir-450-aufpreis-fuer-verstaerkte-konstruktion","status":"publish","type":"product","link":"https:\/\/pool-house.shop\/de\/product\/saphir-450-aufpreis-fuer-verstaerkte-konstruktion\/","title":{"rendered":"SAPHIR 450 Aufpreis f\u00fcr verst\u00e4rkte Konstruktion"},"content":{"rendered":"<p>SAPHIR 450 &#8211; Verst\u00e4rkte Konstruktion<\/p>\n<p> Senkrechte, l\u00e4ngs- und querverlaufende sowie starke Verst\u00e4rkungsrippen, die die Ecken des Poolk\u00f6rpers umschlie\u00dfen, verst\u00e4rken und vereinfachen die Montage des Poolk\u00f6rpers erheblich in Bezug auf Zeit und Kosten. Dies reduziert die Wahrscheinlichkeit einer Besch\u00e4digung der Konstruktion durch m\u00f6gliche Belastungen.<\/p>\n<p> Installationsvorteile:<br \/>\n &#8211; Seitliches Verf\u00fcllen des Poolk\u00f6rpers ohne Wasser<br \/>\n &#8211; Seitliche Verf\u00fcllung mit Kies statt Beton<br \/>\n &#8211; Es entfallen Kosten f\u00fcr Lieferung und Montage von Beton, die logistische Pr\u00e4zision erfordern und keine Fehler verzeihen.<\/p>\n","protected":false},"excerpt":{"rendered":"<p>SAPHIR 450 &#8211; Verst\u00e4rkte Konstruktion<\/p>\n<p> Senkrechte, l\u00e4ngs- und querverlaufende sowie starke Verst\u00e4rkungsrippen, die die Ecken des Poolk\u00f6rpers umschlie\u00dfen, verst\u00e4rken und vereinfachen die Montage des Poolk\u00f6rpers erheblich in Bezug auf Zeit und Kosten. Dies reduziert die Wahrscheinlichkeit einer Besch\u00e4digung der Konstruktion durch m\u00f6gliche Belastungen.<\/p>\n<p> Installationsvorteile:<br \/>\n &#8211; Seitliches Verf\u00fcllen des Poolk\u00f6rpers ohne Wasser<br \/>\n &#8211; Seitliche Verf\u00fcllung mit Kies statt Beton<br \/>\n &#8211; Es entfallen Kosten f\u00fcr Lieferung und Montage von Beton, die logistische Pr\u00e4zision erfordern und keine Fehler verzeihen.<\/p>\n","protected":false},"featured_media":5031,"template":"","meta":[],"product_brand":[],"product_cat":[281],"product_tag":[],"class_list":{"0":"post-10164","1":"product","2":"type-product","3":"status-publish","4":"has-post-thumbnail","6":"product_cat-komplettbecken","7":"thunk-woo-product-list","8":"open-woo-hover-none","9":"open-single-product-tab-horizontal","10":"open-shadow-","11":"open-shadow-hover-","13":"first","14":"instock","15":"taxable","16":"shipping-taxable","17":"purchasable","18":"product-type-simple"},"yoast_head":"<!-- This site is optimized with the Yoast SEO plugin v26.9 - https:\/\/yoast.com\/product\/yoast-seo-wordpress\/ -->\n<title>SAPHIR 450 Aufpreis f\u00fcr verst\u00e4rkte Konstruktion - Pool-House<\/title>\n<meta name=\"robots\" content=\"index, follow, max-snippet:-1, max-image-preview:large, max-video-preview:-1\" \/>\n<link rel=\"canonical\" href=\"https:\/\/pool-house.shop\/de\/product\/saphir-450-aufpreis-fuer-verstaerkte-konstruktion\/\" \/>\n<meta property=\"og:locale\" content=\"de_DE\" \/>\n<meta property=\"og:type\" content=\"article\" \/>\n<meta property=\"og:title\" content=\"SAPHIR 450 Aufpreis f\u00fcr verst\u00e4rkte Konstruktion - Pool-House\" \/>\n<meta property=\"og:description\" content=\"SAPHIR 450 - Verst\u00e4rkte Konstruktion  Senkrechte, l\u00e4ngs- und querverlaufende sowie starke Verst\u00e4rkungsrippen, die die Ecken des Poolk\u00f6rpers umschlie\u00dfen, verst\u00e4rken und vereinfachen die Montage des Poolk\u00f6rpers erheblich in Bezug auf Zeit und Kosten. Dies reduziert die Wahrscheinlichkeit einer Besch\u00e4digung der Konstruktion durch m\u00f6gliche Belastungen.  Installationsvorteile: - Seitliches Verf\u00fcllen des Poolk\u00f6rpers ohne Wasser - Seitliche Verf\u00fcllung mit Kies statt Beton - Es entfallen Kosten f\u00fcr Lieferung und Montage von Beton, die logistische Pr\u00e4zision erfordern und keine Fehler verzeihen.\" \/>\n<meta property=\"og:url\" content=\"https:\/\/pool-house.shop\/de\/product\/saphir-450-aufpreis-fuer-verstaerkte-konstruktion\/\" \/>\n<meta property=\"og:site_name\" content=\"Pool-House\" \/>\n<meta property=\"article:publisher\" content=\"https:\/\/www.facebook.com\/termodomsk\/\" \/>\n<meta property=\"og:image\" content=\"https:\/\/pool-house.shop\/wp-content\/uploads\/2025\/04\/186458.png\" \/>\n\t<meta property=\"og:image:width\" content=\"1600\" \/>\n\t<meta property=\"og:image:height\" content=\"1600\" \/>\n\t<meta property=\"og:image:type\" content=\"image\/png\" \/>\n<meta name=\"twitter:card\" content=\"summary_large_image\" \/>\n<script type=\"application\/ld+json\" class=\"yoast-schema-graph\">{\"@context\":\"https:\/\/schema.org\",\"@graph\":[{\"@type\":\"WebPage\",\"@id\":\"https:\/\/pool-house.shop\/de\/product\/saphir-450-aufpreis-fuer-verstaerkte-konstruktion\/\",\"url\":\"https:\/\/pool-house.shop\/de\/product\/saphir-450-aufpreis-fuer-verstaerkte-konstruktion\/\",\"name\":\"SAPHIR 450 Aufpreis f\u00fcr verst\u00e4rkte Konstruktion - Pool-House\",\"isPartOf\":{\"@id\":\"https:\/\/pool-house.shop\/de\/#website\"},\"primaryImageOfPage\":{\"@id\":\"https:\/\/pool-house.shop\/de\/product\/saphir-450-aufpreis-fuer-verstaerkte-konstruktion\/#primaryimage\"},\"image\":{\"@id\":\"https:\/\/pool-house.shop\/de\/product\/saphir-450-aufpreis-fuer-verstaerkte-konstruktion\/#primaryimage\"},\"thumbnailUrl\":\"https:\/\/pool-house.shop\/wp-content\/uploads\/2025\/04\/186458.png\",\"datePublished\":\"2025-04-08T10:38:25+00:00\",\"breadcrumb\":{\"@id\":\"https:\/\/pool-house.shop\/de\/product\/saphir-450-aufpreis-fuer-verstaerkte-konstruktion\/#breadcrumb\"},\"inLanguage\":\"de\",\"potentialAction\":[{\"@type\":\"ReadAction\",\"target\":[\"https:\/\/pool-house.shop\/de\/product\/saphir-450-aufpreis-fuer-verstaerkte-konstruktion\/\"]}]},{\"@type\":\"ImageObject\",\"inLanguage\":\"de\",\"@id\":\"https:\/\/pool-house.shop\/de\/product\/saphir-450-aufpreis-fuer-verstaerkte-konstruktion\/#primaryimage\",\"url\":\"https:\/\/pool-house.shop\/wp-content\/uploads\/2025\/04\/186458.png\",\"contentUrl\":\"https:\/\/pool-house.shop\/wp-content\/uploads\/2025\/04\/186458.png\",\"width\":1600,\"height\":1600},{\"@type\":\"BreadcrumbList\",\"@id\":\"https:\/\/pool-house.shop\/de\/product\/saphir-450-aufpreis-fuer-verstaerkte-konstruktion\/#breadcrumb\",\"itemListElement\":[{\"@type\":\"ListItem\",\"position\":1,\"name\":\"Domovsk\u00e1 str\u00e1nka\",\"item\":\"https:\/\/pool-house.shop\/de\/\"},{\"@type\":\"ListItem\",\"position\":2,\"name\":\"Shop\",\"item\":\"https:\/\/pool-house.shop\/de\/shop\/\"},{\"@type\":\"ListItem\",\"position\":3,\"name\":\"SAPHIR 450 Aufpreis f\u00fcr verst\u00e4rkte Konstruktion\"}]},{\"@type\":\"WebSite\",\"@id\":\"https:\/\/pool-house.shop\/de\/#website\",\"url\":\"https:\/\/pool-house.shop\/de\/\",\"name\":\"Pool-House\",\"description\":\"\",\"publisher\":{\"@id\":\"https:\/\/pool-house.shop\/de\/#organization\"},\"potentialAction\":[{\"@type\":\"SearchAction\",\"target\":{\"@type\":\"EntryPoint\",\"urlTemplate\":\"https:\/\/pool-house.shop\/de\/?s={search_term_string}\"},\"query-input\":{\"@type\":\"PropertyValueSpecification\",\"valueRequired\":true,\"valueName\":\"search_term_string\"}}],\"inLanguage\":\"de\"},{\"@type\":\"Organization\",\"@id\":\"https:\/\/pool-house.shop\/de\/#organization\",\"name\":\"Pool-House\",\"url\":\"https:\/\/pool-house.shop\/de\/\",\"logo\":{\"@type\":\"ImageObject\",\"inLanguage\":\"de\",\"@id\":\"https:\/\/pool-house.shop\/de\/#\/schema\/logo\/image\/\",\"url\":\"https:\/\/pool-house.shop\/wp-content\/uploads\/2025\/10\/logo-2-stvorec-mobil-modre.png\",\"contentUrl\":\"https:\/\/pool-house.shop\/wp-content\/uploads\/2025\/10\/logo-2-stvorec-mobil-modre.png\",\"width\":273,\"height\":189,\"caption\":\"Pool-House\"},\"image\":{\"@id\":\"https:\/\/pool-house.shop\/de\/#\/schema\/logo\/image\/\"},\"sameAs\":[\"https:\/\/www.facebook.com\/termodomsk\/\"]}]}<\/script>\n<!-- \/ Yoast SEO plugin. -->","yoast_head_json":{"title":"SAPHIR 450 Aufpreis f\u00fcr verst\u00e4rkte Konstruktion - Pool-House","robots":{"index":"index","follow":"follow","max-snippet":"max-snippet:-1","max-image-preview":"max-image-preview:large","max-video-preview":"max-video-preview:-1"},"canonical":"https:\/\/pool-house.shop\/de\/product\/saphir-450-aufpreis-fuer-verstaerkte-konstruktion\/","og_locale":"de_DE","og_type":"article","og_title":"SAPHIR 450 Aufpreis f\u00fcr verst\u00e4rkte Konstruktion - Pool-House","og_description":"SAPHIR 450 - Verst\u00e4rkte Konstruktion  Senkrechte, l\u00e4ngs- und querverlaufende sowie starke Verst\u00e4rkungsrippen, die die Ecken des Poolk\u00f6rpers umschlie\u00dfen, verst\u00e4rken und vereinfachen die Montage des Poolk\u00f6rpers erheblich in Bezug auf Zeit und Kosten. Dies reduziert die Wahrscheinlichkeit einer Besch\u00e4digung der Konstruktion durch m\u00f6gliche Belastungen.  Installationsvorteile: - Seitliches Verf\u00fcllen des Poolk\u00f6rpers ohne Wasser - Seitliche Verf\u00fcllung mit Kies statt Beton - Es entfallen Kosten f\u00fcr Lieferung und Montage von Beton, die logistische Pr\u00e4zision erfordern und keine Fehler verzeihen.","og_url":"https:\/\/pool-house.shop\/de\/product\/saphir-450-aufpreis-fuer-verstaerkte-konstruktion\/","og_site_name":"Pool-House","article_publisher":"https:\/\/www.facebook.com\/termodomsk\/","og_image":[{"width":1600,"height":1600,"url":"https:\/\/pool-house.shop\/wp-content\/uploads\/2025\/04\/186458.png","type":"image\/png"}],"twitter_card":"summary_large_image","schema":{"@context":"https:\/\/schema.org","@graph":[{"@type":"WebPage","@id":"https:\/\/pool-house.shop\/de\/product\/saphir-450-aufpreis-fuer-verstaerkte-konstruktion\/","url":"https:\/\/pool-house.shop\/de\/product\/saphir-450-aufpreis-fuer-verstaerkte-konstruktion\/","name":"SAPHIR 450 Aufpreis f\u00fcr verst\u00e4rkte Konstruktion - Pool-House","isPartOf":{"@id":"https:\/\/pool-house.shop\/de\/#website"},"primaryImageOfPage":{"@id":"https:\/\/pool-house.shop\/de\/product\/saphir-450-aufpreis-fuer-verstaerkte-konstruktion\/#primaryimage"},"image":{"@id":"https:\/\/pool-house.shop\/de\/product\/saphir-450-aufpreis-fuer-verstaerkte-konstruktion\/#primaryimage"},"thumbnailUrl":"https:\/\/pool-house.shop\/wp-content\/uploads\/2025\/04\/186458.png","datePublished":"2025-04-08T10:38:25+00:00","breadcrumb":{"@id":"https:\/\/pool-house.shop\/de\/product\/saphir-450-aufpreis-fuer-verstaerkte-konstruktion\/#breadcrumb"},"inLanguage":"de","potentialAction":[{"@type":"ReadAction","target":["https:\/\/pool-house.shop\/de\/product\/saphir-450-aufpreis-fuer-verstaerkte-konstruktion\/"]}]},{"@type":"ImageObject","inLanguage":"de","@id":"https:\/\/pool-house.shop\/de\/product\/saphir-450-aufpreis-fuer-verstaerkte-konstruktion\/#primaryimage","url":"https:\/\/pool-house.shop\/wp-content\/uploads\/2025\/04\/186458.png","contentUrl":"https:\/\/pool-house.shop\/wp-content\/uploads\/2025\/04\/186458.png","width":1600,"height":1600},{"@type":"BreadcrumbList","@id":"https:\/\/pool-house.shop\/de\/product\/saphir-450-aufpreis-fuer-verstaerkte-konstruktion\/#breadcrumb","itemListElement":[{"@type":"ListItem","position":1,"name":"Domovsk\u00e1 str\u00e1nka","item":"https:\/\/pool-house.shop\/de\/"},{"@type":"ListItem","position":2,"name":"Shop","item":"https:\/\/pool-house.shop\/de\/shop\/"},{"@type":"ListItem","position":3,"name":"SAPHIR 450 Aufpreis f\u00fcr verst\u00e4rkte Konstruktion"}]},{"@type":"WebSite","@id":"https:\/\/pool-house.shop\/de\/#website","url":"https:\/\/pool-house.shop\/de\/","name":"Pool-House","description":"","publisher":{"@id":"https:\/\/pool-house.shop\/de\/#organization"},"potentialAction":[{"@type":"SearchAction","target":{"@type":"EntryPoint","urlTemplate":"https:\/\/pool-house.shop\/de\/?s={search_term_string}"},"query-input":{"@type":"PropertyValueSpecification","valueRequired":true,"valueName":"search_term_string"}}],"inLanguage":"de"},{"@type":"Organization","@id":"https:\/\/pool-house.shop\/de\/#organization","name":"Pool-House","url":"https:\/\/pool-house.shop\/de\/","logo":{"@type":"ImageObject","inLanguage":"de","@id":"https:\/\/pool-house.shop\/de\/#\/schema\/logo\/image\/","url":"https:\/\/pool-house.shop\/wp-content\/uploads\/2025\/10\/logo-2-stvorec-mobil-modre.png","contentUrl":"https:\/\/pool-house.shop\/wp-content\/uploads\/2025\/10\/logo-2-stvorec-mobil-modre.png","width":273,"height":189,"caption":"Pool-House"},"image":{"@id":"https:\/\/pool-house.shop\/de\/#\/schema\/logo\/image\/"},"sameAs":["https:\/\/www.facebook.com\/termodomsk\/"]}]}},"_links":{"self":[{"href":"https:\/\/pool-house.shop\/de\/wp-json\/wp\/v2\/product\/10164","targetHints":{"allow":["GET"]}}],"collection":[{"href":"https:\/\/pool-house.shop\/de\/wp-json\/wp\/v2\/product"}],"about":[{"href":"https:\/\/pool-house.shop\/de\/wp-json\/wp\/v2\/types\/product"}],"wp:featuredmedia":[{"embeddable":true,"href":"https:\/\/pool-house.shop\/de\/wp-json\/wp\/v2\/media\/5031"}],"wp:attachment":[{"href":"https:\/\/pool-house.shop\/de\/wp-json\/wp\/v2\/media?parent=10164"}],"wp:term":[{"taxonomy":"product_brand","embeddable":true,"href":"https:\/\/pool-house.shop\/de\/wp-json\/wp\/v2\/product_brand?post=10164"},{"taxonomy":"product_cat","embeddable":true,"href":"https:\/\/pool-house.shop\/de\/wp-json\/wp\/v2\/product_cat?post=10164"},{"taxonomy":"product_tag","embeddable":true,"href":"https:\/\/pool-house.shop\/de\/wp-json\/wp\/v2\/product_tag?post=10164"}],"curies":[{"name":"wp","href":"https:\/\/api.w.org\/{rel}","templated":true}]}}