{"id":10166,"date":"2025-04-08T12:38:23","date_gmt":"2025-04-08T10:38:23","guid":{"rendered":"https:\/\/pool-house.shop\/product\/saphir-450-polyamid-keramikwand-pu\/"},"modified":"2025-04-08T12:38:23","modified_gmt":"2025-04-08T10:38:23","slug":"saphir-450-polyamid-keramikwand-pu","status":"publish","type":"product","link":"https:\/\/pool-house.shop\/de\/product\/saphir-450-polyamid-keramikwand-pu\/","title":{"rendered":"SAPHIR 450 POLYAMID + Keramikwand + PU"},"content":{"rendered":"<p>SAPHIR 450 \u2013 GFK-Verbundbecken<\/p>\n<p> Die Ceramicwall-Beckenkonstruktion garantiert vollst\u00e4ndigen Osmoseschutz, eine l\u00e4ngere Lebensdauer im Vergleich zu klassischen Becken sowie eine \u00e4u\u00dferst einfache Montage und einen problemlosen Betrieb. Die St\u00e4rke des Ceramicwall-Beckens liegt in der Struktur seiner Wand. Hervorragende Qualit\u00e4t mit Keramikschicht.<br \/>\n Die Polyamidfaserverst\u00e4rkung verleiht dem Beckenk\u00f6rper eine hervorragende Flexibilit\u00e4t. Das Polyamidgewebe ist ein Aramidfasernetz, das eine hohe W\u00e4rmebest\u00e4ndigkeit und ausgezeichnete mechanische Eigenschaften aufweist. Aramidfasergewebe sind aufgrund ihrer hohen Energieabsorptionsf\u00e4higkeit am weitesten verbreitet. Dies ist die h\u00f6chste Qualit\u00e4t unserer Pools.<br \/>\n Die PU-Schaumisolierung mit geschlossenen Zellen sch\u00fctzt die Konstruktion gleichzeitig vor \u00e4u\u00dferen Einfl\u00fcssen, sorgt f\u00fcr zus\u00e4tzliche Steifigkeit und bietet W\u00e4rmed\u00e4mmung.<br \/>\n Jedes Becken verf\u00fcgt \u00fcber eine Stahlverst\u00e4rkung, die f\u00fcr den Transport \u2013 das Heben mit einem Kran \u2013 und die Montage unerl\u00e4sslich ist.<br \/>\n Die Becken k\u00f6nnen auch mit einer Rollladenkammer bestellt werden. Verstellbare St\u00fctzf\u00fc\u00dfe f\u00fcr die Seitenwand des Beckens und die Treppe k\u00f6nnen separat bestellt werden.<\/p>\n<p> Seine Eigenschaften<br \/>\n \u2013 rechteckiges Becken mit Treppe und Sitzbank in der linken Ecke<br \/>\n \u2013 Beckenrand: Breite 13 cm, H\u00f6he 4 cm<br \/>\n \u2013 Beckenboden ist w\u00e4rmeged\u00e4mmt mit PU-Isoliermaterial<br \/>\n \u2013 Au\u00dfenma\u00dfe des Beckens: 4500 x 2700 x 1530 mm<br \/>\n \u2013 Grundfarben: Wei\u00df, Beige, Hellblau<\/p>\n<p> Schichtaufbau von Verbundbecken<br \/>\n 1-2-3. Schicht: 3-dimensionale mehrfarbige Beckenoberfl\u00e4che, eine Gelcoat-Schicht (erste Schicht Polyestergel), die in aufeinanderfolgenden Schichten mittels Spritztechnologie aufgetragen wird<br \/>\n 4. Schicht: Nach dem Auftragen des Barriercoats, eine Pufferschicht aus Vinylesterharz (Vinylacetatharz), verarbeitet mit Glasfaser. Diese Schicht ist die Hauptgarantie f\u00fcr die gesamte Konstruktion, lange Osmosebest\u00e4ndigkeit und au\u00dfergew\u00f6hnliche mechanische Eigenschaften.<br \/>\n  5. Schicht: spezielles Vinylesterharz \u2013 Keramik-Kernmaterialmischung, die auch f\u00fcr Osmosebest\u00e4ndigkeit entwickelt wurde. Diese Mischung zeigt modernste Forschungsergebnisse und die Pr\u00e4senz fortschrittlicher Nanotechnologie. (Keramikwand)<br \/>\n 6. Schicht: allgemeiner Polyesterrahmen, glasfaserverst\u00e4rkt<br \/>\n 7. Schicht: Sto\u00dffestes Polyamidgewebe, extra flexible Aramidfasergewebeverst\u00e4rkung<br \/>\n 8. Schicht: allgemeiner Polyesterrahmen, glasfaserverst\u00e4rkt<br \/>\n 9. Schicht: Isolierung aus PU (Polyurethan)-Schaum      <\/p>\n","protected":false},"excerpt":{"rendered":"<p>SAPHIR 450 \u2013 GFK-Verbundbecken<\/p>\n<p> Die Ceramicwall-Beckenkonstruktion garantiert vollst\u00e4ndigen Osmoseschutz, eine l\u00e4ngere Lebensdauer im Vergleich zu klassischen Becken sowie eine \u00e4u\u00dferst einfache Montage und einen problemlosen Betrieb. Die St\u00e4rke des Ceramicwall-Beckens liegt in der Struktur seiner Wand. Hervorragende Qualit\u00e4t mit Keramikschicht.<br \/>\n Die Polyamidfaserverst\u00e4rkung verleiht dem Beckenk\u00f6rper eine hervorragende Flexibilit\u00e4t. Das Polyamidgewebe ist ein Aramidfasernetz, das eine hohe W\u00e4rmebest\u00e4ndigkeit und ausgezeichnete mechanische Eigenschaften aufweist. Aramidfasergewebe sind aufgrund ihrer hohen Energieabsorptionsf\u00e4higkeit am weitesten verbreitet. Dies ist die h\u00f6chste Qualit\u00e4t unserer Pools.<br \/>\n Die PU-Schaumisolierung mit geschlossenen Zellen sch\u00fctzt die Konstruktion gleichzeitig vor \u00e4u\u00dferen Einfl\u00fcssen, sorgt f\u00fcr zus\u00e4tzliche Steifigkeit und bietet W\u00e4rmed\u00e4mmung.<br \/>\n Jedes Becken verf\u00fcgt \u00fcber eine Stahlverst\u00e4rkung, die f\u00fcr den Transport \u2013 das Heben mit einem Kran \u2013 und die Montage unerl\u00e4sslich ist.<br \/>\n Die Becken k\u00f6nnen auch mit einer Rollladenkammer bestellt werden. Verstellbare St\u00fctzf\u00fc\u00dfe f\u00fcr die Seitenwand des Beckens und die Treppe k\u00f6nnen separat bestellt werden.<\/p>\n<p> Seine Eigenschaften<br \/>\n \u2013 rechteckiges Becken mit Treppe und Sitzbank in der linken Ecke<br \/>\n \u2013 Beckenrand: Breite 13 cm, H\u00f6he 4 cm<br \/>\n \u2013 Beckenboden ist w\u00e4rmeged\u00e4mmt mit PU-Isoliermaterial<br \/>\n \u2013 Au\u00dfenma\u00dfe des Beckens: 4500 x 2700 x 1530 mm<br \/>\n \u2013 Grundfarben: Wei\u00df, Beige, Hellblau<\/p>\n<p> Schichtaufbau von Verbundbecken<br \/>\n 1-2-3. Schicht: 3-dimensionale mehrfarbige Beckenoberfl\u00e4che, eine Gelcoat-Schicht (erste Schicht Polyestergel), die in aufeinanderfolgenden Schichten mittels Spritztechnologie aufgetragen wird<br \/>\n 4. Schicht: Nach dem Auftragen des Barriercoats, eine Pufferschicht aus Vinylesterharz (Vinylacetatharz), verarbeitet mit Glasfaser. Diese Schicht ist die Hauptgarantie f\u00fcr die gesamte Konstruktion, lange Osmosebest\u00e4ndigkeit und au\u00dfergew\u00f6hnliche mechanische Eigenschaften.<br \/>\n  5. Schicht: spezielles Vinylesterharz \u2013 Keramik-Kernmaterialmischung, die auch f\u00fcr Osmosebest\u00e4ndigkeit entwickelt wurde. Diese Mischung zeigt modernste Forschungsergebnisse und die Pr\u00e4senz fortschrittlicher Nanotechnologie. (Keramikwand)<br \/>\n 6. Schicht: allgemeiner Polyesterrahmen, glasfaserverst\u00e4rkt<br \/>\n 7. Schicht: Sto\u00dffestes Polyamidgewebe, extra flexible Aramidfasergewebeverst\u00e4rkung<br \/>\n 8. Schicht: allgemeiner Polyesterrahmen, glasfaserverst\u00e4rkt<br \/>\n 9. Schicht: Isolierung aus PU (Polyurethan)-Schaum      <\/p>\n","protected":false},"featured_media":5029,"template":"","meta":[],"product_brand":[],"product_cat":[281],"product_tag":[],"class_list":{"0":"post-10166","1":"product","2":"type-product","3":"status-publish","4":"has-post-thumbnail","6":"product_cat-komplettbecken","7":"thunk-woo-product-list","8":"open-woo-hover-none","9":"open-single-product-tab-horizontal","10":"open-shadow-","11":"open-shadow-hover-","13":"first","14":"instock","15":"taxable","16":"shipping-taxable","17":"purchasable","18":"product-type-simple"},"yoast_head":"<!-- This site is optimized with the Yoast SEO plugin v26.9 - https:\/\/yoast.com\/product\/yoast-seo-wordpress\/ -->\n<title>SAPHIR 450 POLYAMID + Keramikwand + PU - Pool-House<\/title>\n<meta name=\"robots\" content=\"index, follow, max-snippet:-1, max-image-preview:large, max-video-preview:-1\" \/>\n<link rel=\"canonical\" href=\"https:\/\/pool-house.shop\/de\/product\/saphir-450-polyamid-keramikwand-pu\/\" \/>\n<meta property=\"og:locale\" content=\"de_DE\" \/>\n<meta property=\"og:type\" content=\"article\" \/>\n<meta property=\"og:title\" content=\"SAPHIR 450 POLYAMID + Keramikwand + PU - Pool-House\" \/>\n<meta property=\"og:description\" content=\"SAPHIR 450 \u2013 GFK-Verbundbecken  Die Ceramicwall-Beckenkonstruktion garantiert vollst\u00e4ndigen Osmoseschutz, eine l\u00e4ngere Lebensdauer im Vergleich zu klassischen Becken sowie eine \u00e4u\u00dferst einfache Montage und einen problemlosen Betrieb. Die St\u00e4rke des Ceramicwall-Beckens liegt in der Struktur seiner Wand. Hervorragende Qualit\u00e4t mit Keramikschicht.  Die Polyamidfaserverst\u00e4rkung verleiht dem Beckenk\u00f6rper eine hervorragende Flexibilit\u00e4t. Das Polyamidgewebe ist ein Aramidfasernetz, das eine hohe W\u00e4rmebest\u00e4ndigkeit und ausgezeichnete mechanische Eigenschaften aufweist. Aramidfasergewebe sind aufgrund ihrer hohen Energieabsorptionsf\u00e4higkeit am weitesten verbreitet. Dies ist die h\u00f6chste Qualit\u00e4t unserer Pools.   Die PU-Schaumisolierung mit geschlossenen Zellen sch\u00fctzt die Konstruktion gleichzeitig vor \u00e4u\u00dferen Einfl\u00fcssen, sorgt f\u00fcr zus\u00e4tzliche Steifigkeit und bietet W\u00e4rmed\u00e4mmung.  Jedes Becken verf\u00fcgt \u00fcber eine Stahlverst\u00e4rkung, die f\u00fcr den Transport \u2013 das Heben mit einem Kran \u2013 und die Montage unerl\u00e4sslich ist. Die Becken k\u00f6nnen auch mit einer Rollladenkammer bestellt werden. Verstellbare St\u00fctzf\u00fc\u00dfe f\u00fcr die Seitenwand des Beckens und die Treppe k\u00f6nnen separat bestellt werden.  Seine Eigenschaften \u2013 rechteckiges Becken mit Treppe und Sitzbank in der linken Ecke \u2013 Beckenrand: Breite 13 cm, H\u00f6he 4 cm \u2013 Beckenboden ist w\u00e4rmeged\u00e4mmt mit PU-Isoliermaterial \u2013 Au\u00dfenma\u00dfe des Beckens: 4500 x 2700 x 1530 mm \u2013 Grundfarben: Wei\u00df, Beige, Hellblau  Schichtaufbau von Verbundbecken 1-2-3. Schicht: 3-dimensionale mehrfarbige Beckenoberfl\u00e4che, eine Gelcoat-Schicht (erste Schicht Polyestergel), die in aufeinanderfolgenden Schichten mittels Spritztechnologie aufgetragen wird  4. Schicht: Nach dem Auftragen des Barriercoats, eine Pufferschicht aus Vinylesterharz (Vinylacetatharz), verarbeitet mit Glasfaser. Diese Schicht ist die Hauptgarantie f\u00fcr die gesamte Konstruktion, lange Osmosebest\u00e4ndigkeit und au\u00dfergew\u00f6hnliche mechanische Eigenschaften.    5. Schicht: spezielles Vinylesterharz \u2013 Keramik-Kernmaterialmischung, die auch f\u00fcr Osmosebest\u00e4ndigkeit entwickelt wurde. Diese Mischung zeigt modernste Forschungsergebnisse und die Pr\u00e4senz fortschrittlicher Nanotechnologie. (Keramikwand) 6. Schicht: allgemeiner Polyesterrahmen, glasfaserverst\u00e4rkt 7. Schicht: Sto\u00dffestes Polyamidgewebe, extra flexible Aramidfasergewebeverst\u00e4rkung 8. Schicht: allgemeiner Polyesterrahmen, glasfaserverst\u00e4rkt 9. Schicht: Isolierung aus PU (Polyurethan)-Schaum\" \/>\n<meta property=\"og:url\" content=\"https:\/\/pool-house.shop\/de\/product\/saphir-450-polyamid-keramikwand-pu\/\" \/>\n<meta property=\"og:site_name\" content=\"Pool-House\" \/>\n<meta property=\"article:publisher\" content=\"https:\/\/www.facebook.com\/termodomsk\/\" \/>\n<meta property=\"og:image\" content=\"https:\/\/pool-house.shop\/wp-content\/uploads\/2025\/04\/186455.png\" \/>\n\t<meta property=\"og:image:width\" content=\"1600\" \/>\n\t<meta property=\"og:image:height\" content=\"1600\" \/>\n\t<meta property=\"og:image:type\" content=\"image\/png\" \/>\n<meta name=\"twitter:card\" content=\"summary_large_image\" \/>\n<meta name=\"twitter:label1\" content=\"Gesch\u00e4tzte Lesezeit\" \/>\n\t<meta name=\"twitter:data1\" content=\"2\u00a0Minuten\" \/>\n<script type=\"application\/ld+json\" class=\"yoast-schema-graph\">{\"@context\":\"https:\/\/schema.org\",\"@graph\":[{\"@type\":\"WebPage\",\"@id\":\"https:\/\/pool-house.shop\/de\/product\/saphir-450-polyamid-keramikwand-pu\/\",\"url\":\"https:\/\/pool-house.shop\/de\/product\/saphir-450-polyamid-keramikwand-pu\/\",\"name\":\"SAPHIR 450 POLYAMID + Keramikwand + PU - Pool-House\",\"isPartOf\":{\"@id\":\"https:\/\/pool-house.shop\/de\/#website\"},\"primaryImageOfPage\":{\"@id\":\"https:\/\/pool-house.shop\/de\/product\/saphir-450-polyamid-keramikwand-pu\/#primaryimage\"},\"image\":{\"@id\":\"https:\/\/pool-house.shop\/de\/product\/saphir-450-polyamid-keramikwand-pu\/#primaryimage\"},\"thumbnailUrl\":\"https:\/\/pool-house.shop\/wp-content\/uploads\/2025\/04\/186455.png\",\"datePublished\":\"2025-04-08T10:38:23+00:00\",\"breadcrumb\":{\"@id\":\"https:\/\/pool-house.shop\/de\/product\/saphir-450-polyamid-keramikwand-pu\/#breadcrumb\"},\"inLanguage\":\"de\",\"potentialAction\":[{\"@type\":\"ReadAction\",\"target\":[\"https:\/\/pool-house.shop\/de\/product\/saphir-450-polyamid-keramikwand-pu\/\"]}]},{\"@type\":\"ImageObject\",\"inLanguage\":\"de\",\"@id\":\"https:\/\/pool-house.shop\/de\/product\/saphir-450-polyamid-keramikwand-pu\/#primaryimage\",\"url\":\"https:\/\/pool-house.shop\/wp-content\/uploads\/2025\/04\/186455.png\",\"contentUrl\":\"https:\/\/pool-house.shop\/wp-content\/uploads\/2025\/04\/186455.png\",\"width\":1600,\"height\":1600},{\"@type\":\"BreadcrumbList\",\"@id\":\"https:\/\/pool-house.shop\/de\/product\/saphir-450-polyamid-keramikwand-pu\/#breadcrumb\",\"itemListElement\":[{\"@type\":\"ListItem\",\"position\":1,\"name\":\"Domovsk\u00e1 str\u00e1nka\",\"item\":\"https:\/\/pool-house.shop\/de\/\"},{\"@type\":\"ListItem\",\"position\":2,\"name\":\"Shop\",\"item\":\"https:\/\/pool-house.shop\/de\/shop\/\"},{\"@type\":\"ListItem\",\"position\":3,\"name\":\"SAPHIR 450 POLYAMID + Keramikwand + PU\"}]},{\"@type\":\"WebSite\",\"@id\":\"https:\/\/pool-house.shop\/de\/#website\",\"url\":\"https:\/\/pool-house.shop\/de\/\",\"name\":\"Pool-House\",\"description\":\"\",\"publisher\":{\"@id\":\"https:\/\/pool-house.shop\/de\/#organization\"},\"potentialAction\":[{\"@type\":\"SearchAction\",\"target\":{\"@type\":\"EntryPoint\",\"urlTemplate\":\"https:\/\/pool-house.shop\/de\/?s={search_term_string}\"},\"query-input\":{\"@type\":\"PropertyValueSpecification\",\"valueRequired\":true,\"valueName\":\"search_term_string\"}}],\"inLanguage\":\"de\"},{\"@type\":\"Organization\",\"@id\":\"https:\/\/pool-house.shop\/de\/#organization\",\"name\":\"Pool-House\",\"url\":\"https:\/\/pool-house.shop\/de\/\",\"logo\":{\"@type\":\"ImageObject\",\"inLanguage\":\"de\",\"@id\":\"https:\/\/pool-house.shop\/de\/#\/schema\/logo\/image\/\",\"url\":\"https:\/\/pool-house.shop\/wp-content\/uploads\/2025\/10\/logo-2-stvorec-mobil-modre.png\",\"contentUrl\":\"https:\/\/pool-house.shop\/wp-content\/uploads\/2025\/10\/logo-2-stvorec-mobil-modre.png\",\"width\":273,\"height\":189,\"caption\":\"Pool-House\"},\"image\":{\"@id\":\"https:\/\/pool-house.shop\/de\/#\/schema\/logo\/image\/\"},\"sameAs\":[\"https:\/\/www.facebook.com\/termodomsk\/\"]}]}<\/script>\n<!-- \/ Yoast SEO plugin. -->","yoast_head_json":{"title":"SAPHIR 450 POLYAMID + Keramikwand + PU - Pool-House","robots":{"index":"index","follow":"follow","max-snippet":"max-snippet:-1","max-image-preview":"max-image-preview:large","max-video-preview":"max-video-preview:-1"},"canonical":"https:\/\/pool-house.shop\/de\/product\/saphir-450-polyamid-keramikwand-pu\/","og_locale":"de_DE","og_type":"article","og_title":"SAPHIR 450 POLYAMID + Keramikwand + PU - Pool-House","og_description":"SAPHIR 450 \u2013 GFK-Verbundbecken  Die Ceramicwall-Beckenkonstruktion garantiert vollst\u00e4ndigen Osmoseschutz, eine l\u00e4ngere Lebensdauer im Vergleich zu klassischen Becken sowie eine \u00e4u\u00dferst einfache Montage und einen problemlosen Betrieb. Die St\u00e4rke des Ceramicwall-Beckens liegt in der Struktur seiner Wand. Hervorragende Qualit\u00e4t mit Keramikschicht.  Die Polyamidfaserverst\u00e4rkung verleiht dem Beckenk\u00f6rper eine hervorragende Flexibilit\u00e4t. Das Polyamidgewebe ist ein Aramidfasernetz, das eine hohe W\u00e4rmebest\u00e4ndigkeit und ausgezeichnete mechanische Eigenschaften aufweist. Aramidfasergewebe sind aufgrund ihrer hohen Energieabsorptionsf\u00e4higkeit am weitesten verbreitet. Dies ist die h\u00f6chste Qualit\u00e4t unserer Pools.   Die PU-Schaumisolierung mit geschlossenen Zellen sch\u00fctzt die Konstruktion gleichzeitig vor \u00e4u\u00dferen Einfl\u00fcssen, sorgt f\u00fcr zus\u00e4tzliche Steifigkeit und bietet W\u00e4rmed\u00e4mmung.  Jedes Becken verf\u00fcgt \u00fcber eine Stahlverst\u00e4rkung, die f\u00fcr den Transport \u2013 das Heben mit einem Kran \u2013 und die Montage unerl\u00e4sslich ist. Die Becken k\u00f6nnen auch mit einer Rollladenkammer bestellt werden. Verstellbare St\u00fctzf\u00fc\u00dfe f\u00fcr die Seitenwand des Beckens und die Treppe k\u00f6nnen separat bestellt werden.  Seine Eigenschaften \u2013 rechteckiges Becken mit Treppe und Sitzbank in der linken Ecke \u2013 Beckenrand: Breite 13 cm, H\u00f6he 4 cm \u2013 Beckenboden ist w\u00e4rmeged\u00e4mmt mit PU-Isoliermaterial \u2013 Au\u00dfenma\u00dfe des Beckens: 4500 x 2700 x 1530 mm \u2013 Grundfarben: Wei\u00df, Beige, Hellblau  Schichtaufbau von Verbundbecken 1-2-3. Schicht: 3-dimensionale mehrfarbige Beckenoberfl\u00e4che, eine Gelcoat-Schicht (erste Schicht Polyestergel), die in aufeinanderfolgenden Schichten mittels Spritztechnologie aufgetragen wird  4. Schicht: Nach dem Auftragen des Barriercoats, eine Pufferschicht aus Vinylesterharz (Vinylacetatharz), verarbeitet mit Glasfaser. Diese Schicht ist die Hauptgarantie f\u00fcr die gesamte Konstruktion, lange Osmosebest\u00e4ndigkeit und au\u00dfergew\u00f6hnliche mechanische Eigenschaften.    5. Schicht: spezielles Vinylesterharz \u2013 Keramik-Kernmaterialmischung, die auch f\u00fcr Osmosebest\u00e4ndigkeit entwickelt wurde. Diese Mischung zeigt modernste Forschungsergebnisse und die Pr\u00e4senz fortschrittlicher Nanotechnologie. (Keramikwand) 6. Schicht: allgemeiner Polyesterrahmen, glasfaserverst\u00e4rkt 7. Schicht: Sto\u00dffestes Polyamidgewebe, extra flexible Aramidfasergewebeverst\u00e4rkung 8. Schicht: allgemeiner Polyesterrahmen, glasfaserverst\u00e4rkt 9. Schicht: Isolierung aus PU (Polyurethan)-Schaum","og_url":"https:\/\/pool-house.shop\/de\/product\/saphir-450-polyamid-keramikwand-pu\/","og_site_name":"Pool-House","article_publisher":"https:\/\/www.facebook.com\/termodomsk\/","og_image":[{"width":1600,"height":1600,"url":"https:\/\/pool-house.shop\/wp-content\/uploads\/2025\/04\/186455.png","type":"image\/png"}],"twitter_card":"summary_large_image","twitter_misc":{"Gesch\u00e4tzte Lesezeit":"2\u00a0Minuten"},"schema":{"@context":"https:\/\/schema.org","@graph":[{"@type":"WebPage","@id":"https:\/\/pool-house.shop\/de\/product\/saphir-450-polyamid-keramikwand-pu\/","url":"https:\/\/pool-house.shop\/de\/product\/saphir-450-polyamid-keramikwand-pu\/","name":"SAPHIR 450 POLYAMID + Keramikwand + PU - Pool-House","isPartOf":{"@id":"https:\/\/pool-house.shop\/de\/#website"},"primaryImageOfPage":{"@id":"https:\/\/pool-house.shop\/de\/product\/saphir-450-polyamid-keramikwand-pu\/#primaryimage"},"image":{"@id":"https:\/\/pool-house.shop\/de\/product\/saphir-450-polyamid-keramikwand-pu\/#primaryimage"},"thumbnailUrl":"https:\/\/pool-house.shop\/wp-content\/uploads\/2025\/04\/186455.png","datePublished":"2025-04-08T10:38:23+00:00","breadcrumb":{"@id":"https:\/\/pool-house.shop\/de\/product\/saphir-450-polyamid-keramikwand-pu\/#breadcrumb"},"inLanguage":"de","potentialAction":[{"@type":"ReadAction","target":["https:\/\/pool-house.shop\/de\/product\/saphir-450-polyamid-keramikwand-pu\/"]}]},{"@type":"ImageObject","inLanguage":"de","@id":"https:\/\/pool-house.shop\/de\/product\/saphir-450-polyamid-keramikwand-pu\/#primaryimage","url":"https:\/\/pool-house.shop\/wp-content\/uploads\/2025\/04\/186455.png","contentUrl":"https:\/\/pool-house.shop\/wp-content\/uploads\/2025\/04\/186455.png","width":1600,"height":1600},{"@type":"BreadcrumbList","@id":"https:\/\/pool-house.shop\/de\/product\/saphir-450-polyamid-keramikwand-pu\/#breadcrumb","itemListElement":[{"@type":"ListItem","position":1,"name":"Domovsk\u00e1 str\u00e1nka","item":"https:\/\/pool-house.shop\/de\/"},{"@type":"ListItem","position":2,"name":"Shop","item":"https:\/\/pool-house.shop\/de\/shop\/"},{"@type":"ListItem","position":3,"name":"SAPHIR 450 POLYAMID + Keramikwand + PU"}]},{"@type":"WebSite","@id":"https:\/\/pool-house.shop\/de\/#website","url":"https:\/\/pool-house.shop\/de\/","name":"Pool-House","description":"","publisher":{"@id":"https:\/\/pool-house.shop\/de\/#organization"},"potentialAction":[{"@type":"SearchAction","target":{"@type":"EntryPoint","urlTemplate":"https:\/\/pool-house.shop\/de\/?s={search_term_string}"},"query-input":{"@type":"PropertyValueSpecification","valueRequired":true,"valueName":"search_term_string"}}],"inLanguage":"de"},{"@type":"Organization","@id":"https:\/\/pool-house.shop\/de\/#organization","name":"Pool-House","url":"https:\/\/pool-house.shop\/de\/","logo":{"@type":"ImageObject","inLanguage":"de","@id":"https:\/\/pool-house.shop\/de\/#\/schema\/logo\/image\/","url":"https:\/\/pool-house.shop\/wp-content\/uploads\/2025\/10\/logo-2-stvorec-mobil-modre.png","contentUrl":"https:\/\/pool-house.shop\/wp-content\/uploads\/2025\/10\/logo-2-stvorec-mobil-modre.png","width":273,"height":189,"caption":"Pool-House"},"image":{"@id":"https:\/\/pool-house.shop\/de\/#\/schema\/logo\/image\/"},"sameAs":["https:\/\/www.facebook.com\/termodomsk\/"]}]}},"_links":{"self":[{"href":"https:\/\/pool-house.shop\/de\/wp-json\/wp\/v2\/product\/10166","targetHints":{"allow":["GET"]}}],"collection":[{"href":"https:\/\/pool-house.shop\/de\/wp-json\/wp\/v2\/product"}],"about":[{"href":"https:\/\/pool-house.shop\/de\/wp-json\/wp\/v2\/types\/product"}],"wp:featuredmedia":[{"embeddable":true,"href":"https:\/\/pool-house.shop\/de\/wp-json\/wp\/v2\/media\/5029"}],"wp:attachment":[{"href":"https:\/\/pool-house.shop\/de\/wp-json\/wp\/v2\/media?parent=10166"}],"wp:term":[{"taxonomy":"product_brand","embeddable":true,"href":"https:\/\/pool-house.shop\/de\/wp-json\/wp\/v2\/product_brand?post=10166"},{"taxonomy":"product_cat","embeddable":true,"href":"https:\/\/pool-house.shop\/de\/wp-json\/wp\/v2\/product_cat?post=10166"},{"taxonomy":"product_tag","embeddable":true,"href":"https:\/\/pool-house.shop\/de\/wp-json\/wp\/v2\/product_tag?post=10166"}],"curies":[{"name":"wp","href":"https:\/\/api.w.org\/{rel}","templated":true}]}}