{"id":10230,"date":"2025-04-08T12:38:03","date_gmt":"2025-04-08T10:38:03","guid":{"rendered":"https:\/\/pool-house.shop\/product\/sicherheitsleiter-91-cm-3-stufen\/"},"modified":"2025-04-08T12:38:03","modified_gmt":"2025-04-08T10:38:03","slug":"sicherheitsleiter-91-cm-3-stufen","status":"publish","type":"product","link":"https:\/\/pool-house.shop\/de\/product\/sicherheitsleiter-91-cm-3-stufen\/","title":{"rendered":"Sicherheitsleiter 91 cm \/ 3 Stufen"},"content":{"rendered":"<p>Sicherheitsleiter Azuro \u2013 3 Stufen<\/p>\n<p> Die Leiter ist f\u00fcr Aufstellpools konzipiert und erm\u00f6glicht einen einfachen Ein- und Ausstieg aus dem Pool. Sie ist aus hochwertigem verzinktem Stahl, lackierten Rohren und Teilen aus geh\u00e4rtetem Kunststoff gefertigt. F\u00fcr maximale Sicherheit bieten wir eine Leiter mit verbesserten Sicherheitsmerkmalen, wie doppelten Handl\u00e4ufen f\u00fcr leichteres Aufsteigen und einem abnehmbaren Vorderteil, das unerw\u00fcnschten Zugang zum Pool verhindert. <\/p>\n<p> Technische Daten<br \/>\n &#8211; Stufen: 3<br \/>\n &#8211; Maximale Poolh\u00f6he: bis zu 0,95 m<br \/>\n &#8211; Gewicht: 6,5 kg<br \/>\n &#8211; Material: lackierter verzinkter Stahl \/ ABS-Kunststoff<br \/>\n &#8211; Verpackung: 10 x 30 x 110 cm  <\/p>\n","protected":false},"excerpt":{"rendered":"<p>Sicherheitsleiter Azuro \u2013 3 Stufen<\/p>\n<p> Die Leiter ist f\u00fcr Aufstellpools konzipiert und erm\u00f6glicht einen einfachen Ein- und Ausstieg aus dem Pool. Sie ist aus hochwertigem verzinktem Stahl, lackierten Rohren und Teilen aus geh\u00e4rtetem Kunststoff gefertigt. F\u00fcr maximale Sicherheit bieten wir eine Leiter mit verbesserten Sicherheitsmerkmalen, wie doppelten Handl\u00e4ufen f\u00fcr leichteres Aufsteigen und einem abnehmbaren Vorderteil, das unerw\u00fcnschten Zugang zum Pool verhindert. <\/p>\n<p> Technische Daten<br \/>\n &#8211; Stufen: 3<br \/>\n &#8211; Maximale Poolh\u00f6he: bis zu 0,95 m<br \/>\n &#8211; Gewicht: 6,5 kg<br \/>\n &#8211; Material: lackierter verzinkter Stahl \/ ABS-Kunststoff<br \/>\n &#8211; Verpackung: 10 x 30 x 110 cm  <\/p>\n","protected":false},"featured_media":5017,"template":"","meta":[],"product_brand":[],"product_cat":[281],"product_tag":[],"class_list":{"0":"post-10230","1":"product","2":"type-product","3":"status-publish","4":"has-post-thumbnail","6":"product_cat-komplettbecken","7":"thunk-woo-product-list","8":"open-woo-hover-none","9":"open-single-product-tab-horizontal","10":"open-shadow-","11":"open-shadow-hover-","13":"first","14":"instock","15":"taxable","16":"shipping-taxable","17":"purchasable","18":"product-type-simple"},"yoast_head":"<!-- This site is optimized with the Yoast SEO plugin v26.9 - https:\/\/yoast.com\/product\/yoast-seo-wordpress\/ -->\n<title>Sicherheitsleiter 91 cm \/ 3 Stufen - Pool-House<\/title>\n<meta name=\"robots\" content=\"index, follow, max-snippet:-1, max-image-preview:large, max-video-preview:-1\" \/>\n<link rel=\"canonical\" href=\"https:\/\/pool-house.shop\/de\/product\/sicherheitsleiter-91-cm-3-stufen\/\" \/>\n<meta property=\"og:locale\" content=\"de_DE\" \/>\n<meta property=\"og:type\" content=\"article\" \/>\n<meta property=\"og:title\" content=\"Sicherheitsleiter 91 cm \/ 3 Stufen - Pool-House\" \/>\n<meta property=\"og:description\" content=\"Sicherheitsleiter Azuro \u2013 3 Stufen  Die Leiter ist f\u00fcr Aufstellpools konzipiert und erm\u00f6glicht einen einfachen Ein- und Ausstieg aus dem Pool. Sie ist aus hochwertigem verzinktem Stahl, lackierten Rohren und Teilen aus geh\u00e4rtetem Kunststoff gefertigt. F\u00fcr maximale Sicherheit bieten wir eine Leiter mit verbesserten Sicherheitsmerkmalen, wie doppelten Handl\u00e4ufen f\u00fcr leichteres Aufsteigen und einem abnehmbaren Vorderteil, das unerw\u00fcnschten Zugang zum Pool verhindert.   Technische Daten - Stufen: 3  - Maximale Poolh\u00f6he: bis zu 0,95 m  - Gewicht: 6,5 kg - Material: lackierter verzinkter Stahl \/ ABS-Kunststoff - Verpackung: 10 x 30 x 110 cm\" \/>\n<meta property=\"og:url\" content=\"https:\/\/pool-house.shop\/de\/product\/sicherheitsleiter-91-cm-3-stufen\/\" \/>\n<meta property=\"og:site_name\" content=\"Pool-House\" \/>\n<meta property=\"article:publisher\" content=\"https:\/\/www.facebook.com\/termodomsk\/\" \/>\n<meta property=\"og:image\" content=\"https:\/\/pool-house.shop\/wp-content\/uploads\/2025\/04\/185433.png\" \/>\n\t<meta property=\"og:image:width\" content=\"1600\" \/>\n\t<meta property=\"og:image:height\" content=\"1600\" \/>\n\t<meta property=\"og:image:type\" content=\"image\/png\" \/>\n<meta name=\"twitter:card\" content=\"summary_large_image\" \/>\n<script type=\"application\/ld+json\" class=\"yoast-schema-graph\">{\"@context\":\"https:\/\/schema.org\",\"@graph\":[{\"@type\":\"WebPage\",\"@id\":\"https:\/\/pool-house.shop\/de\/product\/sicherheitsleiter-91-cm-3-stufen\/\",\"url\":\"https:\/\/pool-house.shop\/de\/product\/sicherheitsleiter-91-cm-3-stufen\/\",\"name\":\"Sicherheitsleiter 91 cm \/ 3 Stufen - Pool-House\",\"isPartOf\":{\"@id\":\"https:\/\/pool-house.shop\/de\/#website\"},\"primaryImageOfPage\":{\"@id\":\"https:\/\/pool-house.shop\/de\/product\/sicherheitsleiter-91-cm-3-stufen\/#primaryimage\"},\"image\":{\"@id\":\"https:\/\/pool-house.shop\/de\/product\/sicherheitsleiter-91-cm-3-stufen\/#primaryimage\"},\"thumbnailUrl\":\"https:\/\/pool-house.shop\/wp-content\/uploads\/2025\/04\/185433.png\",\"datePublished\":\"2025-04-08T10:38:03+00:00\",\"breadcrumb\":{\"@id\":\"https:\/\/pool-house.shop\/de\/product\/sicherheitsleiter-91-cm-3-stufen\/#breadcrumb\"},\"inLanguage\":\"de\",\"potentialAction\":[{\"@type\":\"ReadAction\",\"target\":[\"https:\/\/pool-house.shop\/de\/product\/sicherheitsleiter-91-cm-3-stufen\/\"]}]},{\"@type\":\"ImageObject\",\"inLanguage\":\"de\",\"@id\":\"https:\/\/pool-house.shop\/de\/product\/sicherheitsleiter-91-cm-3-stufen\/#primaryimage\",\"url\":\"https:\/\/pool-house.shop\/wp-content\/uploads\/2025\/04\/185433.png\",\"contentUrl\":\"https:\/\/pool-house.shop\/wp-content\/uploads\/2025\/04\/185433.png\",\"width\":1600,\"height\":1600},{\"@type\":\"BreadcrumbList\",\"@id\":\"https:\/\/pool-house.shop\/de\/product\/sicherheitsleiter-91-cm-3-stufen\/#breadcrumb\",\"itemListElement\":[{\"@type\":\"ListItem\",\"position\":1,\"name\":\"Domovsk\u00e1 str\u00e1nka\",\"item\":\"https:\/\/pool-house.shop\/de\/\"},{\"@type\":\"ListItem\",\"position\":2,\"name\":\"Shop\",\"item\":\"https:\/\/pool-house.shop\/de\/shop\/\"},{\"@type\":\"ListItem\",\"position\":3,\"name\":\"Sicherheitsleiter 91 cm \/ 3 Stufen\"}]},{\"@type\":\"WebSite\",\"@id\":\"https:\/\/pool-house.shop\/de\/#website\",\"url\":\"https:\/\/pool-house.shop\/de\/\",\"name\":\"Pool-House\",\"description\":\"\",\"publisher\":{\"@id\":\"https:\/\/pool-house.shop\/de\/#organization\"},\"potentialAction\":[{\"@type\":\"SearchAction\",\"target\":{\"@type\":\"EntryPoint\",\"urlTemplate\":\"https:\/\/pool-house.shop\/de\/?s={search_term_string}\"},\"query-input\":{\"@type\":\"PropertyValueSpecification\",\"valueRequired\":true,\"valueName\":\"search_term_string\"}}],\"inLanguage\":\"de\"},{\"@type\":\"Organization\",\"@id\":\"https:\/\/pool-house.shop\/de\/#organization\",\"name\":\"Pool-House\",\"url\":\"https:\/\/pool-house.shop\/de\/\",\"logo\":{\"@type\":\"ImageObject\",\"inLanguage\":\"de\",\"@id\":\"https:\/\/pool-house.shop\/de\/#\/schema\/logo\/image\/\",\"url\":\"https:\/\/pool-house.shop\/wp-content\/uploads\/2025\/10\/logo-2-stvorec-mobil-modre.png\",\"contentUrl\":\"https:\/\/pool-house.shop\/wp-content\/uploads\/2025\/10\/logo-2-stvorec-mobil-modre.png\",\"width\":273,\"height\":189,\"caption\":\"Pool-House\"},\"image\":{\"@id\":\"https:\/\/pool-house.shop\/de\/#\/schema\/logo\/image\/\"},\"sameAs\":[\"https:\/\/www.facebook.com\/termodomsk\/\"]}]}<\/script>\n<!-- \/ Yoast SEO plugin. -->","yoast_head_json":{"title":"Sicherheitsleiter 91 cm \/ 3 Stufen - Pool-House","robots":{"index":"index","follow":"follow","max-snippet":"max-snippet:-1","max-image-preview":"max-image-preview:large","max-video-preview":"max-video-preview:-1"},"canonical":"https:\/\/pool-house.shop\/de\/product\/sicherheitsleiter-91-cm-3-stufen\/","og_locale":"de_DE","og_type":"article","og_title":"Sicherheitsleiter 91 cm \/ 3 Stufen - Pool-House","og_description":"Sicherheitsleiter Azuro \u2013 3 Stufen  Die Leiter ist f\u00fcr Aufstellpools konzipiert und erm\u00f6glicht einen einfachen Ein- und Ausstieg aus dem Pool. Sie ist aus hochwertigem verzinktem Stahl, lackierten Rohren und Teilen aus geh\u00e4rtetem Kunststoff gefertigt. F\u00fcr maximale Sicherheit bieten wir eine Leiter mit verbesserten Sicherheitsmerkmalen, wie doppelten Handl\u00e4ufen f\u00fcr leichteres Aufsteigen und einem abnehmbaren Vorderteil, das unerw\u00fcnschten Zugang zum Pool verhindert.   Technische Daten - Stufen: 3  - Maximale Poolh\u00f6he: bis zu 0,95 m  - Gewicht: 6,5 kg - Material: lackierter verzinkter Stahl \/ ABS-Kunststoff - Verpackung: 10 x 30 x 110 cm","og_url":"https:\/\/pool-house.shop\/de\/product\/sicherheitsleiter-91-cm-3-stufen\/","og_site_name":"Pool-House","article_publisher":"https:\/\/www.facebook.com\/termodomsk\/","og_image":[{"width":1600,"height":1600,"url":"https:\/\/pool-house.shop\/wp-content\/uploads\/2025\/04\/185433.png","type":"image\/png"}],"twitter_card":"summary_large_image","schema":{"@context":"https:\/\/schema.org","@graph":[{"@type":"WebPage","@id":"https:\/\/pool-house.shop\/de\/product\/sicherheitsleiter-91-cm-3-stufen\/","url":"https:\/\/pool-house.shop\/de\/product\/sicherheitsleiter-91-cm-3-stufen\/","name":"Sicherheitsleiter 91 cm \/ 3 Stufen - Pool-House","isPartOf":{"@id":"https:\/\/pool-house.shop\/de\/#website"},"primaryImageOfPage":{"@id":"https:\/\/pool-house.shop\/de\/product\/sicherheitsleiter-91-cm-3-stufen\/#primaryimage"},"image":{"@id":"https:\/\/pool-house.shop\/de\/product\/sicherheitsleiter-91-cm-3-stufen\/#primaryimage"},"thumbnailUrl":"https:\/\/pool-house.shop\/wp-content\/uploads\/2025\/04\/185433.png","datePublished":"2025-04-08T10:38:03+00:00","breadcrumb":{"@id":"https:\/\/pool-house.shop\/de\/product\/sicherheitsleiter-91-cm-3-stufen\/#breadcrumb"},"inLanguage":"de","potentialAction":[{"@type":"ReadAction","target":["https:\/\/pool-house.shop\/de\/product\/sicherheitsleiter-91-cm-3-stufen\/"]}]},{"@type":"ImageObject","inLanguage":"de","@id":"https:\/\/pool-house.shop\/de\/product\/sicherheitsleiter-91-cm-3-stufen\/#primaryimage","url":"https:\/\/pool-house.shop\/wp-content\/uploads\/2025\/04\/185433.png","contentUrl":"https:\/\/pool-house.shop\/wp-content\/uploads\/2025\/04\/185433.png","width":1600,"height":1600},{"@type":"BreadcrumbList","@id":"https:\/\/pool-house.shop\/de\/product\/sicherheitsleiter-91-cm-3-stufen\/#breadcrumb","itemListElement":[{"@type":"ListItem","position":1,"name":"Domovsk\u00e1 str\u00e1nka","item":"https:\/\/pool-house.shop\/de\/"},{"@type":"ListItem","position":2,"name":"Shop","item":"https:\/\/pool-house.shop\/de\/shop\/"},{"@type":"ListItem","position":3,"name":"Sicherheitsleiter 91 cm \/ 3 Stufen"}]},{"@type":"WebSite","@id":"https:\/\/pool-house.shop\/de\/#website","url":"https:\/\/pool-house.shop\/de\/","name":"Pool-House","description":"","publisher":{"@id":"https:\/\/pool-house.shop\/de\/#organization"},"potentialAction":[{"@type":"SearchAction","target":{"@type":"EntryPoint","urlTemplate":"https:\/\/pool-house.shop\/de\/?s={search_term_string}"},"query-input":{"@type":"PropertyValueSpecification","valueRequired":true,"valueName":"search_term_string"}}],"inLanguage":"de"},{"@type":"Organization","@id":"https:\/\/pool-house.shop\/de\/#organization","name":"Pool-House","url":"https:\/\/pool-house.shop\/de\/","logo":{"@type":"ImageObject","inLanguage":"de","@id":"https:\/\/pool-house.shop\/de\/#\/schema\/logo\/image\/","url":"https:\/\/pool-house.shop\/wp-content\/uploads\/2025\/10\/logo-2-stvorec-mobil-modre.png","contentUrl":"https:\/\/pool-house.shop\/wp-content\/uploads\/2025\/10\/logo-2-stvorec-mobil-modre.png","width":273,"height":189,"caption":"Pool-House"},"image":{"@id":"https:\/\/pool-house.shop\/de\/#\/schema\/logo\/image\/"},"sameAs":["https:\/\/www.facebook.com\/termodomsk\/"]}]}},"_links":{"self":[{"href":"https:\/\/pool-house.shop\/de\/wp-json\/wp\/v2\/product\/10230","targetHints":{"allow":["GET"]}}],"collection":[{"href":"https:\/\/pool-house.shop\/de\/wp-json\/wp\/v2\/product"}],"about":[{"href":"https:\/\/pool-house.shop\/de\/wp-json\/wp\/v2\/types\/product"}],"wp:featuredmedia":[{"embeddable":true,"href":"https:\/\/pool-house.shop\/de\/wp-json\/wp\/v2\/media\/5017"}],"wp:attachment":[{"href":"https:\/\/pool-house.shop\/de\/wp-json\/wp\/v2\/media?parent=10230"}],"wp:term":[{"taxonomy":"product_brand","embeddable":true,"href":"https:\/\/pool-house.shop\/de\/wp-json\/wp\/v2\/product_brand?post=10230"},{"taxonomy":"product_cat","embeddable":true,"href":"https:\/\/pool-house.shop\/de\/wp-json\/wp\/v2\/product_cat?post=10230"},{"taxonomy":"product_tag","embeddable":true,"href":"https:\/\/pool-house.shop\/de\/wp-json\/wp\/v2\/product_tag?post=10230"}],"curies":[{"name":"wp","href":"https:\/\/api.w.org\/{rel}","templated":true}]}}