{"id":10232,"date":"2025-04-08T12:38:02","date_gmt":"2025-04-08T10:38:02","guid":{"rendered":"https:\/\/pool-house.shop\/product\/azuro-sandfilter-mit-zeitschaltuhr-4-m%c2%b3-h\/"},"modified":"2026-02-01T21:09:55","modified_gmt":"2026-02-01T20:09:55","slug":"azuro-sandfilter-mit-zeitschaltuhr-4-m%c2%b3-h","status":"publish","type":"product","link":"https:\/\/pool-house.shop\/de\/product\/azuro-sandfilter-mit-zeitschaltuhr-4-m%c2%b3-h\/","title":{"rendered":"Azuro Sandfilter mit Zeitschaltuhr, 4 m\u00b3\/h"},"content":{"rendered":"<p>Azuro Sandfilter mit Zeitschaltuhr<\/p>\n<p> Wasserzirkulationsger\u00e4t mit innovativem und kompaktem Design, ausgestattet mit einem Sandfilter f\u00fcr mittelgro\u00dfe Azuro-Pools. Seine regelm\u00e4\u00dfige Anwendung, erg\u00e4nzt durch optimale Wasserchemie, sorgt f\u00fcr kristallklares, gleichm\u00e4\u00dfig angenehmes Wasser w\u00e4hrend der gesamten Badesaison. Nicht nur sein modernes Aussehen ist neu: Das Ger\u00e4t wurde vollst\u00e4ndig in Europa entwickelt und hergestellt, mit kontinuierlicher Ersatzteilversorgung und Servicebasis.<br \/>\n  Es ist unter seiner eleganten Abdeckung im Maschinenraum untergebracht und enth\u00e4lt einen Sandbeh\u00e4lter sowie eine Wasserumw\u00e4lzpumpe. Sein Sechs-Wege-Hauptventil deckt alle Funktionen der Wasserzirkulation, R\u00fccksp\u00fclung, Entleerung und \u00dcberwinterung\/Absperrung ab. Zudem verf\u00fcgt es \u00fcber ein Manometer und eine Zeitschaltuhr f\u00fcr optimalen Betrieb.<br \/>\n  Dank des Hauptschalters mit Ber\u00fchrungsschutz l\u00e4sst es sich einfach und sicher ein- und ausschalten. Sein transparenter Vorfilteranschluss erm\u00f6glicht die einfache Bestimmung des Verschmutzungsgrades.<br \/>\n  Nicht selbstansaugend. F\u00fcr eine optimale Ansaugung\/Zirkulation wird empfohlen, den Filter auf gleicher H\u00f6he wie die Poolbasis zu platzieren: bei oberirdischen Pools auf dem Boden, bei eingelassenen Pools entsprechend in einem Schacht. <\/p>\n<p> Technische Daten:<br \/>\n  &#8211; Netzanschluss: 230 V \/ 50 Hz<br \/>\n  &#8211; Kabell\u00e4nge: 2,5 Meter<br \/>\n  &#8211; Leistungsaufnahme: 190 W<br \/>\n  &#8211; Schutzart: IP X5<br \/>\n  &#8211; Wasserumw\u00e4lzleistung: 4 m\u00b3\/h (4.000 Liter\/Std.)<br \/>\n  &#8211; Empfohlenes Poolvolumen: 12 &#8211; 16 m\u00b3 (max. 16.000 Liter)<br \/>\n  &#8211; Empfohlener Pooltyp: Azuro mittelgro\u00df<br \/>\n  &#8211; F\u00f6rderh\u00f6he: 1,5 m<br \/>\n  &#8211; Filterdurchmesser: \u00d8143 mm<br \/>\n  &#8211; Nutzfl\u00e4che des Filtermediums: 0,036 m\u00b2<br \/>\n  &#8211; Tr\u00fcbungsreduktionseffizienz: (TBR) 56 %<br \/>\n  &#8211; Betriebsdruck: 0,3 bar<br \/>\n  &#8211; Maximaler Arbeitsdruck: 0,6 bar<br \/>\n  &#8211; Maximale Wassertemperatur: 35 \u00b0C<br \/>\n  &#8211; Ventilkonstruktion: oben, 6-Wege<br \/>\n  &#8211; Manometer: ja<br \/>\n  &#8211; Zeitschaltuhr: ja<br \/>\n  &#8211; Erforderliche Sandmenge pro F\u00fcllung: 14 kg Quarzsand (K\u00f6rnung: 0,6 &#8211; 1,2 mm)<br \/>\n  &#8211; Anschluss: 5\/4&#8243;, traditioneller 32\/38 mm Poolschlauchanschluss<br \/>\n  &#8211; Lieferumfang: 2 St\u00fcck 3-Meter-Schl\u00e4uche mit Befestigungsklemmen<br \/>\n  &#8211; Gr\u00f6\u00dfe: 40 x 80 x 33 cm<br \/>\n  &#8211; Gewicht: 9,8 kg<br \/>\n  &#8211; Herstellergarantie: 2 Jahre<\/p>\n","protected":false},"excerpt":{"rendered":"<p>Azuro Sandfilter mit Zeitschaltuhr<\/p>\n<p> Wasserzirkulationsger\u00e4t mit innovativem und kompaktem Design, ausgestattet mit einem Sandfilter f\u00fcr mittelgro\u00dfe Azuro-Pools. Seine regelm\u00e4\u00dfige Anwendung, erg\u00e4nzt durch optimale Wasserchemie, sorgt f\u00fcr kristallklares, gleichm\u00e4\u00dfig angenehmes Wasser w\u00e4hrend der gesamten Badesaison. Nicht nur sein modernes Aussehen ist neu: Das Ger\u00e4t wurde vollst\u00e4ndig in Europa entwickelt und hergestellt, mit kontinuierlicher Ersatzteilversorgung und Servicebasis.<br \/>\n  Es ist unter seiner eleganten Abdeckung im Maschinenraum untergebracht und enth\u00e4lt einen Sandbeh\u00e4lter sowie eine Wasserumw\u00e4lzpumpe. Sein Sechs-Wege-Hauptventil deckt alle Funktionen der Wasserzirkulation, R\u00fccksp\u00fclung, Entleerung und \u00dcberwinterung\/Absperrung ab. Zudem verf\u00fcgt es \u00fcber ein Manometer und eine Zeitschaltuhr f\u00fcr optimalen Betrieb.<br \/>\n  Dank des Hauptschalters mit Ber\u00fchrungsschutz l\u00e4sst es sich einfach und sicher ein- und ausschalten. Sein transparenter Vorfilteranschluss erm\u00f6glicht die einfache Bestimmung des Verschmutzungsgrades.<br \/>\n  Nicht selbstansaugend. F\u00fcr eine optimale Ansaugung\/Zirkulation wird empfohlen, den Filter auf gleicher H\u00f6he wie die Poolbasis zu platzieren: bei oberirdischen Pools auf dem Boden, bei eingelassenen Pools entsprechend in einem Schacht. <\/p>\n<p> Technische Daten:<br \/>\n  &#8211; Netzanschluss: 230 V \/ 50 Hz<br \/>\n  &#8211; Kabell\u00e4nge: 2,5 Meter<br \/>\n  &#8211; Leistungsaufnahme: 190 W<br \/>\n  &#8211; Schutzart: IP X5<br \/>\n  &#8211; Wasserumw\u00e4lzleistung: 4 m\u00b3\/h (4.000 Liter\/Std.)<br \/>\n  &#8211; Empfohlenes Poolvolumen: 12 &#8211; 16 m\u00b3 (max. 16.000 Liter)<br \/>\n  &#8211; Empfohlener Pooltyp: Azuro mittelgro\u00df<br \/>\n  &#8211; F\u00f6rderh\u00f6he: 1,5 m<br \/>\n  &#8211; Filterdurchmesser: \u00d8143 mm<br \/>\n  &#8211; Nutzfl\u00e4che des Filtermediums: 0,036 m\u00b2<br \/>\n  &#8211; Tr\u00fcbungsreduktionseffizienz: (TBR) 56 %<br \/>\n  &#8211; Betriebsdruck: 0,3 bar<br \/>\n  &#8211; Maximaler Arbeitsdruck: 0,6 bar<br \/>\n  &#8211; Maximale Wassertemperatur: 35 \u00b0C<br \/>\n  &#8211; Ventilkonstruktion: oben, 6-Wege<br \/>\n  &#8211; Manometer: ja<br \/>\n  &#8211; Zeitschaltuhr: ja<br \/>\n  &#8211; Erforderliche Sandmenge pro F\u00fcllung: 14 kg Quarzsand (K\u00f6rnung: 0,6 &#8211; 1,2 mm)<br \/>\n  &#8211; Anschluss: 5\/4&#8243;, traditioneller 32\/38 mm Poolschlauchanschluss<br \/>\n  &#8211; Lieferumfang: 2 St\u00fcck 3-Meter-Schl\u00e4uche mit Befestigungsklemmen<br \/>\n  &#8211; Gr\u00f6\u00dfe: 40 x 80 x 33 cm<br \/>\n  &#8211; Gewicht: 9,8 kg<br \/>\n  &#8211; Herstellergarantie: 2 Jahre<\/p>\n","protected":false},"featured_media":5013,"template":"","meta":[],"product_brand":[],"product_cat":[281],"product_tag":[],"class_list":{"0":"post-10232","1":"product","2":"type-product","3":"status-publish","4":"has-post-thumbnail","6":"product_cat-komplettbecken","7":"thunk-woo-product-list","8":"open-woo-hover-none","9":"open-single-product-tab-horizontal","10":"open-shadow-","11":"open-shadow-hover-","13":"first","14":"instock","15":"taxable","16":"shipping-taxable","17":"purchasable","18":"product-type-simple"},"yoast_head":"<!-- This site is optimized with the Yoast SEO plugin v26.9 - https:\/\/yoast.com\/product\/yoast-seo-wordpress\/ -->\n<title>Azuro Sandfilter mit Zeitschaltuhr, 4 m\u00b3\/h - Pool-House<\/title>\n<meta name=\"robots\" content=\"index, follow, max-snippet:-1, max-image-preview:large, max-video-preview:-1\" \/>\n<link rel=\"canonical\" href=\"https:\/\/pool-house.shop\/de\/product\/azuro-sandfilter-mit-zeitschaltuhr-4-m%c2%b3-h\/\" \/>\n<meta property=\"og:locale\" content=\"de_DE\" \/>\n<meta property=\"og:type\" content=\"article\" \/>\n<meta property=\"og:title\" content=\"Azuro Sandfilter mit Zeitschaltuhr, 4 m\u00b3\/h - Pool-House\" \/>\n<meta property=\"og:description\" content=\"Azuro Sandfilter mit Zeitschaltuhr  Wasserzirkulationsger\u00e4t mit innovativem und kompaktem Design, ausgestattet mit einem Sandfilter f\u00fcr mittelgro\u00dfe Azuro-Pools. Seine regelm\u00e4\u00dfige Anwendung, erg\u00e4nzt durch optimale Wasserchemie, sorgt f\u00fcr kristallklares, gleichm\u00e4\u00dfig angenehmes Wasser w\u00e4hrend der gesamten Badesaison. Nicht nur sein modernes Aussehen ist neu: Das Ger\u00e4t wurde vollst\u00e4ndig in Europa entwickelt und hergestellt, mit kontinuierlicher Ersatzteilversorgung und Servicebasis.    Es ist unter seiner eleganten Abdeckung im Maschinenraum untergebracht und enth\u00e4lt einen Sandbeh\u00e4lter sowie eine Wasserumw\u00e4lzpumpe. Sein Sechs-Wege-Hauptventil deckt alle Funktionen der Wasserzirkulation, R\u00fccksp\u00fclung, Entleerung und \u00dcberwinterung\/Absperrung ab. Zudem verf\u00fcgt es \u00fcber ein Manometer und eine Zeitschaltuhr f\u00fcr optimalen Betrieb.    Dank des Hauptschalters mit Ber\u00fchrungsschutz l\u00e4sst es sich einfach und sicher ein- und ausschalten. Sein transparenter Vorfilteranschluss erm\u00f6glicht die einfache Bestimmung des Verschmutzungsgrades.  Nicht selbstansaugend. F\u00fcr eine optimale Ansaugung\/Zirkulation wird empfohlen, den Filter auf gleicher H\u00f6he wie die Poolbasis zu platzieren: bei oberirdischen Pools auf dem Boden, bei eingelassenen Pools entsprechend in einem Schacht.   Technische Daten:  - Netzanschluss: 230 V \/ 50 Hz   - Kabell\u00e4nge: 2,5 Meter  - Leistungsaufnahme: 190 W  - Schutzart: IP X5  - Wasserumw\u00e4lzleistung: 4 m\u00b3\/h (4.000 Liter\/Std.)  - Empfohlenes Poolvolumen: 12 - 16 m\u00b3 (max. 16.000 Liter)  - Empfohlener Pooltyp: Azuro mittelgro\u00df  - F\u00f6rderh\u00f6he: 1,5 m  - Filterdurchmesser: \u00d8143 mm  - Nutzfl\u00e4che des Filtermediums: 0,036 m\u00b2  - Tr\u00fcbungsreduktionseffizienz: (TBR) 56 %  - Betriebsdruck: 0,3 bar  - Maximaler Arbeitsdruck: 0,6 bar  - Maximale Wassertemperatur: 35 \u00b0C  - Ventilkonstruktion: oben, 6-Wege  - Manometer: ja  - Zeitschaltuhr: ja  - Erforderliche Sandmenge pro F\u00fcllung: 14 kg Quarzsand (K\u00f6rnung: 0,6 - 1,2 mm)  - Anschluss: 5\/4&quot;, traditioneller 32\/38 mm Poolschlauchanschluss  - Lieferumfang: 2 St\u00fcck 3-Meter-Schl\u00e4uche mit Befestigungsklemmen  - Gr\u00f6\u00dfe: 40 x 80 x 33 cm  - Gewicht: 9,8 kg  - Herstellergarantie: 2 Jahre\" \/>\n<meta property=\"og:url\" content=\"https:\/\/pool-house.shop\/de\/product\/azuro-sandfilter-mit-zeitschaltuhr-4-m%c2%b3-h\/\" \/>\n<meta property=\"og:site_name\" content=\"Pool-House\" \/>\n<meta property=\"article:publisher\" content=\"https:\/\/www.facebook.com\/termodomsk\/\" \/>\n<meta property=\"article:modified_time\" content=\"2026-02-01T20:09:55+00:00\" \/>\n<meta property=\"og:image\" content=\"https:\/\/pool-house.shop\/wp-content\/uploads\/2025\/04\/185421.png\" \/>\n\t<meta property=\"og:image:width\" content=\"600\" \/>\n\t<meta property=\"og:image:height\" content=\"450\" \/>\n\t<meta property=\"og:image:type\" content=\"image\/png\" \/>\n<meta name=\"twitter:card\" content=\"summary_large_image\" \/>\n<meta name=\"twitter:label1\" content=\"Gesch\u00e4tzte Lesezeit\" \/>\n\t<meta name=\"twitter:data1\" content=\"1\u00a0Minute\" \/>\n<script type=\"application\/ld+json\" class=\"yoast-schema-graph\">{\"@context\":\"https:\/\/schema.org\",\"@graph\":[{\"@type\":\"WebPage\",\"@id\":\"https:\/\/pool-house.shop\/de\/product\/azuro-sandfilter-mit-zeitschaltuhr-4-m%c2%b3-h\/\",\"url\":\"https:\/\/pool-house.shop\/de\/product\/azuro-sandfilter-mit-zeitschaltuhr-4-m%c2%b3-h\/\",\"name\":\"Azuro Sandfilter mit Zeitschaltuhr, 4 m\u00b3\/h - Pool-House\",\"isPartOf\":{\"@id\":\"https:\/\/pool-house.shop\/de\/#website\"},\"primaryImageOfPage\":{\"@id\":\"https:\/\/pool-house.shop\/de\/product\/azuro-sandfilter-mit-zeitschaltuhr-4-m%c2%b3-h\/#primaryimage\"},\"image\":{\"@id\":\"https:\/\/pool-house.shop\/de\/product\/azuro-sandfilter-mit-zeitschaltuhr-4-m%c2%b3-h\/#primaryimage\"},\"thumbnailUrl\":\"https:\/\/pool-house.shop\/wp-content\/uploads\/2025\/04\/185421.png\",\"datePublished\":\"2025-04-08T10:38:02+00:00\",\"dateModified\":\"2026-02-01T20:09:55+00:00\",\"breadcrumb\":{\"@id\":\"https:\/\/pool-house.shop\/de\/product\/azuro-sandfilter-mit-zeitschaltuhr-4-m%c2%b3-h\/#breadcrumb\"},\"inLanguage\":\"de\",\"potentialAction\":[{\"@type\":\"ReadAction\",\"target\":[\"https:\/\/pool-house.shop\/de\/product\/azuro-sandfilter-mit-zeitschaltuhr-4-m%c2%b3-h\/\"]}]},{\"@type\":\"ImageObject\",\"inLanguage\":\"de\",\"@id\":\"https:\/\/pool-house.shop\/de\/product\/azuro-sandfilter-mit-zeitschaltuhr-4-m%c2%b3-h\/#primaryimage\",\"url\":\"https:\/\/pool-house.shop\/wp-content\/uploads\/2025\/04\/185421.png\",\"contentUrl\":\"https:\/\/pool-house.shop\/wp-content\/uploads\/2025\/04\/185421.png\",\"width\":600,\"height\":450},{\"@type\":\"BreadcrumbList\",\"@id\":\"https:\/\/pool-house.shop\/de\/product\/azuro-sandfilter-mit-zeitschaltuhr-4-m%c2%b3-h\/#breadcrumb\",\"itemListElement\":[{\"@type\":\"ListItem\",\"position\":1,\"name\":\"Domovsk\u00e1 str\u00e1nka\",\"item\":\"https:\/\/pool-house.shop\/de\/\"},{\"@type\":\"ListItem\",\"position\":2,\"name\":\"Shop\",\"item\":\"https:\/\/pool-house.shop\/de\/shop\/\"},{\"@type\":\"ListItem\",\"position\":3,\"name\":\"Azuro Sandfilter mit Zeitschaltuhr, 4 m\u00b3\/h\"}]},{\"@type\":\"WebSite\",\"@id\":\"https:\/\/pool-house.shop\/de\/#website\",\"url\":\"https:\/\/pool-house.shop\/de\/\",\"name\":\"Pool-House\",\"description\":\"\",\"publisher\":{\"@id\":\"https:\/\/pool-house.shop\/de\/#organization\"},\"potentialAction\":[{\"@type\":\"SearchAction\",\"target\":{\"@type\":\"EntryPoint\",\"urlTemplate\":\"https:\/\/pool-house.shop\/de\/?s={search_term_string}\"},\"query-input\":{\"@type\":\"PropertyValueSpecification\",\"valueRequired\":true,\"valueName\":\"search_term_string\"}}],\"inLanguage\":\"de\"},{\"@type\":\"Organization\",\"@id\":\"https:\/\/pool-house.shop\/de\/#organization\",\"name\":\"Pool-House\",\"url\":\"https:\/\/pool-house.shop\/de\/\",\"logo\":{\"@type\":\"ImageObject\",\"inLanguage\":\"de\",\"@id\":\"https:\/\/pool-house.shop\/de\/#\/schema\/logo\/image\/\",\"url\":\"https:\/\/pool-house.shop\/wp-content\/uploads\/2025\/10\/logo-2-stvorec-mobil-modre.png\",\"contentUrl\":\"https:\/\/pool-house.shop\/wp-content\/uploads\/2025\/10\/logo-2-stvorec-mobil-modre.png\",\"width\":273,\"height\":189,\"caption\":\"Pool-House\"},\"image\":{\"@id\":\"https:\/\/pool-house.shop\/de\/#\/schema\/logo\/image\/\"},\"sameAs\":[\"https:\/\/www.facebook.com\/termodomsk\/\"]}]}<\/script>\n<!-- \/ Yoast SEO plugin. -->","yoast_head_json":{"title":"Azuro Sandfilter mit Zeitschaltuhr, 4 m\u00b3\/h - Pool-House","robots":{"index":"index","follow":"follow","max-snippet":"max-snippet:-1","max-image-preview":"max-image-preview:large","max-video-preview":"max-video-preview:-1"},"canonical":"https:\/\/pool-house.shop\/de\/product\/azuro-sandfilter-mit-zeitschaltuhr-4-m%c2%b3-h\/","og_locale":"de_DE","og_type":"article","og_title":"Azuro Sandfilter mit Zeitschaltuhr, 4 m\u00b3\/h - Pool-House","og_description":"Azuro Sandfilter mit Zeitschaltuhr  Wasserzirkulationsger\u00e4t mit innovativem und kompaktem Design, ausgestattet mit einem Sandfilter f\u00fcr mittelgro\u00dfe Azuro-Pools. Seine regelm\u00e4\u00dfige Anwendung, erg\u00e4nzt durch optimale Wasserchemie, sorgt f\u00fcr kristallklares, gleichm\u00e4\u00dfig angenehmes Wasser w\u00e4hrend der gesamten Badesaison. Nicht nur sein modernes Aussehen ist neu: Das Ger\u00e4t wurde vollst\u00e4ndig in Europa entwickelt und hergestellt, mit kontinuierlicher Ersatzteilversorgung und Servicebasis.    Es ist unter seiner eleganten Abdeckung im Maschinenraum untergebracht und enth\u00e4lt einen Sandbeh\u00e4lter sowie eine Wasserumw\u00e4lzpumpe. Sein Sechs-Wege-Hauptventil deckt alle Funktionen der Wasserzirkulation, R\u00fccksp\u00fclung, Entleerung und \u00dcberwinterung\/Absperrung ab. Zudem verf\u00fcgt es \u00fcber ein Manometer und eine Zeitschaltuhr f\u00fcr optimalen Betrieb.    Dank des Hauptschalters mit Ber\u00fchrungsschutz l\u00e4sst es sich einfach und sicher ein- und ausschalten. Sein transparenter Vorfilteranschluss erm\u00f6glicht die einfache Bestimmung des Verschmutzungsgrades.  Nicht selbstansaugend. F\u00fcr eine optimale Ansaugung\/Zirkulation wird empfohlen, den Filter auf gleicher H\u00f6he wie die Poolbasis zu platzieren: bei oberirdischen Pools auf dem Boden, bei eingelassenen Pools entsprechend in einem Schacht.   Technische Daten:  - Netzanschluss: 230 V \/ 50 Hz   - Kabell\u00e4nge: 2,5 Meter  - Leistungsaufnahme: 190 W  - Schutzart: IP X5  - Wasserumw\u00e4lzleistung: 4 m\u00b3\/h (4.000 Liter\/Std.)  - Empfohlenes Poolvolumen: 12 - 16 m\u00b3 (max. 16.000 Liter)  - Empfohlener Pooltyp: Azuro mittelgro\u00df  - F\u00f6rderh\u00f6he: 1,5 m  - Filterdurchmesser: \u00d8143 mm  - Nutzfl\u00e4che des Filtermediums: 0,036 m\u00b2  - Tr\u00fcbungsreduktionseffizienz: (TBR) 56 %  - Betriebsdruck: 0,3 bar  - Maximaler Arbeitsdruck: 0,6 bar  - Maximale Wassertemperatur: 35 \u00b0C  - Ventilkonstruktion: oben, 6-Wege  - Manometer: ja  - Zeitschaltuhr: ja  - Erforderliche Sandmenge pro F\u00fcllung: 14 kg Quarzsand (K\u00f6rnung: 0,6 - 1,2 mm)  - Anschluss: 5\/4\", traditioneller 32\/38 mm Poolschlauchanschluss  - Lieferumfang: 2 St\u00fcck 3-Meter-Schl\u00e4uche mit Befestigungsklemmen  - Gr\u00f6\u00dfe: 40 x 80 x 33 cm  - Gewicht: 9,8 kg  - Herstellergarantie: 2 Jahre","og_url":"https:\/\/pool-house.shop\/de\/product\/azuro-sandfilter-mit-zeitschaltuhr-4-m%c2%b3-h\/","og_site_name":"Pool-House","article_publisher":"https:\/\/www.facebook.com\/termodomsk\/","article_modified_time":"2026-02-01T20:09:55+00:00","og_image":[{"width":600,"height":450,"url":"https:\/\/pool-house.shop\/wp-content\/uploads\/2025\/04\/185421.png","type":"image\/png"}],"twitter_card":"summary_large_image","twitter_misc":{"Gesch\u00e4tzte Lesezeit":"1\u00a0Minute"},"schema":{"@context":"https:\/\/schema.org","@graph":[{"@type":"WebPage","@id":"https:\/\/pool-house.shop\/de\/product\/azuro-sandfilter-mit-zeitschaltuhr-4-m%c2%b3-h\/","url":"https:\/\/pool-house.shop\/de\/product\/azuro-sandfilter-mit-zeitschaltuhr-4-m%c2%b3-h\/","name":"Azuro Sandfilter mit Zeitschaltuhr, 4 m\u00b3\/h - Pool-House","isPartOf":{"@id":"https:\/\/pool-house.shop\/de\/#website"},"primaryImageOfPage":{"@id":"https:\/\/pool-house.shop\/de\/product\/azuro-sandfilter-mit-zeitschaltuhr-4-m%c2%b3-h\/#primaryimage"},"image":{"@id":"https:\/\/pool-house.shop\/de\/product\/azuro-sandfilter-mit-zeitschaltuhr-4-m%c2%b3-h\/#primaryimage"},"thumbnailUrl":"https:\/\/pool-house.shop\/wp-content\/uploads\/2025\/04\/185421.png","datePublished":"2025-04-08T10:38:02+00:00","dateModified":"2026-02-01T20:09:55+00:00","breadcrumb":{"@id":"https:\/\/pool-house.shop\/de\/product\/azuro-sandfilter-mit-zeitschaltuhr-4-m%c2%b3-h\/#breadcrumb"},"inLanguage":"de","potentialAction":[{"@type":"ReadAction","target":["https:\/\/pool-house.shop\/de\/product\/azuro-sandfilter-mit-zeitschaltuhr-4-m%c2%b3-h\/"]}]},{"@type":"ImageObject","inLanguage":"de","@id":"https:\/\/pool-house.shop\/de\/product\/azuro-sandfilter-mit-zeitschaltuhr-4-m%c2%b3-h\/#primaryimage","url":"https:\/\/pool-house.shop\/wp-content\/uploads\/2025\/04\/185421.png","contentUrl":"https:\/\/pool-house.shop\/wp-content\/uploads\/2025\/04\/185421.png","width":600,"height":450},{"@type":"BreadcrumbList","@id":"https:\/\/pool-house.shop\/de\/product\/azuro-sandfilter-mit-zeitschaltuhr-4-m%c2%b3-h\/#breadcrumb","itemListElement":[{"@type":"ListItem","position":1,"name":"Domovsk\u00e1 str\u00e1nka","item":"https:\/\/pool-house.shop\/de\/"},{"@type":"ListItem","position":2,"name":"Shop","item":"https:\/\/pool-house.shop\/de\/shop\/"},{"@type":"ListItem","position":3,"name":"Azuro Sandfilter mit Zeitschaltuhr, 4 m\u00b3\/h"}]},{"@type":"WebSite","@id":"https:\/\/pool-house.shop\/de\/#website","url":"https:\/\/pool-house.shop\/de\/","name":"Pool-House","description":"","publisher":{"@id":"https:\/\/pool-house.shop\/de\/#organization"},"potentialAction":[{"@type":"SearchAction","target":{"@type":"EntryPoint","urlTemplate":"https:\/\/pool-house.shop\/de\/?s={search_term_string}"},"query-input":{"@type":"PropertyValueSpecification","valueRequired":true,"valueName":"search_term_string"}}],"inLanguage":"de"},{"@type":"Organization","@id":"https:\/\/pool-house.shop\/de\/#organization","name":"Pool-House","url":"https:\/\/pool-house.shop\/de\/","logo":{"@type":"ImageObject","inLanguage":"de","@id":"https:\/\/pool-house.shop\/de\/#\/schema\/logo\/image\/","url":"https:\/\/pool-house.shop\/wp-content\/uploads\/2025\/10\/logo-2-stvorec-mobil-modre.png","contentUrl":"https:\/\/pool-house.shop\/wp-content\/uploads\/2025\/10\/logo-2-stvorec-mobil-modre.png","width":273,"height":189,"caption":"Pool-House"},"image":{"@id":"https:\/\/pool-house.shop\/de\/#\/schema\/logo\/image\/"},"sameAs":["https:\/\/www.facebook.com\/termodomsk\/"]}]}},"_links":{"self":[{"href":"https:\/\/pool-house.shop\/de\/wp-json\/wp\/v2\/product\/10232","targetHints":{"allow":["GET"]}}],"collection":[{"href":"https:\/\/pool-house.shop\/de\/wp-json\/wp\/v2\/product"}],"about":[{"href":"https:\/\/pool-house.shop\/de\/wp-json\/wp\/v2\/types\/product"}],"wp:featuredmedia":[{"embeddable":true,"href":"https:\/\/pool-house.shop\/de\/wp-json\/wp\/v2\/media\/5013"}],"wp:attachment":[{"href":"https:\/\/pool-house.shop\/de\/wp-json\/wp\/v2\/media?parent=10232"}],"wp:term":[{"taxonomy":"product_brand","embeddable":true,"href":"https:\/\/pool-house.shop\/de\/wp-json\/wp\/v2\/product_brand?post=10232"},{"taxonomy":"product_cat","embeddable":true,"href":"https:\/\/pool-house.shop\/de\/wp-json\/wp\/v2\/product_cat?post=10232"},{"taxonomy":"product_tag","embeddable":true,"href":"https:\/\/pool-house.shop\/de\/wp-json\/wp\/v2\/product_tag?post=10232"}],"curies":[{"name":"wp","href":"https:\/\/api.w.org\/{rel}","templated":true}]}}