{"id":10238,"date":"2025-04-08T12:38:01","date_gmt":"2025-04-08T10:38:01","guid":{"rendered":"https:\/\/pool-house.shop\/product\/skimmer-hang-up-swing-fuer-swing-pools\/"},"modified":"2025-04-08T12:38:01","modified_gmt":"2025-04-08T10:38:01","slug":"skimmer-hang-up-swing-fuer-swing-pools","status":"publish","type":"product","link":"https:\/\/pool-house.shop\/de\/product\/skimmer-hang-up-swing-fuer-swing-pools\/","title":{"rendered":"Skimmer Hang-up Swing\u00ae &#8211; f\u00fcr Swing-Pools"},"content":{"rendered":"<p>Skimmer Hang-up Swing\u00ae<\/p>\n<p> Dieser \u00e4u\u00dferst praktische Skimmer f\u00e4ngt sehr zuverl\u00e4ssig verschiedene Verunreinigungen wie Bl\u00e4tter, Insekten, Nadeln, Pollen u. \u00c4. von der Pooloberfl\u00e4che auf und entfernt sie. Dadurch bleibt die Oberfl\u00e4che Ihres Pools stets sauber und gl\u00e4nzend \u2013 wie ein Spiegel. <\/p>\n<p> Eigenschaften<br \/>\n &#8211; Gewicht: 1 kg<br \/>\n &#8211; Geeignet f\u00fcr: alle SWING Pooltypen <\/p>\n","protected":false},"excerpt":{"rendered":"<p>Skimmer Hang-up Swing\u00ae<\/p>\n<p> Dieser \u00e4u\u00dferst praktische Skimmer f\u00e4ngt sehr zuverl\u00e4ssig verschiedene Verunreinigungen wie Bl\u00e4tter, Insekten, Nadeln, Pollen u. \u00c4. von der Pooloberfl\u00e4che auf und entfernt sie. Dadurch bleibt die Oberfl\u00e4che Ihres Pools stets sauber und gl\u00e4nzend \u2013 wie ein Spiegel. <\/p>\n<p> Eigenschaften<br \/>\n &#8211; Gewicht: 1 kg<br \/>\n &#8211; Geeignet f\u00fcr: alle SWING Pooltypen <\/p>\n","protected":false},"featured_media":5011,"template":"","meta":[],"product_brand":[],"product_cat":[281],"product_tag":[],"class_list":{"0":"post-10238","1":"product","2":"type-product","3":"status-publish","4":"has-post-thumbnail","6":"product_cat-komplettbecken","7":"thunk-woo-product-list","8":"open-woo-hover-none","9":"open-single-product-tab-horizontal","10":"open-shadow-","11":"open-shadow-hover-","13":"first","14":"instock","15":"taxable","16":"shipping-taxable","17":"purchasable","18":"product-type-simple"},"yoast_head":"<!-- This site is optimized with the Yoast SEO plugin v26.9 - https:\/\/yoast.com\/product\/yoast-seo-wordpress\/ -->\n<title>Skimmer Hang-up Swing\u00ae - f\u00fcr Swing-Pools - Pool-House<\/title>\n<meta name=\"robots\" content=\"index, follow, max-snippet:-1, max-image-preview:large, max-video-preview:-1\" \/>\n<link rel=\"canonical\" href=\"https:\/\/pool-house.shop\/de\/product\/skimmer-hang-up-swing-fuer-swing-pools\/\" \/>\n<meta property=\"og:locale\" content=\"de_DE\" \/>\n<meta property=\"og:type\" content=\"article\" \/>\n<meta property=\"og:title\" content=\"Skimmer Hang-up Swing\u00ae - f\u00fcr Swing-Pools - Pool-House\" \/>\n<meta property=\"og:description\" content=\"Skimmer Hang-up Swing\u00ae  Dieser \u00e4u\u00dferst praktische Skimmer f\u00e4ngt sehr zuverl\u00e4ssig verschiedene Verunreinigungen wie Bl\u00e4tter, Insekten, Nadeln, Pollen u. \u00c4. von der Pooloberfl\u00e4che auf und entfernt sie. Dadurch bleibt die Oberfl\u00e4che Ihres Pools stets sauber und gl\u00e4nzend \u2013 wie ein Spiegel.   Eigenschaften - Gewicht: 1 kg - Geeignet f\u00fcr: alle SWING Pooltypen\" \/>\n<meta property=\"og:url\" content=\"https:\/\/pool-house.shop\/de\/product\/skimmer-hang-up-swing-fuer-swing-pools\/\" \/>\n<meta property=\"og:site_name\" content=\"Pool-House\" \/>\n<meta property=\"article:publisher\" content=\"https:\/\/www.facebook.com\/termodomsk\/\" \/>\n<meta property=\"og:image\" content=\"https:\/\/pool-house.shop\/wp-content\/uploads\/2025\/04\/185416.png\" \/>\n\t<meta property=\"og:image:width\" content=\"700\" \/>\n\t<meta property=\"og:image:height\" content=\"700\" \/>\n\t<meta property=\"og:image:type\" content=\"image\/png\" \/>\n<meta name=\"twitter:card\" content=\"summary_large_image\" \/>\n<script type=\"application\/ld+json\" class=\"yoast-schema-graph\">{\"@context\":\"https:\/\/schema.org\",\"@graph\":[{\"@type\":\"WebPage\",\"@id\":\"https:\/\/pool-house.shop\/de\/product\/skimmer-hang-up-swing-fuer-swing-pools\/\",\"url\":\"https:\/\/pool-house.shop\/de\/product\/skimmer-hang-up-swing-fuer-swing-pools\/\",\"name\":\"Skimmer Hang-up Swing\u00ae - f\u00fcr Swing-Pools - Pool-House\",\"isPartOf\":{\"@id\":\"https:\/\/pool-house.shop\/de\/#website\"},\"primaryImageOfPage\":{\"@id\":\"https:\/\/pool-house.shop\/de\/product\/skimmer-hang-up-swing-fuer-swing-pools\/#primaryimage\"},\"image\":{\"@id\":\"https:\/\/pool-house.shop\/de\/product\/skimmer-hang-up-swing-fuer-swing-pools\/#primaryimage\"},\"thumbnailUrl\":\"https:\/\/pool-house.shop\/wp-content\/uploads\/2025\/04\/185416.png\",\"datePublished\":\"2025-04-08T10:38:01+00:00\",\"breadcrumb\":{\"@id\":\"https:\/\/pool-house.shop\/de\/product\/skimmer-hang-up-swing-fuer-swing-pools\/#breadcrumb\"},\"inLanguage\":\"de\",\"potentialAction\":[{\"@type\":\"ReadAction\",\"target\":[\"https:\/\/pool-house.shop\/de\/product\/skimmer-hang-up-swing-fuer-swing-pools\/\"]}]},{\"@type\":\"ImageObject\",\"inLanguage\":\"de\",\"@id\":\"https:\/\/pool-house.shop\/de\/product\/skimmer-hang-up-swing-fuer-swing-pools\/#primaryimage\",\"url\":\"https:\/\/pool-house.shop\/wp-content\/uploads\/2025\/04\/185416.png\",\"contentUrl\":\"https:\/\/pool-house.shop\/wp-content\/uploads\/2025\/04\/185416.png\",\"width\":700,\"height\":700},{\"@type\":\"BreadcrumbList\",\"@id\":\"https:\/\/pool-house.shop\/de\/product\/skimmer-hang-up-swing-fuer-swing-pools\/#breadcrumb\",\"itemListElement\":[{\"@type\":\"ListItem\",\"position\":1,\"name\":\"Domovsk\u00e1 str\u00e1nka\",\"item\":\"https:\/\/pool-house.shop\/de\/\"},{\"@type\":\"ListItem\",\"position\":2,\"name\":\"Shop\",\"item\":\"https:\/\/pool-house.shop\/de\/shop\/\"},{\"@type\":\"ListItem\",\"position\":3,\"name\":\"Skimmer Hang-up Swing\u00ae &#8211; f\u00fcr Swing-Pools\"}]},{\"@type\":\"WebSite\",\"@id\":\"https:\/\/pool-house.shop\/de\/#website\",\"url\":\"https:\/\/pool-house.shop\/de\/\",\"name\":\"Pool-House\",\"description\":\"\",\"publisher\":{\"@id\":\"https:\/\/pool-house.shop\/de\/#organization\"},\"potentialAction\":[{\"@type\":\"SearchAction\",\"target\":{\"@type\":\"EntryPoint\",\"urlTemplate\":\"https:\/\/pool-house.shop\/de\/?s={search_term_string}\"},\"query-input\":{\"@type\":\"PropertyValueSpecification\",\"valueRequired\":true,\"valueName\":\"search_term_string\"}}],\"inLanguage\":\"de\"},{\"@type\":\"Organization\",\"@id\":\"https:\/\/pool-house.shop\/de\/#organization\",\"name\":\"Pool-House\",\"url\":\"https:\/\/pool-house.shop\/de\/\",\"logo\":{\"@type\":\"ImageObject\",\"inLanguage\":\"de\",\"@id\":\"https:\/\/pool-house.shop\/de\/#\/schema\/logo\/image\/\",\"url\":\"https:\/\/pool-house.shop\/wp-content\/uploads\/2025\/10\/logo-2-stvorec-mobil-modre.png\",\"contentUrl\":\"https:\/\/pool-house.shop\/wp-content\/uploads\/2025\/10\/logo-2-stvorec-mobil-modre.png\",\"width\":273,\"height\":189,\"caption\":\"Pool-House\"},\"image\":{\"@id\":\"https:\/\/pool-house.shop\/de\/#\/schema\/logo\/image\/\"},\"sameAs\":[\"https:\/\/www.facebook.com\/termodomsk\/\"]}]}<\/script>\n<!-- \/ Yoast SEO plugin. -->","yoast_head_json":{"title":"Skimmer Hang-up Swing\u00ae - f\u00fcr Swing-Pools - Pool-House","robots":{"index":"index","follow":"follow","max-snippet":"max-snippet:-1","max-image-preview":"max-image-preview:large","max-video-preview":"max-video-preview:-1"},"canonical":"https:\/\/pool-house.shop\/de\/product\/skimmer-hang-up-swing-fuer-swing-pools\/","og_locale":"de_DE","og_type":"article","og_title":"Skimmer Hang-up Swing\u00ae - f\u00fcr Swing-Pools - Pool-House","og_description":"Skimmer Hang-up Swing\u00ae  Dieser \u00e4u\u00dferst praktische Skimmer f\u00e4ngt sehr zuverl\u00e4ssig verschiedene Verunreinigungen wie Bl\u00e4tter, Insekten, Nadeln, Pollen u. \u00c4. von der Pooloberfl\u00e4che auf und entfernt sie. Dadurch bleibt die Oberfl\u00e4che Ihres Pools stets sauber und gl\u00e4nzend \u2013 wie ein Spiegel.   Eigenschaften - Gewicht: 1 kg - Geeignet f\u00fcr: alle SWING Pooltypen","og_url":"https:\/\/pool-house.shop\/de\/product\/skimmer-hang-up-swing-fuer-swing-pools\/","og_site_name":"Pool-House","article_publisher":"https:\/\/www.facebook.com\/termodomsk\/","og_image":[{"width":700,"height":700,"url":"https:\/\/pool-house.shop\/wp-content\/uploads\/2025\/04\/185416.png","type":"image\/png"}],"twitter_card":"summary_large_image","schema":{"@context":"https:\/\/schema.org","@graph":[{"@type":"WebPage","@id":"https:\/\/pool-house.shop\/de\/product\/skimmer-hang-up-swing-fuer-swing-pools\/","url":"https:\/\/pool-house.shop\/de\/product\/skimmer-hang-up-swing-fuer-swing-pools\/","name":"Skimmer Hang-up Swing\u00ae - f\u00fcr Swing-Pools - Pool-House","isPartOf":{"@id":"https:\/\/pool-house.shop\/de\/#website"},"primaryImageOfPage":{"@id":"https:\/\/pool-house.shop\/de\/product\/skimmer-hang-up-swing-fuer-swing-pools\/#primaryimage"},"image":{"@id":"https:\/\/pool-house.shop\/de\/product\/skimmer-hang-up-swing-fuer-swing-pools\/#primaryimage"},"thumbnailUrl":"https:\/\/pool-house.shop\/wp-content\/uploads\/2025\/04\/185416.png","datePublished":"2025-04-08T10:38:01+00:00","breadcrumb":{"@id":"https:\/\/pool-house.shop\/de\/product\/skimmer-hang-up-swing-fuer-swing-pools\/#breadcrumb"},"inLanguage":"de","potentialAction":[{"@type":"ReadAction","target":["https:\/\/pool-house.shop\/de\/product\/skimmer-hang-up-swing-fuer-swing-pools\/"]}]},{"@type":"ImageObject","inLanguage":"de","@id":"https:\/\/pool-house.shop\/de\/product\/skimmer-hang-up-swing-fuer-swing-pools\/#primaryimage","url":"https:\/\/pool-house.shop\/wp-content\/uploads\/2025\/04\/185416.png","contentUrl":"https:\/\/pool-house.shop\/wp-content\/uploads\/2025\/04\/185416.png","width":700,"height":700},{"@type":"BreadcrumbList","@id":"https:\/\/pool-house.shop\/de\/product\/skimmer-hang-up-swing-fuer-swing-pools\/#breadcrumb","itemListElement":[{"@type":"ListItem","position":1,"name":"Domovsk\u00e1 str\u00e1nka","item":"https:\/\/pool-house.shop\/de\/"},{"@type":"ListItem","position":2,"name":"Shop","item":"https:\/\/pool-house.shop\/de\/shop\/"},{"@type":"ListItem","position":3,"name":"Skimmer Hang-up Swing\u00ae &#8211; f\u00fcr Swing-Pools"}]},{"@type":"WebSite","@id":"https:\/\/pool-house.shop\/de\/#website","url":"https:\/\/pool-house.shop\/de\/","name":"Pool-House","description":"","publisher":{"@id":"https:\/\/pool-house.shop\/de\/#organization"},"potentialAction":[{"@type":"SearchAction","target":{"@type":"EntryPoint","urlTemplate":"https:\/\/pool-house.shop\/de\/?s={search_term_string}"},"query-input":{"@type":"PropertyValueSpecification","valueRequired":true,"valueName":"search_term_string"}}],"inLanguage":"de"},{"@type":"Organization","@id":"https:\/\/pool-house.shop\/de\/#organization","name":"Pool-House","url":"https:\/\/pool-house.shop\/de\/","logo":{"@type":"ImageObject","inLanguage":"de","@id":"https:\/\/pool-house.shop\/de\/#\/schema\/logo\/image\/","url":"https:\/\/pool-house.shop\/wp-content\/uploads\/2025\/10\/logo-2-stvorec-mobil-modre.png","contentUrl":"https:\/\/pool-house.shop\/wp-content\/uploads\/2025\/10\/logo-2-stvorec-mobil-modre.png","width":273,"height":189,"caption":"Pool-House"},"image":{"@id":"https:\/\/pool-house.shop\/de\/#\/schema\/logo\/image\/"},"sameAs":["https:\/\/www.facebook.com\/termodomsk\/"]}]}},"_links":{"self":[{"href":"https:\/\/pool-house.shop\/de\/wp-json\/wp\/v2\/product\/10238","targetHints":{"allow":["GET"]}}],"collection":[{"href":"https:\/\/pool-house.shop\/de\/wp-json\/wp\/v2\/product"}],"about":[{"href":"https:\/\/pool-house.shop\/de\/wp-json\/wp\/v2\/types\/product"}],"wp:featuredmedia":[{"embeddable":true,"href":"https:\/\/pool-house.shop\/de\/wp-json\/wp\/v2\/media\/5011"}],"wp:attachment":[{"href":"https:\/\/pool-house.shop\/de\/wp-json\/wp\/v2\/media?parent=10238"}],"wp:term":[{"taxonomy":"product_brand","embeddable":true,"href":"https:\/\/pool-house.shop\/de\/wp-json\/wp\/v2\/product_brand?post=10238"},{"taxonomy":"product_cat","embeddable":true,"href":"https:\/\/pool-house.shop\/de\/wp-json\/wp\/v2\/product_cat?post=10238"},{"taxonomy":"product_tag","embeddable":true,"href":"https:\/\/pool-house.shop\/de\/wp-json\/wp\/v2\/product_tag?post=10238"}],"curies":[{"name":"wp","href":"https:\/\/api.w.org\/{rel}","templated":true}]}}