{"id":10263,"date":"2025-04-08T12:37:45","date_gmt":"2025-04-08T10:37:45","guid":{"rendered":"https:\/\/pool-house.shop\/product\/geotextil-36-m\/"},"modified":"2025-04-08T12:37:45","modified_gmt":"2025-04-08T10:37:45","slug":"geotextil-36-m","status":"publish","type":"product","link":"https:\/\/pool-house.shop\/de\/product\/geotextil-36-m\/","title":{"rendered":"Geotextil 3,6 m"},"content":{"rendered":"<p>Geotextil<\/p>\n<p> Es hilft, die Poolfolie vor Besch\u00e4digungen zu sch\u00fctzen, gleicht die Rauheit des Betons aus und bietet eine weiche Oberfl\u00e4che, wodurch die Nutzung des Pools komfortabel wird.<\/p>\n<p> Geotextil<br \/>\n Einfach ausgedr\u00fcckt, ist Geotextil nichts anderes als ein Textil aus Kunststoff. Wir sprechen von einem vielseitigen Material, das im weiteren Sinne zu den Geokunststoffen geh\u00f6rt. Am h\u00e4ufigsten werden sie aus Polypropylen (PP) oder Polyester (PET) hergestellt.<br \/>\n Es erf\u00fcllt eine Trenn-, Filter- und Schutzfunktion. Trenngeotextil trennt Materialien mit unterschiedlichen physikalischen und mechanischen Eigenschaften.<br \/>\n Vlies-Geotextilien mit Schutzfunktion werden verwendet, um ein bestimmtes Material vor Besch\u00e4digungen durch ein anderes Material zu sch\u00fctzen.<\/p>\n","protected":false},"excerpt":{"rendered":"<p>Geotextil<\/p>\n<p> Es hilft, die Poolfolie vor Besch\u00e4digungen zu sch\u00fctzen, gleicht die Rauheit des Betons aus und bietet eine weiche Oberfl\u00e4che, wodurch die Nutzung des Pools komfortabel wird.<\/p>\n<p> Geotextil<br \/>\n Einfach ausgedr\u00fcckt, ist Geotextil nichts anderes als ein Textil aus Kunststoff. Wir sprechen von einem vielseitigen Material, das im weiteren Sinne zu den Geokunststoffen geh\u00f6rt. Am h\u00e4ufigsten werden sie aus Polypropylen (PP) oder Polyester (PET) hergestellt.<br \/>\n Es erf\u00fcllt eine Trenn-, Filter- und Schutzfunktion. Trenngeotextil trennt Materialien mit unterschiedlichen physikalischen und mechanischen Eigenschaften.<br \/>\n Vlies-Geotextilien mit Schutzfunktion werden verwendet, um ein bestimmtes Material vor Besch\u00e4digungen durch ein anderes Material zu sch\u00fctzen.<\/p>\n","protected":false},"featured_media":4993,"template":"","meta":[],"product_brand":[],"product_cat":[281],"product_tag":[],"class_list":{"0":"post-10263","1":"product","2":"type-product","3":"status-publish","4":"has-post-thumbnail","6":"product_cat-komplettbecken","7":"thunk-woo-product-list","8":"open-woo-hover-none","9":"open-single-product-tab-horizontal","10":"open-shadow-","11":"open-shadow-hover-","13":"first","14":"instock","15":"taxable","16":"shipping-taxable","17":"purchasable","18":"product-type-simple"},"yoast_head":"<!-- This site is optimized with the Yoast SEO plugin v26.9 - https:\/\/yoast.com\/product\/yoast-seo-wordpress\/ -->\n<title>Geotextil 3,6 m - Pool-House<\/title>\n<meta name=\"robots\" content=\"index, follow, max-snippet:-1, max-image-preview:large, max-video-preview:-1\" \/>\n<link rel=\"canonical\" href=\"https:\/\/pool-house.shop\/de\/product\/geotextil-36-m\/\" \/>\n<meta property=\"og:locale\" content=\"de_DE\" \/>\n<meta property=\"og:type\" content=\"article\" \/>\n<meta property=\"og:title\" content=\"Geotextil 3,6 m - Pool-House\" \/>\n<meta property=\"og:description\" content=\"Geotextil  Es hilft, die Poolfolie vor Besch\u00e4digungen zu sch\u00fctzen, gleicht die Rauheit des Betons aus und bietet eine weiche Oberfl\u00e4che, wodurch die Nutzung des Pools komfortabel wird.  Geotextil Einfach ausgedr\u00fcckt, ist Geotextil nichts anderes als ein Textil aus Kunststoff. Wir sprechen von einem vielseitigen Material, das im weiteren Sinne zu den Geokunststoffen geh\u00f6rt. Am h\u00e4ufigsten werden sie aus Polypropylen (PP) oder Polyester (PET) hergestellt.   Es erf\u00fcllt eine Trenn-, Filter- und Schutzfunktion. Trenngeotextil trennt Materialien mit unterschiedlichen physikalischen und mechanischen Eigenschaften.  Vlies-Geotextilien mit Schutzfunktion werden verwendet, um ein bestimmtes Material vor Besch\u00e4digungen durch ein anderes Material zu sch\u00fctzen.\" \/>\n<meta property=\"og:url\" content=\"https:\/\/pool-house.shop\/de\/product\/geotextil-36-m\/\" \/>\n<meta property=\"og:site_name\" content=\"Pool-House\" \/>\n<meta property=\"article:publisher\" content=\"https:\/\/www.facebook.com\/termodomsk\/\" \/>\n<meta property=\"og:image\" content=\"https:\/\/pool-house.shop\/wp-content\/uploads\/2025\/04\/185400.png\" \/>\n\t<meta property=\"og:image:width\" content=\"1600\" \/>\n\t<meta property=\"og:image:height\" content=\"1600\" \/>\n\t<meta property=\"og:image:type\" content=\"image\/png\" \/>\n<meta name=\"twitter:card\" content=\"summary_large_image\" \/>\n<meta name=\"twitter:label1\" content=\"Gesch\u00e4tzte Lesezeit\" \/>\n\t<meta name=\"twitter:data1\" content=\"1\u00a0Minute\" \/>\n<script type=\"application\/ld+json\" class=\"yoast-schema-graph\">{\"@context\":\"https:\/\/schema.org\",\"@graph\":[{\"@type\":\"WebPage\",\"@id\":\"https:\/\/pool-house.shop\/de\/product\/geotextil-36-m\/\",\"url\":\"https:\/\/pool-house.shop\/de\/product\/geotextil-36-m\/\",\"name\":\"Geotextil 3,6 m - Pool-House\",\"isPartOf\":{\"@id\":\"https:\/\/pool-house.shop\/de\/#website\"},\"primaryImageOfPage\":{\"@id\":\"https:\/\/pool-house.shop\/de\/product\/geotextil-36-m\/#primaryimage\"},\"image\":{\"@id\":\"https:\/\/pool-house.shop\/de\/product\/geotextil-36-m\/#primaryimage\"},\"thumbnailUrl\":\"https:\/\/pool-house.shop\/wp-content\/uploads\/2025\/04\/185400.png\",\"datePublished\":\"2025-04-08T10:37:45+00:00\",\"breadcrumb\":{\"@id\":\"https:\/\/pool-house.shop\/de\/product\/geotextil-36-m\/#breadcrumb\"},\"inLanguage\":\"de\",\"potentialAction\":[{\"@type\":\"ReadAction\",\"target\":[\"https:\/\/pool-house.shop\/de\/product\/geotextil-36-m\/\"]}]},{\"@type\":\"ImageObject\",\"inLanguage\":\"de\",\"@id\":\"https:\/\/pool-house.shop\/de\/product\/geotextil-36-m\/#primaryimage\",\"url\":\"https:\/\/pool-house.shop\/wp-content\/uploads\/2025\/04\/185400.png\",\"contentUrl\":\"https:\/\/pool-house.shop\/wp-content\/uploads\/2025\/04\/185400.png\",\"width\":1600,\"height\":1600},{\"@type\":\"BreadcrumbList\",\"@id\":\"https:\/\/pool-house.shop\/de\/product\/geotextil-36-m\/#breadcrumb\",\"itemListElement\":[{\"@type\":\"ListItem\",\"position\":1,\"name\":\"Domovsk\u00e1 str\u00e1nka\",\"item\":\"https:\/\/pool-house.shop\/de\/\"},{\"@type\":\"ListItem\",\"position\":2,\"name\":\"Shop\",\"item\":\"https:\/\/pool-house.shop\/de\/shop\/\"},{\"@type\":\"ListItem\",\"position\":3,\"name\":\"Geotextil 3,6 m\"}]},{\"@type\":\"WebSite\",\"@id\":\"https:\/\/pool-house.shop\/de\/#website\",\"url\":\"https:\/\/pool-house.shop\/de\/\",\"name\":\"Pool-House\",\"description\":\"\",\"publisher\":{\"@id\":\"https:\/\/pool-house.shop\/de\/#organization\"},\"potentialAction\":[{\"@type\":\"SearchAction\",\"target\":{\"@type\":\"EntryPoint\",\"urlTemplate\":\"https:\/\/pool-house.shop\/de\/?s={search_term_string}\"},\"query-input\":{\"@type\":\"PropertyValueSpecification\",\"valueRequired\":true,\"valueName\":\"search_term_string\"}}],\"inLanguage\":\"de\"},{\"@type\":\"Organization\",\"@id\":\"https:\/\/pool-house.shop\/de\/#organization\",\"name\":\"Pool-House\",\"url\":\"https:\/\/pool-house.shop\/de\/\",\"logo\":{\"@type\":\"ImageObject\",\"inLanguage\":\"de\",\"@id\":\"https:\/\/pool-house.shop\/de\/#\/schema\/logo\/image\/\",\"url\":\"https:\/\/pool-house.shop\/wp-content\/uploads\/2025\/10\/logo-2-stvorec-mobil-modre.png\",\"contentUrl\":\"https:\/\/pool-house.shop\/wp-content\/uploads\/2025\/10\/logo-2-stvorec-mobil-modre.png\",\"width\":273,\"height\":189,\"caption\":\"Pool-House\"},\"image\":{\"@id\":\"https:\/\/pool-house.shop\/de\/#\/schema\/logo\/image\/\"},\"sameAs\":[\"https:\/\/www.facebook.com\/termodomsk\/\"]}]}<\/script>\n<!-- \/ Yoast SEO plugin. -->","yoast_head_json":{"title":"Geotextil 3,6 m - Pool-House","robots":{"index":"index","follow":"follow","max-snippet":"max-snippet:-1","max-image-preview":"max-image-preview:large","max-video-preview":"max-video-preview:-1"},"canonical":"https:\/\/pool-house.shop\/de\/product\/geotextil-36-m\/","og_locale":"de_DE","og_type":"article","og_title":"Geotextil 3,6 m - Pool-House","og_description":"Geotextil  Es hilft, die Poolfolie vor Besch\u00e4digungen zu sch\u00fctzen, gleicht die Rauheit des Betons aus und bietet eine weiche Oberfl\u00e4che, wodurch die Nutzung des Pools komfortabel wird.  Geotextil Einfach ausgedr\u00fcckt, ist Geotextil nichts anderes als ein Textil aus Kunststoff. Wir sprechen von einem vielseitigen Material, das im weiteren Sinne zu den Geokunststoffen geh\u00f6rt. Am h\u00e4ufigsten werden sie aus Polypropylen (PP) oder Polyester (PET) hergestellt.   Es erf\u00fcllt eine Trenn-, Filter- und Schutzfunktion. Trenngeotextil trennt Materialien mit unterschiedlichen physikalischen und mechanischen Eigenschaften.  Vlies-Geotextilien mit Schutzfunktion werden verwendet, um ein bestimmtes Material vor Besch\u00e4digungen durch ein anderes Material zu sch\u00fctzen.","og_url":"https:\/\/pool-house.shop\/de\/product\/geotextil-36-m\/","og_site_name":"Pool-House","article_publisher":"https:\/\/www.facebook.com\/termodomsk\/","og_image":[{"width":1600,"height":1600,"url":"https:\/\/pool-house.shop\/wp-content\/uploads\/2025\/04\/185400.png","type":"image\/png"}],"twitter_card":"summary_large_image","twitter_misc":{"Gesch\u00e4tzte Lesezeit":"1\u00a0Minute"},"schema":{"@context":"https:\/\/schema.org","@graph":[{"@type":"WebPage","@id":"https:\/\/pool-house.shop\/de\/product\/geotextil-36-m\/","url":"https:\/\/pool-house.shop\/de\/product\/geotextil-36-m\/","name":"Geotextil 3,6 m - Pool-House","isPartOf":{"@id":"https:\/\/pool-house.shop\/de\/#website"},"primaryImageOfPage":{"@id":"https:\/\/pool-house.shop\/de\/product\/geotextil-36-m\/#primaryimage"},"image":{"@id":"https:\/\/pool-house.shop\/de\/product\/geotextil-36-m\/#primaryimage"},"thumbnailUrl":"https:\/\/pool-house.shop\/wp-content\/uploads\/2025\/04\/185400.png","datePublished":"2025-04-08T10:37:45+00:00","breadcrumb":{"@id":"https:\/\/pool-house.shop\/de\/product\/geotextil-36-m\/#breadcrumb"},"inLanguage":"de","potentialAction":[{"@type":"ReadAction","target":["https:\/\/pool-house.shop\/de\/product\/geotextil-36-m\/"]}]},{"@type":"ImageObject","inLanguage":"de","@id":"https:\/\/pool-house.shop\/de\/product\/geotextil-36-m\/#primaryimage","url":"https:\/\/pool-house.shop\/wp-content\/uploads\/2025\/04\/185400.png","contentUrl":"https:\/\/pool-house.shop\/wp-content\/uploads\/2025\/04\/185400.png","width":1600,"height":1600},{"@type":"BreadcrumbList","@id":"https:\/\/pool-house.shop\/de\/product\/geotextil-36-m\/#breadcrumb","itemListElement":[{"@type":"ListItem","position":1,"name":"Domovsk\u00e1 str\u00e1nka","item":"https:\/\/pool-house.shop\/de\/"},{"@type":"ListItem","position":2,"name":"Shop","item":"https:\/\/pool-house.shop\/de\/shop\/"},{"@type":"ListItem","position":3,"name":"Geotextil 3,6 m"}]},{"@type":"WebSite","@id":"https:\/\/pool-house.shop\/de\/#website","url":"https:\/\/pool-house.shop\/de\/","name":"Pool-House","description":"","publisher":{"@id":"https:\/\/pool-house.shop\/de\/#organization"},"potentialAction":[{"@type":"SearchAction","target":{"@type":"EntryPoint","urlTemplate":"https:\/\/pool-house.shop\/de\/?s={search_term_string}"},"query-input":{"@type":"PropertyValueSpecification","valueRequired":true,"valueName":"search_term_string"}}],"inLanguage":"de"},{"@type":"Organization","@id":"https:\/\/pool-house.shop\/de\/#organization","name":"Pool-House","url":"https:\/\/pool-house.shop\/de\/","logo":{"@type":"ImageObject","inLanguage":"de","@id":"https:\/\/pool-house.shop\/de\/#\/schema\/logo\/image\/","url":"https:\/\/pool-house.shop\/wp-content\/uploads\/2025\/10\/logo-2-stvorec-mobil-modre.png","contentUrl":"https:\/\/pool-house.shop\/wp-content\/uploads\/2025\/10\/logo-2-stvorec-mobil-modre.png","width":273,"height":189,"caption":"Pool-House"},"image":{"@id":"https:\/\/pool-house.shop\/de\/#\/schema\/logo\/image\/"},"sameAs":["https:\/\/www.facebook.com\/termodomsk\/"]}]}},"_links":{"self":[{"href":"https:\/\/pool-house.shop\/de\/wp-json\/wp\/v2\/product\/10263","targetHints":{"allow":["GET"]}}],"collection":[{"href":"https:\/\/pool-house.shop\/de\/wp-json\/wp\/v2\/product"}],"about":[{"href":"https:\/\/pool-house.shop\/de\/wp-json\/wp\/v2\/types\/product"}],"wp:featuredmedia":[{"embeddable":true,"href":"https:\/\/pool-house.shop\/de\/wp-json\/wp\/v2\/media\/4993"}],"wp:attachment":[{"href":"https:\/\/pool-house.shop\/de\/wp-json\/wp\/v2\/media?parent=10263"}],"wp:term":[{"taxonomy":"product_brand","embeddable":true,"href":"https:\/\/pool-house.shop\/de\/wp-json\/wp\/v2\/product_brand?post=10263"},{"taxonomy":"product_cat","embeddable":true,"href":"https:\/\/pool-house.shop\/de\/wp-json\/wp\/v2\/product_cat?post=10263"},{"taxonomy":"product_tag","embeddable":true,"href":"https:\/\/pool-house.shop\/de\/wp-json\/wp\/v2\/product_tag?post=10263"}],"curies":[{"name":"wp","href":"https:\/\/api.w.org\/{rel}","templated":true}]}}