{"id":10270,"date":"2025-04-08T12:37:43","date_gmt":"2025-04-08T10:37:43","guid":{"rendered":"https:\/\/pool-house.shop\/product\/azuro-folie-lagoon-025-mm-360-x-090-m\/"},"modified":"2025-04-08T12:37:43","modified_gmt":"2025-04-08T10:37:43","slug":"azuro-folie-lagoon-025-mm-360-x-090-m","status":"publish","type":"product","link":"https:\/\/pool-house.shop\/de\/product\/azuro-folie-lagoon-025-mm-360-x-090-m\/","title":{"rendered":"Azuro Folie Lagoon 0,25 mm, 3,60 x 0,90 m"},"content":{"rendered":"<p>Azuro Lagoon Peace Folie<\/p>\n<p> Hochwertige Auskleidungsfolie f\u00fcr Rundbecken mit Metallw\u00e4nden in der Farbe Lagoon.<br \/>\n Farbige Poolfolie f\u00fcr Azuro Pools, UV- und chemikalienbest\u00e4ndig. Einfache Installation und Wartung. Die Folie Lagoon Blau ist eine der g\u00e4ngigsten Poolfolienfarben, Material: Vinyl, St\u00e4rke 0,50 mm.<\/p>\n<p> Wichtig<br \/>\n Die Verlegung der Poolfolie sollte von einem Fachmann durchgef\u00fchrt werden, da unsachgem\u00e4\u00dfe Verlegung zu Schwellungen und Faltenbildung f\u00fchren kann, was neben der \u00c4sthetik auch die Lebensdauer der Folie mindert und zum Verlust der Garantie f\u00fchren kann. <\/p>\n<p> Eigenschaften<br \/>\n &#8211; Garantie: 2 Jahre (Fachgerechte Montage)<br \/>\n &#8211; Gr\u00f6\u00dfe: 3,6 x 0,9 m<br \/>\n &#8211; Folienst\u00e4rke: 0,25 mm<br \/>\n &#8211; Gewicht: 7,34 kg  <\/p>\n","protected":false},"excerpt":{"rendered":"<p>Azuro Lagoon Peace Folie<\/p>\n<p> Hochwertige Auskleidungsfolie f\u00fcr Rundbecken mit Metallw\u00e4nden in der Farbe Lagoon.<br \/>\n Farbige Poolfolie f\u00fcr Azuro Pools, UV- und chemikalienbest\u00e4ndig. Einfache Installation und Wartung. Die Folie Lagoon Blau ist eine der g\u00e4ngigsten Poolfolienfarben, Material: Vinyl, St\u00e4rke 0,50 mm.<\/p>\n<p> Wichtig<br \/>\n Die Verlegung der Poolfolie sollte von einem Fachmann durchgef\u00fchrt werden, da unsachgem\u00e4\u00dfe Verlegung zu Schwellungen und Faltenbildung f\u00fchren kann, was neben der \u00c4sthetik auch die Lebensdauer der Folie mindert und zum Verlust der Garantie f\u00fchren kann. <\/p>\n<p> Eigenschaften<br \/>\n &#8211; Garantie: 2 Jahre (Fachgerechte Montage)<br \/>\n &#8211; Gr\u00f6\u00dfe: 3,6 x 0,9 m<br \/>\n &#8211; Folienst\u00e4rke: 0,25 mm<br \/>\n &#8211; Gewicht: 7,34 kg  <\/p>\n","protected":false},"featured_media":4991,"template":"","meta":[],"product_brand":[],"product_cat":[281],"product_tag":[],"class_list":{"0":"post-10270","1":"product","2":"type-product","3":"status-publish","4":"has-post-thumbnail","6":"product_cat-komplettbecken","7":"thunk-woo-product-list","8":"open-woo-hover-none","9":"open-single-product-tab-horizontal","10":"open-shadow-","11":"open-shadow-hover-","13":"first","14":"instock","15":"taxable","16":"shipping-taxable","17":"purchasable","18":"product-type-simple"},"yoast_head":"<!-- This site is optimized with the Yoast SEO plugin v26.9 - https:\/\/yoast.com\/product\/yoast-seo-wordpress\/ -->\n<title>Azuro Folie Lagoon 0,25 mm, 3,60 x 0,90 m - Pool-House<\/title>\n<meta name=\"robots\" content=\"index, follow, max-snippet:-1, max-image-preview:large, max-video-preview:-1\" \/>\n<link rel=\"canonical\" href=\"https:\/\/pool-house.shop\/de\/product\/azuro-folie-lagoon-025-mm-360-x-090-m\/\" \/>\n<meta property=\"og:locale\" content=\"de_DE\" \/>\n<meta property=\"og:type\" content=\"article\" \/>\n<meta property=\"og:title\" content=\"Azuro Folie Lagoon 0,25 mm, 3,60 x 0,90 m - Pool-House\" \/>\n<meta property=\"og:description\" content=\"Azuro Lagoon Peace Folie  Hochwertige Auskleidungsfolie f\u00fcr Rundbecken mit Metallw\u00e4nden in der Farbe Lagoon. Farbige Poolfolie f\u00fcr Azuro Pools, UV- und chemikalienbest\u00e4ndig. Einfache Installation und Wartung. Die Folie Lagoon Blau ist eine der g\u00e4ngigsten Poolfolienfarben, Material: Vinyl, St\u00e4rke 0,50 mm.  Wichtig Die Verlegung der Poolfolie sollte von einem Fachmann durchgef\u00fchrt werden, da unsachgem\u00e4\u00dfe Verlegung zu Schwellungen und Faltenbildung f\u00fchren kann, was neben der \u00c4sthetik auch die Lebensdauer der Folie mindert und zum Verlust der Garantie f\u00fchren kann.   Eigenschaften - Garantie: 2 Jahre (Fachgerechte Montage) - Gr\u00f6\u00dfe: 3,6 x 0,9 m - Folienst\u00e4rke: 0,25 mm - Gewicht: 7,34 kg\" \/>\n<meta property=\"og:url\" content=\"https:\/\/pool-house.shop\/de\/product\/azuro-folie-lagoon-025-mm-360-x-090-m\/\" \/>\n<meta property=\"og:site_name\" content=\"Pool-House\" \/>\n<meta property=\"article:publisher\" content=\"https:\/\/www.facebook.com\/termodomsk\/\" \/>\n<meta property=\"og:image\" content=\"https:\/\/pool-house.shop\/wp-content\/uploads\/2025\/04\/185356.png\" \/>\n\t<meta property=\"og:image:width\" content=\"519\" \/>\n\t<meta property=\"og:image:height\" content=\"387\" \/>\n\t<meta property=\"og:image:type\" content=\"image\/png\" \/>\n<meta name=\"twitter:card\" content=\"summary_large_image\" \/>\n<meta name=\"twitter:label1\" content=\"Gesch\u00e4tzte Lesezeit\" \/>\n\t<meta name=\"twitter:data1\" content=\"1\u00a0Minute\" \/>\n<script type=\"application\/ld+json\" class=\"yoast-schema-graph\">{\"@context\":\"https:\/\/schema.org\",\"@graph\":[{\"@type\":\"WebPage\",\"@id\":\"https:\/\/pool-house.shop\/de\/product\/azuro-folie-lagoon-025-mm-360-x-090-m\/\",\"url\":\"https:\/\/pool-house.shop\/de\/product\/azuro-folie-lagoon-025-mm-360-x-090-m\/\",\"name\":\"Azuro Folie Lagoon 0,25 mm, 3,60 x 0,90 m - Pool-House\",\"isPartOf\":{\"@id\":\"https:\/\/pool-house.shop\/de\/#website\"},\"primaryImageOfPage\":{\"@id\":\"https:\/\/pool-house.shop\/de\/product\/azuro-folie-lagoon-025-mm-360-x-090-m\/#primaryimage\"},\"image\":{\"@id\":\"https:\/\/pool-house.shop\/de\/product\/azuro-folie-lagoon-025-mm-360-x-090-m\/#primaryimage\"},\"thumbnailUrl\":\"https:\/\/pool-house.shop\/wp-content\/uploads\/2025\/04\/185356.png\",\"datePublished\":\"2025-04-08T10:37:43+00:00\",\"breadcrumb\":{\"@id\":\"https:\/\/pool-house.shop\/de\/product\/azuro-folie-lagoon-025-mm-360-x-090-m\/#breadcrumb\"},\"inLanguage\":\"de\",\"potentialAction\":[{\"@type\":\"ReadAction\",\"target\":[\"https:\/\/pool-house.shop\/de\/product\/azuro-folie-lagoon-025-mm-360-x-090-m\/\"]}]},{\"@type\":\"ImageObject\",\"inLanguage\":\"de\",\"@id\":\"https:\/\/pool-house.shop\/de\/product\/azuro-folie-lagoon-025-mm-360-x-090-m\/#primaryimage\",\"url\":\"https:\/\/pool-house.shop\/wp-content\/uploads\/2025\/04\/185356.png\",\"contentUrl\":\"https:\/\/pool-house.shop\/wp-content\/uploads\/2025\/04\/185356.png\",\"width\":519,\"height\":387},{\"@type\":\"BreadcrumbList\",\"@id\":\"https:\/\/pool-house.shop\/de\/product\/azuro-folie-lagoon-025-mm-360-x-090-m\/#breadcrumb\",\"itemListElement\":[{\"@type\":\"ListItem\",\"position\":1,\"name\":\"Domovsk\u00e1 str\u00e1nka\",\"item\":\"https:\/\/pool-house.shop\/de\/\"},{\"@type\":\"ListItem\",\"position\":2,\"name\":\"Shop\",\"item\":\"https:\/\/pool-house.shop\/de\/shop\/\"},{\"@type\":\"ListItem\",\"position\":3,\"name\":\"Azuro Folie Lagoon 0,25 mm, 3,60 x 0,90 m\"}]},{\"@type\":\"WebSite\",\"@id\":\"https:\/\/pool-house.shop\/de\/#website\",\"url\":\"https:\/\/pool-house.shop\/de\/\",\"name\":\"Pool-House\",\"description\":\"\",\"publisher\":{\"@id\":\"https:\/\/pool-house.shop\/de\/#organization\"},\"potentialAction\":[{\"@type\":\"SearchAction\",\"target\":{\"@type\":\"EntryPoint\",\"urlTemplate\":\"https:\/\/pool-house.shop\/de\/?s={search_term_string}\"},\"query-input\":{\"@type\":\"PropertyValueSpecification\",\"valueRequired\":true,\"valueName\":\"search_term_string\"}}],\"inLanguage\":\"de\"},{\"@type\":\"Organization\",\"@id\":\"https:\/\/pool-house.shop\/de\/#organization\",\"name\":\"Pool-House\",\"url\":\"https:\/\/pool-house.shop\/de\/\",\"logo\":{\"@type\":\"ImageObject\",\"inLanguage\":\"de\",\"@id\":\"https:\/\/pool-house.shop\/de\/#\/schema\/logo\/image\/\",\"url\":\"https:\/\/pool-house.shop\/wp-content\/uploads\/2025\/10\/logo-2-stvorec-mobil-modre.png\",\"contentUrl\":\"https:\/\/pool-house.shop\/wp-content\/uploads\/2025\/10\/logo-2-stvorec-mobil-modre.png\",\"width\":273,\"height\":189,\"caption\":\"Pool-House\"},\"image\":{\"@id\":\"https:\/\/pool-house.shop\/de\/#\/schema\/logo\/image\/\"},\"sameAs\":[\"https:\/\/www.facebook.com\/termodomsk\/\"]}]}<\/script>\n<!-- \/ Yoast SEO plugin. -->","yoast_head_json":{"title":"Azuro Folie Lagoon 0,25 mm, 3,60 x 0,90 m - Pool-House","robots":{"index":"index","follow":"follow","max-snippet":"max-snippet:-1","max-image-preview":"max-image-preview:large","max-video-preview":"max-video-preview:-1"},"canonical":"https:\/\/pool-house.shop\/de\/product\/azuro-folie-lagoon-025-mm-360-x-090-m\/","og_locale":"de_DE","og_type":"article","og_title":"Azuro Folie Lagoon 0,25 mm, 3,60 x 0,90 m - Pool-House","og_description":"Azuro Lagoon Peace Folie  Hochwertige Auskleidungsfolie f\u00fcr Rundbecken mit Metallw\u00e4nden in der Farbe Lagoon. Farbige Poolfolie f\u00fcr Azuro Pools, UV- und chemikalienbest\u00e4ndig. Einfache Installation und Wartung. Die Folie Lagoon Blau ist eine der g\u00e4ngigsten Poolfolienfarben, Material: Vinyl, St\u00e4rke 0,50 mm.  Wichtig Die Verlegung der Poolfolie sollte von einem Fachmann durchgef\u00fchrt werden, da unsachgem\u00e4\u00dfe Verlegung zu Schwellungen und Faltenbildung f\u00fchren kann, was neben der \u00c4sthetik auch die Lebensdauer der Folie mindert und zum Verlust der Garantie f\u00fchren kann.   Eigenschaften - Garantie: 2 Jahre (Fachgerechte Montage) - Gr\u00f6\u00dfe: 3,6 x 0,9 m - Folienst\u00e4rke: 0,25 mm - Gewicht: 7,34 kg","og_url":"https:\/\/pool-house.shop\/de\/product\/azuro-folie-lagoon-025-mm-360-x-090-m\/","og_site_name":"Pool-House","article_publisher":"https:\/\/www.facebook.com\/termodomsk\/","og_image":[{"width":519,"height":387,"url":"https:\/\/pool-house.shop\/wp-content\/uploads\/2025\/04\/185356.png","type":"image\/png"}],"twitter_card":"summary_large_image","twitter_misc":{"Gesch\u00e4tzte Lesezeit":"1\u00a0Minute"},"schema":{"@context":"https:\/\/schema.org","@graph":[{"@type":"WebPage","@id":"https:\/\/pool-house.shop\/de\/product\/azuro-folie-lagoon-025-mm-360-x-090-m\/","url":"https:\/\/pool-house.shop\/de\/product\/azuro-folie-lagoon-025-mm-360-x-090-m\/","name":"Azuro Folie Lagoon 0,25 mm, 3,60 x 0,90 m - Pool-House","isPartOf":{"@id":"https:\/\/pool-house.shop\/de\/#website"},"primaryImageOfPage":{"@id":"https:\/\/pool-house.shop\/de\/product\/azuro-folie-lagoon-025-mm-360-x-090-m\/#primaryimage"},"image":{"@id":"https:\/\/pool-house.shop\/de\/product\/azuro-folie-lagoon-025-mm-360-x-090-m\/#primaryimage"},"thumbnailUrl":"https:\/\/pool-house.shop\/wp-content\/uploads\/2025\/04\/185356.png","datePublished":"2025-04-08T10:37:43+00:00","breadcrumb":{"@id":"https:\/\/pool-house.shop\/de\/product\/azuro-folie-lagoon-025-mm-360-x-090-m\/#breadcrumb"},"inLanguage":"de","potentialAction":[{"@type":"ReadAction","target":["https:\/\/pool-house.shop\/de\/product\/azuro-folie-lagoon-025-mm-360-x-090-m\/"]}]},{"@type":"ImageObject","inLanguage":"de","@id":"https:\/\/pool-house.shop\/de\/product\/azuro-folie-lagoon-025-mm-360-x-090-m\/#primaryimage","url":"https:\/\/pool-house.shop\/wp-content\/uploads\/2025\/04\/185356.png","contentUrl":"https:\/\/pool-house.shop\/wp-content\/uploads\/2025\/04\/185356.png","width":519,"height":387},{"@type":"BreadcrumbList","@id":"https:\/\/pool-house.shop\/de\/product\/azuro-folie-lagoon-025-mm-360-x-090-m\/#breadcrumb","itemListElement":[{"@type":"ListItem","position":1,"name":"Domovsk\u00e1 str\u00e1nka","item":"https:\/\/pool-house.shop\/de\/"},{"@type":"ListItem","position":2,"name":"Shop","item":"https:\/\/pool-house.shop\/de\/shop\/"},{"@type":"ListItem","position":3,"name":"Azuro Folie Lagoon 0,25 mm, 3,60 x 0,90 m"}]},{"@type":"WebSite","@id":"https:\/\/pool-house.shop\/de\/#website","url":"https:\/\/pool-house.shop\/de\/","name":"Pool-House","description":"","publisher":{"@id":"https:\/\/pool-house.shop\/de\/#organization"},"potentialAction":[{"@type":"SearchAction","target":{"@type":"EntryPoint","urlTemplate":"https:\/\/pool-house.shop\/de\/?s={search_term_string}"},"query-input":{"@type":"PropertyValueSpecification","valueRequired":true,"valueName":"search_term_string"}}],"inLanguage":"de"},{"@type":"Organization","@id":"https:\/\/pool-house.shop\/de\/#organization","name":"Pool-House","url":"https:\/\/pool-house.shop\/de\/","logo":{"@type":"ImageObject","inLanguage":"de","@id":"https:\/\/pool-house.shop\/de\/#\/schema\/logo\/image\/","url":"https:\/\/pool-house.shop\/wp-content\/uploads\/2025\/10\/logo-2-stvorec-mobil-modre.png","contentUrl":"https:\/\/pool-house.shop\/wp-content\/uploads\/2025\/10\/logo-2-stvorec-mobil-modre.png","width":273,"height":189,"caption":"Pool-House"},"image":{"@id":"https:\/\/pool-house.shop\/de\/#\/schema\/logo\/image\/"},"sameAs":["https:\/\/www.facebook.com\/termodomsk\/"]}]}},"_links":{"self":[{"href":"https:\/\/pool-house.shop\/de\/wp-json\/wp\/v2\/product\/10270","targetHints":{"allow":["GET"]}}],"collection":[{"href":"https:\/\/pool-house.shop\/de\/wp-json\/wp\/v2\/product"}],"about":[{"href":"https:\/\/pool-house.shop\/de\/wp-json\/wp\/v2\/types\/product"}],"wp:featuredmedia":[{"embeddable":true,"href":"https:\/\/pool-house.shop\/de\/wp-json\/wp\/v2\/media\/4991"}],"wp:attachment":[{"href":"https:\/\/pool-house.shop\/de\/wp-json\/wp\/v2\/media?parent=10270"}],"wp:term":[{"taxonomy":"product_brand","embeddable":true,"href":"https:\/\/pool-house.shop\/de\/wp-json\/wp\/v2\/product_brand?post=10270"},{"taxonomy":"product_cat","embeddable":true,"href":"https:\/\/pool-house.shop\/de\/wp-json\/wp\/v2\/product_cat?post=10270"},{"taxonomy":"product_tag","embeddable":true,"href":"https:\/\/pool-house.shop\/de\/wp-json\/wp\/v2\/product_tag?post=10270"}],"curies":[{"name":"wp","href":"https:\/\/api.w.org\/{rel}","templated":true}]}}