{"id":10440,"date":"2025-04-08T12:36:52","date_gmt":"2025-04-08T10:36:52","guid":{"rendered":"https:\/\/pool-house.shop\/product\/azuro-rundpool-c-z-blau-24x09-m\/"},"modified":"2025-04-08T12:36:52","modified_gmt":"2025-04-08T10:36:52","slug":"azuro-rundpool-c-z-blau-24x09-m","status":"publish","type":"product","link":"https:\/\/pool-house.shop\/de\/product\/azuro-rundpool-c-z-blau-24x09-m\/","title":{"rendered":"Azuro Rundpool C-Z, blau 2,4&#215;0,9 m"},"content":{"rendered":"<p>Azuro &#8211; Rundpool<\/p>\n<p> Die tragenden W\u00e4nde der Azuro Pools bestehen aus hochwertigem verzinktem Stahlblech mit Korrosionsschutz und einer speziellen, robusten Kunststoffschicht. Die 7-lagige Wand gew\u00e4hrleistet eine lange Lebensdauer des Pools.<br \/>\n Die verst\u00e4rkte Konstruktion der Azuro Pools ist best\u00e4ndig gegen mechanische Besch\u00e4digungen, UV-Strahlung, Chlor und andere Chemikalien.<\/p>\n<p> Eigenschaften<br \/>\n &#8211; H\u00f6he: 0,9 m<br \/>\n &#8211; Folienst\u00e4rke: 0,225 mm <\/p>\n","protected":false},"excerpt":{"rendered":"<p>Azuro &#8211; Rundpool<\/p>\n<p> Die tragenden W\u00e4nde der Azuro Pools bestehen aus hochwertigem verzinktem Stahlblech mit Korrosionsschutz und einer speziellen, robusten Kunststoffschicht. Die 7-lagige Wand gew\u00e4hrleistet eine lange Lebensdauer des Pools.<br \/>\n Die verst\u00e4rkte Konstruktion der Azuro Pools ist best\u00e4ndig gegen mechanische Besch\u00e4digungen, UV-Strahlung, Chlor und andere Chemikalien.<\/p>\n<p> Eigenschaften<br \/>\n &#8211; H\u00f6he: 0,9 m<br \/>\n &#8211; Folienst\u00e4rke: 0,225 mm <\/p>\n","protected":false},"featured_media":4843,"template":"","meta":[],"product_brand":[],"product_cat":[281],"product_tag":[],"class_list":{"0":"post-10440","1":"product","2":"type-product","3":"status-publish","4":"has-post-thumbnail","6":"product_cat-komplettbecken","7":"thunk-woo-product-list","8":"open-woo-hover-none","9":"open-single-product-tab-horizontal","10":"open-shadow-","11":"open-shadow-hover-","13":"first","14":"instock","15":"taxable","16":"shipping-taxable","17":"purchasable","18":"product-type-simple"},"yoast_head":"<!-- This site is optimized with the Yoast SEO plugin v26.9 - https:\/\/yoast.com\/product\/yoast-seo-wordpress\/ -->\n<title>Azuro Rundpool C-Z, blau 2,4x0,9 m - Pool-House<\/title>\n<meta name=\"robots\" content=\"index, follow, max-snippet:-1, max-image-preview:large, max-video-preview:-1\" \/>\n<link rel=\"canonical\" href=\"https:\/\/pool-house.shop\/de\/product\/azuro-rundpool-c-z-blau-24x09-m\/\" \/>\n<meta property=\"og:locale\" content=\"de_DE\" \/>\n<meta property=\"og:type\" content=\"article\" \/>\n<meta property=\"og:title\" content=\"Azuro Rundpool C-Z, blau 2,4x0,9 m - Pool-House\" \/>\n<meta property=\"og:description\" content=\"Azuro - Rundpool  Die tragenden W\u00e4nde der Azuro Pools bestehen aus hochwertigem verzinktem Stahlblech mit Korrosionsschutz und einer speziellen, robusten Kunststoffschicht. Die 7-lagige Wand gew\u00e4hrleistet eine lange Lebensdauer des Pools. Die verst\u00e4rkte Konstruktion der Azuro Pools ist best\u00e4ndig gegen mechanische Besch\u00e4digungen, UV-Strahlung, Chlor und andere Chemikalien.  Eigenschaften - H\u00f6he: 0,9 m - Folienst\u00e4rke: 0,225 mm\" \/>\n<meta property=\"og:url\" content=\"https:\/\/pool-house.shop\/de\/product\/azuro-rundpool-c-z-blau-24x09-m\/\" \/>\n<meta property=\"og:site_name\" content=\"Pool-House\" \/>\n<meta property=\"article:publisher\" content=\"https:\/\/www.facebook.com\/termodomsk\/\" \/>\n<meta property=\"og:image\" content=\"https:\/\/pool-house.shop\/wp-content\/uploads\/2025\/04\/184100.png\" \/>\n\t<meta property=\"og:image:width\" content=\"530\" \/>\n\t<meta property=\"og:image:height\" content=\"416\" \/>\n\t<meta property=\"og:image:type\" content=\"image\/png\" \/>\n<meta name=\"twitter:card\" content=\"summary_large_image\" \/>\n<script type=\"application\/ld+json\" class=\"yoast-schema-graph\">{\"@context\":\"https:\/\/schema.org\",\"@graph\":[{\"@type\":\"WebPage\",\"@id\":\"https:\/\/pool-house.shop\/de\/product\/azuro-rundpool-c-z-blau-24x09-m\/\",\"url\":\"https:\/\/pool-house.shop\/de\/product\/azuro-rundpool-c-z-blau-24x09-m\/\",\"name\":\"Azuro Rundpool C-Z, blau 2,4x0,9 m - Pool-House\",\"isPartOf\":{\"@id\":\"https:\/\/pool-house.shop\/de\/#website\"},\"primaryImageOfPage\":{\"@id\":\"https:\/\/pool-house.shop\/de\/product\/azuro-rundpool-c-z-blau-24x09-m\/#primaryimage\"},\"image\":{\"@id\":\"https:\/\/pool-house.shop\/de\/product\/azuro-rundpool-c-z-blau-24x09-m\/#primaryimage\"},\"thumbnailUrl\":\"https:\/\/pool-house.shop\/wp-content\/uploads\/2025\/04\/184100.png\",\"datePublished\":\"2025-04-08T10:36:52+00:00\",\"breadcrumb\":{\"@id\":\"https:\/\/pool-house.shop\/de\/product\/azuro-rundpool-c-z-blau-24x09-m\/#breadcrumb\"},\"inLanguage\":\"de\",\"potentialAction\":[{\"@type\":\"ReadAction\",\"target\":[\"https:\/\/pool-house.shop\/de\/product\/azuro-rundpool-c-z-blau-24x09-m\/\"]}]},{\"@type\":\"ImageObject\",\"inLanguage\":\"de\",\"@id\":\"https:\/\/pool-house.shop\/de\/product\/azuro-rundpool-c-z-blau-24x09-m\/#primaryimage\",\"url\":\"https:\/\/pool-house.shop\/wp-content\/uploads\/2025\/04\/184100.png\",\"contentUrl\":\"https:\/\/pool-house.shop\/wp-content\/uploads\/2025\/04\/184100.png\",\"width\":530,\"height\":416},{\"@type\":\"BreadcrumbList\",\"@id\":\"https:\/\/pool-house.shop\/de\/product\/azuro-rundpool-c-z-blau-24x09-m\/#breadcrumb\",\"itemListElement\":[{\"@type\":\"ListItem\",\"position\":1,\"name\":\"Domovsk\u00e1 str\u00e1nka\",\"item\":\"https:\/\/pool-house.shop\/de\/\"},{\"@type\":\"ListItem\",\"position\":2,\"name\":\"Shop\",\"item\":\"https:\/\/pool-house.shop\/de\/shop\/\"},{\"@type\":\"ListItem\",\"position\":3,\"name\":\"Azuro Rundpool C-Z, blau 2,4&#215;0,9 m\"}]},{\"@type\":\"WebSite\",\"@id\":\"https:\/\/pool-house.shop\/de\/#website\",\"url\":\"https:\/\/pool-house.shop\/de\/\",\"name\":\"Pool-House\",\"description\":\"\",\"publisher\":{\"@id\":\"https:\/\/pool-house.shop\/de\/#organization\"},\"potentialAction\":[{\"@type\":\"SearchAction\",\"target\":{\"@type\":\"EntryPoint\",\"urlTemplate\":\"https:\/\/pool-house.shop\/de\/?s={search_term_string}\"},\"query-input\":{\"@type\":\"PropertyValueSpecification\",\"valueRequired\":true,\"valueName\":\"search_term_string\"}}],\"inLanguage\":\"de\"},{\"@type\":\"Organization\",\"@id\":\"https:\/\/pool-house.shop\/de\/#organization\",\"name\":\"Pool-House\",\"url\":\"https:\/\/pool-house.shop\/de\/\",\"logo\":{\"@type\":\"ImageObject\",\"inLanguage\":\"de\",\"@id\":\"https:\/\/pool-house.shop\/de\/#\/schema\/logo\/image\/\",\"url\":\"https:\/\/pool-house.shop\/wp-content\/uploads\/2025\/10\/logo-2-stvorec-mobil-modre.png\",\"contentUrl\":\"https:\/\/pool-house.shop\/wp-content\/uploads\/2025\/10\/logo-2-stvorec-mobil-modre.png\",\"width\":273,\"height\":189,\"caption\":\"Pool-House\"},\"image\":{\"@id\":\"https:\/\/pool-house.shop\/de\/#\/schema\/logo\/image\/\"},\"sameAs\":[\"https:\/\/www.facebook.com\/termodomsk\/\"]}]}<\/script>\n<!-- \/ Yoast SEO plugin. -->","yoast_head_json":{"title":"Azuro Rundpool C-Z, blau 2,4x0,9 m - Pool-House","robots":{"index":"index","follow":"follow","max-snippet":"max-snippet:-1","max-image-preview":"max-image-preview:large","max-video-preview":"max-video-preview:-1"},"canonical":"https:\/\/pool-house.shop\/de\/product\/azuro-rundpool-c-z-blau-24x09-m\/","og_locale":"de_DE","og_type":"article","og_title":"Azuro Rundpool C-Z, blau 2,4x0,9 m - Pool-House","og_description":"Azuro - Rundpool  Die tragenden W\u00e4nde der Azuro Pools bestehen aus hochwertigem verzinktem Stahlblech mit Korrosionsschutz und einer speziellen, robusten Kunststoffschicht. Die 7-lagige Wand gew\u00e4hrleistet eine lange Lebensdauer des Pools. Die verst\u00e4rkte Konstruktion der Azuro Pools ist best\u00e4ndig gegen mechanische Besch\u00e4digungen, UV-Strahlung, Chlor und andere Chemikalien.  Eigenschaften - H\u00f6he: 0,9 m - Folienst\u00e4rke: 0,225 mm","og_url":"https:\/\/pool-house.shop\/de\/product\/azuro-rundpool-c-z-blau-24x09-m\/","og_site_name":"Pool-House","article_publisher":"https:\/\/www.facebook.com\/termodomsk\/","og_image":[{"width":530,"height":416,"url":"https:\/\/pool-house.shop\/wp-content\/uploads\/2025\/04\/184100.png","type":"image\/png"}],"twitter_card":"summary_large_image","schema":{"@context":"https:\/\/schema.org","@graph":[{"@type":"WebPage","@id":"https:\/\/pool-house.shop\/de\/product\/azuro-rundpool-c-z-blau-24x09-m\/","url":"https:\/\/pool-house.shop\/de\/product\/azuro-rundpool-c-z-blau-24x09-m\/","name":"Azuro Rundpool C-Z, blau 2,4x0,9 m - Pool-House","isPartOf":{"@id":"https:\/\/pool-house.shop\/de\/#website"},"primaryImageOfPage":{"@id":"https:\/\/pool-house.shop\/de\/product\/azuro-rundpool-c-z-blau-24x09-m\/#primaryimage"},"image":{"@id":"https:\/\/pool-house.shop\/de\/product\/azuro-rundpool-c-z-blau-24x09-m\/#primaryimage"},"thumbnailUrl":"https:\/\/pool-house.shop\/wp-content\/uploads\/2025\/04\/184100.png","datePublished":"2025-04-08T10:36:52+00:00","breadcrumb":{"@id":"https:\/\/pool-house.shop\/de\/product\/azuro-rundpool-c-z-blau-24x09-m\/#breadcrumb"},"inLanguage":"de","potentialAction":[{"@type":"ReadAction","target":["https:\/\/pool-house.shop\/de\/product\/azuro-rundpool-c-z-blau-24x09-m\/"]}]},{"@type":"ImageObject","inLanguage":"de","@id":"https:\/\/pool-house.shop\/de\/product\/azuro-rundpool-c-z-blau-24x09-m\/#primaryimage","url":"https:\/\/pool-house.shop\/wp-content\/uploads\/2025\/04\/184100.png","contentUrl":"https:\/\/pool-house.shop\/wp-content\/uploads\/2025\/04\/184100.png","width":530,"height":416},{"@type":"BreadcrumbList","@id":"https:\/\/pool-house.shop\/de\/product\/azuro-rundpool-c-z-blau-24x09-m\/#breadcrumb","itemListElement":[{"@type":"ListItem","position":1,"name":"Domovsk\u00e1 str\u00e1nka","item":"https:\/\/pool-house.shop\/de\/"},{"@type":"ListItem","position":2,"name":"Shop","item":"https:\/\/pool-house.shop\/de\/shop\/"},{"@type":"ListItem","position":3,"name":"Azuro Rundpool C-Z, blau 2,4&#215;0,9 m"}]},{"@type":"WebSite","@id":"https:\/\/pool-house.shop\/de\/#website","url":"https:\/\/pool-house.shop\/de\/","name":"Pool-House","description":"","publisher":{"@id":"https:\/\/pool-house.shop\/de\/#organization"},"potentialAction":[{"@type":"SearchAction","target":{"@type":"EntryPoint","urlTemplate":"https:\/\/pool-house.shop\/de\/?s={search_term_string}"},"query-input":{"@type":"PropertyValueSpecification","valueRequired":true,"valueName":"search_term_string"}}],"inLanguage":"de"},{"@type":"Organization","@id":"https:\/\/pool-house.shop\/de\/#organization","name":"Pool-House","url":"https:\/\/pool-house.shop\/de\/","logo":{"@type":"ImageObject","inLanguage":"de","@id":"https:\/\/pool-house.shop\/de\/#\/schema\/logo\/image\/","url":"https:\/\/pool-house.shop\/wp-content\/uploads\/2025\/10\/logo-2-stvorec-mobil-modre.png","contentUrl":"https:\/\/pool-house.shop\/wp-content\/uploads\/2025\/10\/logo-2-stvorec-mobil-modre.png","width":273,"height":189,"caption":"Pool-House"},"image":{"@id":"https:\/\/pool-house.shop\/de\/#\/schema\/logo\/image\/"},"sameAs":["https:\/\/www.facebook.com\/termodomsk\/"]}]}},"_links":{"self":[{"href":"https:\/\/pool-house.shop\/de\/wp-json\/wp\/v2\/product\/10440","targetHints":{"allow":["GET"]}}],"collection":[{"href":"https:\/\/pool-house.shop\/de\/wp-json\/wp\/v2\/product"}],"about":[{"href":"https:\/\/pool-house.shop\/de\/wp-json\/wp\/v2\/types\/product"}],"wp:featuredmedia":[{"embeddable":true,"href":"https:\/\/pool-house.shop\/de\/wp-json\/wp\/v2\/media\/4843"}],"wp:attachment":[{"href":"https:\/\/pool-house.shop\/de\/wp-json\/wp\/v2\/media?parent=10440"}],"wp:term":[{"taxonomy":"product_brand","embeddable":true,"href":"https:\/\/pool-house.shop\/de\/wp-json\/wp\/v2\/product_brand?post=10440"},{"taxonomy":"product_cat","embeddable":true,"href":"https:\/\/pool-house.shop\/de\/wp-json\/wp\/v2\/product_cat?post=10440"},{"taxonomy":"product_tag","embeddable":true,"href":"https:\/\/pool-house.shop\/de\/wp-json\/wp\/v2\/product_tag?post=10440"}],"curies":[{"name":"wp","href":"https:\/\/api.w.org\/{rel}","templated":true}]}}