{"id":10460,"date":"2025-04-08T12:36:35","date_gmt":"2025-04-08T10:36:35","guid":{"rendered":"https:\/\/pool-house.shop\/product\/ibiza-rund-blau-360-x-120-m\/"},"modified":"2025-04-08T12:36:35","modified_gmt":"2025-04-08T10:36:35","slug":"ibiza-rund-blau-360-x-120-m","status":"publish","type":"product","link":"https:\/\/pool-house.shop\/de\/product\/ibiza-rund-blau-360-x-120-m\/","title":{"rendered":"Ibiza rund blau; 3,60 x 1,20 m"},"content":{"rendered":"<p>Ibiza &#8211; Rundbecken<\/p>\n<p> Sie k\u00f6nnen in verschiedenen Gr\u00f6\u00dfen, rund und l\u00e4nglich, bis zu 8 Meter L\u00e4nge, mit einer Tiefe von 1,2 und 1,5 Metern bestellt werden. Ein weiterer gro\u00dfer Vorteil der Pools ist die einfache Konstruktion und schnelle Montage.<br \/>\n Diese Pools haben eine sehr lange Lebensdauer dank der doppelt verst\u00e4rkten Wand aus verzinktem Stahlblech, die zus\u00e4tzlich mit einer Korrosionsschutzbeschichtung versehen ist.<\/p>\n<p> Die verst\u00e4rkte Konstruktion der Ibiza-Pools ist best\u00e4ndig gegen mechanische Besch\u00e4digungen, UV-Strahlung sowie Chlor und andere Poolchemikalien.<\/p>\n","protected":false},"excerpt":{"rendered":"<p>Ibiza &#8211; Rundbecken<\/p>\n<p> Sie k\u00f6nnen in verschiedenen Gr\u00f6\u00dfen, rund und l\u00e4nglich, bis zu 8 Meter L\u00e4nge, mit einer Tiefe von 1,2 und 1,5 Metern bestellt werden. Ein weiterer gro\u00dfer Vorteil der Pools ist die einfache Konstruktion und schnelle Montage.<br \/>\n Diese Pools haben eine sehr lange Lebensdauer dank der doppelt verst\u00e4rkten Wand aus verzinktem Stahlblech, die zus\u00e4tzlich mit einer Korrosionsschutzbeschichtung versehen ist.<\/p>\n<p> Die verst\u00e4rkte Konstruktion der Ibiza-Pools ist best\u00e4ndig gegen mechanische Besch\u00e4digungen, UV-Strahlung sowie Chlor und andere Poolchemikalien.<\/p>\n","protected":false},"featured_media":4821,"template":"","meta":[],"product_brand":[],"product_cat":[281],"product_tag":[],"class_list":{"0":"post-10460","1":"product","2":"type-product","3":"status-publish","4":"has-post-thumbnail","6":"product_cat-komplettbecken","7":"thunk-woo-product-list","8":"open-woo-hover-none","9":"open-single-product-tab-horizontal","10":"open-shadow-","11":"open-shadow-hover-","13":"first","14":"instock","15":"taxable","16":"shipping-taxable","17":"purchasable","18":"product-type-simple"},"yoast_head":"<!-- This site is optimized with the Yoast SEO plugin v26.9 - https:\/\/yoast.com\/product\/yoast-seo-wordpress\/ -->\n<title>Ibiza rund blau; 3,60 x 1,20 m - Pool-House<\/title>\n<meta name=\"robots\" content=\"index, follow, max-snippet:-1, max-image-preview:large, max-video-preview:-1\" \/>\n<link rel=\"canonical\" href=\"https:\/\/pool-house.shop\/de\/product\/ibiza-rund-blau-360-x-120-m\/\" \/>\n<meta property=\"og:locale\" content=\"de_DE\" \/>\n<meta property=\"og:type\" content=\"article\" \/>\n<meta property=\"og:title\" content=\"Ibiza rund blau; 3,60 x 1,20 m - Pool-House\" \/>\n<meta property=\"og:description\" content=\"Ibiza - Rundbecken  Sie k\u00f6nnen in verschiedenen Gr\u00f6\u00dfen, rund und l\u00e4nglich, bis zu 8 Meter L\u00e4nge, mit einer Tiefe von 1,2 und 1,5 Metern bestellt werden. Ein weiterer gro\u00dfer Vorteil der Pools ist die einfache Konstruktion und schnelle Montage.  Diese Pools haben eine sehr lange Lebensdauer dank der doppelt verst\u00e4rkten Wand aus verzinktem Stahlblech, die zus\u00e4tzlich mit einer Korrosionsschutzbeschichtung versehen ist.  Die verst\u00e4rkte Konstruktion der Ibiza-Pools ist best\u00e4ndig gegen mechanische Besch\u00e4digungen, UV-Strahlung sowie Chlor und andere Poolchemikalien.\" \/>\n<meta property=\"og:url\" content=\"https:\/\/pool-house.shop\/de\/product\/ibiza-rund-blau-360-x-120-m\/\" \/>\n<meta property=\"og:site_name\" content=\"Pool-House\" \/>\n<meta property=\"article:publisher\" content=\"https:\/\/www.facebook.com\/termodomsk\/\" \/>\n<meta property=\"og:image\" content=\"https:\/\/pool-house.shop\/wp-content\/uploads\/2025\/04\/184000.png\" \/>\n\t<meta property=\"og:image:width\" content=\"1600\" \/>\n\t<meta property=\"og:image:height\" content=\"1067\" \/>\n\t<meta property=\"og:image:type\" content=\"image\/png\" \/>\n<meta name=\"twitter:card\" content=\"summary_large_image\" \/>\n<script type=\"application\/ld+json\" class=\"yoast-schema-graph\">{\"@context\":\"https:\/\/schema.org\",\"@graph\":[{\"@type\":\"WebPage\",\"@id\":\"https:\/\/pool-house.shop\/de\/product\/ibiza-rund-blau-360-x-120-m\/\",\"url\":\"https:\/\/pool-house.shop\/de\/product\/ibiza-rund-blau-360-x-120-m\/\",\"name\":\"Ibiza rund blau; 3,60 x 1,20 m - Pool-House\",\"isPartOf\":{\"@id\":\"https:\/\/pool-house.shop\/de\/#website\"},\"primaryImageOfPage\":{\"@id\":\"https:\/\/pool-house.shop\/de\/product\/ibiza-rund-blau-360-x-120-m\/#primaryimage\"},\"image\":{\"@id\":\"https:\/\/pool-house.shop\/de\/product\/ibiza-rund-blau-360-x-120-m\/#primaryimage\"},\"thumbnailUrl\":\"https:\/\/pool-house.shop\/wp-content\/uploads\/2025\/04\/184000.png\",\"datePublished\":\"2025-04-08T10:36:35+00:00\",\"breadcrumb\":{\"@id\":\"https:\/\/pool-house.shop\/de\/product\/ibiza-rund-blau-360-x-120-m\/#breadcrumb\"},\"inLanguage\":\"de\",\"potentialAction\":[{\"@type\":\"ReadAction\",\"target\":[\"https:\/\/pool-house.shop\/de\/product\/ibiza-rund-blau-360-x-120-m\/\"]}]},{\"@type\":\"ImageObject\",\"inLanguage\":\"de\",\"@id\":\"https:\/\/pool-house.shop\/de\/product\/ibiza-rund-blau-360-x-120-m\/#primaryimage\",\"url\":\"https:\/\/pool-house.shop\/wp-content\/uploads\/2025\/04\/184000.png\",\"contentUrl\":\"https:\/\/pool-house.shop\/wp-content\/uploads\/2025\/04\/184000.png\",\"width\":1600,\"height\":1067},{\"@type\":\"BreadcrumbList\",\"@id\":\"https:\/\/pool-house.shop\/de\/product\/ibiza-rund-blau-360-x-120-m\/#breadcrumb\",\"itemListElement\":[{\"@type\":\"ListItem\",\"position\":1,\"name\":\"Domovsk\u00e1 str\u00e1nka\",\"item\":\"https:\/\/pool-house.shop\/de\/\"},{\"@type\":\"ListItem\",\"position\":2,\"name\":\"Shop\",\"item\":\"https:\/\/pool-house.shop\/de\/shop\/\"},{\"@type\":\"ListItem\",\"position\":3,\"name\":\"Ibiza rund blau; 3,60 x 1,20 m\"}]},{\"@type\":\"WebSite\",\"@id\":\"https:\/\/pool-house.shop\/de\/#website\",\"url\":\"https:\/\/pool-house.shop\/de\/\",\"name\":\"Pool-House\",\"description\":\"\",\"publisher\":{\"@id\":\"https:\/\/pool-house.shop\/de\/#organization\"},\"potentialAction\":[{\"@type\":\"SearchAction\",\"target\":{\"@type\":\"EntryPoint\",\"urlTemplate\":\"https:\/\/pool-house.shop\/de\/?s={search_term_string}\"},\"query-input\":{\"@type\":\"PropertyValueSpecification\",\"valueRequired\":true,\"valueName\":\"search_term_string\"}}],\"inLanguage\":\"de\"},{\"@type\":\"Organization\",\"@id\":\"https:\/\/pool-house.shop\/de\/#organization\",\"name\":\"Pool-House\",\"url\":\"https:\/\/pool-house.shop\/de\/\",\"logo\":{\"@type\":\"ImageObject\",\"inLanguage\":\"de\",\"@id\":\"https:\/\/pool-house.shop\/de\/#\/schema\/logo\/image\/\",\"url\":\"https:\/\/pool-house.shop\/wp-content\/uploads\/2025\/10\/logo-2-stvorec-mobil-modre.png\",\"contentUrl\":\"https:\/\/pool-house.shop\/wp-content\/uploads\/2025\/10\/logo-2-stvorec-mobil-modre.png\",\"width\":273,\"height\":189,\"caption\":\"Pool-House\"},\"image\":{\"@id\":\"https:\/\/pool-house.shop\/de\/#\/schema\/logo\/image\/\"},\"sameAs\":[\"https:\/\/www.facebook.com\/termodomsk\/\"]}]}<\/script>\n<!-- \/ Yoast SEO plugin. -->","yoast_head_json":{"title":"Ibiza rund blau; 3,60 x 1,20 m - Pool-House","robots":{"index":"index","follow":"follow","max-snippet":"max-snippet:-1","max-image-preview":"max-image-preview:large","max-video-preview":"max-video-preview:-1"},"canonical":"https:\/\/pool-house.shop\/de\/product\/ibiza-rund-blau-360-x-120-m\/","og_locale":"de_DE","og_type":"article","og_title":"Ibiza rund blau; 3,60 x 1,20 m - Pool-House","og_description":"Ibiza - Rundbecken  Sie k\u00f6nnen in verschiedenen Gr\u00f6\u00dfen, rund und l\u00e4nglich, bis zu 8 Meter L\u00e4nge, mit einer Tiefe von 1,2 und 1,5 Metern bestellt werden. Ein weiterer gro\u00dfer Vorteil der Pools ist die einfache Konstruktion und schnelle Montage.  Diese Pools haben eine sehr lange Lebensdauer dank der doppelt verst\u00e4rkten Wand aus verzinktem Stahlblech, die zus\u00e4tzlich mit einer Korrosionsschutzbeschichtung versehen ist.  Die verst\u00e4rkte Konstruktion der Ibiza-Pools ist best\u00e4ndig gegen mechanische Besch\u00e4digungen, UV-Strahlung sowie Chlor und andere Poolchemikalien.","og_url":"https:\/\/pool-house.shop\/de\/product\/ibiza-rund-blau-360-x-120-m\/","og_site_name":"Pool-House","article_publisher":"https:\/\/www.facebook.com\/termodomsk\/","og_image":[{"width":1600,"height":1067,"url":"https:\/\/pool-house.shop\/wp-content\/uploads\/2025\/04\/184000.png","type":"image\/png"}],"twitter_card":"summary_large_image","schema":{"@context":"https:\/\/schema.org","@graph":[{"@type":"WebPage","@id":"https:\/\/pool-house.shop\/de\/product\/ibiza-rund-blau-360-x-120-m\/","url":"https:\/\/pool-house.shop\/de\/product\/ibiza-rund-blau-360-x-120-m\/","name":"Ibiza rund blau; 3,60 x 1,20 m - Pool-House","isPartOf":{"@id":"https:\/\/pool-house.shop\/de\/#website"},"primaryImageOfPage":{"@id":"https:\/\/pool-house.shop\/de\/product\/ibiza-rund-blau-360-x-120-m\/#primaryimage"},"image":{"@id":"https:\/\/pool-house.shop\/de\/product\/ibiza-rund-blau-360-x-120-m\/#primaryimage"},"thumbnailUrl":"https:\/\/pool-house.shop\/wp-content\/uploads\/2025\/04\/184000.png","datePublished":"2025-04-08T10:36:35+00:00","breadcrumb":{"@id":"https:\/\/pool-house.shop\/de\/product\/ibiza-rund-blau-360-x-120-m\/#breadcrumb"},"inLanguage":"de","potentialAction":[{"@type":"ReadAction","target":["https:\/\/pool-house.shop\/de\/product\/ibiza-rund-blau-360-x-120-m\/"]}]},{"@type":"ImageObject","inLanguage":"de","@id":"https:\/\/pool-house.shop\/de\/product\/ibiza-rund-blau-360-x-120-m\/#primaryimage","url":"https:\/\/pool-house.shop\/wp-content\/uploads\/2025\/04\/184000.png","contentUrl":"https:\/\/pool-house.shop\/wp-content\/uploads\/2025\/04\/184000.png","width":1600,"height":1067},{"@type":"BreadcrumbList","@id":"https:\/\/pool-house.shop\/de\/product\/ibiza-rund-blau-360-x-120-m\/#breadcrumb","itemListElement":[{"@type":"ListItem","position":1,"name":"Domovsk\u00e1 str\u00e1nka","item":"https:\/\/pool-house.shop\/de\/"},{"@type":"ListItem","position":2,"name":"Shop","item":"https:\/\/pool-house.shop\/de\/shop\/"},{"@type":"ListItem","position":3,"name":"Ibiza rund blau; 3,60 x 1,20 m"}]},{"@type":"WebSite","@id":"https:\/\/pool-house.shop\/de\/#website","url":"https:\/\/pool-house.shop\/de\/","name":"Pool-House","description":"","publisher":{"@id":"https:\/\/pool-house.shop\/de\/#organization"},"potentialAction":[{"@type":"SearchAction","target":{"@type":"EntryPoint","urlTemplate":"https:\/\/pool-house.shop\/de\/?s={search_term_string}"},"query-input":{"@type":"PropertyValueSpecification","valueRequired":true,"valueName":"search_term_string"}}],"inLanguage":"de"},{"@type":"Organization","@id":"https:\/\/pool-house.shop\/de\/#organization","name":"Pool-House","url":"https:\/\/pool-house.shop\/de\/","logo":{"@type":"ImageObject","inLanguage":"de","@id":"https:\/\/pool-house.shop\/de\/#\/schema\/logo\/image\/","url":"https:\/\/pool-house.shop\/wp-content\/uploads\/2025\/10\/logo-2-stvorec-mobil-modre.png","contentUrl":"https:\/\/pool-house.shop\/wp-content\/uploads\/2025\/10\/logo-2-stvorec-mobil-modre.png","width":273,"height":189,"caption":"Pool-House"},"image":{"@id":"https:\/\/pool-house.shop\/de\/#\/schema\/logo\/image\/"},"sameAs":["https:\/\/www.facebook.com\/termodomsk\/"]}]}},"_links":{"self":[{"href":"https:\/\/pool-house.shop\/de\/wp-json\/wp\/v2\/product\/10460","targetHints":{"allow":["GET"]}}],"collection":[{"href":"https:\/\/pool-house.shop\/de\/wp-json\/wp\/v2\/product"}],"about":[{"href":"https:\/\/pool-house.shop\/de\/wp-json\/wp\/v2\/types\/product"}],"wp:featuredmedia":[{"embeddable":true,"href":"https:\/\/pool-house.shop\/de\/wp-json\/wp\/v2\/media\/4821"}],"wp:attachment":[{"href":"https:\/\/pool-house.shop\/de\/wp-json\/wp\/v2\/media?parent=10460"}],"wp:term":[{"taxonomy":"product_brand","embeddable":true,"href":"https:\/\/pool-house.shop\/de\/wp-json\/wp\/v2\/product_brand?post=10460"},{"taxonomy":"product_cat","embeddable":true,"href":"https:\/\/pool-house.shop\/de\/wp-json\/wp\/v2\/product_cat?post=10460"},{"taxonomy":"product_tag","embeddable":true,"href":"https:\/\/pool-house.shop\/de\/wp-json\/wp\/v2\/product_tag?post=10460"}],"curies":[{"name":"wp","href":"https:\/\/api.w.org\/{rel}","templated":true}]}}