{"id":10484,"date":"2025-09-30T09:45:34","date_gmt":"2025-09-30T07:45:34","guid":{"rendered":"https:\/\/pool-house.shop\/product\/mr-pump-eco-de22-pumpe\/"},"modified":"2025-09-30T09:45:34","modified_gmt":"2025-09-30T07:45:34","slug":"mr-pump-eco-de22-pumpe","status":"publish","type":"product","link":"https:\/\/pool-house.shop\/de\/product\/mr-pump-eco-de22-pumpe\/","title":{"rendered":"Mr.Pump ECO DE22 Pumpe"},"content":{"rendered":"<p data-start=\"37\" data-end=\"229\">\u00dcberzeugen Sie sich, dass auch eine leistungsstarke Pumpe leise und sparsam sein kann. Genau wie die Mr.Pump ECO Inverterpumpe, die zudem einen niedrigen Verbrauch und 4 Leistungsmodi bietet. <\/p>\n<ul data-start=\"231\" data-end=\"397\">\n<li data-start=\"231\" data-end=\"279\">\n<p data-start=\"233\" data-end=\"279\">Sanfter Start f\u00fcr eine l\u00e4ngere Lebensdauer der Pumpe.<\/p>\n<\/li>\n<li data-start=\"280\" data-end=\"332\">\n<p data-start=\"282\" data-end=\"332\">Sie verbinden es mit Ihrem Smart Home.<\/p>\n<\/li>\n<li data-start=\"333\" data-end=\"366\">\n<p data-start=\"335\" data-end=\"366\">Sehr leiser Betrieb \u2013 nur 36 dB.<\/p>\n<\/li>\n<li data-start=\"367\" data-end=\"397\">\n<p data-start=\"369\" data-end=\"397\">4 Modi mit unterschiedlicher Leistung.<\/p>\n<\/li>\n<\/ul>\n<p data-start=\"399\" data-end=\"829\">Dank der <strong data-start=\"417\" data-end=\"433\">InverSilence<\/strong>-Technologie kann die Motorgeschwindigkeit auf die exakt gew\u00fcnschte Drehzahl eingestellt werden. Bei Bedarf einer R\u00fccksp\u00fclung kann die Pumpe auf 100 % Leistung eingestellt werden.<br data-start=\"583\" data-end=\"586\">Umgekehrt kann die Pumpe f\u00fcr den t\u00e4glichen Filtrationsbedarf, wenn ein geringerer Durchfluss ausreicht, mit geringerer Leistung betrieben werden, wodurch ihr Betrieb extrem leise und energieeffizient ist.<br data-start=\"754\" data-end=\"757\">Zudem ist die Lebensdauer dank der <strong data-start=\"795\" data-end=\"819\">Aquagem InverSilence<\/strong>-Technologie l\u00e4nger. <\/p>\n<p data-start=\"831\" data-end=\"929\" data-is-last-node=\"\" data-is-only-node=\"\"><strong data-start=\"831\" data-end=\"867\">Qualit\u00e4t und Service ohne Kompromisse<\/strong><\/p>\n<p data-start=\"831\" data-end=\"929\" data-is-last-node=\"\" data-is-only-node=\"\">5 Jahre Garantie.<\/p>\n","protected":false},"excerpt":{"rendered":"<p>\u00dcberzeugen Sie sich, dass auch eine leistungsstarke Pumpe leise und sparsam sein kann. Genau wie die Mr.Pump ECO Inverterpumpe, die zudem einen niedrigen Verbrauch und 4 Leistungsmodi bietet. Sanfter Start f\u00fcr eine l\u00e4ngere Lebensdauer der Pumpe. Sie verbinden es mit Ihrem Smart Home. Sehr leiser Betrieb \u2013 nur 36 dB. 4 Modi mit unterschiedlicher Leistung. &hellip;<\/p>\n<p class=\"read-more\"> <a class=\" thunk-readmore button \" href=\"https:\/\/pool-house.shop\/de\/product\/mr-pump-eco-de22-pumpe\/\"> <span class=\"screen-reader-text\">Mr.Pump ECO DE22 Pumpe<\/span>Weiterlesen<\/a><\/p>\n","protected":false},"featured_media":10471,"template":"","meta":[],"product_brand":[],"product_cat":[402,353,265,15],"product_tag":[],"class_list":{"0":"post-10484","1":"product","2":"type-product","3":"status-publish","4":"has-post-thumbnail","6":"product_cat-aquark-pumpen","7":"product_cat-filteranlagen","8":"product_cat-filterpumpen","9":"product_cat-mr_pool_house","10":"thunk-woo-product-list","11":"open-woo-hover-none","12":"open-single-product-tab-horizontal","13":"open-shadow-","14":"open-shadow-hover-","16":"first","17":"instock","18":"taxable","19":"shipping-taxable","20":"purchasable","21":"product-type-simple"},"yoast_head":"<!-- This site is optimized with the Yoast SEO plugin v26.9 - https:\/\/yoast.com\/product\/yoast-seo-wordpress\/ -->\n<title>Mr.Pump ECO DE22 Pumpe - Pool-House<\/title>\n<meta name=\"robots\" content=\"index, follow, max-snippet:-1, max-image-preview:large, max-video-preview:-1\" \/>\n<link rel=\"canonical\" href=\"https:\/\/pool-house.shop\/de\/product\/mr-pump-eco-de22-pumpe\/\" \/>\n<meta property=\"og:locale\" content=\"de_DE\" \/>\n<meta property=\"og:type\" content=\"article\" \/>\n<meta property=\"og:title\" content=\"Mr.Pump ECO DE22 Pumpe - Pool-House\" \/>\n<meta property=\"og:description\" content=\"\u00dcberzeugen Sie sich, dass auch eine leistungsstarke Pumpe leise und sparsam sein kann. Genau wie die Mr.Pump ECO Inverterpumpe, die zudem einen niedrigen Verbrauch und 4 Leistungsmodi bietet. Sanfter Start f\u00fcr eine l\u00e4ngere Lebensdauer der Pumpe. Sie verbinden es mit Ihrem Smart Home. Sehr leiser Betrieb \u2013 nur 36 dB. 4 Modi mit unterschiedlicher Leistung. &hellip; Mr.Pump ECO DE22 PumpeWeiterlesen\" \/>\n<meta property=\"og:url\" content=\"https:\/\/pool-house.shop\/de\/product\/mr-pump-eco-de22-pumpe\/\" \/>\n<meta property=\"og:site_name\" content=\"Pool-House\" \/>\n<meta property=\"article:publisher\" content=\"https:\/\/www.facebook.com\/termodomsk\/\" \/>\n<meta property=\"og:image\" content=\"https:\/\/pool-house.shop\/wp-content\/uploads\/2025\/09\/Mr.Pump-ECO-2-scaled.jpg\" \/>\n\t<meta property=\"og:image:width\" content=\"2560\" \/>\n\t<meta property=\"og:image:height\" content=\"1384\" \/>\n\t<meta property=\"og:image:type\" content=\"image\/jpeg\" \/>\n<meta name=\"twitter:card\" content=\"summary_large_image\" \/>\n<meta name=\"twitter:label1\" content=\"Gesch\u00e4tzte Lesezeit\" \/>\n\t<meta name=\"twitter:data1\" content=\"1\u00a0Minute\" \/>\n<script type=\"application\/ld+json\" class=\"yoast-schema-graph\">{\"@context\":\"https:\/\/schema.org\",\"@graph\":[{\"@type\":\"WebPage\",\"@id\":\"https:\/\/pool-house.shop\/de\/product\/mr-pump-eco-de22-pumpe\/\",\"url\":\"https:\/\/pool-house.shop\/de\/product\/mr-pump-eco-de22-pumpe\/\",\"name\":\"Mr.Pump ECO DE22 Pumpe - Pool-House\",\"isPartOf\":{\"@id\":\"https:\/\/pool-house.shop\/de\/#website\"},\"primaryImageOfPage\":{\"@id\":\"https:\/\/pool-house.shop\/de\/product\/mr-pump-eco-de22-pumpe\/#primaryimage\"},\"image\":{\"@id\":\"https:\/\/pool-house.shop\/de\/product\/mr-pump-eco-de22-pumpe\/#primaryimage\"},\"thumbnailUrl\":\"https:\/\/pool-house.shop\/wp-content\/uploads\/2025\/09\/Mr.Pump-ECO-2-scaled.jpg\",\"datePublished\":\"2025-09-30T07:45:34+00:00\",\"breadcrumb\":{\"@id\":\"https:\/\/pool-house.shop\/de\/product\/mr-pump-eco-de22-pumpe\/#breadcrumb\"},\"inLanguage\":\"de\",\"potentialAction\":[{\"@type\":\"ReadAction\",\"target\":[\"https:\/\/pool-house.shop\/de\/product\/mr-pump-eco-de22-pumpe\/\"]}]},{\"@type\":\"ImageObject\",\"inLanguage\":\"de\",\"@id\":\"https:\/\/pool-house.shop\/de\/product\/mr-pump-eco-de22-pumpe\/#primaryimage\",\"url\":\"https:\/\/pool-house.shop\/wp-content\/uploads\/2025\/09\/Mr.Pump-ECO-2-scaled.jpg\",\"contentUrl\":\"https:\/\/pool-house.shop\/wp-content\/uploads\/2025\/09\/Mr.Pump-ECO-2-scaled.jpg\",\"width\":2560,\"height\":1384},{\"@type\":\"BreadcrumbList\",\"@id\":\"https:\/\/pool-house.shop\/de\/product\/mr-pump-eco-de22-pumpe\/#breadcrumb\",\"itemListElement\":[{\"@type\":\"ListItem\",\"position\":1,\"name\":\"Domovsk\u00e1 str\u00e1nka\",\"item\":\"https:\/\/pool-house.shop\/de\/\"},{\"@type\":\"ListItem\",\"position\":2,\"name\":\"Shop\",\"item\":\"https:\/\/pool-house.shop\/de\/shop\/\"},{\"@type\":\"ListItem\",\"position\":3,\"name\":\"Mr.Pump ECO DE22 Pumpe\"}]},{\"@type\":\"WebSite\",\"@id\":\"https:\/\/pool-house.shop\/de\/#website\",\"url\":\"https:\/\/pool-house.shop\/de\/\",\"name\":\"Pool-House\",\"description\":\"\",\"publisher\":{\"@id\":\"https:\/\/pool-house.shop\/de\/#organization\"},\"potentialAction\":[{\"@type\":\"SearchAction\",\"target\":{\"@type\":\"EntryPoint\",\"urlTemplate\":\"https:\/\/pool-house.shop\/de\/?s={search_term_string}\"},\"query-input\":{\"@type\":\"PropertyValueSpecification\",\"valueRequired\":true,\"valueName\":\"search_term_string\"}}],\"inLanguage\":\"de\"},{\"@type\":\"Organization\",\"@id\":\"https:\/\/pool-house.shop\/de\/#organization\",\"name\":\"Pool-House\",\"url\":\"https:\/\/pool-house.shop\/de\/\",\"logo\":{\"@type\":\"ImageObject\",\"inLanguage\":\"de\",\"@id\":\"https:\/\/pool-house.shop\/de\/#\/schema\/logo\/image\/\",\"url\":\"https:\/\/pool-house.shop\/wp-content\/uploads\/2025\/10\/logo-2-stvorec-mobil-modre.png\",\"contentUrl\":\"https:\/\/pool-house.shop\/wp-content\/uploads\/2025\/10\/logo-2-stvorec-mobil-modre.png\",\"width\":273,\"height\":189,\"caption\":\"Pool-House\"},\"image\":{\"@id\":\"https:\/\/pool-house.shop\/de\/#\/schema\/logo\/image\/\"},\"sameAs\":[\"https:\/\/www.facebook.com\/termodomsk\/\"]}]}<\/script>\n<!-- \/ Yoast SEO plugin. -->","yoast_head_json":{"title":"Mr.Pump ECO DE22 Pumpe - Pool-House","robots":{"index":"index","follow":"follow","max-snippet":"max-snippet:-1","max-image-preview":"max-image-preview:large","max-video-preview":"max-video-preview:-1"},"canonical":"https:\/\/pool-house.shop\/de\/product\/mr-pump-eco-de22-pumpe\/","og_locale":"de_DE","og_type":"article","og_title":"Mr.Pump ECO DE22 Pumpe - Pool-House","og_description":"\u00dcberzeugen Sie sich, dass auch eine leistungsstarke Pumpe leise und sparsam sein kann. Genau wie die Mr.Pump ECO Inverterpumpe, die zudem einen niedrigen Verbrauch und 4 Leistungsmodi bietet. Sanfter Start f\u00fcr eine l\u00e4ngere Lebensdauer der Pumpe. Sie verbinden es mit Ihrem Smart Home. Sehr leiser Betrieb \u2013 nur 36 dB. 4 Modi mit unterschiedlicher Leistung. &hellip; Mr.Pump ECO DE22 PumpeWeiterlesen","og_url":"https:\/\/pool-house.shop\/de\/product\/mr-pump-eco-de22-pumpe\/","og_site_name":"Pool-House","article_publisher":"https:\/\/www.facebook.com\/termodomsk\/","og_image":[{"width":2560,"height":1384,"url":"https:\/\/pool-house.shop\/wp-content\/uploads\/2025\/09\/Mr.Pump-ECO-2-scaled.jpg","type":"image\/jpeg"}],"twitter_card":"summary_large_image","twitter_misc":{"Gesch\u00e4tzte Lesezeit":"1\u00a0Minute"},"schema":{"@context":"https:\/\/schema.org","@graph":[{"@type":"WebPage","@id":"https:\/\/pool-house.shop\/de\/product\/mr-pump-eco-de22-pumpe\/","url":"https:\/\/pool-house.shop\/de\/product\/mr-pump-eco-de22-pumpe\/","name":"Mr.Pump ECO DE22 Pumpe - Pool-House","isPartOf":{"@id":"https:\/\/pool-house.shop\/de\/#website"},"primaryImageOfPage":{"@id":"https:\/\/pool-house.shop\/de\/product\/mr-pump-eco-de22-pumpe\/#primaryimage"},"image":{"@id":"https:\/\/pool-house.shop\/de\/product\/mr-pump-eco-de22-pumpe\/#primaryimage"},"thumbnailUrl":"https:\/\/pool-house.shop\/wp-content\/uploads\/2025\/09\/Mr.Pump-ECO-2-scaled.jpg","datePublished":"2025-09-30T07:45:34+00:00","breadcrumb":{"@id":"https:\/\/pool-house.shop\/de\/product\/mr-pump-eco-de22-pumpe\/#breadcrumb"},"inLanguage":"de","potentialAction":[{"@type":"ReadAction","target":["https:\/\/pool-house.shop\/de\/product\/mr-pump-eco-de22-pumpe\/"]}]},{"@type":"ImageObject","inLanguage":"de","@id":"https:\/\/pool-house.shop\/de\/product\/mr-pump-eco-de22-pumpe\/#primaryimage","url":"https:\/\/pool-house.shop\/wp-content\/uploads\/2025\/09\/Mr.Pump-ECO-2-scaled.jpg","contentUrl":"https:\/\/pool-house.shop\/wp-content\/uploads\/2025\/09\/Mr.Pump-ECO-2-scaled.jpg","width":2560,"height":1384},{"@type":"BreadcrumbList","@id":"https:\/\/pool-house.shop\/de\/product\/mr-pump-eco-de22-pumpe\/#breadcrumb","itemListElement":[{"@type":"ListItem","position":1,"name":"Domovsk\u00e1 str\u00e1nka","item":"https:\/\/pool-house.shop\/de\/"},{"@type":"ListItem","position":2,"name":"Shop","item":"https:\/\/pool-house.shop\/de\/shop\/"},{"@type":"ListItem","position":3,"name":"Mr.Pump ECO DE22 Pumpe"}]},{"@type":"WebSite","@id":"https:\/\/pool-house.shop\/de\/#website","url":"https:\/\/pool-house.shop\/de\/","name":"Pool-House","description":"","publisher":{"@id":"https:\/\/pool-house.shop\/de\/#organization"},"potentialAction":[{"@type":"SearchAction","target":{"@type":"EntryPoint","urlTemplate":"https:\/\/pool-house.shop\/de\/?s={search_term_string}"},"query-input":{"@type":"PropertyValueSpecification","valueRequired":true,"valueName":"search_term_string"}}],"inLanguage":"de"},{"@type":"Organization","@id":"https:\/\/pool-house.shop\/de\/#organization","name":"Pool-House","url":"https:\/\/pool-house.shop\/de\/","logo":{"@type":"ImageObject","inLanguage":"de","@id":"https:\/\/pool-house.shop\/de\/#\/schema\/logo\/image\/","url":"https:\/\/pool-house.shop\/wp-content\/uploads\/2025\/10\/logo-2-stvorec-mobil-modre.png","contentUrl":"https:\/\/pool-house.shop\/wp-content\/uploads\/2025\/10\/logo-2-stvorec-mobil-modre.png","width":273,"height":189,"caption":"Pool-House"},"image":{"@id":"https:\/\/pool-house.shop\/de\/#\/schema\/logo\/image\/"},"sameAs":["https:\/\/www.facebook.com\/termodomsk\/"]}]}},"_links":{"self":[{"href":"https:\/\/pool-house.shop\/de\/wp-json\/wp\/v2\/product\/10484","targetHints":{"allow":["GET"]}}],"collection":[{"href":"https:\/\/pool-house.shop\/de\/wp-json\/wp\/v2\/product"}],"about":[{"href":"https:\/\/pool-house.shop\/de\/wp-json\/wp\/v2\/types\/product"}],"wp:featuredmedia":[{"embeddable":true,"href":"https:\/\/pool-house.shop\/de\/wp-json\/wp\/v2\/media\/10471"}],"wp:attachment":[{"href":"https:\/\/pool-house.shop\/de\/wp-json\/wp\/v2\/media?parent=10484"}],"wp:term":[{"taxonomy":"product_brand","embeddable":true,"href":"https:\/\/pool-house.shop\/de\/wp-json\/wp\/v2\/product_brand?post=10484"},{"taxonomy":"product_cat","embeddable":true,"href":"https:\/\/pool-house.shop\/de\/wp-json\/wp\/v2\/product_cat?post=10484"},{"taxonomy":"product_tag","embeddable":true,"href":"https:\/\/pool-house.shop\/de\/wp-json\/wp\/v2\/product_tag?post=10484"}],"curies":[{"name":"wp","href":"https:\/\/api.w.org\/{rel}","templated":true}]}}