{"id":10617,"date":"2025-04-08T12:35:21","date_gmt":"2025-04-08T10:35:21","guid":{"rendered":"https:\/\/pool-house.shop\/product\/befestigungsseil-fuer-die-winterabdeckung\/"},"modified":"2026-02-05T12:48:53","modified_gmt":"2026-02-05T11:48:53","slug":"befestigungsseil-fuer-die-winterabdeckung","status":"publish","type":"product","link":"https:\/\/pool-house.shop\/de\/product\/befestigungsseil-fuer-die-winterabdeckung\/","title":{"rendered":"Befestigungsseil f\u00fcr die Winterabdeckung"},"content":{"rendered":"<p>Befestigungsseil f\u00fcr die Winterabdeckung <\/p>\n<p> Blaues Befestigungsseil f\u00fcr Winterabdeckungen von Au\u00dfenpools. 30 Meter langes Kabel aus hochwertigen Materialien f\u00fcr die professionelle \u00dcberwinterung des Pools. Es ist die ideale Wahl, wenn Sie ein professionelles Werkzeug zur zuverl\u00e4ssigen Befestigung der Poolabdeckung suchen.<\/p>\n<p> Eigenschaften<br \/>\n &#8211; Farbe: Blau<br \/>\n &#8211; L\u00e4nge: 30,0 m  <\/p>\n","protected":false},"excerpt":{"rendered":"<p>Befestigungsseil f\u00fcr die Winterabdeckung <\/p>\n<p> Blaues Befestigungsseil f\u00fcr Winterabdeckungen von Au\u00dfenpools. 30 Meter langes Kabel aus hochwertigen Materialien f\u00fcr die professionelle \u00dcberwinterung des Pools. Es ist die ideale Wahl, wenn Sie ein professionelles Werkzeug zur zuverl\u00e4ssigen Befestigung der Poolabdeckung suchen.<\/p>\n<p> Eigenschaften<br \/>\n &#8211; Farbe: Blau<br \/>\n &#8211; L\u00e4nge: 30,0 m  <\/p>\n","protected":false},"featured_media":10614,"template":"","meta":[],"product_brand":[],"product_cat":[306],"product_tag":[],"class_list":{"0":"post-10617","1":"product","2":"type-product","3":"status-publish","4":"has-post-thumbnail","6":"product_cat-poolabdeckung","7":"thunk-woo-product-list","8":"open-woo-hover-none","9":"open-single-product-tab-horizontal","10":"open-shadow-","11":"open-shadow-hover-","13":"first","14":"instock","15":"taxable","16":"shipping-taxable","17":"purchasable","18":"product-type-simple"},"yoast_head":"<!-- This site is optimized with the Yoast SEO plugin v26.9 - https:\/\/yoast.com\/product\/yoast-seo-wordpress\/ -->\n<title>Befestigungsseil f\u00fcr die Winterabdeckung - Pool-House<\/title>\n<meta name=\"robots\" content=\"index, follow, max-snippet:-1, max-image-preview:large, max-video-preview:-1\" \/>\n<link rel=\"canonical\" href=\"https:\/\/pool-house.shop\/de\/product\/befestigungsseil-fuer-die-winterabdeckung\/\" \/>\n<meta property=\"og:locale\" content=\"de_DE\" \/>\n<meta property=\"og:type\" content=\"article\" \/>\n<meta property=\"og:title\" content=\"Befestigungsseil f\u00fcr die Winterabdeckung - Pool-House\" \/>\n<meta property=\"og:description\" content=\"Befestigungsseil f\u00fcr die Winterabdeckung   Blaues Befestigungsseil f\u00fcr Winterabdeckungen von Au\u00dfenpools. 30 Meter langes Kabel aus hochwertigen Materialien f\u00fcr die professionelle \u00dcberwinterung des Pools. Es ist die ideale Wahl, wenn Sie ein professionelles Werkzeug zur zuverl\u00e4ssigen Befestigung der Poolabdeckung suchen.  Eigenschaften - Farbe: Blau - L\u00e4nge: 30,0 m\" \/>\n<meta property=\"og:url\" content=\"https:\/\/pool-house.shop\/de\/product\/befestigungsseil-fuer-die-winterabdeckung\/\" \/>\n<meta property=\"og:site_name\" content=\"Pool-House\" \/>\n<meta property=\"article:publisher\" content=\"https:\/\/www.facebook.com\/termodomsk\/\" \/>\n<meta property=\"article:modified_time\" content=\"2026-02-05T11:48:53+00:00\" \/>\n<meta property=\"og:image\" content=\"https:\/\/pool-house.shop\/wp-content\/uploads\/2025\/04\/173205.png\" \/>\n\t<meta property=\"og:image:width\" content=\"1600\" \/>\n\t<meta property=\"og:image:height\" content=\"1600\" \/>\n\t<meta property=\"og:image:type\" content=\"image\/png\" \/>\n<meta name=\"twitter:card\" content=\"summary_large_image\" \/>\n<script type=\"application\/ld+json\" class=\"yoast-schema-graph\">{\"@context\":\"https:\/\/schema.org\",\"@graph\":[{\"@type\":\"WebPage\",\"@id\":\"https:\/\/pool-house.shop\/de\/product\/befestigungsseil-fuer-die-winterabdeckung\/\",\"url\":\"https:\/\/pool-house.shop\/de\/product\/befestigungsseil-fuer-die-winterabdeckung\/\",\"name\":\"Befestigungsseil f\u00fcr die Winterabdeckung - Pool-House\",\"isPartOf\":{\"@id\":\"https:\/\/pool-house.shop\/de\/#website\"},\"primaryImageOfPage\":{\"@id\":\"https:\/\/pool-house.shop\/de\/product\/befestigungsseil-fuer-die-winterabdeckung\/#primaryimage\"},\"image\":{\"@id\":\"https:\/\/pool-house.shop\/de\/product\/befestigungsseil-fuer-die-winterabdeckung\/#primaryimage\"},\"thumbnailUrl\":\"https:\/\/pool-house.shop\/wp-content\/uploads\/2025\/04\/173205.png\",\"datePublished\":\"2025-04-08T10:35:21+00:00\",\"dateModified\":\"2026-02-05T11:48:53+00:00\",\"breadcrumb\":{\"@id\":\"https:\/\/pool-house.shop\/de\/product\/befestigungsseil-fuer-die-winterabdeckung\/#breadcrumb\"},\"inLanguage\":\"de\",\"potentialAction\":[{\"@type\":\"ReadAction\",\"target\":[\"https:\/\/pool-house.shop\/de\/product\/befestigungsseil-fuer-die-winterabdeckung\/\"]}]},{\"@type\":\"ImageObject\",\"inLanguage\":\"de\",\"@id\":\"https:\/\/pool-house.shop\/de\/product\/befestigungsseil-fuer-die-winterabdeckung\/#primaryimage\",\"url\":\"https:\/\/pool-house.shop\/wp-content\/uploads\/2025\/04\/173205.png\",\"contentUrl\":\"https:\/\/pool-house.shop\/wp-content\/uploads\/2025\/04\/173205.png\",\"width\":1600,\"height\":1600},{\"@type\":\"BreadcrumbList\",\"@id\":\"https:\/\/pool-house.shop\/de\/product\/befestigungsseil-fuer-die-winterabdeckung\/#breadcrumb\",\"itemListElement\":[{\"@type\":\"ListItem\",\"position\":1,\"name\":\"Domovsk\u00e1 str\u00e1nka\",\"item\":\"https:\/\/pool-house.shop\/de\/\"},{\"@type\":\"ListItem\",\"position\":2,\"name\":\"Shop\",\"item\":\"https:\/\/pool-house.shop\/de\/shop\/\"},{\"@type\":\"ListItem\",\"position\":3,\"name\":\"Befestigungsseil f\u00fcr die Winterabdeckung\"}]},{\"@type\":\"WebSite\",\"@id\":\"https:\/\/pool-house.shop\/de\/#website\",\"url\":\"https:\/\/pool-house.shop\/de\/\",\"name\":\"Pool-House\",\"description\":\"\",\"publisher\":{\"@id\":\"https:\/\/pool-house.shop\/de\/#organization\"},\"potentialAction\":[{\"@type\":\"SearchAction\",\"target\":{\"@type\":\"EntryPoint\",\"urlTemplate\":\"https:\/\/pool-house.shop\/de\/?s={search_term_string}\"},\"query-input\":{\"@type\":\"PropertyValueSpecification\",\"valueRequired\":true,\"valueName\":\"search_term_string\"}}],\"inLanguage\":\"de\"},{\"@type\":\"Organization\",\"@id\":\"https:\/\/pool-house.shop\/de\/#organization\",\"name\":\"Pool-House\",\"url\":\"https:\/\/pool-house.shop\/de\/\",\"logo\":{\"@type\":\"ImageObject\",\"inLanguage\":\"de\",\"@id\":\"https:\/\/pool-house.shop\/de\/#\/schema\/logo\/image\/\",\"url\":\"https:\/\/pool-house.shop\/wp-content\/uploads\/2025\/10\/logo-2-stvorec-mobil-modre.png\",\"contentUrl\":\"https:\/\/pool-house.shop\/wp-content\/uploads\/2025\/10\/logo-2-stvorec-mobil-modre.png\",\"width\":273,\"height\":189,\"caption\":\"Pool-House\"},\"image\":{\"@id\":\"https:\/\/pool-house.shop\/de\/#\/schema\/logo\/image\/\"},\"sameAs\":[\"https:\/\/www.facebook.com\/termodomsk\/\"]}]}<\/script>\n<!-- \/ Yoast SEO plugin. -->","yoast_head_json":{"title":"Befestigungsseil f\u00fcr die Winterabdeckung - Pool-House","robots":{"index":"index","follow":"follow","max-snippet":"max-snippet:-1","max-image-preview":"max-image-preview:large","max-video-preview":"max-video-preview:-1"},"canonical":"https:\/\/pool-house.shop\/de\/product\/befestigungsseil-fuer-die-winterabdeckung\/","og_locale":"de_DE","og_type":"article","og_title":"Befestigungsseil f\u00fcr die Winterabdeckung - Pool-House","og_description":"Befestigungsseil f\u00fcr die Winterabdeckung   Blaues Befestigungsseil f\u00fcr Winterabdeckungen von Au\u00dfenpools. 30 Meter langes Kabel aus hochwertigen Materialien f\u00fcr die professionelle \u00dcberwinterung des Pools. Es ist die ideale Wahl, wenn Sie ein professionelles Werkzeug zur zuverl\u00e4ssigen Befestigung der Poolabdeckung suchen.  Eigenschaften - Farbe: Blau - L\u00e4nge: 30,0 m","og_url":"https:\/\/pool-house.shop\/de\/product\/befestigungsseil-fuer-die-winterabdeckung\/","og_site_name":"Pool-House","article_publisher":"https:\/\/www.facebook.com\/termodomsk\/","article_modified_time":"2026-02-05T11:48:53+00:00","og_image":[{"width":1600,"height":1600,"url":"https:\/\/pool-house.shop\/wp-content\/uploads\/2025\/04\/173205.png","type":"image\/png"}],"twitter_card":"summary_large_image","schema":{"@context":"https:\/\/schema.org","@graph":[{"@type":"WebPage","@id":"https:\/\/pool-house.shop\/de\/product\/befestigungsseil-fuer-die-winterabdeckung\/","url":"https:\/\/pool-house.shop\/de\/product\/befestigungsseil-fuer-die-winterabdeckung\/","name":"Befestigungsseil f\u00fcr die Winterabdeckung - Pool-House","isPartOf":{"@id":"https:\/\/pool-house.shop\/de\/#website"},"primaryImageOfPage":{"@id":"https:\/\/pool-house.shop\/de\/product\/befestigungsseil-fuer-die-winterabdeckung\/#primaryimage"},"image":{"@id":"https:\/\/pool-house.shop\/de\/product\/befestigungsseil-fuer-die-winterabdeckung\/#primaryimage"},"thumbnailUrl":"https:\/\/pool-house.shop\/wp-content\/uploads\/2025\/04\/173205.png","datePublished":"2025-04-08T10:35:21+00:00","dateModified":"2026-02-05T11:48:53+00:00","breadcrumb":{"@id":"https:\/\/pool-house.shop\/de\/product\/befestigungsseil-fuer-die-winterabdeckung\/#breadcrumb"},"inLanguage":"de","potentialAction":[{"@type":"ReadAction","target":["https:\/\/pool-house.shop\/de\/product\/befestigungsseil-fuer-die-winterabdeckung\/"]}]},{"@type":"ImageObject","inLanguage":"de","@id":"https:\/\/pool-house.shop\/de\/product\/befestigungsseil-fuer-die-winterabdeckung\/#primaryimage","url":"https:\/\/pool-house.shop\/wp-content\/uploads\/2025\/04\/173205.png","contentUrl":"https:\/\/pool-house.shop\/wp-content\/uploads\/2025\/04\/173205.png","width":1600,"height":1600},{"@type":"BreadcrumbList","@id":"https:\/\/pool-house.shop\/de\/product\/befestigungsseil-fuer-die-winterabdeckung\/#breadcrumb","itemListElement":[{"@type":"ListItem","position":1,"name":"Domovsk\u00e1 str\u00e1nka","item":"https:\/\/pool-house.shop\/de\/"},{"@type":"ListItem","position":2,"name":"Shop","item":"https:\/\/pool-house.shop\/de\/shop\/"},{"@type":"ListItem","position":3,"name":"Befestigungsseil f\u00fcr die Winterabdeckung"}]},{"@type":"WebSite","@id":"https:\/\/pool-house.shop\/de\/#website","url":"https:\/\/pool-house.shop\/de\/","name":"Pool-House","description":"","publisher":{"@id":"https:\/\/pool-house.shop\/de\/#organization"},"potentialAction":[{"@type":"SearchAction","target":{"@type":"EntryPoint","urlTemplate":"https:\/\/pool-house.shop\/de\/?s={search_term_string}"},"query-input":{"@type":"PropertyValueSpecification","valueRequired":true,"valueName":"search_term_string"}}],"inLanguage":"de"},{"@type":"Organization","@id":"https:\/\/pool-house.shop\/de\/#organization","name":"Pool-House","url":"https:\/\/pool-house.shop\/de\/","logo":{"@type":"ImageObject","inLanguage":"de","@id":"https:\/\/pool-house.shop\/de\/#\/schema\/logo\/image\/","url":"https:\/\/pool-house.shop\/wp-content\/uploads\/2025\/10\/logo-2-stvorec-mobil-modre.png","contentUrl":"https:\/\/pool-house.shop\/wp-content\/uploads\/2025\/10\/logo-2-stvorec-mobil-modre.png","width":273,"height":189,"caption":"Pool-House"},"image":{"@id":"https:\/\/pool-house.shop\/de\/#\/schema\/logo\/image\/"},"sameAs":["https:\/\/www.facebook.com\/termodomsk\/"]}]}},"_links":{"self":[{"href":"https:\/\/pool-house.shop\/de\/wp-json\/wp\/v2\/product\/10617","targetHints":{"allow":["GET"]}}],"collection":[{"href":"https:\/\/pool-house.shop\/de\/wp-json\/wp\/v2\/product"}],"about":[{"href":"https:\/\/pool-house.shop\/de\/wp-json\/wp\/v2\/types\/product"}],"wp:featuredmedia":[{"embeddable":true,"href":"https:\/\/pool-house.shop\/de\/wp-json\/wp\/v2\/media\/10614"}],"wp:attachment":[{"href":"https:\/\/pool-house.shop\/de\/wp-json\/wp\/v2\/media?parent=10617"}],"wp:term":[{"taxonomy":"product_brand","embeddable":true,"href":"https:\/\/pool-house.shop\/de\/wp-json\/wp\/v2\/product_brand?post=10617"},{"taxonomy":"product_cat","embeddable":true,"href":"https:\/\/pool-house.shop\/de\/wp-json\/wp\/v2\/product_cat?post=10617"},{"taxonomy":"product_tag","embeddable":true,"href":"https:\/\/pool-house.shop\/de\/wp-json\/wp\/v2\/product_tag?post=10617"}],"curies":[{"name":"wp","href":"https:\/\/api.w.org\/{rel}","templated":true}]}}