{"id":10623,"date":"2025-04-08T12:35:18","date_gmt":"2025-04-08T10:35:18","guid":{"rendered":"https:\/\/pool-house.shop\/product\/eisdruckpolster-basic-50-x-23-cm\/"},"modified":"2026-02-05T12:48:53","modified_gmt":"2026-02-05T11:48:53","slug":"eisdruckpolster-basic-50-x-23-cm","status":"publish","type":"product","link":"https:\/\/pool-house.shop\/de\/product\/eisdruckpolster-basic-50-x-23-cm\/","title":{"rendered":"Eisdruckpolster, Basic 50 x 23 cm"},"content":{"rendered":"<p>Frostbite, Basic <\/p>\n<p> Hochwertiger, robuster, betongef\u00fcllter Eisdruckpolster mit Befestigungsclip zum Schutz des Pools im Winter. Die Eisdruckpolster m\u00fcssen kreuzf\u00f6rmig im Pool platziert und mittels Kunststoffclips miteinander verbunden werden. <\/p>\n<p> Eigenschaften<br \/>\n &#8211; Grundmaterial: Polyethylen (recycelt)<br \/>\n &#8211; Gr\u00f6\u00dfe: 50 cm x 23 cm x 5 cm<br \/>\n &#8211; Gewicht: 3,5 kg<\/p>\n<p> Anwendungsbereich<br \/>\n Feste Pools sollten im Winter mit Wasser gef\u00fcllt bleiben, da direkter Eisdruck und Frost die Poolh\u00fclle besch\u00e4digen k\u00f6nnen. Im Winter kann die Wasseroberfl\u00e4che bis zu einer Dicke von 20-30 cm gefrieren. Die Eisdruckpolster m\u00fcssen miteinander verbunden und kreuzf\u00f6rmig im Pool platziert werden. Die auf der Wasseroberfl\u00e4che entstehende Eisschicht wird dadurch nicht zusammenh\u00e4ngend sein, sondern wird durch die Eisdruckpolster in vier oder mehr Teile geteilt. Der durch die Volumenvergr\u00f6\u00dferung des Eises entstehende Druck belastet die Poolwand nicht, sondern wird von den im Pool platzierten Eisdruckpolstern absorbiert. Somit wirken keine Zugkr\u00e4fte auf die Poolwand, die eine dauerhafte Besch\u00e4digung der Konstruktion verursachen k\u00f6nnten.      <\/p>\n<p> Bei Eisdruckpolstern mit Betonf\u00fcllung muss nicht mit dem Ph\u00e4nomen des F\u00fcllgutverlusts gerechnet werden, das h\u00e4ufig bei sandgef\u00fcllten Eisdruckpolstern auftritt, da der Verschlussstopfen am Einf\u00fcllstutzen der Sandf\u00fcllung sich im Laufe der Zeit in mehreren F\u00e4llen verformt, lockert und herausf\u00e4llt. In diesem Fall verteilt sich der Gro\u00dfteil des Sandes aus den sandgef\u00fcllten Eisdruckpolstern auf den Poolboden. <\/p>\n","protected":false},"excerpt":{"rendered":"<p>Frostbite, Basic <\/p>\n<p> Hochwertiger, robuster, betongef\u00fcllter Eisdruckpolster mit Befestigungsclip zum Schutz des Pools im Winter. Die Eisdruckpolster m\u00fcssen kreuzf\u00f6rmig im Pool platziert und mittels Kunststoffclips miteinander verbunden werden. <\/p>\n<p> Eigenschaften<br \/>\n &#8211; Grundmaterial: Polyethylen (recycelt)<br \/>\n &#8211; Gr\u00f6\u00dfe: 50 cm x 23 cm x 5 cm<br \/>\n &#8211; Gewicht: 3,5 kg<\/p>\n<p> Anwendungsbereich<br \/>\n Feste Pools sollten im Winter mit Wasser gef\u00fcllt bleiben, da direkter Eisdruck und Frost die Poolh\u00fclle besch\u00e4digen k\u00f6nnen. Im Winter kann die Wasseroberfl\u00e4che bis zu einer Dicke von 20-30 cm gefrieren. Die Eisdruckpolster m\u00fcssen miteinander verbunden und kreuzf\u00f6rmig im Pool platziert werden. Die auf der Wasseroberfl\u00e4che entstehende Eisschicht wird dadurch nicht zusammenh\u00e4ngend sein, sondern wird durch die Eisdruckpolster in vier oder mehr Teile geteilt. Der durch die Volumenvergr\u00f6\u00dferung des Eises entstehende Druck belastet die Poolwand nicht, sondern wird von den im Pool platzierten Eisdruckpolstern absorbiert. Somit wirken keine Zugkr\u00e4fte auf die Poolwand, die eine dauerhafte Besch\u00e4digung der Konstruktion verursachen k\u00f6nnten.      <\/p>\n<p> Bei Eisdruckpolstern mit Betonf\u00fcllung muss nicht mit dem Ph\u00e4nomen des F\u00fcllgutverlusts gerechnet werden, das h\u00e4ufig bei sandgef\u00fcllten Eisdruckpolstern auftritt, da der Verschlussstopfen am Einf\u00fcllstutzen der Sandf\u00fcllung sich im Laufe der Zeit in mehreren F\u00e4llen verformt, lockert und herausf\u00e4llt. In diesem Fall verteilt sich der Gro\u00dfteil des Sandes aus den sandgef\u00fcllten Eisdruckpolstern auf den Poolboden. <\/p>\n","protected":false},"featured_media":10620,"template":"","meta":[],"product_brand":[],"product_cat":[306],"product_tag":[],"class_list":{"0":"post-10623","1":"product","2":"type-product","3":"status-publish","4":"has-post-thumbnail","6":"product_cat-poolabdeckung","7":"thunk-woo-product-list","8":"open-woo-hover-none","9":"open-single-product-tab-horizontal","10":"open-shadow-","11":"open-shadow-hover-","13":"first","14":"instock","15":"taxable","16":"shipping-taxable","17":"purchasable","18":"product-type-simple"},"yoast_head":"<!-- This site is optimized with the Yoast SEO plugin v26.9 - https:\/\/yoast.com\/product\/yoast-seo-wordpress\/ -->\n<title>Eisdruckpolster, Basic 50 x 23 cm - Pool-House<\/title>\n<meta name=\"robots\" content=\"index, follow, max-snippet:-1, max-image-preview:large, max-video-preview:-1\" \/>\n<link rel=\"canonical\" href=\"https:\/\/pool-house.shop\/de\/product\/eisdruckpolster-basic-50-x-23-cm\/\" \/>\n<meta property=\"og:locale\" content=\"de_DE\" \/>\n<meta property=\"og:type\" content=\"article\" \/>\n<meta property=\"og:title\" content=\"Eisdruckpolster, Basic 50 x 23 cm - Pool-House\" \/>\n<meta property=\"og:description\" content=\"Frostbite, Basic   Hochwertiger, robuster, betongef\u00fcllter Eisdruckpolster mit Befestigungsclip zum Schutz des Pools im Winter. Die Eisdruckpolster m\u00fcssen kreuzf\u00f6rmig im Pool platziert und mittels Kunststoffclips miteinander verbunden werden.   Eigenschaften - Grundmaterial: Polyethylen (recycelt) - Gr\u00f6\u00dfe: 50 cm x 23 cm x 5 cm - Gewicht: 3,5 kg  Anwendungsbereich Feste Pools sollten im Winter mit Wasser gef\u00fcllt bleiben, da direkter Eisdruck und Frost die Poolh\u00fclle besch\u00e4digen k\u00f6nnen. Im Winter kann die Wasseroberfl\u00e4che bis zu einer Dicke von 20-30 cm gefrieren. Die Eisdruckpolster m\u00fcssen miteinander verbunden und kreuzf\u00f6rmig im Pool platziert werden. Die auf der Wasseroberfl\u00e4che entstehende Eisschicht wird dadurch nicht zusammenh\u00e4ngend sein, sondern wird durch die Eisdruckpolster in vier oder mehr Teile geteilt. Der durch die Volumenvergr\u00f6\u00dferung des Eises entstehende Druck belastet die Poolwand nicht, sondern wird von den im Pool platzierten Eisdruckpolstern absorbiert. Somit wirken keine Zugkr\u00e4fte auf die Poolwand, die eine dauerhafte Besch\u00e4digung der Konstruktion verursachen k\u00f6nnten.     Bei Eisdruckpolstern mit Betonf\u00fcllung muss nicht mit dem Ph\u00e4nomen des F\u00fcllgutverlusts gerechnet werden, das h\u00e4ufig bei sandgef\u00fcllten Eisdruckpolstern auftritt, da der Verschlussstopfen am Einf\u00fcllstutzen der Sandf\u00fcllung sich im Laufe der Zeit in mehreren F\u00e4llen verformt, lockert und herausf\u00e4llt. In diesem Fall verteilt sich der Gro\u00dfteil des Sandes aus den sandgef\u00fcllten Eisdruckpolstern auf den Poolboden.\" \/>\n<meta property=\"og:url\" content=\"https:\/\/pool-house.shop\/de\/product\/eisdruckpolster-basic-50-x-23-cm\/\" \/>\n<meta property=\"og:site_name\" content=\"Pool-House\" \/>\n<meta property=\"article:publisher\" content=\"https:\/\/www.facebook.com\/termodomsk\/\" \/>\n<meta property=\"article:modified_time\" content=\"2026-02-05T11:48:53+00:00\" \/>\n<meta property=\"og:image\" content=\"https:\/\/pool-house.shop\/wp-content\/uploads\/2025\/04\/173200.png\" \/>\n\t<meta property=\"og:image:width\" content=\"1600\" \/>\n\t<meta property=\"og:image:height\" content=\"1600\" \/>\n\t<meta property=\"og:image:type\" content=\"image\/png\" \/>\n<meta name=\"twitter:card\" content=\"summary_large_image\" \/>\n<meta name=\"twitter:label1\" content=\"Gesch\u00e4tzte Lesezeit\" \/>\n\t<meta name=\"twitter:data1\" content=\"1\u00a0Minute\" \/>\n<script type=\"application\/ld+json\" class=\"yoast-schema-graph\">{\"@context\":\"https:\/\/schema.org\",\"@graph\":[{\"@type\":\"WebPage\",\"@id\":\"https:\/\/pool-house.shop\/de\/product\/eisdruckpolster-basic-50-x-23-cm\/\",\"url\":\"https:\/\/pool-house.shop\/de\/product\/eisdruckpolster-basic-50-x-23-cm\/\",\"name\":\"Eisdruckpolster, Basic 50 x 23 cm - Pool-House\",\"isPartOf\":{\"@id\":\"https:\/\/pool-house.shop\/de\/#website\"},\"primaryImageOfPage\":{\"@id\":\"https:\/\/pool-house.shop\/de\/product\/eisdruckpolster-basic-50-x-23-cm\/#primaryimage\"},\"image\":{\"@id\":\"https:\/\/pool-house.shop\/de\/product\/eisdruckpolster-basic-50-x-23-cm\/#primaryimage\"},\"thumbnailUrl\":\"https:\/\/pool-house.shop\/wp-content\/uploads\/2025\/04\/173200.png\",\"datePublished\":\"2025-04-08T10:35:18+00:00\",\"dateModified\":\"2026-02-05T11:48:53+00:00\",\"breadcrumb\":{\"@id\":\"https:\/\/pool-house.shop\/de\/product\/eisdruckpolster-basic-50-x-23-cm\/#breadcrumb\"},\"inLanguage\":\"de\",\"potentialAction\":[{\"@type\":\"ReadAction\",\"target\":[\"https:\/\/pool-house.shop\/de\/product\/eisdruckpolster-basic-50-x-23-cm\/\"]}]},{\"@type\":\"ImageObject\",\"inLanguage\":\"de\",\"@id\":\"https:\/\/pool-house.shop\/de\/product\/eisdruckpolster-basic-50-x-23-cm\/#primaryimage\",\"url\":\"https:\/\/pool-house.shop\/wp-content\/uploads\/2025\/04\/173200.png\",\"contentUrl\":\"https:\/\/pool-house.shop\/wp-content\/uploads\/2025\/04\/173200.png\",\"width\":1600,\"height\":1600},{\"@type\":\"BreadcrumbList\",\"@id\":\"https:\/\/pool-house.shop\/de\/product\/eisdruckpolster-basic-50-x-23-cm\/#breadcrumb\",\"itemListElement\":[{\"@type\":\"ListItem\",\"position\":1,\"name\":\"Domovsk\u00e1 str\u00e1nka\",\"item\":\"https:\/\/pool-house.shop\/de\/\"},{\"@type\":\"ListItem\",\"position\":2,\"name\":\"Shop\",\"item\":\"https:\/\/pool-house.shop\/de\/shop\/\"},{\"@type\":\"ListItem\",\"position\":3,\"name\":\"Eisdruckpolster, Basic 50 x 23 cm\"}]},{\"@type\":\"WebSite\",\"@id\":\"https:\/\/pool-house.shop\/de\/#website\",\"url\":\"https:\/\/pool-house.shop\/de\/\",\"name\":\"Pool-House\",\"description\":\"\",\"publisher\":{\"@id\":\"https:\/\/pool-house.shop\/de\/#organization\"},\"potentialAction\":[{\"@type\":\"SearchAction\",\"target\":{\"@type\":\"EntryPoint\",\"urlTemplate\":\"https:\/\/pool-house.shop\/de\/?s={search_term_string}\"},\"query-input\":{\"@type\":\"PropertyValueSpecification\",\"valueRequired\":true,\"valueName\":\"search_term_string\"}}],\"inLanguage\":\"de\"},{\"@type\":\"Organization\",\"@id\":\"https:\/\/pool-house.shop\/de\/#organization\",\"name\":\"Pool-House\",\"url\":\"https:\/\/pool-house.shop\/de\/\",\"logo\":{\"@type\":\"ImageObject\",\"inLanguage\":\"de\",\"@id\":\"https:\/\/pool-house.shop\/de\/#\/schema\/logo\/image\/\",\"url\":\"https:\/\/pool-house.shop\/wp-content\/uploads\/2025\/10\/logo-2-stvorec-mobil-modre.png\",\"contentUrl\":\"https:\/\/pool-house.shop\/wp-content\/uploads\/2025\/10\/logo-2-stvorec-mobil-modre.png\",\"width\":273,\"height\":189,\"caption\":\"Pool-House\"},\"image\":{\"@id\":\"https:\/\/pool-house.shop\/de\/#\/schema\/logo\/image\/\"},\"sameAs\":[\"https:\/\/www.facebook.com\/termodomsk\/\"]}]}<\/script>\n<!-- \/ Yoast SEO plugin. -->","yoast_head_json":{"title":"Eisdruckpolster, Basic 50 x 23 cm - Pool-House","robots":{"index":"index","follow":"follow","max-snippet":"max-snippet:-1","max-image-preview":"max-image-preview:large","max-video-preview":"max-video-preview:-1"},"canonical":"https:\/\/pool-house.shop\/de\/product\/eisdruckpolster-basic-50-x-23-cm\/","og_locale":"de_DE","og_type":"article","og_title":"Eisdruckpolster, Basic 50 x 23 cm - Pool-House","og_description":"Frostbite, Basic   Hochwertiger, robuster, betongef\u00fcllter Eisdruckpolster mit Befestigungsclip zum Schutz des Pools im Winter. Die Eisdruckpolster m\u00fcssen kreuzf\u00f6rmig im Pool platziert und mittels Kunststoffclips miteinander verbunden werden.   Eigenschaften - Grundmaterial: Polyethylen (recycelt) - Gr\u00f6\u00dfe: 50 cm x 23 cm x 5 cm - Gewicht: 3,5 kg  Anwendungsbereich Feste Pools sollten im Winter mit Wasser gef\u00fcllt bleiben, da direkter Eisdruck und Frost die Poolh\u00fclle besch\u00e4digen k\u00f6nnen. Im Winter kann die Wasseroberfl\u00e4che bis zu einer Dicke von 20-30 cm gefrieren. Die Eisdruckpolster m\u00fcssen miteinander verbunden und kreuzf\u00f6rmig im Pool platziert werden. Die auf der Wasseroberfl\u00e4che entstehende Eisschicht wird dadurch nicht zusammenh\u00e4ngend sein, sondern wird durch die Eisdruckpolster in vier oder mehr Teile geteilt. Der durch die Volumenvergr\u00f6\u00dferung des Eises entstehende Druck belastet die Poolwand nicht, sondern wird von den im Pool platzierten Eisdruckpolstern absorbiert. Somit wirken keine Zugkr\u00e4fte auf die Poolwand, die eine dauerhafte Besch\u00e4digung der Konstruktion verursachen k\u00f6nnten.     Bei Eisdruckpolstern mit Betonf\u00fcllung muss nicht mit dem Ph\u00e4nomen des F\u00fcllgutverlusts gerechnet werden, das h\u00e4ufig bei sandgef\u00fcllten Eisdruckpolstern auftritt, da der Verschlussstopfen am Einf\u00fcllstutzen der Sandf\u00fcllung sich im Laufe der Zeit in mehreren F\u00e4llen verformt, lockert und herausf\u00e4llt. In diesem Fall verteilt sich der Gro\u00dfteil des Sandes aus den sandgef\u00fcllten Eisdruckpolstern auf den Poolboden.","og_url":"https:\/\/pool-house.shop\/de\/product\/eisdruckpolster-basic-50-x-23-cm\/","og_site_name":"Pool-House","article_publisher":"https:\/\/www.facebook.com\/termodomsk\/","article_modified_time":"2026-02-05T11:48:53+00:00","og_image":[{"width":1600,"height":1600,"url":"https:\/\/pool-house.shop\/wp-content\/uploads\/2025\/04\/173200.png","type":"image\/png"}],"twitter_card":"summary_large_image","twitter_misc":{"Gesch\u00e4tzte Lesezeit":"1\u00a0Minute"},"schema":{"@context":"https:\/\/schema.org","@graph":[{"@type":"WebPage","@id":"https:\/\/pool-house.shop\/de\/product\/eisdruckpolster-basic-50-x-23-cm\/","url":"https:\/\/pool-house.shop\/de\/product\/eisdruckpolster-basic-50-x-23-cm\/","name":"Eisdruckpolster, Basic 50 x 23 cm - Pool-House","isPartOf":{"@id":"https:\/\/pool-house.shop\/de\/#website"},"primaryImageOfPage":{"@id":"https:\/\/pool-house.shop\/de\/product\/eisdruckpolster-basic-50-x-23-cm\/#primaryimage"},"image":{"@id":"https:\/\/pool-house.shop\/de\/product\/eisdruckpolster-basic-50-x-23-cm\/#primaryimage"},"thumbnailUrl":"https:\/\/pool-house.shop\/wp-content\/uploads\/2025\/04\/173200.png","datePublished":"2025-04-08T10:35:18+00:00","dateModified":"2026-02-05T11:48:53+00:00","breadcrumb":{"@id":"https:\/\/pool-house.shop\/de\/product\/eisdruckpolster-basic-50-x-23-cm\/#breadcrumb"},"inLanguage":"de","potentialAction":[{"@type":"ReadAction","target":["https:\/\/pool-house.shop\/de\/product\/eisdruckpolster-basic-50-x-23-cm\/"]}]},{"@type":"ImageObject","inLanguage":"de","@id":"https:\/\/pool-house.shop\/de\/product\/eisdruckpolster-basic-50-x-23-cm\/#primaryimage","url":"https:\/\/pool-house.shop\/wp-content\/uploads\/2025\/04\/173200.png","contentUrl":"https:\/\/pool-house.shop\/wp-content\/uploads\/2025\/04\/173200.png","width":1600,"height":1600},{"@type":"BreadcrumbList","@id":"https:\/\/pool-house.shop\/de\/product\/eisdruckpolster-basic-50-x-23-cm\/#breadcrumb","itemListElement":[{"@type":"ListItem","position":1,"name":"Domovsk\u00e1 str\u00e1nka","item":"https:\/\/pool-house.shop\/de\/"},{"@type":"ListItem","position":2,"name":"Shop","item":"https:\/\/pool-house.shop\/de\/shop\/"},{"@type":"ListItem","position":3,"name":"Eisdruckpolster, Basic 50 x 23 cm"}]},{"@type":"WebSite","@id":"https:\/\/pool-house.shop\/de\/#website","url":"https:\/\/pool-house.shop\/de\/","name":"Pool-House","description":"","publisher":{"@id":"https:\/\/pool-house.shop\/de\/#organization"},"potentialAction":[{"@type":"SearchAction","target":{"@type":"EntryPoint","urlTemplate":"https:\/\/pool-house.shop\/de\/?s={search_term_string}"},"query-input":{"@type":"PropertyValueSpecification","valueRequired":true,"valueName":"search_term_string"}}],"inLanguage":"de"},{"@type":"Organization","@id":"https:\/\/pool-house.shop\/de\/#organization","name":"Pool-House","url":"https:\/\/pool-house.shop\/de\/","logo":{"@type":"ImageObject","inLanguage":"de","@id":"https:\/\/pool-house.shop\/de\/#\/schema\/logo\/image\/","url":"https:\/\/pool-house.shop\/wp-content\/uploads\/2025\/10\/logo-2-stvorec-mobil-modre.png","contentUrl":"https:\/\/pool-house.shop\/wp-content\/uploads\/2025\/10\/logo-2-stvorec-mobil-modre.png","width":273,"height":189,"caption":"Pool-House"},"image":{"@id":"https:\/\/pool-house.shop\/de\/#\/schema\/logo\/image\/"},"sameAs":["https:\/\/www.facebook.com\/termodomsk\/"]}]}},"_links":{"self":[{"href":"https:\/\/pool-house.shop\/de\/wp-json\/wp\/v2\/product\/10623","targetHints":{"allow":["GET"]}}],"collection":[{"href":"https:\/\/pool-house.shop\/de\/wp-json\/wp\/v2\/product"}],"about":[{"href":"https:\/\/pool-house.shop\/de\/wp-json\/wp\/v2\/types\/product"}],"wp:featuredmedia":[{"embeddable":true,"href":"https:\/\/pool-house.shop\/de\/wp-json\/wp\/v2\/media\/10620"}],"wp:attachment":[{"href":"https:\/\/pool-house.shop\/de\/wp-json\/wp\/v2\/media?parent=10623"}],"wp:term":[{"taxonomy":"product_brand","embeddable":true,"href":"https:\/\/pool-house.shop\/de\/wp-json\/wp\/v2\/product_brand?post=10623"},{"taxonomy":"product_cat","embeddable":true,"href":"https:\/\/pool-house.shop\/de\/wp-json\/wp\/v2\/product_cat?post=10623"},{"taxonomy":"product_tag","embeddable":true,"href":"https:\/\/pool-house.shop\/de\/wp-json\/wp\/v2\/product_tag?post=10623"}],"curies":[{"name":"wp","href":"https:\/\/api.w.org\/{rel}","templated":true}]}}