{"id":10624,"date":"2025-04-08T12:35:18","date_gmt":"2025-04-08T10:35:18","guid":{"rendered":"https:\/\/pool-house.shop\/product\/ueberwinterungs-gummistopfen-6-4-41-49\/"},"modified":"2026-02-05T12:48:53","modified_gmt":"2026-02-05T11:48:53","slug":"ueberwinterungs-gummistopfen-6-4-41-49","status":"publish","type":"product","link":"https:\/\/pool-house.shop\/de\/product\/ueberwinterungs-gummistopfen-6-4-41-49\/","title":{"rendered":"\u00dcberwinterungs-Gummistopfen 6\/4&#8243; 41\/49"},"content":{"rendered":"<p>\u00dcberwinterungs-Gummistopfen &#8211; 5\/4&#8243;<\/p>\n<p> Hochwertiger, langlebiger Gummistopfen mit Fl\u00fcgelmutter. Das Material ist mittelharter Gummi. Im Winter kann er in die \u00d6ffnung der Einlaufd\u00fcse eingesetzt werden.<br \/>\n Er kann verwendet werden, um das Eindringen von Winterniederschl\u00e4gen in das Pool-Rohrsystem \u00fcber die Einl\u00e4sse zu verhindern. Sein Grundmaterial weist eine gute Schlagfestigkeit, hohe H\u00e4rte und Festigkeit, gute W\u00e4rmebest\u00e4ndigkeit und chemische Best\u00e4ndigkeit auf. Dank seiner hervorragenden Qualit\u00e4t ist er auch eine langfristige L\u00f6sung f\u00fcr die \u00dcberwinterung des Pools. Seine Platzierung und Anwendung sind \u00e4u\u00dferst schnell und einfach.<\/p>\n<p> Eigenschaften<br \/>\n &#8211; Gr\u00f6\u00dfe: 6\/4&#8243;   <\/p>\n","protected":false},"excerpt":{"rendered":"<p>\u00dcberwinterungs-Gummistopfen &#8211; 5\/4&#8243;<\/p>\n<p> Hochwertiger, langlebiger Gummistopfen mit Fl\u00fcgelmutter. Das Material ist mittelharter Gummi. Im Winter kann er in die \u00d6ffnung der Einlaufd\u00fcse eingesetzt werden.<br \/>\n Er kann verwendet werden, um das Eindringen von Winterniederschl\u00e4gen in das Pool-Rohrsystem \u00fcber die Einl\u00e4sse zu verhindern. Sein Grundmaterial weist eine gute Schlagfestigkeit, hohe H\u00e4rte und Festigkeit, gute W\u00e4rmebest\u00e4ndigkeit und chemische Best\u00e4ndigkeit auf. Dank seiner hervorragenden Qualit\u00e4t ist er auch eine langfristige L\u00f6sung f\u00fcr die \u00dcberwinterung des Pools. Seine Platzierung und Anwendung sind \u00e4u\u00dferst schnell und einfach.<\/p>\n<p> Eigenschaften<br \/>\n &#8211; Gr\u00f6\u00dfe: 6\/4&#8243;   <\/p>\n","protected":false},"featured_media":10622,"template":"","meta":[],"product_brand":[],"product_cat":[306],"product_tag":[],"class_list":{"0":"post-10624","1":"product","2":"type-product","3":"status-publish","4":"has-post-thumbnail","6":"product_cat-poolabdeckung","7":"thunk-woo-product-list","8":"open-woo-hover-none","9":"open-single-product-tab-horizontal","10":"open-shadow-","11":"open-shadow-hover-","13":"first","14":"instock","15":"taxable","16":"shipping-taxable","17":"purchasable","18":"product-type-simple"},"yoast_head":"<!-- This site is optimized with the Yoast SEO plugin v26.9 - https:\/\/yoast.com\/product\/yoast-seo-wordpress\/ -->\n<title>\u00dcberwinterungs-Gummistopfen 6\/4&quot; 41\/49 - Pool-House<\/title>\n<meta name=\"robots\" content=\"index, follow, max-snippet:-1, max-image-preview:large, max-video-preview:-1\" \/>\n<link rel=\"canonical\" href=\"https:\/\/pool-house.shop\/de\/product\/ueberwinterungs-gummistopfen-6-4-41-49\/\" \/>\n<meta property=\"og:locale\" content=\"de_DE\" \/>\n<meta property=\"og:type\" content=\"article\" \/>\n<meta property=\"og:title\" content=\"\u00dcberwinterungs-Gummistopfen 6\/4&quot; 41\/49 - Pool-House\" \/>\n<meta property=\"og:description\" content=\"\u00dcberwinterungs-Gummistopfen - 5\/4&quot;  Hochwertiger, langlebiger Gummistopfen mit Fl\u00fcgelmutter. Das Material ist mittelharter Gummi. Im Winter kann er in die \u00d6ffnung der Einlaufd\u00fcse eingesetzt werden.  Er kann verwendet werden, um das Eindringen von Winterniederschl\u00e4gen in das Pool-Rohrsystem \u00fcber die Einl\u00e4sse zu verhindern. Sein Grundmaterial weist eine gute Schlagfestigkeit, hohe H\u00e4rte und Festigkeit, gute W\u00e4rmebest\u00e4ndigkeit und chemische Best\u00e4ndigkeit auf. Dank seiner hervorragenden Qualit\u00e4t ist er auch eine langfristige L\u00f6sung f\u00fcr die \u00dcberwinterung des Pools. Seine Platzierung und Anwendung sind \u00e4u\u00dferst schnell und einfach.  Eigenschaften - Gr\u00f6\u00dfe: 6\/4&quot;\" \/>\n<meta property=\"og:url\" content=\"https:\/\/pool-house.shop\/de\/product\/ueberwinterungs-gummistopfen-6-4-41-49\/\" \/>\n<meta property=\"og:site_name\" content=\"Pool-House\" \/>\n<meta property=\"article:publisher\" content=\"https:\/\/www.facebook.com\/termodomsk\/\" \/>\n<meta property=\"article:modified_time\" content=\"2026-02-05T11:48:53+00:00\" \/>\n<meta property=\"og:image\" content=\"https:\/\/pool-house.shop\/wp-content\/uploads\/2025\/04\/173202.png\" \/>\n\t<meta property=\"og:image:width\" content=\"1000\" \/>\n\t<meta property=\"og:image:height\" content=\"1000\" \/>\n\t<meta property=\"og:image:type\" content=\"image\/png\" \/>\n<meta name=\"twitter:card\" content=\"summary_large_image\" \/>\n<script type=\"application\/ld+json\" class=\"yoast-schema-graph\">{\"@context\":\"https:\/\/schema.org\",\"@graph\":[{\"@type\":\"WebPage\",\"@id\":\"https:\/\/pool-house.shop\/de\/product\/ueberwinterungs-gummistopfen-6-4-41-49\/\",\"url\":\"https:\/\/pool-house.shop\/de\/product\/ueberwinterungs-gummistopfen-6-4-41-49\/\",\"name\":\"\u00dcberwinterungs-Gummistopfen 6\/4\\\" 41\/49 - Pool-House\",\"isPartOf\":{\"@id\":\"https:\/\/pool-house.shop\/de\/#website\"},\"primaryImageOfPage\":{\"@id\":\"https:\/\/pool-house.shop\/de\/product\/ueberwinterungs-gummistopfen-6-4-41-49\/#primaryimage\"},\"image\":{\"@id\":\"https:\/\/pool-house.shop\/de\/product\/ueberwinterungs-gummistopfen-6-4-41-49\/#primaryimage\"},\"thumbnailUrl\":\"https:\/\/pool-house.shop\/wp-content\/uploads\/2025\/04\/173202.png\",\"datePublished\":\"2025-04-08T10:35:18+00:00\",\"dateModified\":\"2026-02-05T11:48:53+00:00\",\"breadcrumb\":{\"@id\":\"https:\/\/pool-house.shop\/de\/product\/ueberwinterungs-gummistopfen-6-4-41-49\/#breadcrumb\"},\"inLanguage\":\"de\",\"potentialAction\":[{\"@type\":\"ReadAction\",\"target\":[\"https:\/\/pool-house.shop\/de\/product\/ueberwinterungs-gummistopfen-6-4-41-49\/\"]}]},{\"@type\":\"ImageObject\",\"inLanguage\":\"de\",\"@id\":\"https:\/\/pool-house.shop\/de\/product\/ueberwinterungs-gummistopfen-6-4-41-49\/#primaryimage\",\"url\":\"https:\/\/pool-house.shop\/wp-content\/uploads\/2025\/04\/173202.png\",\"contentUrl\":\"https:\/\/pool-house.shop\/wp-content\/uploads\/2025\/04\/173202.png\",\"width\":1000,\"height\":1000},{\"@type\":\"BreadcrumbList\",\"@id\":\"https:\/\/pool-house.shop\/de\/product\/ueberwinterungs-gummistopfen-6-4-41-49\/#breadcrumb\",\"itemListElement\":[{\"@type\":\"ListItem\",\"position\":1,\"name\":\"Domovsk\u00e1 str\u00e1nka\",\"item\":\"https:\/\/pool-house.shop\/de\/\"},{\"@type\":\"ListItem\",\"position\":2,\"name\":\"Shop\",\"item\":\"https:\/\/pool-house.shop\/de\/shop\/\"},{\"@type\":\"ListItem\",\"position\":3,\"name\":\"\u00dcberwinterungs-Gummistopfen 6\/4&#8243; 41\/49\"}]},{\"@type\":\"WebSite\",\"@id\":\"https:\/\/pool-house.shop\/de\/#website\",\"url\":\"https:\/\/pool-house.shop\/de\/\",\"name\":\"Pool-House\",\"description\":\"\",\"publisher\":{\"@id\":\"https:\/\/pool-house.shop\/de\/#organization\"},\"potentialAction\":[{\"@type\":\"SearchAction\",\"target\":{\"@type\":\"EntryPoint\",\"urlTemplate\":\"https:\/\/pool-house.shop\/de\/?s={search_term_string}\"},\"query-input\":{\"@type\":\"PropertyValueSpecification\",\"valueRequired\":true,\"valueName\":\"search_term_string\"}}],\"inLanguage\":\"de\"},{\"@type\":\"Organization\",\"@id\":\"https:\/\/pool-house.shop\/de\/#organization\",\"name\":\"Pool-House\",\"url\":\"https:\/\/pool-house.shop\/de\/\",\"logo\":{\"@type\":\"ImageObject\",\"inLanguage\":\"de\",\"@id\":\"https:\/\/pool-house.shop\/de\/#\/schema\/logo\/image\/\",\"url\":\"https:\/\/pool-house.shop\/wp-content\/uploads\/2025\/10\/logo-2-stvorec-mobil-modre.png\",\"contentUrl\":\"https:\/\/pool-house.shop\/wp-content\/uploads\/2025\/10\/logo-2-stvorec-mobil-modre.png\",\"width\":273,\"height\":189,\"caption\":\"Pool-House\"},\"image\":{\"@id\":\"https:\/\/pool-house.shop\/de\/#\/schema\/logo\/image\/\"},\"sameAs\":[\"https:\/\/www.facebook.com\/termodomsk\/\"]}]}<\/script>\n<!-- \/ Yoast SEO plugin. -->","yoast_head_json":{"title":"\u00dcberwinterungs-Gummistopfen 6\/4\" 41\/49 - Pool-House","robots":{"index":"index","follow":"follow","max-snippet":"max-snippet:-1","max-image-preview":"max-image-preview:large","max-video-preview":"max-video-preview:-1"},"canonical":"https:\/\/pool-house.shop\/de\/product\/ueberwinterungs-gummistopfen-6-4-41-49\/","og_locale":"de_DE","og_type":"article","og_title":"\u00dcberwinterungs-Gummistopfen 6\/4\" 41\/49 - Pool-House","og_description":"\u00dcberwinterungs-Gummistopfen - 5\/4\"  Hochwertiger, langlebiger Gummistopfen mit Fl\u00fcgelmutter. Das Material ist mittelharter Gummi. Im Winter kann er in die \u00d6ffnung der Einlaufd\u00fcse eingesetzt werden.  Er kann verwendet werden, um das Eindringen von Winterniederschl\u00e4gen in das Pool-Rohrsystem \u00fcber die Einl\u00e4sse zu verhindern. Sein Grundmaterial weist eine gute Schlagfestigkeit, hohe H\u00e4rte und Festigkeit, gute W\u00e4rmebest\u00e4ndigkeit und chemische Best\u00e4ndigkeit auf. Dank seiner hervorragenden Qualit\u00e4t ist er auch eine langfristige L\u00f6sung f\u00fcr die \u00dcberwinterung des Pools. Seine Platzierung und Anwendung sind \u00e4u\u00dferst schnell und einfach.  Eigenschaften - Gr\u00f6\u00dfe: 6\/4\"","og_url":"https:\/\/pool-house.shop\/de\/product\/ueberwinterungs-gummistopfen-6-4-41-49\/","og_site_name":"Pool-House","article_publisher":"https:\/\/www.facebook.com\/termodomsk\/","article_modified_time":"2026-02-05T11:48:53+00:00","og_image":[{"width":1000,"height":1000,"url":"https:\/\/pool-house.shop\/wp-content\/uploads\/2025\/04\/173202.png","type":"image\/png"}],"twitter_card":"summary_large_image","schema":{"@context":"https:\/\/schema.org","@graph":[{"@type":"WebPage","@id":"https:\/\/pool-house.shop\/de\/product\/ueberwinterungs-gummistopfen-6-4-41-49\/","url":"https:\/\/pool-house.shop\/de\/product\/ueberwinterungs-gummistopfen-6-4-41-49\/","name":"\u00dcberwinterungs-Gummistopfen 6\/4\" 41\/49 - Pool-House","isPartOf":{"@id":"https:\/\/pool-house.shop\/de\/#website"},"primaryImageOfPage":{"@id":"https:\/\/pool-house.shop\/de\/product\/ueberwinterungs-gummistopfen-6-4-41-49\/#primaryimage"},"image":{"@id":"https:\/\/pool-house.shop\/de\/product\/ueberwinterungs-gummistopfen-6-4-41-49\/#primaryimage"},"thumbnailUrl":"https:\/\/pool-house.shop\/wp-content\/uploads\/2025\/04\/173202.png","datePublished":"2025-04-08T10:35:18+00:00","dateModified":"2026-02-05T11:48:53+00:00","breadcrumb":{"@id":"https:\/\/pool-house.shop\/de\/product\/ueberwinterungs-gummistopfen-6-4-41-49\/#breadcrumb"},"inLanguage":"de","potentialAction":[{"@type":"ReadAction","target":["https:\/\/pool-house.shop\/de\/product\/ueberwinterungs-gummistopfen-6-4-41-49\/"]}]},{"@type":"ImageObject","inLanguage":"de","@id":"https:\/\/pool-house.shop\/de\/product\/ueberwinterungs-gummistopfen-6-4-41-49\/#primaryimage","url":"https:\/\/pool-house.shop\/wp-content\/uploads\/2025\/04\/173202.png","contentUrl":"https:\/\/pool-house.shop\/wp-content\/uploads\/2025\/04\/173202.png","width":1000,"height":1000},{"@type":"BreadcrumbList","@id":"https:\/\/pool-house.shop\/de\/product\/ueberwinterungs-gummistopfen-6-4-41-49\/#breadcrumb","itemListElement":[{"@type":"ListItem","position":1,"name":"Domovsk\u00e1 str\u00e1nka","item":"https:\/\/pool-house.shop\/de\/"},{"@type":"ListItem","position":2,"name":"Shop","item":"https:\/\/pool-house.shop\/de\/shop\/"},{"@type":"ListItem","position":3,"name":"\u00dcberwinterungs-Gummistopfen 6\/4&#8243; 41\/49"}]},{"@type":"WebSite","@id":"https:\/\/pool-house.shop\/de\/#website","url":"https:\/\/pool-house.shop\/de\/","name":"Pool-House","description":"","publisher":{"@id":"https:\/\/pool-house.shop\/de\/#organization"},"potentialAction":[{"@type":"SearchAction","target":{"@type":"EntryPoint","urlTemplate":"https:\/\/pool-house.shop\/de\/?s={search_term_string}"},"query-input":{"@type":"PropertyValueSpecification","valueRequired":true,"valueName":"search_term_string"}}],"inLanguage":"de"},{"@type":"Organization","@id":"https:\/\/pool-house.shop\/de\/#organization","name":"Pool-House","url":"https:\/\/pool-house.shop\/de\/","logo":{"@type":"ImageObject","inLanguage":"de","@id":"https:\/\/pool-house.shop\/de\/#\/schema\/logo\/image\/","url":"https:\/\/pool-house.shop\/wp-content\/uploads\/2025\/10\/logo-2-stvorec-mobil-modre.png","contentUrl":"https:\/\/pool-house.shop\/wp-content\/uploads\/2025\/10\/logo-2-stvorec-mobil-modre.png","width":273,"height":189,"caption":"Pool-House"},"image":{"@id":"https:\/\/pool-house.shop\/de\/#\/schema\/logo\/image\/"},"sameAs":["https:\/\/www.facebook.com\/termodomsk\/"]}]}},"_links":{"self":[{"href":"https:\/\/pool-house.shop\/de\/wp-json\/wp\/v2\/product\/10624","targetHints":{"allow":["GET"]}}],"collection":[{"href":"https:\/\/pool-house.shop\/de\/wp-json\/wp\/v2\/product"}],"about":[{"href":"https:\/\/pool-house.shop\/de\/wp-json\/wp\/v2\/types\/product"}],"wp:featuredmedia":[{"embeddable":true,"href":"https:\/\/pool-house.shop\/de\/wp-json\/wp\/v2\/media\/10622"}],"wp:attachment":[{"href":"https:\/\/pool-house.shop\/de\/wp-json\/wp\/v2\/media?parent=10624"}],"wp:term":[{"taxonomy":"product_brand","embeddable":true,"href":"https:\/\/pool-house.shop\/de\/wp-json\/wp\/v2\/product_brand?post=10624"},{"taxonomy":"product_cat","embeddable":true,"href":"https:\/\/pool-house.shop\/de\/wp-json\/wp\/v2\/product_cat?post=10624"},{"taxonomy":"product_tag","embeddable":true,"href":"https:\/\/pool-house.shop\/de\/wp-json\/wp\/v2\/product_tag?post=10624"}],"curies":[{"name":"wp","href":"https:\/\/api.w.org\/{rel}","templated":true}]}}