{"id":10729,"date":"2025-04-08T12:29:45","date_gmt":"2025-04-08T10:29:45","guid":{"rendered":"https:\/\/pool-house.shop\/product\/solarplane-blau-180-o370m\/"},"modified":"2026-02-05T12:52:21","modified_gmt":"2026-02-05T11:52:21","slug":"solarplane-blau-180-o370m","status":"publish","type":"product","link":"https:\/\/pool-house.shop\/de\/product\/solarplane-blau-180-o370m\/","title":{"rendered":"Solarplane Blau 180 \u00d83,70m"},"content":{"rendered":"<p>Solarabdeckung &#8211; Blau <\/p>\n<p> Hochwertiges, rundes, UV-stabilisiertes Polyethylen, eine \u00e4sthetische blaue Solarabdeckung zur Pflege und Erw\u00e4rmung des Poolwassers.<\/p>\n<p> Eigenschaften:<br \/>\n &#8211; Gr\u00f6\u00dfe: \u00d83,7 m<br \/>\n &#8211; Materialst\u00e4rke: 180 Mikron<\/p>\n<p> UV-stabilisierte Polyethylenabdeckung<br \/>\n Mit der Solarabdeckung kann das Poolwasser um 3-4\u00b0C w\u00e4rmer sein. Neben der Verwendung der Solarabdeckung wird in Innenpools die Verdunstung erheblich reduziert, wodurch sich auch die Betriebszeit des Entfeuchtungsger\u00e4ts verringert \u2013 eine Energieersparnis.<br \/>\n Die Materialst\u00e4rke f\u00fcr runde Abdeckungen betr\u00e4gt 180 oder 250 Mikron, f\u00fcr ovale Abdeckungen 250 Mikron. Bei schonender chemischer Behandlung betr\u00e4gt die voraussichtliche Lebensdauer 2-3 Jahre. <\/p>\n<p> Vorteile einer Poolabdeckung<br \/>\n &#8211; Die Verdunstung wird reduziert, wodurch W\u00e4rmeverluste minimiert werden.<br \/>\n &#8211; Der Wasserverlust durch Verdunstung sinkt, und somit auch der Bedarf an Frischwasser.<br \/>\n &#8211; Die W\u00e4rmeabstrahlung des Pools nimmt ab, wodurch die Abk\u00fchlung des Wassers verlangsamt wird.<br \/>\n &#8211; Die Menge der verwendeten Chemikalien und weitere Kosten f\u00fcr die Wasseraufbereitung werden reduziert.<br \/>\n &#8211; Der Zeitaufwand f\u00fcr die Poolpflege verk\u00fcrzt sich.<br \/>\n &#8211; Die Betriebszeit des Entfeuchtungsger\u00e4ts in Hallenb\u00e4dern wird reduziert.<br \/>\n &#8211; Geringere Leistung, d.h. ein g\u00fcnstigeres Entfeuchtungsger\u00e4t kann auch f\u00fcr Innenpools ausreichen.<br \/>\n &#8211; Die Badesaison f\u00fcr Au\u00dfenpools wird verl\u00e4ngert.<br \/>\n &#8211; Einige Arten von Poolabdeckungen dienen auch als Sicherheitsabdeckungen.<br \/>\n &#8211; \u00c4sthetik<\/p>\n","protected":false},"excerpt":{"rendered":"<p>Solarabdeckung &#8211; Blau <\/p>\n<p> Hochwertiges, rundes, UV-stabilisiertes Polyethylen, eine \u00e4sthetische blaue Solarabdeckung zur Pflege und Erw\u00e4rmung des Poolwassers.<\/p>\n<p> Eigenschaften:<br \/>\n &#8211; Gr\u00f6\u00dfe: \u00d83,7 m<br \/>\n &#8211; Materialst\u00e4rke: 180 Mikron<\/p>\n<p> UV-stabilisierte Polyethylenabdeckung<br \/>\n Mit der Solarabdeckung kann das Poolwasser um 3-4\u00b0C w\u00e4rmer sein. Neben der Verwendung der Solarabdeckung wird in Innenpools die Verdunstung erheblich reduziert, wodurch sich auch die Betriebszeit des Entfeuchtungsger\u00e4ts verringert \u2013 eine Energieersparnis.<br \/>\n Die Materialst\u00e4rke f\u00fcr runde Abdeckungen betr\u00e4gt 180 oder 250 Mikron, f\u00fcr ovale Abdeckungen 250 Mikron. Bei schonender chemischer Behandlung betr\u00e4gt die voraussichtliche Lebensdauer 2-3 Jahre. <\/p>\n<p> Vorteile einer Poolabdeckung<br \/>\n &#8211; Die Verdunstung wird reduziert, wodurch W\u00e4rmeverluste minimiert werden.<br \/>\n &#8211; Der Wasserverlust durch Verdunstung sinkt, und somit auch der Bedarf an Frischwasser.<br \/>\n &#8211; Die W\u00e4rmeabstrahlung des Pools nimmt ab, wodurch die Abk\u00fchlung des Wassers verlangsamt wird.<br \/>\n &#8211; Die Menge der verwendeten Chemikalien und weitere Kosten f\u00fcr die Wasseraufbereitung werden reduziert.<br \/>\n &#8211; Der Zeitaufwand f\u00fcr die Poolpflege verk\u00fcrzt sich.<br \/>\n &#8211; Die Betriebszeit des Entfeuchtungsger\u00e4ts in Hallenb\u00e4dern wird reduziert.<br \/>\n &#8211; Geringere Leistung, d.h. ein g\u00fcnstigeres Entfeuchtungsger\u00e4t kann auch f\u00fcr Innenpools ausreichen.<br \/>\n &#8211; Die Badesaison f\u00fcr Au\u00dfenpools wird verl\u00e4ngert.<br \/>\n &#8211; Einige Arten von Poolabdeckungen dienen auch als Sicherheitsabdeckungen.<br \/>\n &#8211; \u00c4sthetik<\/p>\n","protected":false},"featured_media":10728,"template":"","meta":[],"product_brand":[],"product_cat":[306],"product_tag":[],"class_list":{"0":"post-10729","1":"product","2":"type-product","3":"status-publish","4":"has-post-thumbnail","6":"product_cat-poolabdeckung","7":"thunk-woo-product-list","8":"open-woo-hover-none","9":"open-single-product-tab-horizontal","10":"open-shadow-","11":"open-shadow-hover-","13":"first","14":"instock","15":"taxable","16":"shipping-taxable","17":"purchasable","18":"product-type-simple"},"yoast_head":"<!-- This site is optimized with the Yoast SEO plugin v26.9 - https:\/\/yoast.com\/product\/yoast-seo-wordpress\/ -->\n<title>Solarplane Blau 180 \u00d83,70m - Pool-House<\/title>\n<meta name=\"robots\" content=\"index, follow, max-snippet:-1, max-image-preview:large, max-video-preview:-1\" \/>\n<link rel=\"canonical\" href=\"https:\/\/pool-house.shop\/de\/product\/solarplane-blau-180-o370m\/\" \/>\n<meta property=\"og:locale\" content=\"de_DE\" \/>\n<meta property=\"og:type\" content=\"article\" \/>\n<meta property=\"og:title\" content=\"Solarplane Blau 180 \u00d83,70m - Pool-House\" \/>\n<meta property=\"og:description\" content=\"Solarabdeckung - Blau   Hochwertiges, rundes, UV-stabilisiertes Polyethylen, eine \u00e4sthetische blaue Solarabdeckung zur Pflege und Erw\u00e4rmung des Poolwassers.  Eigenschaften: - Gr\u00f6\u00dfe: \u00d83,7 m - Materialst\u00e4rke: 180 Mikron  UV-stabilisierte Polyethylenabdeckung Mit der Solarabdeckung kann das Poolwasser um 3-4\u00b0C w\u00e4rmer sein. Neben der Verwendung der Solarabdeckung wird in Innenpools die Verdunstung erheblich reduziert, wodurch sich auch die Betriebszeit des Entfeuchtungsger\u00e4ts verringert \u2013 eine Energieersparnis.  Die Materialst\u00e4rke f\u00fcr runde Abdeckungen betr\u00e4gt 180 oder 250 Mikron, f\u00fcr ovale Abdeckungen 250 Mikron. Bei schonender chemischer Behandlung betr\u00e4gt die voraussichtliche Lebensdauer 2-3 Jahre.    Vorteile einer Poolabdeckung - Die Verdunstung wird reduziert, wodurch W\u00e4rmeverluste minimiert werden. - Der Wasserverlust durch Verdunstung sinkt, und somit auch der Bedarf an Frischwasser. - Die W\u00e4rmeabstrahlung des Pools nimmt ab, wodurch die Abk\u00fchlung des Wassers verlangsamt wird. - Die Menge der verwendeten Chemikalien und weitere Kosten f\u00fcr die Wasseraufbereitung werden reduziert. - Der Zeitaufwand f\u00fcr die Poolpflege verk\u00fcrzt sich. - Die Betriebszeit des Entfeuchtungsger\u00e4ts in Hallenb\u00e4dern wird reduziert. - Geringere Leistung, d.h. ein g\u00fcnstigeres Entfeuchtungsger\u00e4t kann auch f\u00fcr Innenpools ausreichen. - Die Badesaison f\u00fcr Au\u00dfenpools wird verl\u00e4ngert. - Einige Arten von Poolabdeckungen dienen auch als Sicherheitsabdeckungen. - \u00c4sthetik\" \/>\n<meta property=\"og:url\" content=\"https:\/\/pool-house.shop\/de\/product\/solarplane-blau-180-o370m\/\" \/>\n<meta property=\"og:site_name\" content=\"Pool-House\" \/>\n<meta property=\"article:publisher\" content=\"https:\/\/www.facebook.com\/termodomsk\/\" \/>\n<meta property=\"article:modified_time\" content=\"2026-02-05T11:52:21+00:00\" \/>\n<meta property=\"og:image\" content=\"https:\/\/pool-house.shop\/wp-content\/uploads\/2025\/04\/172003.png\" \/>\n\t<meta property=\"og:image:width\" content=\"1600\" \/>\n\t<meta property=\"og:image:height\" content=\"1600\" \/>\n\t<meta property=\"og:image:type\" content=\"image\/png\" \/>\n<meta name=\"twitter:card\" content=\"summary_large_image\" \/>\n<meta name=\"twitter:label1\" content=\"Gesch\u00e4tzte Lesezeit\" \/>\n\t<meta name=\"twitter:data1\" content=\"1\u00a0Minute\" \/>\n<script type=\"application\/ld+json\" class=\"yoast-schema-graph\">{\"@context\":\"https:\/\/schema.org\",\"@graph\":[{\"@type\":\"WebPage\",\"@id\":\"https:\/\/pool-house.shop\/de\/product\/solarplane-blau-180-o370m\/\",\"url\":\"https:\/\/pool-house.shop\/de\/product\/solarplane-blau-180-o370m\/\",\"name\":\"Solarplane Blau 180 \u00d83,70m - Pool-House\",\"isPartOf\":{\"@id\":\"https:\/\/pool-house.shop\/de\/#website\"},\"primaryImageOfPage\":{\"@id\":\"https:\/\/pool-house.shop\/de\/product\/solarplane-blau-180-o370m\/#primaryimage\"},\"image\":{\"@id\":\"https:\/\/pool-house.shop\/de\/product\/solarplane-blau-180-o370m\/#primaryimage\"},\"thumbnailUrl\":\"https:\/\/pool-house.shop\/wp-content\/uploads\/2025\/04\/172003.png\",\"datePublished\":\"2025-04-08T10:29:45+00:00\",\"dateModified\":\"2026-02-05T11:52:21+00:00\",\"breadcrumb\":{\"@id\":\"https:\/\/pool-house.shop\/de\/product\/solarplane-blau-180-o370m\/#breadcrumb\"},\"inLanguage\":\"de\",\"potentialAction\":[{\"@type\":\"ReadAction\",\"target\":[\"https:\/\/pool-house.shop\/de\/product\/solarplane-blau-180-o370m\/\"]}]},{\"@type\":\"ImageObject\",\"inLanguage\":\"de\",\"@id\":\"https:\/\/pool-house.shop\/de\/product\/solarplane-blau-180-o370m\/#primaryimage\",\"url\":\"https:\/\/pool-house.shop\/wp-content\/uploads\/2025\/04\/172003.png\",\"contentUrl\":\"https:\/\/pool-house.shop\/wp-content\/uploads\/2025\/04\/172003.png\",\"width\":1600,\"height\":1600},{\"@type\":\"BreadcrumbList\",\"@id\":\"https:\/\/pool-house.shop\/de\/product\/solarplane-blau-180-o370m\/#breadcrumb\",\"itemListElement\":[{\"@type\":\"ListItem\",\"position\":1,\"name\":\"Domovsk\u00e1 str\u00e1nka\",\"item\":\"https:\/\/pool-house.shop\/de\/\"},{\"@type\":\"ListItem\",\"position\":2,\"name\":\"Shop\",\"item\":\"https:\/\/pool-house.shop\/de\/shop\/\"},{\"@type\":\"ListItem\",\"position\":3,\"name\":\"Solarplane Blau 180 \u00d83,70m\"}]},{\"@type\":\"WebSite\",\"@id\":\"https:\/\/pool-house.shop\/de\/#website\",\"url\":\"https:\/\/pool-house.shop\/de\/\",\"name\":\"Pool-House\",\"description\":\"\",\"publisher\":{\"@id\":\"https:\/\/pool-house.shop\/de\/#organization\"},\"potentialAction\":[{\"@type\":\"SearchAction\",\"target\":{\"@type\":\"EntryPoint\",\"urlTemplate\":\"https:\/\/pool-house.shop\/de\/?s={search_term_string}\"},\"query-input\":{\"@type\":\"PropertyValueSpecification\",\"valueRequired\":true,\"valueName\":\"search_term_string\"}}],\"inLanguage\":\"de\"},{\"@type\":\"Organization\",\"@id\":\"https:\/\/pool-house.shop\/de\/#organization\",\"name\":\"Pool-House\",\"url\":\"https:\/\/pool-house.shop\/de\/\",\"logo\":{\"@type\":\"ImageObject\",\"inLanguage\":\"de\",\"@id\":\"https:\/\/pool-house.shop\/de\/#\/schema\/logo\/image\/\",\"url\":\"https:\/\/pool-house.shop\/wp-content\/uploads\/2025\/10\/logo-2-stvorec-mobil-modre.png\",\"contentUrl\":\"https:\/\/pool-house.shop\/wp-content\/uploads\/2025\/10\/logo-2-stvorec-mobil-modre.png\",\"width\":273,\"height\":189,\"caption\":\"Pool-House\"},\"image\":{\"@id\":\"https:\/\/pool-house.shop\/de\/#\/schema\/logo\/image\/\"},\"sameAs\":[\"https:\/\/www.facebook.com\/termodomsk\/\"]}]}<\/script>\n<!-- \/ Yoast SEO plugin. -->","yoast_head_json":{"title":"Solarplane Blau 180 \u00d83,70m - Pool-House","robots":{"index":"index","follow":"follow","max-snippet":"max-snippet:-1","max-image-preview":"max-image-preview:large","max-video-preview":"max-video-preview:-1"},"canonical":"https:\/\/pool-house.shop\/de\/product\/solarplane-blau-180-o370m\/","og_locale":"de_DE","og_type":"article","og_title":"Solarplane Blau 180 \u00d83,70m - Pool-House","og_description":"Solarabdeckung - Blau   Hochwertiges, rundes, UV-stabilisiertes Polyethylen, eine \u00e4sthetische blaue Solarabdeckung zur Pflege und Erw\u00e4rmung des Poolwassers.  Eigenschaften: - Gr\u00f6\u00dfe: \u00d83,7 m - Materialst\u00e4rke: 180 Mikron  UV-stabilisierte Polyethylenabdeckung Mit der Solarabdeckung kann das Poolwasser um 3-4\u00b0C w\u00e4rmer sein. Neben der Verwendung der Solarabdeckung wird in Innenpools die Verdunstung erheblich reduziert, wodurch sich auch die Betriebszeit des Entfeuchtungsger\u00e4ts verringert \u2013 eine Energieersparnis.  Die Materialst\u00e4rke f\u00fcr runde Abdeckungen betr\u00e4gt 180 oder 250 Mikron, f\u00fcr ovale Abdeckungen 250 Mikron. Bei schonender chemischer Behandlung betr\u00e4gt die voraussichtliche Lebensdauer 2-3 Jahre.    Vorteile einer Poolabdeckung - Die Verdunstung wird reduziert, wodurch W\u00e4rmeverluste minimiert werden. - Der Wasserverlust durch Verdunstung sinkt, und somit auch der Bedarf an Frischwasser. - Die W\u00e4rmeabstrahlung des Pools nimmt ab, wodurch die Abk\u00fchlung des Wassers verlangsamt wird. - Die Menge der verwendeten Chemikalien und weitere Kosten f\u00fcr die Wasseraufbereitung werden reduziert. - Der Zeitaufwand f\u00fcr die Poolpflege verk\u00fcrzt sich. - Die Betriebszeit des Entfeuchtungsger\u00e4ts in Hallenb\u00e4dern wird reduziert. - Geringere Leistung, d.h. ein g\u00fcnstigeres Entfeuchtungsger\u00e4t kann auch f\u00fcr Innenpools ausreichen. - Die Badesaison f\u00fcr Au\u00dfenpools wird verl\u00e4ngert. - Einige Arten von Poolabdeckungen dienen auch als Sicherheitsabdeckungen. - \u00c4sthetik","og_url":"https:\/\/pool-house.shop\/de\/product\/solarplane-blau-180-o370m\/","og_site_name":"Pool-House","article_publisher":"https:\/\/www.facebook.com\/termodomsk\/","article_modified_time":"2026-02-05T11:52:21+00:00","og_image":[{"width":1600,"height":1600,"url":"https:\/\/pool-house.shop\/wp-content\/uploads\/2025\/04\/172003.png","type":"image\/png"}],"twitter_card":"summary_large_image","twitter_misc":{"Gesch\u00e4tzte Lesezeit":"1\u00a0Minute"},"schema":{"@context":"https:\/\/schema.org","@graph":[{"@type":"WebPage","@id":"https:\/\/pool-house.shop\/de\/product\/solarplane-blau-180-o370m\/","url":"https:\/\/pool-house.shop\/de\/product\/solarplane-blau-180-o370m\/","name":"Solarplane Blau 180 \u00d83,70m - Pool-House","isPartOf":{"@id":"https:\/\/pool-house.shop\/de\/#website"},"primaryImageOfPage":{"@id":"https:\/\/pool-house.shop\/de\/product\/solarplane-blau-180-o370m\/#primaryimage"},"image":{"@id":"https:\/\/pool-house.shop\/de\/product\/solarplane-blau-180-o370m\/#primaryimage"},"thumbnailUrl":"https:\/\/pool-house.shop\/wp-content\/uploads\/2025\/04\/172003.png","datePublished":"2025-04-08T10:29:45+00:00","dateModified":"2026-02-05T11:52:21+00:00","breadcrumb":{"@id":"https:\/\/pool-house.shop\/de\/product\/solarplane-blau-180-o370m\/#breadcrumb"},"inLanguage":"de","potentialAction":[{"@type":"ReadAction","target":["https:\/\/pool-house.shop\/de\/product\/solarplane-blau-180-o370m\/"]}]},{"@type":"ImageObject","inLanguage":"de","@id":"https:\/\/pool-house.shop\/de\/product\/solarplane-blau-180-o370m\/#primaryimage","url":"https:\/\/pool-house.shop\/wp-content\/uploads\/2025\/04\/172003.png","contentUrl":"https:\/\/pool-house.shop\/wp-content\/uploads\/2025\/04\/172003.png","width":1600,"height":1600},{"@type":"BreadcrumbList","@id":"https:\/\/pool-house.shop\/de\/product\/solarplane-blau-180-o370m\/#breadcrumb","itemListElement":[{"@type":"ListItem","position":1,"name":"Domovsk\u00e1 str\u00e1nka","item":"https:\/\/pool-house.shop\/de\/"},{"@type":"ListItem","position":2,"name":"Shop","item":"https:\/\/pool-house.shop\/de\/shop\/"},{"@type":"ListItem","position":3,"name":"Solarplane Blau 180 \u00d83,70m"}]},{"@type":"WebSite","@id":"https:\/\/pool-house.shop\/de\/#website","url":"https:\/\/pool-house.shop\/de\/","name":"Pool-House","description":"","publisher":{"@id":"https:\/\/pool-house.shop\/de\/#organization"},"potentialAction":[{"@type":"SearchAction","target":{"@type":"EntryPoint","urlTemplate":"https:\/\/pool-house.shop\/de\/?s={search_term_string}"},"query-input":{"@type":"PropertyValueSpecification","valueRequired":true,"valueName":"search_term_string"}}],"inLanguage":"de"},{"@type":"Organization","@id":"https:\/\/pool-house.shop\/de\/#organization","name":"Pool-House","url":"https:\/\/pool-house.shop\/de\/","logo":{"@type":"ImageObject","inLanguage":"de","@id":"https:\/\/pool-house.shop\/de\/#\/schema\/logo\/image\/","url":"https:\/\/pool-house.shop\/wp-content\/uploads\/2025\/10\/logo-2-stvorec-mobil-modre.png","contentUrl":"https:\/\/pool-house.shop\/wp-content\/uploads\/2025\/10\/logo-2-stvorec-mobil-modre.png","width":273,"height":189,"caption":"Pool-House"},"image":{"@id":"https:\/\/pool-house.shop\/de\/#\/schema\/logo\/image\/"},"sameAs":["https:\/\/www.facebook.com\/termodomsk\/"]}]}},"_links":{"self":[{"href":"https:\/\/pool-house.shop\/de\/wp-json\/wp\/v2\/product\/10729","targetHints":{"allow":["GET"]}}],"collection":[{"href":"https:\/\/pool-house.shop\/de\/wp-json\/wp\/v2\/product"}],"about":[{"href":"https:\/\/pool-house.shop\/de\/wp-json\/wp\/v2\/types\/product"}],"wp:featuredmedia":[{"embeddable":true,"href":"https:\/\/pool-house.shop\/de\/wp-json\/wp\/v2\/media\/10728"}],"wp:attachment":[{"href":"https:\/\/pool-house.shop\/de\/wp-json\/wp\/v2\/media?parent=10729"}],"wp:term":[{"taxonomy":"product_brand","embeddable":true,"href":"https:\/\/pool-house.shop\/de\/wp-json\/wp\/v2\/product_brand?post=10729"},{"taxonomy":"product_cat","embeddable":true,"href":"https:\/\/pool-house.shop\/de\/wp-json\/wp\/v2\/product_cat?post=10729"},{"taxonomy":"product_tag","embeddable":true,"href":"https:\/\/pool-house.shop\/de\/wp-json\/wp\/v2\/product_tag?post=10729"}],"curies":[{"name":"wp","href":"https:\/\/api.w.org\/{rel}","templated":true}]}}