{"id":10750,"date":"2025-04-08T12:29:18","date_gmt":"2025-04-08T10:29:18","guid":{"rendered":"https:\/\/pool-house.shop\/product\/rollbarer-mobiler-edelstahlstaender-fuer-34-47-m\/"},"modified":"2026-02-05T12:53:28","modified_gmt":"2026-02-05T11:53:28","slug":"rollbarer-mobiler-edelstahlstaender-fuer-34-47-m","status":"publish","type":"product","link":"https:\/\/pool-house.shop\/de\/product\/rollbarer-mobiler-edelstahlstaender-fuer-34-47-m\/","title":{"rendered":"Rollbarer, mobiler Edelstahlst\u00e4nder f\u00fcr 3,4 &#8211; 4,7 m"},"content":{"rendered":"<p>Aufroller<\/p>\n<p> Hochwertiger Aufroller mit mobilen Edelstahlf\u00fc\u00dfen f\u00fcr eine einfache, sichere, effiziente und schnelle Installation, Abnahme und Lagerung von Solarabdeckungen.<\/p>\n<p> Der Solarabdeckungsaufroller ist aus hochwertigen Aluminiumrohren und rostbest\u00e4ndigen Edelstahlf\u00fc\u00dfen gefertigt. Robuste Gummir\u00e4der und rutschfeste Standf\u00fc\u00dfe gegen Umkippen, eine gro\u00dfe Handkurbel f\u00fcr einfaches Aufrollen, Verbindungsriemen f\u00fcr die einfache Befestigung der Solarabdeckung. <\/p>\n<p> Eigenschaften:<br \/>\n &#8211; Material: Edelstahl und Aluminium<br \/>\n &#8211; Poolgr\u00f6\u00dfe: 3,4 &#8211; 4,7 m <\/p>\n","protected":false},"excerpt":{"rendered":"<p>Aufroller<\/p>\n<p> Hochwertiger Aufroller mit mobilen Edelstahlf\u00fc\u00dfen f\u00fcr eine einfache, sichere, effiziente und schnelle Installation, Abnahme und Lagerung von Solarabdeckungen.<\/p>\n<p> Der Solarabdeckungsaufroller ist aus hochwertigen Aluminiumrohren und rostbest\u00e4ndigen Edelstahlf\u00fc\u00dfen gefertigt. Robuste Gummir\u00e4der und rutschfeste Standf\u00fc\u00dfe gegen Umkippen, eine gro\u00dfe Handkurbel f\u00fcr einfaches Aufrollen, Verbindungsriemen f\u00fcr die einfache Befestigung der Solarabdeckung. <\/p>\n<p> Eigenschaften:<br \/>\n &#8211; Material: Edelstahl und Aluminium<br \/>\n &#8211; Poolgr\u00f6\u00dfe: 3,4 &#8211; 4,7 m <\/p>\n","protected":false},"featured_media":10747,"template":"","meta":[],"product_brand":[],"product_cat":[306],"product_tag":[],"class_list":{"0":"post-10750","1":"product","2":"type-product","3":"status-publish","4":"has-post-thumbnail","6":"product_cat-poolabdeckung","7":"thunk-woo-product-list","8":"open-woo-hover-none","9":"open-single-product-tab-horizontal","10":"open-shadow-","11":"open-shadow-hover-","13":"first","14":"instock","15":"taxable","16":"shipping-taxable","17":"purchasable","18":"product-type-simple"},"yoast_head":"<!-- This site is optimized with the Yoast SEO plugin v26.9 - https:\/\/yoast.com\/product\/yoast-seo-wordpress\/ -->\n<title>Rollbarer, mobiler Edelstahlst\u00e4nder f\u00fcr 3,4 - 4,7 m - Pool-House<\/title>\n<meta name=\"robots\" content=\"index, follow, max-snippet:-1, max-image-preview:large, max-video-preview:-1\" \/>\n<link rel=\"canonical\" href=\"https:\/\/pool-house.shop\/de\/product\/rollbarer-mobiler-edelstahlstaender-fuer-34-47-m\/\" \/>\n<meta property=\"og:locale\" content=\"de_DE\" \/>\n<meta property=\"og:type\" content=\"article\" \/>\n<meta property=\"og:title\" content=\"Rollbarer, mobiler Edelstahlst\u00e4nder f\u00fcr 3,4 - 4,7 m - Pool-House\" \/>\n<meta property=\"og:description\" content=\"Aufroller  Hochwertiger Aufroller mit mobilen Edelstahlf\u00fc\u00dfen f\u00fcr eine einfache, sichere, effiziente und schnelle Installation, Abnahme und Lagerung von Solarabdeckungen.  Der Solarabdeckungsaufroller ist aus hochwertigen Aluminiumrohren und rostbest\u00e4ndigen Edelstahlf\u00fc\u00dfen gefertigt. Robuste Gummir\u00e4der und rutschfeste Standf\u00fc\u00dfe gegen Umkippen, eine gro\u00dfe Handkurbel f\u00fcr einfaches Aufrollen, Verbindungsriemen f\u00fcr die einfache Befestigung der Solarabdeckung.   Eigenschaften: - Material: Edelstahl und Aluminium - Poolgr\u00f6\u00dfe: 3,4 - 4,7 m\" \/>\n<meta property=\"og:url\" content=\"https:\/\/pool-house.shop\/de\/product\/rollbarer-mobiler-edelstahlstaender-fuer-34-47-m\/\" \/>\n<meta property=\"og:site_name\" content=\"Pool-House\" \/>\n<meta property=\"article:publisher\" content=\"https:\/\/www.facebook.com\/termodomsk\/\" \/>\n<meta property=\"article:modified_time\" content=\"2026-02-05T11:53:28+00:00\" \/>\n<meta property=\"og:image\" content=\"https:\/\/pool-house.shop\/wp-content\/uploads\/2025\/04\/171005.png\" \/>\n\t<meta property=\"og:image:width\" content=\"1600\" \/>\n\t<meta property=\"og:image:height\" content=\"1600\" \/>\n\t<meta property=\"og:image:type\" content=\"image\/png\" \/>\n<meta name=\"twitter:card\" content=\"summary_large_image\" \/>\n<script type=\"application\/ld+json\" class=\"yoast-schema-graph\">{\"@context\":\"https:\/\/schema.org\",\"@graph\":[{\"@type\":\"WebPage\",\"@id\":\"https:\/\/pool-house.shop\/de\/product\/rollbarer-mobiler-edelstahlstaender-fuer-34-47-m\/\",\"url\":\"https:\/\/pool-house.shop\/de\/product\/rollbarer-mobiler-edelstahlstaender-fuer-34-47-m\/\",\"name\":\"Rollbarer, mobiler Edelstahlst\u00e4nder f\u00fcr 3,4 - 4,7 m - Pool-House\",\"isPartOf\":{\"@id\":\"https:\/\/pool-house.shop\/de\/#website\"},\"primaryImageOfPage\":{\"@id\":\"https:\/\/pool-house.shop\/de\/product\/rollbarer-mobiler-edelstahlstaender-fuer-34-47-m\/#primaryimage\"},\"image\":{\"@id\":\"https:\/\/pool-house.shop\/de\/product\/rollbarer-mobiler-edelstahlstaender-fuer-34-47-m\/#primaryimage\"},\"thumbnailUrl\":\"https:\/\/pool-house.shop\/wp-content\/uploads\/2025\/04\/171005.png\",\"datePublished\":\"2025-04-08T10:29:18+00:00\",\"dateModified\":\"2026-02-05T11:53:28+00:00\",\"breadcrumb\":{\"@id\":\"https:\/\/pool-house.shop\/de\/product\/rollbarer-mobiler-edelstahlstaender-fuer-34-47-m\/#breadcrumb\"},\"inLanguage\":\"de\",\"potentialAction\":[{\"@type\":\"ReadAction\",\"target\":[\"https:\/\/pool-house.shop\/de\/product\/rollbarer-mobiler-edelstahlstaender-fuer-34-47-m\/\"]}]},{\"@type\":\"ImageObject\",\"inLanguage\":\"de\",\"@id\":\"https:\/\/pool-house.shop\/de\/product\/rollbarer-mobiler-edelstahlstaender-fuer-34-47-m\/#primaryimage\",\"url\":\"https:\/\/pool-house.shop\/wp-content\/uploads\/2025\/04\/171005.png\",\"contentUrl\":\"https:\/\/pool-house.shop\/wp-content\/uploads\/2025\/04\/171005.png\",\"width\":1600,\"height\":1600},{\"@type\":\"BreadcrumbList\",\"@id\":\"https:\/\/pool-house.shop\/de\/product\/rollbarer-mobiler-edelstahlstaender-fuer-34-47-m\/#breadcrumb\",\"itemListElement\":[{\"@type\":\"ListItem\",\"position\":1,\"name\":\"Domovsk\u00e1 str\u00e1nka\",\"item\":\"https:\/\/pool-house.shop\/de\/\"},{\"@type\":\"ListItem\",\"position\":2,\"name\":\"Shop\",\"item\":\"https:\/\/pool-house.shop\/de\/shop\/\"},{\"@type\":\"ListItem\",\"position\":3,\"name\":\"Rollbarer, mobiler Edelstahlst\u00e4nder f\u00fcr 3,4 &#8211; 4,7 m\"}]},{\"@type\":\"WebSite\",\"@id\":\"https:\/\/pool-house.shop\/de\/#website\",\"url\":\"https:\/\/pool-house.shop\/de\/\",\"name\":\"Pool-House\",\"description\":\"\",\"publisher\":{\"@id\":\"https:\/\/pool-house.shop\/de\/#organization\"},\"potentialAction\":[{\"@type\":\"SearchAction\",\"target\":{\"@type\":\"EntryPoint\",\"urlTemplate\":\"https:\/\/pool-house.shop\/de\/?s={search_term_string}\"},\"query-input\":{\"@type\":\"PropertyValueSpecification\",\"valueRequired\":true,\"valueName\":\"search_term_string\"}}],\"inLanguage\":\"de\"},{\"@type\":\"Organization\",\"@id\":\"https:\/\/pool-house.shop\/de\/#organization\",\"name\":\"Pool-House\",\"url\":\"https:\/\/pool-house.shop\/de\/\",\"logo\":{\"@type\":\"ImageObject\",\"inLanguage\":\"de\",\"@id\":\"https:\/\/pool-house.shop\/de\/#\/schema\/logo\/image\/\",\"url\":\"https:\/\/pool-house.shop\/wp-content\/uploads\/2025\/10\/logo-2-stvorec-mobil-modre.png\",\"contentUrl\":\"https:\/\/pool-house.shop\/wp-content\/uploads\/2025\/10\/logo-2-stvorec-mobil-modre.png\",\"width\":273,\"height\":189,\"caption\":\"Pool-House\"},\"image\":{\"@id\":\"https:\/\/pool-house.shop\/de\/#\/schema\/logo\/image\/\"},\"sameAs\":[\"https:\/\/www.facebook.com\/termodomsk\/\"]}]}<\/script>\n<!-- \/ Yoast SEO plugin. -->","yoast_head_json":{"title":"Rollbarer, mobiler Edelstahlst\u00e4nder f\u00fcr 3,4 - 4,7 m - Pool-House","robots":{"index":"index","follow":"follow","max-snippet":"max-snippet:-1","max-image-preview":"max-image-preview:large","max-video-preview":"max-video-preview:-1"},"canonical":"https:\/\/pool-house.shop\/de\/product\/rollbarer-mobiler-edelstahlstaender-fuer-34-47-m\/","og_locale":"de_DE","og_type":"article","og_title":"Rollbarer, mobiler Edelstahlst\u00e4nder f\u00fcr 3,4 - 4,7 m - Pool-House","og_description":"Aufroller  Hochwertiger Aufroller mit mobilen Edelstahlf\u00fc\u00dfen f\u00fcr eine einfache, sichere, effiziente und schnelle Installation, Abnahme und Lagerung von Solarabdeckungen.  Der Solarabdeckungsaufroller ist aus hochwertigen Aluminiumrohren und rostbest\u00e4ndigen Edelstahlf\u00fc\u00dfen gefertigt. Robuste Gummir\u00e4der und rutschfeste Standf\u00fc\u00dfe gegen Umkippen, eine gro\u00dfe Handkurbel f\u00fcr einfaches Aufrollen, Verbindungsriemen f\u00fcr die einfache Befestigung der Solarabdeckung.   Eigenschaften: - Material: Edelstahl und Aluminium - Poolgr\u00f6\u00dfe: 3,4 - 4,7 m","og_url":"https:\/\/pool-house.shop\/de\/product\/rollbarer-mobiler-edelstahlstaender-fuer-34-47-m\/","og_site_name":"Pool-House","article_publisher":"https:\/\/www.facebook.com\/termodomsk\/","article_modified_time":"2026-02-05T11:53:28+00:00","og_image":[{"width":1600,"height":1600,"url":"https:\/\/pool-house.shop\/wp-content\/uploads\/2025\/04\/171005.png","type":"image\/png"}],"twitter_card":"summary_large_image","schema":{"@context":"https:\/\/schema.org","@graph":[{"@type":"WebPage","@id":"https:\/\/pool-house.shop\/de\/product\/rollbarer-mobiler-edelstahlstaender-fuer-34-47-m\/","url":"https:\/\/pool-house.shop\/de\/product\/rollbarer-mobiler-edelstahlstaender-fuer-34-47-m\/","name":"Rollbarer, mobiler Edelstahlst\u00e4nder f\u00fcr 3,4 - 4,7 m - Pool-House","isPartOf":{"@id":"https:\/\/pool-house.shop\/de\/#website"},"primaryImageOfPage":{"@id":"https:\/\/pool-house.shop\/de\/product\/rollbarer-mobiler-edelstahlstaender-fuer-34-47-m\/#primaryimage"},"image":{"@id":"https:\/\/pool-house.shop\/de\/product\/rollbarer-mobiler-edelstahlstaender-fuer-34-47-m\/#primaryimage"},"thumbnailUrl":"https:\/\/pool-house.shop\/wp-content\/uploads\/2025\/04\/171005.png","datePublished":"2025-04-08T10:29:18+00:00","dateModified":"2026-02-05T11:53:28+00:00","breadcrumb":{"@id":"https:\/\/pool-house.shop\/de\/product\/rollbarer-mobiler-edelstahlstaender-fuer-34-47-m\/#breadcrumb"},"inLanguage":"de","potentialAction":[{"@type":"ReadAction","target":["https:\/\/pool-house.shop\/de\/product\/rollbarer-mobiler-edelstahlstaender-fuer-34-47-m\/"]}]},{"@type":"ImageObject","inLanguage":"de","@id":"https:\/\/pool-house.shop\/de\/product\/rollbarer-mobiler-edelstahlstaender-fuer-34-47-m\/#primaryimage","url":"https:\/\/pool-house.shop\/wp-content\/uploads\/2025\/04\/171005.png","contentUrl":"https:\/\/pool-house.shop\/wp-content\/uploads\/2025\/04\/171005.png","width":1600,"height":1600},{"@type":"BreadcrumbList","@id":"https:\/\/pool-house.shop\/de\/product\/rollbarer-mobiler-edelstahlstaender-fuer-34-47-m\/#breadcrumb","itemListElement":[{"@type":"ListItem","position":1,"name":"Domovsk\u00e1 str\u00e1nka","item":"https:\/\/pool-house.shop\/de\/"},{"@type":"ListItem","position":2,"name":"Shop","item":"https:\/\/pool-house.shop\/de\/shop\/"},{"@type":"ListItem","position":3,"name":"Rollbarer, mobiler Edelstahlst\u00e4nder f\u00fcr 3,4 &#8211; 4,7 m"}]},{"@type":"WebSite","@id":"https:\/\/pool-house.shop\/de\/#website","url":"https:\/\/pool-house.shop\/de\/","name":"Pool-House","description":"","publisher":{"@id":"https:\/\/pool-house.shop\/de\/#organization"},"potentialAction":[{"@type":"SearchAction","target":{"@type":"EntryPoint","urlTemplate":"https:\/\/pool-house.shop\/de\/?s={search_term_string}"},"query-input":{"@type":"PropertyValueSpecification","valueRequired":true,"valueName":"search_term_string"}}],"inLanguage":"de"},{"@type":"Organization","@id":"https:\/\/pool-house.shop\/de\/#organization","name":"Pool-House","url":"https:\/\/pool-house.shop\/de\/","logo":{"@type":"ImageObject","inLanguage":"de","@id":"https:\/\/pool-house.shop\/de\/#\/schema\/logo\/image\/","url":"https:\/\/pool-house.shop\/wp-content\/uploads\/2025\/10\/logo-2-stvorec-mobil-modre.png","contentUrl":"https:\/\/pool-house.shop\/wp-content\/uploads\/2025\/10\/logo-2-stvorec-mobil-modre.png","width":273,"height":189,"caption":"Pool-House"},"image":{"@id":"https:\/\/pool-house.shop\/de\/#\/schema\/logo\/image\/"},"sameAs":["https:\/\/www.facebook.com\/termodomsk\/"]}]}},"_links":{"self":[{"href":"https:\/\/pool-house.shop\/de\/wp-json\/wp\/v2\/product\/10750","targetHints":{"allow":["GET"]}}],"collection":[{"href":"https:\/\/pool-house.shop\/de\/wp-json\/wp\/v2\/product"}],"about":[{"href":"https:\/\/pool-house.shop\/de\/wp-json\/wp\/v2\/types\/product"}],"wp:featuredmedia":[{"embeddable":true,"href":"https:\/\/pool-house.shop\/de\/wp-json\/wp\/v2\/media\/10747"}],"wp:attachment":[{"href":"https:\/\/pool-house.shop\/de\/wp-json\/wp\/v2\/media?parent=10750"}],"wp:term":[{"taxonomy":"product_brand","embeddable":true,"href":"https:\/\/pool-house.shop\/de\/wp-json\/wp\/v2\/product_brand?post=10750"},{"taxonomy":"product_cat","embeddable":true,"href":"https:\/\/pool-house.shop\/de\/wp-json\/wp\/v2\/product_cat?post=10750"},{"taxonomy":"product_tag","embeddable":true,"href":"https:\/\/pool-house.shop\/de\/wp-json\/wp\/v2\/product_tag?post=10750"}],"curies":[{"name":"wp","href":"https:\/\/api.w.org\/{rel}","templated":true}]}}