{"id":10759,"date":"2025-04-08T12:29:10","date_gmt":"2025-04-08T10:29:10","guid":{"rendered":"https:\/\/pool-house.shop\/product\/motorisiertes-mobiles-aufrollsystem\/"},"modified":"2026-02-05T12:53:28","modified_gmt":"2026-02-05T11:53:28","slug":"motorisiertes-mobiles-aufrollsystem","status":"publish","type":"product","link":"https:\/\/pool-house.shop\/de\/product\/motorisiertes-mobiles-aufrollsystem\/","title":{"rendered":"Motorisiertes mobiles Aufrollsystem"},"content":{"rendered":"<p>Motorisiertes mobiles Aufrollsystem<\/p>\n<p> Mobiles Aufrollset f\u00fcr das einfache und schnelle Entfernen und Anbringen der Poolabdeckung. Der mobile Aufroller verf\u00fcgt \u00fcber ein robustes, korrosionsbest\u00e4ndiges Aluminiumgeh\u00e4use und ist auch mit einer Fernbedienung steuerbar, die zudem mit Aufrollern anderer Hersteller kompatibel ist.<br \/>\n Das Paket beinhaltet ein robustes Achsenset 3 x 215 cm, Durchmesser 98 mm, und ein Set flexibler Gummib\u00e4nder zur Befestigung der Solarabdeckung.<br \/>\n Empfohlen f\u00fcr max. Pools von 5 x 14 m. <\/p>\n<p> Funktionen<br \/>\n Ein\/Aus<br \/>\n LED-Anzeige<br \/>\n Stopp<br \/>\n Stopp<br \/>\n Abrollen<\/p>\n<p> Eigenschaften<br \/>\n 12V Motor<br \/>\n Auch mit Fernbedienung steuerbar<br \/>\n Leicht entnehmbarer und wiederaufladbarer Li-Ion Akku<br \/>\n Ladezeit: 3-4 Stunden<br \/>\n Abrollen und Aufrollen: bis zu 4 Minuten*<br \/>\n (* &#8211; getestet an einem Pool von 6 x 12 Metern mit einer 400 Mikron Abdeckung)<\/p>\n<p> Lieferumfang<br \/>\n 1x Aluminium-T-Rahmen<br \/>\n 1x Motorantrieb<br \/>\n 1x Fernbedienung<br \/>\n 10x elastisches Gummiband<br \/>\n 1x Akku<br \/>\n 1x Ladeger\u00e4t<br \/>\n 3 x 215 cm gerillte Aluminiumwelle mit 98 mm Durchmesser<\/p>\n","protected":false},"excerpt":{"rendered":"<p>Motorisiertes mobiles Aufrollsystem<\/p>\n<p> Mobiles Aufrollset f\u00fcr das einfache und schnelle Entfernen und Anbringen der Poolabdeckung. Der mobile Aufroller verf\u00fcgt \u00fcber ein robustes, korrosionsbest\u00e4ndiges Aluminiumgeh\u00e4use und ist auch mit einer Fernbedienung steuerbar, die zudem mit Aufrollern anderer Hersteller kompatibel ist.<br \/>\n Das Paket beinhaltet ein robustes Achsenset 3 x 215 cm, Durchmesser 98 mm, und ein Set flexibler Gummib\u00e4nder zur Befestigung der Solarabdeckung.<br \/>\n Empfohlen f\u00fcr max. Pools von 5 x 14 m. <\/p>\n<p> Funktionen<br \/>\n Ein\/Aus<br \/>\n LED-Anzeige<br \/>\n Stopp<br \/>\n Stopp<br \/>\n Abrollen<\/p>\n<p> Eigenschaften<br \/>\n 12V Motor<br \/>\n Auch mit Fernbedienung steuerbar<br \/>\n Leicht entnehmbarer und wiederaufladbarer Li-Ion Akku<br \/>\n Ladezeit: 3-4 Stunden<br \/>\n Abrollen und Aufrollen: bis zu 4 Minuten*<br \/>\n (* &#8211; getestet an einem Pool von 6 x 12 Metern mit einer 400 Mikron Abdeckung)<\/p>\n<p> Lieferumfang<br \/>\n 1x Aluminium-T-Rahmen<br \/>\n 1x Motorantrieb<br \/>\n 1x Fernbedienung<br \/>\n 10x elastisches Gummiband<br \/>\n 1x Akku<br \/>\n 1x Ladeger\u00e4t<br \/>\n 3 x 215 cm gerillte Aluminiumwelle mit 98 mm Durchmesser<\/p>\n","protected":false},"featured_media":10757,"template":"","meta":[],"product_brand":[],"product_cat":[306],"product_tag":[],"class_list":{"0":"post-10759","1":"product","2":"type-product","3":"status-publish","4":"has-post-thumbnail","6":"product_cat-poolabdeckung","7":"thunk-woo-product-list","8":"open-woo-hover-none","9":"open-single-product-tab-horizontal","10":"open-shadow-","11":"open-shadow-hover-","13":"first","14":"instock","15":"taxable","16":"shipping-taxable","17":"purchasable","18":"product-type-simple"},"yoast_head":"<!-- This site is optimized with the Yoast SEO plugin v26.9 - https:\/\/yoast.com\/product\/yoast-seo-wordpress\/ -->\n<title>Motorisiertes mobiles Aufrollsystem - Pool-House<\/title>\n<meta name=\"robots\" content=\"index, follow, max-snippet:-1, max-image-preview:large, max-video-preview:-1\" \/>\n<link rel=\"canonical\" href=\"https:\/\/pool-house.shop\/de\/product\/motorisiertes-mobiles-aufrollsystem\/\" \/>\n<meta property=\"og:locale\" content=\"de_DE\" \/>\n<meta property=\"og:type\" content=\"article\" \/>\n<meta property=\"og:title\" content=\"Motorisiertes mobiles Aufrollsystem - Pool-House\" \/>\n<meta property=\"og:description\" content=\"Motorisiertes mobiles Aufrollsystem  Mobiles Aufrollset f\u00fcr das einfache und schnelle Entfernen und Anbringen der Poolabdeckung. Der mobile Aufroller verf\u00fcgt \u00fcber ein robustes, korrosionsbest\u00e4ndiges Aluminiumgeh\u00e4use und ist auch mit einer Fernbedienung steuerbar, die zudem mit Aufrollern anderer Hersteller kompatibel ist.  Das Paket beinhaltet ein robustes Achsenset 3 x 215 cm, Durchmesser 98 mm, und ein Set flexibler Gummib\u00e4nder zur Befestigung der Solarabdeckung.  Empfohlen f\u00fcr max. Pools von 5 x 14 m.   Funktionen Ein\/Aus LED-Anzeige Stopp Stopp Abrollen  Eigenschaften 12V Motor Auch mit Fernbedienung steuerbar Leicht entnehmbarer und wiederaufladbarer Li-Ion Akku Ladezeit: 3-4 Stunden Abrollen und Aufrollen: bis zu 4 Minuten* (* - getestet an einem Pool von 6 x 12 Metern mit einer 400 Mikron Abdeckung)  Lieferumfang 1x Aluminium-T-Rahmen 1x Motorantrieb 1x Fernbedienung 10x elastisches Gummiband 1x Akku 1x Ladeger\u00e4t 3 x 215 cm gerillte Aluminiumwelle mit 98 mm Durchmesser\" \/>\n<meta property=\"og:url\" content=\"https:\/\/pool-house.shop\/de\/product\/motorisiertes-mobiles-aufrollsystem\/\" \/>\n<meta property=\"og:site_name\" content=\"Pool-House\" \/>\n<meta property=\"article:publisher\" content=\"https:\/\/www.facebook.com\/termodomsk\/\" \/>\n<meta property=\"article:modified_time\" content=\"2026-02-05T11:53:28+00:00\" \/>\n<meta property=\"og:image\" content=\"https:\/\/pool-house.shop\/wp-content\/uploads\/2025\/04\/170011.png\" \/>\n\t<meta property=\"og:image:width\" content=\"1080\" \/>\n\t<meta property=\"og:image:height\" content=\"1409\" \/>\n\t<meta property=\"og:image:type\" content=\"image\/png\" \/>\n<meta name=\"twitter:card\" content=\"summary_large_image\" \/>\n<meta name=\"twitter:label1\" content=\"Gesch\u00e4tzte Lesezeit\" \/>\n\t<meta name=\"twitter:data1\" content=\"1\u00a0Minute\" \/>\n<script type=\"application\/ld+json\" class=\"yoast-schema-graph\">{\"@context\":\"https:\/\/schema.org\",\"@graph\":[{\"@type\":\"WebPage\",\"@id\":\"https:\/\/pool-house.shop\/de\/product\/motorisiertes-mobiles-aufrollsystem\/\",\"url\":\"https:\/\/pool-house.shop\/de\/product\/motorisiertes-mobiles-aufrollsystem\/\",\"name\":\"Motorisiertes mobiles Aufrollsystem - Pool-House\",\"isPartOf\":{\"@id\":\"https:\/\/pool-house.shop\/de\/#website\"},\"primaryImageOfPage\":{\"@id\":\"https:\/\/pool-house.shop\/de\/product\/motorisiertes-mobiles-aufrollsystem\/#primaryimage\"},\"image\":{\"@id\":\"https:\/\/pool-house.shop\/de\/product\/motorisiertes-mobiles-aufrollsystem\/#primaryimage\"},\"thumbnailUrl\":\"https:\/\/pool-house.shop\/wp-content\/uploads\/2025\/04\/170011.png\",\"datePublished\":\"2025-04-08T10:29:10+00:00\",\"dateModified\":\"2026-02-05T11:53:28+00:00\",\"breadcrumb\":{\"@id\":\"https:\/\/pool-house.shop\/de\/product\/motorisiertes-mobiles-aufrollsystem\/#breadcrumb\"},\"inLanguage\":\"de\",\"potentialAction\":[{\"@type\":\"ReadAction\",\"target\":[\"https:\/\/pool-house.shop\/de\/product\/motorisiertes-mobiles-aufrollsystem\/\"]}]},{\"@type\":\"ImageObject\",\"inLanguage\":\"de\",\"@id\":\"https:\/\/pool-house.shop\/de\/product\/motorisiertes-mobiles-aufrollsystem\/#primaryimage\",\"url\":\"https:\/\/pool-house.shop\/wp-content\/uploads\/2025\/04\/170011.png\",\"contentUrl\":\"https:\/\/pool-house.shop\/wp-content\/uploads\/2025\/04\/170011.png\",\"width\":1080,\"height\":1409},{\"@type\":\"BreadcrumbList\",\"@id\":\"https:\/\/pool-house.shop\/de\/product\/motorisiertes-mobiles-aufrollsystem\/#breadcrumb\",\"itemListElement\":[{\"@type\":\"ListItem\",\"position\":1,\"name\":\"Domovsk\u00e1 str\u00e1nka\",\"item\":\"https:\/\/pool-house.shop\/de\/\"},{\"@type\":\"ListItem\",\"position\":2,\"name\":\"Shop\",\"item\":\"https:\/\/pool-house.shop\/de\/shop\/\"},{\"@type\":\"ListItem\",\"position\":3,\"name\":\"Motorisiertes mobiles Aufrollsystem\"}]},{\"@type\":\"WebSite\",\"@id\":\"https:\/\/pool-house.shop\/de\/#website\",\"url\":\"https:\/\/pool-house.shop\/de\/\",\"name\":\"Pool-House\",\"description\":\"\",\"publisher\":{\"@id\":\"https:\/\/pool-house.shop\/de\/#organization\"},\"potentialAction\":[{\"@type\":\"SearchAction\",\"target\":{\"@type\":\"EntryPoint\",\"urlTemplate\":\"https:\/\/pool-house.shop\/de\/?s={search_term_string}\"},\"query-input\":{\"@type\":\"PropertyValueSpecification\",\"valueRequired\":true,\"valueName\":\"search_term_string\"}}],\"inLanguage\":\"de\"},{\"@type\":\"Organization\",\"@id\":\"https:\/\/pool-house.shop\/de\/#organization\",\"name\":\"Pool-House\",\"url\":\"https:\/\/pool-house.shop\/de\/\",\"logo\":{\"@type\":\"ImageObject\",\"inLanguage\":\"de\",\"@id\":\"https:\/\/pool-house.shop\/de\/#\/schema\/logo\/image\/\",\"url\":\"https:\/\/pool-house.shop\/wp-content\/uploads\/2025\/10\/logo-2-stvorec-mobil-modre.png\",\"contentUrl\":\"https:\/\/pool-house.shop\/wp-content\/uploads\/2025\/10\/logo-2-stvorec-mobil-modre.png\",\"width\":273,\"height\":189,\"caption\":\"Pool-House\"},\"image\":{\"@id\":\"https:\/\/pool-house.shop\/de\/#\/schema\/logo\/image\/\"},\"sameAs\":[\"https:\/\/www.facebook.com\/termodomsk\/\"]}]}<\/script>\n<!-- \/ Yoast SEO plugin. -->","yoast_head_json":{"title":"Motorisiertes mobiles Aufrollsystem - Pool-House","robots":{"index":"index","follow":"follow","max-snippet":"max-snippet:-1","max-image-preview":"max-image-preview:large","max-video-preview":"max-video-preview:-1"},"canonical":"https:\/\/pool-house.shop\/de\/product\/motorisiertes-mobiles-aufrollsystem\/","og_locale":"de_DE","og_type":"article","og_title":"Motorisiertes mobiles Aufrollsystem - Pool-House","og_description":"Motorisiertes mobiles Aufrollsystem  Mobiles Aufrollset f\u00fcr das einfache und schnelle Entfernen und Anbringen der Poolabdeckung. Der mobile Aufroller verf\u00fcgt \u00fcber ein robustes, korrosionsbest\u00e4ndiges Aluminiumgeh\u00e4use und ist auch mit einer Fernbedienung steuerbar, die zudem mit Aufrollern anderer Hersteller kompatibel ist.  Das Paket beinhaltet ein robustes Achsenset 3 x 215 cm, Durchmesser 98 mm, und ein Set flexibler Gummib\u00e4nder zur Befestigung der Solarabdeckung.  Empfohlen f\u00fcr max. Pools von 5 x 14 m.   Funktionen Ein\/Aus LED-Anzeige Stopp Stopp Abrollen  Eigenschaften 12V Motor Auch mit Fernbedienung steuerbar Leicht entnehmbarer und wiederaufladbarer Li-Ion Akku Ladezeit: 3-4 Stunden Abrollen und Aufrollen: bis zu 4 Minuten* (* - getestet an einem Pool von 6 x 12 Metern mit einer 400 Mikron Abdeckung)  Lieferumfang 1x Aluminium-T-Rahmen 1x Motorantrieb 1x Fernbedienung 10x elastisches Gummiband 1x Akku 1x Ladeger\u00e4t 3 x 215 cm gerillte Aluminiumwelle mit 98 mm Durchmesser","og_url":"https:\/\/pool-house.shop\/de\/product\/motorisiertes-mobiles-aufrollsystem\/","og_site_name":"Pool-House","article_publisher":"https:\/\/www.facebook.com\/termodomsk\/","article_modified_time":"2026-02-05T11:53:28+00:00","og_image":[{"width":1080,"height":1409,"url":"https:\/\/pool-house.shop\/wp-content\/uploads\/2025\/04\/170011.png","type":"image\/png"}],"twitter_card":"summary_large_image","twitter_misc":{"Gesch\u00e4tzte Lesezeit":"1\u00a0Minute"},"schema":{"@context":"https:\/\/schema.org","@graph":[{"@type":"WebPage","@id":"https:\/\/pool-house.shop\/de\/product\/motorisiertes-mobiles-aufrollsystem\/","url":"https:\/\/pool-house.shop\/de\/product\/motorisiertes-mobiles-aufrollsystem\/","name":"Motorisiertes mobiles Aufrollsystem - Pool-House","isPartOf":{"@id":"https:\/\/pool-house.shop\/de\/#website"},"primaryImageOfPage":{"@id":"https:\/\/pool-house.shop\/de\/product\/motorisiertes-mobiles-aufrollsystem\/#primaryimage"},"image":{"@id":"https:\/\/pool-house.shop\/de\/product\/motorisiertes-mobiles-aufrollsystem\/#primaryimage"},"thumbnailUrl":"https:\/\/pool-house.shop\/wp-content\/uploads\/2025\/04\/170011.png","datePublished":"2025-04-08T10:29:10+00:00","dateModified":"2026-02-05T11:53:28+00:00","breadcrumb":{"@id":"https:\/\/pool-house.shop\/de\/product\/motorisiertes-mobiles-aufrollsystem\/#breadcrumb"},"inLanguage":"de","potentialAction":[{"@type":"ReadAction","target":["https:\/\/pool-house.shop\/de\/product\/motorisiertes-mobiles-aufrollsystem\/"]}]},{"@type":"ImageObject","inLanguage":"de","@id":"https:\/\/pool-house.shop\/de\/product\/motorisiertes-mobiles-aufrollsystem\/#primaryimage","url":"https:\/\/pool-house.shop\/wp-content\/uploads\/2025\/04\/170011.png","contentUrl":"https:\/\/pool-house.shop\/wp-content\/uploads\/2025\/04\/170011.png","width":1080,"height":1409},{"@type":"BreadcrumbList","@id":"https:\/\/pool-house.shop\/de\/product\/motorisiertes-mobiles-aufrollsystem\/#breadcrumb","itemListElement":[{"@type":"ListItem","position":1,"name":"Domovsk\u00e1 str\u00e1nka","item":"https:\/\/pool-house.shop\/de\/"},{"@type":"ListItem","position":2,"name":"Shop","item":"https:\/\/pool-house.shop\/de\/shop\/"},{"@type":"ListItem","position":3,"name":"Motorisiertes mobiles Aufrollsystem"}]},{"@type":"WebSite","@id":"https:\/\/pool-house.shop\/de\/#website","url":"https:\/\/pool-house.shop\/de\/","name":"Pool-House","description":"","publisher":{"@id":"https:\/\/pool-house.shop\/de\/#organization"},"potentialAction":[{"@type":"SearchAction","target":{"@type":"EntryPoint","urlTemplate":"https:\/\/pool-house.shop\/de\/?s={search_term_string}"},"query-input":{"@type":"PropertyValueSpecification","valueRequired":true,"valueName":"search_term_string"}}],"inLanguage":"de"},{"@type":"Organization","@id":"https:\/\/pool-house.shop\/de\/#organization","name":"Pool-House","url":"https:\/\/pool-house.shop\/de\/","logo":{"@type":"ImageObject","inLanguage":"de","@id":"https:\/\/pool-house.shop\/de\/#\/schema\/logo\/image\/","url":"https:\/\/pool-house.shop\/wp-content\/uploads\/2025\/10\/logo-2-stvorec-mobil-modre.png","contentUrl":"https:\/\/pool-house.shop\/wp-content\/uploads\/2025\/10\/logo-2-stvorec-mobil-modre.png","width":273,"height":189,"caption":"Pool-House"},"image":{"@id":"https:\/\/pool-house.shop\/de\/#\/schema\/logo\/image\/"},"sameAs":["https:\/\/www.facebook.com\/termodomsk\/"]}]}},"_links":{"self":[{"href":"https:\/\/pool-house.shop\/de\/wp-json\/wp\/v2\/product\/10759","targetHints":{"allow":["GET"]}}],"collection":[{"href":"https:\/\/pool-house.shop\/de\/wp-json\/wp\/v2\/product"}],"about":[{"href":"https:\/\/pool-house.shop\/de\/wp-json\/wp\/v2\/types\/product"}],"wp:featuredmedia":[{"embeddable":true,"href":"https:\/\/pool-house.shop\/de\/wp-json\/wp\/v2\/media\/10757"}],"wp:attachment":[{"href":"https:\/\/pool-house.shop\/de\/wp-json\/wp\/v2\/media?parent=10759"}],"wp:term":[{"taxonomy":"product_brand","embeddable":true,"href":"https:\/\/pool-house.shop\/de\/wp-json\/wp\/v2\/product_brand?post=10759"},{"taxonomy":"product_cat","embeddable":true,"href":"https:\/\/pool-house.shop\/de\/wp-json\/wp\/v2\/product_cat?post=10759"},{"taxonomy":"product_tag","embeddable":true,"href":"https:\/\/pool-house.shop\/de\/wp-json\/wp\/v2\/product_tag?post=10759"}],"curies":[{"name":"wp","href":"https:\/\/api.w.org\/{rel}","templated":true}]}}