{"id":10965,"date":"2025-04-08T12:22:35","date_gmt":"2025-04-08T10:22:35","guid":{"rendered":"https:\/\/pool-house.shop\/product\/ultraschall-durchflussmesser-tuf-2000h\/"},"modified":"2025-04-08T12:22:35","modified_gmt":"2025-04-08T10:22:35","slug":"ultraschall-durchflussmesser-tuf-2000h","status":"publish","type":"product","link":"https:\/\/pool-house.shop\/de\/product\/ultraschall-durchflussmesser-tuf-2000h\/","title":{"rendered":"Ultraschall-Durchflussmesser TUF-2000H"},"content":{"rendered":"<p>Ultraschall-Durchflussmesser<\/p>\n<p> Das Funktionsprinzip des Ger\u00e4ts basiert auf der bew\u00e4hrten Laufzeitmessung. Es sendet Ultraschallwellen in Str\u00f6mungsrichtung aus. Die Geschwindigkeit dieser Wellen nimmt mit der Geschwindigkeit der in der Rohrleitung str\u00f6menden Fl\u00fcssigkeit zu.<br \/>\n Wenn das Ger\u00e4t eine Ultraschallwelle entgegen der Str\u00f6mungsrichtung aussendet, verlangsamt die Fl\u00fcssigkeit die Schallwelle. Der so gemessene Zeitunterschied ist direkt proportional zur Geschwindigkeit der in der Rohrleitung str\u00f6menden Fl\u00fcssigkeit.<br \/>\n Kennt man die Geschwindigkeit und den Querschnitt der Rohrleitung, l\u00e4sst sich die durchflie\u00dfende Menge leicht berechnen. Das Ger\u00e4t misst den Zeitunterschied mit einer Aufl\u00f6sung von 100 Pikosekunden, was zu pr\u00e4zisen Ergebnissen f\u00fchrt, selbst bei schnellerer Fl\u00fcssigkeitsstr\u00f6mung in Rohren mit kleinem Durchmesser und langsamerer in Rohren mit gro\u00dfem Durchmesser. <\/p>\n","protected":false},"excerpt":{"rendered":"<p>Ultraschall-Durchflussmesser<\/p>\n<p> Das Funktionsprinzip des Ger\u00e4ts basiert auf der bew\u00e4hrten Laufzeitmessung. Es sendet Ultraschallwellen in Str\u00f6mungsrichtung aus. Die Geschwindigkeit dieser Wellen nimmt mit der Geschwindigkeit der in der Rohrleitung str\u00f6menden Fl\u00fcssigkeit zu.<br \/>\n Wenn das Ger\u00e4t eine Ultraschallwelle entgegen der Str\u00f6mungsrichtung aussendet, verlangsamt die Fl\u00fcssigkeit die Schallwelle. Der so gemessene Zeitunterschied ist direkt proportional zur Geschwindigkeit der in der Rohrleitung str\u00f6menden Fl\u00fcssigkeit.<br \/>\n Kennt man die Geschwindigkeit und den Querschnitt der Rohrleitung, l\u00e4sst sich die durchflie\u00dfende Menge leicht berechnen. Das Ger\u00e4t misst den Zeitunterschied mit einer Aufl\u00f6sung von 100 Pikosekunden, was zu pr\u00e4zisen Ergebnissen f\u00fchrt, selbst bei schnellerer Fl\u00fcssigkeitsstr\u00f6mung in Rohren mit kleinem Durchmesser und langsamerer in Rohren mit gro\u00dfem Durchmesser. <\/p>\n","protected":false},"featured_media":10964,"template":"","meta":[],"product_brand":[],"product_cat":[355,272],"product_tag":[],"class_list":{"0":"post-10965","1":"product","2":"type-product","3":"status-publish","4":"has-post-thumbnail","6":"product_cat-wartung","7":"product_cat-zubehor_wartung","8":"thunk-woo-product-list","9":"open-woo-hover-none","10":"open-single-product-tab-horizontal","11":"open-shadow-","12":"open-shadow-hover-","14":"first","15":"instock","16":"taxable","17":"shipping-taxable","18":"purchasable","19":"product-type-simple"},"yoast_head":"<!-- This site is optimized with the Yoast SEO plugin v26.9 - https:\/\/yoast.com\/product\/yoast-seo-wordpress\/ -->\n<title>Ultraschall-Durchflussmesser TUF-2000H - Pool-House<\/title>\n<meta name=\"robots\" content=\"index, follow, max-snippet:-1, max-image-preview:large, max-video-preview:-1\" \/>\n<link rel=\"canonical\" href=\"https:\/\/pool-house.shop\/de\/product\/ultraschall-durchflussmesser-tuf-2000h\/\" \/>\n<meta property=\"og:locale\" content=\"de_DE\" \/>\n<meta property=\"og:type\" content=\"article\" \/>\n<meta property=\"og:title\" content=\"Ultraschall-Durchflussmesser TUF-2000H - Pool-House\" \/>\n<meta property=\"og:description\" content=\"Ultraschall-Durchflussmesser  Das Funktionsprinzip des Ger\u00e4ts basiert auf der bew\u00e4hrten Laufzeitmessung. Es sendet Ultraschallwellen in Str\u00f6mungsrichtung aus. Die Geschwindigkeit dieser Wellen nimmt mit der Geschwindigkeit der in der Rohrleitung str\u00f6menden Fl\u00fcssigkeit zu.  Wenn das Ger\u00e4t eine Ultraschallwelle entgegen der Str\u00f6mungsrichtung aussendet, verlangsamt die Fl\u00fcssigkeit die Schallwelle. Der so gemessene Zeitunterschied ist direkt proportional zur Geschwindigkeit der in der Rohrleitung str\u00f6menden Fl\u00fcssigkeit.  Kennt man die Geschwindigkeit und den Querschnitt der Rohrleitung, l\u00e4sst sich die durchflie\u00dfende Menge leicht berechnen. Das Ger\u00e4t misst den Zeitunterschied mit einer Aufl\u00f6sung von 100 Pikosekunden, was zu pr\u00e4zisen Ergebnissen f\u00fchrt, selbst bei schnellerer Fl\u00fcssigkeitsstr\u00f6mung in Rohren mit kleinem Durchmesser und langsamerer in Rohren mit gro\u00dfem Durchmesser.\" \/>\n<meta property=\"og:url\" content=\"https:\/\/pool-house.shop\/de\/product\/ultraschall-durchflussmesser-tuf-2000h\/\" \/>\n<meta property=\"og:site_name\" content=\"Pool-House\" \/>\n<meta property=\"article:publisher\" content=\"https:\/\/www.facebook.com\/termodomsk\/\" \/>\n<meta property=\"og:image\" content=\"https:\/\/pool-house.shop\/wp-content\/uploads\/2025\/04\/149011.png\" \/>\n\t<meta property=\"og:image:width\" content=\"1600\" \/>\n\t<meta property=\"og:image:height\" content=\"1600\" \/>\n\t<meta property=\"og:image:type\" content=\"image\/png\" \/>\n<meta name=\"twitter:card\" content=\"summary_large_image\" \/>\n<meta name=\"twitter:label1\" content=\"Gesch\u00e4tzte Lesezeit\" \/>\n\t<meta name=\"twitter:data1\" content=\"1\u00a0Minute\" \/>\n<script type=\"application\/ld+json\" class=\"yoast-schema-graph\">{\"@context\":\"https:\/\/schema.org\",\"@graph\":[{\"@type\":\"WebPage\",\"@id\":\"https:\/\/pool-house.shop\/de\/product\/ultraschall-durchflussmesser-tuf-2000h\/\",\"url\":\"https:\/\/pool-house.shop\/de\/product\/ultraschall-durchflussmesser-tuf-2000h\/\",\"name\":\"Ultraschall-Durchflussmesser TUF-2000H - Pool-House\",\"isPartOf\":{\"@id\":\"https:\/\/pool-house.shop\/de\/#website\"},\"primaryImageOfPage\":{\"@id\":\"https:\/\/pool-house.shop\/de\/product\/ultraschall-durchflussmesser-tuf-2000h\/#primaryimage\"},\"image\":{\"@id\":\"https:\/\/pool-house.shop\/de\/product\/ultraschall-durchflussmesser-tuf-2000h\/#primaryimage\"},\"thumbnailUrl\":\"https:\/\/pool-house.shop\/wp-content\/uploads\/2025\/04\/149011.png\",\"datePublished\":\"2025-04-08T10:22:35+00:00\",\"breadcrumb\":{\"@id\":\"https:\/\/pool-house.shop\/de\/product\/ultraschall-durchflussmesser-tuf-2000h\/#breadcrumb\"},\"inLanguage\":\"de\",\"potentialAction\":[{\"@type\":\"ReadAction\",\"target\":[\"https:\/\/pool-house.shop\/de\/product\/ultraschall-durchflussmesser-tuf-2000h\/\"]}]},{\"@type\":\"ImageObject\",\"inLanguage\":\"de\",\"@id\":\"https:\/\/pool-house.shop\/de\/product\/ultraschall-durchflussmesser-tuf-2000h\/#primaryimage\",\"url\":\"https:\/\/pool-house.shop\/wp-content\/uploads\/2025\/04\/149011.png\",\"contentUrl\":\"https:\/\/pool-house.shop\/wp-content\/uploads\/2025\/04\/149011.png\",\"width\":1600,\"height\":1600},{\"@type\":\"BreadcrumbList\",\"@id\":\"https:\/\/pool-house.shop\/de\/product\/ultraschall-durchflussmesser-tuf-2000h\/#breadcrumb\",\"itemListElement\":[{\"@type\":\"ListItem\",\"position\":1,\"name\":\"Domovsk\u00e1 str\u00e1nka\",\"item\":\"https:\/\/pool-house.shop\/de\/\"},{\"@type\":\"ListItem\",\"position\":2,\"name\":\"Shop\",\"item\":\"https:\/\/pool-house.shop\/de\/shop\/\"},{\"@type\":\"ListItem\",\"position\":3,\"name\":\"Ultraschall-Durchflussmesser TUF-2000H\"}]},{\"@type\":\"WebSite\",\"@id\":\"https:\/\/pool-house.shop\/de\/#website\",\"url\":\"https:\/\/pool-house.shop\/de\/\",\"name\":\"Pool-House\",\"description\":\"\",\"publisher\":{\"@id\":\"https:\/\/pool-house.shop\/de\/#organization\"},\"potentialAction\":[{\"@type\":\"SearchAction\",\"target\":{\"@type\":\"EntryPoint\",\"urlTemplate\":\"https:\/\/pool-house.shop\/de\/?s={search_term_string}\"},\"query-input\":{\"@type\":\"PropertyValueSpecification\",\"valueRequired\":true,\"valueName\":\"search_term_string\"}}],\"inLanguage\":\"de\"},{\"@type\":\"Organization\",\"@id\":\"https:\/\/pool-house.shop\/de\/#organization\",\"name\":\"Pool-House\",\"url\":\"https:\/\/pool-house.shop\/de\/\",\"logo\":{\"@type\":\"ImageObject\",\"inLanguage\":\"de\",\"@id\":\"https:\/\/pool-house.shop\/de\/#\/schema\/logo\/image\/\",\"url\":\"https:\/\/pool-house.shop\/wp-content\/uploads\/2025\/10\/logo-2-stvorec-mobil-modre.png\",\"contentUrl\":\"https:\/\/pool-house.shop\/wp-content\/uploads\/2025\/10\/logo-2-stvorec-mobil-modre.png\",\"width\":273,\"height\":189,\"caption\":\"Pool-House\"},\"image\":{\"@id\":\"https:\/\/pool-house.shop\/de\/#\/schema\/logo\/image\/\"},\"sameAs\":[\"https:\/\/www.facebook.com\/termodomsk\/\"]}]}<\/script>\n<!-- \/ Yoast SEO plugin. -->","yoast_head_json":{"title":"Ultraschall-Durchflussmesser TUF-2000H - Pool-House","robots":{"index":"index","follow":"follow","max-snippet":"max-snippet:-1","max-image-preview":"max-image-preview:large","max-video-preview":"max-video-preview:-1"},"canonical":"https:\/\/pool-house.shop\/de\/product\/ultraschall-durchflussmesser-tuf-2000h\/","og_locale":"de_DE","og_type":"article","og_title":"Ultraschall-Durchflussmesser TUF-2000H - Pool-House","og_description":"Ultraschall-Durchflussmesser  Das Funktionsprinzip des Ger\u00e4ts basiert auf der bew\u00e4hrten Laufzeitmessung. Es sendet Ultraschallwellen in Str\u00f6mungsrichtung aus. Die Geschwindigkeit dieser Wellen nimmt mit der Geschwindigkeit der in der Rohrleitung str\u00f6menden Fl\u00fcssigkeit zu.  Wenn das Ger\u00e4t eine Ultraschallwelle entgegen der Str\u00f6mungsrichtung aussendet, verlangsamt die Fl\u00fcssigkeit die Schallwelle. Der so gemessene Zeitunterschied ist direkt proportional zur Geschwindigkeit der in der Rohrleitung str\u00f6menden Fl\u00fcssigkeit.  Kennt man die Geschwindigkeit und den Querschnitt der Rohrleitung, l\u00e4sst sich die durchflie\u00dfende Menge leicht berechnen. Das Ger\u00e4t misst den Zeitunterschied mit einer Aufl\u00f6sung von 100 Pikosekunden, was zu pr\u00e4zisen Ergebnissen f\u00fchrt, selbst bei schnellerer Fl\u00fcssigkeitsstr\u00f6mung in Rohren mit kleinem Durchmesser und langsamerer in Rohren mit gro\u00dfem Durchmesser.","og_url":"https:\/\/pool-house.shop\/de\/product\/ultraschall-durchflussmesser-tuf-2000h\/","og_site_name":"Pool-House","article_publisher":"https:\/\/www.facebook.com\/termodomsk\/","og_image":[{"width":1600,"height":1600,"url":"https:\/\/pool-house.shop\/wp-content\/uploads\/2025\/04\/149011.png","type":"image\/png"}],"twitter_card":"summary_large_image","twitter_misc":{"Gesch\u00e4tzte Lesezeit":"1\u00a0Minute"},"schema":{"@context":"https:\/\/schema.org","@graph":[{"@type":"WebPage","@id":"https:\/\/pool-house.shop\/de\/product\/ultraschall-durchflussmesser-tuf-2000h\/","url":"https:\/\/pool-house.shop\/de\/product\/ultraschall-durchflussmesser-tuf-2000h\/","name":"Ultraschall-Durchflussmesser TUF-2000H - Pool-House","isPartOf":{"@id":"https:\/\/pool-house.shop\/de\/#website"},"primaryImageOfPage":{"@id":"https:\/\/pool-house.shop\/de\/product\/ultraschall-durchflussmesser-tuf-2000h\/#primaryimage"},"image":{"@id":"https:\/\/pool-house.shop\/de\/product\/ultraschall-durchflussmesser-tuf-2000h\/#primaryimage"},"thumbnailUrl":"https:\/\/pool-house.shop\/wp-content\/uploads\/2025\/04\/149011.png","datePublished":"2025-04-08T10:22:35+00:00","breadcrumb":{"@id":"https:\/\/pool-house.shop\/de\/product\/ultraschall-durchflussmesser-tuf-2000h\/#breadcrumb"},"inLanguage":"de","potentialAction":[{"@type":"ReadAction","target":["https:\/\/pool-house.shop\/de\/product\/ultraschall-durchflussmesser-tuf-2000h\/"]}]},{"@type":"ImageObject","inLanguage":"de","@id":"https:\/\/pool-house.shop\/de\/product\/ultraschall-durchflussmesser-tuf-2000h\/#primaryimage","url":"https:\/\/pool-house.shop\/wp-content\/uploads\/2025\/04\/149011.png","contentUrl":"https:\/\/pool-house.shop\/wp-content\/uploads\/2025\/04\/149011.png","width":1600,"height":1600},{"@type":"BreadcrumbList","@id":"https:\/\/pool-house.shop\/de\/product\/ultraschall-durchflussmesser-tuf-2000h\/#breadcrumb","itemListElement":[{"@type":"ListItem","position":1,"name":"Domovsk\u00e1 str\u00e1nka","item":"https:\/\/pool-house.shop\/de\/"},{"@type":"ListItem","position":2,"name":"Shop","item":"https:\/\/pool-house.shop\/de\/shop\/"},{"@type":"ListItem","position":3,"name":"Ultraschall-Durchflussmesser TUF-2000H"}]},{"@type":"WebSite","@id":"https:\/\/pool-house.shop\/de\/#website","url":"https:\/\/pool-house.shop\/de\/","name":"Pool-House","description":"","publisher":{"@id":"https:\/\/pool-house.shop\/de\/#organization"},"potentialAction":[{"@type":"SearchAction","target":{"@type":"EntryPoint","urlTemplate":"https:\/\/pool-house.shop\/de\/?s={search_term_string}"},"query-input":{"@type":"PropertyValueSpecification","valueRequired":true,"valueName":"search_term_string"}}],"inLanguage":"de"},{"@type":"Organization","@id":"https:\/\/pool-house.shop\/de\/#organization","name":"Pool-House","url":"https:\/\/pool-house.shop\/de\/","logo":{"@type":"ImageObject","inLanguage":"de","@id":"https:\/\/pool-house.shop\/de\/#\/schema\/logo\/image\/","url":"https:\/\/pool-house.shop\/wp-content\/uploads\/2025\/10\/logo-2-stvorec-mobil-modre.png","contentUrl":"https:\/\/pool-house.shop\/wp-content\/uploads\/2025\/10\/logo-2-stvorec-mobil-modre.png","width":273,"height":189,"caption":"Pool-House"},"image":{"@id":"https:\/\/pool-house.shop\/de\/#\/schema\/logo\/image\/"},"sameAs":["https:\/\/www.facebook.com\/termodomsk\/"]}]}},"_links":{"self":[{"href":"https:\/\/pool-house.shop\/de\/wp-json\/wp\/v2\/product\/10965","targetHints":{"allow":["GET"]}}],"collection":[{"href":"https:\/\/pool-house.shop\/de\/wp-json\/wp\/v2\/product"}],"about":[{"href":"https:\/\/pool-house.shop\/de\/wp-json\/wp\/v2\/types\/product"}],"wp:featuredmedia":[{"embeddable":true,"href":"https:\/\/pool-house.shop\/de\/wp-json\/wp\/v2\/media\/10964"}],"wp:attachment":[{"href":"https:\/\/pool-house.shop\/de\/wp-json\/wp\/v2\/media?parent=10965"}],"wp:term":[{"taxonomy":"product_brand","embeddable":true,"href":"https:\/\/pool-house.shop\/de\/wp-json\/wp\/v2\/product_brand?post=10965"},{"taxonomy":"product_cat","embeddable":true,"href":"https:\/\/pool-house.shop\/de\/wp-json\/wp\/v2\/product_cat?post=10965"},{"taxonomy":"product_tag","embeddable":true,"href":"https:\/\/pool-house.shop\/de\/wp-json\/wp\/v2\/product_tag?post=10965"}],"curies":[{"name":"wp","href":"https:\/\/api.w.org\/{rel}","templated":true}]}}