{"id":10968,"date":"2025-04-08T12:22:32","date_gmt":"2025-04-08T10:22:32","guid":{"rendered":"https:\/\/pool-house.shop\/product\/akustischer-lecksucher-xlt30h\/"},"modified":"2025-04-08T12:22:32","modified_gmt":"2025-04-08T10:22:32","slug":"akustischer-lecksucher-xlt30h","status":"publish","type":"product","link":"https:\/\/pool-house.shop\/de\/product\/akustischer-lecksucher-xlt30h\/","title":{"rendered":"Akustischer Lecksucher XLT30H"},"content":{"rendered":"<p>Akustischer Lecksucher &#8211; XLT30H<\/p>\n<p> Der XLT-30H hebt die Pool-Lecksuche auf ein neues Niveau. Mit fortschrittlicher elektronischer Verst\u00e4rkung und Filterung ist er die beste Wahl f\u00fcr alle, deren Hauptaufgabe die Lecksuche in Pools ist.<br \/>\n Er hilft, Lecks zu stoppen, und erm\u00f6glicht es selbst Anf\u00e4ngern, die Leckstelle zu finden. Der fortschrittliche Prozessor hilft, selbst die schw\u00e4chsten Ger\u00e4usche zu filtern, auch unter lauten Bedingungen oder in nichtmetallischen Rohren. Er filtert die meisten st\u00f6renden Ger\u00e4usche wie Wind, Motorger\u00e4usche und Verkehr heraus, wodurch der Benutzer sich selektiv auf die gew\u00fcnschten Leckger\u00e4usche konzentrieren kann. Der XLT-30H ist effizient, einfach zu bedienen und bietet gleichzeitig maximale Leistung.<br \/>\n Der XLT-30H ist kompatibel mit den Unterwassermikrofonen Anderson Hydrophone und Deluxe Hydrophone.<\/p>\n","protected":false},"excerpt":{"rendered":"<p>Akustischer Lecksucher &#8211; XLT30H<\/p>\n<p> Der XLT-30H hebt die Pool-Lecksuche auf ein neues Niveau. Mit fortschrittlicher elektronischer Verst\u00e4rkung und Filterung ist er die beste Wahl f\u00fcr alle, deren Hauptaufgabe die Lecksuche in Pools ist.<br \/>\n Er hilft, Lecks zu stoppen, und erm\u00f6glicht es selbst Anf\u00e4ngern, die Leckstelle zu finden. Der fortschrittliche Prozessor hilft, selbst die schw\u00e4chsten Ger\u00e4usche zu filtern, auch unter lauten Bedingungen oder in nichtmetallischen Rohren. Er filtert die meisten st\u00f6renden Ger\u00e4usche wie Wind, Motorger\u00e4usche und Verkehr heraus, wodurch der Benutzer sich selektiv auf die gew\u00fcnschten Leckger\u00e4usche konzentrieren kann. Der XLT-30H ist effizient, einfach zu bedienen und bietet gleichzeitig maximale Leistung.<br \/>\n Der XLT-30H ist kompatibel mit den Unterwassermikrofonen Anderson Hydrophone und Deluxe Hydrophone.<\/p>\n","protected":false},"featured_media":10966,"template":"","meta":[],"product_brand":[],"product_cat":[355,272],"product_tag":[],"class_list":{"0":"post-10968","1":"product","2":"type-product","3":"status-publish","4":"has-post-thumbnail","6":"product_cat-wartung","7":"product_cat-zubehor_wartung","8":"thunk-woo-product-list","9":"open-woo-hover-none","10":"open-single-product-tab-horizontal","11":"open-shadow-","12":"open-shadow-hover-","14":"first","15":"instock","16":"taxable","17":"shipping-taxable","18":"purchasable","19":"product-type-simple"},"yoast_head":"<!-- This site is optimized with the Yoast SEO plugin v26.9 - https:\/\/yoast.com\/product\/yoast-seo-wordpress\/ -->\n<title>Akustischer Lecksucher XLT30H - Pool-House<\/title>\n<meta name=\"robots\" content=\"index, follow, max-snippet:-1, max-image-preview:large, max-video-preview:-1\" \/>\n<link rel=\"canonical\" href=\"https:\/\/pool-house.shop\/de\/product\/akustischer-lecksucher-xlt30h\/\" \/>\n<meta property=\"og:locale\" content=\"de_DE\" \/>\n<meta property=\"og:type\" content=\"article\" \/>\n<meta property=\"og:title\" content=\"Akustischer Lecksucher XLT30H - Pool-House\" \/>\n<meta property=\"og:description\" content=\"Akustischer Lecksucher - XLT30H  Der XLT-30H hebt die Pool-Lecksuche auf ein neues Niveau. Mit fortschrittlicher elektronischer Verst\u00e4rkung und Filterung ist er die beste Wahl f\u00fcr alle, deren Hauptaufgabe die Lecksuche in Pools ist. Er hilft, Lecks zu stoppen, und erm\u00f6glicht es selbst Anf\u00e4ngern, die Leckstelle zu finden. Der fortschrittliche Prozessor hilft, selbst die schw\u00e4chsten Ger\u00e4usche zu filtern, auch unter lauten Bedingungen oder in nichtmetallischen Rohren. Er filtert die meisten st\u00f6renden Ger\u00e4usche wie Wind, Motorger\u00e4usche und Verkehr heraus, wodurch der Benutzer sich selektiv auf die gew\u00fcnschten Leckger\u00e4usche konzentrieren kann. Der XLT-30H ist effizient, einfach zu bedienen und bietet gleichzeitig maximale Leistung.   Der XLT-30H ist kompatibel mit den Unterwassermikrofonen Anderson Hydrophone und Deluxe Hydrophone.\" \/>\n<meta property=\"og:url\" content=\"https:\/\/pool-house.shop\/de\/product\/akustischer-lecksucher-xlt30h\/\" \/>\n<meta property=\"og:site_name\" content=\"Pool-House\" \/>\n<meta property=\"article:publisher\" content=\"https:\/\/www.facebook.com\/termodomsk\/\" \/>\n<meta property=\"og:image\" content=\"https:\/\/pool-house.shop\/wp-content\/uploads\/2025\/04\/149003.png\" \/>\n\t<meta property=\"og:image:width\" content=\"1600\" \/>\n\t<meta property=\"og:image:height\" content=\"1600\" \/>\n\t<meta property=\"og:image:type\" content=\"image\/png\" \/>\n<meta name=\"twitter:card\" content=\"summary_large_image\" \/>\n<meta name=\"twitter:label1\" content=\"Gesch\u00e4tzte Lesezeit\" \/>\n\t<meta name=\"twitter:data1\" content=\"1\u00a0Minute\" \/>\n<script type=\"application\/ld+json\" class=\"yoast-schema-graph\">{\"@context\":\"https:\/\/schema.org\",\"@graph\":[{\"@type\":\"WebPage\",\"@id\":\"https:\/\/pool-house.shop\/de\/product\/akustischer-lecksucher-xlt30h\/\",\"url\":\"https:\/\/pool-house.shop\/de\/product\/akustischer-lecksucher-xlt30h\/\",\"name\":\"Akustischer Lecksucher XLT30H - Pool-House\",\"isPartOf\":{\"@id\":\"https:\/\/pool-house.shop\/de\/#website\"},\"primaryImageOfPage\":{\"@id\":\"https:\/\/pool-house.shop\/de\/product\/akustischer-lecksucher-xlt30h\/#primaryimage\"},\"image\":{\"@id\":\"https:\/\/pool-house.shop\/de\/product\/akustischer-lecksucher-xlt30h\/#primaryimage\"},\"thumbnailUrl\":\"https:\/\/pool-house.shop\/wp-content\/uploads\/2025\/04\/149003.png\",\"datePublished\":\"2025-04-08T10:22:32+00:00\",\"breadcrumb\":{\"@id\":\"https:\/\/pool-house.shop\/de\/product\/akustischer-lecksucher-xlt30h\/#breadcrumb\"},\"inLanguage\":\"de\",\"potentialAction\":[{\"@type\":\"ReadAction\",\"target\":[\"https:\/\/pool-house.shop\/de\/product\/akustischer-lecksucher-xlt30h\/\"]}]},{\"@type\":\"ImageObject\",\"inLanguage\":\"de\",\"@id\":\"https:\/\/pool-house.shop\/de\/product\/akustischer-lecksucher-xlt30h\/#primaryimage\",\"url\":\"https:\/\/pool-house.shop\/wp-content\/uploads\/2025\/04\/149003.png\",\"contentUrl\":\"https:\/\/pool-house.shop\/wp-content\/uploads\/2025\/04\/149003.png\",\"width\":1600,\"height\":1600},{\"@type\":\"BreadcrumbList\",\"@id\":\"https:\/\/pool-house.shop\/de\/product\/akustischer-lecksucher-xlt30h\/#breadcrumb\",\"itemListElement\":[{\"@type\":\"ListItem\",\"position\":1,\"name\":\"Domovsk\u00e1 str\u00e1nka\",\"item\":\"https:\/\/pool-house.shop\/de\/\"},{\"@type\":\"ListItem\",\"position\":2,\"name\":\"Shop\",\"item\":\"https:\/\/pool-house.shop\/de\/shop\/\"},{\"@type\":\"ListItem\",\"position\":3,\"name\":\"Akustischer Lecksucher XLT30H\"}]},{\"@type\":\"WebSite\",\"@id\":\"https:\/\/pool-house.shop\/de\/#website\",\"url\":\"https:\/\/pool-house.shop\/de\/\",\"name\":\"Pool-House\",\"description\":\"\",\"publisher\":{\"@id\":\"https:\/\/pool-house.shop\/de\/#organization\"},\"potentialAction\":[{\"@type\":\"SearchAction\",\"target\":{\"@type\":\"EntryPoint\",\"urlTemplate\":\"https:\/\/pool-house.shop\/de\/?s={search_term_string}\"},\"query-input\":{\"@type\":\"PropertyValueSpecification\",\"valueRequired\":true,\"valueName\":\"search_term_string\"}}],\"inLanguage\":\"de\"},{\"@type\":\"Organization\",\"@id\":\"https:\/\/pool-house.shop\/de\/#organization\",\"name\":\"Pool-House\",\"url\":\"https:\/\/pool-house.shop\/de\/\",\"logo\":{\"@type\":\"ImageObject\",\"inLanguage\":\"de\",\"@id\":\"https:\/\/pool-house.shop\/de\/#\/schema\/logo\/image\/\",\"url\":\"https:\/\/pool-house.shop\/wp-content\/uploads\/2025\/10\/logo-2-stvorec-mobil-modre.png\",\"contentUrl\":\"https:\/\/pool-house.shop\/wp-content\/uploads\/2025\/10\/logo-2-stvorec-mobil-modre.png\",\"width\":273,\"height\":189,\"caption\":\"Pool-House\"},\"image\":{\"@id\":\"https:\/\/pool-house.shop\/de\/#\/schema\/logo\/image\/\"},\"sameAs\":[\"https:\/\/www.facebook.com\/termodomsk\/\"]}]}<\/script>\n<!-- \/ Yoast SEO plugin. -->","yoast_head_json":{"title":"Akustischer Lecksucher XLT30H - Pool-House","robots":{"index":"index","follow":"follow","max-snippet":"max-snippet:-1","max-image-preview":"max-image-preview:large","max-video-preview":"max-video-preview:-1"},"canonical":"https:\/\/pool-house.shop\/de\/product\/akustischer-lecksucher-xlt30h\/","og_locale":"de_DE","og_type":"article","og_title":"Akustischer Lecksucher XLT30H - Pool-House","og_description":"Akustischer Lecksucher - XLT30H  Der XLT-30H hebt die Pool-Lecksuche auf ein neues Niveau. Mit fortschrittlicher elektronischer Verst\u00e4rkung und Filterung ist er die beste Wahl f\u00fcr alle, deren Hauptaufgabe die Lecksuche in Pools ist. Er hilft, Lecks zu stoppen, und erm\u00f6glicht es selbst Anf\u00e4ngern, die Leckstelle zu finden. Der fortschrittliche Prozessor hilft, selbst die schw\u00e4chsten Ger\u00e4usche zu filtern, auch unter lauten Bedingungen oder in nichtmetallischen Rohren. Er filtert die meisten st\u00f6renden Ger\u00e4usche wie Wind, Motorger\u00e4usche und Verkehr heraus, wodurch der Benutzer sich selektiv auf die gew\u00fcnschten Leckger\u00e4usche konzentrieren kann. Der XLT-30H ist effizient, einfach zu bedienen und bietet gleichzeitig maximale Leistung.   Der XLT-30H ist kompatibel mit den Unterwassermikrofonen Anderson Hydrophone und Deluxe Hydrophone.","og_url":"https:\/\/pool-house.shop\/de\/product\/akustischer-lecksucher-xlt30h\/","og_site_name":"Pool-House","article_publisher":"https:\/\/www.facebook.com\/termodomsk\/","og_image":[{"width":1600,"height":1600,"url":"https:\/\/pool-house.shop\/wp-content\/uploads\/2025\/04\/149003.png","type":"image\/png"}],"twitter_card":"summary_large_image","twitter_misc":{"Gesch\u00e4tzte Lesezeit":"1\u00a0Minute"},"schema":{"@context":"https:\/\/schema.org","@graph":[{"@type":"WebPage","@id":"https:\/\/pool-house.shop\/de\/product\/akustischer-lecksucher-xlt30h\/","url":"https:\/\/pool-house.shop\/de\/product\/akustischer-lecksucher-xlt30h\/","name":"Akustischer Lecksucher XLT30H - Pool-House","isPartOf":{"@id":"https:\/\/pool-house.shop\/de\/#website"},"primaryImageOfPage":{"@id":"https:\/\/pool-house.shop\/de\/product\/akustischer-lecksucher-xlt30h\/#primaryimage"},"image":{"@id":"https:\/\/pool-house.shop\/de\/product\/akustischer-lecksucher-xlt30h\/#primaryimage"},"thumbnailUrl":"https:\/\/pool-house.shop\/wp-content\/uploads\/2025\/04\/149003.png","datePublished":"2025-04-08T10:22:32+00:00","breadcrumb":{"@id":"https:\/\/pool-house.shop\/de\/product\/akustischer-lecksucher-xlt30h\/#breadcrumb"},"inLanguage":"de","potentialAction":[{"@type":"ReadAction","target":["https:\/\/pool-house.shop\/de\/product\/akustischer-lecksucher-xlt30h\/"]}]},{"@type":"ImageObject","inLanguage":"de","@id":"https:\/\/pool-house.shop\/de\/product\/akustischer-lecksucher-xlt30h\/#primaryimage","url":"https:\/\/pool-house.shop\/wp-content\/uploads\/2025\/04\/149003.png","contentUrl":"https:\/\/pool-house.shop\/wp-content\/uploads\/2025\/04\/149003.png","width":1600,"height":1600},{"@type":"BreadcrumbList","@id":"https:\/\/pool-house.shop\/de\/product\/akustischer-lecksucher-xlt30h\/#breadcrumb","itemListElement":[{"@type":"ListItem","position":1,"name":"Domovsk\u00e1 str\u00e1nka","item":"https:\/\/pool-house.shop\/de\/"},{"@type":"ListItem","position":2,"name":"Shop","item":"https:\/\/pool-house.shop\/de\/shop\/"},{"@type":"ListItem","position":3,"name":"Akustischer Lecksucher XLT30H"}]},{"@type":"WebSite","@id":"https:\/\/pool-house.shop\/de\/#website","url":"https:\/\/pool-house.shop\/de\/","name":"Pool-House","description":"","publisher":{"@id":"https:\/\/pool-house.shop\/de\/#organization"},"potentialAction":[{"@type":"SearchAction","target":{"@type":"EntryPoint","urlTemplate":"https:\/\/pool-house.shop\/de\/?s={search_term_string}"},"query-input":{"@type":"PropertyValueSpecification","valueRequired":true,"valueName":"search_term_string"}}],"inLanguage":"de"},{"@type":"Organization","@id":"https:\/\/pool-house.shop\/de\/#organization","name":"Pool-House","url":"https:\/\/pool-house.shop\/de\/","logo":{"@type":"ImageObject","inLanguage":"de","@id":"https:\/\/pool-house.shop\/de\/#\/schema\/logo\/image\/","url":"https:\/\/pool-house.shop\/wp-content\/uploads\/2025\/10\/logo-2-stvorec-mobil-modre.png","contentUrl":"https:\/\/pool-house.shop\/wp-content\/uploads\/2025\/10\/logo-2-stvorec-mobil-modre.png","width":273,"height":189,"caption":"Pool-House"},"image":{"@id":"https:\/\/pool-house.shop\/de\/#\/schema\/logo\/image\/"},"sameAs":["https:\/\/www.facebook.com\/termodomsk\/"]}]}},"_links":{"self":[{"href":"https:\/\/pool-house.shop\/de\/wp-json\/wp\/v2\/product\/10968","targetHints":{"allow":["GET"]}}],"collection":[{"href":"https:\/\/pool-house.shop\/de\/wp-json\/wp\/v2\/product"}],"about":[{"href":"https:\/\/pool-house.shop\/de\/wp-json\/wp\/v2\/types\/product"}],"wp:featuredmedia":[{"embeddable":true,"href":"https:\/\/pool-house.shop\/de\/wp-json\/wp\/v2\/media\/10966"}],"wp:attachment":[{"href":"https:\/\/pool-house.shop\/de\/wp-json\/wp\/v2\/media?parent=10968"}],"wp:term":[{"taxonomy":"product_brand","embeddable":true,"href":"https:\/\/pool-house.shop\/de\/wp-json\/wp\/v2\/product_brand?post=10968"},{"taxonomy":"product_cat","embeddable":true,"href":"https:\/\/pool-house.shop\/de\/wp-json\/wp\/v2\/product_cat?post=10968"},{"taxonomy":"product_tag","embeddable":true,"href":"https:\/\/pool-house.shop\/de\/wp-json\/wp\/v2\/product_tag?post=10968"}],"curies":[{"name":"wp","href":"https:\/\/api.w.org\/{rel}","templated":true}]}}