{"id":10973,"date":"2025-04-08T12:22:14","date_gmt":"2025-04-08T10:22:14","guid":{"rendered":"https:\/\/pool-house.shop\/product\/pooltester-ptm100\/"},"modified":"2025-04-08T12:22:14","modified_gmt":"2025-04-08T10:22:14","slug":"pooltester-ptm100","status":"publish","type":"product","link":"https:\/\/pool-house.shop\/de\/product\/pooltester-ptm100\/","title":{"rendered":"Pooltester PTM100"},"content":{"rendered":"<p>Pooltester PTM100<\/p>\n<p> Deutsche Herstellung Water-i.d. Minitester sind klassische Wasseranalyseger\u00e4te, mit denen Sie das Wasser in Ihrem Pool und Whirlpool zuverl\u00e4ssig testen k\u00f6nnen.<br \/>\n Alle Minitester haben einen wei\u00dfen Hintergrund, sodass das Ablesen des Ergebnisses einfach und deutlich ist.<br \/>\n Die Kammern hinter den Farbskalen k\u00f6nnen auch mit Wasser gef\u00fcllt werden, um die Skalenfarben automatisch anzupassen, falls das zu testende Wasser bereits verf\u00e4rbt ist.<br \/>\n Water-i.d. Pooltester arbeiten mit schnell l\u00f6slichen Reagenzien deutscher Herstellung. <\/p>\n<p> Lieferumfang<br \/>\n Der Pooltester enth\u00e4lt 20 Tabletten zur Messung von pH und Chlor\/Brom.<\/p>\n<p> Messbereich<br \/>\n &#8211; pH: 6,8 \u2013 8,0<br \/>\n &#8211; Cl: 0,5 \u2013 5,0 mg\/l<br \/>\n &#8211; Br: 1,1 \u2013 11,0 mg\/l<\/p>\n","protected":false},"excerpt":{"rendered":"<p>Pooltester PTM100<\/p>\n<p> Deutsche Herstellung Water-i.d. Minitester sind klassische Wasseranalyseger\u00e4te, mit denen Sie das Wasser in Ihrem Pool und Whirlpool zuverl\u00e4ssig testen k\u00f6nnen.<br \/>\n Alle Minitester haben einen wei\u00dfen Hintergrund, sodass das Ablesen des Ergebnisses einfach und deutlich ist.<br \/>\n Die Kammern hinter den Farbskalen k\u00f6nnen auch mit Wasser gef\u00fcllt werden, um die Skalenfarben automatisch anzupassen, falls das zu testende Wasser bereits verf\u00e4rbt ist.<br \/>\n Water-i.d. Pooltester arbeiten mit schnell l\u00f6slichen Reagenzien deutscher Herstellung. <\/p>\n<p> Lieferumfang<br \/>\n Der Pooltester enth\u00e4lt 20 Tabletten zur Messung von pH und Chlor\/Brom.<\/p>\n<p> Messbereich<br \/>\n &#8211; pH: 6,8 \u2013 8,0<br \/>\n &#8211; Cl: 0,5 \u2013 5,0 mg\/l<br \/>\n &#8211; Br: 1,1 \u2013 11,0 mg\/l<\/p>\n","protected":false},"featured_media":10971,"template":"","meta":[],"product_brand":[],"product_cat":[355,272],"product_tag":[],"class_list":{"0":"post-10973","1":"product","2":"type-product","3":"status-publish","4":"has-post-thumbnail","6":"product_cat-wartung","7":"product_cat-zubehor_wartung","8":"thunk-woo-product-list","9":"open-woo-hover-none","10":"open-single-product-tab-horizontal","11":"open-shadow-","12":"open-shadow-hover-","14":"first","15":"instock","16":"taxable","17":"shipping-taxable","18":"purchasable","19":"product-type-simple"},"yoast_head":"<!-- This site is optimized with the Yoast SEO plugin v26.9 - https:\/\/yoast.com\/product\/yoast-seo-wordpress\/ -->\n<title>Pooltester PTM100 - Pool-House<\/title>\n<meta name=\"robots\" content=\"index, follow, max-snippet:-1, max-image-preview:large, max-video-preview:-1\" \/>\n<link rel=\"canonical\" href=\"https:\/\/pool-house.shop\/de\/product\/pooltester-ptm100\/\" \/>\n<meta property=\"og:locale\" content=\"de_DE\" \/>\n<meta property=\"og:type\" content=\"article\" \/>\n<meta property=\"og:title\" content=\"Pooltester PTM100 - Pool-House\" \/>\n<meta property=\"og:description\" content=\"Pooltester PTM100  Deutsche Herstellung Water-i.d. Minitester sind klassische Wasseranalyseger\u00e4te, mit denen Sie das Wasser in Ihrem Pool und Whirlpool zuverl\u00e4ssig testen k\u00f6nnen.  Alle Minitester haben einen wei\u00dfen Hintergrund, sodass das Ablesen des Ergebnisses einfach und deutlich ist.  Die Kammern hinter den Farbskalen k\u00f6nnen auch mit Wasser gef\u00fcllt werden, um die Skalenfarben automatisch anzupassen, falls das zu testende Wasser bereits verf\u00e4rbt ist.  Water-i.d. Pooltester arbeiten mit schnell l\u00f6slichen Reagenzien deutscher Herstellung.   Lieferumfang Der Pooltester enth\u00e4lt 20 Tabletten zur Messung von pH und Chlor\/Brom.  Messbereich - pH: 6,8 \u2013 8,0 - Cl: 0,5 \u2013 5,0 mg\/l - Br: 1,1 \u2013 11,0 mg\/l\" \/>\n<meta property=\"og:url\" content=\"https:\/\/pool-house.shop\/de\/product\/pooltester-ptm100\/\" \/>\n<meta property=\"og:site_name\" content=\"Pool-House\" \/>\n<meta property=\"article:publisher\" content=\"https:\/\/www.facebook.com\/termodomsk\/\" \/>\n<meta property=\"og:image\" content=\"https:\/\/pool-house.shop\/wp-content\/uploads\/2025\/04\/147300.png\" \/>\n\t<meta property=\"og:image:width\" content=\"1600\" \/>\n\t<meta property=\"og:image:height\" content=\"1600\" \/>\n\t<meta property=\"og:image:type\" content=\"image\/png\" \/>\n<meta name=\"twitter:card\" content=\"summary_large_image\" \/>\n<meta name=\"twitter:label1\" content=\"Gesch\u00e4tzte Lesezeit\" \/>\n\t<meta name=\"twitter:data1\" content=\"1\u00a0Minute\" \/>\n<script type=\"application\/ld+json\" class=\"yoast-schema-graph\">{\"@context\":\"https:\/\/schema.org\",\"@graph\":[{\"@type\":\"WebPage\",\"@id\":\"https:\/\/pool-house.shop\/de\/product\/pooltester-ptm100\/\",\"url\":\"https:\/\/pool-house.shop\/de\/product\/pooltester-ptm100\/\",\"name\":\"Pooltester PTM100 - Pool-House\",\"isPartOf\":{\"@id\":\"https:\/\/pool-house.shop\/de\/#website\"},\"primaryImageOfPage\":{\"@id\":\"https:\/\/pool-house.shop\/de\/product\/pooltester-ptm100\/#primaryimage\"},\"image\":{\"@id\":\"https:\/\/pool-house.shop\/de\/product\/pooltester-ptm100\/#primaryimage\"},\"thumbnailUrl\":\"https:\/\/pool-house.shop\/wp-content\/uploads\/2025\/04\/147300.png\",\"datePublished\":\"2025-04-08T10:22:14+00:00\",\"breadcrumb\":{\"@id\":\"https:\/\/pool-house.shop\/de\/product\/pooltester-ptm100\/#breadcrumb\"},\"inLanguage\":\"de\",\"potentialAction\":[{\"@type\":\"ReadAction\",\"target\":[\"https:\/\/pool-house.shop\/de\/product\/pooltester-ptm100\/\"]}]},{\"@type\":\"ImageObject\",\"inLanguage\":\"de\",\"@id\":\"https:\/\/pool-house.shop\/de\/product\/pooltester-ptm100\/#primaryimage\",\"url\":\"https:\/\/pool-house.shop\/wp-content\/uploads\/2025\/04\/147300.png\",\"contentUrl\":\"https:\/\/pool-house.shop\/wp-content\/uploads\/2025\/04\/147300.png\",\"width\":1600,\"height\":1600},{\"@type\":\"BreadcrumbList\",\"@id\":\"https:\/\/pool-house.shop\/de\/product\/pooltester-ptm100\/#breadcrumb\",\"itemListElement\":[{\"@type\":\"ListItem\",\"position\":1,\"name\":\"Domovsk\u00e1 str\u00e1nka\",\"item\":\"https:\/\/pool-house.shop\/de\/\"},{\"@type\":\"ListItem\",\"position\":2,\"name\":\"Shop\",\"item\":\"https:\/\/pool-house.shop\/de\/shop\/\"},{\"@type\":\"ListItem\",\"position\":3,\"name\":\"Pooltester PTM100\"}]},{\"@type\":\"WebSite\",\"@id\":\"https:\/\/pool-house.shop\/de\/#website\",\"url\":\"https:\/\/pool-house.shop\/de\/\",\"name\":\"Pool-House\",\"description\":\"\",\"publisher\":{\"@id\":\"https:\/\/pool-house.shop\/de\/#organization\"},\"potentialAction\":[{\"@type\":\"SearchAction\",\"target\":{\"@type\":\"EntryPoint\",\"urlTemplate\":\"https:\/\/pool-house.shop\/de\/?s={search_term_string}\"},\"query-input\":{\"@type\":\"PropertyValueSpecification\",\"valueRequired\":true,\"valueName\":\"search_term_string\"}}],\"inLanguage\":\"de\"},{\"@type\":\"Organization\",\"@id\":\"https:\/\/pool-house.shop\/de\/#organization\",\"name\":\"Pool-House\",\"url\":\"https:\/\/pool-house.shop\/de\/\",\"logo\":{\"@type\":\"ImageObject\",\"inLanguage\":\"de\",\"@id\":\"https:\/\/pool-house.shop\/de\/#\/schema\/logo\/image\/\",\"url\":\"https:\/\/pool-house.shop\/wp-content\/uploads\/2025\/10\/logo-2-stvorec-mobil-modre.png\",\"contentUrl\":\"https:\/\/pool-house.shop\/wp-content\/uploads\/2025\/10\/logo-2-stvorec-mobil-modre.png\",\"width\":273,\"height\":189,\"caption\":\"Pool-House\"},\"image\":{\"@id\":\"https:\/\/pool-house.shop\/de\/#\/schema\/logo\/image\/\"},\"sameAs\":[\"https:\/\/www.facebook.com\/termodomsk\/\"]}]}<\/script>\n<!-- \/ Yoast SEO plugin. -->","yoast_head_json":{"title":"Pooltester PTM100 - Pool-House","robots":{"index":"index","follow":"follow","max-snippet":"max-snippet:-1","max-image-preview":"max-image-preview:large","max-video-preview":"max-video-preview:-1"},"canonical":"https:\/\/pool-house.shop\/de\/product\/pooltester-ptm100\/","og_locale":"de_DE","og_type":"article","og_title":"Pooltester PTM100 - Pool-House","og_description":"Pooltester PTM100  Deutsche Herstellung Water-i.d. Minitester sind klassische Wasseranalyseger\u00e4te, mit denen Sie das Wasser in Ihrem Pool und Whirlpool zuverl\u00e4ssig testen k\u00f6nnen.  Alle Minitester haben einen wei\u00dfen Hintergrund, sodass das Ablesen des Ergebnisses einfach und deutlich ist.  Die Kammern hinter den Farbskalen k\u00f6nnen auch mit Wasser gef\u00fcllt werden, um die Skalenfarben automatisch anzupassen, falls das zu testende Wasser bereits verf\u00e4rbt ist.  Water-i.d. Pooltester arbeiten mit schnell l\u00f6slichen Reagenzien deutscher Herstellung.   Lieferumfang Der Pooltester enth\u00e4lt 20 Tabletten zur Messung von pH und Chlor\/Brom.  Messbereich - pH: 6,8 \u2013 8,0 - Cl: 0,5 \u2013 5,0 mg\/l - Br: 1,1 \u2013 11,0 mg\/l","og_url":"https:\/\/pool-house.shop\/de\/product\/pooltester-ptm100\/","og_site_name":"Pool-House","article_publisher":"https:\/\/www.facebook.com\/termodomsk\/","og_image":[{"width":1600,"height":1600,"url":"https:\/\/pool-house.shop\/wp-content\/uploads\/2025\/04\/147300.png","type":"image\/png"}],"twitter_card":"summary_large_image","twitter_misc":{"Gesch\u00e4tzte Lesezeit":"1\u00a0Minute"},"schema":{"@context":"https:\/\/schema.org","@graph":[{"@type":"WebPage","@id":"https:\/\/pool-house.shop\/de\/product\/pooltester-ptm100\/","url":"https:\/\/pool-house.shop\/de\/product\/pooltester-ptm100\/","name":"Pooltester PTM100 - Pool-House","isPartOf":{"@id":"https:\/\/pool-house.shop\/de\/#website"},"primaryImageOfPage":{"@id":"https:\/\/pool-house.shop\/de\/product\/pooltester-ptm100\/#primaryimage"},"image":{"@id":"https:\/\/pool-house.shop\/de\/product\/pooltester-ptm100\/#primaryimage"},"thumbnailUrl":"https:\/\/pool-house.shop\/wp-content\/uploads\/2025\/04\/147300.png","datePublished":"2025-04-08T10:22:14+00:00","breadcrumb":{"@id":"https:\/\/pool-house.shop\/de\/product\/pooltester-ptm100\/#breadcrumb"},"inLanguage":"de","potentialAction":[{"@type":"ReadAction","target":["https:\/\/pool-house.shop\/de\/product\/pooltester-ptm100\/"]}]},{"@type":"ImageObject","inLanguage":"de","@id":"https:\/\/pool-house.shop\/de\/product\/pooltester-ptm100\/#primaryimage","url":"https:\/\/pool-house.shop\/wp-content\/uploads\/2025\/04\/147300.png","contentUrl":"https:\/\/pool-house.shop\/wp-content\/uploads\/2025\/04\/147300.png","width":1600,"height":1600},{"@type":"BreadcrumbList","@id":"https:\/\/pool-house.shop\/de\/product\/pooltester-ptm100\/#breadcrumb","itemListElement":[{"@type":"ListItem","position":1,"name":"Domovsk\u00e1 str\u00e1nka","item":"https:\/\/pool-house.shop\/de\/"},{"@type":"ListItem","position":2,"name":"Shop","item":"https:\/\/pool-house.shop\/de\/shop\/"},{"@type":"ListItem","position":3,"name":"Pooltester PTM100"}]},{"@type":"WebSite","@id":"https:\/\/pool-house.shop\/de\/#website","url":"https:\/\/pool-house.shop\/de\/","name":"Pool-House","description":"","publisher":{"@id":"https:\/\/pool-house.shop\/de\/#organization"},"potentialAction":[{"@type":"SearchAction","target":{"@type":"EntryPoint","urlTemplate":"https:\/\/pool-house.shop\/de\/?s={search_term_string}"},"query-input":{"@type":"PropertyValueSpecification","valueRequired":true,"valueName":"search_term_string"}}],"inLanguage":"de"},{"@type":"Organization","@id":"https:\/\/pool-house.shop\/de\/#organization","name":"Pool-House","url":"https:\/\/pool-house.shop\/de\/","logo":{"@type":"ImageObject","inLanguage":"de","@id":"https:\/\/pool-house.shop\/de\/#\/schema\/logo\/image\/","url":"https:\/\/pool-house.shop\/wp-content\/uploads\/2025\/10\/logo-2-stvorec-mobil-modre.png","contentUrl":"https:\/\/pool-house.shop\/wp-content\/uploads\/2025\/10\/logo-2-stvorec-mobil-modre.png","width":273,"height":189,"caption":"Pool-House"},"image":{"@id":"https:\/\/pool-house.shop\/de\/#\/schema\/logo\/image\/"},"sameAs":["https:\/\/www.facebook.com\/termodomsk\/"]}]}},"_links":{"self":[{"href":"https:\/\/pool-house.shop\/de\/wp-json\/wp\/v2\/product\/10973","targetHints":{"allow":["GET"]}}],"collection":[{"href":"https:\/\/pool-house.shop\/de\/wp-json\/wp\/v2\/product"}],"about":[{"href":"https:\/\/pool-house.shop\/de\/wp-json\/wp\/v2\/types\/product"}],"wp:featuredmedia":[{"embeddable":true,"href":"https:\/\/pool-house.shop\/de\/wp-json\/wp\/v2\/media\/10971"}],"wp:attachment":[{"href":"https:\/\/pool-house.shop\/de\/wp-json\/wp\/v2\/media?parent=10973"}],"wp:term":[{"taxonomy":"product_brand","embeddable":true,"href":"https:\/\/pool-house.shop\/de\/wp-json\/wp\/v2\/product_brand?post=10973"},{"taxonomy":"product_cat","embeddable":true,"href":"https:\/\/pool-house.shop\/de\/wp-json\/wp\/v2\/product_cat?post=10973"},{"taxonomy":"product_tag","embeddable":true,"href":"https:\/\/pool-house.shop\/de\/wp-json\/wp\/v2\/product_tag?post=10973"}],"curies":[{"name":"wp","href":"https:\/\/api.w.org\/{rel}","templated":true}]}}