{"id":10998,"date":"2025-04-08T12:21:42","date_gmt":"2025-04-08T10:21:42","guid":{"rendered":"https:\/\/pool-house.shop\/product\/alkalitaet-m-50-tabletten-pt-ftx\/"},"modified":"2025-04-08T12:21:42","modified_gmt":"2025-04-08T10:21:42","slug":"alkalitaet-m-50-tabletten-pt-ftx","status":"publish","type":"product","link":"https:\/\/pool-house.shop\/de\/product\/alkalitaet-m-50-tabletten-pt-ftx\/","title":{"rendered":"Alkalit\u00e4t-M 50 Tabletten PT, FTX"},"content":{"rendered":"<p>Alkalit\u00e4t-M Tabletten <\/p>\n<p> Alkalinity-M ist eine Reagenztablette zur Messung der Gesamtalkalit\u00e4t (TA) von Poolwasser. Schnell l\u00f6sliche Tabletten, die die t\u00e4gliche Wasserkontrolle erleichtern.<br \/>\n Die Bestimmung der genauen Alkalit\u00e4t ist unerl\u00e4sslich, um das chemische Gleichgewicht des Poolwassers aufrechtzuerhalten und die Wirksamkeit des Desinfektionsmittels zu gew\u00e4hrleisten. Die Anwendung ist einfach und schnell. <\/p>\n<p> Verpackung: 50 Stk. \/ Karton<\/p>\n<p> Eine ausreichende Gesamtalkalit\u00e4t des Poolwassers (idealerweise zwischen 80 und 120 mg\/Liter) ist entscheidend f\u00fcr die pH-Stabilisierung und die Aufrechterhaltung der Desinfektionsmittelwirksamkeit. Die Einstellung des richtigen Wertes verhindert pH-Schwankungen, gew\u00e4hrleistet das chemische Gleichgewicht des Wassers, sch\u00fctzt die Ausr\u00fcstung und die Pooloberfl\u00e4che vor Korrosion und Kalkablagerungen und verbessert den Komfort der Badeg\u00e4ste, indem es Haut- und Augenreizungen minimiert.  <\/p>\n","protected":false},"excerpt":{"rendered":"<p>Alkalit\u00e4t-M Tabletten <\/p>\n<p> Alkalinity-M ist eine Reagenztablette zur Messung der Gesamtalkalit\u00e4t (TA) von Poolwasser. Schnell l\u00f6sliche Tabletten, die die t\u00e4gliche Wasserkontrolle erleichtern.<br \/>\n Die Bestimmung der genauen Alkalit\u00e4t ist unerl\u00e4sslich, um das chemische Gleichgewicht des Poolwassers aufrechtzuerhalten und die Wirksamkeit des Desinfektionsmittels zu gew\u00e4hrleisten. Die Anwendung ist einfach und schnell. <\/p>\n<p> Verpackung: 50 Stk. \/ Karton<\/p>\n<p> Eine ausreichende Gesamtalkalit\u00e4t des Poolwassers (idealerweise zwischen 80 und 120 mg\/Liter) ist entscheidend f\u00fcr die pH-Stabilisierung und die Aufrechterhaltung der Desinfektionsmittelwirksamkeit. Die Einstellung des richtigen Wertes verhindert pH-Schwankungen, gew\u00e4hrleistet das chemische Gleichgewicht des Wassers, sch\u00fctzt die Ausr\u00fcstung und die Pooloberfl\u00e4che vor Korrosion und Kalkablagerungen und verbessert den Komfort der Badeg\u00e4ste, indem es Haut- und Augenreizungen minimiert.  <\/p>\n","protected":false},"featured_media":10995,"template":"","meta":[],"product_brand":[],"product_cat":[355,272],"product_tag":[],"class_list":{"0":"post-10998","1":"product","2":"type-product","3":"status-publish","4":"has-post-thumbnail","6":"product_cat-wartung","7":"product_cat-zubehor_wartung","8":"thunk-woo-product-list","9":"open-woo-hover-none","10":"open-single-product-tab-horizontal","11":"open-shadow-","12":"open-shadow-hover-","14":"first","15":"instock","16":"taxable","17":"shipping-taxable","18":"purchasable","19":"product-type-simple"},"yoast_head":"<!-- This site is optimized with the Yoast SEO plugin v26.9 - https:\/\/yoast.com\/product\/yoast-seo-wordpress\/ -->\n<title>Alkalit\u00e4t-M 50 Tabletten PT, FTX - Pool-House<\/title>\n<meta name=\"robots\" content=\"index, follow, max-snippet:-1, max-image-preview:large, max-video-preview:-1\" \/>\n<link rel=\"canonical\" href=\"https:\/\/pool-house.shop\/de\/product\/alkalitaet-m-50-tabletten-pt-ftx\/\" \/>\n<meta property=\"og:locale\" content=\"de_DE\" \/>\n<meta property=\"og:type\" content=\"article\" \/>\n<meta property=\"og:title\" content=\"Alkalit\u00e4t-M 50 Tabletten PT, FTX - Pool-House\" \/>\n<meta property=\"og:description\" content=\"Alkalit\u00e4t-M Tabletten   Alkalinity-M ist eine Reagenztablette zur Messung der Gesamtalkalit\u00e4t (TA) von Poolwasser. Schnell l\u00f6sliche Tabletten, die die t\u00e4gliche Wasserkontrolle erleichtern.  Die Bestimmung der genauen Alkalit\u00e4t ist unerl\u00e4sslich, um das chemische Gleichgewicht des Poolwassers aufrechtzuerhalten und die Wirksamkeit des Desinfektionsmittels zu gew\u00e4hrleisten. Die Anwendung ist einfach und schnell.   Verpackung: 50 Stk. \/ Karton  Eine ausreichende Gesamtalkalit\u00e4t des Poolwassers (idealerweise zwischen 80 und 120 mg\/Liter) ist entscheidend f\u00fcr die pH-Stabilisierung und die Aufrechterhaltung der Desinfektionsmittelwirksamkeit. Die Einstellung des richtigen Wertes verhindert pH-Schwankungen, gew\u00e4hrleistet das chemische Gleichgewicht des Wassers, sch\u00fctzt die Ausr\u00fcstung und die Pooloberfl\u00e4che vor Korrosion und Kalkablagerungen und verbessert den Komfort der Badeg\u00e4ste, indem es Haut- und Augenreizungen minimiert.\" \/>\n<meta property=\"og:url\" content=\"https:\/\/pool-house.shop\/de\/product\/alkalitaet-m-50-tabletten-pt-ftx\/\" \/>\n<meta property=\"og:site_name\" content=\"Pool-House\" \/>\n<meta property=\"article:publisher\" content=\"https:\/\/www.facebook.com\/termodomsk\/\" \/>\n<meta property=\"og:image\" content=\"https:\/\/pool-house.shop\/wp-content\/uploads\/2025\/04\/147040.png\" \/>\n\t<meta property=\"og:image:width\" content=\"1600\" \/>\n\t<meta property=\"og:image:height\" content=\"1600\" \/>\n\t<meta property=\"og:image:type\" content=\"image\/png\" \/>\n<meta name=\"twitter:card\" content=\"summary_large_image\" \/>\n<meta name=\"twitter:label1\" content=\"Gesch\u00e4tzte Lesezeit\" \/>\n\t<meta name=\"twitter:data1\" content=\"1\u00a0Minute\" \/>\n<script type=\"application\/ld+json\" class=\"yoast-schema-graph\">{\"@context\":\"https:\/\/schema.org\",\"@graph\":[{\"@type\":\"WebPage\",\"@id\":\"https:\/\/pool-house.shop\/de\/product\/alkalitaet-m-50-tabletten-pt-ftx\/\",\"url\":\"https:\/\/pool-house.shop\/de\/product\/alkalitaet-m-50-tabletten-pt-ftx\/\",\"name\":\"Alkalit\u00e4t-M 50 Tabletten PT, FTX - Pool-House\",\"isPartOf\":{\"@id\":\"https:\/\/pool-house.shop\/de\/#website\"},\"primaryImageOfPage\":{\"@id\":\"https:\/\/pool-house.shop\/de\/product\/alkalitaet-m-50-tabletten-pt-ftx\/#primaryimage\"},\"image\":{\"@id\":\"https:\/\/pool-house.shop\/de\/product\/alkalitaet-m-50-tabletten-pt-ftx\/#primaryimage\"},\"thumbnailUrl\":\"https:\/\/pool-house.shop\/wp-content\/uploads\/2025\/04\/147040.png\",\"datePublished\":\"2025-04-08T10:21:42+00:00\",\"breadcrumb\":{\"@id\":\"https:\/\/pool-house.shop\/de\/product\/alkalitaet-m-50-tabletten-pt-ftx\/#breadcrumb\"},\"inLanguage\":\"de\",\"potentialAction\":[{\"@type\":\"ReadAction\",\"target\":[\"https:\/\/pool-house.shop\/de\/product\/alkalitaet-m-50-tabletten-pt-ftx\/\"]}]},{\"@type\":\"ImageObject\",\"inLanguage\":\"de\",\"@id\":\"https:\/\/pool-house.shop\/de\/product\/alkalitaet-m-50-tabletten-pt-ftx\/#primaryimage\",\"url\":\"https:\/\/pool-house.shop\/wp-content\/uploads\/2025\/04\/147040.png\",\"contentUrl\":\"https:\/\/pool-house.shop\/wp-content\/uploads\/2025\/04\/147040.png\",\"width\":1600,\"height\":1600},{\"@type\":\"BreadcrumbList\",\"@id\":\"https:\/\/pool-house.shop\/de\/product\/alkalitaet-m-50-tabletten-pt-ftx\/#breadcrumb\",\"itemListElement\":[{\"@type\":\"ListItem\",\"position\":1,\"name\":\"Domovsk\u00e1 str\u00e1nka\",\"item\":\"https:\/\/pool-house.shop\/de\/\"},{\"@type\":\"ListItem\",\"position\":2,\"name\":\"Shop\",\"item\":\"https:\/\/pool-house.shop\/de\/shop\/\"},{\"@type\":\"ListItem\",\"position\":3,\"name\":\"Alkalit\u00e4t-M 50 Tabletten PT, FTX\"}]},{\"@type\":\"WebSite\",\"@id\":\"https:\/\/pool-house.shop\/de\/#website\",\"url\":\"https:\/\/pool-house.shop\/de\/\",\"name\":\"Pool-House\",\"description\":\"\",\"publisher\":{\"@id\":\"https:\/\/pool-house.shop\/de\/#organization\"},\"potentialAction\":[{\"@type\":\"SearchAction\",\"target\":{\"@type\":\"EntryPoint\",\"urlTemplate\":\"https:\/\/pool-house.shop\/de\/?s={search_term_string}\"},\"query-input\":{\"@type\":\"PropertyValueSpecification\",\"valueRequired\":true,\"valueName\":\"search_term_string\"}}],\"inLanguage\":\"de\"},{\"@type\":\"Organization\",\"@id\":\"https:\/\/pool-house.shop\/de\/#organization\",\"name\":\"Pool-House\",\"url\":\"https:\/\/pool-house.shop\/de\/\",\"logo\":{\"@type\":\"ImageObject\",\"inLanguage\":\"de\",\"@id\":\"https:\/\/pool-house.shop\/de\/#\/schema\/logo\/image\/\",\"url\":\"https:\/\/pool-house.shop\/wp-content\/uploads\/2025\/10\/logo-2-stvorec-mobil-modre.png\",\"contentUrl\":\"https:\/\/pool-house.shop\/wp-content\/uploads\/2025\/10\/logo-2-stvorec-mobil-modre.png\",\"width\":273,\"height\":189,\"caption\":\"Pool-House\"},\"image\":{\"@id\":\"https:\/\/pool-house.shop\/de\/#\/schema\/logo\/image\/\"},\"sameAs\":[\"https:\/\/www.facebook.com\/termodomsk\/\"]}]}<\/script>\n<!-- \/ Yoast SEO plugin. -->","yoast_head_json":{"title":"Alkalit\u00e4t-M 50 Tabletten PT, FTX - Pool-House","robots":{"index":"index","follow":"follow","max-snippet":"max-snippet:-1","max-image-preview":"max-image-preview:large","max-video-preview":"max-video-preview:-1"},"canonical":"https:\/\/pool-house.shop\/de\/product\/alkalitaet-m-50-tabletten-pt-ftx\/","og_locale":"de_DE","og_type":"article","og_title":"Alkalit\u00e4t-M 50 Tabletten PT, FTX - Pool-House","og_description":"Alkalit\u00e4t-M Tabletten   Alkalinity-M ist eine Reagenztablette zur Messung der Gesamtalkalit\u00e4t (TA) von Poolwasser. Schnell l\u00f6sliche Tabletten, die die t\u00e4gliche Wasserkontrolle erleichtern.  Die Bestimmung der genauen Alkalit\u00e4t ist unerl\u00e4sslich, um das chemische Gleichgewicht des Poolwassers aufrechtzuerhalten und die Wirksamkeit des Desinfektionsmittels zu gew\u00e4hrleisten. Die Anwendung ist einfach und schnell.   Verpackung: 50 Stk. \/ Karton  Eine ausreichende Gesamtalkalit\u00e4t des Poolwassers (idealerweise zwischen 80 und 120 mg\/Liter) ist entscheidend f\u00fcr die pH-Stabilisierung und die Aufrechterhaltung der Desinfektionsmittelwirksamkeit. Die Einstellung des richtigen Wertes verhindert pH-Schwankungen, gew\u00e4hrleistet das chemische Gleichgewicht des Wassers, sch\u00fctzt die Ausr\u00fcstung und die Pooloberfl\u00e4che vor Korrosion und Kalkablagerungen und verbessert den Komfort der Badeg\u00e4ste, indem es Haut- und Augenreizungen minimiert.","og_url":"https:\/\/pool-house.shop\/de\/product\/alkalitaet-m-50-tabletten-pt-ftx\/","og_site_name":"Pool-House","article_publisher":"https:\/\/www.facebook.com\/termodomsk\/","og_image":[{"width":1600,"height":1600,"url":"https:\/\/pool-house.shop\/wp-content\/uploads\/2025\/04\/147040.png","type":"image\/png"}],"twitter_card":"summary_large_image","twitter_misc":{"Gesch\u00e4tzte Lesezeit":"1\u00a0Minute"},"schema":{"@context":"https:\/\/schema.org","@graph":[{"@type":"WebPage","@id":"https:\/\/pool-house.shop\/de\/product\/alkalitaet-m-50-tabletten-pt-ftx\/","url":"https:\/\/pool-house.shop\/de\/product\/alkalitaet-m-50-tabletten-pt-ftx\/","name":"Alkalit\u00e4t-M 50 Tabletten PT, FTX - Pool-House","isPartOf":{"@id":"https:\/\/pool-house.shop\/de\/#website"},"primaryImageOfPage":{"@id":"https:\/\/pool-house.shop\/de\/product\/alkalitaet-m-50-tabletten-pt-ftx\/#primaryimage"},"image":{"@id":"https:\/\/pool-house.shop\/de\/product\/alkalitaet-m-50-tabletten-pt-ftx\/#primaryimage"},"thumbnailUrl":"https:\/\/pool-house.shop\/wp-content\/uploads\/2025\/04\/147040.png","datePublished":"2025-04-08T10:21:42+00:00","breadcrumb":{"@id":"https:\/\/pool-house.shop\/de\/product\/alkalitaet-m-50-tabletten-pt-ftx\/#breadcrumb"},"inLanguage":"de","potentialAction":[{"@type":"ReadAction","target":["https:\/\/pool-house.shop\/de\/product\/alkalitaet-m-50-tabletten-pt-ftx\/"]}]},{"@type":"ImageObject","inLanguage":"de","@id":"https:\/\/pool-house.shop\/de\/product\/alkalitaet-m-50-tabletten-pt-ftx\/#primaryimage","url":"https:\/\/pool-house.shop\/wp-content\/uploads\/2025\/04\/147040.png","contentUrl":"https:\/\/pool-house.shop\/wp-content\/uploads\/2025\/04\/147040.png","width":1600,"height":1600},{"@type":"BreadcrumbList","@id":"https:\/\/pool-house.shop\/de\/product\/alkalitaet-m-50-tabletten-pt-ftx\/#breadcrumb","itemListElement":[{"@type":"ListItem","position":1,"name":"Domovsk\u00e1 str\u00e1nka","item":"https:\/\/pool-house.shop\/de\/"},{"@type":"ListItem","position":2,"name":"Shop","item":"https:\/\/pool-house.shop\/de\/shop\/"},{"@type":"ListItem","position":3,"name":"Alkalit\u00e4t-M 50 Tabletten PT, FTX"}]},{"@type":"WebSite","@id":"https:\/\/pool-house.shop\/de\/#website","url":"https:\/\/pool-house.shop\/de\/","name":"Pool-House","description":"","publisher":{"@id":"https:\/\/pool-house.shop\/de\/#organization"},"potentialAction":[{"@type":"SearchAction","target":{"@type":"EntryPoint","urlTemplate":"https:\/\/pool-house.shop\/de\/?s={search_term_string}"},"query-input":{"@type":"PropertyValueSpecification","valueRequired":true,"valueName":"search_term_string"}}],"inLanguage":"de"},{"@type":"Organization","@id":"https:\/\/pool-house.shop\/de\/#organization","name":"Pool-House","url":"https:\/\/pool-house.shop\/de\/","logo":{"@type":"ImageObject","inLanguage":"de","@id":"https:\/\/pool-house.shop\/de\/#\/schema\/logo\/image\/","url":"https:\/\/pool-house.shop\/wp-content\/uploads\/2025\/10\/logo-2-stvorec-mobil-modre.png","contentUrl":"https:\/\/pool-house.shop\/wp-content\/uploads\/2025\/10\/logo-2-stvorec-mobil-modre.png","width":273,"height":189,"caption":"Pool-House"},"image":{"@id":"https:\/\/pool-house.shop\/de\/#\/schema\/logo\/image\/"},"sameAs":["https:\/\/www.facebook.com\/termodomsk\/"]}]}},"_links":{"self":[{"href":"https:\/\/pool-house.shop\/de\/wp-json\/wp\/v2\/product\/10998","targetHints":{"allow":["GET"]}}],"collection":[{"href":"https:\/\/pool-house.shop\/de\/wp-json\/wp\/v2\/product"}],"about":[{"href":"https:\/\/pool-house.shop\/de\/wp-json\/wp\/v2\/types\/product"}],"wp:featuredmedia":[{"embeddable":true,"href":"https:\/\/pool-house.shop\/de\/wp-json\/wp\/v2\/media\/10995"}],"wp:attachment":[{"href":"https:\/\/pool-house.shop\/de\/wp-json\/wp\/v2\/media?parent=10998"}],"wp:term":[{"taxonomy":"product_brand","embeddable":true,"href":"https:\/\/pool-house.shop\/de\/wp-json\/wp\/v2\/product_brand?post=10998"},{"taxonomy":"product_cat","embeddable":true,"href":"https:\/\/pool-house.shop\/de\/wp-json\/wp\/v2\/product_cat?post=10998"},{"taxonomy":"product_tag","embeddable":true,"href":"https:\/\/pool-house.shop\/de\/wp-json\/wp\/v2\/product_tag?post=10998"}],"curies":[{"name":"wp","href":"https:\/\/api.w.org\/{rel}","templated":true}]}}