{"id":10999,"date":"2025-04-08T12:21:46","date_gmt":"2025-04-08T10:21:46","guid":{"rendered":"https:\/\/pool-house.shop\/product\/cya-test-50-tabletten-fuer-photometer\/"},"modified":"2025-04-08T12:21:46","modified_gmt":"2025-04-08T10:21:46","slug":"cya-test-50-tabletten-fuer-photometer","status":"publish","type":"product","link":"https:\/\/pool-house.shop\/de\/product\/cya-test-50-tabletten-fuer-photometer\/","title":{"rendered":"CYA-Test 50 Tabletten f\u00fcr Photometer"},"content":{"rendered":"<p>CYA-Test Tablette f\u00fcr Photometer<\/p>\n<p> Sorgen Sie f\u00fcr kristallklares Wasser in Ihrem Pool mit der deutschen Water-i.d. Technologie und den Cyanurs\u00e4ure (CYA)-Testtabletten! Dieses Set mit 50 Tabletten bietet pr\u00e4zise und einfache Tests f\u00fcr jeden, der f\u00fcr die Pflege eines Pools oder Whirlpools zust\u00e4ndig ist. Diese Tabletten sind mit den PoolLab 1.0 und 2.0 Photometern kompatibel, was stets pr\u00e4zise und zuverl\u00e4ssige Ergebnisse gew\u00e4hrleistet.<\/p>\n<p> Cyanurs\u00e4ure (CYA)<br \/>\n Cyanurs\u00e4ure hilft, den Chlorgehalt im Wasser zu stabilisieren, wodurch das Schwimmen sicherer und angenehmer wird. Ein ausreichender Cyanurs\u00e4uregehalt verhindert unn\u00f6tigen Chlorverlust. Ber\u00fccksichtigt die Wasseraufbereitung, spart Zeit und Geld und erh\u00e4lt die Wasserqualit\u00e4t.    <\/p>\n","protected":false},"excerpt":{"rendered":"<p>CYA-Test Tablette f\u00fcr Photometer<\/p>\n<p> Sorgen Sie f\u00fcr kristallklares Wasser in Ihrem Pool mit der deutschen Water-i.d. Technologie und den Cyanurs\u00e4ure (CYA)-Testtabletten! Dieses Set mit 50 Tabletten bietet pr\u00e4zise und einfache Tests f\u00fcr jeden, der f\u00fcr die Pflege eines Pools oder Whirlpools zust\u00e4ndig ist. Diese Tabletten sind mit den PoolLab 1.0 und 2.0 Photometern kompatibel, was stets pr\u00e4zise und zuverl\u00e4ssige Ergebnisse gew\u00e4hrleistet.<\/p>\n<p> Cyanurs\u00e4ure (CYA)<br \/>\n Cyanurs\u00e4ure hilft, den Chlorgehalt im Wasser zu stabilisieren, wodurch das Schwimmen sicherer und angenehmer wird. Ein ausreichender Cyanurs\u00e4uregehalt verhindert unn\u00f6tigen Chlorverlust. Ber\u00fccksichtigt die Wasseraufbereitung, spart Zeit und Geld und erh\u00e4lt die Wasserqualit\u00e4t.    <\/p>\n","protected":false},"featured_media":10992,"template":"","meta":[],"product_brand":[],"product_cat":[355,272],"product_tag":[],"class_list":{"0":"post-10999","1":"product","2":"type-product","3":"status-publish","4":"has-post-thumbnail","6":"product_cat-wartung","7":"product_cat-zubehor_wartung","8":"thunk-woo-product-list","9":"open-woo-hover-none","10":"open-single-product-tab-horizontal","11":"open-shadow-","12":"open-shadow-hover-","14":"first","15":"instock","16":"taxable","17":"shipping-taxable","18":"purchasable","19":"product-type-simple"},"yoast_head":"<!-- This site is optimized with the Yoast SEO plugin v26.9 - https:\/\/yoast.com\/product\/yoast-seo-wordpress\/ -->\n<title>CYA-Test 50 Tabletten f\u00fcr Photometer - Pool-House<\/title>\n<meta name=\"robots\" content=\"index, follow, max-snippet:-1, max-image-preview:large, max-video-preview:-1\" \/>\n<link rel=\"canonical\" href=\"https:\/\/pool-house.shop\/de\/product\/cya-test-50-tabletten-fuer-photometer\/\" \/>\n<meta property=\"og:locale\" content=\"de_DE\" \/>\n<meta property=\"og:type\" content=\"article\" \/>\n<meta property=\"og:title\" content=\"CYA-Test 50 Tabletten f\u00fcr Photometer - Pool-House\" \/>\n<meta property=\"og:description\" content=\"CYA-Test Tablette f\u00fcr Photometer  Sorgen Sie f\u00fcr kristallklares Wasser in Ihrem Pool mit der deutschen Water-i.d. Technologie und den Cyanurs\u00e4ure (CYA)-Testtabletten! Dieses Set mit 50 Tabletten bietet pr\u00e4zise und einfache Tests f\u00fcr jeden, der f\u00fcr die Pflege eines Pools oder Whirlpools zust\u00e4ndig ist. Diese Tabletten sind mit den PoolLab 1.0 und 2.0 Photometern kompatibel, was stets pr\u00e4zise und zuverl\u00e4ssige Ergebnisse gew\u00e4hrleistet.  Cyanurs\u00e4ure (CYA) Cyanurs\u00e4ure hilft, den Chlorgehalt im Wasser zu stabilisieren, wodurch das Schwimmen sicherer und angenehmer wird. Ein ausreichender Cyanurs\u00e4uregehalt verhindert unn\u00f6tigen Chlorverlust. Ber\u00fccksichtigt die Wasseraufbereitung, spart Zeit und Geld und erh\u00e4lt die Wasserqualit\u00e4t.\" \/>\n<meta property=\"og:url\" content=\"https:\/\/pool-house.shop\/de\/product\/cya-test-50-tabletten-fuer-photometer\/\" \/>\n<meta property=\"og:site_name\" content=\"Pool-House\" \/>\n<meta property=\"article:publisher\" content=\"https:\/\/www.facebook.com\/termodomsk\/\" \/>\n<meta property=\"og:image\" content=\"https:\/\/pool-house.shop\/wp-content\/uploads\/2025\/04\/147050.png\" \/>\n\t<meta property=\"og:image:width\" content=\"1600\" \/>\n\t<meta property=\"og:image:height\" content=\"1600\" \/>\n\t<meta property=\"og:image:type\" content=\"image\/png\" \/>\n<meta name=\"twitter:card\" content=\"summary_large_image\" \/>\n<meta name=\"twitter:label1\" content=\"Gesch\u00e4tzte Lesezeit\" \/>\n\t<meta name=\"twitter:data1\" content=\"1\u00a0Minute\" \/>\n<script type=\"application\/ld+json\" class=\"yoast-schema-graph\">{\"@context\":\"https:\/\/schema.org\",\"@graph\":[{\"@type\":\"WebPage\",\"@id\":\"https:\/\/pool-house.shop\/de\/product\/cya-test-50-tabletten-fuer-photometer\/\",\"url\":\"https:\/\/pool-house.shop\/de\/product\/cya-test-50-tabletten-fuer-photometer\/\",\"name\":\"CYA-Test 50 Tabletten f\u00fcr Photometer - Pool-House\",\"isPartOf\":{\"@id\":\"https:\/\/pool-house.shop\/de\/#website\"},\"primaryImageOfPage\":{\"@id\":\"https:\/\/pool-house.shop\/de\/product\/cya-test-50-tabletten-fuer-photometer\/#primaryimage\"},\"image\":{\"@id\":\"https:\/\/pool-house.shop\/de\/product\/cya-test-50-tabletten-fuer-photometer\/#primaryimage\"},\"thumbnailUrl\":\"https:\/\/pool-house.shop\/wp-content\/uploads\/2025\/04\/147050.png\",\"datePublished\":\"2025-04-08T10:21:46+00:00\",\"breadcrumb\":{\"@id\":\"https:\/\/pool-house.shop\/de\/product\/cya-test-50-tabletten-fuer-photometer\/#breadcrumb\"},\"inLanguage\":\"de\",\"potentialAction\":[{\"@type\":\"ReadAction\",\"target\":[\"https:\/\/pool-house.shop\/de\/product\/cya-test-50-tabletten-fuer-photometer\/\"]}]},{\"@type\":\"ImageObject\",\"inLanguage\":\"de\",\"@id\":\"https:\/\/pool-house.shop\/de\/product\/cya-test-50-tabletten-fuer-photometer\/#primaryimage\",\"url\":\"https:\/\/pool-house.shop\/wp-content\/uploads\/2025\/04\/147050.png\",\"contentUrl\":\"https:\/\/pool-house.shop\/wp-content\/uploads\/2025\/04\/147050.png\",\"width\":1600,\"height\":1600},{\"@type\":\"BreadcrumbList\",\"@id\":\"https:\/\/pool-house.shop\/de\/product\/cya-test-50-tabletten-fuer-photometer\/#breadcrumb\",\"itemListElement\":[{\"@type\":\"ListItem\",\"position\":1,\"name\":\"Domovsk\u00e1 str\u00e1nka\",\"item\":\"https:\/\/pool-house.shop\/de\/\"},{\"@type\":\"ListItem\",\"position\":2,\"name\":\"Shop\",\"item\":\"https:\/\/pool-house.shop\/de\/shop\/\"},{\"@type\":\"ListItem\",\"position\":3,\"name\":\"CYA-Test 50 Tabletten f\u00fcr Photometer\"}]},{\"@type\":\"WebSite\",\"@id\":\"https:\/\/pool-house.shop\/de\/#website\",\"url\":\"https:\/\/pool-house.shop\/de\/\",\"name\":\"Pool-House\",\"description\":\"\",\"publisher\":{\"@id\":\"https:\/\/pool-house.shop\/de\/#organization\"},\"potentialAction\":[{\"@type\":\"SearchAction\",\"target\":{\"@type\":\"EntryPoint\",\"urlTemplate\":\"https:\/\/pool-house.shop\/de\/?s={search_term_string}\"},\"query-input\":{\"@type\":\"PropertyValueSpecification\",\"valueRequired\":true,\"valueName\":\"search_term_string\"}}],\"inLanguage\":\"de\"},{\"@type\":\"Organization\",\"@id\":\"https:\/\/pool-house.shop\/de\/#organization\",\"name\":\"Pool-House\",\"url\":\"https:\/\/pool-house.shop\/de\/\",\"logo\":{\"@type\":\"ImageObject\",\"inLanguage\":\"de\",\"@id\":\"https:\/\/pool-house.shop\/de\/#\/schema\/logo\/image\/\",\"url\":\"https:\/\/pool-house.shop\/wp-content\/uploads\/2025\/10\/logo-2-stvorec-mobil-modre.png\",\"contentUrl\":\"https:\/\/pool-house.shop\/wp-content\/uploads\/2025\/10\/logo-2-stvorec-mobil-modre.png\",\"width\":273,\"height\":189,\"caption\":\"Pool-House\"},\"image\":{\"@id\":\"https:\/\/pool-house.shop\/de\/#\/schema\/logo\/image\/\"},\"sameAs\":[\"https:\/\/www.facebook.com\/termodomsk\/\"]}]}<\/script>\n<!-- \/ Yoast SEO plugin. -->","yoast_head_json":{"title":"CYA-Test 50 Tabletten f\u00fcr Photometer - Pool-House","robots":{"index":"index","follow":"follow","max-snippet":"max-snippet:-1","max-image-preview":"max-image-preview:large","max-video-preview":"max-video-preview:-1"},"canonical":"https:\/\/pool-house.shop\/de\/product\/cya-test-50-tabletten-fuer-photometer\/","og_locale":"de_DE","og_type":"article","og_title":"CYA-Test 50 Tabletten f\u00fcr Photometer - Pool-House","og_description":"CYA-Test Tablette f\u00fcr Photometer  Sorgen Sie f\u00fcr kristallklares Wasser in Ihrem Pool mit der deutschen Water-i.d. Technologie und den Cyanurs\u00e4ure (CYA)-Testtabletten! Dieses Set mit 50 Tabletten bietet pr\u00e4zise und einfache Tests f\u00fcr jeden, der f\u00fcr die Pflege eines Pools oder Whirlpools zust\u00e4ndig ist. Diese Tabletten sind mit den PoolLab 1.0 und 2.0 Photometern kompatibel, was stets pr\u00e4zise und zuverl\u00e4ssige Ergebnisse gew\u00e4hrleistet.  Cyanurs\u00e4ure (CYA) Cyanurs\u00e4ure hilft, den Chlorgehalt im Wasser zu stabilisieren, wodurch das Schwimmen sicherer und angenehmer wird. Ein ausreichender Cyanurs\u00e4uregehalt verhindert unn\u00f6tigen Chlorverlust. Ber\u00fccksichtigt die Wasseraufbereitung, spart Zeit und Geld und erh\u00e4lt die Wasserqualit\u00e4t.","og_url":"https:\/\/pool-house.shop\/de\/product\/cya-test-50-tabletten-fuer-photometer\/","og_site_name":"Pool-House","article_publisher":"https:\/\/www.facebook.com\/termodomsk\/","og_image":[{"width":1600,"height":1600,"url":"https:\/\/pool-house.shop\/wp-content\/uploads\/2025\/04\/147050.png","type":"image\/png"}],"twitter_card":"summary_large_image","twitter_misc":{"Gesch\u00e4tzte Lesezeit":"1\u00a0Minute"},"schema":{"@context":"https:\/\/schema.org","@graph":[{"@type":"WebPage","@id":"https:\/\/pool-house.shop\/de\/product\/cya-test-50-tabletten-fuer-photometer\/","url":"https:\/\/pool-house.shop\/de\/product\/cya-test-50-tabletten-fuer-photometer\/","name":"CYA-Test 50 Tabletten f\u00fcr Photometer - Pool-House","isPartOf":{"@id":"https:\/\/pool-house.shop\/de\/#website"},"primaryImageOfPage":{"@id":"https:\/\/pool-house.shop\/de\/product\/cya-test-50-tabletten-fuer-photometer\/#primaryimage"},"image":{"@id":"https:\/\/pool-house.shop\/de\/product\/cya-test-50-tabletten-fuer-photometer\/#primaryimage"},"thumbnailUrl":"https:\/\/pool-house.shop\/wp-content\/uploads\/2025\/04\/147050.png","datePublished":"2025-04-08T10:21:46+00:00","breadcrumb":{"@id":"https:\/\/pool-house.shop\/de\/product\/cya-test-50-tabletten-fuer-photometer\/#breadcrumb"},"inLanguage":"de","potentialAction":[{"@type":"ReadAction","target":["https:\/\/pool-house.shop\/de\/product\/cya-test-50-tabletten-fuer-photometer\/"]}]},{"@type":"ImageObject","inLanguage":"de","@id":"https:\/\/pool-house.shop\/de\/product\/cya-test-50-tabletten-fuer-photometer\/#primaryimage","url":"https:\/\/pool-house.shop\/wp-content\/uploads\/2025\/04\/147050.png","contentUrl":"https:\/\/pool-house.shop\/wp-content\/uploads\/2025\/04\/147050.png","width":1600,"height":1600},{"@type":"BreadcrumbList","@id":"https:\/\/pool-house.shop\/de\/product\/cya-test-50-tabletten-fuer-photometer\/#breadcrumb","itemListElement":[{"@type":"ListItem","position":1,"name":"Domovsk\u00e1 str\u00e1nka","item":"https:\/\/pool-house.shop\/de\/"},{"@type":"ListItem","position":2,"name":"Shop","item":"https:\/\/pool-house.shop\/de\/shop\/"},{"@type":"ListItem","position":3,"name":"CYA-Test 50 Tabletten f\u00fcr Photometer"}]},{"@type":"WebSite","@id":"https:\/\/pool-house.shop\/de\/#website","url":"https:\/\/pool-house.shop\/de\/","name":"Pool-House","description":"","publisher":{"@id":"https:\/\/pool-house.shop\/de\/#organization"},"potentialAction":[{"@type":"SearchAction","target":{"@type":"EntryPoint","urlTemplate":"https:\/\/pool-house.shop\/de\/?s={search_term_string}"},"query-input":{"@type":"PropertyValueSpecification","valueRequired":true,"valueName":"search_term_string"}}],"inLanguage":"de"},{"@type":"Organization","@id":"https:\/\/pool-house.shop\/de\/#organization","name":"Pool-House","url":"https:\/\/pool-house.shop\/de\/","logo":{"@type":"ImageObject","inLanguage":"de","@id":"https:\/\/pool-house.shop\/de\/#\/schema\/logo\/image\/","url":"https:\/\/pool-house.shop\/wp-content\/uploads\/2025\/10\/logo-2-stvorec-mobil-modre.png","contentUrl":"https:\/\/pool-house.shop\/wp-content\/uploads\/2025\/10\/logo-2-stvorec-mobil-modre.png","width":273,"height":189,"caption":"Pool-House"},"image":{"@id":"https:\/\/pool-house.shop\/de\/#\/schema\/logo\/image\/"},"sameAs":["https:\/\/www.facebook.com\/termodomsk\/"]}]}},"_links":{"self":[{"href":"https:\/\/pool-house.shop\/de\/wp-json\/wp\/v2\/product\/10999","targetHints":{"allow":["GET"]}}],"collection":[{"href":"https:\/\/pool-house.shop\/de\/wp-json\/wp\/v2\/product"}],"about":[{"href":"https:\/\/pool-house.shop\/de\/wp-json\/wp\/v2\/types\/product"}],"wp:featuredmedia":[{"embeddable":true,"href":"https:\/\/pool-house.shop\/de\/wp-json\/wp\/v2\/media\/10992"}],"wp:attachment":[{"href":"https:\/\/pool-house.shop\/de\/wp-json\/wp\/v2\/media?parent=10999"}],"wp:term":[{"taxonomy":"product_brand","embeddable":true,"href":"https:\/\/pool-house.shop\/de\/wp-json\/wp\/v2\/product_brand?post=10999"},{"taxonomy":"product_cat","embeddable":true,"href":"https:\/\/pool-house.shop\/de\/wp-json\/wp\/v2\/product_cat?post=10999"},{"taxonomy":"product_tag","embeddable":true,"href":"https:\/\/pool-house.shop\/de\/wp-json\/wp\/v2\/product_tag?post=10999"}],"curies":[{"name":"wp","href":"https:\/\/api.w.org\/{rel}","templated":true}]}}