{"id":11005,"date":"2025-04-08T12:21:34","date_gmt":"2025-04-08T10:21:34","guid":{"rendered":"https:\/\/pool-house.shop\/product\/gesamthaerte-fuer-photometer-20-10ml\/"},"modified":"2025-04-08T12:21:34","modified_gmt":"2025-04-08T10:21:34","slug":"gesamthaerte-fuer-photometer-20-10ml","status":"publish","type":"product","link":"https:\/\/pool-house.shop\/de\/product\/gesamthaerte-fuer-photometer-20-10ml\/","title":{"rendered":"Gesamth\u00e4rte f\u00fcr Photometer 20\/10ml"},"content":{"rendered":"<p>Gesamth\u00e4rte f\u00fcr Photometer 20\/10ml<\/p>\n<p> Testfl\u00fcssigkeit zur Kontrolle der Gesamth\u00e4rte. Die Gesamth\u00e4rte des Wassers h\u00e4ngt von der Menge an gel\u00f6stem Kalzium und Magnesium im Wasser ab. Die H\u00e4rte wird durch Verbindungen von Kalzium, Magnesium und vielen anderen Metallen verursacht.<br \/>\n Allgemeine Richtlinien zur Klassifizierung von Wasser nach H\u00e4rtegrad sind wie folgt:<br \/>\n &#8211; 0 &#8211; 60 mg\/l (Milligramm\/Liter): weiches Wasser<br \/>\n &#8211; 61 &#8211; 120 mg\/l: mittelhart<br \/>\n &#8211; 121 &#8211; 180 mg\/l: hart<br \/>\n &#8211; \u00fcber 180 mg\/l: sehr hart<\/p>\n<p> Einige Parameter k\u00f6nnen oder sollten mit fl\u00fcssigen Reagenzien gemessen werden. Bei fl\u00fcssigen Reagenzien ist es nicht notwendig, die Tablette zu zerdr\u00fccken.<br \/>\n Messbereich: 0 \u2013 500 mg\/l<\/p>\n","protected":false},"excerpt":{"rendered":"<p>Gesamth\u00e4rte f\u00fcr Photometer 20\/10ml<\/p>\n<p> Testfl\u00fcssigkeit zur Kontrolle der Gesamth\u00e4rte. Die Gesamth\u00e4rte des Wassers h\u00e4ngt von der Menge an gel\u00f6stem Kalzium und Magnesium im Wasser ab. Die H\u00e4rte wird durch Verbindungen von Kalzium, Magnesium und vielen anderen Metallen verursacht.<br \/>\n Allgemeine Richtlinien zur Klassifizierung von Wasser nach H\u00e4rtegrad sind wie folgt:<br \/>\n &#8211; 0 &#8211; 60 mg\/l (Milligramm\/Liter): weiches Wasser<br \/>\n &#8211; 61 &#8211; 120 mg\/l: mittelhart<br \/>\n &#8211; 121 &#8211; 180 mg\/l: hart<br \/>\n &#8211; \u00fcber 180 mg\/l: sehr hart<\/p>\n<p> Einige Parameter k\u00f6nnen oder sollten mit fl\u00fcssigen Reagenzien gemessen werden. Bei fl\u00fcssigen Reagenzien ist es nicht notwendig, die Tablette zu zerdr\u00fccken.<br \/>\n Messbereich: 0 \u2013 500 mg\/l<\/p>\n","protected":false},"featured_media":11004,"template":"","meta":[],"product_brand":[],"product_cat":[355,272],"product_tag":[],"class_list":{"0":"post-11005","1":"product","2":"type-product","3":"status-publish","4":"has-post-thumbnail","6":"product_cat-wartung","7":"product_cat-zubehor_wartung","8":"thunk-woo-product-list","9":"open-woo-hover-none","10":"open-single-product-tab-horizontal","11":"open-shadow-","12":"open-shadow-hover-","14":"first","15":"instock","16":"taxable","17":"shipping-taxable","18":"purchasable","19":"product-type-simple"},"yoast_head":"<!-- This site is optimized with the Yoast SEO plugin v26.9 - https:\/\/yoast.com\/product\/yoast-seo-wordpress\/ -->\n<title>Gesamth\u00e4rte f\u00fcr Photometer 20\/10ml - Pool-House<\/title>\n<meta name=\"robots\" content=\"index, follow, max-snippet:-1, max-image-preview:large, max-video-preview:-1\" \/>\n<link rel=\"canonical\" href=\"https:\/\/pool-house.shop\/de\/product\/gesamthaerte-fuer-photometer-20-10ml\/\" \/>\n<meta property=\"og:locale\" content=\"de_DE\" \/>\n<meta property=\"og:type\" content=\"article\" \/>\n<meta property=\"og:title\" content=\"Gesamth\u00e4rte f\u00fcr Photometer 20\/10ml - Pool-House\" \/>\n<meta property=\"og:description\" content=\"Gesamth\u00e4rte f\u00fcr Photometer 20\/10ml  Testfl\u00fcssigkeit zur Kontrolle der Gesamth\u00e4rte. Die Gesamth\u00e4rte des Wassers h\u00e4ngt von der Menge an gel\u00f6stem Kalzium und Magnesium im Wasser ab. Die H\u00e4rte wird durch Verbindungen von Kalzium, Magnesium und vielen anderen Metallen verursacht.  Allgemeine Richtlinien zur Klassifizierung von Wasser nach H\u00e4rtegrad sind wie folgt: - 0 - 60 mg\/l (Milligramm\/Liter): weiches Wasser - 61 - 120 mg\/l: mittelhart - 121 - 180 mg\/l: hart - \u00fcber 180 mg\/l: sehr hart  Einige Parameter k\u00f6nnen oder sollten mit fl\u00fcssigen Reagenzien gemessen werden. Bei fl\u00fcssigen Reagenzien ist es nicht notwendig, die Tablette zu zerdr\u00fccken.   Messbereich: 0 \u2013 500 mg\/l\" \/>\n<meta property=\"og:url\" content=\"https:\/\/pool-house.shop\/de\/product\/gesamthaerte-fuer-photometer-20-10ml\/\" \/>\n<meta property=\"og:site_name\" content=\"Pool-House\" \/>\n<meta property=\"article:publisher\" content=\"https:\/\/www.facebook.com\/termodomsk\/\" \/>\n<meta property=\"og:image\" content=\"https:\/\/pool-house.shop\/wp-content\/uploads\/2025\/04\/147026.png\" \/>\n\t<meta property=\"og:image:width\" content=\"520\" \/>\n\t<meta property=\"og:image:height\" content=\"834\" \/>\n\t<meta property=\"og:image:type\" content=\"image\/png\" \/>\n<meta name=\"twitter:card\" content=\"summary_large_image\" \/>\n<meta name=\"twitter:label1\" content=\"Gesch\u00e4tzte Lesezeit\" \/>\n\t<meta name=\"twitter:data1\" content=\"1\u00a0Minute\" \/>\n<script type=\"application\/ld+json\" class=\"yoast-schema-graph\">{\"@context\":\"https:\/\/schema.org\",\"@graph\":[{\"@type\":\"WebPage\",\"@id\":\"https:\/\/pool-house.shop\/de\/product\/gesamthaerte-fuer-photometer-20-10ml\/\",\"url\":\"https:\/\/pool-house.shop\/de\/product\/gesamthaerte-fuer-photometer-20-10ml\/\",\"name\":\"Gesamth\u00e4rte f\u00fcr Photometer 20\/10ml - Pool-House\",\"isPartOf\":{\"@id\":\"https:\/\/pool-house.shop\/de\/#website\"},\"primaryImageOfPage\":{\"@id\":\"https:\/\/pool-house.shop\/de\/product\/gesamthaerte-fuer-photometer-20-10ml\/#primaryimage\"},\"image\":{\"@id\":\"https:\/\/pool-house.shop\/de\/product\/gesamthaerte-fuer-photometer-20-10ml\/#primaryimage\"},\"thumbnailUrl\":\"https:\/\/pool-house.shop\/wp-content\/uploads\/2025\/04\/147026.png\",\"datePublished\":\"2025-04-08T10:21:34+00:00\",\"breadcrumb\":{\"@id\":\"https:\/\/pool-house.shop\/de\/product\/gesamthaerte-fuer-photometer-20-10ml\/#breadcrumb\"},\"inLanguage\":\"de\",\"potentialAction\":[{\"@type\":\"ReadAction\",\"target\":[\"https:\/\/pool-house.shop\/de\/product\/gesamthaerte-fuer-photometer-20-10ml\/\"]}]},{\"@type\":\"ImageObject\",\"inLanguage\":\"de\",\"@id\":\"https:\/\/pool-house.shop\/de\/product\/gesamthaerte-fuer-photometer-20-10ml\/#primaryimage\",\"url\":\"https:\/\/pool-house.shop\/wp-content\/uploads\/2025\/04\/147026.png\",\"contentUrl\":\"https:\/\/pool-house.shop\/wp-content\/uploads\/2025\/04\/147026.png\",\"width\":520,\"height\":834},{\"@type\":\"BreadcrumbList\",\"@id\":\"https:\/\/pool-house.shop\/de\/product\/gesamthaerte-fuer-photometer-20-10ml\/#breadcrumb\",\"itemListElement\":[{\"@type\":\"ListItem\",\"position\":1,\"name\":\"Domovsk\u00e1 str\u00e1nka\",\"item\":\"https:\/\/pool-house.shop\/de\/\"},{\"@type\":\"ListItem\",\"position\":2,\"name\":\"Shop\",\"item\":\"https:\/\/pool-house.shop\/de\/shop\/\"},{\"@type\":\"ListItem\",\"position\":3,\"name\":\"Gesamth\u00e4rte f\u00fcr Photometer 20\/10ml\"}]},{\"@type\":\"WebSite\",\"@id\":\"https:\/\/pool-house.shop\/de\/#website\",\"url\":\"https:\/\/pool-house.shop\/de\/\",\"name\":\"Pool-House\",\"description\":\"\",\"publisher\":{\"@id\":\"https:\/\/pool-house.shop\/de\/#organization\"},\"potentialAction\":[{\"@type\":\"SearchAction\",\"target\":{\"@type\":\"EntryPoint\",\"urlTemplate\":\"https:\/\/pool-house.shop\/de\/?s={search_term_string}\"},\"query-input\":{\"@type\":\"PropertyValueSpecification\",\"valueRequired\":true,\"valueName\":\"search_term_string\"}}],\"inLanguage\":\"de\"},{\"@type\":\"Organization\",\"@id\":\"https:\/\/pool-house.shop\/de\/#organization\",\"name\":\"Pool-House\",\"url\":\"https:\/\/pool-house.shop\/de\/\",\"logo\":{\"@type\":\"ImageObject\",\"inLanguage\":\"de\",\"@id\":\"https:\/\/pool-house.shop\/de\/#\/schema\/logo\/image\/\",\"url\":\"https:\/\/pool-house.shop\/wp-content\/uploads\/2025\/10\/logo-2-stvorec-mobil-modre.png\",\"contentUrl\":\"https:\/\/pool-house.shop\/wp-content\/uploads\/2025\/10\/logo-2-stvorec-mobil-modre.png\",\"width\":273,\"height\":189,\"caption\":\"Pool-House\"},\"image\":{\"@id\":\"https:\/\/pool-house.shop\/de\/#\/schema\/logo\/image\/\"},\"sameAs\":[\"https:\/\/www.facebook.com\/termodomsk\/\"]}]}<\/script>\n<!-- \/ Yoast SEO plugin. -->","yoast_head_json":{"title":"Gesamth\u00e4rte f\u00fcr Photometer 20\/10ml - Pool-House","robots":{"index":"index","follow":"follow","max-snippet":"max-snippet:-1","max-image-preview":"max-image-preview:large","max-video-preview":"max-video-preview:-1"},"canonical":"https:\/\/pool-house.shop\/de\/product\/gesamthaerte-fuer-photometer-20-10ml\/","og_locale":"de_DE","og_type":"article","og_title":"Gesamth\u00e4rte f\u00fcr Photometer 20\/10ml - Pool-House","og_description":"Gesamth\u00e4rte f\u00fcr Photometer 20\/10ml  Testfl\u00fcssigkeit zur Kontrolle der Gesamth\u00e4rte. Die Gesamth\u00e4rte des Wassers h\u00e4ngt von der Menge an gel\u00f6stem Kalzium und Magnesium im Wasser ab. Die H\u00e4rte wird durch Verbindungen von Kalzium, Magnesium und vielen anderen Metallen verursacht.  Allgemeine Richtlinien zur Klassifizierung von Wasser nach H\u00e4rtegrad sind wie folgt: - 0 - 60 mg\/l (Milligramm\/Liter): weiches Wasser - 61 - 120 mg\/l: mittelhart - 121 - 180 mg\/l: hart - \u00fcber 180 mg\/l: sehr hart  Einige Parameter k\u00f6nnen oder sollten mit fl\u00fcssigen Reagenzien gemessen werden. Bei fl\u00fcssigen Reagenzien ist es nicht notwendig, die Tablette zu zerdr\u00fccken.   Messbereich: 0 \u2013 500 mg\/l","og_url":"https:\/\/pool-house.shop\/de\/product\/gesamthaerte-fuer-photometer-20-10ml\/","og_site_name":"Pool-House","article_publisher":"https:\/\/www.facebook.com\/termodomsk\/","og_image":[{"width":520,"height":834,"url":"https:\/\/pool-house.shop\/wp-content\/uploads\/2025\/04\/147026.png","type":"image\/png"}],"twitter_card":"summary_large_image","twitter_misc":{"Gesch\u00e4tzte Lesezeit":"1\u00a0Minute"},"schema":{"@context":"https:\/\/schema.org","@graph":[{"@type":"WebPage","@id":"https:\/\/pool-house.shop\/de\/product\/gesamthaerte-fuer-photometer-20-10ml\/","url":"https:\/\/pool-house.shop\/de\/product\/gesamthaerte-fuer-photometer-20-10ml\/","name":"Gesamth\u00e4rte f\u00fcr Photometer 20\/10ml - Pool-House","isPartOf":{"@id":"https:\/\/pool-house.shop\/de\/#website"},"primaryImageOfPage":{"@id":"https:\/\/pool-house.shop\/de\/product\/gesamthaerte-fuer-photometer-20-10ml\/#primaryimage"},"image":{"@id":"https:\/\/pool-house.shop\/de\/product\/gesamthaerte-fuer-photometer-20-10ml\/#primaryimage"},"thumbnailUrl":"https:\/\/pool-house.shop\/wp-content\/uploads\/2025\/04\/147026.png","datePublished":"2025-04-08T10:21:34+00:00","breadcrumb":{"@id":"https:\/\/pool-house.shop\/de\/product\/gesamthaerte-fuer-photometer-20-10ml\/#breadcrumb"},"inLanguage":"de","potentialAction":[{"@type":"ReadAction","target":["https:\/\/pool-house.shop\/de\/product\/gesamthaerte-fuer-photometer-20-10ml\/"]}]},{"@type":"ImageObject","inLanguage":"de","@id":"https:\/\/pool-house.shop\/de\/product\/gesamthaerte-fuer-photometer-20-10ml\/#primaryimage","url":"https:\/\/pool-house.shop\/wp-content\/uploads\/2025\/04\/147026.png","contentUrl":"https:\/\/pool-house.shop\/wp-content\/uploads\/2025\/04\/147026.png","width":520,"height":834},{"@type":"BreadcrumbList","@id":"https:\/\/pool-house.shop\/de\/product\/gesamthaerte-fuer-photometer-20-10ml\/#breadcrumb","itemListElement":[{"@type":"ListItem","position":1,"name":"Domovsk\u00e1 str\u00e1nka","item":"https:\/\/pool-house.shop\/de\/"},{"@type":"ListItem","position":2,"name":"Shop","item":"https:\/\/pool-house.shop\/de\/shop\/"},{"@type":"ListItem","position":3,"name":"Gesamth\u00e4rte f\u00fcr Photometer 20\/10ml"}]},{"@type":"WebSite","@id":"https:\/\/pool-house.shop\/de\/#website","url":"https:\/\/pool-house.shop\/de\/","name":"Pool-House","description":"","publisher":{"@id":"https:\/\/pool-house.shop\/de\/#organization"},"potentialAction":[{"@type":"SearchAction","target":{"@type":"EntryPoint","urlTemplate":"https:\/\/pool-house.shop\/de\/?s={search_term_string}"},"query-input":{"@type":"PropertyValueSpecification","valueRequired":true,"valueName":"search_term_string"}}],"inLanguage":"de"},{"@type":"Organization","@id":"https:\/\/pool-house.shop\/de\/#organization","name":"Pool-House","url":"https:\/\/pool-house.shop\/de\/","logo":{"@type":"ImageObject","inLanguage":"de","@id":"https:\/\/pool-house.shop\/de\/#\/schema\/logo\/image\/","url":"https:\/\/pool-house.shop\/wp-content\/uploads\/2025\/10\/logo-2-stvorec-mobil-modre.png","contentUrl":"https:\/\/pool-house.shop\/wp-content\/uploads\/2025\/10\/logo-2-stvorec-mobil-modre.png","width":273,"height":189,"caption":"Pool-House"},"image":{"@id":"https:\/\/pool-house.shop\/de\/#\/schema\/logo\/image\/"},"sameAs":["https:\/\/www.facebook.com\/termodomsk\/"]}]}},"_links":{"self":[{"href":"https:\/\/pool-house.shop\/de\/wp-json\/wp\/v2\/product\/11005","targetHints":{"allow":["GET"]}}],"collection":[{"href":"https:\/\/pool-house.shop\/de\/wp-json\/wp\/v2\/product"}],"about":[{"href":"https:\/\/pool-house.shop\/de\/wp-json\/wp\/v2\/types\/product"}],"wp:featuredmedia":[{"embeddable":true,"href":"https:\/\/pool-house.shop\/de\/wp-json\/wp\/v2\/media\/11004"}],"wp:attachment":[{"href":"https:\/\/pool-house.shop\/de\/wp-json\/wp\/v2\/media?parent=11005"}],"wp:term":[{"taxonomy":"product_brand","embeddable":true,"href":"https:\/\/pool-house.shop\/de\/wp-json\/wp\/v2\/product_brand?post=11005"},{"taxonomy":"product_cat","embeddable":true,"href":"https:\/\/pool-house.shop\/de\/wp-json\/wp\/v2\/product_cat?post=11005"},{"taxonomy":"product_tag","embeddable":true,"href":"https:\/\/pool-house.shop\/de\/wp-json\/wp\/v2\/product_tag?post=11005"}],"curies":[{"name":"wp","href":"https:\/\/api.w.org\/{rel}","templated":true}]}}