{"id":11008,"date":"2025-04-08T12:21:33","date_gmt":"2025-04-08T10:21:33","guid":{"rendered":"https:\/\/pool-house.shop\/product\/kalziumhaerte-20-20ml-12-photometer\/"},"modified":"2025-04-08T12:21:33","modified_gmt":"2025-04-08T10:21:33","slug":"kalziumhaerte-20-20ml-12-photometer","status":"publish","type":"product","link":"https:\/\/pool-house.shop\/de\/product\/kalziumhaerte-20-20ml-12-photometer\/","title":{"rendered":"Kalziumh\u00e4rte 20\/20ml 1+2 Photometer"},"content":{"rendered":"<p>Kalziumh\u00e4rte 20\/20ml 1+2 Photometer<\/p>\n<p> Testfl\u00fcssigkeit zur Kontrolle der Kalziumh\u00e4rte. Einige Parameter k\u00f6nnen oder sollten mit fl\u00fcssigen Reagenzien gemessen werden. Bei fl\u00fcssigen Reagenzien ist es nicht notwendig, eine Tablette zu zerdr\u00fccken. Es ist in verschiedenen Packungen erh\u00e4ltlich.   <\/p>\n","protected":false},"excerpt":{"rendered":"<p>Kalziumh\u00e4rte 20\/20ml 1+2 Photometer<\/p>\n<p> Testfl\u00fcssigkeit zur Kontrolle der Kalziumh\u00e4rte. Einige Parameter k\u00f6nnen oder sollten mit fl\u00fcssigen Reagenzien gemessen werden. Bei fl\u00fcssigen Reagenzien ist es nicht notwendig, eine Tablette zu zerdr\u00fccken. Es ist in verschiedenen Packungen erh\u00e4ltlich.   <\/p>\n","protected":false},"featured_media":11006,"template":"","meta":[],"product_brand":[],"product_cat":[355,272],"product_tag":[],"class_list":{"0":"post-11008","1":"product","2":"type-product","3":"status-publish","4":"has-post-thumbnail","6":"product_cat-wartung","7":"product_cat-zubehor_wartung","8":"thunk-woo-product-list","9":"open-woo-hover-none","10":"open-single-product-tab-horizontal","11":"open-shadow-","12":"open-shadow-hover-","14":"first","15":"instock","16":"taxable","17":"shipping-taxable","18":"purchasable","19":"product-type-simple"},"yoast_head":"<!-- This site is optimized with the Yoast SEO plugin v26.9 - https:\/\/yoast.com\/product\/yoast-seo-wordpress\/ -->\n<title>Kalziumh\u00e4rte 20\/20ml 1+2 Photometer - Pool-House<\/title>\n<meta name=\"robots\" content=\"index, follow, max-snippet:-1, max-image-preview:large, max-video-preview:-1\" \/>\n<link rel=\"canonical\" href=\"https:\/\/pool-house.shop\/de\/product\/kalziumhaerte-20-20ml-12-photometer\/\" \/>\n<meta property=\"og:locale\" content=\"de_DE\" \/>\n<meta property=\"og:type\" content=\"article\" \/>\n<meta property=\"og:title\" content=\"Kalziumh\u00e4rte 20\/20ml 1+2 Photometer - Pool-House\" \/>\n<meta property=\"og:description\" content=\"Kalziumh\u00e4rte 20\/20ml 1+2 Photometer  Testfl\u00fcssigkeit zur Kontrolle der Kalziumh\u00e4rte. Einige Parameter k\u00f6nnen oder sollten mit fl\u00fcssigen Reagenzien gemessen werden. Bei fl\u00fcssigen Reagenzien ist es nicht notwendig, eine Tablette zu zerdr\u00fccken. Es ist in verschiedenen Packungen erh\u00e4ltlich.\" \/>\n<meta property=\"og:url\" content=\"https:\/\/pool-house.shop\/de\/product\/kalziumhaerte-20-20ml-12-photometer\/\" \/>\n<meta property=\"og:site_name\" content=\"Pool-House\" \/>\n<meta property=\"article:publisher\" content=\"https:\/\/www.facebook.com\/termodomsk\/\" \/>\n<meta property=\"og:image\" content=\"https:\/\/pool-house.shop\/wp-content\/uploads\/2025\/04\/147025.png\" \/>\n\t<meta property=\"og:image:width\" content=\"1600\" \/>\n\t<meta property=\"og:image:height\" content=\"1600\" \/>\n\t<meta property=\"og:image:type\" content=\"image\/png\" \/>\n<meta name=\"twitter:card\" content=\"summary_large_image\" \/>\n<script type=\"application\/ld+json\" class=\"yoast-schema-graph\">{\"@context\":\"https:\/\/schema.org\",\"@graph\":[{\"@type\":\"WebPage\",\"@id\":\"https:\/\/pool-house.shop\/de\/product\/kalziumhaerte-20-20ml-12-photometer\/\",\"url\":\"https:\/\/pool-house.shop\/de\/product\/kalziumhaerte-20-20ml-12-photometer\/\",\"name\":\"Kalziumh\u00e4rte 20\/20ml 1+2 Photometer - Pool-House\",\"isPartOf\":{\"@id\":\"https:\/\/pool-house.shop\/de\/#website\"},\"primaryImageOfPage\":{\"@id\":\"https:\/\/pool-house.shop\/de\/product\/kalziumhaerte-20-20ml-12-photometer\/#primaryimage\"},\"image\":{\"@id\":\"https:\/\/pool-house.shop\/de\/product\/kalziumhaerte-20-20ml-12-photometer\/#primaryimage\"},\"thumbnailUrl\":\"https:\/\/pool-house.shop\/wp-content\/uploads\/2025\/04\/147025.png\",\"datePublished\":\"2025-04-08T10:21:33+00:00\",\"breadcrumb\":{\"@id\":\"https:\/\/pool-house.shop\/de\/product\/kalziumhaerte-20-20ml-12-photometer\/#breadcrumb\"},\"inLanguage\":\"de\",\"potentialAction\":[{\"@type\":\"ReadAction\",\"target\":[\"https:\/\/pool-house.shop\/de\/product\/kalziumhaerte-20-20ml-12-photometer\/\"]}]},{\"@type\":\"ImageObject\",\"inLanguage\":\"de\",\"@id\":\"https:\/\/pool-house.shop\/de\/product\/kalziumhaerte-20-20ml-12-photometer\/#primaryimage\",\"url\":\"https:\/\/pool-house.shop\/wp-content\/uploads\/2025\/04\/147025.png\",\"contentUrl\":\"https:\/\/pool-house.shop\/wp-content\/uploads\/2025\/04\/147025.png\",\"width\":1600,\"height\":1600},{\"@type\":\"BreadcrumbList\",\"@id\":\"https:\/\/pool-house.shop\/de\/product\/kalziumhaerte-20-20ml-12-photometer\/#breadcrumb\",\"itemListElement\":[{\"@type\":\"ListItem\",\"position\":1,\"name\":\"Domovsk\u00e1 str\u00e1nka\",\"item\":\"https:\/\/pool-house.shop\/de\/\"},{\"@type\":\"ListItem\",\"position\":2,\"name\":\"Shop\",\"item\":\"https:\/\/pool-house.shop\/de\/shop\/\"},{\"@type\":\"ListItem\",\"position\":3,\"name\":\"Kalziumh\u00e4rte 20\/20ml 1+2 Photometer\"}]},{\"@type\":\"WebSite\",\"@id\":\"https:\/\/pool-house.shop\/de\/#website\",\"url\":\"https:\/\/pool-house.shop\/de\/\",\"name\":\"Pool-House\",\"description\":\"\",\"publisher\":{\"@id\":\"https:\/\/pool-house.shop\/de\/#organization\"},\"potentialAction\":[{\"@type\":\"SearchAction\",\"target\":{\"@type\":\"EntryPoint\",\"urlTemplate\":\"https:\/\/pool-house.shop\/de\/?s={search_term_string}\"},\"query-input\":{\"@type\":\"PropertyValueSpecification\",\"valueRequired\":true,\"valueName\":\"search_term_string\"}}],\"inLanguage\":\"de\"},{\"@type\":\"Organization\",\"@id\":\"https:\/\/pool-house.shop\/de\/#organization\",\"name\":\"Pool-House\",\"url\":\"https:\/\/pool-house.shop\/de\/\",\"logo\":{\"@type\":\"ImageObject\",\"inLanguage\":\"de\",\"@id\":\"https:\/\/pool-house.shop\/de\/#\/schema\/logo\/image\/\",\"url\":\"https:\/\/pool-house.shop\/wp-content\/uploads\/2025\/10\/logo-2-stvorec-mobil-modre.png\",\"contentUrl\":\"https:\/\/pool-house.shop\/wp-content\/uploads\/2025\/10\/logo-2-stvorec-mobil-modre.png\",\"width\":273,\"height\":189,\"caption\":\"Pool-House\"},\"image\":{\"@id\":\"https:\/\/pool-house.shop\/de\/#\/schema\/logo\/image\/\"},\"sameAs\":[\"https:\/\/www.facebook.com\/termodomsk\/\"]}]}<\/script>\n<!-- \/ Yoast SEO plugin. -->","yoast_head_json":{"title":"Kalziumh\u00e4rte 20\/20ml 1+2 Photometer - Pool-House","robots":{"index":"index","follow":"follow","max-snippet":"max-snippet:-1","max-image-preview":"max-image-preview:large","max-video-preview":"max-video-preview:-1"},"canonical":"https:\/\/pool-house.shop\/de\/product\/kalziumhaerte-20-20ml-12-photometer\/","og_locale":"de_DE","og_type":"article","og_title":"Kalziumh\u00e4rte 20\/20ml 1+2 Photometer - Pool-House","og_description":"Kalziumh\u00e4rte 20\/20ml 1+2 Photometer  Testfl\u00fcssigkeit zur Kontrolle der Kalziumh\u00e4rte. Einige Parameter k\u00f6nnen oder sollten mit fl\u00fcssigen Reagenzien gemessen werden. Bei fl\u00fcssigen Reagenzien ist es nicht notwendig, eine Tablette zu zerdr\u00fccken. Es ist in verschiedenen Packungen erh\u00e4ltlich.","og_url":"https:\/\/pool-house.shop\/de\/product\/kalziumhaerte-20-20ml-12-photometer\/","og_site_name":"Pool-House","article_publisher":"https:\/\/www.facebook.com\/termodomsk\/","og_image":[{"width":1600,"height":1600,"url":"https:\/\/pool-house.shop\/wp-content\/uploads\/2025\/04\/147025.png","type":"image\/png"}],"twitter_card":"summary_large_image","schema":{"@context":"https:\/\/schema.org","@graph":[{"@type":"WebPage","@id":"https:\/\/pool-house.shop\/de\/product\/kalziumhaerte-20-20ml-12-photometer\/","url":"https:\/\/pool-house.shop\/de\/product\/kalziumhaerte-20-20ml-12-photometer\/","name":"Kalziumh\u00e4rte 20\/20ml 1+2 Photometer - Pool-House","isPartOf":{"@id":"https:\/\/pool-house.shop\/de\/#website"},"primaryImageOfPage":{"@id":"https:\/\/pool-house.shop\/de\/product\/kalziumhaerte-20-20ml-12-photometer\/#primaryimage"},"image":{"@id":"https:\/\/pool-house.shop\/de\/product\/kalziumhaerte-20-20ml-12-photometer\/#primaryimage"},"thumbnailUrl":"https:\/\/pool-house.shop\/wp-content\/uploads\/2025\/04\/147025.png","datePublished":"2025-04-08T10:21:33+00:00","breadcrumb":{"@id":"https:\/\/pool-house.shop\/de\/product\/kalziumhaerte-20-20ml-12-photometer\/#breadcrumb"},"inLanguage":"de","potentialAction":[{"@type":"ReadAction","target":["https:\/\/pool-house.shop\/de\/product\/kalziumhaerte-20-20ml-12-photometer\/"]}]},{"@type":"ImageObject","inLanguage":"de","@id":"https:\/\/pool-house.shop\/de\/product\/kalziumhaerte-20-20ml-12-photometer\/#primaryimage","url":"https:\/\/pool-house.shop\/wp-content\/uploads\/2025\/04\/147025.png","contentUrl":"https:\/\/pool-house.shop\/wp-content\/uploads\/2025\/04\/147025.png","width":1600,"height":1600},{"@type":"BreadcrumbList","@id":"https:\/\/pool-house.shop\/de\/product\/kalziumhaerte-20-20ml-12-photometer\/#breadcrumb","itemListElement":[{"@type":"ListItem","position":1,"name":"Domovsk\u00e1 str\u00e1nka","item":"https:\/\/pool-house.shop\/de\/"},{"@type":"ListItem","position":2,"name":"Shop","item":"https:\/\/pool-house.shop\/de\/shop\/"},{"@type":"ListItem","position":3,"name":"Kalziumh\u00e4rte 20\/20ml 1+2 Photometer"}]},{"@type":"WebSite","@id":"https:\/\/pool-house.shop\/de\/#website","url":"https:\/\/pool-house.shop\/de\/","name":"Pool-House","description":"","publisher":{"@id":"https:\/\/pool-house.shop\/de\/#organization"},"potentialAction":[{"@type":"SearchAction","target":{"@type":"EntryPoint","urlTemplate":"https:\/\/pool-house.shop\/de\/?s={search_term_string}"},"query-input":{"@type":"PropertyValueSpecification","valueRequired":true,"valueName":"search_term_string"}}],"inLanguage":"de"},{"@type":"Organization","@id":"https:\/\/pool-house.shop\/de\/#organization","name":"Pool-House","url":"https:\/\/pool-house.shop\/de\/","logo":{"@type":"ImageObject","inLanguage":"de","@id":"https:\/\/pool-house.shop\/de\/#\/schema\/logo\/image\/","url":"https:\/\/pool-house.shop\/wp-content\/uploads\/2025\/10\/logo-2-stvorec-mobil-modre.png","contentUrl":"https:\/\/pool-house.shop\/wp-content\/uploads\/2025\/10\/logo-2-stvorec-mobil-modre.png","width":273,"height":189,"caption":"Pool-House"},"image":{"@id":"https:\/\/pool-house.shop\/de\/#\/schema\/logo\/image\/"},"sameAs":["https:\/\/www.facebook.com\/termodomsk\/"]}]}},"_links":{"self":[{"href":"https:\/\/pool-house.shop\/de\/wp-json\/wp\/v2\/product\/11008","targetHints":{"allow":["GET"]}}],"collection":[{"href":"https:\/\/pool-house.shop\/de\/wp-json\/wp\/v2\/product"}],"about":[{"href":"https:\/\/pool-house.shop\/de\/wp-json\/wp\/v2\/types\/product"}],"wp:featuredmedia":[{"embeddable":true,"href":"https:\/\/pool-house.shop\/de\/wp-json\/wp\/v2\/media\/11006"}],"wp:attachment":[{"href":"https:\/\/pool-house.shop\/de\/wp-json\/wp\/v2\/media?parent=11008"}],"wp:term":[{"taxonomy":"product_brand","embeddable":true,"href":"https:\/\/pool-house.shop\/de\/wp-json\/wp\/v2\/product_brand?post=11008"},{"taxonomy":"product_cat","embeddable":true,"href":"https:\/\/pool-house.shop\/de\/wp-json\/wp\/v2\/product_cat?post=11008"},{"taxonomy":"product_tag","embeddable":true,"href":"https:\/\/pool-house.shop\/de\/wp-json\/wp\/v2\/product_tag?post=11008"}],"curies":[{"name":"wp","href":"https:\/\/api.w.org\/{rel}","templated":true}]}}