{"id":11009,"date":"2025-04-08T12:21:29","date_gmt":"2025-04-08T10:21:29","guid":{"rendered":"https:\/\/pool-house.shop\/product\/hyd-peroxid-hr-50-stk-fuer-photometer\/"},"modified":"2025-04-08T12:21:29","modified_gmt":"2025-04-08T10:21:29","slug":"hyd-peroxid-hr-50-stk-fuer-photometer","status":"publish","type":"product","link":"https:\/\/pool-house.shop\/de\/product\/hyd-peroxid-hr-50-stk-fuer-photometer\/","title":{"rendered":"Hyd. Peroxid HR 50 Stk. f\u00fcr Photometer"},"content":{"rendered":"<p>Wasserstoffperoxid HR 50 Stk. f\u00fcr Photometer<\/p>\n<p> Reagenztabletten f\u00fcr photometrische Wasseranalyseger\u00e4te zur Messung von Wasserstoffperoxid. Die Tabletten bieten lange Haltbarkeit, pr\u00e4zise Dosierung und einfache Handhabung.<br \/>\n Die Reagenztabletten werden seit mehreren Jahren weltweit verkauft. Die von Aquashop vertriebenen Tabletten werden in Deutschland hergestellt und verpackt. Sie sind in Packungen zu 50, 100, 250 und 500 St\u00fcck erh\u00e4ltlich.  <\/p>\n","protected":false},"excerpt":{"rendered":"<p>Wasserstoffperoxid HR 50 Stk. f\u00fcr Photometer<\/p>\n<p> Reagenztabletten f\u00fcr photometrische Wasseranalyseger\u00e4te zur Messung von Wasserstoffperoxid. Die Tabletten bieten lange Haltbarkeit, pr\u00e4zise Dosierung und einfache Handhabung.<br \/>\n Die Reagenztabletten werden seit mehreren Jahren weltweit verkauft. Die von Aquashop vertriebenen Tabletten werden in Deutschland hergestellt und verpackt. Sie sind in Packungen zu 50, 100, 250 und 500 St\u00fcck erh\u00e4ltlich.  <\/p>\n","protected":false},"featured_media":11007,"template":"","meta":[],"product_brand":[],"product_cat":[355,272],"product_tag":[],"class_list":{"0":"post-11009","1":"product","2":"type-product","3":"status-publish","4":"has-post-thumbnail","6":"product_cat-wartung","7":"product_cat-zubehor_wartung","8":"thunk-woo-product-list","9":"open-woo-hover-none","10":"open-single-product-tab-horizontal","11":"open-shadow-","12":"open-shadow-hover-","14":"first","15":"instock","16":"taxable","17":"shipping-taxable","18":"purchasable","19":"product-type-simple"},"yoast_head":"<!-- This site is optimized with the Yoast SEO plugin v26.9 - https:\/\/yoast.com\/product\/yoast-seo-wordpress\/ -->\n<title>Hyd. Peroxid HR 50 Stk. f\u00fcr Photometer - Pool-House<\/title>\n<meta name=\"robots\" content=\"index, follow, max-snippet:-1, max-image-preview:large, max-video-preview:-1\" \/>\n<link rel=\"canonical\" href=\"https:\/\/pool-house.shop\/de\/product\/hyd-peroxid-hr-50-stk-fuer-photometer\/\" \/>\n<meta property=\"og:locale\" content=\"de_DE\" \/>\n<meta property=\"og:type\" content=\"article\" \/>\n<meta property=\"og:title\" content=\"Hyd. Peroxid HR 50 Stk. f\u00fcr Photometer - Pool-House\" \/>\n<meta property=\"og:description\" content=\"Wasserstoffperoxid HR 50 Stk. f\u00fcr Photometer  Reagenztabletten f\u00fcr photometrische Wasseranalyseger\u00e4te zur Messung von Wasserstoffperoxid. Die Tabletten bieten lange Haltbarkeit, pr\u00e4zise Dosierung und einfache Handhabung.  Die Reagenztabletten werden seit mehreren Jahren weltweit verkauft. Die von Aquashop vertriebenen Tabletten werden in Deutschland hergestellt und verpackt. Sie sind in Packungen zu 50, 100, 250 und 500 St\u00fcck erh\u00e4ltlich.\" \/>\n<meta property=\"og:url\" content=\"https:\/\/pool-house.shop\/de\/product\/hyd-peroxid-hr-50-stk-fuer-photometer\/\" \/>\n<meta property=\"og:site_name\" content=\"Pool-House\" \/>\n<meta property=\"article:publisher\" content=\"https:\/\/www.facebook.com\/termodomsk\/\" \/>\n<meta property=\"og:image\" content=\"https:\/\/pool-house.shop\/wp-content\/uploads\/2025\/04\/147024.png\" \/>\n\t<meta property=\"og:image:width\" content=\"1200\" \/>\n\t<meta property=\"og:image:height\" content=\"1200\" \/>\n\t<meta property=\"og:image:type\" content=\"image\/png\" \/>\n<meta name=\"twitter:card\" content=\"summary_large_image\" \/>\n<script type=\"application\/ld+json\" class=\"yoast-schema-graph\">{\"@context\":\"https:\/\/schema.org\",\"@graph\":[{\"@type\":\"WebPage\",\"@id\":\"https:\/\/pool-house.shop\/de\/product\/hyd-peroxid-hr-50-stk-fuer-photometer\/\",\"url\":\"https:\/\/pool-house.shop\/de\/product\/hyd-peroxid-hr-50-stk-fuer-photometer\/\",\"name\":\"Hyd. Peroxid HR 50 Stk. f\u00fcr Photometer - Pool-House\",\"isPartOf\":{\"@id\":\"https:\/\/pool-house.shop\/de\/#website\"},\"primaryImageOfPage\":{\"@id\":\"https:\/\/pool-house.shop\/de\/product\/hyd-peroxid-hr-50-stk-fuer-photometer\/#primaryimage\"},\"image\":{\"@id\":\"https:\/\/pool-house.shop\/de\/product\/hyd-peroxid-hr-50-stk-fuer-photometer\/#primaryimage\"},\"thumbnailUrl\":\"https:\/\/pool-house.shop\/wp-content\/uploads\/2025\/04\/147024.png\",\"datePublished\":\"2025-04-08T10:21:29+00:00\",\"breadcrumb\":{\"@id\":\"https:\/\/pool-house.shop\/de\/product\/hyd-peroxid-hr-50-stk-fuer-photometer\/#breadcrumb\"},\"inLanguage\":\"de\",\"potentialAction\":[{\"@type\":\"ReadAction\",\"target\":[\"https:\/\/pool-house.shop\/de\/product\/hyd-peroxid-hr-50-stk-fuer-photometer\/\"]}]},{\"@type\":\"ImageObject\",\"inLanguage\":\"de\",\"@id\":\"https:\/\/pool-house.shop\/de\/product\/hyd-peroxid-hr-50-stk-fuer-photometer\/#primaryimage\",\"url\":\"https:\/\/pool-house.shop\/wp-content\/uploads\/2025\/04\/147024.png\",\"contentUrl\":\"https:\/\/pool-house.shop\/wp-content\/uploads\/2025\/04\/147024.png\",\"width\":1200,\"height\":1200},{\"@type\":\"BreadcrumbList\",\"@id\":\"https:\/\/pool-house.shop\/de\/product\/hyd-peroxid-hr-50-stk-fuer-photometer\/#breadcrumb\",\"itemListElement\":[{\"@type\":\"ListItem\",\"position\":1,\"name\":\"Domovsk\u00e1 str\u00e1nka\",\"item\":\"https:\/\/pool-house.shop\/de\/\"},{\"@type\":\"ListItem\",\"position\":2,\"name\":\"Shop\",\"item\":\"https:\/\/pool-house.shop\/de\/shop\/\"},{\"@type\":\"ListItem\",\"position\":3,\"name\":\"Hyd. Peroxid HR 50 Stk. f\u00fcr Photometer\"}]},{\"@type\":\"WebSite\",\"@id\":\"https:\/\/pool-house.shop\/de\/#website\",\"url\":\"https:\/\/pool-house.shop\/de\/\",\"name\":\"Pool-House\",\"description\":\"\",\"publisher\":{\"@id\":\"https:\/\/pool-house.shop\/de\/#organization\"},\"potentialAction\":[{\"@type\":\"SearchAction\",\"target\":{\"@type\":\"EntryPoint\",\"urlTemplate\":\"https:\/\/pool-house.shop\/de\/?s={search_term_string}\"},\"query-input\":{\"@type\":\"PropertyValueSpecification\",\"valueRequired\":true,\"valueName\":\"search_term_string\"}}],\"inLanguage\":\"de\"},{\"@type\":\"Organization\",\"@id\":\"https:\/\/pool-house.shop\/de\/#organization\",\"name\":\"Pool-House\",\"url\":\"https:\/\/pool-house.shop\/de\/\",\"logo\":{\"@type\":\"ImageObject\",\"inLanguage\":\"de\",\"@id\":\"https:\/\/pool-house.shop\/de\/#\/schema\/logo\/image\/\",\"url\":\"https:\/\/pool-house.shop\/wp-content\/uploads\/2025\/10\/logo-2-stvorec-mobil-modre.png\",\"contentUrl\":\"https:\/\/pool-house.shop\/wp-content\/uploads\/2025\/10\/logo-2-stvorec-mobil-modre.png\",\"width\":273,\"height\":189,\"caption\":\"Pool-House\"},\"image\":{\"@id\":\"https:\/\/pool-house.shop\/de\/#\/schema\/logo\/image\/\"},\"sameAs\":[\"https:\/\/www.facebook.com\/termodomsk\/\"]}]}<\/script>\n<!-- \/ Yoast SEO plugin. -->","yoast_head_json":{"title":"Hyd. Peroxid HR 50 Stk. f\u00fcr Photometer - Pool-House","robots":{"index":"index","follow":"follow","max-snippet":"max-snippet:-1","max-image-preview":"max-image-preview:large","max-video-preview":"max-video-preview:-1"},"canonical":"https:\/\/pool-house.shop\/de\/product\/hyd-peroxid-hr-50-stk-fuer-photometer\/","og_locale":"de_DE","og_type":"article","og_title":"Hyd. Peroxid HR 50 Stk. f\u00fcr Photometer - Pool-House","og_description":"Wasserstoffperoxid HR 50 Stk. f\u00fcr Photometer  Reagenztabletten f\u00fcr photometrische Wasseranalyseger\u00e4te zur Messung von Wasserstoffperoxid. Die Tabletten bieten lange Haltbarkeit, pr\u00e4zise Dosierung und einfache Handhabung.  Die Reagenztabletten werden seit mehreren Jahren weltweit verkauft. Die von Aquashop vertriebenen Tabletten werden in Deutschland hergestellt und verpackt. Sie sind in Packungen zu 50, 100, 250 und 500 St\u00fcck erh\u00e4ltlich.","og_url":"https:\/\/pool-house.shop\/de\/product\/hyd-peroxid-hr-50-stk-fuer-photometer\/","og_site_name":"Pool-House","article_publisher":"https:\/\/www.facebook.com\/termodomsk\/","og_image":[{"width":1200,"height":1200,"url":"https:\/\/pool-house.shop\/wp-content\/uploads\/2025\/04\/147024.png","type":"image\/png"}],"twitter_card":"summary_large_image","schema":{"@context":"https:\/\/schema.org","@graph":[{"@type":"WebPage","@id":"https:\/\/pool-house.shop\/de\/product\/hyd-peroxid-hr-50-stk-fuer-photometer\/","url":"https:\/\/pool-house.shop\/de\/product\/hyd-peroxid-hr-50-stk-fuer-photometer\/","name":"Hyd. Peroxid HR 50 Stk. f\u00fcr Photometer - Pool-House","isPartOf":{"@id":"https:\/\/pool-house.shop\/de\/#website"},"primaryImageOfPage":{"@id":"https:\/\/pool-house.shop\/de\/product\/hyd-peroxid-hr-50-stk-fuer-photometer\/#primaryimage"},"image":{"@id":"https:\/\/pool-house.shop\/de\/product\/hyd-peroxid-hr-50-stk-fuer-photometer\/#primaryimage"},"thumbnailUrl":"https:\/\/pool-house.shop\/wp-content\/uploads\/2025\/04\/147024.png","datePublished":"2025-04-08T10:21:29+00:00","breadcrumb":{"@id":"https:\/\/pool-house.shop\/de\/product\/hyd-peroxid-hr-50-stk-fuer-photometer\/#breadcrumb"},"inLanguage":"de","potentialAction":[{"@type":"ReadAction","target":["https:\/\/pool-house.shop\/de\/product\/hyd-peroxid-hr-50-stk-fuer-photometer\/"]}]},{"@type":"ImageObject","inLanguage":"de","@id":"https:\/\/pool-house.shop\/de\/product\/hyd-peroxid-hr-50-stk-fuer-photometer\/#primaryimage","url":"https:\/\/pool-house.shop\/wp-content\/uploads\/2025\/04\/147024.png","contentUrl":"https:\/\/pool-house.shop\/wp-content\/uploads\/2025\/04\/147024.png","width":1200,"height":1200},{"@type":"BreadcrumbList","@id":"https:\/\/pool-house.shop\/de\/product\/hyd-peroxid-hr-50-stk-fuer-photometer\/#breadcrumb","itemListElement":[{"@type":"ListItem","position":1,"name":"Domovsk\u00e1 str\u00e1nka","item":"https:\/\/pool-house.shop\/de\/"},{"@type":"ListItem","position":2,"name":"Shop","item":"https:\/\/pool-house.shop\/de\/shop\/"},{"@type":"ListItem","position":3,"name":"Hyd. Peroxid HR 50 Stk. f\u00fcr Photometer"}]},{"@type":"WebSite","@id":"https:\/\/pool-house.shop\/de\/#website","url":"https:\/\/pool-house.shop\/de\/","name":"Pool-House","description":"","publisher":{"@id":"https:\/\/pool-house.shop\/de\/#organization"},"potentialAction":[{"@type":"SearchAction","target":{"@type":"EntryPoint","urlTemplate":"https:\/\/pool-house.shop\/de\/?s={search_term_string}"},"query-input":{"@type":"PropertyValueSpecification","valueRequired":true,"valueName":"search_term_string"}}],"inLanguage":"de"},{"@type":"Organization","@id":"https:\/\/pool-house.shop\/de\/#organization","name":"Pool-House","url":"https:\/\/pool-house.shop\/de\/","logo":{"@type":"ImageObject","inLanguage":"de","@id":"https:\/\/pool-house.shop\/de\/#\/schema\/logo\/image\/","url":"https:\/\/pool-house.shop\/wp-content\/uploads\/2025\/10\/logo-2-stvorec-mobil-modre.png","contentUrl":"https:\/\/pool-house.shop\/wp-content\/uploads\/2025\/10\/logo-2-stvorec-mobil-modre.png","width":273,"height":189,"caption":"Pool-House"},"image":{"@id":"https:\/\/pool-house.shop\/de\/#\/schema\/logo\/image\/"},"sameAs":["https:\/\/www.facebook.com\/termodomsk\/"]}]}},"_links":{"self":[{"href":"https:\/\/pool-house.shop\/de\/wp-json\/wp\/v2\/product\/11009","targetHints":{"allow":["GET"]}}],"collection":[{"href":"https:\/\/pool-house.shop\/de\/wp-json\/wp\/v2\/product"}],"about":[{"href":"https:\/\/pool-house.shop\/de\/wp-json\/wp\/v2\/types\/product"}],"wp:featuredmedia":[{"embeddable":true,"href":"https:\/\/pool-house.shop\/de\/wp-json\/wp\/v2\/media\/11007"}],"wp:attachment":[{"href":"https:\/\/pool-house.shop\/de\/wp-json\/wp\/v2\/media?parent=11009"}],"wp:term":[{"taxonomy":"product_brand","embeddable":true,"href":"https:\/\/pool-house.shop\/de\/wp-json\/wp\/v2\/product_brand?post=11009"},{"taxonomy":"product_cat","embeddable":true,"href":"https:\/\/pool-house.shop\/de\/wp-json\/wp\/v2\/product_cat?post=11009"},{"taxonomy":"product_tag","embeddable":true,"href":"https:\/\/pool-house.shop\/de\/wp-json\/wp\/v2\/product_tag?post=11009"}],"curies":[{"name":"wp","href":"https:\/\/api.w.org\/{rel}","templated":true}]}}