{"id":11012,"date":"2025-04-08T12:21:27","date_gmt":"2025-04-08T10:21:27","guid":{"rendered":"https:\/\/pool-house.shop\/product\/dpd-nr-3-50-tabletten-fuer-photometer\/"},"modified":"2025-04-08T12:21:27","modified_gmt":"2025-04-08T10:21:27","slug":"dpd-nr-3-50-tabletten-fuer-photometer","status":"publish","type":"product","link":"https:\/\/pool-house.shop\/de\/product\/dpd-nr-3-50-tabletten-fuer-photometer\/","title":{"rendered":"DPD Nr. 3 50 Tabletten f\u00fcr Photometer"},"content":{"rendered":"<p>DPD Nr. 3 Tabletten<\/p>\n<p> Hochwertige Ersatztabelle zur Messung des Gesamtchlorgehalts im Poolwasser f\u00fcr PoolLab und PrimeLab Analyseger\u00e4te. Die Vorteile der Tabletten sind lange Haltbarkeit, pr\u00e4zise Dosierung und einfache Handhabung.<br \/>\n Die Wasserdesinfektion ist einer der wichtigsten Schritte bei der Wasseraufbereitung, um die Vermehrung von Bakterien und Viren im Poolwasser zu verhindern. Daher ist es unerl\u00e4sslich, dass immer eine angemessene Menge an Desinfektionsmitteln im Wasser vorhanden ist, weshalb die regelm\u00e4\u00dfige Kontrolle der Desinfektionsmittelkonzentration \u00e4u\u00dferst wichtig ist.<\/p>\n<p> Verpackung: 50 Stk. \/ Karton<\/p>\n<p> Gesamtchlor<br \/>\n Die Summe aller Chlorverbindungen im Poolwasser, einschlie\u00dflich freiem aktivem Chlor und gebundenem Chlor. Der Gesamtchlorwert dr\u00fcckt den gesamten Chlorgehalt im Wasser aus, der hinsichtlich der Desinfektionseffizienz und Wasserqualit\u00e4t wichtig ist. Idealerweise sollte der Gesamtchlorgehalt den Gehalt an freiem Chlor nicht wesentlich \u00fcberschreiten, da ein hoher Gehalt an gebundenem Chlor Reizungen und einen unangenehmen Geruch f\u00fcr Badende verursachen kann.   <\/p>\n","protected":false},"excerpt":{"rendered":"<p>DPD Nr. 3 Tabletten<\/p>\n<p> Hochwertige Ersatztabelle zur Messung des Gesamtchlorgehalts im Poolwasser f\u00fcr PoolLab und PrimeLab Analyseger\u00e4te. Die Vorteile der Tabletten sind lange Haltbarkeit, pr\u00e4zise Dosierung und einfache Handhabung.<br \/>\n Die Wasserdesinfektion ist einer der wichtigsten Schritte bei der Wasseraufbereitung, um die Vermehrung von Bakterien und Viren im Poolwasser zu verhindern. Daher ist es unerl\u00e4sslich, dass immer eine angemessene Menge an Desinfektionsmitteln im Wasser vorhanden ist, weshalb die regelm\u00e4\u00dfige Kontrolle der Desinfektionsmittelkonzentration \u00e4u\u00dferst wichtig ist.<\/p>\n<p> Verpackung: 50 Stk. \/ Karton<\/p>\n<p> Gesamtchlor<br \/>\n Die Summe aller Chlorverbindungen im Poolwasser, einschlie\u00dflich freiem aktivem Chlor und gebundenem Chlor. Der Gesamtchlorwert dr\u00fcckt den gesamten Chlorgehalt im Wasser aus, der hinsichtlich der Desinfektionseffizienz und Wasserqualit\u00e4t wichtig ist. Idealerweise sollte der Gesamtchlorgehalt den Gehalt an freiem Chlor nicht wesentlich \u00fcberschreiten, da ein hoher Gehalt an gebundenem Chlor Reizungen und einen unangenehmen Geruch f\u00fcr Badende verursachen kann.   <\/p>\n","protected":false},"featured_media":11010,"template":"","meta":[],"product_brand":[],"product_cat":[355,272],"product_tag":[],"class_list":{"0":"post-11012","1":"product","2":"type-product","3":"status-publish","4":"has-post-thumbnail","6":"product_cat-wartung","7":"product_cat-zubehor_wartung","8":"thunk-woo-product-list","9":"open-woo-hover-none","10":"open-single-product-tab-horizontal","11":"open-shadow-","12":"open-shadow-hover-","14":"first","15":"instock","16":"taxable","17":"shipping-taxable","18":"purchasable","19":"product-type-simple"},"yoast_head":"<!-- This site is optimized with the Yoast SEO plugin v26.9 - https:\/\/yoast.com\/product\/yoast-seo-wordpress\/ -->\n<title>DPD Nr. 3 50 Tabletten f\u00fcr Photometer - Pool-House<\/title>\n<meta name=\"robots\" content=\"index, follow, max-snippet:-1, max-image-preview:large, max-video-preview:-1\" \/>\n<link rel=\"canonical\" href=\"https:\/\/pool-house.shop\/de\/product\/dpd-nr-3-50-tabletten-fuer-photometer\/\" \/>\n<meta property=\"og:locale\" content=\"de_DE\" \/>\n<meta property=\"og:type\" content=\"article\" \/>\n<meta property=\"og:title\" content=\"DPD Nr. 3 50 Tabletten f\u00fcr Photometer - Pool-House\" \/>\n<meta property=\"og:description\" content=\"DPD Nr. 3 Tabletten  Hochwertige Ersatztabelle zur Messung des Gesamtchlorgehalts im Poolwasser f\u00fcr PoolLab und PrimeLab Analyseger\u00e4te. Die Vorteile der Tabletten sind lange Haltbarkeit, pr\u00e4zise Dosierung und einfache Handhabung.  Die Wasserdesinfektion ist einer der wichtigsten Schritte bei der Wasseraufbereitung, um die Vermehrung von Bakterien und Viren im Poolwasser zu verhindern. Daher ist es unerl\u00e4sslich, dass immer eine angemessene Menge an Desinfektionsmitteln im Wasser vorhanden ist, weshalb die regelm\u00e4\u00dfige Kontrolle der Desinfektionsmittelkonzentration \u00e4u\u00dferst wichtig ist.  Verpackung: 50 Stk. \/ Karton  Gesamtchlor Die Summe aller Chlorverbindungen im Poolwasser, einschlie\u00dflich freiem aktivem Chlor und gebundenem Chlor. Der Gesamtchlorwert dr\u00fcckt den gesamten Chlorgehalt im Wasser aus, der hinsichtlich der Desinfektionseffizienz und Wasserqualit\u00e4t wichtig ist. Idealerweise sollte der Gesamtchlorgehalt den Gehalt an freiem Chlor nicht wesentlich \u00fcberschreiten, da ein hoher Gehalt an gebundenem Chlor Reizungen und einen unangenehmen Geruch f\u00fcr Badende verursachen kann.\" \/>\n<meta property=\"og:url\" content=\"https:\/\/pool-house.shop\/de\/product\/dpd-nr-3-50-tabletten-fuer-photometer\/\" \/>\n<meta property=\"og:site_name\" content=\"Pool-House\" \/>\n<meta property=\"article:publisher\" content=\"https:\/\/www.facebook.com\/termodomsk\/\" \/>\n<meta property=\"og:image\" content=\"https:\/\/pool-house.shop\/wp-content\/uploads\/2025\/04\/147023.png\" \/>\n\t<meta property=\"og:image:width\" content=\"1600\" \/>\n\t<meta property=\"og:image:height\" content=\"1600\" \/>\n\t<meta property=\"og:image:type\" content=\"image\/png\" \/>\n<meta name=\"twitter:card\" content=\"summary_large_image\" \/>\n<meta name=\"twitter:label1\" content=\"Gesch\u00e4tzte Lesezeit\" \/>\n\t<meta name=\"twitter:data1\" content=\"1\u00a0Minute\" \/>\n<script type=\"application\/ld+json\" class=\"yoast-schema-graph\">{\"@context\":\"https:\/\/schema.org\",\"@graph\":[{\"@type\":\"WebPage\",\"@id\":\"https:\/\/pool-house.shop\/de\/product\/dpd-nr-3-50-tabletten-fuer-photometer\/\",\"url\":\"https:\/\/pool-house.shop\/de\/product\/dpd-nr-3-50-tabletten-fuer-photometer\/\",\"name\":\"DPD Nr. 3 50 Tabletten f\u00fcr Photometer - Pool-House\",\"isPartOf\":{\"@id\":\"https:\/\/pool-house.shop\/de\/#website\"},\"primaryImageOfPage\":{\"@id\":\"https:\/\/pool-house.shop\/de\/product\/dpd-nr-3-50-tabletten-fuer-photometer\/#primaryimage\"},\"image\":{\"@id\":\"https:\/\/pool-house.shop\/de\/product\/dpd-nr-3-50-tabletten-fuer-photometer\/#primaryimage\"},\"thumbnailUrl\":\"https:\/\/pool-house.shop\/wp-content\/uploads\/2025\/04\/147023.png\",\"datePublished\":\"2025-04-08T10:21:27+00:00\",\"breadcrumb\":{\"@id\":\"https:\/\/pool-house.shop\/de\/product\/dpd-nr-3-50-tabletten-fuer-photometer\/#breadcrumb\"},\"inLanguage\":\"de\",\"potentialAction\":[{\"@type\":\"ReadAction\",\"target\":[\"https:\/\/pool-house.shop\/de\/product\/dpd-nr-3-50-tabletten-fuer-photometer\/\"]}]},{\"@type\":\"ImageObject\",\"inLanguage\":\"de\",\"@id\":\"https:\/\/pool-house.shop\/de\/product\/dpd-nr-3-50-tabletten-fuer-photometer\/#primaryimage\",\"url\":\"https:\/\/pool-house.shop\/wp-content\/uploads\/2025\/04\/147023.png\",\"contentUrl\":\"https:\/\/pool-house.shop\/wp-content\/uploads\/2025\/04\/147023.png\",\"width\":1600,\"height\":1600},{\"@type\":\"BreadcrumbList\",\"@id\":\"https:\/\/pool-house.shop\/de\/product\/dpd-nr-3-50-tabletten-fuer-photometer\/#breadcrumb\",\"itemListElement\":[{\"@type\":\"ListItem\",\"position\":1,\"name\":\"Domovsk\u00e1 str\u00e1nka\",\"item\":\"https:\/\/pool-house.shop\/de\/\"},{\"@type\":\"ListItem\",\"position\":2,\"name\":\"Shop\",\"item\":\"https:\/\/pool-house.shop\/de\/shop\/\"},{\"@type\":\"ListItem\",\"position\":3,\"name\":\"DPD Nr. 3 50 Tabletten f\u00fcr Photometer\"}]},{\"@type\":\"WebSite\",\"@id\":\"https:\/\/pool-house.shop\/de\/#website\",\"url\":\"https:\/\/pool-house.shop\/de\/\",\"name\":\"Pool-House\",\"description\":\"\",\"publisher\":{\"@id\":\"https:\/\/pool-house.shop\/de\/#organization\"},\"potentialAction\":[{\"@type\":\"SearchAction\",\"target\":{\"@type\":\"EntryPoint\",\"urlTemplate\":\"https:\/\/pool-house.shop\/de\/?s={search_term_string}\"},\"query-input\":{\"@type\":\"PropertyValueSpecification\",\"valueRequired\":true,\"valueName\":\"search_term_string\"}}],\"inLanguage\":\"de\"},{\"@type\":\"Organization\",\"@id\":\"https:\/\/pool-house.shop\/de\/#organization\",\"name\":\"Pool-House\",\"url\":\"https:\/\/pool-house.shop\/de\/\",\"logo\":{\"@type\":\"ImageObject\",\"inLanguage\":\"de\",\"@id\":\"https:\/\/pool-house.shop\/de\/#\/schema\/logo\/image\/\",\"url\":\"https:\/\/pool-house.shop\/wp-content\/uploads\/2025\/10\/logo-2-stvorec-mobil-modre.png\",\"contentUrl\":\"https:\/\/pool-house.shop\/wp-content\/uploads\/2025\/10\/logo-2-stvorec-mobil-modre.png\",\"width\":273,\"height\":189,\"caption\":\"Pool-House\"},\"image\":{\"@id\":\"https:\/\/pool-house.shop\/de\/#\/schema\/logo\/image\/\"},\"sameAs\":[\"https:\/\/www.facebook.com\/termodomsk\/\"]}]}<\/script>\n<!-- \/ Yoast SEO plugin. -->","yoast_head_json":{"title":"DPD Nr. 3 50 Tabletten f\u00fcr Photometer - Pool-House","robots":{"index":"index","follow":"follow","max-snippet":"max-snippet:-1","max-image-preview":"max-image-preview:large","max-video-preview":"max-video-preview:-1"},"canonical":"https:\/\/pool-house.shop\/de\/product\/dpd-nr-3-50-tabletten-fuer-photometer\/","og_locale":"de_DE","og_type":"article","og_title":"DPD Nr. 3 50 Tabletten f\u00fcr Photometer - Pool-House","og_description":"DPD Nr. 3 Tabletten  Hochwertige Ersatztabelle zur Messung des Gesamtchlorgehalts im Poolwasser f\u00fcr PoolLab und PrimeLab Analyseger\u00e4te. Die Vorteile der Tabletten sind lange Haltbarkeit, pr\u00e4zise Dosierung und einfache Handhabung.  Die Wasserdesinfektion ist einer der wichtigsten Schritte bei der Wasseraufbereitung, um die Vermehrung von Bakterien und Viren im Poolwasser zu verhindern. Daher ist es unerl\u00e4sslich, dass immer eine angemessene Menge an Desinfektionsmitteln im Wasser vorhanden ist, weshalb die regelm\u00e4\u00dfige Kontrolle der Desinfektionsmittelkonzentration \u00e4u\u00dferst wichtig ist.  Verpackung: 50 Stk. \/ Karton  Gesamtchlor Die Summe aller Chlorverbindungen im Poolwasser, einschlie\u00dflich freiem aktivem Chlor und gebundenem Chlor. Der Gesamtchlorwert dr\u00fcckt den gesamten Chlorgehalt im Wasser aus, der hinsichtlich der Desinfektionseffizienz und Wasserqualit\u00e4t wichtig ist. Idealerweise sollte der Gesamtchlorgehalt den Gehalt an freiem Chlor nicht wesentlich \u00fcberschreiten, da ein hoher Gehalt an gebundenem Chlor Reizungen und einen unangenehmen Geruch f\u00fcr Badende verursachen kann.","og_url":"https:\/\/pool-house.shop\/de\/product\/dpd-nr-3-50-tabletten-fuer-photometer\/","og_site_name":"Pool-House","article_publisher":"https:\/\/www.facebook.com\/termodomsk\/","og_image":[{"width":1600,"height":1600,"url":"https:\/\/pool-house.shop\/wp-content\/uploads\/2025\/04\/147023.png","type":"image\/png"}],"twitter_card":"summary_large_image","twitter_misc":{"Gesch\u00e4tzte Lesezeit":"1\u00a0Minute"},"schema":{"@context":"https:\/\/schema.org","@graph":[{"@type":"WebPage","@id":"https:\/\/pool-house.shop\/de\/product\/dpd-nr-3-50-tabletten-fuer-photometer\/","url":"https:\/\/pool-house.shop\/de\/product\/dpd-nr-3-50-tabletten-fuer-photometer\/","name":"DPD Nr. 3 50 Tabletten f\u00fcr Photometer - Pool-House","isPartOf":{"@id":"https:\/\/pool-house.shop\/de\/#website"},"primaryImageOfPage":{"@id":"https:\/\/pool-house.shop\/de\/product\/dpd-nr-3-50-tabletten-fuer-photometer\/#primaryimage"},"image":{"@id":"https:\/\/pool-house.shop\/de\/product\/dpd-nr-3-50-tabletten-fuer-photometer\/#primaryimage"},"thumbnailUrl":"https:\/\/pool-house.shop\/wp-content\/uploads\/2025\/04\/147023.png","datePublished":"2025-04-08T10:21:27+00:00","breadcrumb":{"@id":"https:\/\/pool-house.shop\/de\/product\/dpd-nr-3-50-tabletten-fuer-photometer\/#breadcrumb"},"inLanguage":"de","potentialAction":[{"@type":"ReadAction","target":["https:\/\/pool-house.shop\/de\/product\/dpd-nr-3-50-tabletten-fuer-photometer\/"]}]},{"@type":"ImageObject","inLanguage":"de","@id":"https:\/\/pool-house.shop\/de\/product\/dpd-nr-3-50-tabletten-fuer-photometer\/#primaryimage","url":"https:\/\/pool-house.shop\/wp-content\/uploads\/2025\/04\/147023.png","contentUrl":"https:\/\/pool-house.shop\/wp-content\/uploads\/2025\/04\/147023.png","width":1600,"height":1600},{"@type":"BreadcrumbList","@id":"https:\/\/pool-house.shop\/de\/product\/dpd-nr-3-50-tabletten-fuer-photometer\/#breadcrumb","itemListElement":[{"@type":"ListItem","position":1,"name":"Domovsk\u00e1 str\u00e1nka","item":"https:\/\/pool-house.shop\/de\/"},{"@type":"ListItem","position":2,"name":"Shop","item":"https:\/\/pool-house.shop\/de\/shop\/"},{"@type":"ListItem","position":3,"name":"DPD Nr. 3 50 Tabletten f\u00fcr Photometer"}]},{"@type":"WebSite","@id":"https:\/\/pool-house.shop\/de\/#website","url":"https:\/\/pool-house.shop\/de\/","name":"Pool-House","description":"","publisher":{"@id":"https:\/\/pool-house.shop\/de\/#organization"},"potentialAction":[{"@type":"SearchAction","target":{"@type":"EntryPoint","urlTemplate":"https:\/\/pool-house.shop\/de\/?s={search_term_string}"},"query-input":{"@type":"PropertyValueSpecification","valueRequired":true,"valueName":"search_term_string"}}],"inLanguage":"de"},{"@type":"Organization","@id":"https:\/\/pool-house.shop\/de\/#organization","name":"Pool-House","url":"https:\/\/pool-house.shop\/de\/","logo":{"@type":"ImageObject","inLanguage":"de","@id":"https:\/\/pool-house.shop\/de\/#\/schema\/logo\/image\/","url":"https:\/\/pool-house.shop\/wp-content\/uploads\/2025\/10\/logo-2-stvorec-mobil-modre.png","contentUrl":"https:\/\/pool-house.shop\/wp-content\/uploads\/2025\/10\/logo-2-stvorec-mobil-modre.png","width":273,"height":189,"caption":"Pool-House"},"image":{"@id":"https:\/\/pool-house.shop\/de\/#\/schema\/logo\/image\/"},"sameAs":["https:\/\/www.facebook.com\/termodomsk\/"]}]}},"_links":{"self":[{"href":"https:\/\/pool-house.shop\/de\/wp-json\/wp\/v2\/product\/11012","targetHints":{"allow":["GET"]}}],"collection":[{"href":"https:\/\/pool-house.shop\/de\/wp-json\/wp\/v2\/product"}],"about":[{"href":"https:\/\/pool-house.shop\/de\/wp-json\/wp\/v2\/types\/product"}],"wp:featuredmedia":[{"embeddable":true,"href":"https:\/\/pool-house.shop\/de\/wp-json\/wp\/v2\/media\/11010"}],"wp:attachment":[{"href":"https:\/\/pool-house.shop\/de\/wp-json\/wp\/v2\/media?parent=11012"}],"wp:term":[{"taxonomy":"product_brand","embeddable":true,"href":"https:\/\/pool-house.shop\/de\/wp-json\/wp\/v2\/product_brand?post=11012"},{"taxonomy":"product_cat","embeddable":true,"href":"https:\/\/pool-house.shop\/de\/wp-json\/wp\/v2\/product_cat?post=11012"},{"taxonomy":"product_tag","embeddable":true,"href":"https:\/\/pool-house.shop\/de\/wp-json\/wp\/v2\/product_tag?post=11012"}],"curies":[{"name":"wp","href":"https:\/\/api.w.org\/{rel}","templated":true}]}}