{"id":11022,"date":"2025-04-08T12:21:22","date_gmt":"2025-04-08T10:21:22","guid":{"rendered":"https:\/\/pool-house.shop\/product\/nachfuellpack-tabletten-fuer-poollab-photometer\/"},"modified":"2025-04-08T12:21:22","modified_gmt":"2025-04-08T10:21:22","slug":"nachfuellpack-tabletten-fuer-poollab-photometer","status":"publish","type":"product","link":"https:\/\/pool-house.shop\/de\/product\/nachfuellpack-tabletten-fuer-poollab-photometer\/","title":{"rendered":"Nachf\u00fcllpack Tabletten f\u00fcr PoolLab Photometer"},"content":{"rendered":"<p>Nachf\u00fcllpack Tabletten f\u00fcr PoolLab Wasseranalyseger\u00e4t<\/p>\n<p> Nachf\u00fcllpack Tabletten f\u00fcr PoolLab Wasseranalyseger\u00e4t. Die Vorteile der Tabletten sind lange Haltbarkeit, pr\u00e4zise Dosierung und einfache Handhabung.<br \/>\n Die Wasserdesinfektion ist entscheidend, um Bakterien und Viren im Poolwasser zu verhindern. Eine konstante, angemessene Konzentration von Desinfektionsmitteln ist daher unerl\u00e4sslich und muss regelm\u00e4\u00dfig \u00fcberpr\u00fcft werden.<\/p>\n<p> Inhalt des Sets:<br \/>\n &#8211; 20 DPD Nr. 1<br \/>\n &#8211; 10 DPD Nr. 3<br \/>\n &#8211; 20 Phenolrot Tabletten<br \/>\n &#8211; 10 Alka-M Tabletten<br \/>\n &#8211; 10 CYA-Tests<\/p>\n<p> PoolLab\u00ae 2.0 Wasseranalyseger\u00e4t<br \/>\n Das PoolLab\u00ae 2.0 Photometer ist die perfekte L\u00f6sung f\u00fcr die professionelle Wasseranalyse in Pools und Whirlpools.<br \/>\n Die feste, aber austauschbare Dreifach-Messk\u00fcvette erm\u00f6glicht eine schnelle Probenentnahme durch einfaches Eintauchen des IP68 wasserdichten PoolLab\u00ae Ger\u00e4ts ins Wasser.<br \/>\n PoolLab\u00ae 2.0 Wasseranalyseger\u00e4t: LINK <\/p>\n","protected":false},"excerpt":{"rendered":"<p>Nachf\u00fcllpack Tabletten f\u00fcr PoolLab Wasseranalyseger\u00e4t<\/p>\n<p> Nachf\u00fcllpack Tabletten f\u00fcr PoolLab Wasseranalyseger\u00e4t. Die Vorteile der Tabletten sind lange Haltbarkeit, pr\u00e4zise Dosierung und einfache Handhabung.<br \/>\n Die Wasserdesinfektion ist entscheidend, um Bakterien und Viren im Poolwasser zu verhindern. Eine konstante, angemessene Konzentration von Desinfektionsmitteln ist daher unerl\u00e4sslich und muss regelm\u00e4\u00dfig \u00fcberpr\u00fcft werden.<\/p>\n<p> Inhalt des Sets:<br \/>\n &#8211; 20 DPD Nr. 1<br \/>\n &#8211; 10 DPD Nr. 3<br \/>\n &#8211; 20 Phenolrot Tabletten<br \/>\n &#8211; 10 Alka-M Tabletten<br \/>\n &#8211; 10 CYA-Tests<\/p>\n<p> PoolLab\u00ae 2.0 Wasseranalyseger\u00e4t<br \/>\n Das PoolLab\u00ae 2.0 Photometer ist die perfekte L\u00f6sung f\u00fcr die professionelle Wasseranalyse in Pools und Whirlpools.<br \/>\n Die feste, aber austauschbare Dreifach-Messk\u00fcvette erm\u00f6glicht eine schnelle Probenentnahme durch einfaches Eintauchen des IP68 wasserdichten PoolLab\u00ae Ger\u00e4ts ins Wasser.<br \/>\n PoolLab\u00ae 2.0 Wasseranalyseger\u00e4t: LINK <\/p>\n","protected":false},"featured_media":11019,"template":"","meta":[],"product_brand":[],"product_cat":[355,272],"product_tag":[],"class_list":{"0":"post-11022","1":"product","2":"type-product","3":"status-publish","4":"has-post-thumbnail","6":"product_cat-wartung","7":"product_cat-zubehor_wartung","8":"thunk-woo-product-list","9":"open-woo-hover-none","10":"open-single-product-tab-horizontal","11":"open-shadow-","12":"open-shadow-hover-","14":"first","15":"instock","16":"taxable","17":"shipping-taxable","18":"purchasable","19":"product-type-simple"},"yoast_head":"<!-- This site is optimized with the Yoast SEO plugin v26.9 - https:\/\/yoast.com\/product\/yoast-seo-wordpress\/ -->\n<title>Nachf\u00fcllpack Tabletten f\u00fcr PoolLab Photometer - Pool-House<\/title>\n<meta name=\"robots\" content=\"index, follow, max-snippet:-1, max-image-preview:large, max-video-preview:-1\" \/>\n<link rel=\"canonical\" href=\"https:\/\/pool-house.shop\/de\/product\/nachfuellpack-tabletten-fuer-poollab-photometer\/\" \/>\n<meta property=\"og:locale\" content=\"de_DE\" \/>\n<meta property=\"og:type\" content=\"article\" \/>\n<meta property=\"og:title\" content=\"Nachf\u00fcllpack Tabletten f\u00fcr PoolLab Photometer - Pool-House\" \/>\n<meta property=\"og:description\" content=\"Nachf\u00fcllpack Tabletten f\u00fcr PoolLab Wasseranalyseger\u00e4t  Nachf\u00fcllpack Tabletten f\u00fcr PoolLab Wasseranalyseger\u00e4t. Die Vorteile der Tabletten sind lange Haltbarkeit, pr\u00e4zise Dosierung und einfache Handhabung.  Die Wasserdesinfektion ist entscheidend, um Bakterien und Viren im Poolwasser zu verhindern. Eine konstante, angemessene Konzentration von Desinfektionsmitteln ist daher unerl\u00e4sslich und muss regelm\u00e4\u00dfig \u00fcberpr\u00fcft werden.  Inhalt des Sets: - 20 DPD Nr. 1 - 10 DPD Nr. 3 - 20 Phenolrot Tabletten - 10 Alka-M Tabletten - 10 CYA-Tests  PoolLab\u00ae 2.0 Wasseranalyseger\u00e4t Das PoolLab\u00ae 2.0 Photometer ist die perfekte L\u00f6sung f\u00fcr die professionelle Wasseranalyse in Pools und Whirlpools.  Die feste, aber austauschbare Dreifach-Messk\u00fcvette erm\u00f6glicht eine schnelle Probenentnahme durch einfaches Eintauchen des IP68 wasserdichten PoolLab\u00ae Ger\u00e4ts ins Wasser. PoolLab\u00ae 2.0 Wasseranalyseger\u00e4t: LINK\" \/>\n<meta property=\"og:url\" content=\"https:\/\/pool-house.shop\/de\/product\/nachfuellpack-tabletten-fuer-poollab-photometer\/\" \/>\n<meta property=\"og:site_name\" content=\"Pool-House\" \/>\n<meta property=\"article:publisher\" content=\"https:\/\/www.facebook.com\/termodomsk\/\" \/>\n<meta property=\"og:image\" content=\"https:\/\/pool-house.shop\/wp-content\/uploads\/2025\/04\/147010.png\" \/>\n\t<meta property=\"og:image:width\" content=\"286\" \/>\n\t<meta property=\"og:image:height\" content=\"759\" \/>\n\t<meta property=\"og:image:type\" content=\"image\/png\" \/>\n<meta name=\"twitter:card\" content=\"summary_large_image\" \/>\n<meta name=\"twitter:label1\" content=\"Gesch\u00e4tzte Lesezeit\" \/>\n\t<meta name=\"twitter:data1\" content=\"1\u00a0Minute\" \/>\n<script type=\"application\/ld+json\" class=\"yoast-schema-graph\">{\"@context\":\"https:\/\/schema.org\",\"@graph\":[{\"@type\":\"WebPage\",\"@id\":\"https:\/\/pool-house.shop\/de\/product\/nachfuellpack-tabletten-fuer-poollab-photometer\/\",\"url\":\"https:\/\/pool-house.shop\/de\/product\/nachfuellpack-tabletten-fuer-poollab-photometer\/\",\"name\":\"Nachf\u00fcllpack Tabletten f\u00fcr PoolLab Photometer - Pool-House\",\"isPartOf\":{\"@id\":\"https:\/\/pool-house.shop\/de\/#website\"},\"primaryImageOfPage\":{\"@id\":\"https:\/\/pool-house.shop\/de\/product\/nachfuellpack-tabletten-fuer-poollab-photometer\/#primaryimage\"},\"image\":{\"@id\":\"https:\/\/pool-house.shop\/de\/product\/nachfuellpack-tabletten-fuer-poollab-photometer\/#primaryimage\"},\"thumbnailUrl\":\"https:\/\/pool-house.shop\/wp-content\/uploads\/2025\/04\/147010.png\",\"datePublished\":\"2025-04-08T10:21:22+00:00\",\"breadcrumb\":{\"@id\":\"https:\/\/pool-house.shop\/de\/product\/nachfuellpack-tabletten-fuer-poollab-photometer\/#breadcrumb\"},\"inLanguage\":\"de\",\"potentialAction\":[{\"@type\":\"ReadAction\",\"target\":[\"https:\/\/pool-house.shop\/de\/product\/nachfuellpack-tabletten-fuer-poollab-photometer\/\"]}]},{\"@type\":\"ImageObject\",\"inLanguage\":\"de\",\"@id\":\"https:\/\/pool-house.shop\/de\/product\/nachfuellpack-tabletten-fuer-poollab-photometer\/#primaryimage\",\"url\":\"https:\/\/pool-house.shop\/wp-content\/uploads\/2025\/04\/147010.png\",\"contentUrl\":\"https:\/\/pool-house.shop\/wp-content\/uploads\/2025\/04\/147010.png\",\"width\":286,\"height\":759},{\"@type\":\"BreadcrumbList\",\"@id\":\"https:\/\/pool-house.shop\/de\/product\/nachfuellpack-tabletten-fuer-poollab-photometer\/#breadcrumb\",\"itemListElement\":[{\"@type\":\"ListItem\",\"position\":1,\"name\":\"Domovsk\u00e1 str\u00e1nka\",\"item\":\"https:\/\/pool-house.shop\/de\/\"},{\"@type\":\"ListItem\",\"position\":2,\"name\":\"Shop\",\"item\":\"https:\/\/pool-house.shop\/de\/shop\/\"},{\"@type\":\"ListItem\",\"position\":3,\"name\":\"Nachf\u00fcllpack Tabletten f\u00fcr PoolLab Photometer\"}]},{\"@type\":\"WebSite\",\"@id\":\"https:\/\/pool-house.shop\/de\/#website\",\"url\":\"https:\/\/pool-house.shop\/de\/\",\"name\":\"Pool-House\",\"description\":\"\",\"publisher\":{\"@id\":\"https:\/\/pool-house.shop\/de\/#organization\"},\"potentialAction\":[{\"@type\":\"SearchAction\",\"target\":{\"@type\":\"EntryPoint\",\"urlTemplate\":\"https:\/\/pool-house.shop\/de\/?s={search_term_string}\"},\"query-input\":{\"@type\":\"PropertyValueSpecification\",\"valueRequired\":true,\"valueName\":\"search_term_string\"}}],\"inLanguage\":\"de\"},{\"@type\":\"Organization\",\"@id\":\"https:\/\/pool-house.shop\/de\/#organization\",\"name\":\"Pool-House\",\"url\":\"https:\/\/pool-house.shop\/de\/\",\"logo\":{\"@type\":\"ImageObject\",\"inLanguage\":\"de\",\"@id\":\"https:\/\/pool-house.shop\/de\/#\/schema\/logo\/image\/\",\"url\":\"https:\/\/pool-house.shop\/wp-content\/uploads\/2025\/10\/logo-2-stvorec-mobil-modre.png\",\"contentUrl\":\"https:\/\/pool-house.shop\/wp-content\/uploads\/2025\/10\/logo-2-stvorec-mobil-modre.png\",\"width\":273,\"height\":189,\"caption\":\"Pool-House\"},\"image\":{\"@id\":\"https:\/\/pool-house.shop\/de\/#\/schema\/logo\/image\/\"},\"sameAs\":[\"https:\/\/www.facebook.com\/termodomsk\/\"]}]}<\/script>\n<!-- \/ Yoast SEO plugin. -->","yoast_head_json":{"title":"Nachf\u00fcllpack Tabletten f\u00fcr PoolLab Photometer - Pool-House","robots":{"index":"index","follow":"follow","max-snippet":"max-snippet:-1","max-image-preview":"max-image-preview:large","max-video-preview":"max-video-preview:-1"},"canonical":"https:\/\/pool-house.shop\/de\/product\/nachfuellpack-tabletten-fuer-poollab-photometer\/","og_locale":"de_DE","og_type":"article","og_title":"Nachf\u00fcllpack Tabletten f\u00fcr PoolLab Photometer - Pool-House","og_description":"Nachf\u00fcllpack Tabletten f\u00fcr PoolLab Wasseranalyseger\u00e4t  Nachf\u00fcllpack Tabletten f\u00fcr PoolLab Wasseranalyseger\u00e4t. Die Vorteile der Tabletten sind lange Haltbarkeit, pr\u00e4zise Dosierung und einfache Handhabung.  Die Wasserdesinfektion ist entscheidend, um Bakterien und Viren im Poolwasser zu verhindern. Eine konstante, angemessene Konzentration von Desinfektionsmitteln ist daher unerl\u00e4sslich und muss regelm\u00e4\u00dfig \u00fcberpr\u00fcft werden.  Inhalt des Sets: - 20 DPD Nr. 1 - 10 DPD Nr. 3 - 20 Phenolrot Tabletten - 10 Alka-M Tabletten - 10 CYA-Tests  PoolLab\u00ae 2.0 Wasseranalyseger\u00e4t Das PoolLab\u00ae 2.0 Photometer ist die perfekte L\u00f6sung f\u00fcr die professionelle Wasseranalyse in Pools und Whirlpools.  Die feste, aber austauschbare Dreifach-Messk\u00fcvette erm\u00f6glicht eine schnelle Probenentnahme durch einfaches Eintauchen des IP68 wasserdichten PoolLab\u00ae Ger\u00e4ts ins Wasser. PoolLab\u00ae 2.0 Wasseranalyseger\u00e4t: LINK","og_url":"https:\/\/pool-house.shop\/de\/product\/nachfuellpack-tabletten-fuer-poollab-photometer\/","og_site_name":"Pool-House","article_publisher":"https:\/\/www.facebook.com\/termodomsk\/","og_image":[{"width":286,"height":759,"url":"https:\/\/pool-house.shop\/wp-content\/uploads\/2025\/04\/147010.png","type":"image\/png"}],"twitter_card":"summary_large_image","twitter_misc":{"Gesch\u00e4tzte Lesezeit":"1\u00a0Minute"},"schema":{"@context":"https:\/\/schema.org","@graph":[{"@type":"WebPage","@id":"https:\/\/pool-house.shop\/de\/product\/nachfuellpack-tabletten-fuer-poollab-photometer\/","url":"https:\/\/pool-house.shop\/de\/product\/nachfuellpack-tabletten-fuer-poollab-photometer\/","name":"Nachf\u00fcllpack Tabletten f\u00fcr PoolLab Photometer - Pool-House","isPartOf":{"@id":"https:\/\/pool-house.shop\/de\/#website"},"primaryImageOfPage":{"@id":"https:\/\/pool-house.shop\/de\/product\/nachfuellpack-tabletten-fuer-poollab-photometer\/#primaryimage"},"image":{"@id":"https:\/\/pool-house.shop\/de\/product\/nachfuellpack-tabletten-fuer-poollab-photometer\/#primaryimage"},"thumbnailUrl":"https:\/\/pool-house.shop\/wp-content\/uploads\/2025\/04\/147010.png","datePublished":"2025-04-08T10:21:22+00:00","breadcrumb":{"@id":"https:\/\/pool-house.shop\/de\/product\/nachfuellpack-tabletten-fuer-poollab-photometer\/#breadcrumb"},"inLanguage":"de","potentialAction":[{"@type":"ReadAction","target":["https:\/\/pool-house.shop\/de\/product\/nachfuellpack-tabletten-fuer-poollab-photometer\/"]}]},{"@type":"ImageObject","inLanguage":"de","@id":"https:\/\/pool-house.shop\/de\/product\/nachfuellpack-tabletten-fuer-poollab-photometer\/#primaryimage","url":"https:\/\/pool-house.shop\/wp-content\/uploads\/2025\/04\/147010.png","contentUrl":"https:\/\/pool-house.shop\/wp-content\/uploads\/2025\/04\/147010.png","width":286,"height":759},{"@type":"BreadcrumbList","@id":"https:\/\/pool-house.shop\/de\/product\/nachfuellpack-tabletten-fuer-poollab-photometer\/#breadcrumb","itemListElement":[{"@type":"ListItem","position":1,"name":"Domovsk\u00e1 str\u00e1nka","item":"https:\/\/pool-house.shop\/de\/"},{"@type":"ListItem","position":2,"name":"Shop","item":"https:\/\/pool-house.shop\/de\/shop\/"},{"@type":"ListItem","position":3,"name":"Nachf\u00fcllpack Tabletten f\u00fcr PoolLab Photometer"}]},{"@type":"WebSite","@id":"https:\/\/pool-house.shop\/de\/#website","url":"https:\/\/pool-house.shop\/de\/","name":"Pool-House","description":"","publisher":{"@id":"https:\/\/pool-house.shop\/de\/#organization"},"potentialAction":[{"@type":"SearchAction","target":{"@type":"EntryPoint","urlTemplate":"https:\/\/pool-house.shop\/de\/?s={search_term_string}"},"query-input":{"@type":"PropertyValueSpecification","valueRequired":true,"valueName":"search_term_string"}}],"inLanguage":"de"},{"@type":"Organization","@id":"https:\/\/pool-house.shop\/de\/#organization","name":"Pool-House","url":"https:\/\/pool-house.shop\/de\/","logo":{"@type":"ImageObject","inLanguage":"de","@id":"https:\/\/pool-house.shop\/de\/#\/schema\/logo\/image\/","url":"https:\/\/pool-house.shop\/wp-content\/uploads\/2025\/10\/logo-2-stvorec-mobil-modre.png","contentUrl":"https:\/\/pool-house.shop\/wp-content\/uploads\/2025\/10\/logo-2-stvorec-mobil-modre.png","width":273,"height":189,"caption":"Pool-House"},"image":{"@id":"https:\/\/pool-house.shop\/de\/#\/schema\/logo\/image\/"},"sameAs":["https:\/\/www.facebook.com\/termodomsk\/"]}]}},"_links":{"self":[{"href":"https:\/\/pool-house.shop\/de\/wp-json\/wp\/v2\/product\/11022","targetHints":{"allow":["GET"]}}],"collection":[{"href":"https:\/\/pool-house.shop\/de\/wp-json\/wp\/v2\/product"}],"about":[{"href":"https:\/\/pool-house.shop\/de\/wp-json\/wp\/v2\/types\/product"}],"wp:featuredmedia":[{"embeddable":true,"href":"https:\/\/pool-house.shop\/de\/wp-json\/wp\/v2\/media\/11019"}],"wp:attachment":[{"href":"https:\/\/pool-house.shop\/de\/wp-json\/wp\/v2\/media?parent=11022"}],"wp:term":[{"taxonomy":"product_brand","embeddable":true,"href":"https:\/\/pool-house.shop\/de\/wp-json\/wp\/v2\/product_brand?post=11022"},{"taxonomy":"product_cat","embeddable":true,"href":"https:\/\/pool-house.shop\/de\/wp-json\/wp\/v2\/product_cat?post=11022"},{"taxonomy":"product_tag","embeddable":true,"href":"https:\/\/pool-house.shop\/de\/wp-json\/wp\/v2\/product_tag?post=11022"}],"curies":[{"name":"wp","href":"https:\/\/api.w.org\/{rel}","templated":true}]}}