{"id":11026,"date":"2025-04-08T12:21:19","date_gmt":"2025-04-08T10:21:19","guid":{"rendered":"https:\/\/pool-house.shop\/product\/photometer-primelab-2-0-starter-kit\/"},"modified":"2025-04-08T12:21:19","modified_gmt":"2025-04-08T10:21:19","slug":"photometer-primelab-2-0-starter-kit","status":"publish","type":"product","link":"https:\/\/pool-house.shop\/de\/product\/photometer-primelab-2-0-starter-kit\/","title":{"rendered":"Photometer PrimeLab 2.0, Starter Kit"},"content":{"rendered":"<p>PrimeLab 2.0 Multitest<\/p>\n<p> Das PrimeLab 2.0 Multitest ist die neue Generation eines High-Tech-Ger\u00e4ts zur Wasseranalyse. Klein, kompakt, aber unglaublich pr\u00e4zise dank des multispektralen JENCOLOR-Sensors.<br \/>\n JENCOLOR-Sensor<br \/>\n Es ist schnell und einfach und l\u00e4sst sich per Bluetooth innerhalb weniger Sekunden mit einem Computer oder sogar einem Smartphone verbinden.<br \/>\n Der JENCOLOR-Sensor kann alle Parameter mit unerreichter Pr\u00e4zision messen, wobei die Farb\u00e4nderung nach Zugabe des Reagenz f\u00fcr das menschliche Auge sichtbar wird.<br \/>\n Mit den gemessenen Daten bietet die Software Empfehlungen zur Einstellung geeigneter Wasserwerte.<br \/>\n Die Software erm\u00f6glicht es auch, weitere Parameter in den Wasseranalysator hochzuladen. Es kann sich per Knopfdruck automatisch kalibrieren!  <\/p>\n","protected":false},"excerpt":{"rendered":"<p>PrimeLab 2.0 Multitest<\/p>\n<p> Das PrimeLab 2.0 Multitest ist die neue Generation eines High-Tech-Ger\u00e4ts zur Wasseranalyse. Klein, kompakt, aber unglaublich pr\u00e4zise dank des multispektralen JENCOLOR-Sensors.<br \/>\n JENCOLOR-Sensor<br \/>\n Es ist schnell und einfach und l\u00e4sst sich per Bluetooth innerhalb weniger Sekunden mit einem Computer oder sogar einem Smartphone verbinden.<br \/>\n Der JENCOLOR-Sensor kann alle Parameter mit unerreichter Pr\u00e4zision messen, wobei die Farb\u00e4nderung nach Zugabe des Reagenz f\u00fcr das menschliche Auge sichtbar wird.<br \/>\n Mit den gemessenen Daten bietet die Software Empfehlungen zur Einstellung geeigneter Wasserwerte.<br \/>\n Die Software erm\u00f6glicht es auch, weitere Parameter in den Wasseranalysator hochzuladen. Es kann sich per Knopfdruck automatisch kalibrieren!  <\/p>\n","protected":false},"featured_media":11024,"template":"","meta":[],"product_brand":[],"product_cat":[355,272],"product_tag":[],"class_list":{"0":"post-11026","1":"product","2":"type-product","3":"status-publish","4":"has-post-thumbnail","6":"product_cat-wartung","7":"product_cat-zubehor_wartung","8":"thunk-woo-product-list","9":"open-woo-hover-none","10":"open-single-product-tab-horizontal","11":"open-shadow-","12":"open-shadow-hover-","14":"first","15":"instock","16":"taxable","17":"shipping-taxable","18":"purchasable","19":"product-type-simple"},"yoast_head":"<!-- This site is optimized with the Yoast SEO plugin v26.9 - https:\/\/yoast.com\/product\/yoast-seo-wordpress\/ -->\n<title>Photometer PrimeLab 2.0, Starter Kit - Pool-House<\/title>\n<meta name=\"robots\" content=\"index, follow, max-snippet:-1, max-image-preview:large, max-video-preview:-1\" \/>\n<link rel=\"canonical\" href=\"https:\/\/pool-house.shop\/de\/product\/photometer-primelab-2-0-starter-kit\/\" \/>\n<meta property=\"og:locale\" content=\"de_DE\" \/>\n<meta property=\"og:type\" content=\"article\" \/>\n<meta property=\"og:title\" content=\"Photometer PrimeLab 2.0, Starter Kit - Pool-House\" \/>\n<meta property=\"og:description\" content=\"PrimeLab 2.0 Multitest  Das PrimeLab 2.0 Multitest ist die neue Generation eines High-Tech-Ger\u00e4ts zur Wasseranalyse. Klein, kompakt, aber unglaublich pr\u00e4zise dank des multispektralen JENCOLOR-Sensors.  JENCOLOR-Sensor Es ist schnell und einfach und l\u00e4sst sich per Bluetooth innerhalb weniger Sekunden mit einem Computer oder sogar einem Smartphone verbinden.  Der JENCOLOR-Sensor kann alle Parameter mit unerreichter Pr\u00e4zision messen, wobei die Farb\u00e4nderung nach Zugabe des Reagenz f\u00fcr das menschliche Auge sichtbar wird.  Mit den gemessenen Daten bietet die Software Empfehlungen zur Einstellung geeigneter Wasserwerte.  Die Software erm\u00f6glicht es auch, weitere Parameter in den Wasseranalysator hochzuladen. Es kann sich per Knopfdruck automatisch kalibrieren!\" \/>\n<meta property=\"og:url\" content=\"https:\/\/pool-house.shop\/de\/product\/photometer-primelab-2-0-starter-kit\/\" \/>\n<meta property=\"og:site_name\" content=\"Pool-House\" \/>\n<meta property=\"article:publisher\" content=\"https:\/\/www.facebook.com\/termodomsk\/\" \/>\n<meta property=\"og:image\" content=\"https:\/\/pool-house.shop\/wp-content\/uploads\/2025\/04\/147003.png\" \/>\n\t<meta property=\"og:image:width\" content=\"1429\" \/>\n\t<meta property=\"og:image:height\" content=\"1089\" \/>\n\t<meta property=\"og:image:type\" content=\"image\/png\" \/>\n<meta name=\"twitter:card\" content=\"summary_large_image\" \/>\n<meta name=\"twitter:label1\" content=\"Gesch\u00e4tzte Lesezeit\" \/>\n\t<meta name=\"twitter:data1\" content=\"1\u00a0Minute\" \/>\n<script type=\"application\/ld+json\" class=\"yoast-schema-graph\">{\"@context\":\"https:\/\/schema.org\",\"@graph\":[{\"@type\":\"WebPage\",\"@id\":\"https:\/\/pool-house.shop\/de\/product\/photometer-primelab-2-0-starter-kit\/\",\"url\":\"https:\/\/pool-house.shop\/de\/product\/photometer-primelab-2-0-starter-kit\/\",\"name\":\"Photometer PrimeLab 2.0, Starter Kit - Pool-House\",\"isPartOf\":{\"@id\":\"https:\/\/pool-house.shop\/de\/#website\"},\"primaryImageOfPage\":{\"@id\":\"https:\/\/pool-house.shop\/de\/product\/photometer-primelab-2-0-starter-kit\/#primaryimage\"},\"image\":{\"@id\":\"https:\/\/pool-house.shop\/de\/product\/photometer-primelab-2-0-starter-kit\/#primaryimage\"},\"thumbnailUrl\":\"https:\/\/pool-house.shop\/wp-content\/uploads\/2025\/04\/147003.png\",\"datePublished\":\"2025-04-08T10:21:19+00:00\",\"breadcrumb\":{\"@id\":\"https:\/\/pool-house.shop\/de\/product\/photometer-primelab-2-0-starter-kit\/#breadcrumb\"},\"inLanguage\":\"de\",\"potentialAction\":[{\"@type\":\"ReadAction\",\"target\":[\"https:\/\/pool-house.shop\/de\/product\/photometer-primelab-2-0-starter-kit\/\"]}]},{\"@type\":\"ImageObject\",\"inLanguage\":\"de\",\"@id\":\"https:\/\/pool-house.shop\/de\/product\/photometer-primelab-2-0-starter-kit\/#primaryimage\",\"url\":\"https:\/\/pool-house.shop\/wp-content\/uploads\/2025\/04\/147003.png\",\"contentUrl\":\"https:\/\/pool-house.shop\/wp-content\/uploads\/2025\/04\/147003.png\",\"width\":1429,\"height\":1089},{\"@type\":\"BreadcrumbList\",\"@id\":\"https:\/\/pool-house.shop\/de\/product\/photometer-primelab-2-0-starter-kit\/#breadcrumb\",\"itemListElement\":[{\"@type\":\"ListItem\",\"position\":1,\"name\":\"Domovsk\u00e1 str\u00e1nka\",\"item\":\"https:\/\/pool-house.shop\/de\/\"},{\"@type\":\"ListItem\",\"position\":2,\"name\":\"Shop\",\"item\":\"https:\/\/pool-house.shop\/de\/shop\/\"},{\"@type\":\"ListItem\",\"position\":3,\"name\":\"Photometer PrimeLab 2.0, Starter Kit\"}]},{\"@type\":\"WebSite\",\"@id\":\"https:\/\/pool-house.shop\/de\/#website\",\"url\":\"https:\/\/pool-house.shop\/de\/\",\"name\":\"Pool-House\",\"description\":\"\",\"publisher\":{\"@id\":\"https:\/\/pool-house.shop\/de\/#organization\"},\"potentialAction\":[{\"@type\":\"SearchAction\",\"target\":{\"@type\":\"EntryPoint\",\"urlTemplate\":\"https:\/\/pool-house.shop\/de\/?s={search_term_string}\"},\"query-input\":{\"@type\":\"PropertyValueSpecification\",\"valueRequired\":true,\"valueName\":\"search_term_string\"}}],\"inLanguage\":\"de\"},{\"@type\":\"Organization\",\"@id\":\"https:\/\/pool-house.shop\/de\/#organization\",\"name\":\"Pool-House\",\"url\":\"https:\/\/pool-house.shop\/de\/\",\"logo\":{\"@type\":\"ImageObject\",\"inLanguage\":\"de\",\"@id\":\"https:\/\/pool-house.shop\/de\/#\/schema\/logo\/image\/\",\"url\":\"https:\/\/pool-house.shop\/wp-content\/uploads\/2025\/10\/logo-2-stvorec-mobil-modre.png\",\"contentUrl\":\"https:\/\/pool-house.shop\/wp-content\/uploads\/2025\/10\/logo-2-stvorec-mobil-modre.png\",\"width\":273,\"height\":189,\"caption\":\"Pool-House\"},\"image\":{\"@id\":\"https:\/\/pool-house.shop\/de\/#\/schema\/logo\/image\/\"},\"sameAs\":[\"https:\/\/www.facebook.com\/termodomsk\/\"]}]}<\/script>\n<!-- \/ Yoast SEO plugin. -->","yoast_head_json":{"title":"Photometer PrimeLab 2.0, Starter Kit - Pool-House","robots":{"index":"index","follow":"follow","max-snippet":"max-snippet:-1","max-image-preview":"max-image-preview:large","max-video-preview":"max-video-preview:-1"},"canonical":"https:\/\/pool-house.shop\/de\/product\/photometer-primelab-2-0-starter-kit\/","og_locale":"de_DE","og_type":"article","og_title":"Photometer PrimeLab 2.0, Starter Kit - Pool-House","og_description":"PrimeLab 2.0 Multitest  Das PrimeLab 2.0 Multitest ist die neue Generation eines High-Tech-Ger\u00e4ts zur Wasseranalyse. Klein, kompakt, aber unglaublich pr\u00e4zise dank des multispektralen JENCOLOR-Sensors.  JENCOLOR-Sensor Es ist schnell und einfach und l\u00e4sst sich per Bluetooth innerhalb weniger Sekunden mit einem Computer oder sogar einem Smartphone verbinden.  Der JENCOLOR-Sensor kann alle Parameter mit unerreichter Pr\u00e4zision messen, wobei die Farb\u00e4nderung nach Zugabe des Reagenz f\u00fcr das menschliche Auge sichtbar wird.  Mit den gemessenen Daten bietet die Software Empfehlungen zur Einstellung geeigneter Wasserwerte.  Die Software erm\u00f6glicht es auch, weitere Parameter in den Wasseranalysator hochzuladen. Es kann sich per Knopfdruck automatisch kalibrieren!","og_url":"https:\/\/pool-house.shop\/de\/product\/photometer-primelab-2-0-starter-kit\/","og_site_name":"Pool-House","article_publisher":"https:\/\/www.facebook.com\/termodomsk\/","og_image":[{"width":1429,"height":1089,"url":"https:\/\/pool-house.shop\/wp-content\/uploads\/2025\/04\/147003.png","type":"image\/png"}],"twitter_card":"summary_large_image","twitter_misc":{"Gesch\u00e4tzte Lesezeit":"1\u00a0Minute"},"schema":{"@context":"https:\/\/schema.org","@graph":[{"@type":"WebPage","@id":"https:\/\/pool-house.shop\/de\/product\/photometer-primelab-2-0-starter-kit\/","url":"https:\/\/pool-house.shop\/de\/product\/photometer-primelab-2-0-starter-kit\/","name":"Photometer PrimeLab 2.0, Starter Kit - Pool-House","isPartOf":{"@id":"https:\/\/pool-house.shop\/de\/#website"},"primaryImageOfPage":{"@id":"https:\/\/pool-house.shop\/de\/product\/photometer-primelab-2-0-starter-kit\/#primaryimage"},"image":{"@id":"https:\/\/pool-house.shop\/de\/product\/photometer-primelab-2-0-starter-kit\/#primaryimage"},"thumbnailUrl":"https:\/\/pool-house.shop\/wp-content\/uploads\/2025\/04\/147003.png","datePublished":"2025-04-08T10:21:19+00:00","breadcrumb":{"@id":"https:\/\/pool-house.shop\/de\/product\/photometer-primelab-2-0-starter-kit\/#breadcrumb"},"inLanguage":"de","potentialAction":[{"@type":"ReadAction","target":["https:\/\/pool-house.shop\/de\/product\/photometer-primelab-2-0-starter-kit\/"]}]},{"@type":"ImageObject","inLanguage":"de","@id":"https:\/\/pool-house.shop\/de\/product\/photometer-primelab-2-0-starter-kit\/#primaryimage","url":"https:\/\/pool-house.shop\/wp-content\/uploads\/2025\/04\/147003.png","contentUrl":"https:\/\/pool-house.shop\/wp-content\/uploads\/2025\/04\/147003.png","width":1429,"height":1089},{"@type":"BreadcrumbList","@id":"https:\/\/pool-house.shop\/de\/product\/photometer-primelab-2-0-starter-kit\/#breadcrumb","itemListElement":[{"@type":"ListItem","position":1,"name":"Domovsk\u00e1 str\u00e1nka","item":"https:\/\/pool-house.shop\/de\/"},{"@type":"ListItem","position":2,"name":"Shop","item":"https:\/\/pool-house.shop\/de\/shop\/"},{"@type":"ListItem","position":3,"name":"Photometer PrimeLab 2.0, Starter Kit"}]},{"@type":"WebSite","@id":"https:\/\/pool-house.shop\/de\/#website","url":"https:\/\/pool-house.shop\/de\/","name":"Pool-House","description":"","publisher":{"@id":"https:\/\/pool-house.shop\/de\/#organization"},"potentialAction":[{"@type":"SearchAction","target":{"@type":"EntryPoint","urlTemplate":"https:\/\/pool-house.shop\/de\/?s={search_term_string}"},"query-input":{"@type":"PropertyValueSpecification","valueRequired":true,"valueName":"search_term_string"}}],"inLanguage":"de"},{"@type":"Organization","@id":"https:\/\/pool-house.shop\/de\/#organization","name":"Pool-House","url":"https:\/\/pool-house.shop\/de\/","logo":{"@type":"ImageObject","inLanguage":"de","@id":"https:\/\/pool-house.shop\/de\/#\/schema\/logo\/image\/","url":"https:\/\/pool-house.shop\/wp-content\/uploads\/2025\/10\/logo-2-stvorec-mobil-modre.png","contentUrl":"https:\/\/pool-house.shop\/wp-content\/uploads\/2025\/10\/logo-2-stvorec-mobil-modre.png","width":273,"height":189,"caption":"Pool-House"},"image":{"@id":"https:\/\/pool-house.shop\/de\/#\/schema\/logo\/image\/"},"sameAs":["https:\/\/www.facebook.com\/termodomsk\/"]}]}},"_links":{"self":[{"href":"https:\/\/pool-house.shop\/de\/wp-json\/wp\/v2\/product\/11026","targetHints":{"allow":["GET"]}}],"collection":[{"href":"https:\/\/pool-house.shop\/de\/wp-json\/wp\/v2\/product"}],"about":[{"href":"https:\/\/pool-house.shop\/de\/wp-json\/wp\/v2\/types\/product"}],"wp:featuredmedia":[{"embeddable":true,"href":"https:\/\/pool-house.shop\/de\/wp-json\/wp\/v2\/media\/11024"}],"wp:attachment":[{"href":"https:\/\/pool-house.shop\/de\/wp-json\/wp\/v2\/media?parent=11026"}],"wp:term":[{"taxonomy":"product_brand","embeddable":true,"href":"https:\/\/pool-house.shop\/de\/wp-json\/wp\/v2\/product_brand?post=11026"},{"taxonomy":"product_cat","embeddable":true,"href":"https:\/\/pool-house.shop\/de\/wp-json\/wp\/v2\/product_cat?post=11026"},{"taxonomy":"product_tag","embeddable":true,"href":"https:\/\/pool-house.shop\/de\/wp-json\/wp\/v2\/product_tag?post=11026"}],"curies":[{"name":"wp","href":"https:\/\/api.w.org\/{rel}","templated":true}]}}