{"id":11032,"date":"2025-04-08T12:22:27","date_gmt":"2025-04-08T10:22:27","guid":{"rendered":"https:\/\/pool-house.shop\/product\/dolphin-wave-100-cb\/"},"modified":"2025-04-08T12:22:27","modified_gmt":"2025-04-08T10:22:27","slug":"dolphin-wave-100-cb","status":"publish","type":"product","link":"https:\/\/pool-house.shop\/de\/product\/dolphin-wave-100-cb\/","title":{"rendered":"Dolphin WAVE 100 CB"},"content":{"rendered":"<p>Dolphin Wave 100 CB<\/p>\n<p> Der Dolphin Dynamic WAVE 100 CB ist ein sehr effizienter, automatischer Poolreiniger f\u00fcr kleine und mittelgro\u00dfe institutionelle Pools bis zu einer L\u00e4nge von 25 m. Er bietet professionelle Reinigungsleistung in Kombination mit langlebigem und kosteng\u00fcnstigem Betrieb. Mithilfe eines fortschrittlichen gyroskopischen Systems scannt er den gesamten Pool, den Boden, die W\u00e4nde und die Wasserlinie. Sein Gyroskop-Navigationssystem reinigt den Poolboden regelm\u00e4\u00dfig und effizient. Eine Hochleistungs-Filterkammer filtert alle Arten von Verunreinigungen, sodass der Pool nach jedem Gebrauch strahlend sauber bleibt. Betriebszyklus: 4 \/ 6 \/ 8 Stunden. Unbegrenzte Nutzung. Er wiegt 11 kg und wird mit einer Garantie von 24 Monaten geliefert.       <\/p>\n<p> Hauptparameter<br \/>\n  &#8211; Empfohlene Pooll\u00e4nge: 25 Meter<br \/>\n  &#8211; Reinigungsbereich: Boden, Seitenwand, Wasserlinie<br \/>\n  &#8211; Fernbedienung: Fernbedienung<br \/>\n  &#8211; Arbeitszyklus: 4 \/ 6 \/ 8 Stunden<br \/>\n &#8211; Optimale w\u00f6chentliche Nutzung: Unbegrenzt<br \/>\n  &#8211; Filterung: Feine und ultrafeine Filterkartusche<br \/>\n  &#8211; Kabell\u00e4nge: 30 Meter<br \/>\n  &#8211; Saugleistung: 18 m\u00b3\/h<br \/>\n &#8211; Kabelverdrehschutz: Keiner<br \/>\n  &#8211; Gewicht: 11 kg<br \/>\n  &#8211; Caddy: Vorhanden<br \/>\n &#8211; Garantie: 24 Monate<\/p>\n<p> CleverClean Technologie<br \/>\n Ein fortschrittliches Navigationssystem und eine Scansoftware helfen Ihnen, den gesamten Pool zu navigieren. Dies stellt sicher, dass jeder Zentimeter des Bodens auf die effizienteste Weise gereinigt wird. Es ist so intelligent, dass das System Hindernisse automatisch umgeht und sofort auf die urspr\u00fcngliche Route zur\u00fcckkehrt.<\/p>\n<p> System zum Schutz vor Kabelverdrehung<br \/>\n Das patentierte Maytronics Anti-Verdreh-Drehgelenk verhindert ein Verheddern des Kabels. Wenn sich der Dolphin-Roboter im Pool bewegt, sorgt das Drehgelenk daf\u00fcr, dass das Kabel frei und gerade bleibt, sodass er sich ungehindert im Pool bewegen kann!<\/p>\n<p> Er ist leistungsstark konzipiert<br \/>\n Eine doppelte Reinigungsb\u00fcrste entfernt effektiv Schmutz von den Pooloberfl\u00e4chen, sodass das Wasser au\u00dfergew\u00f6hnlich sauber und gesund ist, was die Zufriedenheit der G\u00e4ste erh\u00f6ht.<\/p>\n<p> Caddy   <\/p>\n","protected":false},"excerpt":{"rendered":"<p>Dolphin Wave 100 CB<\/p>\n<p> Der Dolphin Dynamic WAVE 100 CB ist ein sehr effizienter, automatischer Poolreiniger f\u00fcr kleine und mittelgro\u00dfe institutionelle Pools bis zu einer L\u00e4nge von 25 m. Er bietet professionelle Reinigungsleistung in Kombination mit langlebigem und kosteng\u00fcnstigem Betrieb. Mithilfe eines fortschrittlichen gyroskopischen Systems scannt er den gesamten Pool, den Boden, die W\u00e4nde und die Wasserlinie. Sein Gyroskop-Navigationssystem reinigt den Poolboden regelm\u00e4\u00dfig und effizient. Eine Hochleistungs-Filterkammer filtert alle Arten von Verunreinigungen, sodass der Pool nach jedem Gebrauch strahlend sauber bleibt. Betriebszyklus: 4 \/ 6 \/ 8 Stunden. Unbegrenzte Nutzung. Er wiegt 11 kg und wird mit einer Garantie von 24 Monaten geliefert.       <\/p>\n<p> Hauptparameter<br \/>\n  &#8211; Empfohlene Pooll\u00e4nge: 25 Meter<br \/>\n  &#8211; Reinigungsbereich: Boden, Seitenwand, Wasserlinie<br \/>\n  &#8211; Fernbedienung: Fernbedienung<br \/>\n  &#8211; Arbeitszyklus: 4 \/ 6 \/ 8 Stunden<br \/>\n &#8211; Optimale w\u00f6chentliche Nutzung: Unbegrenzt<br \/>\n  &#8211; Filterung: Feine und ultrafeine Filterkartusche<br \/>\n  &#8211; Kabell\u00e4nge: 30 Meter<br \/>\n  &#8211; Saugleistung: 18 m\u00b3\/h<br \/>\n &#8211; Kabelverdrehschutz: Keiner<br \/>\n  &#8211; Gewicht: 11 kg<br \/>\n  &#8211; Caddy: Vorhanden<br \/>\n &#8211; Garantie: 24 Monate<\/p>\n<p> CleverClean Technologie<br \/>\n Ein fortschrittliches Navigationssystem und eine Scansoftware helfen Ihnen, den gesamten Pool zu navigieren. Dies stellt sicher, dass jeder Zentimeter des Bodens auf die effizienteste Weise gereinigt wird. Es ist so intelligent, dass das System Hindernisse automatisch umgeht und sofort auf die urspr\u00fcngliche Route zur\u00fcckkehrt.<\/p>\n<p> System zum Schutz vor Kabelverdrehung<br \/>\n Das patentierte Maytronics Anti-Verdreh-Drehgelenk verhindert ein Verheddern des Kabels. Wenn sich der Dolphin-Roboter im Pool bewegt, sorgt das Drehgelenk daf\u00fcr, dass das Kabel frei und gerade bleibt, sodass er sich ungehindert im Pool bewegen kann!<\/p>\n<p> Er ist leistungsstark konzipiert<br \/>\n Eine doppelte Reinigungsb\u00fcrste entfernt effektiv Schmutz von den Pooloberfl\u00e4chen, sodass das Wasser au\u00dfergew\u00f6hnlich sauber und gesund ist, was die Zufriedenheit der G\u00e4ste erh\u00f6ht.<\/p>\n<p> Caddy   <\/p>\n","protected":false},"featured_media":4242,"template":"","meta":[],"product_brand":[],"product_cat":[312],"product_tag":[],"class_list":{"0":"post-11032","1":"product","2":"type-product","3":"status-publish","4":"has-post-thumbnail","6":"product_cat-poolreiniger","7":"thunk-woo-product-list","8":"open-woo-hover-none","9":"open-single-product-tab-horizontal","10":"open-shadow-","11":"open-shadow-hover-","13":"first","14":"instock","15":"taxable","16":"shipping-taxable","17":"purchasable","18":"product-type-simple"},"yoast_head":"<!-- This site is optimized with the Yoast SEO plugin v26.9 - https:\/\/yoast.com\/product\/yoast-seo-wordpress\/ -->\n<title>Dolphin WAVE 100 CB - Pool-House<\/title>\n<meta name=\"robots\" content=\"index, follow, max-snippet:-1, max-image-preview:large, max-video-preview:-1\" \/>\n<link rel=\"canonical\" href=\"https:\/\/pool-house.shop\/de\/product\/dolphin-wave-100-cb\/\" \/>\n<meta property=\"og:locale\" content=\"de_DE\" \/>\n<meta property=\"og:type\" content=\"article\" \/>\n<meta property=\"og:title\" content=\"Dolphin WAVE 100 CB - Pool-House\" \/>\n<meta property=\"og:description\" content=\"Dolphin Wave 100 CB  Der Dolphin Dynamic WAVE 100 CB ist ein sehr effizienter, automatischer Poolreiniger f\u00fcr kleine und mittelgro\u00dfe institutionelle Pools bis zu einer L\u00e4nge von 25 m. Er bietet professionelle Reinigungsleistung in Kombination mit langlebigem und kosteng\u00fcnstigem Betrieb. Mithilfe eines fortschrittlichen gyroskopischen Systems scannt er den gesamten Pool, den Boden, die W\u00e4nde und die Wasserlinie. Sein Gyroskop-Navigationssystem reinigt den Poolboden regelm\u00e4\u00dfig und effizient. Eine Hochleistungs-Filterkammer filtert alle Arten von Verunreinigungen, sodass der Pool nach jedem Gebrauch strahlend sauber bleibt. Betriebszyklus: 4 \/ 6 \/ 8 Stunden. Unbegrenzte Nutzung. Er wiegt 11 kg und wird mit einer Garantie von 24 Monaten geliefert.      Hauptparameter  - Empfohlene Pooll\u00e4nge: 25 Meter  - Reinigungsbereich: Boden, Seitenwand, Wasserlinie  - Fernbedienung: Fernbedienung  - Arbeitszyklus: 4 \/ 6 \/ 8 Stunden - Optimale w\u00f6chentliche Nutzung: Unbegrenzt  - Filterung: Feine und ultrafeine Filterkartusche  - Kabell\u00e4nge: 30 Meter  - Saugleistung: 18 m\u00b3\/h - Kabelverdrehschutz: Keiner  - Gewicht: 11 kg  - Caddy: Vorhanden - Garantie: 24 Monate  CleverClean Technologie Ein fortschrittliches Navigationssystem und eine Scansoftware helfen Ihnen, den gesamten Pool zu navigieren. Dies stellt sicher, dass jeder Zentimeter des Bodens auf die effizienteste Weise gereinigt wird. Es ist so intelligent, dass das System Hindernisse automatisch umgeht und sofort auf die urspr\u00fcngliche Route zur\u00fcckkehrt.  System zum Schutz vor Kabelverdrehung Das patentierte Maytronics Anti-Verdreh-Drehgelenk verhindert ein Verheddern des Kabels. Wenn sich der Dolphin-Roboter im Pool bewegt, sorgt das Drehgelenk daf\u00fcr, dass das Kabel frei und gerade bleibt, sodass er sich ungehindert im Pool bewegen kann!  Er ist leistungsstark konzipiert Eine doppelte Reinigungsb\u00fcrste entfernt effektiv Schmutz von den Pooloberfl\u00e4chen, sodass das Wasser au\u00dfergew\u00f6hnlich sauber und gesund ist, was die Zufriedenheit der G\u00e4ste erh\u00f6ht.  Caddy\" \/>\n<meta property=\"og:url\" content=\"https:\/\/pool-house.shop\/de\/product\/dolphin-wave-100-cb\/\" \/>\n<meta property=\"og:site_name\" content=\"Pool-House\" \/>\n<meta property=\"article:publisher\" content=\"https:\/\/www.facebook.com\/termodomsk\/\" \/>\n<meta property=\"og:image\" content=\"https:\/\/pool-house.shop\/wp-content\/uploads\/2025\/04\/148203.png\" \/>\n\t<meta property=\"og:image:width\" content=\"2000\" \/>\n\t<meta property=\"og:image:height\" content=\"2000\" \/>\n\t<meta property=\"og:image:type\" content=\"image\/png\" \/>\n<meta name=\"twitter:card\" content=\"summary_large_image\" \/>\n<meta name=\"twitter:label1\" content=\"Gesch\u00e4tzte Lesezeit\" \/>\n\t<meta name=\"twitter:data1\" content=\"1\u00a0Minute\" \/>\n<script type=\"application\/ld+json\" class=\"yoast-schema-graph\">{\"@context\":\"https:\/\/schema.org\",\"@graph\":[{\"@type\":\"WebPage\",\"@id\":\"https:\/\/pool-house.shop\/de\/product\/dolphin-wave-100-cb\/\",\"url\":\"https:\/\/pool-house.shop\/de\/product\/dolphin-wave-100-cb\/\",\"name\":\"Dolphin WAVE 100 CB - Pool-House\",\"isPartOf\":{\"@id\":\"https:\/\/pool-house.shop\/de\/#website\"},\"primaryImageOfPage\":{\"@id\":\"https:\/\/pool-house.shop\/de\/product\/dolphin-wave-100-cb\/#primaryimage\"},\"image\":{\"@id\":\"https:\/\/pool-house.shop\/de\/product\/dolphin-wave-100-cb\/#primaryimage\"},\"thumbnailUrl\":\"https:\/\/pool-house.shop\/wp-content\/uploads\/2025\/04\/148203.png\",\"datePublished\":\"2025-04-08T10:22:27+00:00\",\"breadcrumb\":{\"@id\":\"https:\/\/pool-house.shop\/de\/product\/dolphin-wave-100-cb\/#breadcrumb\"},\"inLanguage\":\"de\",\"potentialAction\":[{\"@type\":\"ReadAction\",\"target\":[\"https:\/\/pool-house.shop\/de\/product\/dolphin-wave-100-cb\/\"]}]},{\"@type\":\"ImageObject\",\"inLanguage\":\"de\",\"@id\":\"https:\/\/pool-house.shop\/de\/product\/dolphin-wave-100-cb\/#primaryimage\",\"url\":\"https:\/\/pool-house.shop\/wp-content\/uploads\/2025\/04\/148203.png\",\"contentUrl\":\"https:\/\/pool-house.shop\/wp-content\/uploads\/2025\/04\/148203.png\",\"width\":2000,\"height\":2000},{\"@type\":\"BreadcrumbList\",\"@id\":\"https:\/\/pool-house.shop\/de\/product\/dolphin-wave-100-cb\/#breadcrumb\",\"itemListElement\":[{\"@type\":\"ListItem\",\"position\":1,\"name\":\"Domovsk\u00e1 str\u00e1nka\",\"item\":\"https:\/\/pool-house.shop\/de\/\"},{\"@type\":\"ListItem\",\"position\":2,\"name\":\"Shop\",\"item\":\"https:\/\/pool-house.shop\/de\/shop\/\"},{\"@type\":\"ListItem\",\"position\":3,\"name\":\"Dolphin WAVE 100 CB\"}]},{\"@type\":\"WebSite\",\"@id\":\"https:\/\/pool-house.shop\/de\/#website\",\"url\":\"https:\/\/pool-house.shop\/de\/\",\"name\":\"Pool-House\",\"description\":\"\",\"publisher\":{\"@id\":\"https:\/\/pool-house.shop\/de\/#organization\"},\"potentialAction\":[{\"@type\":\"SearchAction\",\"target\":{\"@type\":\"EntryPoint\",\"urlTemplate\":\"https:\/\/pool-house.shop\/de\/?s={search_term_string}\"},\"query-input\":{\"@type\":\"PropertyValueSpecification\",\"valueRequired\":true,\"valueName\":\"search_term_string\"}}],\"inLanguage\":\"de\"},{\"@type\":\"Organization\",\"@id\":\"https:\/\/pool-house.shop\/de\/#organization\",\"name\":\"Pool-House\",\"url\":\"https:\/\/pool-house.shop\/de\/\",\"logo\":{\"@type\":\"ImageObject\",\"inLanguage\":\"de\",\"@id\":\"https:\/\/pool-house.shop\/de\/#\/schema\/logo\/image\/\",\"url\":\"https:\/\/pool-house.shop\/wp-content\/uploads\/2025\/10\/logo-2-stvorec-mobil-modre.png\",\"contentUrl\":\"https:\/\/pool-house.shop\/wp-content\/uploads\/2025\/10\/logo-2-stvorec-mobil-modre.png\",\"width\":273,\"height\":189,\"caption\":\"Pool-House\"},\"image\":{\"@id\":\"https:\/\/pool-house.shop\/de\/#\/schema\/logo\/image\/\"},\"sameAs\":[\"https:\/\/www.facebook.com\/termodomsk\/\"]}]}<\/script>\n<!-- \/ Yoast SEO plugin. -->","yoast_head_json":{"title":"Dolphin WAVE 100 CB - Pool-House","robots":{"index":"index","follow":"follow","max-snippet":"max-snippet:-1","max-image-preview":"max-image-preview:large","max-video-preview":"max-video-preview:-1"},"canonical":"https:\/\/pool-house.shop\/de\/product\/dolphin-wave-100-cb\/","og_locale":"de_DE","og_type":"article","og_title":"Dolphin WAVE 100 CB - Pool-House","og_description":"Dolphin Wave 100 CB  Der Dolphin Dynamic WAVE 100 CB ist ein sehr effizienter, automatischer Poolreiniger f\u00fcr kleine und mittelgro\u00dfe institutionelle Pools bis zu einer L\u00e4nge von 25 m. Er bietet professionelle Reinigungsleistung in Kombination mit langlebigem und kosteng\u00fcnstigem Betrieb. Mithilfe eines fortschrittlichen gyroskopischen Systems scannt er den gesamten Pool, den Boden, die W\u00e4nde und die Wasserlinie. Sein Gyroskop-Navigationssystem reinigt den Poolboden regelm\u00e4\u00dfig und effizient. Eine Hochleistungs-Filterkammer filtert alle Arten von Verunreinigungen, sodass der Pool nach jedem Gebrauch strahlend sauber bleibt. Betriebszyklus: 4 \/ 6 \/ 8 Stunden. Unbegrenzte Nutzung. Er wiegt 11 kg und wird mit einer Garantie von 24 Monaten geliefert.      Hauptparameter  - Empfohlene Pooll\u00e4nge: 25 Meter  - Reinigungsbereich: Boden, Seitenwand, Wasserlinie  - Fernbedienung: Fernbedienung  - Arbeitszyklus: 4 \/ 6 \/ 8 Stunden - Optimale w\u00f6chentliche Nutzung: Unbegrenzt  - Filterung: Feine und ultrafeine Filterkartusche  - Kabell\u00e4nge: 30 Meter  - Saugleistung: 18 m\u00b3\/h - Kabelverdrehschutz: Keiner  - Gewicht: 11 kg  - Caddy: Vorhanden - Garantie: 24 Monate  CleverClean Technologie Ein fortschrittliches Navigationssystem und eine Scansoftware helfen Ihnen, den gesamten Pool zu navigieren. Dies stellt sicher, dass jeder Zentimeter des Bodens auf die effizienteste Weise gereinigt wird. Es ist so intelligent, dass das System Hindernisse automatisch umgeht und sofort auf die urspr\u00fcngliche Route zur\u00fcckkehrt.  System zum Schutz vor Kabelverdrehung Das patentierte Maytronics Anti-Verdreh-Drehgelenk verhindert ein Verheddern des Kabels. Wenn sich der Dolphin-Roboter im Pool bewegt, sorgt das Drehgelenk daf\u00fcr, dass das Kabel frei und gerade bleibt, sodass er sich ungehindert im Pool bewegen kann!  Er ist leistungsstark konzipiert Eine doppelte Reinigungsb\u00fcrste entfernt effektiv Schmutz von den Pooloberfl\u00e4chen, sodass das Wasser au\u00dfergew\u00f6hnlich sauber und gesund ist, was die Zufriedenheit der G\u00e4ste erh\u00f6ht.  Caddy","og_url":"https:\/\/pool-house.shop\/de\/product\/dolphin-wave-100-cb\/","og_site_name":"Pool-House","article_publisher":"https:\/\/www.facebook.com\/termodomsk\/","og_image":[{"width":2000,"height":2000,"url":"https:\/\/pool-house.shop\/wp-content\/uploads\/2025\/04\/148203.png","type":"image\/png"}],"twitter_card":"summary_large_image","twitter_misc":{"Gesch\u00e4tzte Lesezeit":"1\u00a0Minute"},"schema":{"@context":"https:\/\/schema.org","@graph":[{"@type":"WebPage","@id":"https:\/\/pool-house.shop\/de\/product\/dolphin-wave-100-cb\/","url":"https:\/\/pool-house.shop\/de\/product\/dolphin-wave-100-cb\/","name":"Dolphin WAVE 100 CB - Pool-House","isPartOf":{"@id":"https:\/\/pool-house.shop\/de\/#website"},"primaryImageOfPage":{"@id":"https:\/\/pool-house.shop\/de\/product\/dolphin-wave-100-cb\/#primaryimage"},"image":{"@id":"https:\/\/pool-house.shop\/de\/product\/dolphin-wave-100-cb\/#primaryimage"},"thumbnailUrl":"https:\/\/pool-house.shop\/wp-content\/uploads\/2025\/04\/148203.png","datePublished":"2025-04-08T10:22:27+00:00","breadcrumb":{"@id":"https:\/\/pool-house.shop\/de\/product\/dolphin-wave-100-cb\/#breadcrumb"},"inLanguage":"de","potentialAction":[{"@type":"ReadAction","target":["https:\/\/pool-house.shop\/de\/product\/dolphin-wave-100-cb\/"]}]},{"@type":"ImageObject","inLanguage":"de","@id":"https:\/\/pool-house.shop\/de\/product\/dolphin-wave-100-cb\/#primaryimage","url":"https:\/\/pool-house.shop\/wp-content\/uploads\/2025\/04\/148203.png","contentUrl":"https:\/\/pool-house.shop\/wp-content\/uploads\/2025\/04\/148203.png","width":2000,"height":2000},{"@type":"BreadcrumbList","@id":"https:\/\/pool-house.shop\/de\/product\/dolphin-wave-100-cb\/#breadcrumb","itemListElement":[{"@type":"ListItem","position":1,"name":"Domovsk\u00e1 str\u00e1nka","item":"https:\/\/pool-house.shop\/de\/"},{"@type":"ListItem","position":2,"name":"Shop","item":"https:\/\/pool-house.shop\/de\/shop\/"},{"@type":"ListItem","position":3,"name":"Dolphin WAVE 100 CB"}]},{"@type":"WebSite","@id":"https:\/\/pool-house.shop\/de\/#website","url":"https:\/\/pool-house.shop\/de\/","name":"Pool-House","description":"","publisher":{"@id":"https:\/\/pool-house.shop\/de\/#organization"},"potentialAction":[{"@type":"SearchAction","target":{"@type":"EntryPoint","urlTemplate":"https:\/\/pool-house.shop\/de\/?s={search_term_string}"},"query-input":{"@type":"PropertyValueSpecification","valueRequired":true,"valueName":"search_term_string"}}],"inLanguage":"de"},{"@type":"Organization","@id":"https:\/\/pool-house.shop\/de\/#organization","name":"Pool-House","url":"https:\/\/pool-house.shop\/de\/","logo":{"@type":"ImageObject","inLanguage":"de","@id":"https:\/\/pool-house.shop\/de\/#\/schema\/logo\/image\/","url":"https:\/\/pool-house.shop\/wp-content\/uploads\/2025\/10\/logo-2-stvorec-mobil-modre.png","contentUrl":"https:\/\/pool-house.shop\/wp-content\/uploads\/2025\/10\/logo-2-stvorec-mobil-modre.png","width":273,"height":189,"caption":"Pool-House"},"image":{"@id":"https:\/\/pool-house.shop\/de\/#\/schema\/logo\/image\/"},"sameAs":["https:\/\/www.facebook.com\/termodomsk\/"]}]}},"_links":{"self":[{"href":"https:\/\/pool-house.shop\/de\/wp-json\/wp\/v2\/product\/11032","targetHints":{"allow":["GET"]}}],"collection":[{"href":"https:\/\/pool-house.shop\/de\/wp-json\/wp\/v2\/product"}],"about":[{"href":"https:\/\/pool-house.shop\/de\/wp-json\/wp\/v2\/types\/product"}],"wp:featuredmedia":[{"embeddable":true,"href":"https:\/\/pool-house.shop\/de\/wp-json\/wp\/v2\/media\/4242"}],"wp:attachment":[{"href":"https:\/\/pool-house.shop\/de\/wp-json\/wp\/v2\/media?parent=11032"}],"wp:term":[{"taxonomy":"product_brand","embeddable":true,"href":"https:\/\/pool-house.shop\/de\/wp-json\/wp\/v2\/product_brand?post=11032"},{"taxonomy":"product_cat","embeddable":true,"href":"https:\/\/pool-house.shop\/de\/wp-json\/wp\/v2\/product_cat?post=11032"},{"taxonomy":"product_tag","embeddable":true,"href":"https:\/\/pool-house.shop\/de\/wp-json\/wp\/v2\/product_tag?post=11032"}],"curies":[{"name":"wp","href":"https:\/\/api.w.org\/{rel}","templated":true}]}}