{"id":11033,"date":"2025-04-08T12:22:29","date_gmt":"2025-04-08T10:22:29","guid":{"rendered":"https:\/\/pool-house.shop\/product\/dolphin-wave-300xl\/"},"modified":"2025-04-08T12:22:29","modified_gmt":"2025-04-08T10:22:29","slug":"dolphin-wave-300xl","status":"publish","type":"product","link":"https:\/\/pool-house.shop\/de\/product\/dolphin-wave-300xl\/","title":{"rendered":"Dolphin WAVE 300XL"},"content":{"rendered":"<p>Dolphin Wave 300 XL<\/p>\n<p> Der professionelle Spitzenroboter Wave 300 XL erf\u00fcllt die anspruchsvollen Anforderungen gro\u00dfer Wasseranlagen. Der ideale Reinigungsroboter f\u00fcr gro\u00dfe institutionelle Schwimmb\u00e4der, olympische Anlagen, Wasserparks und andere Orte mit Becken bis zu 50 Metern!<br \/>\n Bei t\u00e4glichem Gebrauch und langer Lebensdauer funktioniert er hervorragend und reinigt den Pool mit der h\u00f6chsten Leistung seiner Kategorie von schwer zu entfernenden Verschmutzungen. Unabh\u00e4ngig von Form und Typ arbeitet er effizient und effektiv in jedem gro\u00dfen Pool, einschlie\u00dflich solcher mit Strandeingang. <\/p>\n<p> Hauptparameter<br \/>\n &#8211; Empfohlene Pooll\u00e4nge: 50 Meter<br \/>\n &#8211; Reinigungsbereich: Boden<br \/>\n &#8211; Fernbedienung: MMI<br \/>\n &#8211; Betriebszyklus: 1-8 Stunden<br \/>\n &#8211; Optimale w\u00f6chentliche Nutzung: Unbegrenzt<br \/>\n &#8211; Filterung: Drei verschiedene Filterstufen<br \/>\n &#8211; Kabell\u00e4nge: 43 Meter \/ 50 Meter<br \/>\n &#8211; Saugleistung: 40 m\u00b3\/h<br \/>\n &#8211; Kabelverdrehschutz: Keiner<br \/>\n &#8211; Gewicht: 25 kg<br \/>\n &#8211; Caddy: Vorhanden<br \/>\n &#8211; Garantie: 24 Monate oder 3000 Stunden<\/p>\n<p> MMI &#8211; Interaktive digitale Schnittstelle<br \/>\n Filterbeutel mit vollst\u00e4ndiger Anzeige, Betriebsverz\u00f6gerung und weiteren Betriebsmodi: Die automatischen Modi \u201eZum Pool gehen\u201c und \u201eZum Warenkorb gehen\u201c erm\u00f6glichen eine einfache Bedienung. Die Programme werden auf einem benutzerfreundlichen LCD-Display ausgew\u00e4hlt.<br \/>\n Es ist m\u00f6glich, die Zykluszeit f\u00fcr bis zu 4 verschiedene Pools einzustellen. Der Technikermodus erm\u00f6glicht die Diagnose \u00fcber eine integrierte Schnittstelle mit USB-Anschluss.<\/p>\n<p> Multifunktionaler Caddy mit automatischem Kabelaufroller<br \/>\n Der am Caddy montierte Kabelaufroller verf\u00fcgt \u00fcber einen Drehmechanismus, der ein leichtes Abwickeln w\u00e4hrend des Betriebs des Roboters gew\u00e4hrleistet.<\/p>\n<p> Filtersystem<br \/>\n Ein kristallklares Filtersystem, das mit einem modernen Ansatz und einfachem Einrasten arbeitet, geeignet f\u00fcr Wartung und Reinigung. Eine einfache, benutzerfreundliche, dreistufige Filtration, die optimal ist, um Verunreinigungen aufzufangen und das Wasser in allen Pooltypen zu reinigen. Feine Filterbeutel fangen effektiv allt\u00e4glichen Schmutz auf, ultrafeine Filterbeutel erfassen feine Staubpartikel, und das Filternetz filtert Bl\u00e4tter und grobe Verunreinigungen heraus.<\/p>\n<p> Schnelle Montage, einfache Handhabung<br \/>\n Schnelles, sauberes Ablassen des Wassers und ein leichtes, ergonomisches Design erleichtern das Entnehmen des Roboters aus dem Pool! Sie sind leicht zu reparieren, ein Werksservice ist nicht erforderlich. Zertifizierte Fachh\u00e4ndler f\u00fchren in den meisten F\u00e4llen schnelle Reparaturen durch, tauschen bei Bedarf Teile aus und f\u00fchren regelm\u00e4\u00dfige Kontrollen durch.    <\/p>\n<p> Caddy<\/p>\n","protected":false},"excerpt":{"rendered":"<p>Dolphin Wave 300 XL<\/p>\n<p> Der professionelle Spitzenroboter Wave 300 XL erf\u00fcllt die anspruchsvollen Anforderungen gro\u00dfer Wasseranlagen. Der ideale Reinigungsroboter f\u00fcr gro\u00dfe institutionelle Schwimmb\u00e4der, olympische Anlagen, Wasserparks und andere Orte mit Becken bis zu 50 Metern!<br \/>\n Bei t\u00e4glichem Gebrauch und langer Lebensdauer funktioniert er hervorragend und reinigt den Pool mit der h\u00f6chsten Leistung seiner Kategorie von schwer zu entfernenden Verschmutzungen. Unabh\u00e4ngig von Form und Typ arbeitet er effizient und effektiv in jedem gro\u00dfen Pool, einschlie\u00dflich solcher mit Strandeingang. <\/p>\n<p> Hauptparameter<br \/>\n &#8211; Empfohlene Pooll\u00e4nge: 50 Meter<br \/>\n &#8211; Reinigungsbereich: Boden<br \/>\n &#8211; Fernbedienung: MMI<br \/>\n &#8211; Betriebszyklus: 1-8 Stunden<br \/>\n &#8211; Optimale w\u00f6chentliche Nutzung: Unbegrenzt<br \/>\n &#8211; Filterung: Drei verschiedene Filterstufen<br \/>\n &#8211; Kabell\u00e4nge: 43 Meter \/ 50 Meter<br \/>\n &#8211; Saugleistung: 40 m\u00b3\/h<br \/>\n &#8211; Kabelverdrehschutz: Keiner<br \/>\n &#8211; Gewicht: 25 kg<br \/>\n &#8211; Caddy: Vorhanden<br \/>\n &#8211; Garantie: 24 Monate oder 3000 Stunden<\/p>\n<p> MMI &#8211; Interaktive digitale Schnittstelle<br \/>\n Filterbeutel mit vollst\u00e4ndiger Anzeige, Betriebsverz\u00f6gerung und weiteren Betriebsmodi: Die automatischen Modi \u201eZum Pool gehen\u201c und \u201eZum Warenkorb gehen\u201c erm\u00f6glichen eine einfache Bedienung. Die Programme werden auf einem benutzerfreundlichen LCD-Display ausgew\u00e4hlt.<br \/>\n Es ist m\u00f6glich, die Zykluszeit f\u00fcr bis zu 4 verschiedene Pools einzustellen. Der Technikermodus erm\u00f6glicht die Diagnose \u00fcber eine integrierte Schnittstelle mit USB-Anschluss.<\/p>\n<p> Multifunktionaler Caddy mit automatischem Kabelaufroller<br \/>\n Der am Caddy montierte Kabelaufroller verf\u00fcgt \u00fcber einen Drehmechanismus, der ein leichtes Abwickeln w\u00e4hrend des Betriebs des Roboters gew\u00e4hrleistet.<\/p>\n<p> Filtersystem<br \/>\n Ein kristallklares Filtersystem, das mit einem modernen Ansatz und einfachem Einrasten arbeitet, geeignet f\u00fcr Wartung und Reinigung. Eine einfache, benutzerfreundliche, dreistufige Filtration, die optimal ist, um Verunreinigungen aufzufangen und das Wasser in allen Pooltypen zu reinigen. Feine Filterbeutel fangen effektiv allt\u00e4glichen Schmutz auf, ultrafeine Filterbeutel erfassen feine Staubpartikel, und das Filternetz filtert Bl\u00e4tter und grobe Verunreinigungen heraus.<\/p>\n<p> Schnelle Montage, einfache Handhabung<br \/>\n Schnelles, sauberes Ablassen des Wassers und ein leichtes, ergonomisches Design erleichtern das Entnehmen des Roboters aus dem Pool! Sie sind leicht zu reparieren, ein Werksservice ist nicht erforderlich. Zertifizierte Fachh\u00e4ndler f\u00fchren in den meisten F\u00e4llen schnelle Reparaturen durch, tauschen bei Bedarf Teile aus und f\u00fchren regelm\u00e4\u00dfige Kontrollen durch.    <\/p>\n<p> Caddy<\/p>\n","protected":false},"featured_media":4244,"template":"","meta":[],"product_brand":[],"product_cat":[312],"product_tag":[],"class_list":{"0":"post-11033","1":"product","2":"type-product","3":"status-publish","4":"has-post-thumbnail","6":"product_cat-poolreiniger","7":"thunk-woo-product-list","8":"open-woo-hover-none","9":"open-single-product-tab-horizontal","10":"open-shadow-","11":"open-shadow-hover-","13":"first","14":"instock","15":"taxable","16":"shipping-taxable","17":"purchasable","18":"product-type-simple"},"yoast_head":"<!-- This site is optimized with the Yoast SEO plugin v26.9 - https:\/\/yoast.com\/product\/yoast-seo-wordpress\/ -->\n<title>Dolphin WAVE 300XL - Pool-House<\/title>\n<meta name=\"robots\" content=\"index, follow, max-snippet:-1, max-image-preview:large, max-video-preview:-1\" \/>\n<link rel=\"canonical\" href=\"https:\/\/pool-house.shop\/de\/product\/dolphin-wave-300xl\/\" \/>\n<meta property=\"og:locale\" content=\"de_DE\" \/>\n<meta property=\"og:type\" content=\"article\" \/>\n<meta property=\"og:title\" content=\"Dolphin WAVE 300XL - Pool-House\" \/>\n<meta property=\"og:description\" content=\"Dolphin Wave 300 XL  Der professionelle Spitzenroboter Wave 300 XL erf\u00fcllt die anspruchsvollen Anforderungen gro\u00dfer Wasseranlagen. Der ideale Reinigungsroboter f\u00fcr gro\u00dfe institutionelle Schwimmb\u00e4der, olympische Anlagen, Wasserparks und andere Orte mit Becken bis zu 50 Metern!   Bei t\u00e4glichem Gebrauch und langer Lebensdauer funktioniert er hervorragend und reinigt den Pool mit der h\u00f6chsten Leistung seiner Kategorie von schwer zu entfernenden Verschmutzungen. Unabh\u00e4ngig von Form und Typ arbeitet er effizient und effektiv in jedem gro\u00dfen Pool, einschlie\u00dflich solcher mit Strandeingang.   Hauptparameter - Empfohlene Pooll\u00e4nge: 50 Meter - Reinigungsbereich: Boden - Fernbedienung: MMI - Betriebszyklus: 1-8 Stunden - Optimale w\u00f6chentliche Nutzung: Unbegrenzt - Filterung: Drei verschiedene Filterstufen - Kabell\u00e4nge: 43 Meter \/ 50 Meter - Saugleistung: 40 m\u00b3\/h - Kabelverdrehschutz: Keiner - Gewicht: 25 kg - Caddy: Vorhanden - Garantie: 24 Monate oder 3000 Stunden  MMI - Interaktive digitale Schnittstelle Filterbeutel mit vollst\u00e4ndiger Anzeige, Betriebsverz\u00f6gerung und weiteren Betriebsmodi: Die automatischen Modi \u201eZum Pool gehen\u201c und \u201eZum Warenkorb gehen\u201c erm\u00f6glichen eine einfache Bedienung. Die Programme werden auf einem benutzerfreundlichen LCD-Display ausgew\u00e4hlt.   Es ist m\u00f6glich, die Zykluszeit f\u00fcr bis zu 4 verschiedene Pools einzustellen. Der Technikermodus erm\u00f6glicht die Diagnose \u00fcber eine integrierte Schnittstelle mit USB-Anschluss.  Multifunktionaler Caddy mit automatischem Kabelaufroller Der am Caddy montierte Kabelaufroller verf\u00fcgt \u00fcber einen Drehmechanismus, der ein leichtes Abwickeln w\u00e4hrend des Betriebs des Roboters gew\u00e4hrleistet.  Filtersystem Ein kristallklares Filtersystem, das mit einem modernen Ansatz und einfachem Einrasten arbeitet, geeignet f\u00fcr Wartung und Reinigung. Eine einfache, benutzerfreundliche, dreistufige Filtration, die optimal ist, um Verunreinigungen aufzufangen und das Wasser in allen Pooltypen zu reinigen. Feine Filterbeutel fangen effektiv allt\u00e4glichen Schmutz auf, ultrafeine Filterbeutel erfassen feine Staubpartikel, und das Filternetz filtert Bl\u00e4tter und grobe Verunreinigungen heraus.  Schnelle Montage, einfache Handhabung Schnelles, sauberes Ablassen des Wassers und ein leichtes, ergonomisches Design erleichtern das Entnehmen des Roboters aus dem Pool! Sie sind leicht zu reparieren, ein Werksservice ist nicht erforderlich. Zertifizierte Fachh\u00e4ndler f\u00fchren in den meisten F\u00e4llen schnelle Reparaturen durch, tauschen bei Bedarf Teile aus und f\u00fchren regelm\u00e4\u00dfige Kontrollen durch.    Caddy\" \/>\n<meta property=\"og:url\" content=\"https:\/\/pool-house.shop\/de\/product\/dolphin-wave-300xl\/\" \/>\n<meta property=\"og:site_name\" content=\"Pool-House\" \/>\n<meta property=\"article:publisher\" content=\"https:\/\/www.facebook.com\/termodomsk\/\" \/>\n<meta property=\"og:image\" content=\"https:\/\/pool-house.shop\/wp-content\/uploads\/2025\/04\/148300.png\" \/>\n\t<meta property=\"og:image:width\" content=\"2000\" \/>\n\t<meta property=\"og:image:height\" content=\"2000\" \/>\n\t<meta property=\"og:image:type\" content=\"image\/png\" \/>\n<meta name=\"twitter:card\" content=\"summary_large_image\" \/>\n<meta name=\"twitter:label1\" content=\"Gesch\u00e4tzte Lesezeit\" \/>\n\t<meta name=\"twitter:data1\" content=\"2\u00a0Minuten\" \/>\n<script type=\"application\/ld+json\" class=\"yoast-schema-graph\">{\"@context\":\"https:\/\/schema.org\",\"@graph\":[{\"@type\":\"WebPage\",\"@id\":\"https:\/\/pool-house.shop\/de\/product\/dolphin-wave-300xl\/\",\"url\":\"https:\/\/pool-house.shop\/de\/product\/dolphin-wave-300xl\/\",\"name\":\"Dolphin WAVE 300XL - Pool-House\",\"isPartOf\":{\"@id\":\"https:\/\/pool-house.shop\/de\/#website\"},\"primaryImageOfPage\":{\"@id\":\"https:\/\/pool-house.shop\/de\/product\/dolphin-wave-300xl\/#primaryimage\"},\"image\":{\"@id\":\"https:\/\/pool-house.shop\/de\/product\/dolphin-wave-300xl\/#primaryimage\"},\"thumbnailUrl\":\"https:\/\/pool-house.shop\/wp-content\/uploads\/2025\/04\/148300.png\",\"datePublished\":\"2025-04-08T10:22:29+00:00\",\"breadcrumb\":{\"@id\":\"https:\/\/pool-house.shop\/de\/product\/dolphin-wave-300xl\/#breadcrumb\"},\"inLanguage\":\"de\",\"potentialAction\":[{\"@type\":\"ReadAction\",\"target\":[\"https:\/\/pool-house.shop\/de\/product\/dolphin-wave-300xl\/\"]}]},{\"@type\":\"ImageObject\",\"inLanguage\":\"de\",\"@id\":\"https:\/\/pool-house.shop\/de\/product\/dolphin-wave-300xl\/#primaryimage\",\"url\":\"https:\/\/pool-house.shop\/wp-content\/uploads\/2025\/04\/148300.png\",\"contentUrl\":\"https:\/\/pool-house.shop\/wp-content\/uploads\/2025\/04\/148300.png\",\"width\":2000,\"height\":2000},{\"@type\":\"BreadcrumbList\",\"@id\":\"https:\/\/pool-house.shop\/de\/product\/dolphin-wave-300xl\/#breadcrumb\",\"itemListElement\":[{\"@type\":\"ListItem\",\"position\":1,\"name\":\"Domovsk\u00e1 str\u00e1nka\",\"item\":\"https:\/\/pool-house.shop\/de\/\"},{\"@type\":\"ListItem\",\"position\":2,\"name\":\"Shop\",\"item\":\"https:\/\/pool-house.shop\/de\/shop\/\"},{\"@type\":\"ListItem\",\"position\":3,\"name\":\"Dolphin WAVE 300XL\"}]},{\"@type\":\"WebSite\",\"@id\":\"https:\/\/pool-house.shop\/de\/#website\",\"url\":\"https:\/\/pool-house.shop\/de\/\",\"name\":\"Pool-House\",\"description\":\"\",\"publisher\":{\"@id\":\"https:\/\/pool-house.shop\/de\/#organization\"},\"potentialAction\":[{\"@type\":\"SearchAction\",\"target\":{\"@type\":\"EntryPoint\",\"urlTemplate\":\"https:\/\/pool-house.shop\/de\/?s={search_term_string}\"},\"query-input\":{\"@type\":\"PropertyValueSpecification\",\"valueRequired\":true,\"valueName\":\"search_term_string\"}}],\"inLanguage\":\"de\"},{\"@type\":\"Organization\",\"@id\":\"https:\/\/pool-house.shop\/de\/#organization\",\"name\":\"Pool-House\",\"url\":\"https:\/\/pool-house.shop\/de\/\",\"logo\":{\"@type\":\"ImageObject\",\"inLanguage\":\"de\",\"@id\":\"https:\/\/pool-house.shop\/de\/#\/schema\/logo\/image\/\",\"url\":\"https:\/\/pool-house.shop\/wp-content\/uploads\/2025\/10\/logo-2-stvorec-mobil-modre.png\",\"contentUrl\":\"https:\/\/pool-house.shop\/wp-content\/uploads\/2025\/10\/logo-2-stvorec-mobil-modre.png\",\"width\":273,\"height\":189,\"caption\":\"Pool-House\"},\"image\":{\"@id\":\"https:\/\/pool-house.shop\/de\/#\/schema\/logo\/image\/\"},\"sameAs\":[\"https:\/\/www.facebook.com\/termodomsk\/\"]}]}<\/script>\n<!-- \/ Yoast SEO plugin. -->","yoast_head_json":{"title":"Dolphin WAVE 300XL - Pool-House","robots":{"index":"index","follow":"follow","max-snippet":"max-snippet:-1","max-image-preview":"max-image-preview:large","max-video-preview":"max-video-preview:-1"},"canonical":"https:\/\/pool-house.shop\/de\/product\/dolphin-wave-300xl\/","og_locale":"de_DE","og_type":"article","og_title":"Dolphin WAVE 300XL - Pool-House","og_description":"Dolphin Wave 300 XL  Der professionelle Spitzenroboter Wave 300 XL erf\u00fcllt die anspruchsvollen Anforderungen gro\u00dfer Wasseranlagen. Der ideale Reinigungsroboter f\u00fcr gro\u00dfe institutionelle Schwimmb\u00e4der, olympische Anlagen, Wasserparks und andere Orte mit Becken bis zu 50 Metern!   Bei t\u00e4glichem Gebrauch und langer Lebensdauer funktioniert er hervorragend und reinigt den Pool mit der h\u00f6chsten Leistung seiner Kategorie von schwer zu entfernenden Verschmutzungen. Unabh\u00e4ngig von Form und Typ arbeitet er effizient und effektiv in jedem gro\u00dfen Pool, einschlie\u00dflich solcher mit Strandeingang.   Hauptparameter - Empfohlene Pooll\u00e4nge: 50 Meter - Reinigungsbereich: Boden - Fernbedienung: MMI - Betriebszyklus: 1-8 Stunden - Optimale w\u00f6chentliche Nutzung: Unbegrenzt - Filterung: Drei verschiedene Filterstufen - Kabell\u00e4nge: 43 Meter \/ 50 Meter - Saugleistung: 40 m\u00b3\/h - Kabelverdrehschutz: Keiner - Gewicht: 25 kg - Caddy: Vorhanden - Garantie: 24 Monate oder 3000 Stunden  MMI - Interaktive digitale Schnittstelle Filterbeutel mit vollst\u00e4ndiger Anzeige, Betriebsverz\u00f6gerung und weiteren Betriebsmodi: Die automatischen Modi \u201eZum Pool gehen\u201c und \u201eZum Warenkorb gehen\u201c erm\u00f6glichen eine einfache Bedienung. Die Programme werden auf einem benutzerfreundlichen LCD-Display ausgew\u00e4hlt.   Es ist m\u00f6glich, die Zykluszeit f\u00fcr bis zu 4 verschiedene Pools einzustellen. Der Technikermodus erm\u00f6glicht die Diagnose \u00fcber eine integrierte Schnittstelle mit USB-Anschluss.  Multifunktionaler Caddy mit automatischem Kabelaufroller Der am Caddy montierte Kabelaufroller verf\u00fcgt \u00fcber einen Drehmechanismus, der ein leichtes Abwickeln w\u00e4hrend des Betriebs des Roboters gew\u00e4hrleistet.  Filtersystem Ein kristallklares Filtersystem, das mit einem modernen Ansatz und einfachem Einrasten arbeitet, geeignet f\u00fcr Wartung und Reinigung. Eine einfache, benutzerfreundliche, dreistufige Filtration, die optimal ist, um Verunreinigungen aufzufangen und das Wasser in allen Pooltypen zu reinigen. Feine Filterbeutel fangen effektiv allt\u00e4glichen Schmutz auf, ultrafeine Filterbeutel erfassen feine Staubpartikel, und das Filternetz filtert Bl\u00e4tter und grobe Verunreinigungen heraus.  Schnelle Montage, einfache Handhabung Schnelles, sauberes Ablassen des Wassers und ein leichtes, ergonomisches Design erleichtern das Entnehmen des Roboters aus dem Pool! Sie sind leicht zu reparieren, ein Werksservice ist nicht erforderlich. Zertifizierte Fachh\u00e4ndler f\u00fchren in den meisten F\u00e4llen schnelle Reparaturen durch, tauschen bei Bedarf Teile aus und f\u00fchren regelm\u00e4\u00dfige Kontrollen durch.    Caddy","og_url":"https:\/\/pool-house.shop\/de\/product\/dolphin-wave-300xl\/","og_site_name":"Pool-House","article_publisher":"https:\/\/www.facebook.com\/termodomsk\/","og_image":[{"width":2000,"height":2000,"url":"https:\/\/pool-house.shop\/wp-content\/uploads\/2025\/04\/148300.png","type":"image\/png"}],"twitter_card":"summary_large_image","twitter_misc":{"Gesch\u00e4tzte Lesezeit":"2\u00a0Minuten"},"schema":{"@context":"https:\/\/schema.org","@graph":[{"@type":"WebPage","@id":"https:\/\/pool-house.shop\/de\/product\/dolphin-wave-300xl\/","url":"https:\/\/pool-house.shop\/de\/product\/dolphin-wave-300xl\/","name":"Dolphin WAVE 300XL - Pool-House","isPartOf":{"@id":"https:\/\/pool-house.shop\/de\/#website"},"primaryImageOfPage":{"@id":"https:\/\/pool-house.shop\/de\/product\/dolphin-wave-300xl\/#primaryimage"},"image":{"@id":"https:\/\/pool-house.shop\/de\/product\/dolphin-wave-300xl\/#primaryimage"},"thumbnailUrl":"https:\/\/pool-house.shop\/wp-content\/uploads\/2025\/04\/148300.png","datePublished":"2025-04-08T10:22:29+00:00","breadcrumb":{"@id":"https:\/\/pool-house.shop\/de\/product\/dolphin-wave-300xl\/#breadcrumb"},"inLanguage":"de","potentialAction":[{"@type":"ReadAction","target":["https:\/\/pool-house.shop\/de\/product\/dolphin-wave-300xl\/"]}]},{"@type":"ImageObject","inLanguage":"de","@id":"https:\/\/pool-house.shop\/de\/product\/dolphin-wave-300xl\/#primaryimage","url":"https:\/\/pool-house.shop\/wp-content\/uploads\/2025\/04\/148300.png","contentUrl":"https:\/\/pool-house.shop\/wp-content\/uploads\/2025\/04\/148300.png","width":2000,"height":2000},{"@type":"BreadcrumbList","@id":"https:\/\/pool-house.shop\/de\/product\/dolphin-wave-300xl\/#breadcrumb","itemListElement":[{"@type":"ListItem","position":1,"name":"Domovsk\u00e1 str\u00e1nka","item":"https:\/\/pool-house.shop\/de\/"},{"@type":"ListItem","position":2,"name":"Shop","item":"https:\/\/pool-house.shop\/de\/shop\/"},{"@type":"ListItem","position":3,"name":"Dolphin WAVE 300XL"}]},{"@type":"WebSite","@id":"https:\/\/pool-house.shop\/de\/#website","url":"https:\/\/pool-house.shop\/de\/","name":"Pool-House","description":"","publisher":{"@id":"https:\/\/pool-house.shop\/de\/#organization"},"potentialAction":[{"@type":"SearchAction","target":{"@type":"EntryPoint","urlTemplate":"https:\/\/pool-house.shop\/de\/?s={search_term_string}"},"query-input":{"@type":"PropertyValueSpecification","valueRequired":true,"valueName":"search_term_string"}}],"inLanguage":"de"},{"@type":"Organization","@id":"https:\/\/pool-house.shop\/de\/#organization","name":"Pool-House","url":"https:\/\/pool-house.shop\/de\/","logo":{"@type":"ImageObject","inLanguage":"de","@id":"https:\/\/pool-house.shop\/de\/#\/schema\/logo\/image\/","url":"https:\/\/pool-house.shop\/wp-content\/uploads\/2025\/10\/logo-2-stvorec-mobil-modre.png","contentUrl":"https:\/\/pool-house.shop\/wp-content\/uploads\/2025\/10\/logo-2-stvorec-mobil-modre.png","width":273,"height":189,"caption":"Pool-House"},"image":{"@id":"https:\/\/pool-house.shop\/de\/#\/schema\/logo\/image\/"},"sameAs":["https:\/\/www.facebook.com\/termodomsk\/"]}]}},"_links":{"self":[{"href":"https:\/\/pool-house.shop\/de\/wp-json\/wp\/v2\/product\/11033","targetHints":{"allow":["GET"]}}],"collection":[{"href":"https:\/\/pool-house.shop\/de\/wp-json\/wp\/v2\/product"}],"about":[{"href":"https:\/\/pool-house.shop\/de\/wp-json\/wp\/v2\/types\/product"}],"wp:featuredmedia":[{"embeddable":true,"href":"https:\/\/pool-house.shop\/de\/wp-json\/wp\/v2\/media\/4244"}],"wp:attachment":[{"href":"https:\/\/pool-house.shop\/de\/wp-json\/wp\/v2\/media?parent=11033"}],"wp:term":[{"taxonomy":"product_brand","embeddable":true,"href":"https:\/\/pool-house.shop\/de\/wp-json\/wp\/v2\/product_brand?post=11033"},{"taxonomy":"product_cat","embeddable":true,"href":"https:\/\/pool-house.shop\/de\/wp-json\/wp\/v2\/product_cat?post=11033"},{"taxonomy":"product_tag","embeddable":true,"href":"https:\/\/pool-house.shop\/de\/wp-json\/wp\/v2\/product_tag?post=11033"}],"curies":[{"name":"wp","href":"https:\/\/api.w.org\/{rel}","templated":true}]}}