{"id":11037,"date":"2025-04-08T12:22:24","date_gmt":"2025-04-08T10:22:24","guid":{"rendered":"https:\/\/pool-house.shop\/product\/dolphin-wave-200xl\/"},"modified":"2025-04-08T12:22:24","modified_gmt":"2025-04-08T10:22:24","slug":"dolphin-wave-200xl","status":"publish","type":"product","link":"https:\/\/pool-house.shop\/de\/product\/dolphin-wave-200xl\/","title":{"rendered":"Dolphin WAVE 200XL"},"content":{"rendered":"<p>Dolphin Wave 200 XL<\/p>\n<p> Der Dolphin WAVE 200 XL bietet eine schnelle und professionelle Bodenreinigung f\u00fcr eingelassene Pools jeder Art, Gr\u00f6\u00dfe oder Form bis zu einer L\u00e4nge von 33 m. Wenn Sie den Dolphin Wave 200 XL kaufen, erhalten Sie eine kompromisslose professionelle Reinigungsleistung mit bis zu vier verschiedenen Scanmodi.<br \/>\n Der WAVE 200 XL wird \u00fcber die MMI-Konsole gesteuert. Es k\u00f6nnen vier verschiedene Poolkonfigurationen definiert und im MMI-Speicher abgelegt werden. Er f\u00fchrt eine Wand-zu-Wand-Reinigung mit der besten Effizienz seiner Klasse durch. Dank des schnellen und effizienten Betriebs k\u00f6nnen die Pools weiter genutzt werden, wodurch Ausfallzeiten minimiert werden.    <\/p>\n<p> Hauptparameter<br \/>\n &#8211; Empfohlene Pooll\u00e4nge: 33 Meter<br \/>\n &#8211; Reinigungsbereich: Boden<br \/>\n &#8211; Fernbedienung: MMI<br \/>\n &#8211; Arbeitszyklus: 1-8 Stunden<br \/>\n &#8211; Optimale w\u00f6chentliche Nutzung: Unbegrenzt<br \/>\n &#8211; Filter: Dreischicht-Spiralfilter<br \/>\n &#8211; Kabell\u00e4nge: 35 Meter<br \/>\n &#8211; Saugleistung: 34 m3\/h<br \/>\n &#8211; Kabelverdrehschutz: Nicht vorhanden<br \/>\n &#8211; Gewicht: 25 kg<br \/>\n &#8211; Caddy: Vorhanden<br \/>\n &#8211; Garantie: 24 Monate oder 3000 Stunden<\/p>\n<p> MMI \u2013 Interaktive digitale Schnittstelle<br \/>\n Filterbeutel mit F\u00fcllstandsanzeige, Betriebsverz\u00f6gerung und weiteren Betriebsmodi: Automatische Modi wie \u201eZum Pool\u201c und \u201eZum Transportwagen\u201c erm\u00f6glichen eine einfache Bedienung. Die Programme werden auf einem benutzerfreundlichen LCD-Display ausgew\u00e4hlt.<br \/>\n Die Zykluszeit kann f\u00fcr bis zu 4 verschiedene Pools eingestellt werden. Der Technikermodus erm\u00f6glicht die Diagnose \u00fcber eine integrierte Schnittstelle mit USB-Anschluss.<\/p>\n<p> Multifunktionaler Transportwagen mit automatischem Kabelaufroller<br \/>\n Der am Transportwagen montierte Kabelaufroller mit Drehmechanismus sorgt f\u00fcr ein leichtes Abwickeln w\u00e4hrend des Betriebs des Roboters.<\/p>\n<p> Mehrfachfiltration<br \/>\n Hocheffiziente, verstopfungsfreie Filtration mit einem doppelschichtigen Spiralfilter. Er nimmt gleichzeitig grobe, feine und ultrafeine Verunreinigungen auf und filtert sie. Ein spiralf\u00f6rmiges Durchflusssystem zirkuliert Wasser mit einer gro\u00dfen Menge an Verunreinigungen durch das Filternetz. Das Filternetz f\u00e4ngt gr\u00f6bere Verunreinigungen auf, wodurch die Lebensdauer der Filterkartusche verl\u00e4ngert wird. Ultrafeine Verunreinigungen werden durch eine gro\u00dfe gefaltete Filterkartusche herausgefiltert. Filterlagen mit Zugang von oben, zum Einrasten und Trennen f\u00fcr einfache und bequeme Wartung und Reinigung.<\/p>\n<p> Einfache Entnahme<br \/>\n Schnelles, sauberes Ablassen des Wassers und ein leichtes, ergonomisches Design erleichtern das Herausnehmen des Roboters aus dem Pool!      <\/p>\n","protected":false},"excerpt":{"rendered":"<p>Dolphin Wave 200 XL<\/p>\n<p> Der Dolphin WAVE 200 XL bietet eine schnelle und professionelle Bodenreinigung f\u00fcr eingelassene Pools jeder Art, Gr\u00f6\u00dfe oder Form bis zu einer L\u00e4nge von 33 m. Wenn Sie den Dolphin Wave 200 XL kaufen, erhalten Sie eine kompromisslose professionelle Reinigungsleistung mit bis zu vier verschiedenen Scanmodi.<br \/>\n Der WAVE 200 XL wird \u00fcber die MMI-Konsole gesteuert. Es k\u00f6nnen vier verschiedene Poolkonfigurationen definiert und im MMI-Speicher abgelegt werden. Er f\u00fchrt eine Wand-zu-Wand-Reinigung mit der besten Effizienz seiner Klasse durch. Dank des schnellen und effizienten Betriebs k\u00f6nnen die Pools weiter genutzt werden, wodurch Ausfallzeiten minimiert werden.    <\/p>\n<p> Hauptparameter<br \/>\n &#8211; Empfohlene Pooll\u00e4nge: 33 Meter<br \/>\n &#8211; Reinigungsbereich: Boden<br \/>\n &#8211; Fernbedienung: MMI<br \/>\n &#8211; Arbeitszyklus: 1-8 Stunden<br \/>\n &#8211; Optimale w\u00f6chentliche Nutzung: Unbegrenzt<br \/>\n &#8211; Filter: Dreischicht-Spiralfilter<br \/>\n &#8211; Kabell\u00e4nge: 35 Meter<br \/>\n &#8211; Saugleistung: 34 m3\/h<br \/>\n &#8211; Kabelverdrehschutz: Nicht vorhanden<br \/>\n &#8211; Gewicht: 25 kg<br \/>\n &#8211; Caddy: Vorhanden<br \/>\n &#8211; Garantie: 24 Monate oder 3000 Stunden<\/p>\n<p> MMI \u2013 Interaktive digitale Schnittstelle<br \/>\n Filterbeutel mit F\u00fcllstandsanzeige, Betriebsverz\u00f6gerung und weiteren Betriebsmodi: Automatische Modi wie \u201eZum Pool\u201c und \u201eZum Transportwagen\u201c erm\u00f6glichen eine einfache Bedienung. Die Programme werden auf einem benutzerfreundlichen LCD-Display ausgew\u00e4hlt.<br \/>\n Die Zykluszeit kann f\u00fcr bis zu 4 verschiedene Pools eingestellt werden. Der Technikermodus erm\u00f6glicht die Diagnose \u00fcber eine integrierte Schnittstelle mit USB-Anschluss.<\/p>\n<p> Multifunktionaler Transportwagen mit automatischem Kabelaufroller<br \/>\n Der am Transportwagen montierte Kabelaufroller mit Drehmechanismus sorgt f\u00fcr ein leichtes Abwickeln w\u00e4hrend des Betriebs des Roboters.<\/p>\n<p> Mehrfachfiltration<br \/>\n Hocheffiziente, verstopfungsfreie Filtration mit einem doppelschichtigen Spiralfilter. Er nimmt gleichzeitig grobe, feine und ultrafeine Verunreinigungen auf und filtert sie. Ein spiralf\u00f6rmiges Durchflusssystem zirkuliert Wasser mit einer gro\u00dfen Menge an Verunreinigungen durch das Filternetz. Das Filternetz f\u00e4ngt gr\u00f6bere Verunreinigungen auf, wodurch die Lebensdauer der Filterkartusche verl\u00e4ngert wird. Ultrafeine Verunreinigungen werden durch eine gro\u00dfe gefaltete Filterkartusche herausgefiltert. Filterlagen mit Zugang von oben, zum Einrasten und Trennen f\u00fcr einfache und bequeme Wartung und Reinigung.<\/p>\n<p> Einfache Entnahme<br \/>\n Schnelles, sauberes Ablassen des Wassers und ein leichtes, ergonomisches Design erleichtern das Herausnehmen des Roboters aus dem Pool!      <\/p>\n","protected":false},"featured_media":4240,"template":"","meta":[],"product_brand":[],"product_cat":[312],"product_tag":[],"class_list":{"0":"post-11037","1":"product","2":"type-product","3":"status-publish","4":"has-post-thumbnail","6":"product_cat-poolreiniger","7":"thunk-woo-product-list","8":"open-woo-hover-none","9":"open-single-product-tab-horizontal","10":"open-shadow-","11":"open-shadow-hover-","13":"first","14":"instock","15":"taxable","16":"shipping-taxable","17":"purchasable","18":"product-type-simple"},"yoast_head":"<!-- This site is optimized with the Yoast SEO plugin v26.9 - https:\/\/yoast.com\/product\/yoast-seo-wordpress\/ -->\n<title>Dolphin WAVE 200XL - Pool-House<\/title>\n<meta name=\"robots\" content=\"index, follow, max-snippet:-1, max-image-preview:large, max-video-preview:-1\" \/>\n<link rel=\"canonical\" href=\"https:\/\/pool-house.shop\/de\/product\/dolphin-wave-200xl\/\" \/>\n<meta property=\"og:locale\" content=\"de_DE\" \/>\n<meta property=\"og:type\" content=\"article\" \/>\n<meta property=\"og:title\" content=\"Dolphin WAVE 200XL - Pool-House\" \/>\n<meta property=\"og:description\" content=\"Dolphin Wave 200 XL  Der Dolphin WAVE 200 XL bietet eine schnelle und professionelle Bodenreinigung f\u00fcr eingelassene Pools jeder Art, Gr\u00f6\u00dfe oder Form bis zu einer L\u00e4nge von 33 m. Wenn Sie den Dolphin Wave 200 XL kaufen, erhalten Sie eine kompromisslose professionelle Reinigungsleistung mit bis zu vier verschiedenen Scanmodi.  Der WAVE 200 XL wird \u00fcber die MMI-Konsole gesteuert. Es k\u00f6nnen vier verschiedene Poolkonfigurationen definiert und im MMI-Speicher abgelegt werden. Er f\u00fchrt eine Wand-zu-Wand-Reinigung mit der besten Effizienz seiner Klasse durch. Dank des schnellen und effizienten Betriebs k\u00f6nnen die Pools weiter genutzt werden, wodurch Ausfallzeiten minimiert werden.    Hauptparameter - Empfohlene Pooll\u00e4nge: 33 Meter - Reinigungsbereich: Boden - Fernbedienung: MMI - Arbeitszyklus: 1-8 Stunden - Optimale w\u00f6chentliche Nutzung: Unbegrenzt - Filter: Dreischicht-Spiralfilter - Kabell\u00e4nge: 35 Meter - Saugleistung: 34 m3\/h - Kabelverdrehschutz: Nicht vorhanden - Gewicht: 25 kg - Caddy: Vorhanden - Garantie: 24 Monate oder 3000 Stunden  MMI \u2013 Interaktive digitale Schnittstelle Filterbeutel mit F\u00fcllstandsanzeige, Betriebsverz\u00f6gerung und weiteren Betriebsmodi: Automatische Modi wie \u201eZum Pool\u201c und \u201eZum Transportwagen\u201c erm\u00f6glichen eine einfache Bedienung. Die Programme werden auf einem benutzerfreundlichen LCD-Display ausgew\u00e4hlt.  Die Zykluszeit kann f\u00fcr bis zu 4 verschiedene Pools eingestellt werden. Der Technikermodus erm\u00f6glicht die Diagnose \u00fcber eine integrierte Schnittstelle mit USB-Anschluss.  Multifunktionaler Transportwagen mit automatischem Kabelaufroller Der am Transportwagen montierte Kabelaufroller mit Drehmechanismus sorgt f\u00fcr ein leichtes Abwickeln w\u00e4hrend des Betriebs des Roboters.  Mehrfachfiltration Hocheffiziente, verstopfungsfreie Filtration mit einem doppelschichtigen Spiralfilter. Er nimmt gleichzeitig grobe, feine und ultrafeine Verunreinigungen auf und filtert sie. Ein spiralf\u00f6rmiges Durchflusssystem zirkuliert Wasser mit einer gro\u00dfen Menge an Verunreinigungen durch das Filternetz. Das Filternetz f\u00e4ngt gr\u00f6bere Verunreinigungen auf, wodurch die Lebensdauer der Filterkartusche verl\u00e4ngert wird. Ultrafeine Verunreinigungen werden durch eine gro\u00dfe gefaltete Filterkartusche herausgefiltert. Filterlagen mit Zugang von oben, zum Einrasten und Trennen f\u00fcr einfache und bequeme Wartung und Reinigung.  Einfache Entnahme Schnelles, sauberes Ablassen des Wassers und ein leichtes, ergonomisches Design erleichtern das Herausnehmen des Roboters aus dem Pool!\" \/>\n<meta property=\"og:url\" content=\"https:\/\/pool-house.shop\/de\/product\/dolphin-wave-200xl\/\" \/>\n<meta property=\"og:site_name\" content=\"Pool-House\" \/>\n<meta property=\"article:publisher\" content=\"https:\/\/www.facebook.com\/termodomsk\/\" \/>\n<meta property=\"og:image\" content=\"https:\/\/pool-house.shop\/wp-content\/uploads\/2025\/04\/148200.png\" \/>\n\t<meta property=\"og:image:width\" content=\"2000\" \/>\n\t<meta property=\"og:image:height\" content=\"2000\" \/>\n\t<meta property=\"og:image:type\" content=\"image\/png\" \/>\n<meta name=\"twitter:card\" content=\"summary_large_image\" \/>\n<meta name=\"twitter:label1\" content=\"Gesch\u00e4tzte Lesezeit\" \/>\n\t<meta name=\"twitter:data1\" content=\"2\u00a0Minuten\" \/>\n<script type=\"application\/ld+json\" class=\"yoast-schema-graph\">{\"@context\":\"https:\/\/schema.org\",\"@graph\":[{\"@type\":\"WebPage\",\"@id\":\"https:\/\/pool-house.shop\/de\/product\/dolphin-wave-200xl\/\",\"url\":\"https:\/\/pool-house.shop\/de\/product\/dolphin-wave-200xl\/\",\"name\":\"Dolphin WAVE 200XL - Pool-House\",\"isPartOf\":{\"@id\":\"https:\/\/pool-house.shop\/de\/#website\"},\"primaryImageOfPage\":{\"@id\":\"https:\/\/pool-house.shop\/de\/product\/dolphin-wave-200xl\/#primaryimage\"},\"image\":{\"@id\":\"https:\/\/pool-house.shop\/de\/product\/dolphin-wave-200xl\/#primaryimage\"},\"thumbnailUrl\":\"https:\/\/pool-house.shop\/wp-content\/uploads\/2025\/04\/148200.png\",\"datePublished\":\"2025-04-08T10:22:24+00:00\",\"breadcrumb\":{\"@id\":\"https:\/\/pool-house.shop\/de\/product\/dolphin-wave-200xl\/#breadcrumb\"},\"inLanguage\":\"de\",\"potentialAction\":[{\"@type\":\"ReadAction\",\"target\":[\"https:\/\/pool-house.shop\/de\/product\/dolphin-wave-200xl\/\"]}]},{\"@type\":\"ImageObject\",\"inLanguage\":\"de\",\"@id\":\"https:\/\/pool-house.shop\/de\/product\/dolphin-wave-200xl\/#primaryimage\",\"url\":\"https:\/\/pool-house.shop\/wp-content\/uploads\/2025\/04\/148200.png\",\"contentUrl\":\"https:\/\/pool-house.shop\/wp-content\/uploads\/2025\/04\/148200.png\",\"width\":2000,\"height\":2000},{\"@type\":\"BreadcrumbList\",\"@id\":\"https:\/\/pool-house.shop\/de\/product\/dolphin-wave-200xl\/#breadcrumb\",\"itemListElement\":[{\"@type\":\"ListItem\",\"position\":1,\"name\":\"Domovsk\u00e1 str\u00e1nka\",\"item\":\"https:\/\/pool-house.shop\/de\/\"},{\"@type\":\"ListItem\",\"position\":2,\"name\":\"Shop\",\"item\":\"https:\/\/pool-house.shop\/de\/shop\/\"},{\"@type\":\"ListItem\",\"position\":3,\"name\":\"Dolphin WAVE 200XL\"}]},{\"@type\":\"WebSite\",\"@id\":\"https:\/\/pool-house.shop\/de\/#website\",\"url\":\"https:\/\/pool-house.shop\/de\/\",\"name\":\"Pool-House\",\"description\":\"\",\"publisher\":{\"@id\":\"https:\/\/pool-house.shop\/de\/#organization\"},\"potentialAction\":[{\"@type\":\"SearchAction\",\"target\":{\"@type\":\"EntryPoint\",\"urlTemplate\":\"https:\/\/pool-house.shop\/de\/?s={search_term_string}\"},\"query-input\":{\"@type\":\"PropertyValueSpecification\",\"valueRequired\":true,\"valueName\":\"search_term_string\"}}],\"inLanguage\":\"de\"},{\"@type\":\"Organization\",\"@id\":\"https:\/\/pool-house.shop\/de\/#organization\",\"name\":\"Pool-House\",\"url\":\"https:\/\/pool-house.shop\/de\/\",\"logo\":{\"@type\":\"ImageObject\",\"inLanguage\":\"de\",\"@id\":\"https:\/\/pool-house.shop\/de\/#\/schema\/logo\/image\/\",\"url\":\"https:\/\/pool-house.shop\/wp-content\/uploads\/2025\/10\/logo-2-stvorec-mobil-modre.png\",\"contentUrl\":\"https:\/\/pool-house.shop\/wp-content\/uploads\/2025\/10\/logo-2-stvorec-mobil-modre.png\",\"width\":273,\"height\":189,\"caption\":\"Pool-House\"},\"image\":{\"@id\":\"https:\/\/pool-house.shop\/de\/#\/schema\/logo\/image\/\"},\"sameAs\":[\"https:\/\/www.facebook.com\/termodomsk\/\"]}]}<\/script>\n<!-- \/ Yoast SEO plugin. -->","yoast_head_json":{"title":"Dolphin WAVE 200XL - Pool-House","robots":{"index":"index","follow":"follow","max-snippet":"max-snippet:-1","max-image-preview":"max-image-preview:large","max-video-preview":"max-video-preview:-1"},"canonical":"https:\/\/pool-house.shop\/de\/product\/dolphin-wave-200xl\/","og_locale":"de_DE","og_type":"article","og_title":"Dolphin WAVE 200XL - Pool-House","og_description":"Dolphin Wave 200 XL  Der Dolphin WAVE 200 XL bietet eine schnelle und professionelle Bodenreinigung f\u00fcr eingelassene Pools jeder Art, Gr\u00f6\u00dfe oder Form bis zu einer L\u00e4nge von 33 m. Wenn Sie den Dolphin Wave 200 XL kaufen, erhalten Sie eine kompromisslose professionelle Reinigungsleistung mit bis zu vier verschiedenen Scanmodi.  Der WAVE 200 XL wird \u00fcber die MMI-Konsole gesteuert. Es k\u00f6nnen vier verschiedene Poolkonfigurationen definiert und im MMI-Speicher abgelegt werden. Er f\u00fchrt eine Wand-zu-Wand-Reinigung mit der besten Effizienz seiner Klasse durch. Dank des schnellen und effizienten Betriebs k\u00f6nnen die Pools weiter genutzt werden, wodurch Ausfallzeiten minimiert werden.    Hauptparameter - Empfohlene Pooll\u00e4nge: 33 Meter - Reinigungsbereich: Boden - Fernbedienung: MMI - Arbeitszyklus: 1-8 Stunden - Optimale w\u00f6chentliche Nutzung: Unbegrenzt - Filter: Dreischicht-Spiralfilter - Kabell\u00e4nge: 35 Meter - Saugleistung: 34 m3\/h - Kabelverdrehschutz: Nicht vorhanden - Gewicht: 25 kg - Caddy: Vorhanden - Garantie: 24 Monate oder 3000 Stunden  MMI \u2013 Interaktive digitale Schnittstelle Filterbeutel mit F\u00fcllstandsanzeige, Betriebsverz\u00f6gerung und weiteren Betriebsmodi: Automatische Modi wie \u201eZum Pool\u201c und \u201eZum Transportwagen\u201c erm\u00f6glichen eine einfache Bedienung. Die Programme werden auf einem benutzerfreundlichen LCD-Display ausgew\u00e4hlt.  Die Zykluszeit kann f\u00fcr bis zu 4 verschiedene Pools eingestellt werden. Der Technikermodus erm\u00f6glicht die Diagnose \u00fcber eine integrierte Schnittstelle mit USB-Anschluss.  Multifunktionaler Transportwagen mit automatischem Kabelaufroller Der am Transportwagen montierte Kabelaufroller mit Drehmechanismus sorgt f\u00fcr ein leichtes Abwickeln w\u00e4hrend des Betriebs des Roboters.  Mehrfachfiltration Hocheffiziente, verstopfungsfreie Filtration mit einem doppelschichtigen Spiralfilter. Er nimmt gleichzeitig grobe, feine und ultrafeine Verunreinigungen auf und filtert sie. Ein spiralf\u00f6rmiges Durchflusssystem zirkuliert Wasser mit einer gro\u00dfen Menge an Verunreinigungen durch das Filternetz. Das Filternetz f\u00e4ngt gr\u00f6bere Verunreinigungen auf, wodurch die Lebensdauer der Filterkartusche verl\u00e4ngert wird. Ultrafeine Verunreinigungen werden durch eine gro\u00dfe gefaltete Filterkartusche herausgefiltert. Filterlagen mit Zugang von oben, zum Einrasten und Trennen f\u00fcr einfache und bequeme Wartung und Reinigung.  Einfache Entnahme Schnelles, sauberes Ablassen des Wassers und ein leichtes, ergonomisches Design erleichtern das Herausnehmen des Roboters aus dem Pool!","og_url":"https:\/\/pool-house.shop\/de\/product\/dolphin-wave-200xl\/","og_site_name":"Pool-House","article_publisher":"https:\/\/www.facebook.com\/termodomsk\/","og_image":[{"width":2000,"height":2000,"url":"https:\/\/pool-house.shop\/wp-content\/uploads\/2025\/04\/148200.png","type":"image\/png"}],"twitter_card":"summary_large_image","twitter_misc":{"Gesch\u00e4tzte Lesezeit":"2\u00a0Minuten"},"schema":{"@context":"https:\/\/schema.org","@graph":[{"@type":"WebPage","@id":"https:\/\/pool-house.shop\/de\/product\/dolphin-wave-200xl\/","url":"https:\/\/pool-house.shop\/de\/product\/dolphin-wave-200xl\/","name":"Dolphin WAVE 200XL - Pool-House","isPartOf":{"@id":"https:\/\/pool-house.shop\/de\/#website"},"primaryImageOfPage":{"@id":"https:\/\/pool-house.shop\/de\/product\/dolphin-wave-200xl\/#primaryimage"},"image":{"@id":"https:\/\/pool-house.shop\/de\/product\/dolphin-wave-200xl\/#primaryimage"},"thumbnailUrl":"https:\/\/pool-house.shop\/wp-content\/uploads\/2025\/04\/148200.png","datePublished":"2025-04-08T10:22:24+00:00","breadcrumb":{"@id":"https:\/\/pool-house.shop\/de\/product\/dolphin-wave-200xl\/#breadcrumb"},"inLanguage":"de","potentialAction":[{"@type":"ReadAction","target":["https:\/\/pool-house.shop\/de\/product\/dolphin-wave-200xl\/"]}]},{"@type":"ImageObject","inLanguage":"de","@id":"https:\/\/pool-house.shop\/de\/product\/dolphin-wave-200xl\/#primaryimage","url":"https:\/\/pool-house.shop\/wp-content\/uploads\/2025\/04\/148200.png","contentUrl":"https:\/\/pool-house.shop\/wp-content\/uploads\/2025\/04\/148200.png","width":2000,"height":2000},{"@type":"BreadcrumbList","@id":"https:\/\/pool-house.shop\/de\/product\/dolphin-wave-200xl\/#breadcrumb","itemListElement":[{"@type":"ListItem","position":1,"name":"Domovsk\u00e1 str\u00e1nka","item":"https:\/\/pool-house.shop\/de\/"},{"@type":"ListItem","position":2,"name":"Shop","item":"https:\/\/pool-house.shop\/de\/shop\/"},{"@type":"ListItem","position":3,"name":"Dolphin WAVE 200XL"}]},{"@type":"WebSite","@id":"https:\/\/pool-house.shop\/de\/#website","url":"https:\/\/pool-house.shop\/de\/","name":"Pool-House","description":"","publisher":{"@id":"https:\/\/pool-house.shop\/de\/#organization"},"potentialAction":[{"@type":"SearchAction","target":{"@type":"EntryPoint","urlTemplate":"https:\/\/pool-house.shop\/de\/?s={search_term_string}"},"query-input":{"@type":"PropertyValueSpecification","valueRequired":true,"valueName":"search_term_string"}}],"inLanguage":"de"},{"@type":"Organization","@id":"https:\/\/pool-house.shop\/de\/#organization","name":"Pool-House","url":"https:\/\/pool-house.shop\/de\/","logo":{"@type":"ImageObject","inLanguage":"de","@id":"https:\/\/pool-house.shop\/de\/#\/schema\/logo\/image\/","url":"https:\/\/pool-house.shop\/wp-content\/uploads\/2025\/10\/logo-2-stvorec-mobil-modre.png","contentUrl":"https:\/\/pool-house.shop\/wp-content\/uploads\/2025\/10\/logo-2-stvorec-mobil-modre.png","width":273,"height":189,"caption":"Pool-House"},"image":{"@id":"https:\/\/pool-house.shop\/de\/#\/schema\/logo\/image\/"},"sameAs":["https:\/\/www.facebook.com\/termodomsk\/"]}]}},"_links":{"self":[{"href":"https:\/\/pool-house.shop\/de\/wp-json\/wp\/v2\/product\/11037","targetHints":{"allow":["GET"]}}],"collection":[{"href":"https:\/\/pool-house.shop\/de\/wp-json\/wp\/v2\/product"}],"about":[{"href":"https:\/\/pool-house.shop\/de\/wp-json\/wp\/v2\/types\/product"}],"wp:featuredmedia":[{"embeddable":true,"href":"https:\/\/pool-house.shop\/de\/wp-json\/wp\/v2\/media\/4240"}],"wp:attachment":[{"href":"https:\/\/pool-house.shop\/de\/wp-json\/wp\/v2\/media?parent=11037"}],"wp:term":[{"taxonomy":"product_brand","embeddable":true,"href":"https:\/\/pool-house.shop\/de\/wp-json\/wp\/v2\/product_brand?post=11037"},{"taxonomy":"product_cat","embeddable":true,"href":"https:\/\/pool-house.shop\/de\/wp-json\/wp\/v2\/product_cat?post=11037"},{"taxonomy":"product_tag","embeddable":true,"href":"https:\/\/pool-house.shop\/de\/wp-json\/wp\/v2\/product_tag?post=11037"}],"curies":[{"name":"wp","href":"https:\/\/api.w.org\/{rel}","templated":true}]}}