{"id":11039,"date":"2025-04-08T12:22:22","date_gmt":"2025-04-08T10:22:22","guid":{"rendered":"https:\/\/pool-house.shop\/product\/dolphin-caddy-abdeckung-classic-black\/"},"modified":"2025-04-08T12:22:22","modified_gmt":"2025-04-08T10:22:22","slug":"dolphin-caddy-abdeckung-classic-black","status":"publish","type":"product","link":"https:\/\/pool-house.shop\/de\/product\/dolphin-caddy-abdeckung-classic-black\/","title":{"rendered":"Dolphin Caddy Abdeckung Classic Black"},"content":{"rendered":"<p>Dolphin Caddy Abdeckung<\/p>\n<p> Halten Sie Ihren Dolphin Poolreinigungsroboter in Top-Zustand! Die Abdeckung ist leicht abnehmbar und ihr bequemer Griff erleichtert das Anbringen und Abnehmen. Die Dolphin Premium Caddy Abdeckung sch\u00fctzt vor Sonneneinstrahlung und Feuchtigkeit.<br \/>\n Bel\u00fcftungs\u00f6ffnungen erm\u00f6glichen die Luftzirkulation, um die Ansammlung von Feuchtigkeit im Inneren der Abdeckung zu verhindern.<\/p>\n<p> Typ: Classic Black &#8211; Classic black<\/p>\n","protected":false},"excerpt":{"rendered":"<p>Dolphin Caddy Abdeckung<\/p>\n<p> Halten Sie Ihren Dolphin Poolreinigungsroboter in Top-Zustand! Die Abdeckung ist leicht abnehmbar und ihr bequemer Griff erleichtert das Anbringen und Abnehmen. Die Dolphin Premium Caddy Abdeckung sch\u00fctzt vor Sonneneinstrahlung und Feuchtigkeit.<br \/>\n Bel\u00fcftungs\u00f6ffnungen erm\u00f6glichen die Luftzirkulation, um die Ansammlung von Feuchtigkeit im Inneren der Abdeckung zu verhindern.<\/p>\n<p> Typ: Classic Black &#8211; Classic black<\/p>\n","protected":false},"featured_media":4236,"template":"","meta":[],"product_brand":[],"product_cat":[312],"product_tag":[],"class_list":{"0":"post-11039","1":"product","2":"type-product","3":"status-publish","4":"has-post-thumbnail","6":"product_cat-poolreiniger","7":"thunk-woo-product-list","8":"open-woo-hover-none","9":"open-single-product-tab-horizontal","10":"open-shadow-","11":"open-shadow-hover-","13":"first","14":"instock","15":"taxable","16":"shipping-taxable","17":"purchasable","18":"product-type-simple"},"yoast_head":"<!-- This site is optimized with the Yoast SEO plugin v26.9 - https:\/\/yoast.com\/product\/yoast-seo-wordpress\/ -->\n<title>Dolphin Caddy Abdeckung Classic Black - Pool-House<\/title>\n<meta name=\"robots\" content=\"index, follow, max-snippet:-1, max-image-preview:large, max-video-preview:-1\" \/>\n<link rel=\"canonical\" href=\"https:\/\/pool-house.shop\/de\/product\/dolphin-caddy-abdeckung-classic-black\/\" \/>\n<meta property=\"og:locale\" content=\"de_DE\" \/>\n<meta property=\"og:type\" content=\"article\" \/>\n<meta property=\"og:title\" content=\"Dolphin Caddy Abdeckung Classic Black - Pool-House\" \/>\n<meta property=\"og:description\" content=\"Dolphin Caddy Abdeckung  Halten Sie Ihren Dolphin Poolreinigungsroboter in Top-Zustand! Die Abdeckung ist leicht abnehmbar und ihr bequemer Griff erleichtert das Anbringen und Abnehmen. Die Dolphin Premium Caddy Abdeckung sch\u00fctzt vor Sonneneinstrahlung und Feuchtigkeit.  Bel\u00fcftungs\u00f6ffnungen erm\u00f6glichen die Luftzirkulation, um die Ansammlung von Feuchtigkeit im Inneren der Abdeckung zu verhindern.  Typ: Classic Black - Classic black\" \/>\n<meta property=\"og:url\" content=\"https:\/\/pool-house.shop\/de\/product\/dolphin-caddy-abdeckung-classic-black\/\" \/>\n<meta property=\"og:site_name\" content=\"Pool-House\" \/>\n<meta property=\"article:publisher\" content=\"https:\/\/www.facebook.com\/termodomsk\/\" \/>\n<meta property=\"og:image\" content=\"https:\/\/pool-house.shop\/wp-content\/uploads\/2025\/04\/148183.png\" \/>\n\t<meta property=\"og:image:width\" content=\"1000\" \/>\n\t<meta property=\"og:image:height\" content=\"400\" \/>\n\t<meta property=\"og:image:type\" content=\"image\/png\" \/>\n<meta name=\"twitter:card\" content=\"summary_large_image\" \/>\n<script type=\"application\/ld+json\" class=\"yoast-schema-graph\">{\"@context\":\"https:\/\/schema.org\",\"@graph\":[{\"@type\":\"WebPage\",\"@id\":\"https:\/\/pool-house.shop\/de\/product\/dolphin-caddy-abdeckung-classic-black\/\",\"url\":\"https:\/\/pool-house.shop\/de\/product\/dolphin-caddy-abdeckung-classic-black\/\",\"name\":\"Dolphin Caddy Abdeckung Classic Black - Pool-House\",\"isPartOf\":{\"@id\":\"https:\/\/pool-house.shop\/de\/#website\"},\"primaryImageOfPage\":{\"@id\":\"https:\/\/pool-house.shop\/de\/product\/dolphin-caddy-abdeckung-classic-black\/#primaryimage\"},\"image\":{\"@id\":\"https:\/\/pool-house.shop\/de\/product\/dolphin-caddy-abdeckung-classic-black\/#primaryimage\"},\"thumbnailUrl\":\"https:\/\/pool-house.shop\/wp-content\/uploads\/2025\/04\/148183.png\",\"datePublished\":\"2025-04-08T10:22:22+00:00\",\"breadcrumb\":{\"@id\":\"https:\/\/pool-house.shop\/de\/product\/dolphin-caddy-abdeckung-classic-black\/#breadcrumb\"},\"inLanguage\":\"de\",\"potentialAction\":[{\"@type\":\"ReadAction\",\"target\":[\"https:\/\/pool-house.shop\/de\/product\/dolphin-caddy-abdeckung-classic-black\/\"]}]},{\"@type\":\"ImageObject\",\"inLanguage\":\"de\",\"@id\":\"https:\/\/pool-house.shop\/de\/product\/dolphin-caddy-abdeckung-classic-black\/#primaryimage\",\"url\":\"https:\/\/pool-house.shop\/wp-content\/uploads\/2025\/04\/148183.png\",\"contentUrl\":\"https:\/\/pool-house.shop\/wp-content\/uploads\/2025\/04\/148183.png\",\"width\":1000,\"height\":400},{\"@type\":\"BreadcrumbList\",\"@id\":\"https:\/\/pool-house.shop\/de\/product\/dolphin-caddy-abdeckung-classic-black\/#breadcrumb\",\"itemListElement\":[{\"@type\":\"ListItem\",\"position\":1,\"name\":\"Domovsk\u00e1 str\u00e1nka\",\"item\":\"https:\/\/pool-house.shop\/de\/\"},{\"@type\":\"ListItem\",\"position\":2,\"name\":\"Shop\",\"item\":\"https:\/\/pool-house.shop\/de\/shop\/\"},{\"@type\":\"ListItem\",\"position\":3,\"name\":\"Dolphin Caddy Abdeckung Classic Black\"}]},{\"@type\":\"WebSite\",\"@id\":\"https:\/\/pool-house.shop\/de\/#website\",\"url\":\"https:\/\/pool-house.shop\/de\/\",\"name\":\"Pool-House\",\"description\":\"\",\"publisher\":{\"@id\":\"https:\/\/pool-house.shop\/de\/#organization\"},\"potentialAction\":[{\"@type\":\"SearchAction\",\"target\":{\"@type\":\"EntryPoint\",\"urlTemplate\":\"https:\/\/pool-house.shop\/de\/?s={search_term_string}\"},\"query-input\":{\"@type\":\"PropertyValueSpecification\",\"valueRequired\":true,\"valueName\":\"search_term_string\"}}],\"inLanguage\":\"de\"},{\"@type\":\"Organization\",\"@id\":\"https:\/\/pool-house.shop\/de\/#organization\",\"name\":\"Pool-House\",\"url\":\"https:\/\/pool-house.shop\/de\/\",\"logo\":{\"@type\":\"ImageObject\",\"inLanguage\":\"de\",\"@id\":\"https:\/\/pool-house.shop\/de\/#\/schema\/logo\/image\/\",\"url\":\"https:\/\/pool-house.shop\/wp-content\/uploads\/2025\/10\/logo-2-stvorec-mobil-modre.png\",\"contentUrl\":\"https:\/\/pool-house.shop\/wp-content\/uploads\/2025\/10\/logo-2-stvorec-mobil-modre.png\",\"width\":273,\"height\":189,\"caption\":\"Pool-House\"},\"image\":{\"@id\":\"https:\/\/pool-house.shop\/de\/#\/schema\/logo\/image\/\"},\"sameAs\":[\"https:\/\/www.facebook.com\/termodomsk\/\"]}]}<\/script>\n<!-- \/ Yoast SEO plugin. -->","yoast_head_json":{"title":"Dolphin Caddy Abdeckung Classic Black - Pool-House","robots":{"index":"index","follow":"follow","max-snippet":"max-snippet:-1","max-image-preview":"max-image-preview:large","max-video-preview":"max-video-preview:-1"},"canonical":"https:\/\/pool-house.shop\/de\/product\/dolphin-caddy-abdeckung-classic-black\/","og_locale":"de_DE","og_type":"article","og_title":"Dolphin Caddy Abdeckung Classic Black - Pool-House","og_description":"Dolphin Caddy Abdeckung  Halten Sie Ihren Dolphin Poolreinigungsroboter in Top-Zustand! Die Abdeckung ist leicht abnehmbar und ihr bequemer Griff erleichtert das Anbringen und Abnehmen. Die Dolphin Premium Caddy Abdeckung sch\u00fctzt vor Sonneneinstrahlung und Feuchtigkeit.  Bel\u00fcftungs\u00f6ffnungen erm\u00f6glichen die Luftzirkulation, um die Ansammlung von Feuchtigkeit im Inneren der Abdeckung zu verhindern.  Typ: Classic Black - Classic black","og_url":"https:\/\/pool-house.shop\/de\/product\/dolphin-caddy-abdeckung-classic-black\/","og_site_name":"Pool-House","article_publisher":"https:\/\/www.facebook.com\/termodomsk\/","og_image":[{"width":1000,"height":400,"url":"https:\/\/pool-house.shop\/wp-content\/uploads\/2025\/04\/148183.png","type":"image\/png"}],"twitter_card":"summary_large_image","schema":{"@context":"https:\/\/schema.org","@graph":[{"@type":"WebPage","@id":"https:\/\/pool-house.shop\/de\/product\/dolphin-caddy-abdeckung-classic-black\/","url":"https:\/\/pool-house.shop\/de\/product\/dolphin-caddy-abdeckung-classic-black\/","name":"Dolphin Caddy Abdeckung Classic Black - Pool-House","isPartOf":{"@id":"https:\/\/pool-house.shop\/de\/#website"},"primaryImageOfPage":{"@id":"https:\/\/pool-house.shop\/de\/product\/dolphin-caddy-abdeckung-classic-black\/#primaryimage"},"image":{"@id":"https:\/\/pool-house.shop\/de\/product\/dolphin-caddy-abdeckung-classic-black\/#primaryimage"},"thumbnailUrl":"https:\/\/pool-house.shop\/wp-content\/uploads\/2025\/04\/148183.png","datePublished":"2025-04-08T10:22:22+00:00","breadcrumb":{"@id":"https:\/\/pool-house.shop\/de\/product\/dolphin-caddy-abdeckung-classic-black\/#breadcrumb"},"inLanguage":"de","potentialAction":[{"@type":"ReadAction","target":["https:\/\/pool-house.shop\/de\/product\/dolphin-caddy-abdeckung-classic-black\/"]}]},{"@type":"ImageObject","inLanguage":"de","@id":"https:\/\/pool-house.shop\/de\/product\/dolphin-caddy-abdeckung-classic-black\/#primaryimage","url":"https:\/\/pool-house.shop\/wp-content\/uploads\/2025\/04\/148183.png","contentUrl":"https:\/\/pool-house.shop\/wp-content\/uploads\/2025\/04\/148183.png","width":1000,"height":400},{"@type":"BreadcrumbList","@id":"https:\/\/pool-house.shop\/de\/product\/dolphin-caddy-abdeckung-classic-black\/#breadcrumb","itemListElement":[{"@type":"ListItem","position":1,"name":"Domovsk\u00e1 str\u00e1nka","item":"https:\/\/pool-house.shop\/de\/"},{"@type":"ListItem","position":2,"name":"Shop","item":"https:\/\/pool-house.shop\/de\/shop\/"},{"@type":"ListItem","position":3,"name":"Dolphin Caddy Abdeckung Classic Black"}]},{"@type":"WebSite","@id":"https:\/\/pool-house.shop\/de\/#website","url":"https:\/\/pool-house.shop\/de\/","name":"Pool-House","description":"","publisher":{"@id":"https:\/\/pool-house.shop\/de\/#organization"},"potentialAction":[{"@type":"SearchAction","target":{"@type":"EntryPoint","urlTemplate":"https:\/\/pool-house.shop\/de\/?s={search_term_string}"},"query-input":{"@type":"PropertyValueSpecification","valueRequired":true,"valueName":"search_term_string"}}],"inLanguage":"de"},{"@type":"Organization","@id":"https:\/\/pool-house.shop\/de\/#organization","name":"Pool-House","url":"https:\/\/pool-house.shop\/de\/","logo":{"@type":"ImageObject","inLanguage":"de","@id":"https:\/\/pool-house.shop\/de\/#\/schema\/logo\/image\/","url":"https:\/\/pool-house.shop\/wp-content\/uploads\/2025\/10\/logo-2-stvorec-mobil-modre.png","contentUrl":"https:\/\/pool-house.shop\/wp-content\/uploads\/2025\/10\/logo-2-stvorec-mobil-modre.png","width":273,"height":189,"caption":"Pool-House"},"image":{"@id":"https:\/\/pool-house.shop\/de\/#\/schema\/logo\/image\/"},"sameAs":["https:\/\/www.facebook.com\/termodomsk\/"]}]}},"_links":{"self":[{"href":"https:\/\/pool-house.shop\/de\/wp-json\/wp\/v2\/product\/11039","targetHints":{"allow":["GET"]}}],"collection":[{"href":"https:\/\/pool-house.shop\/de\/wp-json\/wp\/v2\/product"}],"about":[{"href":"https:\/\/pool-house.shop\/de\/wp-json\/wp\/v2\/types\/product"}],"wp:featuredmedia":[{"embeddable":true,"href":"https:\/\/pool-house.shop\/de\/wp-json\/wp\/v2\/media\/4236"}],"wp:attachment":[{"href":"https:\/\/pool-house.shop\/de\/wp-json\/wp\/v2\/media?parent=11039"}],"wp:term":[{"taxonomy":"product_brand","embeddable":true,"href":"https:\/\/pool-house.shop\/de\/wp-json\/wp\/v2\/product_brand?post=11039"},{"taxonomy":"product_cat","embeddable":true,"href":"https:\/\/pool-house.shop\/de\/wp-json\/wp\/v2\/product_cat?post=11039"},{"taxonomy":"product_tag","embeddable":true,"href":"https:\/\/pool-house.shop\/de\/wp-json\/wp\/v2\/product_tag?post=11039"}],"curies":[{"name":"wp","href":"https:\/\/api.w.org\/{rel}","templated":true}]}}