{"id":11043,"date":"2025-04-08T12:21:14","date_gmt":"2025-04-08T10:21:14","guid":{"rendered":"https:\/\/pool-house.shop\/product\/wassertester-teststreifen-ph-tcl-frcl-br-ta-th-50-stk\/"},"modified":"2025-04-08T12:21:14","modified_gmt":"2025-04-08T10:21:14","slug":"wassertester-teststreifen-ph-tcl-frcl-br-ta-th-50-stk","status":"publish","type":"product","link":"https:\/\/pool-house.shop\/de\/product\/wassertester-teststreifen-ph-tcl-frcl-br-ta-th-50-stk\/","title":{"rendered":"Wassertester Teststreifen pH, TCl, FrCl\/Br, TA, TH, 50 Stk."},"content":{"rendered":"<p>Wassertester mit Teststreifen pH, TCl, FrCl\/Br, TA, TH<\/p>\n<p> Hochwertiger Wassertester mit Teststreifen \u2013 in einer Packung zu 50 Stk. Effizient und pr\u00e4zise k\u00f6nnen Sie Ihr Poolwasser zuverl\u00e4ssig testen.<br \/>\n Ein Teststreifen bestimmt 5 chemische Komponenten (pH, TCl, FrCl\/Br, TA, TH). Mit dem Wassertester \u00fcberpr\u00fcfen Sie einfach den Gehalt dieser Komponenten und stellen so sicher, dass der Gehalt an geeigneten chemischen Elementen im Pool ideal ist. Die Anwendung ist einfach und schnell.<\/p>\n<p> Verpackung: 50 Stk. \/ Karton<\/p>\n<p> pH-Wert<br \/>\n Der Grad der S\u00e4ure oder Alkalit\u00e4t des Poolwassers. Der pH-Wert beeinflusst die Wirksamkeit von Desinfektionsmitteln und den Komfort der Badeg\u00e4ste. Ist der pH-Wert zu niedrig, wird das Wasser sauer, was die Haut reizen und die Poolausr\u00fcstung besch\u00e4digen kann. Ist der pH-Wert zu hoch, wird das Wasser alkalisch, was die Wirksamkeit von Chlor verringern und Kalkablagerungen verursachen kann. Idealerweise sollte der pH-Wert des Poolwassers zwischen 7,2 und 7,6 liegen.<br \/>\n &#8211; 0 &lt; 7,2 &#8211;&gt; sauer<br \/>\n &#8211; 7,2 &#8211; 7,6 &#8211;&gt; neutral<br \/>\n &#8211; 7,6 &lt; &#8211;&gt; alkalisch<\/p>\n<p> Gesamtchlor (TCl)<br \/>\n Die Summe aller im Poolwasser vorhandenen Chlorverbindungen, einschlie\u00dflich freiem aktivem Chlor und gebundenem Chlor. Der Gesamtchlorgehalt gibt den gesamten Desinfektionsmittelgehalt im Wasser an, der f\u00fcr die Wirksamkeit der Desinfektion und die Wasserqualit\u00e4t wichtig ist. Idealerweise sollte der Gesamtchlorwert den Gehalt an freiem Chlor nur geringf\u00fcgig \u00fcberschreiten, da ein hoher Gehalt an gebundenem Chlor bei Badeg\u00e4sten Reizungen und unangenehmen Geruch verursachen kann.<\/p>\n<p> Freies Chlor\/Brom (FrCl\/Br)<br \/>\n Zur Desinfektion sind Chlor- oder Bromverbindungen wirksam. Poolwasser muss ausreichend freies Chlor oder Brom enthalten, um Mikroorganismen, die Infektionen oder Krankheiten verursachen, sowie Algen und Pilze abzut\u00f6ten, ohne dabei die Gesundheit der Badeg\u00e4ste zu sch\u00e4digen.          Die ideale Konzentration von freiem Chlor liegt zwischen 0,6 und 1,0 mg\/liter, w\u00e4hrend sie f\u00fcr Brom zwischen 2,0 und 4,0 mg\/liter liegt.<\/p>\n<p> Gesamtalkalit\u00e4t (TA)<br \/>\n Die F\u00e4higkeit des Poolwassers, pl\u00f6tzlichen pH-Wert-\u00c4nderungen zu widerstehen, d.h. seine Pufferkapazit\u00e4t. Die Gesamtalkalit\u00e4t stabilisiert den pH-Wert und verhindert so schnelle Schwankungen, die die Poolausr\u00fcstung besch\u00e4digen und die Haut der Badeg\u00e4ste reizen k\u00f6nnen. Idealerweise liegt die Gesamtalkalit\u00e4t des Poolwassers zwischen 80 und 120 mg\/liter.<\/p>\n<p> Gesamth\u00e4rte (TH)<br \/>\n Die gesamten Kalzium- und Magnesiumionen, die im Poolwasser gel\u00f6st sind. Die Gesamth\u00e4rte beeinflusst die Wasserqualit\u00e4t und den Zustand der Poolausr\u00fcstung. Ist die H\u00e4rte zu niedrig, kann das Wasser korrosiv werden und Metallteile besch\u00e4digen. Ist die H\u00e4rte zu hoch, k\u00f6nnen sich Kalkablagerungen bilden. Idealerweise sollte die Gesamth\u00e4rte des Poolwassers zwischen 200 und 400 mg\/liter liegen.      <\/p>\n","protected":false},"excerpt":{"rendered":"<p>Wassertester mit Teststreifen pH, TCl, FrCl\/Br, TA, TH<\/p>\n<p> Hochwertiger Wassertester mit Teststreifen \u2013 in einer Packung zu 50 Stk. Effizient und pr\u00e4zise k\u00f6nnen Sie Ihr Poolwasser zuverl\u00e4ssig testen.<br \/>\n Ein Teststreifen bestimmt 5 chemische Komponenten (pH, TCl, FrCl\/Br, TA, TH). Mit dem Wassertester \u00fcberpr\u00fcfen Sie einfach den Gehalt dieser Komponenten und stellen so sicher, dass der Gehalt an geeigneten chemischen Elementen im Pool ideal ist. Die Anwendung ist einfach und schnell.<\/p>\n<p> Verpackung: 50 Stk. \/ Karton<\/p>\n<p> pH-Wert<br \/>\n Der Grad der S\u00e4ure oder Alkalit\u00e4t des Poolwassers. Der pH-Wert beeinflusst die Wirksamkeit von Desinfektionsmitteln und den Komfort der Badeg\u00e4ste. Ist der pH-Wert zu niedrig, wird das Wasser sauer, was die Haut reizen und die Poolausr\u00fcstung besch\u00e4digen kann. Ist der pH-Wert zu hoch, wird das Wasser alkalisch, was die Wirksamkeit von Chlor verringern und Kalkablagerungen verursachen kann. Idealerweise sollte der pH-Wert des Poolwassers zwischen 7,2 und 7,6 liegen.<br \/>\n &#8211; 0 &lt; 7,2 &#8211;&gt; sauer<br \/>\n &#8211; 7,2 &#8211; 7,6 &#8211;&gt; neutral<br \/>\n &#8211; 7,6 &lt; &#8211;&gt; alkalisch<\/p>\n<p> Gesamtchlor (TCl)<br \/>\n Die Summe aller im Poolwasser vorhandenen Chlorverbindungen, einschlie\u00dflich freiem aktivem Chlor und gebundenem Chlor. Der Gesamtchlorgehalt gibt den gesamten Desinfektionsmittelgehalt im Wasser an, der f\u00fcr die Wirksamkeit der Desinfektion und die Wasserqualit\u00e4t wichtig ist. Idealerweise sollte der Gesamtchlorwert den Gehalt an freiem Chlor nur geringf\u00fcgig \u00fcberschreiten, da ein hoher Gehalt an gebundenem Chlor bei Badeg\u00e4sten Reizungen und unangenehmen Geruch verursachen kann.<\/p>\n<p> Freies Chlor\/Brom (FrCl\/Br)<br \/>\n Zur Desinfektion sind Chlor- oder Bromverbindungen wirksam. Poolwasser muss ausreichend freies Chlor oder Brom enthalten, um Mikroorganismen, die Infektionen oder Krankheiten verursachen, sowie Algen und Pilze abzut\u00f6ten, ohne dabei die Gesundheit der Badeg\u00e4ste zu sch\u00e4digen.          Die ideale Konzentration von freiem Chlor liegt zwischen 0,6 und 1,0 mg\/liter, w\u00e4hrend sie f\u00fcr Brom zwischen 2,0 und 4,0 mg\/liter liegt.<\/p>\n<p> Gesamtalkalit\u00e4t (TA)<br \/>\n Die F\u00e4higkeit des Poolwassers, pl\u00f6tzlichen pH-Wert-\u00c4nderungen zu widerstehen, d.h. seine Pufferkapazit\u00e4t. Die Gesamtalkalit\u00e4t stabilisiert den pH-Wert und verhindert so schnelle Schwankungen, die die Poolausr\u00fcstung besch\u00e4digen und die Haut der Badeg\u00e4ste reizen k\u00f6nnen. Idealerweise liegt die Gesamtalkalit\u00e4t des Poolwassers zwischen 80 und 120 mg\/liter.<\/p>\n<p> Gesamth\u00e4rte (TH)<br \/>\n Die gesamten Kalzium- und Magnesiumionen, die im Poolwasser gel\u00f6st sind. Die Gesamth\u00e4rte beeinflusst die Wasserqualit\u00e4t und den Zustand der Poolausr\u00fcstung. Ist die H\u00e4rte zu niedrig, kann das Wasser korrosiv werden und Metallteile besch\u00e4digen. Ist die H\u00e4rte zu hoch, k\u00f6nnen sich Kalkablagerungen bilden. Idealerweise sollte die Gesamth\u00e4rte des Poolwassers zwischen 200 und 400 mg\/liter liegen.      <\/p>\n","protected":false},"featured_media":11035,"template":"","meta":[],"product_brand":[],"product_cat":[355,272],"product_tag":[],"class_list":{"0":"post-11043","1":"product","2":"type-product","3":"status-publish","4":"has-post-thumbnail","6":"product_cat-wartung","7":"product_cat-zubehor_wartung","8":"thunk-woo-product-list","9":"open-woo-hover-none","10":"open-single-product-tab-horizontal","11":"open-shadow-","12":"open-shadow-hover-","14":"first","15":"instock","16":"taxable","17":"shipping-taxable","18":"purchasable","19":"product-type-simple"},"yoast_head":"<!-- This site is optimized with the Yoast SEO plugin v26.9 - https:\/\/yoast.com\/product\/yoast-seo-wordpress\/ -->\n<title>Wassertester Teststreifen pH, TCl, FrCl\/Br, TA, TH, 50 Stk. - Pool-House<\/title>\n<meta name=\"robots\" content=\"index, follow, max-snippet:-1, max-image-preview:large, max-video-preview:-1\" \/>\n<link rel=\"canonical\" href=\"https:\/\/pool-house.shop\/de\/product\/wassertester-teststreifen-ph-tcl-frcl-br-ta-th-50-stk\/\" \/>\n<meta property=\"og:locale\" content=\"de_DE\" \/>\n<meta property=\"og:type\" content=\"article\" \/>\n<meta property=\"og:title\" content=\"Wassertester Teststreifen pH, TCl, FrCl\/Br, TA, TH, 50 Stk. - Pool-House\" \/>\n<meta property=\"og:description\" content=\"Wassertester mit Teststreifen pH, TCl, FrCl\/Br, TA, TH  Hochwertiger Wassertester mit Teststreifen \u2013 in einer Packung zu 50 Stk. Effizient und pr\u00e4zise k\u00f6nnen Sie Ihr Poolwasser zuverl\u00e4ssig testen.  Ein Teststreifen bestimmt 5 chemische Komponenten (pH, TCl, FrCl\/Br, TA, TH). Mit dem Wassertester \u00fcberpr\u00fcfen Sie einfach den Gehalt dieser Komponenten und stellen so sicher, dass der Gehalt an geeigneten chemischen Elementen im Pool ideal ist. Die Anwendung ist einfach und schnell.  Verpackung: 50 Stk. \/ Karton  pH-Wert Der Grad der S\u00e4ure oder Alkalit\u00e4t des Poolwassers. Der pH-Wert beeinflusst die Wirksamkeit von Desinfektionsmitteln und den Komfort der Badeg\u00e4ste. Ist der pH-Wert zu niedrig, wird das Wasser sauer, was die Haut reizen und die Poolausr\u00fcstung besch\u00e4digen kann. Ist der pH-Wert zu hoch, wird das Wasser alkalisch, was die Wirksamkeit von Chlor verringern und Kalkablagerungen verursachen kann. Idealerweise sollte der pH-Wert des Poolwassers zwischen 7,2 und 7,6 liegen. - 0 &lt; 7,2 --&gt; sauer  - 7,2 - 7,6 --&gt; neutral  - 7,6 &lt; --&gt; alkalisch  Gesamtchlor (TCl) Die Summe aller im Poolwasser vorhandenen Chlorverbindungen, einschlie\u00dflich freiem aktivem Chlor und gebundenem Chlor. Der Gesamtchlorgehalt gibt den gesamten Desinfektionsmittelgehalt im Wasser an, der f\u00fcr die Wirksamkeit der Desinfektion und die Wasserqualit\u00e4t wichtig ist. Idealerweise sollte der Gesamtchlorwert den Gehalt an freiem Chlor nur geringf\u00fcgig \u00fcberschreiten, da ein hoher Gehalt an gebundenem Chlor bei Badeg\u00e4sten Reizungen und unangenehmen Geruch verursachen kann.  Freies Chlor\/Brom (FrCl\/Br) Zur Desinfektion sind Chlor- oder Bromverbindungen wirksam. Poolwasser muss ausreichend freies Chlor oder Brom enthalten, um Mikroorganismen, die Infektionen oder Krankheiten verursachen, sowie Algen und Pilze abzut\u00f6ten, ohne dabei die Gesundheit der Badeg\u00e4ste zu sch\u00e4digen.     Die ideale Konzentration von freiem Chlor liegt zwischen 0,6 und 1,0 mg\/liter, w\u00e4hrend sie f\u00fcr Brom zwischen 2,0 und 4,0 mg\/liter liegt.  Gesamtalkalit\u00e4t (TA) Die F\u00e4higkeit des Poolwassers, pl\u00f6tzlichen pH-Wert-\u00c4nderungen zu widerstehen, d.h. seine Pufferkapazit\u00e4t. Die Gesamtalkalit\u00e4t stabilisiert den pH-Wert und verhindert so schnelle Schwankungen, die die Poolausr\u00fcstung besch\u00e4digen und die Haut der Badeg\u00e4ste reizen k\u00f6nnen. Idealerweise liegt die Gesamtalkalit\u00e4t des Poolwassers zwischen 80 und 120 mg\/liter.  Gesamth\u00e4rte (TH) Die gesamten Kalzium- und Magnesiumionen, die im Poolwasser gel\u00f6st sind. Die Gesamth\u00e4rte beeinflusst die Wasserqualit\u00e4t und den Zustand der Poolausr\u00fcstung. Ist die H\u00e4rte zu niedrig, kann das Wasser korrosiv werden und Metallteile besch\u00e4digen. Ist die H\u00e4rte zu hoch, k\u00f6nnen sich Kalkablagerungen bilden. Idealerweise sollte die Gesamth\u00e4rte des Poolwassers zwischen 200 und 400 mg\/liter liegen.\" \/>\n<meta property=\"og:url\" content=\"https:\/\/pool-house.shop\/de\/product\/wassertester-teststreifen-ph-tcl-frcl-br-ta-th-50-stk\/\" \/>\n<meta property=\"og:site_name\" content=\"Pool-House\" \/>\n<meta property=\"article:publisher\" content=\"https:\/\/www.facebook.com\/termodomsk\/\" \/>\n<meta property=\"og:image\" content=\"https:\/\/pool-house.shop\/wp-content\/uploads\/2025\/04\/145010.png\" \/>\n\t<meta property=\"og:image:width\" content=\"1000\" \/>\n\t<meta property=\"og:image:height\" content=\"1000\" \/>\n\t<meta property=\"og:image:type\" content=\"image\/png\" \/>\n<meta name=\"twitter:card\" content=\"summary_large_image\" \/>\n<meta name=\"twitter:label1\" content=\"Gesch\u00e4tzte Lesezeit\" \/>\n\t<meta name=\"twitter:data1\" content=\"2\u00a0Minuten\" \/>\n<script type=\"application\/ld+json\" class=\"yoast-schema-graph\">{\"@context\":\"https:\/\/schema.org\",\"@graph\":[{\"@type\":\"WebPage\",\"@id\":\"https:\/\/pool-house.shop\/de\/product\/wassertester-teststreifen-ph-tcl-frcl-br-ta-th-50-stk\/\",\"url\":\"https:\/\/pool-house.shop\/de\/product\/wassertester-teststreifen-ph-tcl-frcl-br-ta-th-50-stk\/\",\"name\":\"Wassertester Teststreifen pH, TCl, FrCl\/Br, TA, TH, 50 Stk. - Pool-House\",\"isPartOf\":{\"@id\":\"https:\/\/pool-house.shop\/de\/#website\"},\"primaryImageOfPage\":{\"@id\":\"https:\/\/pool-house.shop\/de\/product\/wassertester-teststreifen-ph-tcl-frcl-br-ta-th-50-stk\/#primaryimage\"},\"image\":{\"@id\":\"https:\/\/pool-house.shop\/de\/product\/wassertester-teststreifen-ph-tcl-frcl-br-ta-th-50-stk\/#primaryimage\"},\"thumbnailUrl\":\"https:\/\/pool-house.shop\/wp-content\/uploads\/2025\/04\/145010.png\",\"datePublished\":\"2025-04-08T10:21:14+00:00\",\"breadcrumb\":{\"@id\":\"https:\/\/pool-house.shop\/de\/product\/wassertester-teststreifen-ph-tcl-frcl-br-ta-th-50-stk\/#breadcrumb\"},\"inLanguage\":\"de\",\"potentialAction\":[{\"@type\":\"ReadAction\",\"target\":[\"https:\/\/pool-house.shop\/de\/product\/wassertester-teststreifen-ph-tcl-frcl-br-ta-th-50-stk\/\"]}]},{\"@type\":\"ImageObject\",\"inLanguage\":\"de\",\"@id\":\"https:\/\/pool-house.shop\/de\/product\/wassertester-teststreifen-ph-tcl-frcl-br-ta-th-50-stk\/#primaryimage\",\"url\":\"https:\/\/pool-house.shop\/wp-content\/uploads\/2025\/04\/145010.png\",\"contentUrl\":\"https:\/\/pool-house.shop\/wp-content\/uploads\/2025\/04\/145010.png\",\"width\":1000,\"height\":1000},{\"@type\":\"BreadcrumbList\",\"@id\":\"https:\/\/pool-house.shop\/de\/product\/wassertester-teststreifen-ph-tcl-frcl-br-ta-th-50-stk\/#breadcrumb\",\"itemListElement\":[{\"@type\":\"ListItem\",\"position\":1,\"name\":\"Domovsk\u00e1 str\u00e1nka\",\"item\":\"https:\/\/pool-house.shop\/de\/\"},{\"@type\":\"ListItem\",\"position\":2,\"name\":\"Shop\",\"item\":\"https:\/\/pool-house.shop\/de\/shop\/\"},{\"@type\":\"ListItem\",\"position\":3,\"name\":\"Wassertester Teststreifen pH, TCl, FrCl\/Br, TA, TH, 50 Stk.\"}]},{\"@type\":\"WebSite\",\"@id\":\"https:\/\/pool-house.shop\/de\/#website\",\"url\":\"https:\/\/pool-house.shop\/de\/\",\"name\":\"Pool-House\",\"description\":\"\",\"publisher\":{\"@id\":\"https:\/\/pool-house.shop\/de\/#organization\"},\"potentialAction\":[{\"@type\":\"SearchAction\",\"target\":{\"@type\":\"EntryPoint\",\"urlTemplate\":\"https:\/\/pool-house.shop\/de\/?s={search_term_string}\"},\"query-input\":{\"@type\":\"PropertyValueSpecification\",\"valueRequired\":true,\"valueName\":\"search_term_string\"}}],\"inLanguage\":\"de\"},{\"@type\":\"Organization\",\"@id\":\"https:\/\/pool-house.shop\/de\/#organization\",\"name\":\"Pool-House\",\"url\":\"https:\/\/pool-house.shop\/de\/\",\"logo\":{\"@type\":\"ImageObject\",\"inLanguage\":\"de\",\"@id\":\"https:\/\/pool-house.shop\/de\/#\/schema\/logo\/image\/\",\"url\":\"https:\/\/pool-house.shop\/wp-content\/uploads\/2025\/10\/logo-2-stvorec-mobil-modre.png\",\"contentUrl\":\"https:\/\/pool-house.shop\/wp-content\/uploads\/2025\/10\/logo-2-stvorec-mobil-modre.png\",\"width\":273,\"height\":189,\"caption\":\"Pool-House\"},\"image\":{\"@id\":\"https:\/\/pool-house.shop\/de\/#\/schema\/logo\/image\/\"},\"sameAs\":[\"https:\/\/www.facebook.com\/termodomsk\/\"]}]}<\/script>\n<!-- \/ Yoast SEO plugin. -->","yoast_head_json":{"title":"Wassertester Teststreifen pH, TCl, FrCl\/Br, TA, TH, 50 Stk. - Pool-House","robots":{"index":"index","follow":"follow","max-snippet":"max-snippet:-1","max-image-preview":"max-image-preview:large","max-video-preview":"max-video-preview:-1"},"canonical":"https:\/\/pool-house.shop\/de\/product\/wassertester-teststreifen-ph-tcl-frcl-br-ta-th-50-stk\/","og_locale":"de_DE","og_type":"article","og_title":"Wassertester Teststreifen pH, TCl, FrCl\/Br, TA, TH, 50 Stk. - Pool-House","og_description":"Wassertester mit Teststreifen pH, TCl, FrCl\/Br, TA, TH  Hochwertiger Wassertester mit Teststreifen \u2013 in einer Packung zu 50 Stk. Effizient und pr\u00e4zise k\u00f6nnen Sie Ihr Poolwasser zuverl\u00e4ssig testen.  Ein Teststreifen bestimmt 5 chemische Komponenten (pH, TCl, FrCl\/Br, TA, TH). Mit dem Wassertester \u00fcberpr\u00fcfen Sie einfach den Gehalt dieser Komponenten und stellen so sicher, dass der Gehalt an geeigneten chemischen Elementen im Pool ideal ist. Die Anwendung ist einfach und schnell.  Verpackung: 50 Stk. \/ Karton  pH-Wert Der Grad der S\u00e4ure oder Alkalit\u00e4t des Poolwassers. Der pH-Wert beeinflusst die Wirksamkeit von Desinfektionsmitteln und den Komfort der Badeg\u00e4ste. Ist der pH-Wert zu niedrig, wird das Wasser sauer, was die Haut reizen und die Poolausr\u00fcstung besch\u00e4digen kann. Ist der pH-Wert zu hoch, wird das Wasser alkalisch, was die Wirksamkeit von Chlor verringern und Kalkablagerungen verursachen kann. Idealerweise sollte der pH-Wert des Poolwassers zwischen 7,2 und 7,6 liegen. - 0 &lt; 7,2 --&gt; sauer  - 7,2 - 7,6 --&gt; neutral  - 7,6 &lt; --&gt; alkalisch  Gesamtchlor (TCl) Die Summe aller im Poolwasser vorhandenen Chlorverbindungen, einschlie\u00dflich freiem aktivem Chlor und gebundenem Chlor. Der Gesamtchlorgehalt gibt den gesamten Desinfektionsmittelgehalt im Wasser an, der f\u00fcr die Wirksamkeit der Desinfektion und die Wasserqualit\u00e4t wichtig ist. Idealerweise sollte der Gesamtchlorwert den Gehalt an freiem Chlor nur geringf\u00fcgig \u00fcberschreiten, da ein hoher Gehalt an gebundenem Chlor bei Badeg\u00e4sten Reizungen und unangenehmen Geruch verursachen kann.  Freies Chlor\/Brom (FrCl\/Br) Zur Desinfektion sind Chlor- oder Bromverbindungen wirksam. Poolwasser muss ausreichend freies Chlor oder Brom enthalten, um Mikroorganismen, die Infektionen oder Krankheiten verursachen, sowie Algen und Pilze abzut\u00f6ten, ohne dabei die Gesundheit der Badeg\u00e4ste zu sch\u00e4digen.     Die ideale Konzentration von freiem Chlor liegt zwischen 0,6 und 1,0 mg\/liter, w\u00e4hrend sie f\u00fcr Brom zwischen 2,0 und 4,0 mg\/liter liegt.  Gesamtalkalit\u00e4t (TA) Die F\u00e4higkeit des Poolwassers, pl\u00f6tzlichen pH-Wert-\u00c4nderungen zu widerstehen, d.h. seine Pufferkapazit\u00e4t. Die Gesamtalkalit\u00e4t stabilisiert den pH-Wert und verhindert so schnelle Schwankungen, die die Poolausr\u00fcstung besch\u00e4digen und die Haut der Badeg\u00e4ste reizen k\u00f6nnen. Idealerweise liegt die Gesamtalkalit\u00e4t des Poolwassers zwischen 80 und 120 mg\/liter.  Gesamth\u00e4rte (TH) Die gesamten Kalzium- und Magnesiumionen, die im Poolwasser gel\u00f6st sind. Die Gesamth\u00e4rte beeinflusst die Wasserqualit\u00e4t und den Zustand der Poolausr\u00fcstung. Ist die H\u00e4rte zu niedrig, kann das Wasser korrosiv werden und Metallteile besch\u00e4digen. Ist die H\u00e4rte zu hoch, k\u00f6nnen sich Kalkablagerungen bilden. Idealerweise sollte die Gesamth\u00e4rte des Poolwassers zwischen 200 und 400 mg\/liter liegen.","og_url":"https:\/\/pool-house.shop\/de\/product\/wassertester-teststreifen-ph-tcl-frcl-br-ta-th-50-stk\/","og_site_name":"Pool-House","article_publisher":"https:\/\/www.facebook.com\/termodomsk\/","og_image":[{"width":1000,"height":1000,"url":"https:\/\/pool-house.shop\/wp-content\/uploads\/2025\/04\/145010.png","type":"image\/png"}],"twitter_card":"summary_large_image","twitter_misc":{"Gesch\u00e4tzte Lesezeit":"2\u00a0Minuten"},"schema":{"@context":"https:\/\/schema.org","@graph":[{"@type":"WebPage","@id":"https:\/\/pool-house.shop\/de\/product\/wassertester-teststreifen-ph-tcl-frcl-br-ta-th-50-stk\/","url":"https:\/\/pool-house.shop\/de\/product\/wassertester-teststreifen-ph-tcl-frcl-br-ta-th-50-stk\/","name":"Wassertester Teststreifen pH, TCl, FrCl\/Br, TA, TH, 50 Stk. - Pool-House","isPartOf":{"@id":"https:\/\/pool-house.shop\/de\/#website"},"primaryImageOfPage":{"@id":"https:\/\/pool-house.shop\/de\/product\/wassertester-teststreifen-ph-tcl-frcl-br-ta-th-50-stk\/#primaryimage"},"image":{"@id":"https:\/\/pool-house.shop\/de\/product\/wassertester-teststreifen-ph-tcl-frcl-br-ta-th-50-stk\/#primaryimage"},"thumbnailUrl":"https:\/\/pool-house.shop\/wp-content\/uploads\/2025\/04\/145010.png","datePublished":"2025-04-08T10:21:14+00:00","breadcrumb":{"@id":"https:\/\/pool-house.shop\/de\/product\/wassertester-teststreifen-ph-tcl-frcl-br-ta-th-50-stk\/#breadcrumb"},"inLanguage":"de","potentialAction":[{"@type":"ReadAction","target":["https:\/\/pool-house.shop\/de\/product\/wassertester-teststreifen-ph-tcl-frcl-br-ta-th-50-stk\/"]}]},{"@type":"ImageObject","inLanguage":"de","@id":"https:\/\/pool-house.shop\/de\/product\/wassertester-teststreifen-ph-tcl-frcl-br-ta-th-50-stk\/#primaryimage","url":"https:\/\/pool-house.shop\/wp-content\/uploads\/2025\/04\/145010.png","contentUrl":"https:\/\/pool-house.shop\/wp-content\/uploads\/2025\/04\/145010.png","width":1000,"height":1000},{"@type":"BreadcrumbList","@id":"https:\/\/pool-house.shop\/de\/product\/wassertester-teststreifen-ph-tcl-frcl-br-ta-th-50-stk\/#breadcrumb","itemListElement":[{"@type":"ListItem","position":1,"name":"Domovsk\u00e1 str\u00e1nka","item":"https:\/\/pool-house.shop\/de\/"},{"@type":"ListItem","position":2,"name":"Shop","item":"https:\/\/pool-house.shop\/de\/shop\/"},{"@type":"ListItem","position":3,"name":"Wassertester Teststreifen pH, TCl, FrCl\/Br, TA, TH, 50 Stk."}]},{"@type":"WebSite","@id":"https:\/\/pool-house.shop\/de\/#website","url":"https:\/\/pool-house.shop\/de\/","name":"Pool-House","description":"","publisher":{"@id":"https:\/\/pool-house.shop\/de\/#organization"},"potentialAction":[{"@type":"SearchAction","target":{"@type":"EntryPoint","urlTemplate":"https:\/\/pool-house.shop\/de\/?s={search_term_string}"},"query-input":{"@type":"PropertyValueSpecification","valueRequired":true,"valueName":"search_term_string"}}],"inLanguage":"de"},{"@type":"Organization","@id":"https:\/\/pool-house.shop\/de\/#organization","name":"Pool-House","url":"https:\/\/pool-house.shop\/de\/","logo":{"@type":"ImageObject","inLanguage":"de","@id":"https:\/\/pool-house.shop\/de\/#\/schema\/logo\/image\/","url":"https:\/\/pool-house.shop\/wp-content\/uploads\/2025\/10\/logo-2-stvorec-mobil-modre.png","contentUrl":"https:\/\/pool-house.shop\/wp-content\/uploads\/2025\/10\/logo-2-stvorec-mobil-modre.png","width":273,"height":189,"caption":"Pool-House"},"image":{"@id":"https:\/\/pool-house.shop\/de\/#\/schema\/logo\/image\/"},"sameAs":["https:\/\/www.facebook.com\/termodomsk\/"]}]}},"_links":{"self":[{"href":"https:\/\/pool-house.shop\/de\/wp-json\/wp\/v2\/product\/11043","targetHints":{"allow":["GET"]}}],"collection":[{"href":"https:\/\/pool-house.shop\/de\/wp-json\/wp\/v2\/product"}],"about":[{"href":"https:\/\/pool-house.shop\/de\/wp-json\/wp\/v2\/types\/product"}],"wp:featuredmedia":[{"embeddable":true,"href":"https:\/\/pool-house.shop\/de\/wp-json\/wp\/v2\/media\/11035"}],"wp:attachment":[{"href":"https:\/\/pool-house.shop\/de\/wp-json\/wp\/v2\/media?parent=11043"}],"wp:term":[{"taxonomy":"product_brand","embeddable":true,"href":"https:\/\/pool-house.shop\/de\/wp-json\/wp\/v2\/product_brand?post=11043"},{"taxonomy":"product_cat","embeddable":true,"href":"https:\/\/pool-house.shop\/de\/wp-json\/wp\/v2\/product_cat?post=11043"},{"taxonomy":"product_tag","embeddable":true,"href":"https:\/\/pool-house.shop\/de\/wp-json\/wp\/v2\/product_tag?post=11043"}],"curies":[{"name":"wp","href":"https:\/\/api.w.org\/{rel}","templated":true}]}}