{"id":11050,"date":"2025-04-08T12:22:20","date_gmt":"2025-04-08T10:22:20","guid":{"rendered":"https:\/\/pool-house.shop\/product\/dolphin-supreme-m5-bio-pvc\/"},"modified":"2025-04-08T12:22:20","modified_gmt":"2025-04-08T10:22:20","slug":"dolphin-supreme-m5-bio-pvc","status":"publish","type":"product","link":"https:\/\/pool-house.shop\/de\/product\/dolphin-supreme-m5-bio-pvc\/","title":{"rendered":"Dolphin Supreme M5 Bio PVC"},"content":{"rendered":"<p>Dolphin Supreme BIO<\/p>\n<p> Der Dolphin Supreme Bio bietet erstklassige Reinigungsleistung mit bew\u00e4hrter Dolphin-Technologie zur automatischen Poolreinigung und speziellen Funktionen, um den Herausforderungen organischer und nat\u00fcrlicher Pools gerecht zu werden.<br \/>\n Mit dem automatischen Bio-Poolreinigungsroboter k\u00f6nnen die immer beliebter werdenden organischen Pools mit unglaublicher Effizienz gereinigt werden.<br \/>\n Geeignet f\u00fcr die Reinigung von organischen Pools bis 15 Meter L\u00e4nge, mit speziellen Reinigungsanforderungen, aktiver Bio-Saction-B\u00fcrste, einem Saugschlauch zur direkten Schmutzentfernung und der M\u00f6glichkeit, einen Filter f\u00fcr drei Arten von Poolwasser zu w\u00e4hlen. Der Dolphin Bio Roboter reinigt den Poolboden, die Seitenw\u00e4nde und die Wasserlinie. Er verf\u00fcgt \u00fcber ein leicht zu reinigendes Netz und eine ultrafeine Filterkartusche.    <\/p>\n<p> Caddy<\/p>\n<p> Hauptparameter<br \/>\n  &#8211; Empfohlene Pooll\u00e4nge: 15 Meter<br \/>\n  &#8211; Reinigungsbereich: Boden, Seitenwand, Wasserlinie<br \/>\n  &#8211; Fernbedienung: Fernbedienung<br \/>\n  &#8211; Betriebszyklus: 2,5 Stunden<br \/>\n  &#8211; Optimale w\u00f6chentliche Nutzung: 3-4 Mal<br \/>\n  &#8211; Filterung: Netz und ultrafeine Filterkartusche<br \/>\n  &#8211; Kabell\u00e4nge: 18 Meter<br \/>\n  &#8211; Saugleistung: 17 m\u00b3\/h<br \/>\n &#8211; Kabelverdrehschutz: Keiner<br \/>\n  &#8211; Gewicht: 11 kg<br \/>\n  &#8211; Caddy: Vorhanden<br \/>\n &#8211; Garantie: 24 Monate<\/p>\n<p> Kabelverdrehschutzsystem<br \/>\n Das patentierte Maytronics Anti-Verdreh-Gelenk verhindert ein Verheddern des Kabels. Wenn sich der Dolphin-Roboter im Pool bewegt, sorgt das Drehgelenk daf\u00fcr, dass das Kabel frei und gerade bleibt, sodass er sich ungehindert im Pool bewegen kann!<\/p>\n<p> Ultrafeiner Filterbeutel mit zus\u00e4tzlichen Filtern<br \/>\n Die doppelschichtige Filtration ist unter allen Umst\u00e4nden eine hervorragende L\u00f6sung, um Verstopfungen und Ablagerungen zu vermeiden. Verwenden Sie zu Beginn der Saison den Netzfilter f\u00fcr groben Schmutz; f\u00fcr den regelm\u00e4\u00dfigen Gebrauch die feinen und ultrafeinen Filterkartuschen.<\/p>\n<p> Einfache Entnahme<br \/>\n Schnelles, sauberes Ablassen des Wassers und ein leichtes, ergonomisches Design erleichtern die Entnahme des Roboters aus dem Pool!<\/p>\n<p> Optionales Saugrohr<br \/>\n Der Dolphin Bio ist mit drei B\u00fcrsten und einem optionalen Saugrohr ausgestattet, um Schmutz direkt aus dem Pool zu entfernen. Zwei Bio-B\u00fcrsten und eine dritte B\u00fcrste mit zwei Geschwindigkeiten<br \/>\n entfernen Schmutz, Algen und Bakterien auch von extrem rutschigen, unebenen B\u00f6den und W\u00e4nden effektiv.   <\/p>\n","protected":false},"excerpt":{"rendered":"<p>Dolphin Supreme BIO<\/p>\n<p> Der Dolphin Supreme Bio bietet erstklassige Reinigungsleistung mit bew\u00e4hrter Dolphin-Technologie zur automatischen Poolreinigung und speziellen Funktionen, um den Herausforderungen organischer und nat\u00fcrlicher Pools gerecht zu werden.<br \/>\n Mit dem automatischen Bio-Poolreinigungsroboter k\u00f6nnen die immer beliebter werdenden organischen Pools mit unglaublicher Effizienz gereinigt werden.<br \/>\n Geeignet f\u00fcr die Reinigung von organischen Pools bis 15 Meter L\u00e4nge, mit speziellen Reinigungsanforderungen, aktiver Bio-Saction-B\u00fcrste, einem Saugschlauch zur direkten Schmutzentfernung und der M\u00f6glichkeit, einen Filter f\u00fcr drei Arten von Poolwasser zu w\u00e4hlen. Der Dolphin Bio Roboter reinigt den Poolboden, die Seitenw\u00e4nde und die Wasserlinie. Er verf\u00fcgt \u00fcber ein leicht zu reinigendes Netz und eine ultrafeine Filterkartusche.    <\/p>\n<p> Caddy<\/p>\n<p> Hauptparameter<br \/>\n  &#8211; Empfohlene Pooll\u00e4nge: 15 Meter<br \/>\n  &#8211; Reinigungsbereich: Boden, Seitenwand, Wasserlinie<br \/>\n  &#8211; Fernbedienung: Fernbedienung<br \/>\n  &#8211; Betriebszyklus: 2,5 Stunden<br \/>\n  &#8211; Optimale w\u00f6chentliche Nutzung: 3-4 Mal<br \/>\n  &#8211; Filterung: Netz und ultrafeine Filterkartusche<br \/>\n  &#8211; Kabell\u00e4nge: 18 Meter<br \/>\n  &#8211; Saugleistung: 17 m\u00b3\/h<br \/>\n &#8211; Kabelverdrehschutz: Keiner<br \/>\n  &#8211; Gewicht: 11 kg<br \/>\n  &#8211; Caddy: Vorhanden<br \/>\n &#8211; Garantie: 24 Monate<\/p>\n<p> Kabelverdrehschutzsystem<br \/>\n Das patentierte Maytronics Anti-Verdreh-Gelenk verhindert ein Verheddern des Kabels. Wenn sich der Dolphin-Roboter im Pool bewegt, sorgt das Drehgelenk daf\u00fcr, dass das Kabel frei und gerade bleibt, sodass er sich ungehindert im Pool bewegen kann!<\/p>\n<p> Ultrafeiner Filterbeutel mit zus\u00e4tzlichen Filtern<br \/>\n Die doppelschichtige Filtration ist unter allen Umst\u00e4nden eine hervorragende L\u00f6sung, um Verstopfungen und Ablagerungen zu vermeiden. Verwenden Sie zu Beginn der Saison den Netzfilter f\u00fcr groben Schmutz; f\u00fcr den regelm\u00e4\u00dfigen Gebrauch die feinen und ultrafeinen Filterkartuschen.<\/p>\n<p> Einfache Entnahme<br \/>\n Schnelles, sauberes Ablassen des Wassers und ein leichtes, ergonomisches Design erleichtern die Entnahme des Roboters aus dem Pool!<\/p>\n<p> Optionales Saugrohr<br \/>\n Der Dolphin Bio ist mit drei B\u00fcrsten und einem optionalen Saugrohr ausgestattet, um Schmutz direkt aus dem Pool zu entfernen. Zwei Bio-B\u00fcrsten und eine dritte B\u00fcrste mit zwei Geschwindigkeiten<br \/>\n entfernen Schmutz, Algen und Bakterien auch von extrem rutschigen, unebenen B\u00f6den und W\u00e4nden effektiv.   <\/p>\n","protected":false},"featured_media":4232,"template":"","meta":[],"product_brand":[],"product_cat":[312],"product_tag":[],"class_list":{"0":"post-11050","1":"product","2":"type-product","3":"status-publish","4":"has-post-thumbnail","6":"product_cat-poolreiniger","7":"thunk-woo-product-list","8":"open-woo-hover-none","9":"open-single-product-tab-horizontal","10":"open-shadow-","11":"open-shadow-hover-","13":"first","14":"instock","15":"taxable","16":"shipping-taxable","17":"purchasable","18":"product-type-simple"},"yoast_head":"<!-- This site is optimized with the Yoast SEO plugin v26.9 - https:\/\/yoast.com\/product\/yoast-seo-wordpress\/ -->\n<title>Dolphin Supreme M5 Bio PVC - Pool-House<\/title>\n<meta name=\"robots\" content=\"index, follow, max-snippet:-1, max-image-preview:large, max-video-preview:-1\" \/>\n<link rel=\"canonical\" href=\"https:\/\/pool-house.shop\/de\/product\/dolphin-supreme-m5-bio-pvc\/\" \/>\n<meta property=\"og:locale\" content=\"de_DE\" \/>\n<meta property=\"og:type\" content=\"article\" \/>\n<meta property=\"og:title\" content=\"Dolphin Supreme M5 Bio PVC - Pool-House\" \/>\n<meta property=\"og:description\" content=\"Dolphin Supreme BIO  Der Dolphin Supreme Bio bietet erstklassige Reinigungsleistung mit bew\u00e4hrter Dolphin-Technologie zur automatischen Poolreinigung und speziellen Funktionen, um den Herausforderungen organischer und nat\u00fcrlicher Pools gerecht zu werden. Mit dem automatischen Bio-Poolreinigungsroboter k\u00f6nnen die immer beliebter werdenden organischen Pools mit unglaublicher Effizienz gereinigt werden.  Geeignet f\u00fcr die Reinigung von organischen Pools bis 15 Meter L\u00e4nge, mit speziellen Reinigungsanforderungen, aktiver Bio-Saction-B\u00fcrste, einem Saugschlauch zur direkten Schmutzentfernung und der M\u00f6glichkeit, einen Filter f\u00fcr drei Arten von Poolwasser zu w\u00e4hlen. Der Dolphin Bio Roboter reinigt den Poolboden, die Seitenw\u00e4nde und die Wasserlinie. Er verf\u00fcgt \u00fcber ein leicht zu reinigendes Netz und eine ultrafeine Filterkartusche.    Caddy  Hauptparameter  - Empfohlene Pooll\u00e4nge: 15 Meter  - Reinigungsbereich: Boden, Seitenwand, Wasserlinie  - Fernbedienung: Fernbedienung  - Betriebszyklus: 2,5 Stunden  - Optimale w\u00f6chentliche Nutzung: 3-4 Mal  - Filterung: Netz und ultrafeine Filterkartusche  - Kabell\u00e4nge: 18 Meter  - Saugleistung: 17 m\u00b3\/h - Kabelverdrehschutz: Keiner  - Gewicht: 11 kg  - Caddy: Vorhanden - Garantie: 24 Monate  Kabelverdrehschutzsystem Das patentierte Maytronics Anti-Verdreh-Gelenk verhindert ein Verheddern des Kabels. Wenn sich der Dolphin-Roboter im Pool bewegt, sorgt das Drehgelenk daf\u00fcr, dass das Kabel frei und gerade bleibt, sodass er sich ungehindert im Pool bewegen kann!  Ultrafeiner Filterbeutel mit zus\u00e4tzlichen Filtern Die doppelschichtige Filtration ist unter allen Umst\u00e4nden eine hervorragende L\u00f6sung, um Verstopfungen und Ablagerungen zu vermeiden. Verwenden Sie zu Beginn der Saison den Netzfilter f\u00fcr groben Schmutz; f\u00fcr den regelm\u00e4\u00dfigen Gebrauch die feinen und ultrafeinen Filterkartuschen.  Einfache Entnahme Schnelles, sauberes Ablassen des Wassers und ein leichtes, ergonomisches Design erleichtern die Entnahme des Roboters aus dem Pool!  Optionales Saugrohr Der Dolphin Bio ist mit drei B\u00fcrsten und einem optionalen Saugrohr ausgestattet, um Schmutz direkt aus dem Pool zu entfernen. Zwei Bio-B\u00fcrsten und eine dritte B\u00fcrste mit zwei Geschwindigkeiten entfernen Schmutz, Algen und Bakterien auch von extrem rutschigen, unebenen B\u00f6den und W\u00e4nden effektiv.\" \/>\n<meta property=\"og:url\" content=\"https:\/\/pool-house.shop\/de\/product\/dolphin-supreme-m5-bio-pvc\/\" \/>\n<meta property=\"og:site_name\" content=\"Pool-House\" \/>\n<meta property=\"article:publisher\" content=\"https:\/\/www.facebook.com\/termodomsk\/\" \/>\n<meta property=\"og:image\" content=\"https:\/\/pool-house.shop\/wp-content\/uploads\/2025\/04\/148180.png\" \/>\n\t<meta property=\"og:image:width\" content=\"1000\" \/>\n\t<meta property=\"og:image:height\" content=\"1000\" \/>\n\t<meta property=\"og:image:type\" content=\"image\/png\" \/>\n<meta name=\"twitter:card\" content=\"summary_large_image\" \/>\n<meta name=\"twitter:label1\" content=\"Gesch\u00e4tzte Lesezeit\" \/>\n\t<meta name=\"twitter:data1\" content=\"2\u00a0Minuten\" \/>\n<script type=\"application\/ld+json\" class=\"yoast-schema-graph\">{\"@context\":\"https:\/\/schema.org\",\"@graph\":[{\"@type\":\"WebPage\",\"@id\":\"https:\/\/pool-house.shop\/de\/product\/dolphin-supreme-m5-bio-pvc\/\",\"url\":\"https:\/\/pool-house.shop\/de\/product\/dolphin-supreme-m5-bio-pvc\/\",\"name\":\"Dolphin Supreme M5 Bio PVC - Pool-House\",\"isPartOf\":{\"@id\":\"https:\/\/pool-house.shop\/de\/#website\"},\"primaryImageOfPage\":{\"@id\":\"https:\/\/pool-house.shop\/de\/product\/dolphin-supreme-m5-bio-pvc\/#primaryimage\"},\"image\":{\"@id\":\"https:\/\/pool-house.shop\/de\/product\/dolphin-supreme-m5-bio-pvc\/#primaryimage\"},\"thumbnailUrl\":\"https:\/\/pool-house.shop\/wp-content\/uploads\/2025\/04\/148180.png\",\"datePublished\":\"2025-04-08T10:22:20+00:00\",\"breadcrumb\":{\"@id\":\"https:\/\/pool-house.shop\/de\/product\/dolphin-supreme-m5-bio-pvc\/#breadcrumb\"},\"inLanguage\":\"de\",\"potentialAction\":[{\"@type\":\"ReadAction\",\"target\":[\"https:\/\/pool-house.shop\/de\/product\/dolphin-supreme-m5-bio-pvc\/\"]}]},{\"@type\":\"ImageObject\",\"inLanguage\":\"de\",\"@id\":\"https:\/\/pool-house.shop\/de\/product\/dolphin-supreme-m5-bio-pvc\/#primaryimage\",\"url\":\"https:\/\/pool-house.shop\/wp-content\/uploads\/2025\/04\/148180.png\",\"contentUrl\":\"https:\/\/pool-house.shop\/wp-content\/uploads\/2025\/04\/148180.png\",\"width\":1000,\"height\":1000},{\"@type\":\"BreadcrumbList\",\"@id\":\"https:\/\/pool-house.shop\/de\/product\/dolphin-supreme-m5-bio-pvc\/#breadcrumb\",\"itemListElement\":[{\"@type\":\"ListItem\",\"position\":1,\"name\":\"Domovsk\u00e1 str\u00e1nka\",\"item\":\"https:\/\/pool-house.shop\/de\/\"},{\"@type\":\"ListItem\",\"position\":2,\"name\":\"Shop\",\"item\":\"https:\/\/pool-house.shop\/de\/shop\/\"},{\"@type\":\"ListItem\",\"position\":3,\"name\":\"Dolphin Supreme M5 Bio PVC\"}]},{\"@type\":\"WebSite\",\"@id\":\"https:\/\/pool-house.shop\/de\/#website\",\"url\":\"https:\/\/pool-house.shop\/de\/\",\"name\":\"Pool-House\",\"description\":\"\",\"publisher\":{\"@id\":\"https:\/\/pool-house.shop\/de\/#organization\"},\"potentialAction\":[{\"@type\":\"SearchAction\",\"target\":{\"@type\":\"EntryPoint\",\"urlTemplate\":\"https:\/\/pool-house.shop\/de\/?s={search_term_string}\"},\"query-input\":{\"@type\":\"PropertyValueSpecification\",\"valueRequired\":true,\"valueName\":\"search_term_string\"}}],\"inLanguage\":\"de\"},{\"@type\":\"Organization\",\"@id\":\"https:\/\/pool-house.shop\/de\/#organization\",\"name\":\"Pool-House\",\"url\":\"https:\/\/pool-house.shop\/de\/\",\"logo\":{\"@type\":\"ImageObject\",\"inLanguage\":\"de\",\"@id\":\"https:\/\/pool-house.shop\/de\/#\/schema\/logo\/image\/\",\"url\":\"https:\/\/pool-house.shop\/wp-content\/uploads\/2025\/10\/logo-2-stvorec-mobil-modre.png\",\"contentUrl\":\"https:\/\/pool-house.shop\/wp-content\/uploads\/2025\/10\/logo-2-stvorec-mobil-modre.png\",\"width\":273,\"height\":189,\"caption\":\"Pool-House\"},\"image\":{\"@id\":\"https:\/\/pool-house.shop\/de\/#\/schema\/logo\/image\/\"},\"sameAs\":[\"https:\/\/www.facebook.com\/termodomsk\/\"]}]}<\/script>\n<!-- \/ Yoast SEO plugin. -->","yoast_head_json":{"title":"Dolphin Supreme M5 Bio PVC - Pool-House","robots":{"index":"index","follow":"follow","max-snippet":"max-snippet:-1","max-image-preview":"max-image-preview:large","max-video-preview":"max-video-preview:-1"},"canonical":"https:\/\/pool-house.shop\/de\/product\/dolphin-supreme-m5-bio-pvc\/","og_locale":"de_DE","og_type":"article","og_title":"Dolphin Supreme M5 Bio PVC - Pool-House","og_description":"Dolphin Supreme BIO  Der Dolphin Supreme Bio bietet erstklassige Reinigungsleistung mit bew\u00e4hrter Dolphin-Technologie zur automatischen Poolreinigung und speziellen Funktionen, um den Herausforderungen organischer und nat\u00fcrlicher Pools gerecht zu werden. Mit dem automatischen Bio-Poolreinigungsroboter k\u00f6nnen die immer beliebter werdenden organischen Pools mit unglaublicher Effizienz gereinigt werden.  Geeignet f\u00fcr die Reinigung von organischen Pools bis 15 Meter L\u00e4nge, mit speziellen Reinigungsanforderungen, aktiver Bio-Saction-B\u00fcrste, einem Saugschlauch zur direkten Schmutzentfernung und der M\u00f6glichkeit, einen Filter f\u00fcr drei Arten von Poolwasser zu w\u00e4hlen. Der Dolphin Bio Roboter reinigt den Poolboden, die Seitenw\u00e4nde und die Wasserlinie. Er verf\u00fcgt \u00fcber ein leicht zu reinigendes Netz und eine ultrafeine Filterkartusche.    Caddy  Hauptparameter  - Empfohlene Pooll\u00e4nge: 15 Meter  - Reinigungsbereich: Boden, Seitenwand, Wasserlinie  - Fernbedienung: Fernbedienung  - Betriebszyklus: 2,5 Stunden  - Optimale w\u00f6chentliche Nutzung: 3-4 Mal  - Filterung: Netz und ultrafeine Filterkartusche  - Kabell\u00e4nge: 18 Meter  - Saugleistung: 17 m\u00b3\/h - Kabelverdrehschutz: Keiner  - Gewicht: 11 kg  - Caddy: Vorhanden - Garantie: 24 Monate  Kabelverdrehschutzsystem Das patentierte Maytronics Anti-Verdreh-Gelenk verhindert ein Verheddern des Kabels. Wenn sich der Dolphin-Roboter im Pool bewegt, sorgt das Drehgelenk daf\u00fcr, dass das Kabel frei und gerade bleibt, sodass er sich ungehindert im Pool bewegen kann!  Ultrafeiner Filterbeutel mit zus\u00e4tzlichen Filtern Die doppelschichtige Filtration ist unter allen Umst\u00e4nden eine hervorragende L\u00f6sung, um Verstopfungen und Ablagerungen zu vermeiden. Verwenden Sie zu Beginn der Saison den Netzfilter f\u00fcr groben Schmutz; f\u00fcr den regelm\u00e4\u00dfigen Gebrauch die feinen und ultrafeinen Filterkartuschen.  Einfache Entnahme Schnelles, sauberes Ablassen des Wassers und ein leichtes, ergonomisches Design erleichtern die Entnahme des Roboters aus dem Pool!  Optionales Saugrohr Der Dolphin Bio ist mit drei B\u00fcrsten und einem optionalen Saugrohr ausgestattet, um Schmutz direkt aus dem Pool zu entfernen. Zwei Bio-B\u00fcrsten und eine dritte B\u00fcrste mit zwei Geschwindigkeiten entfernen Schmutz, Algen und Bakterien auch von extrem rutschigen, unebenen B\u00f6den und W\u00e4nden effektiv.","og_url":"https:\/\/pool-house.shop\/de\/product\/dolphin-supreme-m5-bio-pvc\/","og_site_name":"Pool-House","article_publisher":"https:\/\/www.facebook.com\/termodomsk\/","og_image":[{"width":1000,"height":1000,"url":"https:\/\/pool-house.shop\/wp-content\/uploads\/2025\/04\/148180.png","type":"image\/png"}],"twitter_card":"summary_large_image","twitter_misc":{"Gesch\u00e4tzte Lesezeit":"2\u00a0Minuten"},"schema":{"@context":"https:\/\/schema.org","@graph":[{"@type":"WebPage","@id":"https:\/\/pool-house.shop\/de\/product\/dolphin-supreme-m5-bio-pvc\/","url":"https:\/\/pool-house.shop\/de\/product\/dolphin-supreme-m5-bio-pvc\/","name":"Dolphin Supreme M5 Bio PVC - Pool-House","isPartOf":{"@id":"https:\/\/pool-house.shop\/de\/#website"},"primaryImageOfPage":{"@id":"https:\/\/pool-house.shop\/de\/product\/dolphin-supreme-m5-bio-pvc\/#primaryimage"},"image":{"@id":"https:\/\/pool-house.shop\/de\/product\/dolphin-supreme-m5-bio-pvc\/#primaryimage"},"thumbnailUrl":"https:\/\/pool-house.shop\/wp-content\/uploads\/2025\/04\/148180.png","datePublished":"2025-04-08T10:22:20+00:00","breadcrumb":{"@id":"https:\/\/pool-house.shop\/de\/product\/dolphin-supreme-m5-bio-pvc\/#breadcrumb"},"inLanguage":"de","potentialAction":[{"@type":"ReadAction","target":["https:\/\/pool-house.shop\/de\/product\/dolphin-supreme-m5-bio-pvc\/"]}]},{"@type":"ImageObject","inLanguage":"de","@id":"https:\/\/pool-house.shop\/de\/product\/dolphin-supreme-m5-bio-pvc\/#primaryimage","url":"https:\/\/pool-house.shop\/wp-content\/uploads\/2025\/04\/148180.png","contentUrl":"https:\/\/pool-house.shop\/wp-content\/uploads\/2025\/04\/148180.png","width":1000,"height":1000},{"@type":"BreadcrumbList","@id":"https:\/\/pool-house.shop\/de\/product\/dolphin-supreme-m5-bio-pvc\/#breadcrumb","itemListElement":[{"@type":"ListItem","position":1,"name":"Domovsk\u00e1 str\u00e1nka","item":"https:\/\/pool-house.shop\/de\/"},{"@type":"ListItem","position":2,"name":"Shop","item":"https:\/\/pool-house.shop\/de\/shop\/"},{"@type":"ListItem","position":3,"name":"Dolphin Supreme M5 Bio PVC"}]},{"@type":"WebSite","@id":"https:\/\/pool-house.shop\/de\/#website","url":"https:\/\/pool-house.shop\/de\/","name":"Pool-House","description":"","publisher":{"@id":"https:\/\/pool-house.shop\/de\/#organization"},"potentialAction":[{"@type":"SearchAction","target":{"@type":"EntryPoint","urlTemplate":"https:\/\/pool-house.shop\/de\/?s={search_term_string}"},"query-input":{"@type":"PropertyValueSpecification","valueRequired":true,"valueName":"search_term_string"}}],"inLanguage":"de"},{"@type":"Organization","@id":"https:\/\/pool-house.shop\/de\/#organization","name":"Pool-House","url":"https:\/\/pool-house.shop\/de\/","logo":{"@type":"ImageObject","inLanguage":"de","@id":"https:\/\/pool-house.shop\/de\/#\/schema\/logo\/image\/","url":"https:\/\/pool-house.shop\/wp-content\/uploads\/2025\/10\/logo-2-stvorec-mobil-modre.png","contentUrl":"https:\/\/pool-house.shop\/wp-content\/uploads\/2025\/10\/logo-2-stvorec-mobil-modre.png","width":273,"height":189,"caption":"Pool-House"},"image":{"@id":"https:\/\/pool-house.shop\/de\/#\/schema\/logo\/image\/"},"sameAs":["https:\/\/www.facebook.com\/termodomsk\/"]}]}},"_links":{"self":[{"href":"https:\/\/pool-house.shop\/de\/wp-json\/wp\/v2\/product\/11050","targetHints":{"allow":["GET"]}}],"collection":[{"href":"https:\/\/pool-house.shop\/de\/wp-json\/wp\/v2\/product"}],"about":[{"href":"https:\/\/pool-house.shop\/de\/wp-json\/wp\/v2\/types\/product"}],"wp:featuredmedia":[{"embeddable":true,"href":"https:\/\/pool-house.shop\/de\/wp-json\/wp\/v2\/media\/4232"}],"wp:attachment":[{"href":"https:\/\/pool-house.shop\/de\/wp-json\/wp\/v2\/media?parent=11050"}],"wp:term":[{"taxonomy":"product_brand","embeddable":true,"href":"https:\/\/pool-house.shop\/de\/wp-json\/wp\/v2\/product_brand?post=11050"},{"taxonomy":"product_cat","embeddable":true,"href":"https:\/\/pool-house.shop\/de\/wp-json\/wp\/v2\/product_cat?post=11050"},{"taxonomy":"product_tag","embeddable":true,"href":"https:\/\/pool-house.shop\/de\/wp-json\/wp\/v2\/product_tag?post=11050"}],"curies":[{"name":"wp","href":"https:\/\/api.w.org\/{rel}","templated":true}]}}