{"id":11054,"date":"2025-04-08T12:22:19","date_gmt":"2025-04-08T10:22:19","guid":{"rendered":"https:\/\/pool-house.shop\/product\/dolphin-wave-150\/"},"modified":"2025-04-08T12:22:19","modified_gmt":"2025-04-08T10:22:19","slug":"dolphin-wave-150","status":"publish","type":"product","link":"https:\/\/pool-house.shop\/de\/product\/dolphin-wave-150\/","title":{"rendered":"Dolphin WAVE 150"},"content":{"rendered":"<p>Dolphin WAVE 150<\/p>\n<p> Mit dem Maytronics Dolphin Wave 150 erreichen Sie professionelle Reinigungsleistung ohne Kompromisse. Dieser kommerzielle Poolreiniger bietet langfristige Zuverl\u00e4ssigkeit und die beste Reinigung von Wand zu Wand in seiner Klasse.<br \/>\n Der Dolphin WAVE 150 ist ein effizienter, automatischer Poolreinigungsroboter f\u00fcr kleine und mittelgro\u00dfe Innenpools bis zu einer L\u00e4nge von 25 Metern. Er verf\u00fcgt \u00fcber die effektivsten Bodenreinigungsoptionen seiner Kategorie.<br \/>\n Er ist einfach zu bedienen und passt sich intelligent der Beckenform und Hindernissen an. Ein einziger Roboter kann den Boden mehrerer Pools reinigen, selbst bei unterschiedlichen Gr\u00f6\u00dfen und Eigenschaften.  <\/p>\n<p> Caddy<\/p>\n<p> Hauptparameter<br \/>\n  &#8211; Empfohlene Pooll\u00e4nge: 25 Meter<br \/>\n &#8211; Reinigungsbereich: Boden<br \/>\n &#8211; Fernbedienung: MMI<br \/>\n &#8211; Arbeitszyklus: 4 \/ 5 \/ 6 Stunden<br \/>\n &#8211; Optimale w\u00f6chentliche Nutzung: unbegrenzt<br \/>\n  &#8211; Filterung: Feine und ultrafeine Filterkartusche<br \/>\n &#8211; Kabell\u00e4nge: 35 Meter<br \/>\n  &#8211; Saugleistung: 18 m\u00b3\/h<br \/>\n &#8211; Kabelverdrehschutz: Keiner<br \/>\n &#8211; Gewicht: 25 kg<br \/>\n &#8211; Caddy: Vorhanden<br \/>\n &#8211; Garantie: 24 Monate oder 3000 Stunden<\/p>\n<p> Fernbedienung<br \/>\n Die Fernbedienung bietet zwei Modi: Automatikmodus und manueller Steuerungsmodus.<br \/>\n Im Automatikmodus kann die L\u00e4nge des Reinigungszyklus ge\u00e4ndert werden. Bei manueller Steuerung kann die Bewegung des Roboters manuell kontrolliert werden.<\/p>\n<p> Kraftvolle Handhabung, doppelte Reinigung<br \/>\n Das Ergebnis der langfristigen F\u00fchrung und des doppelten B\u00fcrstens ist eine gr\u00fcndliche Reinigung des Poolbodens und die Entfernung von Schmutz, sodass der Pool sauber bleibt.<\/p>\n<p> Einfache Handhabung<br \/>\n Schnelles, sauberes Ablassen des Wassers und ein leichtes, ergonomisches Design erleichtern das Entnehmen des Roboters aus dem Pool!<\/p>\n<p> MMI &#8211; Interaktives Digitales Interface<br \/>\n Filterbeutel mit vollst\u00e4ndiger Anzeige, Betriebsverz\u00f6gerung und weiteren Betriebsmodi: Die automatischen Modi \u201eGo to Pool\u201c und \u201eGo to Car\u201c erm\u00f6glichen eine einfache Bedienung. Die Programme werden auf einem benutzerfreundlichen LCD-Display ausgew\u00e4hlt.<br \/>\n Es ist m\u00f6glich, die Zykluszeit f\u00fcr bis zu 4 verschiedene Pools einzustellen. Der Technikermodus erm\u00f6glicht die Diagnose \u00fcber eine integrierte Schnittstelle mit USB-Anschluss. <\/p>\n","protected":false},"excerpt":{"rendered":"<p>Dolphin WAVE 150<\/p>\n<p> Mit dem Maytronics Dolphin Wave 150 erreichen Sie professionelle Reinigungsleistung ohne Kompromisse. Dieser kommerzielle Poolreiniger bietet langfristige Zuverl\u00e4ssigkeit und die beste Reinigung von Wand zu Wand in seiner Klasse.<br \/>\n Der Dolphin WAVE 150 ist ein effizienter, automatischer Poolreinigungsroboter f\u00fcr kleine und mittelgro\u00dfe Innenpools bis zu einer L\u00e4nge von 25 Metern. Er verf\u00fcgt \u00fcber die effektivsten Bodenreinigungsoptionen seiner Kategorie.<br \/>\n Er ist einfach zu bedienen und passt sich intelligent der Beckenform und Hindernissen an. Ein einziger Roboter kann den Boden mehrerer Pools reinigen, selbst bei unterschiedlichen Gr\u00f6\u00dfen und Eigenschaften.  <\/p>\n<p> Caddy<\/p>\n<p> Hauptparameter<br \/>\n  &#8211; Empfohlene Pooll\u00e4nge: 25 Meter<br \/>\n &#8211; Reinigungsbereich: Boden<br \/>\n &#8211; Fernbedienung: MMI<br \/>\n &#8211; Arbeitszyklus: 4 \/ 5 \/ 6 Stunden<br \/>\n &#8211; Optimale w\u00f6chentliche Nutzung: unbegrenzt<br \/>\n  &#8211; Filterung: Feine und ultrafeine Filterkartusche<br \/>\n &#8211; Kabell\u00e4nge: 35 Meter<br \/>\n  &#8211; Saugleistung: 18 m\u00b3\/h<br \/>\n &#8211; Kabelverdrehschutz: Keiner<br \/>\n &#8211; Gewicht: 25 kg<br \/>\n &#8211; Caddy: Vorhanden<br \/>\n &#8211; Garantie: 24 Monate oder 3000 Stunden<\/p>\n<p> Fernbedienung<br \/>\n Die Fernbedienung bietet zwei Modi: Automatikmodus und manueller Steuerungsmodus.<br \/>\n Im Automatikmodus kann die L\u00e4nge des Reinigungszyklus ge\u00e4ndert werden. Bei manueller Steuerung kann die Bewegung des Roboters manuell kontrolliert werden.<\/p>\n<p> Kraftvolle Handhabung, doppelte Reinigung<br \/>\n Das Ergebnis der langfristigen F\u00fchrung und des doppelten B\u00fcrstens ist eine gr\u00fcndliche Reinigung des Poolbodens und die Entfernung von Schmutz, sodass der Pool sauber bleibt.<\/p>\n<p> Einfache Handhabung<br \/>\n Schnelles, sauberes Ablassen des Wassers und ein leichtes, ergonomisches Design erleichtern das Entnehmen des Roboters aus dem Pool!<\/p>\n<p> MMI &#8211; Interaktives Digitales Interface<br \/>\n Filterbeutel mit vollst\u00e4ndiger Anzeige, Betriebsverz\u00f6gerung und weiteren Betriebsmodi: Die automatischen Modi \u201eGo to Pool\u201c und \u201eGo to Car\u201c erm\u00f6glichen eine einfache Bedienung. Die Programme werden auf einem benutzerfreundlichen LCD-Display ausgew\u00e4hlt.<br \/>\n Es ist m\u00f6glich, die Zykluszeit f\u00fcr bis zu 4 verschiedene Pools einzustellen. Der Technikermodus erm\u00f6glicht die Diagnose \u00fcber eine integrierte Schnittstelle mit USB-Anschluss. <\/p>\n","protected":false},"featured_media":4230,"template":"","meta":[],"product_brand":[],"product_cat":[312],"product_tag":[],"class_list":{"0":"post-11054","1":"product","2":"type-product","3":"status-publish","4":"has-post-thumbnail","6":"product_cat-poolreiniger","7":"thunk-woo-product-list","8":"open-woo-hover-none","9":"open-single-product-tab-horizontal","10":"open-shadow-","11":"open-shadow-hover-","13":"first","14":"instock","15":"taxable","16":"shipping-taxable","17":"purchasable","18":"product-type-simple"},"yoast_head":"<!-- This site is optimized with the Yoast SEO plugin v26.9 - https:\/\/yoast.com\/product\/yoast-seo-wordpress\/ -->\n<title>Dolphin WAVE 150 - Pool-House<\/title>\n<meta name=\"robots\" content=\"index, follow, max-snippet:-1, max-image-preview:large, max-video-preview:-1\" \/>\n<link rel=\"canonical\" href=\"https:\/\/pool-house.shop\/de\/product\/dolphin-wave-150\/\" \/>\n<meta property=\"og:locale\" content=\"de_DE\" \/>\n<meta property=\"og:type\" content=\"article\" \/>\n<meta property=\"og:title\" content=\"Dolphin WAVE 150 - Pool-House\" \/>\n<meta property=\"og:description\" content=\"Dolphin WAVE 150  Mit dem Maytronics Dolphin Wave 150 erreichen Sie professionelle Reinigungsleistung ohne Kompromisse. Dieser kommerzielle Poolreiniger bietet langfristige Zuverl\u00e4ssigkeit und die beste Reinigung von Wand zu Wand in seiner Klasse.  Der Dolphin WAVE 150 ist ein effizienter, automatischer Poolreinigungsroboter f\u00fcr kleine und mittelgro\u00dfe Innenpools bis zu einer L\u00e4nge von 25 Metern. Er verf\u00fcgt \u00fcber die effektivsten Bodenreinigungsoptionen seiner Kategorie.  Er ist einfach zu bedienen und passt sich intelligent der Beckenform und Hindernissen an. Ein einziger Roboter kann den Boden mehrerer Pools reinigen, selbst bei unterschiedlichen Gr\u00f6\u00dfen und Eigenschaften.   Caddy  Hauptparameter  - Empfohlene Pooll\u00e4nge: 25 Meter - Reinigungsbereich: Boden - Fernbedienung: MMI - Arbeitszyklus: 4 \/ 5 \/ 6 Stunden - Optimale w\u00f6chentliche Nutzung: unbegrenzt  - Filterung: Feine und ultrafeine Filterkartusche - Kabell\u00e4nge: 35 Meter  - Saugleistung: 18 m\u00b3\/h - Kabelverdrehschutz: Keiner - Gewicht: 25 kg - Caddy: Vorhanden - Garantie: 24 Monate oder 3000 Stunden  Fernbedienung Die Fernbedienung bietet zwei Modi: Automatikmodus und manueller Steuerungsmodus. Im Automatikmodus kann die L\u00e4nge des Reinigungszyklus ge\u00e4ndert werden. Bei manueller Steuerung kann die Bewegung des Roboters manuell kontrolliert werden.  Kraftvolle Handhabung, doppelte Reinigung Das Ergebnis der langfristigen F\u00fchrung und des doppelten B\u00fcrstens ist eine gr\u00fcndliche Reinigung des Poolbodens und die Entfernung von Schmutz, sodass der Pool sauber bleibt.  Einfache Handhabung Schnelles, sauberes Ablassen des Wassers und ein leichtes, ergonomisches Design erleichtern das Entnehmen des Roboters aus dem Pool!  MMI - Interaktives Digitales Interface Filterbeutel mit vollst\u00e4ndiger Anzeige, Betriebsverz\u00f6gerung und weiteren Betriebsmodi: Die automatischen Modi \u201eGo to Pool\u201c und \u201eGo to Car\u201c erm\u00f6glichen eine einfache Bedienung. Die Programme werden auf einem benutzerfreundlichen LCD-Display ausgew\u00e4hlt.  Es ist m\u00f6glich, die Zykluszeit f\u00fcr bis zu 4 verschiedene Pools einzustellen. Der Technikermodus erm\u00f6glicht die Diagnose \u00fcber eine integrierte Schnittstelle mit USB-Anschluss.\" \/>\n<meta property=\"og:url\" content=\"https:\/\/pool-house.shop\/de\/product\/dolphin-wave-150\/\" \/>\n<meta property=\"og:site_name\" content=\"Pool-House\" \/>\n<meta property=\"article:publisher\" content=\"https:\/\/www.facebook.com\/termodomsk\/\" \/>\n<meta property=\"og:image\" content=\"https:\/\/pool-house.shop\/wp-content\/uploads\/2025\/04\/148150.png\" \/>\n\t<meta property=\"og:image:width\" content=\"2000\" \/>\n\t<meta property=\"og:image:height\" content=\"2000\" \/>\n\t<meta property=\"og:image:type\" content=\"image\/png\" \/>\n<meta name=\"twitter:card\" content=\"summary_large_image\" \/>\n<meta name=\"twitter:label1\" content=\"Gesch\u00e4tzte Lesezeit\" \/>\n\t<meta name=\"twitter:data1\" content=\"1\u00a0Minute\" \/>\n<script type=\"application\/ld+json\" class=\"yoast-schema-graph\">{\"@context\":\"https:\/\/schema.org\",\"@graph\":[{\"@type\":\"WebPage\",\"@id\":\"https:\/\/pool-house.shop\/de\/product\/dolphin-wave-150\/\",\"url\":\"https:\/\/pool-house.shop\/de\/product\/dolphin-wave-150\/\",\"name\":\"Dolphin WAVE 150 - Pool-House\",\"isPartOf\":{\"@id\":\"https:\/\/pool-house.shop\/de\/#website\"},\"primaryImageOfPage\":{\"@id\":\"https:\/\/pool-house.shop\/de\/product\/dolphin-wave-150\/#primaryimage\"},\"image\":{\"@id\":\"https:\/\/pool-house.shop\/de\/product\/dolphin-wave-150\/#primaryimage\"},\"thumbnailUrl\":\"https:\/\/pool-house.shop\/wp-content\/uploads\/2025\/04\/148150.png\",\"datePublished\":\"2025-04-08T10:22:19+00:00\",\"breadcrumb\":{\"@id\":\"https:\/\/pool-house.shop\/de\/product\/dolphin-wave-150\/#breadcrumb\"},\"inLanguage\":\"de\",\"potentialAction\":[{\"@type\":\"ReadAction\",\"target\":[\"https:\/\/pool-house.shop\/de\/product\/dolphin-wave-150\/\"]}]},{\"@type\":\"ImageObject\",\"inLanguage\":\"de\",\"@id\":\"https:\/\/pool-house.shop\/de\/product\/dolphin-wave-150\/#primaryimage\",\"url\":\"https:\/\/pool-house.shop\/wp-content\/uploads\/2025\/04\/148150.png\",\"contentUrl\":\"https:\/\/pool-house.shop\/wp-content\/uploads\/2025\/04\/148150.png\",\"width\":2000,\"height\":2000},{\"@type\":\"BreadcrumbList\",\"@id\":\"https:\/\/pool-house.shop\/de\/product\/dolphin-wave-150\/#breadcrumb\",\"itemListElement\":[{\"@type\":\"ListItem\",\"position\":1,\"name\":\"Domovsk\u00e1 str\u00e1nka\",\"item\":\"https:\/\/pool-house.shop\/de\/\"},{\"@type\":\"ListItem\",\"position\":2,\"name\":\"Shop\",\"item\":\"https:\/\/pool-house.shop\/de\/shop\/\"},{\"@type\":\"ListItem\",\"position\":3,\"name\":\"Dolphin WAVE 150\"}]},{\"@type\":\"WebSite\",\"@id\":\"https:\/\/pool-house.shop\/de\/#website\",\"url\":\"https:\/\/pool-house.shop\/de\/\",\"name\":\"Pool-House\",\"description\":\"\",\"publisher\":{\"@id\":\"https:\/\/pool-house.shop\/de\/#organization\"},\"potentialAction\":[{\"@type\":\"SearchAction\",\"target\":{\"@type\":\"EntryPoint\",\"urlTemplate\":\"https:\/\/pool-house.shop\/de\/?s={search_term_string}\"},\"query-input\":{\"@type\":\"PropertyValueSpecification\",\"valueRequired\":true,\"valueName\":\"search_term_string\"}}],\"inLanguage\":\"de\"},{\"@type\":\"Organization\",\"@id\":\"https:\/\/pool-house.shop\/de\/#organization\",\"name\":\"Pool-House\",\"url\":\"https:\/\/pool-house.shop\/de\/\",\"logo\":{\"@type\":\"ImageObject\",\"inLanguage\":\"de\",\"@id\":\"https:\/\/pool-house.shop\/de\/#\/schema\/logo\/image\/\",\"url\":\"https:\/\/pool-house.shop\/wp-content\/uploads\/2025\/10\/logo-2-stvorec-mobil-modre.png\",\"contentUrl\":\"https:\/\/pool-house.shop\/wp-content\/uploads\/2025\/10\/logo-2-stvorec-mobil-modre.png\",\"width\":273,\"height\":189,\"caption\":\"Pool-House\"},\"image\":{\"@id\":\"https:\/\/pool-house.shop\/de\/#\/schema\/logo\/image\/\"},\"sameAs\":[\"https:\/\/www.facebook.com\/termodomsk\/\"]}]}<\/script>\n<!-- \/ Yoast SEO plugin. -->","yoast_head_json":{"title":"Dolphin WAVE 150 - Pool-House","robots":{"index":"index","follow":"follow","max-snippet":"max-snippet:-1","max-image-preview":"max-image-preview:large","max-video-preview":"max-video-preview:-1"},"canonical":"https:\/\/pool-house.shop\/de\/product\/dolphin-wave-150\/","og_locale":"de_DE","og_type":"article","og_title":"Dolphin WAVE 150 - Pool-House","og_description":"Dolphin WAVE 150  Mit dem Maytronics Dolphin Wave 150 erreichen Sie professionelle Reinigungsleistung ohne Kompromisse. Dieser kommerzielle Poolreiniger bietet langfristige Zuverl\u00e4ssigkeit und die beste Reinigung von Wand zu Wand in seiner Klasse.  Der Dolphin WAVE 150 ist ein effizienter, automatischer Poolreinigungsroboter f\u00fcr kleine und mittelgro\u00dfe Innenpools bis zu einer L\u00e4nge von 25 Metern. Er verf\u00fcgt \u00fcber die effektivsten Bodenreinigungsoptionen seiner Kategorie.  Er ist einfach zu bedienen und passt sich intelligent der Beckenform und Hindernissen an. Ein einziger Roboter kann den Boden mehrerer Pools reinigen, selbst bei unterschiedlichen Gr\u00f6\u00dfen und Eigenschaften.   Caddy  Hauptparameter  - Empfohlene Pooll\u00e4nge: 25 Meter - Reinigungsbereich: Boden - Fernbedienung: MMI - Arbeitszyklus: 4 \/ 5 \/ 6 Stunden - Optimale w\u00f6chentliche Nutzung: unbegrenzt  - Filterung: Feine und ultrafeine Filterkartusche - Kabell\u00e4nge: 35 Meter  - Saugleistung: 18 m\u00b3\/h - Kabelverdrehschutz: Keiner - Gewicht: 25 kg - Caddy: Vorhanden - Garantie: 24 Monate oder 3000 Stunden  Fernbedienung Die Fernbedienung bietet zwei Modi: Automatikmodus und manueller Steuerungsmodus. Im Automatikmodus kann die L\u00e4nge des Reinigungszyklus ge\u00e4ndert werden. Bei manueller Steuerung kann die Bewegung des Roboters manuell kontrolliert werden.  Kraftvolle Handhabung, doppelte Reinigung Das Ergebnis der langfristigen F\u00fchrung und des doppelten B\u00fcrstens ist eine gr\u00fcndliche Reinigung des Poolbodens und die Entfernung von Schmutz, sodass der Pool sauber bleibt.  Einfache Handhabung Schnelles, sauberes Ablassen des Wassers und ein leichtes, ergonomisches Design erleichtern das Entnehmen des Roboters aus dem Pool!  MMI - Interaktives Digitales Interface Filterbeutel mit vollst\u00e4ndiger Anzeige, Betriebsverz\u00f6gerung und weiteren Betriebsmodi: Die automatischen Modi \u201eGo to Pool\u201c und \u201eGo to Car\u201c erm\u00f6glichen eine einfache Bedienung. Die Programme werden auf einem benutzerfreundlichen LCD-Display ausgew\u00e4hlt.  Es ist m\u00f6glich, die Zykluszeit f\u00fcr bis zu 4 verschiedene Pools einzustellen. Der Technikermodus erm\u00f6glicht die Diagnose \u00fcber eine integrierte Schnittstelle mit USB-Anschluss.","og_url":"https:\/\/pool-house.shop\/de\/product\/dolphin-wave-150\/","og_site_name":"Pool-House","article_publisher":"https:\/\/www.facebook.com\/termodomsk\/","og_image":[{"width":2000,"height":2000,"url":"https:\/\/pool-house.shop\/wp-content\/uploads\/2025\/04\/148150.png","type":"image\/png"}],"twitter_card":"summary_large_image","twitter_misc":{"Gesch\u00e4tzte Lesezeit":"1\u00a0Minute"},"schema":{"@context":"https:\/\/schema.org","@graph":[{"@type":"WebPage","@id":"https:\/\/pool-house.shop\/de\/product\/dolphin-wave-150\/","url":"https:\/\/pool-house.shop\/de\/product\/dolphin-wave-150\/","name":"Dolphin WAVE 150 - Pool-House","isPartOf":{"@id":"https:\/\/pool-house.shop\/de\/#website"},"primaryImageOfPage":{"@id":"https:\/\/pool-house.shop\/de\/product\/dolphin-wave-150\/#primaryimage"},"image":{"@id":"https:\/\/pool-house.shop\/de\/product\/dolphin-wave-150\/#primaryimage"},"thumbnailUrl":"https:\/\/pool-house.shop\/wp-content\/uploads\/2025\/04\/148150.png","datePublished":"2025-04-08T10:22:19+00:00","breadcrumb":{"@id":"https:\/\/pool-house.shop\/de\/product\/dolphin-wave-150\/#breadcrumb"},"inLanguage":"de","potentialAction":[{"@type":"ReadAction","target":["https:\/\/pool-house.shop\/de\/product\/dolphin-wave-150\/"]}]},{"@type":"ImageObject","inLanguage":"de","@id":"https:\/\/pool-house.shop\/de\/product\/dolphin-wave-150\/#primaryimage","url":"https:\/\/pool-house.shop\/wp-content\/uploads\/2025\/04\/148150.png","contentUrl":"https:\/\/pool-house.shop\/wp-content\/uploads\/2025\/04\/148150.png","width":2000,"height":2000},{"@type":"BreadcrumbList","@id":"https:\/\/pool-house.shop\/de\/product\/dolphin-wave-150\/#breadcrumb","itemListElement":[{"@type":"ListItem","position":1,"name":"Domovsk\u00e1 str\u00e1nka","item":"https:\/\/pool-house.shop\/de\/"},{"@type":"ListItem","position":2,"name":"Shop","item":"https:\/\/pool-house.shop\/de\/shop\/"},{"@type":"ListItem","position":3,"name":"Dolphin WAVE 150"}]},{"@type":"WebSite","@id":"https:\/\/pool-house.shop\/de\/#website","url":"https:\/\/pool-house.shop\/de\/","name":"Pool-House","description":"","publisher":{"@id":"https:\/\/pool-house.shop\/de\/#organization"},"potentialAction":[{"@type":"SearchAction","target":{"@type":"EntryPoint","urlTemplate":"https:\/\/pool-house.shop\/de\/?s={search_term_string}"},"query-input":{"@type":"PropertyValueSpecification","valueRequired":true,"valueName":"search_term_string"}}],"inLanguage":"de"},{"@type":"Organization","@id":"https:\/\/pool-house.shop\/de\/#organization","name":"Pool-House","url":"https:\/\/pool-house.shop\/de\/","logo":{"@type":"ImageObject","inLanguage":"de","@id":"https:\/\/pool-house.shop\/de\/#\/schema\/logo\/image\/","url":"https:\/\/pool-house.shop\/wp-content\/uploads\/2025\/10\/logo-2-stvorec-mobil-modre.png","contentUrl":"https:\/\/pool-house.shop\/wp-content\/uploads\/2025\/10\/logo-2-stvorec-mobil-modre.png","width":273,"height":189,"caption":"Pool-House"},"image":{"@id":"https:\/\/pool-house.shop\/de\/#\/schema\/logo\/image\/"},"sameAs":["https:\/\/www.facebook.com\/termodomsk\/"]}]}},"_links":{"self":[{"href":"https:\/\/pool-house.shop\/de\/wp-json\/wp\/v2\/product\/11054","targetHints":{"allow":["GET"]}}],"collection":[{"href":"https:\/\/pool-house.shop\/de\/wp-json\/wp\/v2\/product"}],"about":[{"href":"https:\/\/pool-house.shop\/de\/wp-json\/wp\/v2\/types\/product"}],"wp:featuredmedia":[{"embeddable":true,"href":"https:\/\/pool-house.shop\/de\/wp-json\/wp\/v2\/media\/4230"}],"wp:attachment":[{"href":"https:\/\/pool-house.shop\/de\/wp-json\/wp\/v2\/media?parent=11054"}],"wp:term":[{"taxonomy":"product_brand","embeddable":true,"href":"https:\/\/pool-house.shop\/de\/wp-json\/wp\/v2\/product_brand?post=11054"},{"taxonomy":"product_cat","embeddable":true,"href":"https:\/\/pool-house.shop\/de\/wp-json\/wp\/v2\/product_cat?post=11054"},{"taxonomy":"product_tag","embeddable":true,"href":"https:\/\/pool-house.shop\/de\/wp-json\/wp\/v2\/product_tag?post=11054"}],"curies":[{"name":"wp","href":"https:\/\/api.w.org\/{rel}","templated":true}]}}