{"id":11055,"date":"2025-04-08T12:22:17","date_gmt":"2025-04-08T10:22:17","guid":{"rendered":"https:\/\/pool-house.shop\/product\/dolphin-wave-90i-eu\/"},"modified":"2025-04-08T12:22:17","modified_gmt":"2025-04-08T10:22:17","slug":"dolphin-wave-90i-eu","status":"publish","type":"product","link":"https:\/\/pool-house.shop\/de\/product\/dolphin-wave-90i-eu\/","title":{"rendered":"Dolphin WAVE 90i EU"},"content":{"rendered":"<p>Dolphin WAVE 90i EU<\/p>\n<p> Maytronics \u2013 Eine vertrauensw\u00fcrdige Marke f\u00fcr Reinigungsroboter<br \/>\n Der brandneue Maytronics Dolphin WAVE 90i ist ein revolution\u00e4rer, App-gesteuerter Reinigungsroboter f\u00fcr Innenpools. Dank seiner robusten Bauweise bew\u00e4ltigt er selbst hartn\u00e4ckigsten Schmutz effizient.<br \/>\n Dieser innovative Roboter bringt Leichtigkeit und Komfort in die Poolreinigung und bietet hervorragende Leistung f\u00fcr alle Formen und Typen mittelgro\u00dfer HMAC-Pools (Hotel, Pension, Apartmenthaus, Campingplatz).<br \/>\n Dank der MyDolphinTM Plus App bleibt der WAVE 90i stets verbunden, sodass Sie die Poolreinigung jederzeit und \u00fcberall steuern k\u00f6nnen.<\/p>\n<p> Caddy<\/p>\n<p> Leistungsstark und robust<br \/>\n Leistungsstarke Reinigungsleistung mit au\u00dfergew\u00f6hnlicher Zuverl\u00e4ssigkeit.  Maytronics Reinigungsroboter f\u00fcr Innenpools versprechen und gew\u00e4hrleisten einen langfristigen und kosteneffizienten Betrieb.<\/p>\n<p> Leicht zug\u00e4nglicher Filter<br \/>\n Von oben zug\u00e4nglicher Filter f\u00fcr einfaches und bequemes Entfernen und Reinigen von Schmutz.<\/p>\n<p> App-gesteuerter Roboter<br \/>\n Die App nutzt IoT-Konnektivit\u00e4t in Echtzeit \u2013 f\u00fcr direkten und pers\u00f6nlichen Service vom Maytronics Kundendienst.<\/p>\n<p> Wahl der Zyklusdauer<br \/>\n Passen Sie die Reinigungszyklen an Ihre Bed\u00fcrfnisse, Ihren Zeitplan und Ihren Pool an.<\/p>\n<p> Eigenschaften:<br \/>\n &#8211; Empfohlene Pooll\u00e4nge: max. 20 m<br \/>\n &#8211; Reinigungsbereich: Boden und Seitenwand<br \/>\n &#8211; Fernsteuerung: Fernbedienung<br \/>\n &#8211; Zyklusdauer: 2 \/ 3 \/ 4 Stunden<br \/>\n &#8211; Kabell\u00e4nge: 30 m<br \/>\n &#8211; Filtration: Mehrschichtiger Kombifilter \u2013 Vorfilter, Feinfilter + 2 ultrafeine Paneele, mit zus\u00e4tzlicher Dichtung. Ersatzpaneele: 2 ultrafeine Paneele. Optionaler Filterbeutel<br \/>\n &#8211; Gewicht: 11 kg<br \/>\n &#8211; Saugleistung: 19 m\u00b3\/Std. <\/p>\n","protected":false},"excerpt":{"rendered":"<p>Dolphin WAVE 90i EU<\/p>\n<p> Maytronics \u2013 Eine vertrauensw\u00fcrdige Marke f\u00fcr Reinigungsroboter<br \/>\n Der brandneue Maytronics Dolphin WAVE 90i ist ein revolution\u00e4rer, App-gesteuerter Reinigungsroboter f\u00fcr Innenpools. Dank seiner robusten Bauweise bew\u00e4ltigt er selbst hartn\u00e4ckigsten Schmutz effizient.<br \/>\n Dieser innovative Roboter bringt Leichtigkeit und Komfort in die Poolreinigung und bietet hervorragende Leistung f\u00fcr alle Formen und Typen mittelgro\u00dfer HMAC-Pools (Hotel, Pension, Apartmenthaus, Campingplatz).<br \/>\n Dank der MyDolphinTM Plus App bleibt der WAVE 90i stets verbunden, sodass Sie die Poolreinigung jederzeit und \u00fcberall steuern k\u00f6nnen.<\/p>\n<p> Caddy<\/p>\n<p> Leistungsstark und robust<br \/>\n Leistungsstarke Reinigungsleistung mit au\u00dfergew\u00f6hnlicher Zuverl\u00e4ssigkeit.  Maytronics Reinigungsroboter f\u00fcr Innenpools versprechen und gew\u00e4hrleisten einen langfristigen und kosteneffizienten Betrieb.<\/p>\n<p> Leicht zug\u00e4nglicher Filter<br \/>\n Von oben zug\u00e4nglicher Filter f\u00fcr einfaches und bequemes Entfernen und Reinigen von Schmutz.<\/p>\n<p> App-gesteuerter Roboter<br \/>\n Die App nutzt IoT-Konnektivit\u00e4t in Echtzeit \u2013 f\u00fcr direkten und pers\u00f6nlichen Service vom Maytronics Kundendienst.<\/p>\n<p> Wahl der Zyklusdauer<br \/>\n Passen Sie die Reinigungszyklen an Ihre Bed\u00fcrfnisse, Ihren Zeitplan und Ihren Pool an.<\/p>\n<p> Eigenschaften:<br \/>\n &#8211; Empfohlene Pooll\u00e4nge: max. 20 m<br \/>\n &#8211; Reinigungsbereich: Boden und Seitenwand<br \/>\n &#8211; Fernsteuerung: Fernbedienung<br \/>\n &#8211; Zyklusdauer: 2 \/ 3 \/ 4 Stunden<br \/>\n &#8211; Kabell\u00e4nge: 30 m<br \/>\n &#8211; Filtration: Mehrschichtiger Kombifilter \u2013 Vorfilter, Feinfilter + 2 ultrafeine Paneele, mit zus\u00e4tzlicher Dichtung. Ersatzpaneele: 2 ultrafeine Paneele. Optionaler Filterbeutel<br \/>\n &#8211; Gewicht: 11 kg<br \/>\n &#8211; Saugleistung: 19 m\u00b3\/Std. <\/p>\n","protected":false},"featured_media":4228,"template":"","meta":[],"product_brand":[],"product_cat":[312],"product_tag":[],"class_list":{"0":"post-11055","1":"product","2":"type-product","3":"status-publish","4":"has-post-thumbnail","6":"product_cat-poolreiniger","7":"thunk-woo-product-list","8":"open-woo-hover-none","9":"open-single-product-tab-horizontal","10":"open-shadow-","11":"open-shadow-hover-","13":"first","14":"instock","15":"taxable","16":"shipping-taxable","17":"purchasable","18":"product-type-simple"},"yoast_head":"<!-- This site is optimized with the Yoast SEO plugin v26.9 - https:\/\/yoast.com\/product\/yoast-seo-wordpress\/ -->\n<title>Dolphin WAVE 90i EU - Pool-House<\/title>\n<meta name=\"robots\" content=\"index, follow, max-snippet:-1, max-image-preview:large, max-video-preview:-1\" \/>\n<link rel=\"canonical\" href=\"https:\/\/pool-house.shop\/de\/product\/dolphin-wave-90i-eu\/\" \/>\n<meta property=\"og:locale\" content=\"de_DE\" \/>\n<meta property=\"og:type\" content=\"article\" \/>\n<meta property=\"og:title\" content=\"Dolphin WAVE 90i EU - Pool-House\" \/>\n<meta property=\"og:description\" content=\"Dolphin WAVE 90i EU  Maytronics \u2013 Eine vertrauensw\u00fcrdige Marke f\u00fcr Reinigungsroboter Der brandneue Maytronics Dolphin WAVE 90i ist ein revolution\u00e4rer, App-gesteuerter Reinigungsroboter f\u00fcr Innenpools. Dank seiner robusten Bauweise bew\u00e4ltigt er selbst hartn\u00e4ckigsten Schmutz effizient. Dieser innovative Roboter bringt Leichtigkeit und Komfort in die Poolreinigung und bietet hervorragende Leistung f\u00fcr alle Formen und Typen mittelgro\u00dfer HMAC-Pools (Hotel, Pension, Apartmenthaus, Campingplatz). Dank der MyDolphinTM Plus App bleibt der WAVE 90i stets verbunden, sodass Sie die Poolreinigung jederzeit und \u00fcberall steuern k\u00f6nnen.  Caddy  Leistungsstark und robust Leistungsstarke Reinigungsleistung mit au\u00dfergew\u00f6hnlicher Zuverl\u00e4ssigkeit. Maytronics Reinigungsroboter f\u00fcr Innenpools versprechen und gew\u00e4hrleisten einen langfristigen und kosteneffizienten Betrieb.  Leicht zug\u00e4nglicher Filter Von oben zug\u00e4nglicher Filter f\u00fcr einfaches und bequemes Entfernen und Reinigen von Schmutz.  App-gesteuerter Roboter Die App nutzt IoT-Konnektivit\u00e4t in Echtzeit \u2013 f\u00fcr direkten und pers\u00f6nlichen Service vom Maytronics Kundendienst.  Wahl der Zyklusdauer Passen Sie die Reinigungszyklen an Ihre Bed\u00fcrfnisse, Ihren Zeitplan und Ihren Pool an.  Eigenschaften: - Empfohlene Pooll\u00e4nge: max. 20 m - Reinigungsbereich: Boden und Seitenwand - Fernsteuerung: Fernbedienung - Zyklusdauer: 2 \/ 3 \/ 4 Stunden - Kabell\u00e4nge: 30 m - Filtration: Mehrschichtiger Kombifilter \u2013 Vorfilter, Feinfilter + 2 ultrafeine Paneele, mit zus\u00e4tzlicher Dichtung. Ersatzpaneele: 2 ultrafeine Paneele. Optionaler Filterbeutel - Gewicht: 11 kg - Saugleistung: 19 m\u00b3\/Std.\" \/>\n<meta property=\"og:url\" content=\"https:\/\/pool-house.shop\/de\/product\/dolphin-wave-90i-eu\/\" \/>\n<meta property=\"og:site_name\" content=\"Pool-House\" \/>\n<meta property=\"article:publisher\" content=\"https:\/\/www.facebook.com\/termodomsk\/\" \/>\n<meta property=\"og:image\" content=\"https:\/\/pool-house.shop\/wp-content\/uploads\/2025\/04\/148090.png\" \/>\n\t<meta property=\"og:image:width\" content=\"1399\" \/>\n\t<meta property=\"og:image:height\" content=\"1209\" \/>\n\t<meta property=\"og:image:type\" content=\"image\/png\" \/>\n<meta name=\"twitter:card\" content=\"summary_large_image\" \/>\n<meta name=\"twitter:label1\" content=\"Gesch\u00e4tzte Lesezeit\" \/>\n\t<meta name=\"twitter:data1\" content=\"1\u00a0Minute\" \/>\n<script type=\"application\/ld+json\" class=\"yoast-schema-graph\">{\"@context\":\"https:\/\/schema.org\",\"@graph\":[{\"@type\":\"WebPage\",\"@id\":\"https:\/\/pool-house.shop\/de\/product\/dolphin-wave-90i-eu\/\",\"url\":\"https:\/\/pool-house.shop\/de\/product\/dolphin-wave-90i-eu\/\",\"name\":\"Dolphin WAVE 90i EU - Pool-House\",\"isPartOf\":{\"@id\":\"https:\/\/pool-house.shop\/de\/#website\"},\"primaryImageOfPage\":{\"@id\":\"https:\/\/pool-house.shop\/de\/product\/dolphin-wave-90i-eu\/#primaryimage\"},\"image\":{\"@id\":\"https:\/\/pool-house.shop\/de\/product\/dolphin-wave-90i-eu\/#primaryimage\"},\"thumbnailUrl\":\"https:\/\/pool-house.shop\/wp-content\/uploads\/2025\/04\/148090.png\",\"datePublished\":\"2025-04-08T10:22:17+00:00\",\"breadcrumb\":{\"@id\":\"https:\/\/pool-house.shop\/de\/product\/dolphin-wave-90i-eu\/#breadcrumb\"},\"inLanguage\":\"de\",\"potentialAction\":[{\"@type\":\"ReadAction\",\"target\":[\"https:\/\/pool-house.shop\/de\/product\/dolphin-wave-90i-eu\/\"]}]},{\"@type\":\"ImageObject\",\"inLanguage\":\"de\",\"@id\":\"https:\/\/pool-house.shop\/de\/product\/dolphin-wave-90i-eu\/#primaryimage\",\"url\":\"https:\/\/pool-house.shop\/wp-content\/uploads\/2025\/04\/148090.png\",\"contentUrl\":\"https:\/\/pool-house.shop\/wp-content\/uploads\/2025\/04\/148090.png\",\"width\":1399,\"height\":1209},{\"@type\":\"BreadcrumbList\",\"@id\":\"https:\/\/pool-house.shop\/de\/product\/dolphin-wave-90i-eu\/#breadcrumb\",\"itemListElement\":[{\"@type\":\"ListItem\",\"position\":1,\"name\":\"Domovsk\u00e1 str\u00e1nka\",\"item\":\"https:\/\/pool-house.shop\/de\/\"},{\"@type\":\"ListItem\",\"position\":2,\"name\":\"Shop\",\"item\":\"https:\/\/pool-house.shop\/de\/shop\/\"},{\"@type\":\"ListItem\",\"position\":3,\"name\":\"Dolphin WAVE 90i EU\"}]},{\"@type\":\"WebSite\",\"@id\":\"https:\/\/pool-house.shop\/de\/#website\",\"url\":\"https:\/\/pool-house.shop\/de\/\",\"name\":\"Pool-House\",\"description\":\"\",\"publisher\":{\"@id\":\"https:\/\/pool-house.shop\/de\/#organization\"},\"potentialAction\":[{\"@type\":\"SearchAction\",\"target\":{\"@type\":\"EntryPoint\",\"urlTemplate\":\"https:\/\/pool-house.shop\/de\/?s={search_term_string}\"},\"query-input\":{\"@type\":\"PropertyValueSpecification\",\"valueRequired\":true,\"valueName\":\"search_term_string\"}}],\"inLanguage\":\"de\"},{\"@type\":\"Organization\",\"@id\":\"https:\/\/pool-house.shop\/de\/#organization\",\"name\":\"Pool-House\",\"url\":\"https:\/\/pool-house.shop\/de\/\",\"logo\":{\"@type\":\"ImageObject\",\"inLanguage\":\"de\",\"@id\":\"https:\/\/pool-house.shop\/de\/#\/schema\/logo\/image\/\",\"url\":\"https:\/\/pool-house.shop\/wp-content\/uploads\/2025\/10\/logo-2-stvorec-mobil-modre.png\",\"contentUrl\":\"https:\/\/pool-house.shop\/wp-content\/uploads\/2025\/10\/logo-2-stvorec-mobil-modre.png\",\"width\":273,\"height\":189,\"caption\":\"Pool-House\"},\"image\":{\"@id\":\"https:\/\/pool-house.shop\/de\/#\/schema\/logo\/image\/\"},\"sameAs\":[\"https:\/\/www.facebook.com\/termodomsk\/\"]}]}<\/script>\n<!-- \/ Yoast SEO plugin. -->","yoast_head_json":{"title":"Dolphin WAVE 90i EU - Pool-House","robots":{"index":"index","follow":"follow","max-snippet":"max-snippet:-1","max-image-preview":"max-image-preview:large","max-video-preview":"max-video-preview:-1"},"canonical":"https:\/\/pool-house.shop\/de\/product\/dolphin-wave-90i-eu\/","og_locale":"de_DE","og_type":"article","og_title":"Dolphin WAVE 90i EU - Pool-House","og_description":"Dolphin WAVE 90i EU  Maytronics \u2013 Eine vertrauensw\u00fcrdige Marke f\u00fcr Reinigungsroboter Der brandneue Maytronics Dolphin WAVE 90i ist ein revolution\u00e4rer, App-gesteuerter Reinigungsroboter f\u00fcr Innenpools. Dank seiner robusten Bauweise bew\u00e4ltigt er selbst hartn\u00e4ckigsten Schmutz effizient. Dieser innovative Roboter bringt Leichtigkeit und Komfort in die Poolreinigung und bietet hervorragende Leistung f\u00fcr alle Formen und Typen mittelgro\u00dfer HMAC-Pools (Hotel, Pension, Apartmenthaus, Campingplatz). Dank der MyDolphinTM Plus App bleibt der WAVE 90i stets verbunden, sodass Sie die Poolreinigung jederzeit und \u00fcberall steuern k\u00f6nnen.  Caddy  Leistungsstark und robust Leistungsstarke Reinigungsleistung mit au\u00dfergew\u00f6hnlicher Zuverl\u00e4ssigkeit. Maytronics Reinigungsroboter f\u00fcr Innenpools versprechen und gew\u00e4hrleisten einen langfristigen und kosteneffizienten Betrieb.  Leicht zug\u00e4nglicher Filter Von oben zug\u00e4nglicher Filter f\u00fcr einfaches und bequemes Entfernen und Reinigen von Schmutz.  App-gesteuerter Roboter Die App nutzt IoT-Konnektivit\u00e4t in Echtzeit \u2013 f\u00fcr direkten und pers\u00f6nlichen Service vom Maytronics Kundendienst.  Wahl der Zyklusdauer Passen Sie die Reinigungszyklen an Ihre Bed\u00fcrfnisse, Ihren Zeitplan und Ihren Pool an.  Eigenschaften: - Empfohlene Pooll\u00e4nge: max. 20 m - Reinigungsbereich: Boden und Seitenwand - Fernsteuerung: Fernbedienung - Zyklusdauer: 2 \/ 3 \/ 4 Stunden - Kabell\u00e4nge: 30 m - Filtration: Mehrschichtiger Kombifilter \u2013 Vorfilter, Feinfilter + 2 ultrafeine Paneele, mit zus\u00e4tzlicher Dichtung. Ersatzpaneele: 2 ultrafeine Paneele. Optionaler Filterbeutel - Gewicht: 11 kg - Saugleistung: 19 m\u00b3\/Std.","og_url":"https:\/\/pool-house.shop\/de\/product\/dolphin-wave-90i-eu\/","og_site_name":"Pool-House","article_publisher":"https:\/\/www.facebook.com\/termodomsk\/","og_image":[{"width":1399,"height":1209,"url":"https:\/\/pool-house.shop\/wp-content\/uploads\/2025\/04\/148090.png","type":"image\/png"}],"twitter_card":"summary_large_image","twitter_misc":{"Gesch\u00e4tzte Lesezeit":"1\u00a0Minute"},"schema":{"@context":"https:\/\/schema.org","@graph":[{"@type":"WebPage","@id":"https:\/\/pool-house.shop\/de\/product\/dolphin-wave-90i-eu\/","url":"https:\/\/pool-house.shop\/de\/product\/dolphin-wave-90i-eu\/","name":"Dolphin WAVE 90i EU - Pool-House","isPartOf":{"@id":"https:\/\/pool-house.shop\/de\/#website"},"primaryImageOfPage":{"@id":"https:\/\/pool-house.shop\/de\/product\/dolphin-wave-90i-eu\/#primaryimage"},"image":{"@id":"https:\/\/pool-house.shop\/de\/product\/dolphin-wave-90i-eu\/#primaryimage"},"thumbnailUrl":"https:\/\/pool-house.shop\/wp-content\/uploads\/2025\/04\/148090.png","datePublished":"2025-04-08T10:22:17+00:00","breadcrumb":{"@id":"https:\/\/pool-house.shop\/de\/product\/dolphin-wave-90i-eu\/#breadcrumb"},"inLanguage":"de","potentialAction":[{"@type":"ReadAction","target":["https:\/\/pool-house.shop\/de\/product\/dolphin-wave-90i-eu\/"]}]},{"@type":"ImageObject","inLanguage":"de","@id":"https:\/\/pool-house.shop\/de\/product\/dolphin-wave-90i-eu\/#primaryimage","url":"https:\/\/pool-house.shop\/wp-content\/uploads\/2025\/04\/148090.png","contentUrl":"https:\/\/pool-house.shop\/wp-content\/uploads\/2025\/04\/148090.png","width":1399,"height":1209},{"@type":"BreadcrumbList","@id":"https:\/\/pool-house.shop\/de\/product\/dolphin-wave-90i-eu\/#breadcrumb","itemListElement":[{"@type":"ListItem","position":1,"name":"Domovsk\u00e1 str\u00e1nka","item":"https:\/\/pool-house.shop\/de\/"},{"@type":"ListItem","position":2,"name":"Shop","item":"https:\/\/pool-house.shop\/de\/shop\/"},{"@type":"ListItem","position":3,"name":"Dolphin WAVE 90i EU"}]},{"@type":"WebSite","@id":"https:\/\/pool-house.shop\/de\/#website","url":"https:\/\/pool-house.shop\/de\/","name":"Pool-House","description":"","publisher":{"@id":"https:\/\/pool-house.shop\/de\/#organization"},"potentialAction":[{"@type":"SearchAction","target":{"@type":"EntryPoint","urlTemplate":"https:\/\/pool-house.shop\/de\/?s={search_term_string}"},"query-input":{"@type":"PropertyValueSpecification","valueRequired":true,"valueName":"search_term_string"}}],"inLanguage":"de"},{"@type":"Organization","@id":"https:\/\/pool-house.shop\/de\/#organization","name":"Pool-House","url":"https:\/\/pool-house.shop\/de\/","logo":{"@type":"ImageObject","inLanguage":"de","@id":"https:\/\/pool-house.shop\/de\/#\/schema\/logo\/image\/","url":"https:\/\/pool-house.shop\/wp-content\/uploads\/2025\/10\/logo-2-stvorec-mobil-modre.png","contentUrl":"https:\/\/pool-house.shop\/wp-content\/uploads\/2025\/10\/logo-2-stvorec-mobil-modre.png","width":273,"height":189,"caption":"Pool-House"},"image":{"@id":"https:\/\/pool-house.shop\/de\/#\/schema\/logo\/image\/"},"sameAs":["https:\/\/www.facebook.com\/termodomsk\/"]}]}},"_links":{"self":[{"href":"https:\/\/pool-house.shop\/de\/wp-json\/wp\/v2\/product\/11055","targetHints":{"allow":["GET"]}}],"collection":[{"href":"https:\/\/pool-house.shop\/de\/wp-json\/wp\/v2\/product"}],"about":[{"href":"https:\/\/pool-house.shop\/de\/wp-json\/wp\/v2\/types\/product"}],"wp:featuredmedia":[{"embeddable":true,"href":"https:\/\/pool-house.shop\/de\/wp-json\/wp\/v2\/media\/4228"}],"wp:attachment":[{"href":"https:\/\/pool-house.shop\/de\/wp-json\/wp\/v2\/media?parent=11055"}],"wp:term":[{"taxonomy":"product_brand","embeddable":true,"href":"https:\/\/pool-house.shop\/de\/wp-json\/wp\/v2\/product_brand?post=11055"},{"taxonomy":"product_cat","embeddable":true,"href":"https:\/\/pool-house.shop\/de\/wp-json\/wp\/v2\/product_cat?post=11055"},{"taxonomy":"product_tag","embeddable":true,"href":"https:\/\/pool-house.shop\/de\/wp-json\/wp\/v2\/product_tag?post=11055"}],"curies":[{"name":"wp","href":"https:\/\/api.w.org\/{rel}","templated":true}]}}