{"id":11058,"date":"2025-04-08T12:21:08","date_gmt":"2025-04-08T10:21:08","guid":{"rendered":"https:\/\/pool-house.shop\/product\/reagenz-frcl-fluessigkeit-20-ml\/"},"modified":"2025-04-08T12:21:08","modified_gmt":"2025-04-08T10:21:08","slug":"reagenz-frcl-fluessigkeit-20-ml","status":"publish","type":"product","link":"https:\/\/pool-house.shop\/de\/product\/reagenz-frcl-fluessigkeit-20-ml\/","title":{"rendered":"Reagenz, FrCl, Fl\u00fcssigkeit 20 ml"},"content":{"rendered":"<p>Fl\u00fcssiges Reagenz, FrCl<\/p>\n<p> Hochwertige Nachf\u00fcllfl\u00fcssigkeit f\u00fcr Wasseranalyseger\u00e4te zur Messung von freiem Chlor. In 20 ml Verpackung.<\/p>\n<p> Freies aktives Chlor<br \/>\n Wirksame Chlorverbindungen zur Desinfektion. Poolwasser muss ausreichend freies Chlor enthalten, um Infektionen oder Krankheiten verursachende Mikroorganismen sowie Algen und Pilze abzut\u00f6ten, ohne dabei die Gesundheit der Badeg\u00e4ste zu sch\u00e4digen. Der Gehalt an freiem Chlor im Poolwasser liegt idealerweise zwischen 0,6-1,00 mg\/Liter.   <\/p>\n","protected":false},"excerpt":{"rendered":"<p>Fl\u00fcssiges Reagenz, FrCl<\/p>\n<p> Hochwertige Nachf\u00fcllfl\u00fcssigkeit f\u00fcr Wasseranalyseger\u00e4te zur Messung von freiem Chlor. In 20 ml Verpackung.<\/p>\n<p> Freies aktives Chlor<br \/>\n Wirksame Chlorverbindungen zur Desinfektion. Poolwasser muss ausreichend freies Chlor enthalten, um Infektionen oder Krankheiten verursachende Mikroorganismen sowie Algen und Pilze abzut\u00f6ten, ohne dabei die Gesundheit der Badeg\u00e4ste zu sch\u00e4digen. Der Gehalt an freiem Chlor im Poolwasser liegt idealerweise zwischen 0,6-1,00 mg\/Liter.   <\/p>\n","protected":false},"featured_media":11056,"template":"","meta":[],"product_brand":[],"product_cat":[355,272],"product_tag":[],"class_list":{"0":"post-11058","1":"product","2":"type-product","3":"status-publish","4":"has-post-thumbnail","6":"product_cat-wartung","7":"product_cat-zubehor_wartung","8":"thunk-woo-product-list","9":"open-woo-hover-none","10":"open-single-product-tab-horizontal","11":"open-shadow-","12":"open-shadow-hover-","14":"first","15":"instock","16":"taxable","17":"shipping-taxable","18":"purchasable","19":"product-type-simple"},"yoast_head":"<!-- This site is optimized with the Yoast SEO plugin v26.9 - https:\/\/yoast.com\/product\/yoast-seo-wordpress\/ -->\n<title>Reagenz, FrCl, Fl\u00fcssigkeit 20 ml - Pool-House<\/title>\n<meta name=\"robots\" content=\"index, follow, max-snippet:-1, max-image-preview:large, max-video-preview:-1\" \/>\n<link rel=\"canonical\" href=\"https:\/\/pool-house.shop\/de\/product\/reagenz-frcl-fluessigkeit-20-ml\/\" \/>\n<meta property=\"og:locale\" content=\"de_DE\" \/>\n<meta property=\"og:type\" content=\"article\" \/>\n<meta property=\"og:title\" content=\"Reagenz, FrCl, Fl\u00fcssigkeit 20 ml - Pool-House\" \/>\n<meta property=\"og:description\" content=\"Fl\u00fcssiges Reagenz, FrCl  Hochwertige Nachf\u00fcllfl\u00fcssigkeit f\u00fcr Wasseranalyseger\u00e4te zur Messung von freiem Chlor. In 20 ml Verpackung.  Freies aktives Chlor Wirksame Chlorverbindungen zur Desinfektion. Poolwasser muss ausreichend freies Chlor enthalten, um Infektionen oder Krankheiten verursachende Mikroorganismen sowie Algen und Pilze abzut\u00f6ten, ohne dabei die Gesundheit der Badeg\u00e4ste zu sch\u00e4digen. Der Gehalt an freiem Chlor im Poolwasser liegt idealerweise zwischen 0,6-1,00 mg\/Liter.\" \/>\n<meta property=\"og:url\" content=\"https:\/\/pool-house.shop\/de\/product\/reagenz-frcl-fluessigkeit-20-ml\/\" \/>\n<meta property=\"og:site_name\" content=\"Pool-House\" \/>\n<meta property=\"article:publisher\" content=\"https:\/\/www.facebook.com\/termodomsk\/\" \/>\n<meta property=\"og:image\" content=\"https:\/\/pool-house.shop\/wp-content\/uploads\/2025\/04\/145007.png\" \/>\n\t<meta property=\"og:image:width\" content=\"1600\" \/>\n\t<meta property=\"og:image:height\" content=\"1600\" \/>\n\t<meta property=\"og:image:type\" content=\"image\/png\" \/>\n<meta name=\"twitter:card\" content=\"summary_large_image\" \/>\n<script type=\"application\/ld+json\" class=\"yoast-schema-graph\">{\"@context\":\"https:\/\/schema.org\",\"@graph\":[{\"@type\":\"WebPage\",\"@id\":\"https:\/\/pool-house.shop\/de\/product\/reagenz-frcl-fluessigkeit-20-ml\/\",\"url\":\"https:\/\/pool-house.shop\/de\/product\/reagenz-frcl-fluessigkeit-20-ml\/\",\"name\":\"Reagenz, FrCl, Fl\u00fcssigkeit 20 ml - Pool-House\",\"isPartOf\":{\"@id\":\"https:\/\/pool-house.shop\/de\/#website\"},\"primaryImageOfPage\":{\"@id\":\"https:\/\/pool-house.shop\/de\/product\/reagenz-frcl-fluessigkeit-20-ml\/#primaryimage\"},\"image\":{\"@id\":\"https:\/\/pool-house.shop\/de\/product\/reagenz-frcl-fluessigkeit-20-ml\/#primaryimage\"},\"thumbnailUrl\":\"https:\/\/pool-house.shop\/wp-content\/uploads\/2025\/04\/145007.png\",\"datePublished\":\"2025-04-08T10:21:08+00:00\",\"breadcrumb\":{\"@id\":\"https:\/\/pool-house.shop\/de\/product\/reagenz-frcl-fluessigkeit-20-ml\/#breadcrumb\"},\"inLanguage\":\"de\",\"potentialAction\":[{\"@type\":\"ReadAction\",\"target\":[\"https:\/\/pool-house.shop\/de\/product\/reagenz-frcl-fluessigkeit-20-ml\/\"]}]},{\"@type\":\"ImageObject\",\"inLanguage\":\"de\",\"@id\":\"https:\/\/pool-house.shop\/de\/product\/reagenz-frcl-fluessigkeit-20-ml\/#primaryimage\",\"url\":\"https:\/\/pool-house.shop\/wp-content\/uploads\/2025\/04\/145007.png\",\"contentUrl\":\"https:\/\/pool-house.shop\/wp-content\/uploads\/2025\/04\/145007.png\",\"width\":1600,\"height\":1600},{\"@type\":\"BreadcrumbList\",\"@id\":\"https:\/\/pool-house.shop\/de\/product\/reagenz-frcl-fluessigkeit-20-ml\/#breadcrumb\",\"itemListElement\":[{\"@type\":\"ListItem\",\"position\":1,\"name\":\"Domovsk\u00e1 str\u00e1nka\",\"item\":\"https:\/\/pool-house.shop\/de\/\"},{\"@type\":\"ListItem\",\"position\":2,\"name\":\"Shop\",\"item\":\"https:\/\/pool-house.shop\/de\/shop\/\"},{\"@type\":\"ListItem\",\"position\":3,\"name\":\"Reagenz, FrCl, Fl\u00fcssigkeit 20 ml\"}]},{\"@type\":\"WebSite\",\"@id\":\"https:\/\/pool-house.shop\/de\/#website\",\"url\":\"https:\/\/pool-house.shop\/de\/\",\"name\":\"Pool-House\",\"description\":\"\",\"publisher\":{\"@id\":\"https:\/\/pool-house.shop\/de\/#organization\"},\"potentialAction\":[{\"@type\":\"SearchAction\",\"target\":{\"@type\":\"EntryPoint\",\"urlTemplate\":\"https:\/\/pool-house.shop\/de\/?s={search_term_string}\"},\"query-input\":{\"@type\":\"PropertyValueSpecification\",\"valueRequired\":true,\"valueName\":\"search_term_string\"}}],\"inLanguage\":\"de\"},{\"@type\":\"Organization\",\"@id\":\"https:\/\/pool-house.shop\/de\/#organization\",\"name\":\"Pool-House\",\"url\":\"https:\/\/pool-house.shop\/de\/\",\"logo\":{\"@type\":\"ImageObject\",\"inLanguage\":\"de\",\"@id\":\"https:\/\/pool-house.shop\/de\/#\/schema\/logo\/image\/\",\"url\":\"https:\/\/pool-house.shop\/wp-content\/uploads\/2025\/10\/logo-2-stvorec-mobil-modre.png\",\"contentUrl\":\"https:\/\/pool-house.shop\/wp-content\/uploads\/2025\/10\/logo-2-stvorec-mobil-modre.png\",\"width\":273,\"height\":189,\"caption\":\"Pool-House\"},\"image\":{\"@id\":\"https:\/\/pool-house.shop\/de\/#\/schema\/logo\/image\/\"},\"sameAs\":[\"https:\/\/www.facebook.com\/termodomsk\/\"]}]}<\/script>\n<!-- \/ Yoast SEO plugin. -->","yoast_head_json":{"title":"Reagenz, FrCl, Fl\u00fcssigkeit 20 ml - Pool-House","robots":{"index":"index","follow":"follow","max-snippet":"max-snippet:-1","max-image-preview":"max-image-preview:large","max-video-preview":"max-video-preview:-1"},"canonical":"https:\/\/pool-house.shop\/de\/product\/reagenz-frcl-fluessigkeit-20-ml\/","og_locale":"de_DE","og_type":"article","og_title":"Reagenz, FrCl, Fl\u00fcssigkeit 20 ml - Pool-House","og_description":"Fl\u00fcssiges Reagenz, FrCl  Hochwertige Nachf\u00fcllfl\u00fcssigkeit f\u00fcr Wasseranalyseger\u00e4te zur Messung von freiem Chlor. In 20 ml Verpackung.  Freies aktives Chlor Wirksame Chlorverbindungen zur Desinfektion. Poolwasser muss ausreichend freies Chlor enthalten, um Infektionen oder Krankheiten verursachende Mikroorganismen sowie Algen und Pilze abzut\u00f6ten, ohne dabei die Gesundheit der Badeg\u00e4ste zu sch\u00e4digen. Der Gehalt an freiem Chlor im Poolwasser liegt idealerweise zwischen 0,6-1,00 mg\/Liter.","og_url":"https:\/\/pool-house.shop\/de\/product\/reagenz-frcl-fluessigkeit-20-ml\/","og_site_name":"Pool-House","article_publisher":"https:\/\/www.facebook.com\/termodomsk\/","og_image":[{"width":1600,"height":1600,"url":"https:\/\/pool-house.shop\/wp-content\/uploads\/2025\/04\/145007.png","type":"image\/png"}],"twitter_card":"summary_large_image","schema":{"@context":"https:\/\/schema.org","@graph":[{"@type":"WebPage","@id":"https:\/\/pool-house.shop\/de\/product\/reagenz-frcl-fluessigkeit-20-ml\/","url":"https:\/\/pool-house.shop\/de\/product\/reagenz-frcl-fluessigkeit-20-ml\/","name":"Reagenz, FrCl, Fl\u00fcssigkeit 20 ml - Pool-House","isPartOf":{"@id":"https:\/\/pool-house.shop\/de\/#website"},"primaryImageOfPage":{"@id":"https:\/\/pool-house.shop\/de\/product\/reagenz-frcl-fluessigkeit-20-ml\/#primaryimage"},"image":{"@id":"https:\/\/pool-house.shop\/de\/product\/reagenz-frcl-fluessigkeit-20-ml\/#primaryimage"},"thumbnailUrl":"https:\/\/pool-house.shop\/wp-content\/uploads\/2025\/04\/145007.png","datePublished":"2025-04-08T10:21:08+00:00","breadcrumb":{"@id":"https:\/\/pool-house.shop\/de\/product\/reagenz-frcl-fluessigkeit-20-ml\/#breadcrumb"},"inLanguage":"de","potentialAction":[{"@type":"ReadAction","target":["https:\/\/pool-house.shop\/de\/product\/reagenz-frcl-fluessigkeit-20-ml\/"]}]},{"@type":"ImageObject","inLanguage":"de","@id":"https:\/\/pool-house.shop\/de\/product\/reagenz-frcl-fluessigkeit-20-ml\/#primaryimage","url":"https:\/\/pool-house.shop\/wp-content\/uploads\/2025\/04\/145007.png","contentUrl":"https:\/\/pool-house.shop\/wp-content\/uploads\/2025\/04\/145007.png","width":1600,"height":1600},{"@type":"BreadcrumbList","@id":"https:\/\/pool-house.shop\/de\/product\/reagenz-frcl-fluessigkeit-20-ml\/#breadcrumb","itemListElement":[{"@type":"ListItem","position":1,"name":"Domovsk\u00e1 str\u00e1nka","item":"https:\/\/pool-house.shop\/de\/"},{"@type":"ListItem","position":2,"name":"Shop","item":"https:\/\/pool-house.shop\/de\/shop\/"},{"@type":"ListItem","position":3,"name":"Reagenz, FrCl, Fl\u00fcssigkeit 20 ml"}]},{"@type":"WebSite","@id":"https:\/\/pool-house.shop\/de\/#website","url":"https:\/\/pool-house.shop\/de\/","name":"Pool-House","description":"","publisher":{"@id":"https:\/\/pool-house.shop\/de\/#organization"},"potentialAction":[{"@type":"SearchAction","target":{"@type":"EntryPoint","urlTemplate":"https:\/\/pool-house.shop\/de\/?s={search_term_string}"},"query-input":{"@type":"PropertyValueSpecification","valueRequired":true,"valueName":"search_term_string"}}],"inLanguage":"de"},{"@type":"Organization","@id":"https:\/\/pool-house.shop\/de\/#organization","name":"Pool-House","url":"https:\/\/pool-house.shop\/de\/","logo":{"@type":"ImageObject","inLanguage":"de","@id":"https:\/\/pool-house.shop\/de\/#\/schema\/logo\/image\/","url":"https:\/\/pool-house.shop\/wp-content\/uploads\/2025\/10\/logo-2-stvorec-mobil-modre.png","contentUrl":"https:\/\/pool-house.shop\/wp-content\/uploads\/2025\/10\/logo-2-stvorec-mobil-modre.png","width":273,"height":189,"caption":"Pool-House"},"image":{"@id":"https:\/\/pool-house.shop\/de\/#\/schema\/logo\/image\/"},"sameAs":["https:\/\/www.facebook.com\/termodomsk\/"]}]}},"_links":{"self":[{"href":"https:\/\/pool-house.shop\/de\/wp-json\/wp\/v2\/product\/11058","targetHints":{"allow":["GET"]}}],"collection":[{"href":"https:\/\/pool-house.shop\/de\/wp-json\/wp\/v2\/product"}],"about":[{"href":"https:\/\/pool-house.shop\/de\/wp-json\/wp\/v2\/types\/product"}],"wp:featuredmedia":[{"embeddable":true,"href":"https:\/\/pool-house.shop\/de\/wp-json\/wp\/v2\/media\/11056"}],"wp:attachment":[{"href":"https:\/\/pool-house.shop\/de\/wp-json\/wp\/v2\/media?parent=11058"}],"wp:term":[{"taxonomy":"product_brand","embeddable":true,"href":"https:\/\/pool-house.shop\/de\/wp-json\/wp\/v2\/product_brand?post=11058"},{"taxonomy":"product_cat","embeddable":true,"href":"https:\/\/pool-house.shop\/de\/wp-json\/wp\/v2\/product_cat?post=11058"},{"taxonomy":"product_tag","embeddable":true,"href":"https:\/\/pool-house.shop\/de\/wp-json\/wp\/v2\/product_tag?post=11058"}],"curies":[{"name":"wp","href":"https:\/\/api.w.org\/{rel}","templated":true}]}}