{"id":11060,"date":"2025-04-08T12:21:06","date_gmt":"2025-04-08T10:21:06","guid":{"rendered":"https:\/\/pool-house.shop\/product\/wasseranalysegeraet-ph-wert-und-freies-chlor-brom\/"},"modified":"2026-02-02T10:59:30","modified_gmt":"2026-02-02T09:59:30","slug":"wasseranalysegeraet-ph-wert-und-freies-chlor-brom","status":"publish","type":"product","link":"https:\/\/pool-house.shop\/de\/product\/wasseranalysegeraet-ph-wert-und-freies-chlor-brom\/","title":{"rendered":"Wasseranalyseger\u00e4t, pH-Wert und freies Chlor\/Brom"},"content":{"rendered":"<p>Wasseranalyse-Set<\/p>\n<p> Wasseranalyseger\u00e4t. 2-in-1-Testkit, enth\u00e4lt zwei fl\u00fcssige Reagenzien. Zum Messen von freiem Chlor \/ Brom, pH-Wert.<br \/>\n Mit dem Wasseranalyseger\u00e4t k\u00f6nnen Sie den Chlor-, Brom- und pH-Wert des Wassers einfach \u00fcberpr\u00fcfen und so sicherstellen, dass der Gehalt an geeigneten chemischen Elementen im Pool ideal ist. Die Anwendung ist einfach und schnell.<\/p>\n<p> Packung Reagenzfl\u00fcssigkeiten: 20 ml<\/p>\n<p> pH-Wert<br \/>\n Der S\u00e4ure- oder Alkalit\u00e4tsgrad des Poolwassers. Der pH-Wert beeinflusst die Wirksamkeit von Desinfektionsmitteln und den Komfort der Badeg\u00e4ste. Ist der pH-Wert zu niedrig, wird das Wasser sauer, was die Haut reizen und die Poolausr\u00fcstung besch\u00e4digen kann. Ist der pH-Wert zu hoch, wird das Wasser alkalisch, was die Wirksamkeit von Chlor verringern und Kalkablagerungen verursachen kann. Idealerweise sollte der pH-Wert des Poolwassers zwischen 7,2 und 7,6 liegen.<br \/>\n &#8211; 0 &lt; 7,2 &#8211;&gt; sauer<br \/>\n &#8211; 7,2 &#8211; 7,6 &#8211;&gt; neutral<br \/>\n &#8211; 7,6 &lt; &#8211;&gt; alkalisch<\/p>\n<p> Freies aktives Chlor<br \/>\n Wirksame Chlorverbindungen zur Desinfektion. Poolwasser muss ausreichend freies Chlor enthalten, um Infektionen oder Krankheiten verursachende Mikroorganismen sowie Algen und Pilze abzut\u00f6ten, ohne jedoch die Gesundheit der Badeg\u00e4ste zu sch\u00e4digen. Der ideale Gehalt an freiem Chlor im Poolwasser liegt zwischen 0,6-1,00 mg\/Liter.         <\/p>\n","protected":false},"excerpt":{"rendered":"<p>Wasseranalyse-Set<\/p>\n<p> Wasseranalyseger\u00e4t. 2-in-1-Testkit, enth\u00e4lt zwei fl\u00fcssige Reagenzien. Zum Messen von freiem Chlor \/ Brom, pH-Wert.<br \/>\n Mit dem Wasseranalyseger\u00e4t k\u00f6nnen Sie den Chlor-, Brom- und pH-Wert des Wassers einfach \u00fcberpr\u00fcfen und so sicherstellen, dass der Gehalt an geeigneten chemischen Elementen im Pool ideal ist. Die Anwendung ist einfach und schnell.<\/p>\n<p> Packung Reagenzfl\u00fcssigkeiten: 20 ml<\/p>\n<p> pH-Wert<br \/>\n Der S\u00e4ure- oder Alkalit\u00e4tsgrad des Poolwassers. Der pH-Wert beeinflusst die Wirksamkeit von Desinfektionsmitteln und den Komfort der Badeg\u00e4ste. Ist der pH-Wert zu niedrig, wird das Wasser sauer, was die Haut reizen und die Poolausr\u00fcstung besch\u00e4digen kann. Ist der pH-Wert zu hoch, wird das Wasser alkalisch, was die Wirksamkeit von Chlor verringern und Kalkablagerungen verursachen kann. Idealerweise sollte der pH-Wert des Poolwassers zwischen 7,2 und 7,6 liegen.<br \/>\n &#8211; 0 &lt; 7,2 &#8211;&gt; sauer<br \/>\n &#8211; 7,2 &#8211; 7,6 &#8211;&gt; neutral<br \/>\n &#8211; 7,6 &lt; &#8211;&gt; alkalisch<\/p>\n<p> Freies aktives Chlor<br \/>\n Wirksame Chlorverbindungen zur Desinfektion. Poolwasser muss ausreichend freies Chlor enthalten, um Infektionen oder Krankheiten verursachende Mikroorganismen sowie Algen und Pilze abzut\u00f6ten, ohne jedoch die Gesundheit der Badeg\u00e4ste zu sch\u00e4digen. Der ideale Gehalt an freiem Chlor im Poolwasser liegt zwischen 0,6-1,00 mg\/Liter.         <\/p>\n","protected":false},"featured_media":11057,"template":"","meta":[],"product_brand":[],"product_cat":[355,272],"product_tag":[],"class_list":{"0":"post-11060","1":"product","2":"type-product","3":"status-publish","4":"has-post-thumbnail","6":"product_cat-wartung","7":"product_cat-zubehor_wartung","8":"thunk-woo-product-list","9":"open-woo-hover-none","10":"open-single-product-tab-horizontal","11":"open-shadow-","12":"open-shadow-hover-","14":"first","15":"instock","16":"taxable","17":"shipping-taxable","18":"purchasable","19":"product-type-simple"},"yoast_head":"<!-- This site is optimized with the Yoast SEO plugin v26.9 - https:\/\/yoast.com\/product\/yoast-seo-wordpress\/ -->\n<title>Wasseranalyseger\u00e4t, pH-Wert und freies Chlor\/Brom - Pool-House<\/title>\n<meta name=\"robots\" content=\"index, follow, max-snippet:-1, max-image-preview:large, max-video-preview:-1\" \/>\n<link rel=\"canonical\" href=\"https:\/\/pool-house.shop\/de\/product\/wasseranalysegeraet-ph-wert-und-freies-chlor-brom\/\" \/>\n<meta property=\"og:locale\" content=\"de_DE\" \/>\n<meta property=\"og:type\" content=\"article\" \/>\n<meta property=\"og:title\" content=\"Wasseranalyseger\u00e4t, pH-Wert und freies Chlor\/Brom - Pool-House\" \/>\n<meta property=\"og:description\" content=\"Wasseranalyse-Set  Wasseranalyseger\u00e4t. 2-in-1-Testkit, enth\u00e4lt zwei fl\u00fcssige Reagenzien. Zum Messen von freiem Chlor \/ Brom, pH-Wert.  Mit dem Wasseranalyseger\u00e4t k\u00f6nnen Sie den Chlor-, Brom- und pH-Wert des Wassers einfach \u00fcberpr\u00fcfen und so sicherstellen, dass der Gehalt an geeigneten chemischen Elementen im Pool ideal ist. Die Anwendung ist einfach und schnell.  Packung Reagenzfl\u00fcssigkeiten: 20 ml  pH-Wert Der S\u00e4ure- oder Alkalit\u00e4tsgrad des Poolwassers. Der pH-Wert beeinflusst die Wirksamkeit von Desinfektionsmitteln und den Komfort der Badeg\u00e4ste. Ist der pH-Wert zu niedrig, wird das Wasser sauer, was die Haut reizen und die Poolausr\u00fcstung besch\u00e4digen kann. Ist der pH-Wert zu hoch, wird das Wasser alkalisch, was die Wirksamkeit von Chlor verringern und Kalkablagerungen verursachen kann. Idealerweise sollte der pH-Wert des Poolwassers zwischen 7,2 und 7,6 liegen. - 0 &lt; 7,2 --&gt; sauer  - 7,2 - 7,6 --&gt; neutral  - 7,6 &lt; --&gt; alkalisch  Freies aktives Chlor Wirksame Chlorverbindungen zur Desinfektion. Poolwasser muss ausreichend freies Chlor enthalten, um Infektionen oder Krankheiten verursachende Mikroorganismen sowie Algen und Pilze abzut\u00f6ten, ohne jedoch die Gesundheit der Badeg\u00e4ste zu sch\u00e4digen. Der ideale Gehalt an freiem Chlor im Poolwasser liegt zwischen 0,6-1,00 mg\/Liter.\" \/>\n<meta property=\"og:url\" content=\"https:\/\/pool-house.shop\/de\/product\/wasseranalysegeraet-ph-wert-und-freies-chlor-brom\/\" \/>\n<meta property=\"og:site_name\" content=\"Pool-House\" \/>\n<meta property=\"article:publisher\" content=\"https:\/\/www.facebook.com\/termodomsk\/\" \/>\n<meta property=\"article:modified_time\" content=\"2026-02-02T09:59:30+00:00\" \/>\n<meta property=\"og:image\" content=\"https:\/\/pool-house.shop\/wp-content\/uploads\/2025\/04\/145003.png\" \/>\n\t<meta property=\"og:image:width\" content=\"1600\" \/>\n\t<meta property=\"og:image:height\" content=\"1600\" \/>\n\t<meta property=\"og:image:type\" content=\"image\/png\" \/>\n<meta name=\"twitter:card\" content=\"summary_large_image\" \/>\n<meta name=\"twitter:label1\" content=\"Gesch\u00e4tzte Lesezeit\" \/>\n\t<meta name=\"twitter:data1\" content=\"1\u00a0Minute\" \/>\n<script type=\"application\/ld+json\" class=\"yoast-schema-graph\">{\"@context\":\"https:\/\/schema.org\",\"@graph\":[{\"@type\":\"WebPage\",\"@id\":\"https:\/\/pool-house.shop\/de\/product\/wasseranalysegeraet-ph-wert-und-freies-chlor-brom\/\",\"url\":\"https:\/\/pool-house.shop\/de\/product\/wasseranalysegeraet-ph-wert-und-freies-chlor-brom\/\",\"name\":\"Wasseranalyseger\u00e4t, pH-Wert und freies Chlor\/Brom - Pool-House\",\"isPartOf\":{\"@id\":\"https:\/\/pool-house.shop\/de\/#website\"},\"primaryImageOfPage\":{\"@id\":\"https:\/\/pool-house.shop\/de\/product\/wasseranalysegeraet-ph-wert-und-freies-chlor-brom\/#primaryimage\"},\"image\":{\"@id\":\"https:\/\/pool-house.shop\/de\/product\/wasseranalysegeraet-ph-wert-und-freies-chlor-brom\/#primaryimage\"},\"thumbnailUrl\":\"https:\/\/pool-house.shop\/wp-content\/uploads\/2025\/04\/145003.png\",\"datePublished\":\"2025-04-08T10:21:06+00:00\",\"dateModified\":\"2026-02-02T09:59:30+00:00\",\"breadcrumb\":{\"@id\":\"https:\/\/pool-house.shop\/de\/product\/wasseranalysegeraet-ph-wert-und-freies-chlor-brom\/#breadcrumb\"},\"inLanguage\":\"de\",\"potentialAction\":[{\"@type\":\"ReadAction\",\"target\":[\"https:\/\/pool-house.shop\/de\/product\/wasseranalysegeraet-ph-wert-und-freies-chlor-brom\/\"]}]},{\"@type\":\"ImageObject\",\"inLanguage\":\"de\",\"@id\":\"https:\/\/pool-house.shop\/de\/product\/wasseranalysegeraet-ph-wert-und-freies-chlor-brom\/#primaryimage\",\"url\":\"https:\/\/pool-house.shop\/wp-content\/uploads\/2025\/04\/145003.png\",\"contentUrl\":\"https:\/\/pool-house.shop\/wp-content\/uploads\/2025\/04\/145003.png\",\"width\":1600,\"height\":1600},{\"@type\":\"BreadcrumbList\",\"@id\":\"https:\/\/pool-house.shop\/de\/product\/wasseranalysegeraet-ph-wert-und-freies-chlor-brom\/#breadcrumb\",\"itemListElement\":[{\"@type\":\"ListItem\",\"position\":1,\"name\":\"Domovsk\u00e1 str\u00e1nka\",\"item\":\"https:\/\/pool-house.shop\/de\/\"},{\"@type\":\"ListItem\",\"position\":2,\"name\":\"Shop\",\"item\":\"https:\/\/pool-house.shop\/de\/shop\/\"},{\"@type\":\"ListItem\",\"position\":3,\"name\":\"Wasseranalyseger\u00e4t, pH-Wert und freies Chlor\/Brom\"}]},{\"@type\":\"WebSite\",\"@id\":\"https:\/\/pool-house.shop\/de\/#website\",\"url\":\"https:\/\/pool-house.shop\/de\/\",\"name\":\"Pool-House\",\"description\":\"\",\"publisher\":{\"@id\":\"https:\/\/pool-house.shop\/de\/#organization\"},\"potentialAction\":[{\"@type\":\"SearchAction\",\"target\":{\"@type\":\"EntryPoint\",\"urlTemplate\":\"https:\/\/pool-house.shop\/de\/?s={search_term_string}\"},\"query-input\":{\"@type\":\"PropertyValueSpecification\",\"valueRequired\":true,\"valueName\":\"search_term_string\"}}],\"inLanguage\":\"de\"},{\"@type\":\"Organization\",\"@id\":\"https:\/\/pool-house.shop\/de\/#organization\",\"name\":\"Pool-House\",\"url\":\"https:\/\/pool-house.shop\/de\/\",\"logo\":{\"@type\":\"ImageObject\",\"inLanguage\":\"de\",\"@id\":\"https:\/\/pool-house.shop\/de\/#\/schema\/logo\/image\/\",\"url\":\"https:\/\/pool-house.shop\/wp-content\/uploads\/2025\/10\/logo-2-stvorec-mobil-modre.png\",\"contentUrl\":\"https:\/\/pool-house.shop\/wp-content\/uploads\/2025\/10\/logo-2-stvorec-mobil-modre.png\",\"width\":273,\"height\":189,\"caption\":\"Pool-House\"},\"image\":{\"@id\":\"https:\/\/pool-house.shop\/de\/#\/schema\/logo\/image\/\"},\"sameAs\":[\"https:\/\/www.facebook.com\/termodomsk\/\"]}]}<\/script>\n<!-- \/ Yoast SEO plugin. -->","yoast_head_json":{"title":"Wasseranalyseger\u00e4t, pH-Wert und freies Chlor\/Brom - Pool-House","robots":{"index":"index","follow":"follow","max-snippet":"max-snippet:-1","max-image-preview":"max-image-preview:large","max-video-preview":"max-video-preview:-1"},"canonical":"https:\/\/pool-house.shop\/de\/product\/wasseranalysegeraet-ph-wert-und-freies-chlor-brom\/","og_locale":"de_DE","og_type":"article","og_title":"Wasseranalyseger\u00e4t, pH-Wert und freies Chlor\/Brom - Pool-House","og_description":"Wasseranalyse-Set  Wasseranalyseger\u00e4t. 2-in-1-Testkit, enth\u00e4lt zwei fl\u00fcssige Reagenzien. Zum Messen von freiem Chlor \/ Brom, pH-Wert.  Mit dem Wasseranalyseger\u00e4t k\u00f6nnen Sie den Chlor-, Brom- und pH-Wert des Wassers einfach \u00fcberpr\u00fcfen und so sicherstellen, dass der Gehalt an geeigneten chemischen Elementen im Pool ideal ist. Die Anwendung ist einfach und schnell.  Packung Reagenzfl\u00fcssigkeiten: 20 ml  pH-Wert Der S\u00e4ure- oder Alkalit\u00e4tsgrad des Poolwassers. Der pH-Wert beeinflusst die Wirksamkeit von Desinfektionsmitteln und den Komfort der Badeg\u00e4ste. Ist der pH-Wert zu niedrig, wird das Wasser sauer, was die Haut reizen und die Poolausr\u00fcstung besch\u00e4digen kann. Ist der pH-Wert zu hoch, wird das Wasser alkalisch, was die Wirksamkeit von Chlor verringern und Kalkablagerungen verursachen kann. Idealerweise sollte der pH-Wert des Poolwassers zwischen 7,2 und 7,6 liegen. - 0 &lt; 7,2 --&gt; sauer  - 7,2 - 7,6 --&gt; neutral  - 7,6 &lt; --&gt; alkalisch  Freies aktives Chlor Wirksame Chlorverbindungen zur Desinfektion. Poolwasser muss ausreichend freies Chlor enthalten, um Infektionen oder Krankheiten verursachende Mikroorganismen sowie Algen und Pilze abzut\u00f6ten, ohne jedoch die Gesundheit der Badeg\u00e4ste zu sch\u00e4digen. Der ideale Gehalt an freiem Chlor im Poolwasser liegt zwischen 0,6-1,00 mg\/Liter.","og_url":"https:\/\/pool-house.shop\/de\/product\/wasseranalysegeraet-ph-wert-und-freies-chlor-brom\/","og_site_name":"Pool-House","article_publisher":"https:\/\/www.facebook.com\/termodomsk\/","article_modified_time":"2026-02-02T09:59:30+00:00","og_image":[{"width":1600,"height":1600,"url":"https:\/\/pool-house.shop\/wp-content\/uploads\/2025\/04\/145003.png","type":"image\/png"}],"twitter_card":"summary_large_image","twitter_misc":{"Gesch\u00e4tzte Lesezeit":"1\u00a0Minute"},"schema":{"@context":"https:\/\/schema.org","@graph":[{"@type":"WebPage","@id":"https:\/\/pool-house.shop\/de\/product\/wasseranalysegeraet-ph-wert-und-freies-chlor-brom\/","url":"https:\/\/pool-house.shop\/de\/product\/wasseranalysegeraet-ph-wert-und-freies-chlor-brom\/","name":"Wasseranalyseger\u00e4t, pH-Wert und freies Chlor\/Brom - Pool-House","isPartOf":{"@id":"https:\/\/pool-house.shop\/de\/#website"},"primaryImageOfPage":{"@id":"https:\/\/pool-house.shop\/de\/product\/wasseranalysegeraet-ph-wert-und-freies-chlor-brom\/#primaryimage"},"image":{"@id":"https:\/\/pool-house.shop\/de\/product\/wasseranalysegeraet-ph-wert-und-freies-chlor-brom\/#primaryimage"},"thumbnailUrl":"https:\/\/pool-house.shop\/wp-content\/uploads\/2025\/04\/145003.png","datePublished":"2025-04-08T10:21:06+00:00","dateModified":"2026-02-02T09:59:30+00:00","breadcrumb":{"@id":"https:\/\/pool-house.shop\/de\/product\/wasseranalysegeraet-ph-wert-und-freies-chlor-brom\/#breadcrumb"},"inLanguage":"de","potentialAction":[{"@type":"ReadAction","target":["https:\/\/pool-house.shop\/de\/product\/wasseranalysegeraet-ph-wert-und-freies-chlor-brom\/"]}]},{"@type":"ImageObject","inLanguage":"de","@id":"https:\/\/pool-house.shop\/de\/product\/wasseranalysegeraet-ph-wert-und-freies-chlor-brom\/#primaryimage","url":"https:\/\/pool-house.shop\/wp-content\/uploads\/2025\/04\/145003.png","contentUrl":"https:\/\/pool-house.shop\/wp-content\/uploads\/2025\/04\/145003.png","width":1600,"height":1600},{"@type":"BreadcrumbList","@id":"https:\/\/pool-house.shop\/de\/product\/wasseranalysegeraet-ph-wert-und-freies-chlor-brom\/#breadcrumb","itemListElement":[{"@type":"ListItem","position":1,"name":"Domovsk\u00e1 str\u00e1nka","item":"https:\/\/pool-house.shop\/de\/"},{"@type":"ListItem","position":2,"name":"Shop","item":"https:\/\/pool-house.shop\/de\/shop\/"},{"@type":"ListItem","position":3,"name":"Wasseranalyseger\u00e4t, pH-Wert und freies Chlor\/Brom"}]},{"@type":"WebSite","@id":"https:\/\/pool-house.shop\/de\/#website","url":"https:\/\/pool-house.shop\/de\/","name":"Pool-House","description":"","publisher":{"@id":"https:\/\/pool-house.shop\/de\/#organization"},"potentialAction":[{"@type":"SearchAction","target":{"@type":"EntryPoint","urlTemplate":"https:\/\/pool-house.shop\/de\/?s={search_term_string}"},"query-input":{"@type":"PropertyValueSpecification","valueRequired":true,"valueName":"search_term_string"}}],"inLanguage":"de"},{"@type":"Organization","@id":"https:\/\/pool-house.shop\/de\/#organization","name":"Pool-House","url":"https:\/\/pool-house.shop\/de\/","logo":{"@type":"ImageObject","inLanguage":"de","@id":"https:\/\/pool-house.shop\/de\/#\/schema\/logo\/image\/","url":"https:\/\/pool-house.shop\/wp-content\/uploads\/2025\/10\/logo-2-stvorec-mobil-modre.png","contentUrl":"https:\/\/pool-house.shop\/wp-content\/uploads\/2025\/10\/logo-2-stvorec-mobil-modre.png","width":273,"height":189,"caption":"Pool-House"},"image":{"@id":"https:\/\/pool-house.shop\/de\/#\/schema\/logo\/image\/"},"sameAs":["https:\/\/www.facebook.com\/termodomsk\/"]}]}},"_links":{"self":[{"href":"https:\/\/pool-house.shop\/de\/wp-json\/wp\/v2\/product\/11060","targetHints":{"allow":["GET"]}}],"collection":[{"href":"https:\/\/pool-house.shop\/de\/wp-json\/wp\/v2\/product"}],"about":[{"href":"https:\/\/pool-house.shop\/de\/wp-json\/wp\/v2\/types\/product"}],"wp:featuredmedia":[{"embeddable":true,"href":"https:\/\/pool-house.shop\/de\/wp-json\/wp\/v2\/media\/11057"}],"wp:attachment":[{"href":"https:\/\/pool-house.shop\/de\/wp-json\/wp\/v2\/media?parent=11060"}],"wp:term":[{"taxonomy":"product_brand","embeddable":true,"href":"https:\/\/pool-house.shop\/de\/wp-json\/wp\/v2\/product_brand?post=11060"},{"taxonomy":"product_cat","embeddable":true,"href":"https:\/\/pool-house.shop\/de\/wp-json\/wp\/v2\/product_cat?post=11060"},{"taxonomy":"product_tag","embeddable":true,"href":"https:\/\/pool-house.shop\/de\/wp-json\/wp\/v2\/product_tag?post=11060"}],"curies":[{"name":"wp","href":"https:\/\/api.w.org\/{rel}","templated":true}]}}