{"id":11091,"date":"2025-04-08T12:20:27","date_gmt":"2025-04-08T10:20:27","guid":{"rendered":"https:\/\/pool-house.shop\/product\/staubsauger-teleskopstange-15-45-m-revolution\/"},"modified":"2025-04-08T12:20:27","modified_gmt":"2025-04-08T10:20:27","slug":"staubsauger-teleskopstange-15-45-m-revolution","status":"publish","type":"product","link":"https:\/\/pool-house.shop\/de\/product\/staubsauger-teleskopstange-15-45-m-revolution\/","title":{"rendered":"Staubsauger-Teleskopstange, 1,5-4,5 m &#8211; Revolution"},"content":{"rendered":"<p>Teleskopstange Kokido Revolution<\/p>\n<p> Die Kokido Revolution ist eine professionelle, zweiteilige Teleskopstange mit einer einstellbaren L\u00e4nge von 150-450 cm. Sie besteht aus zwei glatten Aluminiumrohren mit einer Wandst\u00e4rke von 1,1 mm. Mit einem zuverl\u00e4ssigen doppelten Verriegelungsmechanismus. Geeignet f\u00fcr alle Staubsauger in Universalgr\u00f6\u00dfe.<\/p>\n<p> Eigenschaften<br \/>\n &#8211; Rohrwandst\u00e4rke: 1,1 mm<br \/>\n &#8211; Material: robustes Aluminium<br \/>\n &#8211; L\u00e4nge: 150 &#8211; 450 cm<br \/>\n &#8211; Ergonomische Form, komfortabler Griff<br \/>\n &#8211; Doppeltes Verriegelungssystem<br \/>\n &#8211; Gewicht: 4,0 kg<br \/>\n &#8211; Garantie: 12 Monate   <\/p>\n","protected":false},"excerpt":{"rendered":"<p>Teleskopstange Kokido Revolution<\/p>\n<p> Die Kokido Revolution ist eine professionelle, zweiteilige Teleskopstange mit einer einstellbaren L\u00e4nge von 150-450 cm. Sie besteht aus zwei glatten Aluminiumrohren mit einer Wandst\u00e4rke von 1,1 mm. Mit einem zuverl\u00e4ssigen doppelten Verriegelungsmechanismus. Geeignet f\u00fcr alle Staubsauger in Universalgr\u00f6\u00dfe.<\/p>\n<p> Eigenschaften<br \/>\n &#8211; Rohrwandst\u00e4rke: 1,1 mm<br \/>\n &#8211; Material: robustes Aluminium<br \/>\n &#8211; L\u00e4nge: 150 &#8211; 450 cm<br \/>\n &#8211; Ergonomische Form, komfortabler Griff<br \/>\n &#8211; Doppeltes Verriegelungssystem<br \/>\n &#8211; Gewicht: 4,0 kg<br \/>\n &#8211; Garantie: 12 Monate   <\/p>\n","protected":false},"featured_media":4118,"template":"","meta":[],"product_brand":[],"product_cat":[272],"product_tag":[],"class_list":{"0":"post-11091","1":"product","2":"type-product","3":"status-publish","4":"has-post-thumbnail","6":"product_cat-zubehor_wartung","7":"thunk-woo-product-list","8":"open-woo-hover-none","9":"open-single-product-tab-horizontal","10":"open-shadow-","11":"open-shadow-hover-","13":"first","14":"instock","15":"taxable","16":"shipping-taxable","17":"purchasable","18":"product-type-simple"},"yoast_head":"<!-- This site is optimized with the Yoast SEO plugin v26.9 - https:\/\/yoast.com\/product\/yoast-seo-wordpress\/ -->\n<title>Staubsauger-Teleskopstange, 1,5-4,5 m - Revolution - Pool-House<\/title>\n<meta name=\"robots\" content=\"index, follow, max-snippet:-1, max-image-preview:large, max-video-preview:-1\" \/>\n<link rel=\"canonical\" href=\"https:\/\/pool-house.shop\/de\/product\/staubsauger-teleskopstange-15-45-m-revolution\/\" \/>\n<meta property=\"og:locale\" content=\"de_DE\" \/>\n<meta property=\"og:type\" content=\"article\" \/>\n<meta property=\"og:title\" content=\"Staubsauger-Teleskopstange, 1,5-4,5 m - Revolution - Pool-House\" \/>\n<meta property=\"og:description\" content=\"Teleskopstange Kokido Revolution  Die Kokido Revolution ist eine professionelle, zweiteilige Teleskopstange mit einer einstellbaren L\u00e4nge von 150-450 cm. Sie besteht aus zwei glatten Aluminiumrohren mit einer Wandst\u00e4rke von 1,1 mm. Mit einem zuverl\u00e4ssigen doppelten Verriegelungsmechanismus. Geeignet f\u00fcr alle Staubsauger in Universalgr\u00f6\u00dfe.  Eigenschaften - Rohrwandst\u00e4rke: 1,1 mm - Material: robustes Aluminium - L\u00e4nge: 150 - 450 cm - Ergonomische Form, komfortabler Griff - Doppeltes Verriegelungssystem - Gewicht: 4,0 kg - Garantie: 12 Monate\" \/>\n<meta property=\"og:url\" content=\"https:\/\/pool-house.shop\/de\/product\/staubsauger-teleskopstange-15-45-m-revolution\/\" \/>\n<meta property=\"og:site_name\" content=\"Pool-House\" \/>\n<meta property=\"article:publisher\" content=\"https:\/\/www.facebook.com\/termodomsk\/\" \/>\n<meta property=\"og:image\" content=\"https:\/\/pool-house.shop\/wp-content\/uploads\/2025\/04\/141045.png\" \/>\n\t<meta property=\"og:image:width\" content=\"1600\" \/>\n\t<meta property=\"og:image:height\" content=\"1600\" \/>\n\t<meta property=\"og:image:type\" content=\"image\/png\" \/>\n<meta name=\"twitter:card\" content=\"summary_large_image\" \/>\n<script type=\"application\/ld+json\" class=\"yoast-schema-graph\">{\"@context\":\"https:\/\/schema.org\",\"@graph\":[{\"@type\":\"WebPage\",\"@id\":\"https:\/\/pool-house.shop\/de\/product\/staubsauger-teleskopstange-15-45-m-revolution\/\",\"url\":\"https:\/\/pool-house.shop\/de\/product\/staubsauger-teleskopstange-15-45-m-revolution\/\",\"name\":\"Staubsauger-Teleskopstange, 1,5-4,5 m - Revolution - Pool-House\",\"isPartOf\":{\"@id\":\"https:\/\/pool-house.shop\/de\/#website\"},\"primaryImageOfPage\":{\"@id\":\"https:\/\/pool-house.shop\/de\/product\/staubsauger-teleskopstange-15-45-m-revolution\/#primaryimage\"},\"image\":{\"@id\":\"https:\/\/pool-house.shop\/de\/product\/staubsauger-teleskopstange-15-45-m-revolution\/#primaryimage\"},\"thumbnailUrl\":\"https:\/\/pool-house.shop\/wp-content\/uploads\/2025\/04\/141045.png\",\"datePublished\":\"2025-04-08T10:20:27+00:00\",\"breadcrumb\":{\"@id\":\"https:\/\/pool-house.shop\/de\/product\/staubsauger-teleskopstange-15-45-m-revolution\/#breadcrumb\"},\"inLanguage\":\"de\",\"potentialAction\":[{\"@type\":\"ReadAction\",\"target\":[\"https:\/\/pool-house.shop\/de\/product\/staubsauger-teleskopstange-15-45-m-revolution\/\"]}]},{\"@type\":\"ImageObject\",\"inLanguage\":\"de\",\"@id\":\"https:\/\/pool-house.shop\/de\/product\/staubsauger-teleskopstange-15-45-m-revolution\/#primaryimage\",\"url\":\"https:\/\/pool-house.shop\/wp-content\/uploads\/2025\/04\/141045.png\",\"contentUrl\":\"https:\/\/pool-house.shop\/wp-content\/uploads\/2025\/04\/141045.png\",\"width\":1600,\"height\":1600},{\"@type\":\"BreadcrumbList\",\"@id\":\"https:\/\/pool-house.shop\/de\/product\/staubsauger-teleskopstange-15-45-m-revolution\/#breadcrumb\",\"itemListElement\":[{\"@type\":\"ListItem\",\"position\":1,\"name\":\"Domovsk\u00e1 str\u00e1nka\",\"item\":\"https:\/\/pool-house.shop\/de\/\"},{\"@type\":\"ListItem\",\"position\":2,\"name\":\"Shop\",\"item\":\"https:\/\/pool-house.shop\/de\/shop\/\"},{\"@type\":\"ListItem\",\"position\":3,\"name\":\"Staubsauger-Teleskopstange, 1,5-4,5 m &#8211; Revolution\"}]},{\"@type\":\"WebSite\",\"@id\":\"https:\/\/pool-house.shop\/de\/#website\",\"url\":\"https:\/\/pool-house.shop\/de\/\",\"name\":\"Pool-House\",\"description\":\"\",\"publisher\":{\"@id\":\"https:\/\/pool-house.shop\/de\/#organization\"},\"potentialAction\":[{\"@type\":\"SearchAction\",\"target\":{\"@type\":\"EntryPoint\",\"urlTemplate\":\"https:\/\/pool-house.shop\/de\/?s={search_term_string}\"},\"query-input\":{\"@type\":\"PropertyValueSpecification\",\"valueRequired\":true,\"valueName\":\"search_term_string\"}}],\"inLanguage\":\"de\"},{\"@type\":\"Organization\",\"@id\":\"https:\/\/pool-house.shop\/de\/#organization\",\"name\":\"Pool-House\",\"url\":\"https:\/\/pool-house.shop\/de\/\",\"logo\":{\"@type\":\"ImageObject\",\"inLanguage\":\"de\",\"@id\":\"https:\/\/pool-house.shop\/de\/#\/schema\/logo\/image\/\",\"url\":\"https:\/\/pool-house.shop\/wp-content\/uploads\/2025\/10\/logo-2-stvorec-mobil-modre.png\",\"contentUrl\":\"https:\/\/pool-house.shop\/wp-content\/uploads\/2025\/10\/logo-2-stvorec-mobil-modre.png\",\"width\":273,\"height\":189,\"caption\":\"Pool-House\"},\"image\":{\"@id\":\"https:\/\/pool-house.shop\/de\/#\/schema\/logo\/image\/\"},\"sameAs\":[\"https:\/\/www.facebook.com\/termodomsk\/\"]}]}<\/script>\n<!-- \/ Yoast SEO plugin. -->","yoast_head_json":{"title":"Staubsauger-Teleskopstange, 1,5-4,5 m - Revolution - Pool-House","robots":{"index":"index","follow":"follow","max-snippet":"max-snippet:-1","max-image-preview":"max-image-preview:large","max-video-preview":"max-video-preview:-1"},"canonical":"https:\/\/pool-house.shop\/de\/product\/staubsauger-teleskopstange-15-45-m-revolution\/","og_locale":"de_DE","og_type":"article","og_title":"Staubsauger-Teleskopstange, 1,5-4,5 m - Revolution - Pool-House","og_description":"Teleskopstange Kokido Revolution  Die Kokido Revolution ist eine professionelle, zweiteilige Teleskopstange mit einer einstellbaren L\u00e4nge von 150-450 cm. Sie besteht aus zwei glatten Aluminiumrohren mit einer Wandst\u00e4rke von 1,1 mm. Mit einem zuverl\u00e4ssigen doppelten Verriegelungsmechanismus. Geeignet f\u00fcr alle Staubsauger in Universalgr\u00f6\u00dfe.  Eigenschaften - Rohrwandst\u00e4rke: 1,1 mm - Material: robustes Aluminium - L\u00e4nge: 150 - 450 cm - Ergonomische Form, komfortabler Griff - Doppeltes Verriegelungssystem - Gewicht: 4,0 kg - Garantie: 12 Monate","og_url":"https:\/\/pool-house.shop\/de\/product\/staubsauger-teleskopstange-15-45-m-revolution\/","og_site_name":"Pool-House","article_publisher":"https:\/\/www.facebook.com\/termodomsk\/","og_image":[{"width":1600,"height":1600,"url":"https:\/\/pool-house.shop\/wp-content\/uploads\/2025\/04\/141045.png","type":"image\/png"}],"twitter_card":"summary_large_image","schema":{"@context":"https:\/\/schema.org","@graph":[{"@type":"WebPage","@id":"https:\/\/pool-house.shop\/de\/product\/staubsauger-teleskopstange-15-45-m-revolution\/","url":"https:\/\/pool-house.shop\/de\/product\/staubsauger-teleskopstange-15-45-m-revolution\/","name":"Staubsauger-Teleskopstange, 1,5-4,5 m - Revolution - Pool-House","isPartOf":{"@id":"https:\/\/pool-house.shop\/de\/#website"},"primaryImageOfPage":{"@id":"https:\/\/pool-house.shop\/de\/product\/staubsauger-teleskopstange-15-45-m-revolution\/#primaryimage"},"image":{"@id":"https:\/\/pool-house.shop\/de\/product\/staubsauger-teleskopstange-15-45-m-revolution\/#primaryimage"},"thumbnailUrl":"https:\/\/pool-house.shop\/wp-content\/uploads\/2025\/04\/141045.png","datePublished":"2025-04-08T10:20:27+00:00","breadcrumb":{"@id":"https:\/\/pool-house.shop\/de\/product\/staubsauger-teleskopstange-15-45-m-revolution\/#breadcrumb"},"inLanguage":"de","potentialAction":[{"@type":"ReadAction","target":["https:\/\/pool-house.shop\/de\/product\/staubsauger-teleskopstange-15-45-m-revolution\/"]}]},{"@type":"ImageObject","inLanguage":"de","@id":"https:\/\/pool-house.shop\/de\/product\/staubsauger-teleskopstange-15-45-m-revolution\/#primaryimage","url":"https:\/\/pool-house.shop\/wp-content\/uploads\/2025\/04\/141045.png","contentUrl":"https:\/\/pool-house.shop\/wp-content\/uploads\/2025\/04\/141045.png","width":1600,"height":1600},{"@type":"BreadcrumbList","@id":"https:\/\/pool-house.shop\/de\/product\/staubsauger-teleskopstange-15-45-m-revolution\/#breadcrumb","itemListElement":[{"@type":"ListItem","position":1,"name":"Domovsk\u00e1 str\u00e1nka","item":"https:\/\/pool-house.shop\/de\/"},{"@type":"ListItem","position":2,"name":"Shop","item":"https:\/\/pool-house.shop\/de\/shop\/"},{"@type":"ListItem","position":3,"name":"Staubsauger-Teleskopstange, 1,5-4,5 m &#8211; Revolution"}]},{"@type":"WebSite","@id":"https:\/\/pool-house.shop\/de\/#website","url":"https:\/\/pool-house.shop\/de\/","name":"Pool-House","description":"","publisher":{"@id":"https:\/\/pool-house.shop\/de\/#organization"},"potentialAction":[{"@type":"SearchAction","target":{"@type":"EntryPoint","urlTemplate":"https:\/\/pool-house.shop\/de\/?s={search_term_string}"},"query-input":{"@type":"PropertyValueSpecification","valueRequired":true,"valueName":"search_term_string"}}],"inLanguage":"de"},{"@type":"Organization","@id":"https:\/\/pool-house.shop\/de\/#organization","name":"Pool-House","url":"https:\/\/pool-house.shop\/de\/","logo":{"@type":"ImageObject","inLanguage":"de","@id":"https:\/\/pool-house.shop\/de\/#\/schema\/logo\/image\/","url":"https:\/\/pool-house.shop\/wp-content\/uploads\/2025\/10\/logo-2-stvorec-mobil-modre.png","contentUrl":"https:\/\/pool-house.shop\/wp-content\/uploads\/2025\/10\/logo-2-stvorec-mobil-modre.png","width":273,"height":189,"caption":"Pool-House"},"image":{"@id":"https:\/\/pool-house.shop\/de\/#\/schema\/logo\/image\/"},"sameAs":["https:\/\/www.facebook.com\/termodomsk\/"]}]}},"_links":{"self":[{"href":"https:\/\/pool-house.shop\/de\/wp-json\/wp\/v2\/product\/11091","targetHints":{"allow":["GET"]}}],"collection":[{"href":"https:\/\/pool-house.shop\/de\/wp-json\/wp\/v2\/product"}],"about":[{"href":"https:\/\/pool-house.shop\/de\/wp-json\/wp\/v2\/types\/product"}],"wp:featuredmedia":[{"embeddable":true,"href":"https:\/\/pool-house.shop\/de\/wp-json\/wp\/v2\/media\/4118"}],"wp:attachment":[{"href":"https:\/\/pool-house.shop\/de\/wp-json\/wp\/v2\/media?parent=11091"}],"wp:term":[{"taxonomy":"product_brand","embeddable":true,"href":"https:\/\/pool-house.shop\/de\/wp-json\/wp\/v2\/product_brand?post=11091"},{"taxonomy":"product_cat","embeddable":true,"href":"https:\/\/pool-house.shop\/de\/wp-json\/wp\/v2\/product_cat?post=11091"},{"taxonomy":"product_tag","embeddable":true,"href":"https:\/\/pool-house.shop\/de\/wp-json\/wp\/v2\/product_tag?post=11091"}],"curies":[{"name":"wp","href":"https:\/\/api.w.org\/{rel}","templated":true}]}}