{"id":11099,"date":"2025-04-08T12:20:09","date_gmt":"2025-04-08T10:20:09","guid":{"rendered":"https:\/\/pool-house.shop\/product\/schwimmender-chemikaliendosierer-18cm-revolution\/"},"modified":"2025-04-08T12:20:09","modified_gmt":"2025-04-08T10:20:09","slug":"schwimmender-chemikaliendosierer-18cm-revolution","status":"publish","type":"product","link":"https:\/\/pool-house.shop\/de\/product\/schwimmender-chemikaliendosierer-18cm-revolution\/","title":{"rendered":"Schwimmender Chemikaliendosierer 18cm Revolution"},"content":{"rendered":"<p>Schwimmender Chemikaliendosierer Revolution<\/p>\n<p> Ein schwimmender Chemikaliendosierer, der eine gleichm\u00e4\u00dfige Zugabe von Chemikalien in den Pool erm\u00f6glicht. Dies vereinfacht die Desinfektion des Poolwassers und hilft, die Wasserqualit\u00e4t kontinuierlich auf dem gew\u00fcnschten Niveau zu halten.<br \/>\n Dank seines praktischen Designs ist er einfach zu handhaben. Im unteren Bereich des Dosierers befindet sich ein Einstellring, mit dem durch Drehen die Aufl\u00f6sungsgeschwindigkeit der Tablette gesteuert und somit die Menge der abgegebenen Chemikalie reguliert werden kann. Ideal f\u00fcr alle Pooltypen.<br \/>\n  Der Schwimmer ist aus UV-best\u00e4ndigem Kunststoff gefertigt.<\/p>\n","protected":false},"excerpt":{"rendered":"<p>Schwimmender Chemikaliendosierer Revolution<\/p>\n<p> Ein schwimmender Chemikaliendosierer, der eine gleichm\u00e4\u00dfige Zugabe von Chemikalien in den Pool erm\u00f6glicht. Dies vereinfacht die Desinfektion des Poolwassers und hilft, die Wasserqualit\u00e4t kontinuierlich auf dem gew\u00fcnschten Niveau zu halten.<br \/>\n Dank seines praktischen Designs ist er einfach zu handhaben. Im unteren Bereich des Dosierers befindet sich ein Einstellring, mit dem durch Drehen die Aufl\u00f6sungsgeschwindigkeit der Tablette gesteuert und somit die Menge der abgegebenen Chemikalie reguliert werden kann. Ideal f\u00fcr alle Pooltypen.<br \/>\n  Der Schwimmer ist aus UV-best\u00e4ndigem Kunststoff gefertigt.<\/p>\n","protected":false},"featured_media":4110,"template":"","meta":[],"product_brand":[],"product_cat":[272],"product_tag":[],"class_list":{"0":"post-11099","1":"product","2":"type-product","3":"status-publish","4":"has-post-thumbnail","6":"product_cat-zubehor_wartung","7":"thunk-woo-product-list","8":"open-woo-hover-none","9":"open-single-product-tab-horizontal","10":"open-shadow-","11":"open-shadow-hover-","13":"first","14":"instock","15":"taxable","16":"shipping-taxable","17":"purchasable","18":"product-type-simple"},"yoast_head":"<!-- This site is optimized with the Yoast SEO plugin v26.9 - https:\/\/yoast.com\/product\/yoast-seo-wordpress\/ -->\n<title>Schwimmender Chemikaliendosierer 18cm Revolution - Pool-House<\/title>\n<meta name=\"robots\" content=\"index, follow, max-snippet:-1, max-image-preview:large, max-video-preview:-1\" \/>\n<link rel=\"canonical\" href=\"https:\/\/pool-house.shop\/de\/product\/schwimmender-chemikaliendosierer-18cm-revolution\/\" \/>\n<meta property=\"og:locale\" content=\"de_DE\" \/>\n<meta property=\"og:type\" content=\"article\" \/>\n<meta property=\"og:title\" content=\"Schwimmender Chemikaliendosierer 18cm Revolution - Pool-House\" \/>\n<meta property=\"og:description\" content=\"Schwimmender Chemikaliendosierer Revolution  Ein schwimmender Chemikaliendosierer, der eine gleichm\u00e4\u00dfige Zugabe von Chemikalien in den Pool erm\u00f6glicht. Dies vereinfacht die Desinfektion des Poolwassers und hilft, die Wasserqualit\u00e4t kontinuierlich auf dem gew\u00fcnschten Niveau zu halten. Dank seines praktischen Designs ist er einfach zu handhaben. Im unteren Bereich des Dosierers befindet sich ein Einstellring, mit dem durch Drehen die Aufl\u00f6sungsgeschwindigkeit der Tablette gesteuert und somit die Menge der abgegebenen Chemikalie reguliert werden kann. Ideal f\u00fcr alle Pooltypen.   Der Schwimmer ist aus UV-best\u00e4ndigem Kunststoff gefertigt.\" \/>\n<meta property=\"og:url\" content=\"https:\/\/pool-house.shop\/de\/product\/schwimmender-chemikaliendosierer-18cm-revolution\/\" \/>\n<meta property=\"og:site_name\" content=\"Pool-House\" \/>\n<meta property=\"article:publisher\" content=\"https:\/\/www.facebook.com\/termodomsk\/\" \/>\n<meta property=\"og:image\" content=\"https:\/\/pool-house.shop\/wp-content\/uploads\/2025\/04\/140610.png\" \/>\n\t<meta property=\"og:image:width\" content=\"1000\" \/>\n\t<meta property=\"og:image:height\" content=\"1000\" \/>\n\t<meta property=\"og:image:type\" content=\"image\/png\" \/>\n<meta name=\"twitter:card\" content=\"summary_large_image\" \/>\n<script type=\"application\/ld+json\" class=\"yoast-schema-graph\">{\"@context\":\"https:\/\/schema.org\",\"@graph\":[{\"@type\":\"WebPage\",\"@id\":\"https:\/\/pool-house.shop\/de\/product\/schwimmender-chemikaliendosierer-18cm-revolution\/\",\"url\":\"https:\/\/pool-house.shop\/de\/product\/schwimmender-chemikaliendosierer-18cm-revolution\/\",\"name\":\"Schwimmender Chemikaliendosierer 18cm Revolution - Pool-House\",\"isPartOf\":{\"@id\":\"https:\/\/pool-house.shop\/de\/#website\"},\"primaryImageOfPage\":{\"@id\":\"https:\/\/pool-house.shop\/de\/product\/schwimmender-chemikaliendosierer-18cm-revolution\/#primaryimage\"},\"image\":{\"@id\":\"https:\/\/pool-house.shop\/de\/product\/schwimmender-chemikaliendosierer-18cm-revolution\/#primaryimage\"},\"thumbnailUrl\":\"https:\/\/pool-house.shop\/wp-content\/uploads\/2025\/04\/140610.png\",\"datePublished\":\"2025-04-08T10:20:09+00:00\",\"breadcrumb\":{\"@id\":\"https:\/\/pool-house.shop\/de\/product\/schwimmender-chemikaliendosierer-18cm-revolution\/#breadcrumb\"},\"inLanguage\":\"de\",\"potentialAction\":[{\"@type\":\"ReadAction\",\"target\":[\"https:\/\/pool-house.shop\/de\/product\/schwimmender-chemikaliendosierer-18cm-revolution\/\"]}]},{\"@type\":\"ImageObject\",\"inLanguage\":\"de\",\"@id\":\"https:\/\/pool-house.shop\/de\/product\/schwimmender-chemikaliendosierer-18cm-revolution\/#primaryimage\",\"url\":\"https:\/\/pool-house.shop\/wp-content\/uploads\/2025\/04\/140610.png\",\"contentUrl\":\"https:\/\/pool-house.shop\/wp-content\/uploads\/2025\/04\/140610.png\",\"width\":1000,\"height\":1000},{\"@type\":\"BreadcrumbList\",\"@id\":\"https:\/\/pool-house.shop\/de\/product\/schwimmender-chemikaliendosierer-18cm-revolution\/#breadcrumb\",\"itemListElement\":[{\"@type\":\"ListItem\",\"position\":1,\"name\":\"Domovsk\u00e1 str\u00e1nka\",\"item\":\"https:\/\/pool-house.shop\/de\/\"},{\"@type\":\"ListItem\",\"position\":2,\"name\":\"Shop\",\"item\":\"https:\/\/pool-house.shop\/de\/shop\/\"},{\"@type\":\"ListItem\",\"position\":3,\"name\":\"Schwimmender Chemikaliendosierer 18cm Revolution\"}]},{\"@type\":\"WebSite\",\"@id\":\"https:\/\/pool-house.shop\/de\/#website\",\"url\":\"https:\/\/pool-house.shop\/de\/\",\"name\":\"Pool-House\",\"description\":\"\",\"publisher\":{\"@id\":\"https:\/\/pool-house.shop\/de\/#organization\"},\"potentialAction\":[{\"@type\":\"SearchAction\",\"target\":{\"@type\":\"EntryPoint\",\"urlTemplate\":\"https:\/\/pool-house.shop\/de\/?s={search_term_string}\"},\"query-input\":{\"@type\":\"PropertyValueSpecification\",\"valueRequired\":true,\"valueName\":\"search_term_string\"}}],\"inLanguage\":\"de\"},{\"@type\":\"Organization\",\"@id\":\"https:\/\/pool-house.shop\/de\/#organization\",\"name\":\"Pool-House\",\"url\":\"https:\/\/pool-house.shop\/de\/\",\"logo\":{\"@type\":\"ImageObject\",\"inLanguage\":\"de\",\"@id\":\"https:\/\/pool-house.shop\/de\/#\/schema\/logo\/image\/\",\"url\":\"https:\/\/pool-house.shop\/wp-content\/uploads\/2025\/10\/logo-2-stvorec-mobil-modre.png\",\"contentUrl\":\"https:\/\/pool-house.shop\/wp-content\/uploads\/2025\/10\/logo-2-stvorec-mobil-modre.png\",\"width\":273,\"height\":189,\"caption\":\"Pool-House\"},\"image\":{\"@id\":\"https:\/\/pool-house.shop\/de\/#\/schema\/logo\/image\/\"},\"sameAs\":[\"https:\/\/www.facebook.com\/termodomsk\/\"]}]}<\/script>\n<!-- \/ Yoast SEO plugin. -->","yoast_head_json":{"title":"Schwimmender Chemikaliendosierer 18cm Revolution - Pool-House","robots":{"index":"index","follow":"follow","max-snippet":"max-snippet:-1","max-image-preview":"max-image-preview:large","max-video-preview":"max-video-preview:-1"},"canonical":"https:\/\/pool-house.shop\/de\/product\/schwimmender-chemikaliendosierer-18cm-revolution\/","og_locale":"de_DE","og_type":"article","og_title":"Schwimmender Chemikaliendosierer 18cm Revolution - Pool-House","og_description":"Schwimmender Chemikaliendosierer Revolution  Ein schwimmender Chemikaliendosierer, der eine gleichm\u00e4\u00dfige Zugabe von Chemikalien in den Pool erm\u00f6glicht. Dies vereinfacht die Desinfektion des Poolwassers und hilft, die Wasserqualit\u00e4t kontinuierlich auf dem gew\u00fcnschten Niveau zu halten. Dank seines praktischen Designs ist er einfach zu handhaben. Im unteren Bereich des Dosierers befindet sich ein Einstellring, mit dem durch Drehen die Aufl\u00f6sungsgeschwindigkeit der Tablette gesteuert und somit die Menge der abgegebenen Chemikalie reguliert werden kann. Ideal f\u00fcr alle Pooltypen.   Der Schwimmer ist aus UV-best\u00e4ndigem Kunststoff gefertigt.","og_url":"https:\/\/pool-house.shop\/de\/product\/schwimmender-chemikaliendosierer-18cm-revolution\/","og_site_name":"Pool-House","article_publisher":"https:\/\/www.facebook.com\/termodomsk\/","og_image":[{"width":1000,"height":1000,"url":"https:\/\/pool-house.shop\/wp-content\/uploads\/2025\/04\/140610.png","type":"image\/png"}],"twitter_card":"summary_large_image","schema":{"@context":"https:\/\/schema.org","@graph":[{"@type":"WebPage","@id":"https:\/\/pool-house.shop\/de\/product\/schwimmender-chemikaliendosierer-18cm-revolution\/","url":"https:\/\/pool-house.shop\/de\/product\/schwimmender-chemikaliendosierer-18cm-revolution\/","name":"Schwimmender Chemikaliendosierer 18cm Revolution - Pool-House","isPartOf":{"@id":"https:\/\/pool-house.shop\/de\/#website"},"primaryImageOfPage":{"@id":"https:\/\/pool-house.shop\/de\/product\/schwimmender-chemikaliendosierer-18cm-revolution\/#primaryimage"},"image":{"@id":"https:\/\/pool-house.shop\/de\/product\/schwimmender-chemikaliendosierer-18cm-revolution\/#primaryimage"},"thumbnailUrl":"https:\/\/pool-house.shop\/wp-content\/uploads\/2025\/04\/140610.png","datePublished":"2025-04-08T10:20:09+00:00","breadcrumb":{"@id":"https:\/\/pool-house.shop\/de\/product\/schwimmender-chemikaliendosierer-18cm-revolution\/#breadcrumb"},"inLanguage":"de","potentialAction":[{"@type":"ReadAction","target":["https:\/\/pool-house.shop\/de\/product\/schwimmender-chemikaliendosierer-18cm-revolution\/"]}]},{"@type":"ImageObject","inLanguage":"de","@id":"https:\/\/pool-house.shop\/de\/product\/schwimmender-chemikaliendosierer-18cm-revolution\/#primaryimage","url":"https:\/\/pool-house.shop\/wp-content\/uploads\/2025\/04\/140610.png","contentUrl":"https:\/\/pool-house.shop\/wp-content\/uploads\/2025\/04\/140610.png","width":1000,"height":1000},{"@type":"BreadcrumbList","@id":"https:\/\/pool-house.shop\/de\/product\/schwimmender-chemikaliendosierer-18cm-revolution\/#breadcrumb","itemListElement":[{"@type":"ListItem","position":1,"name":"Domovsk\u00e1 str\u00e1nka","item":"https:\/\/pool-house.shop\/de\/"},{"@type":"ListItem","position":2,"name":"Shop","item":"https:\/\/pool-house.shop\/de\/shop\/"},{"@type":"ListItem","position":3,"name":"Schwimmender Chemikaliendosierer 18cm Revolution"}]},{"@type":"WebSite","@id":"https:\/\/pool-house.shop\/de\/#website","url":"https:\/\/pool-house.shop\/de\/","name":"Pool-House","description":"","publisher":{"@id":"https:\/\/pool-house.shop\/de\/#organization"},"potentialAction":[{"@type":"SearchAction","target":{"@type":"EntryPoint","urlTemplate":"https:\/\/pool-house.shop\/de\/?s={search_term_string}"},"query-input":{"@type":"PropertyValueSpecification","valueRequired":true,"valueName":"search_term_string"}}],"inLanguage":"de"},{"@type":"Organization","@id":"https:\/\/pool-house.shop\/de\/#organization","name":"Pool-House","url":"https:\/\/pool-house.shop\/de\/","logo":{"@type":"ImageObject","inLanguage":"de","@id":"https:\/\/pool-house.shop\/de\/#\/schema\/logo\/image\/","url":"https:\/\/pool-house.shop\/wp-content\/uploads\/2025\/10\/logo-2-stvorec-mobil-modre.png","contentUrl":"https:\/\/pool-house.shop\/wp-content\/uploads\/2025\/10\/logo-2-stvorec-mobil-modre.png","width":273,"height":189,"caption":"Pool-House"},"image":{"@id":"https:\/\/pool-house.shop\/de\/#\/schema\/logo\/image\/"},"sameAs":["https:\/\/www.facebook.com\/termodomsk\/"]}]}},"_links":{"self":[{"href":"https:\/\/pool-house.shop\/de\/wp-json\/wp\/v2\/product\/11099","targetHints":{"allow":["GET"]}}],"collection":[{"href":"https:\/\/pool-house.shop\/de\/wp-json\/wp\/v2\/product"}],"about":[{"href":"https:\/\/pool-house.shop\/de\/wp-json\/wp\/v2\/types\/product"}],"wp:featuredmedia":[{"embeddable":true,"href":"https:\/\/pool-house.shop\/de\/wp-json\/wp\/v2\/media\/4110"}],"wp:attachment":[{"href":"https:\/\/pool-house.shop\/de\/wp-json\/wp\/v2\/media?parent=11099"}],"wp:term":[{"taxonomy":"product_brand","embeddable":true,"href":"https:\/\/pool-house.shop\/de\/wp-json\/wp\/v2\/product_brand?post=11099"},{"taxonomy":"product_cat","embeddable":true,"href":"https:\/\/pool-house.shop\/de\/wp-json\/wp\/v2\/product_cat?post=11099"},{"taxonomy":"product_tag","embeddable":true,"href":"https:\/\/pool-house.shop\/de\/wp-json\/wp\/v2\/product_tag?post=11099"}],"curies":[{"name":"wp","href":"https:\/\/api.w.org\/{rel}","templated":true}]}}