{"id":11102,"date":"2025-04-08T12:20:04","date_gmt":"2025-04-08T10:20:04","guid":{"rendered":"https:\/\/pool-house.shop\/product\/solar-digitalthermometer-revolution\/"},"modified":"2025-04-08T12:20:04","modified_gmt":"2025-04-08T10:20:04","slug":"solar-digitalthermometer-revolution","status":"publish","type":"product","link":"https:\/\/pool-house.shop\/de\/product\/solar-digitalthermometer-revolution\/","title":{"rendered":"Solar-Digitalthermometer Revolution"},"content":{"rendered":"<p>Solar-Digitalthermometer Revolution<\/p>\n<p> \u00dcberpr\u00fcfen Sie die Wassertemperatur im Pool, ohne nach drau\u00dfen gehen zu m\u00fcssen! Die Basisstation kann dank des Standfu\u00dfes an der Wand montiert oder auf einen Tisch gestellt werden.<br \/>\n Der Sensor schwimmt im Pool, misst die Wassertemperatur und kommuniziert mit der Basisstation. Die Basisstation zeigt die Innentemperatur und -luftfeuchtigkeit, die Wassertemperatur und deren \u00c4nderungen im Au\u00dfenpool, die genaue Uhrzeit und sogar die Mondphasen an.<br \/>\n Zifferblatt mit Lupe f\u00fcr bessere Lesbarkeit. Ausgestattet mit einem Solarpanel, funktioniert es ohne Batterien. Schaltet sich 150 Sekunden nach dem Dr\u00fccken der Ein-\/Aus-Taste automatisch aus.<\/p>\n<p> Eigenschaften<br \/>\n &#8211; Einstellbare Ma\u00dfeinheiten: Celsius oder Fahrenheit<br \/>\n &#8211; Alarmfunktion<br \/>\n &#8211; Anzeige der maximalen\/minimalen gemessenen Temperaturen<br \/>\n &#8211; Temperaturalarmfunktion<br \/>\n &#8211; Drahtlose Reichweite im Freien bis zu 30 m<br \/>\n &#8211; Die Basisstation funktioniert mit 2 x 1,5 V AA Batterien (nicht im Lieferumfang enthalten)<br \/>\n &#8211; Die Au\u00dfeneinheit funktioniert mit 2 x 1,5 V AAA Batterien  <\/p>\n","protected":false},"excerpt":{"rendered":"<p>Solar-Digitalthermometer Revolution<\/p>\n<p> \u00dcberpr\u00fcfen Sie die Wassertemperatur im Pool, ohne nach drau\u00dfen gehen zu m\u00fcssen! Die Basisstation kann dank des Standfu\u00dfes an der Wand montiert oder auf einen Tisch gestellt werden.<br \/>\n Der Sensor schwimmt im Pool, misst die Wassertemperatur und kommuniziert mit der Basisstation. Die Basisstation zeigt die Innentemperatur und -luftfeuchtigkeit, die Wassertemperatur und deren \u00c4nderungen im Au\u00dfenpool, die genaue Uhrzeit und sogar die Mondphasen an.<br \/>\n Zifferblatt mit Lupe f\u00fcr bessere Lesbarkeit. Ausgestattet mit einem Solarpanel, funktioniert es ohne Batterien. Schaltet sich 150 Sekunden nach dem Dr\u00fccken der Ein-\/Aus-Taste automatisch aus.<\/p>\n<p> Eigenschaften<br \/>\n &#8211; Einstellbare Ma\u00dfeinheiten: Celsius oder Fahrenheit<br \/>\n &#8211; Alarmfunktion<br \/>\n &#8211; Anzeige der maximalen\/minimalen gemessenen Temperaturen<br \/>\n &#8211; Temperaturalarmfunktion<br \/>\n &#8211; Drahtlose Reichweite im Freien bis zu 30 m<br \/>\n &#8211; Die Basisstation funktioniert mit 2 x 1,5 V AA Batterien (nicht im Lieferumfang enthalten)<br \/>\n &#8211; Die Au\u00dfeneinheit funktioniert mit 2 x 1,5 V AAA Batterien  <\/p>\n","protected":false},"featured_media":4106,"template":"","meta":[],"product_brand":[],"product_cat":[272],"product_tag":[],"class_list":{"0":"post-11102","1":"product","2":"type-product","3":"status-publish","4":"has-post-thumbnail","6":"product_cat-zubehor_wartung","7":"thunk-woo-product-list","8":"open-woo-hover-none","9":"open-single-product-tab-horizontal","10":"open-shadow-","11":"open-shadow-hover-","13":"first","14":"instock","15":"taxable","16":"shipping-taxable","17":"purchasable","18":"product-type-simple"},"yoast_head":"<!-- This site is optimized with the Yoast SEO plugin v26.9 - https:\/\/yoast.com\/product\/yoast-seo-wordpress\/ -->\n<title>Solar-Digitalthermometer Revolution - Pool-House<\/title>\n<meta name=\"robots\" content=\"index, follow, max-snippet:-1, max-image-preview:large, max-video-preview:-1\" \/>\n<link rel=\"canonical\" href=\"https:\/\/pool-house.shop\/de\/product\/solar-digitalthermometer-revolution\/\" \/>\n<meta property=\"og:locale\" content=\"de_DE\" \/>\n<meta property=\"og:type\" content=\"article\" \/>\n<meta property=\"og:title\" content=\"Solar-Digitalthermometer Revolution - Pool-House\" \/>\n<meta property=\"og:description\" content=\"Solar-Digitalthermometer Revolution  \u00dcberpr\u00fcfen Sie die Wassertemperatur im Pool, ohne nach drau\u00dfen gehen zu m\u00fcssen! Die Basisstation kann dank des Standfu\u00dfes an der Wand montiert oder auf einen Tisch gestellt werden.  Der Sensor schwimmt im Pool, misst die Wassertemperatur und kommuniziert mit der Basisstation. Die Basisstation zeigt die Innentemperatur und -luftfeuchtigkeit, die Wassertemperatur und deren \u00c4nderungen im Au\u00dfenpool, die genaue Uhrzeit und sogar die Mondphasen an.  Zifferblatt mit Lupe f\u00fcr bessere Lesbarkeit. Ausgestattet mit einem Solarpanel, funktioniert es ohne Batterien. Schaltet sich 150 Sekunden nach dem Dr\u00fccken der Ein-\/Aus-Taste automatisch aus.  Eigenschaften - Einstellbare Ma\u00dfeinheiten: Celsius oder Fahrenheit - Alarmfunktion - Anzeige der maximalen\/minimalen gemessenen Temperaturen - Temperaturalarmfunktion - Drahtlose Reichweite im Freien bis zu 30 m - Die Basisstation funktioniert mit 2 x 1,5 V AA Batterien (nicht im Lieferumfang enthalten)  - Die Au\u00dfeneinheit funktioniert mit 2 x 1,5 V AAA Batterien\" \/>\n<meta property=\"og:url\" content=\"https:\/\/pool-house.shop\/de\/product\/solar-digitalthermometer-revolution\/\" \/>\n<meta property=\"og:site_name\" content=\"Pool-House\" \/>\n<meta property=\"article:publisher\" content=\"https:\/\/www.facebook.com\/termodomsk\/\" \/>\n<meta property=\"og:image\" content=\"https:\/\/pool-house.shop\/wp-content\/uploads\/2025\/04\/140541.png\" \/>\n\t<meta property=\"og:image:width\" content=\"1376\" \/>\n\t<meta property=\"og:image:height\" content=\"1080\" \/>\n\t<meta property=\"og:image:type\" content=\"image\/png\" \/>\n<meta name=\"twitter:card\" content=\"summary_large_image\" \/>\n<meta name=\"twitter:label1\" content=\"Gesch\u00e4tzte Lesezeit\" \/>\n\t<meta name=\"twitter:data1\" content=\"1\u00a0Minute\" \/>\n<script type=\"application\/ld+json\" class=\"yoast-schema-graph\">{\"@context\":\"https:\/\/schema.org\",\"@graph\":[{\"@type\":\"WebPage\",\"@id\":\"https:\/\/pool-house.shop\/de\/product\/solar-digitalthermometer-revolution\/\",\"url\":\"https:\/\/pool-house.shop\/de\/product\/solar-digitalthermometer-revolution\/\",\"name\":\"Solar-Digitalthermometer Revolution - Pool-House\",\"isPartOf\":{\"@id\":\"https:\/\/pool-house.shop\/de\/#website\"},\"primaryImageOfPage\":{\"@id\":\"https:\/\/pool-house.shop\/de\/product\/solar-digitalthermometer-revolution\/#primaryimage\"},\"image\":{\"@id\":\"https:\/\/pool-house.shop\/de\/product\/solar-digitalthermometer-revolution\/#primaryimage\"},\"thumbnailUrl\":\"https:\/\/pool-house.shop\/wp-content\/uploads\/2025\/04\/140541.png\",\"datePublished\":\"2025-04-08T10:20:04+00:00\",\"breadcrumb\":{\"@id\":\"https:\/\/pool-house.shop\/de\/product\/solar-digitalthermometer-revolution\/#breadcrumb\"},\"inLanguage\":\"de\",\"potentialAction\":[{\"@type\":\"ReadAction\",\"target\":[\"https:\/\/pool-house.shop\/de\/product\/solar-digitalthermometer-revolution\/\"]}]},{\"@type\":\"ImageObject\",\"inLanguage\":\"de\",\"@id\":\"https:\/\/pool-house.shop\/de\/product\/solar-digitalthermometer-revolution\/#primaryimage\",\"url\":\"https:\/\/pool-house.shop\/wp-content\/uploads\/2025\/04\/140541.png\",\"contentUrl\":\"https:\/\/pool-house.shop\/wp-content\/uploads\/2025\/04\/140541.png\",\"width\":1376,\"height\":1080},{\"@type\":\"BreadcrumbList\",\"@id\":\"https:\/\/pool-house.shop\/de\/product\/solar-digitalthermometer-revolution\/#breadcrumb\",\"itemListElement\":[{\"@type\":\"ListItem\",\"position\":1,\"name\":\"Domovsk\u00e1 str\u00e1nka\",\"item\":\"https:\/\/pool-house.shop\/de\/\"},{\"@type\":\"ListItem\",\"position\":2,\"name\":\"Shop\",\"item\":\"https:\/\/pool-house.shop\/de\/shop\/\"},{\"@type\":\"ListItem\",\"position\":3,\"name\":\"Solar-Digitalthermometer Revolution\"}]},{\"@type\":\"WebSite\",\"@id\":\"https:\/\/pool-house.shop\/de\/#website\",\"url\":\"https:\/\/pool-house.shop\/de\/\",\"name\":\"Pool-House\",\"description\":\"\",\"publisher\":{\"@id\":\"https:\/\/pool-house.shop\/de\/#organization\"},\"potentialAction\":[{\"@type\":\"SearchAction\",\"target\":{\"@type\":\"EntryPoint\",\"urlTemplate\":\"https:\/\/pool-house.shop\/de\/?s={search_term_string}\"},\"query-input\":{\"@type\":\"PropertyValueSpecification\",\"valueRequired\":true,\"valueName\":\"search_term_string\"}}],\"inLanguage\":\"de\"},{\"@type\":\"Organization\",\"@id\":\"https:\/\/pool-house.shop\/de\/#organization\",\"name\":\"Pool-House\",\"url\":\"https:\/\/pool-house.shop\/de\/\",\"logo\":{\"@type\":\"ImageObject\",\"inLanguage\":\"de\",\"@id\":\"https:\/\/pool-house.shop\/de\/#\/schema\/logo\/image\/\",\"url\":\"https:\/\/pool-house.shop\/wp-content\/uploads\/2025\/10\/logo-2-stvorec-mobil-modre.png\",\"contentUrl\":\"https:\/\/pool-house.shop\/wp-content\/uploads\/2025\/10\/logo-2-stvorec-mobil-modre.png\",\"width\":273,\"height\":189,\"caption\":\"Pool-House\"},\"image\":{\"@id\":\"https:\/\/pool-house.shop\/de\/#\/schema\/logo\/image\/\"},\"sameAs\":[\"https:\/\/www.facebook.com\/termodomsk\/\"]}]}<\/script>\n<!-- \/ Yoast SEO plugin. -->","yoast_head_json":{"title":"Solar-Digitalthermometer Revolution - Pool-House","robots":{"index":"index","follow":"follow","max-snippet":"max-snippet:-1","max-image-preview":"max-image-preview:large","max-video-preview":"max-video-preview:-1"},"canonical":"https:\/\/pool-house.shop\/de\/product\/solar-digitalthermometer-revolution\/","og_locale":"de_DE","og_type":"article","og_title":"Solar-Digitalthermometer Revolution - Pool-House","og_description":"Solar-Digitalthermometer Revolution  \u00dcberpr\u00fcfen Sie die Wassertemperatur im Pool, ohne nach drau\u00dfen gehen zu m\u00fcssen! Die Basisstation kann dank des Standfu\u00dfes an der Wand montiert oder auf einen Tisch gestellt werden.  Der Sensor schwimmt im Pool, misst die Wassertemperatur und kommuniziert mit der Basisstation. Die Basisstation zeigt die Innentemperatur und -luftfeuchtigkeit, die Wassertemperatur und deren \u00c4nderungen im Au\u00dfenpool, die genaue Uhrzeit und sogar die Mondphasen an.  Zifferblatt mit Lupe f\u00fcr bessere Lesbarkeit. Ausgestattet mit einem Solarpanel, funktioniert es ohne Batterien. Schaltet sich 150 Sekunden nach dem Dr\u00fccken der Ein-\/Aus-Taste automatisch aus.  Eigenschaften - Einstellbare Ma\u00dfeinheiten: Celsius oder Fahrenheit - Alarmfunktion - Anzeige der maximalen\/minimalen gemessenen Temperaturen - Temperaturalarmfunktion - Drahtlose Reichweite im Freien bis zu 30 m - Die Basisstation funktioniert mit 2 x 1,5 V AA Batterien (nicht im Lieferumfang enthalten)  - Die Au\u00dfeneinheit funktioniert mit 2 x 1,5 V AAA Batterien","og_url":"https:\/\/pool-house.shop\/de\/product\/solar-digitalthermometer-revolution\/","og_site_name":"Pool-House","article_publisher":"https:\/\/www.facebook.com\/termodomsk\/","og_image":[{"width":1376,"height":1080,"url":"https:\/\/pool-house.shop\/wp-content\/uploads\/2025\/04\/140541.png","type":"image\/png"}],"twitter_card":"summary_large_image","twitter_misc":{"Gesch\u00e4tzte Lesezeit":"1\u00a0Minute"},"schema":{"@context":"https:\/\/schema.org","@graph":[{"@type":"WebPage","@id":"https:\/\/pool-house.shop\/de\/product\/solar-digitalthermometer-revolution\/","url":"https:\/\/pool-house.shop\/de\/product\/solar-digitalthermometer-revolution\/","name":"Solar-Digitalthermometer Revolution - Pool-House","isPartOf":{"@id":"https:\/\/pool-house.shop\/de\/#website"},"primaryImageOfPage":{"@id":"https:\/\/pool-house.shop\/de\/product\/solar-digitalthermometer-revolution\/#primaryimage"},"image":{"@id":"https:\/\/pool-house.shop\/de\/product\/solar-digitalthermometer-revolution\/#primaryimage"},"thumbnailUrl":"https:\/\/pool-house.shop\/wp-content\/uploads\/2025\/04\/140541.png","datePublished":"2025-04-08T10:20:04+00:00","breadcrumb":{"@id":"https:\/\/pool-house.shop\/de\/product\/solar-digitalthermometer-revolution\/#breadcrumb"},"inLanguage":"de","potentialAction":[{"@type":"ReadAction","target":["https:\/\/pool-house.shop\/de\/product\/solar-digitalthermometer-revolution\/"]}]},{"@type":"ImageObject","inLanguage":"de","@id":"https:\/\/pool-house.shop\/de\/product\/solar-digitalthermometer-revolution\/#primaryimage","url":"https:\/\/pool-house.shop\/wp-content\/uploads\/2025\/04\/140541.png","contentUrl":"https:\/\/pool-house.shop\/wp-content\/uploads\/2025\/04\/140541.png","width":1376,"height":1080},{"@type":"BreadcrumbList","@id":"https:\/\/pool-house.shop\/de\/product\/solar-digitalthermometer-revolution\/#breadcrumb","itemListElement":[{"@type":"ListItem","position":1,"name":"Domovsk\u00e1 str\u00e1nka","item":"https:\/\/pool-house.shop\/de\/"},{"@type":"ListItem","position":2,"name":"Shop","item":"https:\/\/pool-house.shop\/de\/shop\/"},{"@type":"ListItem","position":3,"name":"Solar-Digitalthermometer Revolution"}]},{"@type":"WebSite","@id":"https:\/\/pool-house.shop\/de\/#website","url":"https:\/\/pool-house.shop\/de\/","name":"Pool-House","description":"","publisher":{"@id":"https:\/\/pool-house.shop\/de\/#organization"},"potentialAction":[{"@type":"SearchAction","target":{"@type":"EntryPoint","urlTemplate":"https:\/\/pool-house.shop\/de\/?s={search_term_string}"},"query-input":{"@type":"PropertyValueSpecification","valueRequired":true,"valueName":"search_term_string"}}],"inLanguage":"de"},{"@type":"Organization","@id":"https:\/\/pool-house.shop\/de\/#organization","name":"Pool-House","url":"https:\/\/pool-house.shop\/de\/","logo":{"@type":"ImageObject","inLanguage":"de","@id":"https:\/\/pool-house.shop\/de\/#\/schema\/logo\/image\/","url":"https:\/\/pool-house.shop\/wp-content\/uploads\/2025\/10\/logo-2-stvorec-mobil-modre.png","contentUrl":"https:\/\/pool-house.shop\/wp-content\/uploads\/2025\/10\/logo-2-stvorec-mobil-modre.png","width":273,"height":189,"caption":"Pool-House"},"image":{"@id":"https:\/\/pool-house.shop\/de\/#\/schema\/logo\/image\/"},"sameAs":["https:\/\/www.facebook.com\/termodomsk\/"]}]}},"_links":{"self":[{"href":"https:\/\/pool-house.shop\/de\/wp-json\/wp\/v2\/product\/11102","targetHints":{"allow":["GET"]}}],"collection":[{"href":"https:\/\/pool-house.shop\/de\/wp-json\/wp\/v2\/product"}],"about":[{"href":"https:\/\/pool-house.shop\/de\/wp-json\/wp\/v2\/types\/product"}],"wp:featuredmedia":[{"embeddable":true,"href":"https:\/\/pool-house.shop\/de\/wp-json\/wp\/v2\/media\/4106"}],"wp:attachment":[{"href":"https:\/\/pool-house.shop\/de\/wp-json\/wp\/v2\/media?parent=11102"}],"wp:term":[{"taxonomy":"product_brand","embeddable":true,"href":"https:\/\/pool-house.shop\/de\/wp-json\/wp\/v2\/product_brand?post=11102"},{"taxonomy":"product_cat","embeddable":true,"href":"https:\/\/pool-house.shop\/de\/wp-json\/wp\/v2\/product_cat?post=11102"},{"taxonomy":"product_tag","embeddable":true,"href":"https:\/\/pool-house.shop\/de\/wp-json\/wp\/v2\/product_tag?post=11102"}],"curies":[{"name":"wp","href":"https:\/\/api.w.org\/{rel}","templated":true}]}}