{"id":11129,"date":"2025-04-08T12:19:47","date_gmt":"2025-04-08T10:19:47","guid":{"rendered":"https:\/\/pool-house.shop\/product\/fussbad-blau\/"},"modified":"2025-04-08T12:19:47","modified_gmt":"2025-04-08T10:19:47","slug":"fussbad-blau","status":"publish","type":"product","link":"https:\/\/pool-house.shop\/de\/product\/fussbad-blau\/","title":{"rendered":"Fu\u00dfbad &#8211; blau"},"content":{"rendered":"<p>Fu\u00dfbad &#8211; blau<br \/>\n Blaues Fu\u00dfbad, hochwertiges Zubeh\u00f6r f\u00fcr unseren heimischen Pool. Es ist das perfekte Werkzeug, um die F\u00fc\u00dfe vor dem Betreten des Pools abzusp\u00fclen und so eine unn\u00f6tige Verschmutzung des Poolwassers zu vermeiden. Hergestellt aus strapazierf\u00e4higem Kunststoff f\u00fcr eine lange Lebensdauer, mit einer texturierten Unterseite f\u00fcr Sicherheit.<br \/>\n Aus Kunststoff gefertigtes Fu\u00dfbad, das sich hervorragend zum Einweichen, Absp\u00fclen, Reinigen der F\u00fc\u00dfe oder f\u00fcr die Pedik\u00fcre eignet.<br \/>\n Einfach und platzsparend.<\/p>\n","protected":false},"excerpt":{"rendered":"<p>Fu\u00dfbad &#8211; blau<br \/>\n Blaues Fu\u00dfbad, hochwertiges Zubeh\u00f6r f\u00fcr unseren heimischen Pool. Es ist das perfekte Werkzeug, um die F\u00fc\u00dfe vor dem Betreten des Pools abzusp\u00fclen und so eine unn\u00f6tige Verschmutzung des Poolwassers zu vermeiden. Hergestellt aus strapazierf\u00e4higem Kunststoff f\u00fcr eine lange Lebensdauer, mit einer texturierten Unterseite f\u00fcr Sicherheit.<br \/>\n Aus Kunststoff gefertigtes Fu\u00dfbad, das sich hervorragend zum Einweichen, Absp\u00fclen, Reinigen der F\u00fc\u00dfe oder f\u00fcr die Pedik\u00fcre eignet.<br \/>\n Einfach und platzsparend.<\/p>\n","protected":false},"featured_media":4082,"template":"","meta":[],"product_brand":[],"product_cat":[272],"product_tag":[],"class_list":{"0":"post-11129","1":"product","2":"type-product","3":"status-publish","4":"has-post-thumbnail","6":"product_cat-zubehor_wartung","7":"thunk-woo-product-list","8":"open-woo-hover-none","9":"open-single-product-tab-horizontal","10":"open-shadow-","11":"open-shadow-hover-","13":"first","14":"instock","15":"taxable","16":"shipping-taxable","17":"purchasable","18":"product-type-simple"},"yoast_head":"<!-- This site is optimized with the Yoast SEO plugin v26.9 - https:\/\/yoast.com\/product\/yoast-seo-wordpress\/ -->\n<title>Fu\u00dfbad - blau - Pool-House<\/title>\n<meta name=\"robots\" content=\"index, follow, max-snippet:-1, max-image-preview:large, max-video-preview:-1\" \/>\n<link rel=\"canonical\" href=\"https:\/\/pool-house.shop\/de\/product\/fussbad-blau\/\" \/>\n<meta property=\"og:locale\" content=\"de_DE\" \/>\n<meta property=\"og:type\" content=\"article\" \/>\n<meta property=\"og:title\" content=\"Fu\u00dfbad - blau - Pool-House\" \/>\n<meta property=\"og:description\" content=\"Fu\u00dfbad - blau  Blaues Fu\u00dfbad, hochwertiges Zubeh\u00f6r f\u00fcr unseren heimischen Pool. Es ist das perfekte Werkzeug, um die F\u00fc\u00dfe vor dem Betreten des Pools abzusp\u00fclen und so eine unn\u00f6tige Verschmutzung des Poolwassers zu vermeiden. Hergestellt aus strapazierf\u00e4higem Kunststoff f\u00fcr eine lange Lebensdauer, mit einer texturierten Unterseite f\u00fcr Sicherheit.   Aus Kunststoff gefertigtes Fu\u00dfbad, das sich hervorragend zum Einweichen, Absp\u00fclen, Reinigen der F\u00fc\u00dfe oder f\u00fcr die Pedik\u00fcre eignet. Einfach und platzsparend.\" \/>\n<meta property=\"og:url\" content=\"https:\/\/pool-house.shop\/de\/product\/fussbad-blau\/\" \/>\n<meta property=\"og:site_name\" content=\"Pool-House\" \/>\n<meta property=\"article:publisher\" content=\"https:\/\/www.facebook.com\/termodomsk\/\" \/>\n<meta property=\"og:image\" content=\"https:\/\/pool-house.shop\/wp-content\/uploads\/2025\/04\/140300.png\" \/>\n\t<meta property=\"og:image:width\" content=\"900\" \/>\n\t<meta property=\"og:image:height\" content=\"900\" \/>\n\t<meta property=\"og:image:type\" content=\"image\/png\" \/>\n<meta name=\"twitter:card\" content=\"summary_large_image\" \/>\n<script type=\"application\/ld+json\" class=\"yoast-schema-graph\">{\"@context\":\"https:\/\/schema.org\",\"@graph\":[{\"@type\":\"WebPage\",\"@id\":\"https:\/\/pool-house.shop\/de\/product\/fussbad-blau\/\",\"url\":\"https:\/\/pool-house.shop\/de\/product\/fussbad-blau\/\",\"name\":\"Fu\u00dfbad - blau - Pool-House\",\"isPartOf\":{\"@id\":\"https:\/\/pool-house.shop\/de\/#website\"},\"primaryImageOfPage\":{\"@id\":\"https:\/\/pool-house.shop\/de\/product\/fussbad-blau\/#primaryimage\"},\"image\":{\"@id\":\"https:\/\/pool-house.shop\/de\/product\/fussbad-blau\/#primaryimage\"},\"thumbnailUrl\":\"https:\/\/pool-house.shop\/wp-content\/uploads\/2025\/04\/140300.png\",\"datePublished\":\"2025-04-08T10:19:47+00:00\",\"breadcrumb\":{\"@id\":\"https:\/\/pool-house.shop\/de\/product\/fussbad-blau\/#breadcrumb\"},\"inLanguage\":\"de\",\"potentialAction\":[{\"@type\":\"ReadAction\",\"target\":[\"https:\/\/pool-house.shop\/de\/product\/fussbad-blau\/\"]}]},{\"@type\":\"ImageObject\",\"inLanguage\":\"de\",\"@id\":\"https:\/\/pool-house.shop\/de\/product\/fussbad-blau\/#primaryimage\",\"url\":\"https:\/\/pool-house.shop\/wp-content\/uploads\/2025\/04\/140300.png\",\"contentUrl\":\"https:\/\/pool-house.shop\/wp-content\/uploads\/2025\/04\/140300.png\",\"width\":900,\"height\":900},{\"@type\":\"BreadcrumbList\",\"@id\":\"https:\/\/pool-house.shop\/de\/product\/fussbad-blau\/#breadcrumb\",\"itemListElement\":[{\"@type\":\"ListItem\",\"position\":1,\"name\":\"Domovsk\u00e1 str\u00e1nka\",\"item\":\"https:\/\/pool-house.shop\/de\/\"},{\"@type\":\"ListItem\",\"position\":2,\"name\":\"Shop\",\"item\":\"https:\/\/pool-house.shop\/de\/shop\/\"},{\"@type\":\"ListItem\",\"position\":3,\"name\":\"Fu\u00dfbad &#8211; blau\"}]},{\"@type\":\"WebSite\",\"@id\":\"https:\/\/pool-house.shop\/de\/#website\",\"url\":\"https:\/\/pool-house.shop\/de\/\",\"name\":\"Pool-House\",\"description\":\"\",\"publisher\":{\"@id\":\"https:\/\/pool-house.shop\/de\/#organization\"},\"potentialAction\":[{\"@type\":\"SearchAction\",\"target\":{\"@type\":\"EntryPoint\",\"urlTemplate\":\"https:\/\/pool-house.shop\/de\/?s={search_term_string}\"},\"query-input\":{\"@type\":\"PropertyValueSpecification\",\"valueRequired\":true,\"valueName\":\"search_term_string\"}}],\"inLanguage\":\"de\"},{\"@type\":\"Organization\",\"@id\":\"https:\/\/pool-house.shop\/de\/#organization\",\"name\":\"Pool-House\",\"url\":\"https:\/\/pool-house.shop\/de\/\",\"logo\":{\"@type\":\"ImageObject\",\"inLanguage\":\"de\",\"@id\":\"https:\/\/pool-house.shop\/de\/#\/schema\/logo\/image\/\",\"url\":\"https:\/\/pool-house.shop\/wp-content\/uploads\/2025\/10\/logo-2-stvorec-mobil-modre.png\",\"contentUrl\":\"https:\/\/pool-house.shop\/wp-content\/uploads\/2025\/10\/logo-2-stvorec-mobil-modre.png\",\"width\":273,\"height\":189,\"caption\":\"Pool-House\"},\"image\":{\"@id\":\"https:\/\/pool-house.shop\/de\/#\/schema\/logo\/image\/\"},\"sameAs\":[\"https:\/\/www.facebook.com\/termodomsk\/\"]}]}<\/script>\n<!-- \/ Yoast SEO plugin. -->","yoast_head_json":{"title":"Fu\u00dfbad - blau - Pool-House","robots":{"index":"index","follow":"follow","max-snippet":"max-snippet:-1","max-image-preview":"max-image-preview:large","max-video-preview":"max-video-preview:-1"},"canonical":"https:\/\/pool-house.shop\/de\/product\/fussbad-blau\/","og_locale":"de_DE","og_type":"article","og_title":"Fu\u00dfbad - blau - Pool-House","og_description":"Fu\u00dfbad - blau  Blaues Fu\u00dfbad, hochwertiges Zubeh\u00f6r f\u00fcr unseren heimischen Pool. Es ist das perfekte Werkzeug, um die F\u00fc\u00dfe vor dem Betreten des Pools abzusp\u00fclen und so eine unn\u00f6tige Verschmutzung des Poolwassers zu vermeiden. Hergestellt aus strapazierf\u00e4higem Kunststoff f\u00fcr eine lange Lebensdauer, mit einer texturierten Unterseite f\u00fcr Sicherheit.   Aus Kunststoff gefertigtes Fu\u00dfbad, das sich hervorragend zum Einweichen, Absp\u00fclen, Reinigen der F\u00fc\u00dfe oder f\u00fcr die Pedik\u00fcre eignet. Einfach und platzsparend.","og_url":"https:\/\/pool-house.shop\/de\/product\/fussbad-blau\/","og_site_name":"Pool-House","article_publisher":"https:\/\/www.facebook.com\/termodomsk\/","og_image":[{"width":900,"height":900,"url":"https:\/\/pool-house.shop\/wp-content\/uploads\/2025\/04\/140300.png","type":"image\/png"}],"twitter_card":"summary_large_image","schema":{"@context":"https:\/\/schema.org","@graph":[{"@type":"WebPage","@id":"https:\/\/pool-house.shop\/de\/product\/fussbad-blau\/","url":"https:\/\/pool-house.shop\/de\/product\/fussbad-blau\/","name":"Fu\u00dfbad - blau - Pool-House","isPartOf":{"@id":"https:\/\/pool-house.shop\/de\/#website"},"primaryImageOfPage":{"@id":"https:\/\/pool-house.shop\/de\/product\/fussbad-blau\/#primaryimage"},"image":{"@id":"https:\/\/pool-house.shop\/de\/product\/fussbad-blau\/#primaryimage"},"thumbnailUrl":"https:\/\/pool-house.shop\/wp-content\/uploads\/2025\/04\/140300.png","datePublished":"2025-04-08T10:19:47+00:00","breadcrumb":{"@id":"https:\/\/pool-house.shop\/de\/product\/fussbad-blau\/#breadcrumb"},"inLanguage":"de","potentialAction":[{"@type":"ReadAction","target":["https:\/\/pool-house.shop\/de\/product\/fussbad-blau\/"]}]},{"@type":"ImageObject","inLanguage":"de","@id":"https:\/\/pool-house.shop\/de\/product\/fussbad-blau\/#primaryimage","url":"https:\/\/pool-house.shop\/wp-content\/uploads\/2025\/04\/140300.png","contentUrl":"https:\/\/pool-house.shop\/wp-content\/uploads\/2025\/04\/140300.png","width":900,"height":900},{"@type":"BreadcrumbList","@id":"https:\/\/pool-house.shop\/de\/product\/fussbad-blau\/#breadcrumb","itemListElement":[{"@type":"ListItem","position":1,"name":"Domovsk\u00e1 str\u00e1nka","item":"https:\/\/pool-house.shop\/de\/"},{"@type":"ListItem","position":2,"name":"Shop","item":"https:\/\/pool-house.shop\/de\/shop\/"},{"@type":"ListItem","position":3,"name":"Fu\u00dfbad &#8211; blau"}]},{"@type":"WebSite","@id":"https:\/\/pool-house.shop\/de\/#website","url":"https:\/\/pool-house.shop\/de\/","name":"Pool-House","description":"","publisher":{"@id":"https:\/\/pool-house.shop\/de\/#organization"},"potentialAction":[{"@type":"SearchAction","target":{"@type":"EntryPoint","urlTemplate":"https:\/\/pool-house.shop\/de\/?s={search_term_string}"},"query-input":{"@type":"PropertyValueSpecification","valueRequired":true,"valueName":"search_term_string"}}],"inLanguage":"de"},{"@type":"Organization","@id":"https:\/\/pool-house.shop\/de\/#organization","name":"Pool-House","url":"https:\/\/pool-house.shop\/de\/","logo":{"@type":"ImageObject","inLanguage":"de","@id":"https:\/\/pool-house.shop\/de\/#\/schema\/logo\/image\/","url":"https:\/\/pool-house.shop\/wp-content\/uploads\/2025\/10\/logo-2-stvorec-mobil-modre.png","contentUrl":"https:\/\/pool-house.shop\/wp-content\/uploads\/2025\/10\/logo-2-stvorec-mobil-modre.png","width":273,"height":189,"caption":"Pool-House"},"image":{"@id":"https:\/\/pool-house.shop\/de\/#\/schema\/logo\/image\/"},"sameAs":["https:\/\/www.facebook.com\/termodomsk\/"]}]}},"_links":{"self":[{"href":"https:\/\/pool-house.shop\/de\/wp-json\/wp\/v2\/product\/11129","targetHints":{"allow":["GET"]}}],"collection":[{"href":"https:\/\/pool-house.shop\/de\/wp-json\/wp\/v2\/product"}],"about":[{"href":"https:\/\/pool-house.shop\/de\/wp-json\/wp\/v2\/types\/product"}],"wp:featuredmedia":[{"embeddable":true,"href":"https:\/\/pool-house.shop\/de\/wp-json\/wp\/v2\/media\/4082"}],"wp:attachment":[{"href":"https:\/\/pool-house.shop\/de\/wp-json\/wp\/v2\/media?parent=11129"}],"wp:term":[{"taxonomy":"product_brand","embeddable":true,"href":"https:\/\/pool-house.shop\/de\/wp-json\/wp\/v2\/product_brand?post=11129"},{"taxonomy":"product_cat","embeddable":true,"href":"https:\/\/pool-house.shop\/de\/wp-json\/wp\/v2\/product_cat?post=11129"},{"taxonomy":"product_tag","embeddable":true,"href":"https:\/\/pool-house.shop\/de\/wp-json\/wp\/v2\/product_tag?post=11129"}],"curies":[{"name":"wp","href":"https:\/\/api.w.org\/{rel}","templated":true}]}}