{"id":11131,"date":"2025-04-08T12:19:45","date_gmt":"2025-04-08T10:19:45","guid":{"rendered":"https:\/\/pool-house.shop\/product\/saugkopf-revolution-rototrap\/"},"modified":"2025-04-08T12:19:45","modified_gmt":"2025-04-08T10:19:45","slug":"saugkopf-revolution-rototrap","status":"publish","type":"product","link":"https:\/\/pool-house.shop\/de\/product\/saugkopf-revolution-rototrap\/","title":{"rendered":"Saugkopf Revolution Rototrap"},"content":{"rendered":"<p>Saugkopf Kokido Revolution Rototrap mit rotierenden B\u00fcrsten<\/p>\n<p> Rotierende Seitenb\u00fcrsten leiten Schmutz aktiv in die N\u00e4he des Saugkopfes f\u00fcr eine effiziente Reinigung. Vorfilterdesign mit einfach zu bedienendem \u00d6ffnungssystem zur Erleichterung der Reinigung und Entleerung des Schmutzfangs.  <\/p>\n<p> Der drehbare Schmutzfangbeh\u00e4lter besteht aus strapazierf\u00e4higem Polycarbonat und sein Deckel l\u00e4sst sich einfach an den Schlauch anschlie\u00dfen. Stabiler Aluminiumgriff. Eine drehbare Klemme verhindert ein Verwickeln des Schlauches. Zus\u00e4tzliches Gewicht sorgt f\u00fcr optimalen Bodenkontakt.<\/p>\n<p> Eigenschaften<br \/>\n &#8211; Polycarbonatgriff<br \/>\n &#8211; 360\u00b0 drehbarer Kopf<br \/>\n &#8211; Clip erleichtert die Befestigung jeder Standardstange.   <\/p>\n","protected":false},"excerpt":{"rendered":"<p>Saugkopf Kokido Revolution Rototrap mit rotierenden B\u00fcrsten<\/p>\n<p> Rotierende Seitenb\u00fcrsten leiten Schmutz aktiv in die N\u00e4he des Saugkopfes f\u00fcr eine effiziente Reinigung. Vorfilterdesign mit einfach zu bedienendem \u00d6ffnungssystem zur Erleichterung der Reinigung und Entleerung des Schmutzfangs.  <\/p>\n<p> Der drehbare Schmutzfangbeh\u00e4lter besteht aus strapazierf\u00e4higem Polycarbonat und sein Deckel l\u00e4sst sich einfach an den Schlauch anschlie\u00dfen. Stabiler Aluminiumgriff. Eine drehbare Klemme verhindert ein Verwickeln des Schlauches. Zus\u00e4tzliches Gewicht sorgt f\u00fcr optimalen Bodenkontakt.<\/p>\n<p> Eigenschaften<br \/>\n &#8211; Polycarbonatgriff<br \/>\n &#8211; 360\u00b0 drehbarer Kopf<br \/>\n &#8211; Clip erleichtert die Befestigung jeder Standardstange.   <\/p>\n","protected":false},"featured_media":4078,"template":"","meta":[],"product_brand":[],"product_cat":[272],"product_tag":[],"class_list":{"0":"post-11131","1":"product","2":"type-product","3":"status-publish","4":"has-post-thumbnail","6":"product_cat-zubehor_wartung","7":"thunk-woo-product-list","8":"open-woo-hover-none","9":"open-single-product-tab-horizontal","10":"open-shadow-","11":"open-shadow-hover-","13":"first","14":"instock","15":"taxable","16":"shipping-taxable","17":"purchasable","18":"product-type-simple"},"yoast_head":"<!-- This site is optimized with the Yoast SEO plugin v26.9 - https:\/\/yoast.com\/product\/yoast-seo-wordpress\/ -->\n<title>Saugkopf Revolution Rototrap - Pool-House<\/title>\n<meta name=\"robots\" content=\"index, follow, max-snippet:-1, max-image-preview:large, max-video-preview:-1\" \/>\n<link rel=\"canonical\" href=\"https:\/\/pool-house.shop\/de\/product\/saugkopf-revolution-rototrap\/\" \/>\n<meta property=\"og:locale\" content=\"de_DE\" \/>\n<meta property=\"og:type\" content=\"article\" \/>\n<meta property=\"og:title\" content=\"Saugkopf Revolution Rototrap - Pool-House\" \/>\n<meta property=\"og:description\" content=\"Saugkopf Kokido Revolution Rototrap mit rotierenden B\u00fcrsten  Rotierende Seitenb\u00fcrsten leiten Schmutz aktiv in die N\u00e4he des Saugkopfes f\u00fcr eine effiziente Reinigung. Vorfilterdesign mit einfach zu bedienendem \u00d6ffnungssystem zur Erleichterung der Reinigung und Entleerung des Schmutzfangs.   Der drehbare Schmutzfangbeh\u00e4lter besteht aus strapazierf\u00e4higem Polycarbonat und sein Deckel l\u00e4sst sich einfach an den Schlauch anschlie\u00dfen. Stabiler Aluminiumgriff. Eine drehbare Klemme verhindert ein Verwickeln des Schlauches. Zus\u00e4tzliches Gewicht sorgt f\u00fcr optimalen Bodenkontakt.  Eigenschaften - Polycarbonatgriff - 360\u00b0 drehbarer Kopf - Clip erleichtert die Befestigung jeder Standardstange.\" \/>\n<meta property=\"og:url\" content=\"https:\/\/pool-house.shop\/de\/product\/saugkopf-revolution-rototrap\/\" \/>\n<meta property=\"og:site_name\" content=\"Pool-House\" \/>\n<meta property=\"article:publisher\" content=\"https:\/\/www.facebook.com\/termodomsk\/\" \/>\n<meta property=\"og:image\" content=\"https:\/\/pool-house.shop\/wp-content\/uploads\/2025\/04\/140051.png\" \/>\n\t<meta property=\"og:image:width\" content=\"1000\" \/>\n\t<meta property=\"og:image:height\" content=\"1000\" \/>\n\t<meta property=\"og:image:type\" content=\"image\/png\" \/>\n<meta name=\"twitter:card\" content=\"summary_large_image\" \/>\n<script type=\"application\/ld+json\" class=\"yoast-schema-graph\">{\"@context\":\"https:\/\/schema.org\",\"@graph\":[{\"@type\":\"WebPage\",\"@id\":\"https:\/\/pool-house.shop\/de\/product\/saugkopf-revolution-rototrap\/\",\"url\":\"https:\/\/pool-house.shop\/de\/product\/saugkopf-revolution-rototrap\/\",\"name\":\"Saugkopf Revolution Rototrap - Pool-House\",\"isPartOf\":{\"@id\":\"https:\/\/pool-house.shop\/de\/#website\"},\"primaryImageOfPage\":{\"@id\":\"https:\/\/pool-house.shop\/de\/product\/saugkopf-revolution-rototrap\/#primaryimage\"},\"image\":{\"@id\":\"https:\/\/pool-house.shop\/de\/product\/saugkopf-revolution-rototrap\/#primaryimage\"},\"thumbnailUrl\":\"https:\/\/pool-house.shop\/wp-content\/uploads\/2025\/04\/140051.png\",\"datePublished\":\"2025-04-08T10:19:45+00:00\",\"breadcrumb\":{\"@id\":\"https:\/\/pool-house.shop\/de\/product\/saugkopf-revolution-rototrap\/#breadcrumb\"},\"inLanguage\":\"de\",\"potentialAction\":[{\"@type\":\"ReadAction\",\"target\":[\"https:\/\/pool-house.shop\/de\/product\/saugkopf-revolution-rototrap\/\"]}]},{\"@type\":\"ImageObject\",\"inLanguage\":\"de\",\"@id\":\"https:\/\/pool-house.shop\/de\/product\/saugkopf-revolution-rototrap\/#primaryimage\",\"url\":\"https:\/\/pool-house.shop\/wp-content\/uploads\/2025\/04\/140051.png\",\"contentUrl\":\"https:\/\/pool-house.shop\/wp-content\/uploads\/2025\/04\/140051.png\",\"width\":1000,\"height\":1000},{\"@type\":\"BreadcrumbList\",\"@id\":\"https:\/\/pool-house.shop\/de\/product\/saugkopf-revolution-rototrap\/#breadcrumb\",\"itemListElement\":[{\"@type\":\"ListItem\",\"position\":1,\"name\":\"Domovsk\u00e1 str\u00e1nka\",\"item\":\"https:\/\/pool-house.shop\/de\/\"},{\"@type\":\"ListItem\",\"position\":2,\"name\":\"Shop\",\"item\":\"https:\/\/pool-house.shop\/de\/shop\/\"},{\"@type\":\"ListItem\",\"position\":3,\"name\":\"Saugkopf Revolution Rototrap\"}]},{\"@type\":\"WebSite\",\"@id\":\"https:\/\/pool-house.shop\/de\/#website\",\"url\":\"https:\/\/pool-house.shop\/de\/\",\"name\":\"Pool-House\",\"description\":\"\",\"publisher\":{\"@id\":\"https:\/\/pool-house.shop\/de\/#organization\"},\"potentialAction\":[{\"@type\":\"SearchAction\",\"target\":{\"@type\":\"EntryPoint\",\"urlTemplate\":\"https:\/\/pool-house.shop\/de\/?s={search_term_string}\"},\"query-input\":{\"@type\":\"PropertyValueSpecification\",\"valueRequired\":true,\"valueName\":\"search_term_string\"}}],\"inLanguage\":\"de\"},{\"@type\":\"Organization\",\"@id\":\"https:\/\/pool-house.shop\/de\/#organization\",\"name\":\"Pool-House\",\"url\":\"https:\/\/pool-house.shop\/de\/\",\"logo\":{\"@type\":\"ImageObject\",\"inLanguage\":\"de\",\"@id\":\"https:\/\/pool-house.shop\/de\/#\/schema\/logo\/image\/\",\"url\":\"https:\/\/pool-house.shop\/wp-content\/uploads\/2025\/10\/logo-2-stvorec-mobil-modre.png\",\"contentUrl\":\"https:\/\/pool-house.shop\/wp-content\/uploads\/2025\/10\/logo-2-stvorec-mobil-modre.png\",\"width\":273,\"height\":189,\"caption\":\"Pool-House\"},\"image\":{\"@id\":\"https:\/\/pool-house.shop\/de\/#\/schema\/logo\/image\/\"},\"sameAs\":[\"https:\/\/www.facebook.com\/termodomsk\/\"]}]}<\/script>\n<!-- \/ Yoast SEO plugin. -->","yoast_head_json":{"title":"Saugkopf Revolution Rototrap - Pool-House","robots":{"index":"index","follow":"follow","max-snippet":"max-snippet:-1","max-image-preview":"max-image-preview:large","max-video-preview":"max-video-preview:-1"},"canonical":"https:\/\/pool-house.shop\/de\/product\/saugkopf-revolution-rototrap\/","og_locale":"de_DE","og_type":"article","og_title":"Saugkopf Revolution Rototrap - Pool-House","og_description":"Saugkopf Kokido Revolution Rototrap mit rotierenden B\u00fcrsten  Rotierende Seitenb\u00fcrsten leiten Schmutz aktiv in die N\u00e4he des Saugkopfes f\u00fcr eine effiziente Reinigung. Vorfilterdesign mit einfach zu bedienendem \u00d6ffnungssystem zur Erleichterung der Reinigung und Entleerung des Schmutzfangs.   Der drehbare Schmutzfangbeh\u00e4lter besteht aus strapazierf\u00e4higem Polycarbonat und sein Deckel l\u00e4sst sich einfach an den Schlauch anschlie\u00dfen. Stabiler Aluminiumgriff. Eine drehbare Klemme verhindert ein Verwickeln des Schlauches. Zus\u00e4tzliches Gewicht sorgt f\u00fcr optimalen Bodenkontakt.  Eigenschaften - Polycarbonatgriff - 360\u00b0 drehbarer Kopf - Clip erleichtert die Befestigung jeder Standardstange.","og_url":"https:\/\/pool-house.shop\/de\/product\/saugkopf-revolution-rototrap\/","og_site_name":"Pool-House","article_publisher":"https:\/\/www.facebook.com\/termodomsk\/","og_image":[{"width":1000,"height":1000,"url":"https:\/\/pool-house.shop\/wp-content\/uploads\/2025\/04\/140051.png","type":"image\/png"}],"twitter_card":"summary_large_image","schema":{"@context":"https:\/\/schema.org","@graph":[{"@type":"WebPage","@id":"https:\/\/pool-house.shop\/de\/product\/saugkopf-revolution-rototrap\/","url":"https:\/\/pool-house.shop\/de\/product\/saugkopf-revolution-rototrap\/","name":"Saugkopf Revolution Rototrap - Pool-House","isPartOf":{"@id":"https:\/\/pool-house.shop\/de\/#website"},"primaryImageOfPage":{"@id":"https:\/\/pool-house.shop\/de\/product\/saugkopf-revolution-rototrap\/#primaryimage"},"image":{"@id":"https:\/\/pool-house.shop\/de\/product\/saugkopf-revolution-rototrap\/#primaryimage"},"thumbnailUrl":"https:\/\/pool-house.shop\/wp-content\/uploads\/2025\/04\/140051.png","datePublished":"2025-04-08T10:19:45+00:00","breadcrumb":{"@id":"https:\/\/pool-house.shop\/de\/product\/saugkopf-revolution-rototrap\/#breadcrumb"},"inLanguage":"de","potentialAction":[{"@type":"ReadAction","target":["https:\/\/pool-house.shop\/de\/product\/saugkopf-revolution-rototrap\/"]}]},{"@type":"ImageObject","inLanguage":"de","@id":"https:\/\/pool-house.shop\/de\/product\/saugkopf-revolution-rototrap\/#primaryimage","url":"https:\/\/pool-house.shop\/wp-content\/uploads\/2025\/04\/140051.png","contentUrl":"https:\/\/pool-house.shop\/wp-content\/uploads\/2025\/04\/140051.png","width":1000,"height":1000},{"@type":"BreadcrumbList","@id":"https:\/\/pool-house.shop\/de\/product\/saugkopf-revolution-rototrap\/#breadcrumb","itemListElement":[{"@type":"ListItem","position":1,"name":"Domovsk\u00e1 str\u00e1nka","item":"https:\/\/pool-house.shop\/de\/"},{"@type":"ListItem","position":2,"name":"Shop","item":"https:\/\/pool-house.shop\/de\/shop\/"},{"@type":"ListItem","position":3,"name":"Saugkopf Revolution Rototrap"}]},{"@type":"WebSite","@id":"https:\/\/pool-house.shop\/de\/#website","url":"https:\/\/pool-house.shop\/de\/","name":"Pool-House","description":"","publisher":{"@id":"https:\/\/pool-house.shop\/de\/#organization"},"potentialAction":[{"@type":"SearchAction","target":{"@type":"EntryPoint","urlTemplate":"https:\/\/pool-house.shop\/de\/?s={search_term_string}"},"query-input":{"@type":"PropertyValueSpecification","valueRequired":true,"valueName":"search_term_string"}}],"inLanguage":"de"},{"@type":"Organization","@id":"https:\/\/pool-house.shop\/de\/#organization","name":"Pool-House","url":"https:\/\/pool-house.shop\/de\/","logo":{"@type":"ImageObject","inLanguage":"de","@id":"https:\/\/pool-house.shop\/de\/#\/schema\/logo\/image\/","url":"https:\/\/pool-house.shop\/wp-content\/uploads\/2025\/10\/logo-2-stvorec-mobil-modre.png","contentUrl":"https:\/\/pool-house.shop\/wp-content\/uploads\/2025\/10\/logo-2-stvorec-mobil-modre.png","width":273,"height":189,"caption":"Pool-House"},"image":{"@id":"https:\/\/pool-house.shop\/de\/#\/schema\/logo\/image\/"},"sameAs":["https:\/\/www.facebook.com\/termodomsk\/"]}]}},"_links":{"self":[{"href":"https:\/\/pool-house.shop\/de\/wp-json\/wp\/v2\/product\/11131","targetHints":{"allow":["GET"]}}],"collection":[{"href":"https:\/\/pool-house.shop\/de\/wp-json\/wp\/v2\/product"}],"about":[{"href":"https:\/\/pool-house.shop\/de\/wp-json\/wp\/v2\/types\/product"}],"wp:featuredmedia":[{"embeddable":true,"href":"https:\/\/pool-house.shop\/de\/wp-json\/wp\/v2\/media\/4078"}],"wp:attachment":[{"href":"https:\/\/pool-house.shop\/de\/wp-json\/wp\/v2\/media?parent=11131"}],"wp:term":[{"taxonomy":"product_brand","embeddable":true,"href":"https:\/\/pool-house.shop\/de\/wp-json\/wp\/v2\/product_brand?post=11131"},{"taxonomy":"product_cat","embeddable":true,"href":"https:\/\/pool-house.shop\/de\/wp-json\/wp\/v2\/product_cat?post=11131"},{"taxonomy":"product_tag","embeddable":true,"href":"https:\/\/pool-house.shop\/de\/wp-json\/wp\/v2\/product_tag?post=11131"}],"curies":[{"name":"wp","href":"https:\/\/api.w.org\/{rel}","templated":true}]}}