{"id":11132,"date":"2025-04-08T12:19:44","date_gmt":"2025-04-08T10:19:44","guid":{"rendered":"https:\/\/pool-house.shop\/product\/saugkopf-revolution-rototvac\/"},"modified":"2025-04-08T12:19:44","modified_gmt":"2025-04-08T10:19:44","slug":"saugkopf-revolution-rototvac","status":"publish","type":"product","link":"https:\/\/pool-house.shop\/de\/product\/saugkopf-revolution-rototvac\/","title":{"rendered":"Saugkopf Revolution Rototvac"},"content":{"rendered":"<p>Dreieckiger Saugkopf Kokido Revolution Rotovac mit rotierenden B\u00fcrsten<\/p>\n<p> Der dreieckige Pool-Staubsauger Kokido Revolution mit effektivem Saugkopf und rotierenden B\u00fcrsten dient zur gr\u00fcndlichen Reinigung des Poolbodens. Die rotierenden B\u00fcrsten helfen, festsitzenden Schmutz zu l\u00f6sen, und der Saugkopf hilft, diesen schnell zu entfernen.  <\/p>\n<p> Eine drehbare Plattform verhindert das Verheddern des Schlauchs. Ein zus\u00e4tzliches Gewicht sorgt f\u00fcr optimalen Bodenkontakt. Dank seiner dreieckigen Form erreicht dieser Staubsauger auch schwer zug\u00e4ngliche Stellen wie Poolecken problemlos.  <\/p>\n","protected":false},"excerpt":{"rendered":"<p>Dreieckiger Saugkopf Kokido Revolution Rotovac mit rotierenden B\u00fcrsten<\/p>\n<p> Der dreieckige Pool-Staubsauger Kokido Revolution mit effektivem Saugkopf und rotierenden B\u00fcrsten dient zur gr\u00fcndlichen Reinigung des Poolbodens. Die rotierenden B\u00fcrsten helfen, festsitzenden Schmutz zu l\u00f6sen, und der Saugkopf hilft, diesen schnell zu entfernen.  <\/p>\n<p> Eine drehbare Plattform verhindert das Verheddern des Schlauchs. Ein zus\u00e4tzliches Gewicht sorgt f\u00fcr optimalen Bodenkontakt. Dank seiner dreieckigen Form erreicht dieser Staubsauger auch schwer zug\u00e4ngliche Stellen wie Poolecken problemlos.  <\/p>\n","protected":false},"featured_media":4076,"template":"","meta":[],"product_brand":[],"product_cat":[272],"product_tag":[],"class_list":{"0":"post-11132","1":"product","2":"type-product","3":"status-publish","4":"has-post-thumbnail","6":"product_cat-zubehor_wartung","7":"thunk-woo-product-list","8":"open-woo-hover-none","9":"open-single-product-tab-horizontal","10":"open-shadow-","11":"open-shadow-hover-","13":"first","14":"instock","15":"taxable","16":"shipping-taxable","17":"purchasable","18":"product-type-simple"},"yoast_head":"<!-- This site is optimized with the Yoast SEO plugin v26.9 - https:\/\/yoast.com\/product\/yoast-seo-wordpress\/ -->\n<title>Saugkopf Revolution Rototvac - Pool-House<\/title>\n<meta name=\"robots\" content=\"index, follow, max-snippet:-1, max-image-preview:large, max-video-preview:-1\" \/>\n<link rel=\"canonical\" href=\"https:\/\/pool-house.shop\/de\/product\/saugkopf-revolution-rototvac\/\" \/>\n<meta property=\"og:locale\" content=\"de_DE\" \/>\n<meta property=\"og:type\" content=\"article\" \/>\n<meta property=\"og:title\" content=\"Saugkopf Revolution Rototvac - Pool-House\" \/>\n<meta property=\"og:description\" content=\"Dreieckiger Saugkopf Kokido Revolution Rotovac mit rotierenden B\u00fcrsten  Der dreieckige Pool-Staubsauger Kokido Revolution mit effektivem Saugkopf und rotierenden B\u00fcrsten dient zur gr\u00fcndlichen Reinigung des Poolbodens. Die rotierenden B\u00fcrsten helfen, festsitzenden Schmutz zu l\u00f6sen, und der Saugkopf hilft, diesen schnell zu entfernen.   Eine drehbare Plattform verhindert das Verheddern des Schlauchs. Ein zus\u00e4tzliches Gewicht sorgt f\u00fcr optimalen Bodenkontakt. Dank seiner dreieckigen Form erreicht dieser Staubsauger auch schwer zug\u00e4ngliche Stellen wie Poolecken problemlos.\" \/>\n<meta property=\"og:url\" content=\"https:\/\/pool-house.shop\/de\/product\/saugkopf-revolution-rototvac\/\" \/>\n<meta property=\"og:site_name\" content=\"Pool-House\" \/>\n<meta property=\"article:publisher\" content=\"https:\/\/www.facebook.com\/termodomsk\/\" \/>\n<meta property=\"og:image\" content=\"https:\/\/pool-house.shop\/wp-content\/uploads\/2025\/04\/140050.png\" \/>\n\t<meta property=\"og:image:width\" content=\"1082\" \/>\n\t<meta property=\"og:image:height\" content=\"812\" \/>\n\t<meta property=\"og:image:type\" content=\"image\/png\" \/>\n<meta name=\"twitter:card\" content=\"summary_large_image\" \/>\n<script type=\"application\/ld+json\" class=\"yoast-schema-graph\">{\"@context\":\"https:\/\/schema.org\",\"@graph\":[{\"@type\":\"WebPage\",\"@id\":\"https:\/\/pool-house.shop\/de\/product\/saugkopf-revolution-rototvac\/\",\"url\":\"https:\/\/pool-house.shop\/de\/product\/saugkopf-revolution-rototvac\/\",\"name\":\"Saugkopf Revolution Rototvac - Pool-House\",\"isPartOf\":{\"@id\":\"https:\/\/pool-house.shop\/de\/#website\"},\"primaryImageOfPage\":{\"@id\":\"https:\/\/pool-house.shop\/de\/product\/saugkopf-revolution-rototvac\/#primaryimage\"},\"image\":{\"@id\":\"https:\/\/pool-house.shop\/de\/product\/saugkopf-revolution-rototvac\/#primaryimage\"},\"thumbnailUrl\":\"https:\/\/pool-house.shop\/wp-content\/uploads\/2025\/04\/140050.png\",\"datePublished\":\"2025-04-08T10:19:44+00:00\",\"breadcrumb\":{\"@id\":\"https:\/\/pool-house.shop\/de\/product\/saugkopf-revolution-rototvac\/#breadcrumb\"},\"inLanguage\":\"de\",\"potentialAction\":[{\"@type\":\"ReadAction\",\"target\":[\"https:\/\/pool-house.shop\/de\/product\/saugkopf-revolution-rototvac\/\"]}]},{\"@type\":\"ImageObject\",\"inLanguage\":\"de\",\"@id\":\"https:\/\/pool-house.shop\/de\/product\/saugkopf-revolution-rototvac\/#primaryimage\",\"url\":\"https:\/\/pool-house.shop\/wp-content\/uploads\/2025\/04\/140050.png\",\"contentUrl\":\"https:\/\/pool-house.shop\/wp-content\/uploads\/2025\/04\/140050.png\",\"width\":1082,\"height\":812},{\"@type\":\"BreadcrumbList\",\"@id\":\"https:\/\/pool-house.shop\/de\/product\/saugkopf-revolution-rototvac\/#breadcrumb\",\"itemListElement\":[{\"@type\":\"ListItem\",\"position\":1,\"name\":\"Domovsk\u00e1 str\u00e1nka\",\"item\":\"https:\/\/pool-house.shop\/de\/\"},{\"@type\":\"ListItem\",\"position\":2,\"name\":\"Shop\",\"item\":\"https:\/\/pool-house.shop\/de\/shop\/\"},{\"@type\":\"ListItem\",\"position\":3,\"name\":\"Saugkopf Revolution Rototvac\"}]},{\"@type\":\"WebSite\",\"@id\":\"https:\/\/pool-house.shop\/de\/#website\",\"url\":\"https:\/\/pool-house.shop\/de\/\",\"name\":\"Pool-House\",\"description\":\"\",\"publisher\":{\"@id\":\"https:\/\/pool-house.shop\/de\/#organization\"},\"potentialAction\":[{\"@type\":\"SearchAction\",\"target\":{\"@type\":\"EntryPoint\",\"urlTemplate\":\"https:\/\/pool-house.shop\/de\/?s={search_term_string}\"},\"query-input\":{\"@type\":\"PropertyValueSpecification\",\"valueRequired\":true,\"valueName\":\"search_term_string\"}}],\"inLanguage\":\"de\"},{\"@type\":\"Organization\",\"@id\":\"https:\/\/pool-house.shop\/de\/#organization\",\"name\":\"Pool-House\",\"url\":\"https:\/\/pool-house.shop\/de\/\",\"logo\":{\"@type\":\"ImageObject\",\"inLanguage\":\"de\",\"@id\":\"https:\/\/pool-house.shop\/de\/#\/schema\/logo\/image\/\",\"url\":\"https:\/\/pool-house.shop\/wp-content\/uploads\/2025\/10\/logo-2-stvorec-mobil-modre.png\",\"contentUrl\":\"https:\/\/pool-house.shop\/wp-content\/uploads\/2025\/10\/logo-2-stvorec-mobil-modre.png\",\"width\":273,\"height\":189,\"caption\":\"Pool-House\"},\"image\":{\"@id\":\"https:\/\/pool-house.shop\/de\/#\/schema\/logo\/image\/\"},\"sameAs\":[\"https:\/\/www.facebook.com\/termodomsk\/\"]}]}<\/script>\n<!-- \/ Yoast SEO plugin. -->","yoast_head_json":{"title":"Saugkopf Revolution Rototvac - Pool-House","robots":{"index":"index","follow":"follow","max-snippet":"max-snippet:-1","max-image-preview":"max-image-preview:large","max-video-preview":"max-video-preview:-1"},"canonical":"https:\/\/pool-house.shop\/de\/product\/saugkopf-revolution-rototvac\/","og_locale":"de_DE","og_type":"article","og_title":"Saugkopf Revolution Rototvac - Pool-House","og_description":"Dreieckiger Saugkopf Kokido Revolution Rotovac mit rotierenden B\u00fcrsten  Der dreieckige Pool-Staubsauger Kokido Revolution mit effektivem Saugkopf und rotierenden B\u00fcrsten dient zur gr\u00fcndlichen Reinigung des Poolbodens. Die rotierenden B\u00fcrsten helfen, festsitzenden Schmutz zu l\u00f6sen, und der Saugkopf hilft, diesen schnell zu entfernen.   Eine drehbare Plattform verhindert das Verheddern des Schlauchs. Ein zus\u00e4tzliches Gewicht sorgt f\u00fcr optimalen Bodenkontakt. Dank seiner dreieckigen Form erreicht dieser Staubsauger auch schwer zug\u00e4ngliche Stellen wie Poolecken problemlos.","og_url":"https:\/\/pool-house.shop\/de\/product\/saugkopf-revolution-rototvac\/","og_site_name":"Pool-House","article_publisher":"https:\/\/www.facebook.com\/termodomsk\/","og_image":[{"width":1082,"height":812,"url":"https:\/\/pool-house.shop\/wp-content\/uploads\/2025\/04\/140050.png","type":"image\/png"}],"twitter_card":"summary_large_image","schema":{"@context":"https:\/\/schema.org","@graph":[{"@type":"WebPage","@id":"https:\/\/pool-house.shop\/de\/product\/saugkopf-revolution-rototvac\/","url":"https:\/\/pool-house.shop\/de\/product\/saugkopf-revolution-rototvac\/","name":"Saugkopf Revolution Rototvac - Pool-House","isPartOf":{"@id":"https:\/\/pool-house.shop\/de\/#website"},"primaryImageOfPage":{"@id":"https:\/\/pool-house.shop\/de\/product\/saugkopf-revolution-rototvac\/#primaryimage"},"image":{"@id":"https:\/\/pool-house.shop\/de\/product\/saugkopf-revolution-rototvac\/#primaryimage"},"thumbnailUrl":"https:\/\/pool-house.shop\/wp-content\/uploads\/2025\/04\/140050.png","datePublished":"2025-04-08T10:19:44+00:00","breadcrumb":{"@id":"https:\/\/pool-house.shop\/de\/product\/saugkopf-revolution-rototvac\/#breadcrumb"},"inLanguage":"de","potentialAction":[{"@type":"ReadAction","target":["https:\/\/pool-house.shop\/de\/product\/saugkopf-revolution-rototvac\/"]}]},{"@type":"ImageObject","inLanguage":"de","@id":"https:\/\/pool-house.shop\/de\/product\/saugkopf-revolution-rototvac\/#primaryimage","url":"https:\/\/pool-house.shop\/wp-content\/uploads\/2025\/04\/140050.png","contentUrl":"https:\/\/pool-house.shop\/wp-content\/uploads\/2025\/04\/140050.png","width":1082,"height":812},{"@type":"BreadcrumbList","@id":"https:\/\/pool-house.shop\/de\/product\/saugkopf-revolution-rototvac\/#breadcrumb","itemListElement":[{"@type":"ListItem","position":1,"name":"Domovsk\u00e1 str\u00e1nka","item":"https:\/\/pool-house.shop\/de\/"},{"@type":"ListItem","position":2,"name":"Shop","item":"https:\/\/pool-house.shop\/de\/shop\/"},{"@type":"ListItem","position":3,"name":"Saugkopf Revolution Rototvac"}]},{"@type":"WebSite","@id":"https:\/\/pool-house.shop\/de\/#website","url":"https:\/\/pool-house.shop\/de\/","name":"Pool-House","description":"","publisher":{"@id":"https:\/\/pool-house.shop\/de\/#organization"},"potentialAction":[{"@type":"SearchAction","target":{"@type":"EntryPoint","urlTemplate":"https:\/\/pool-house.shop\/de\/?s={search_term_string}"},"query-input":{"@type":"PropertyValueSpecification","valueRequired":true,"valueName":"search_term_string"}}],"inLanguage":"de"},{"@type":"Organization","@id":"https:\/\/pool-house.shop\/de\/#organization","name":"Pool-House","url":"https:\/\/pool-house.shop\/de\/","logo":{"@type":"ImageObject","inLanguage":"de","@id":"https:\/\/pool-house.shop\/de\/#\/schema\/logo\/image\/","url":"https:\/\/pool-house.shop\/wp-content\/uploads\/2025\/10\/logo-2-stvorec-mobil-modre.png","contentUrl":"https:\/\/pool-house.shop\/wp-content\/uploads\/2025\/10\/logo-2-stvorec-mobil-modre.png","width":273,"height":189,"caption":"Pool-House"},"image":{"@id":"https:\/\/pool-house.shop\/de\/#\/schema\/logo\/image\/"},"sameAs":["https:\/\/www.facebook.com\/termodomsk\/"]}]}},"_links":{"self":[{"href":"https:\/\/pool-house.shop\/de\/wp-json\/wp\/v2\/product\/11132","targetHints":{"allow":["GET"]}}],"collection":[{"href":"https:\/\/pool-house.shop\/de\/wp-json\/wp\/v2\/product"}],"about":[{"href":"https:\/\/pool-house.shop\/de\/wp-json\/wp\/v2\/types\/product"}],"wp:featuredmedia":[{"embeddable":true,"href":"https:\/\/pool-house.shop\/de\/wp-json\/wp\/v2\/media\/4076"}],"wp:attachment":[{"href":"https:\/\/pool-house.shop\/de\/wp-json\/wp\/v2\/media?parent=11132"}],"wp:term":[{"taxonomy":"product_brand","embeddable":true,"href":"https:\/\/pool-house.shop\/de\/wp-json\/wp\/v2\/product_brand?post=11132"},{"taxonomy":"product_cat","embeddable":true,"href":"https:\/\/pool-house.shop\/de\/wp-json\/wp\/v2\/product_cat?post=11132"},{"taxonomy":"product_tag","embeddable":true,"href":"https:\/\/pool-house.shop\/de\/wp-json\/wp\/v2\/product_tag?post=11132"}],"curies":[{"name":"wp","href":"https:\/\/api.w.org\/{rel}","templated":true}]}}