{"id":11186,"date":"2025-04-08T12:19:04","date_gmt":"2025-04-08T10:19:04","guid":{"rendered":"https:\/\/pool-house.shop\/product\/algenbuerste-5\/"},"modified":"2025-04-08T12:19:04","modified_gmt":"2025-04-08T10:19:04","slug":"algenbuerste-5","status":"publish","type":"product","link":"https:\/\/pool-house.shop\/de\/product\/algenbuerste-5\/","title":{"rendered":"Algenb\u00fcrste 5&#8220;"},"content":{"rendered":"<p>Algenb\u00fcrste<\/p>\n<p> Eine hochwertige Algenb\u00fcrste mit blauem Griff. Die Algenb\u00fcrste ist ein Spezialwerkzeug zur Reinigung von Pools, insbesondere zur Entfernung von Algen.<br \/>\n Algen sind Mikroorganismen, die sich in feuchter und warmer Umgebung leicht vermehren und Ablagerungen im Pool bilden k\u00f6nnen.<br \/>\n Die Borsten der Algenb\u00fcrste sind steif und fest, um Algen effektiv von der Pooloberfl\u00e4che zu entfernen.<br \/>\n Die B\u00fcrste kann an einer langen Teleskopstange befestigt werden, was die Poolreinigung ohne Betreten des Wassers erm\u00f6glicht.<\/p>\n<p> Eigenschaften<br \/>\n Kopfl\u00e4nge: 5&#8220; <\/p>\n","protected":false},"excerpt":{"rendered":"<p>Algenb\u00fcrste<\/p>\n<p> Eine hochwertige Algenb\u00fcrste mit blauem Griff. Die Algenb\u00fcrste ist ein Spezialwerkzeug zur Reinigung von Pools, insbesondere zur Entfernung von Algen.<br \/>\n Algen sind Mikroorganismen, die sich in feuchter und warmer Umgebung leicht vermehren und Ablagerungen im Pool bilden k\u00f6nnen.<br \/>\n Die Borsten der Algenb\u00fcrste sind steif und fest, um Algen effektiv von der Pooloberfl\u00e4che zu entfernen.<br \/>\n Die B\u00fcrste kann an einer langen Teleskopstange befestigt werden, was die Poolreinigung ohne Betreten des Wassers erm\u00f6glicht.<\/p>\n<p> Eigenschaften<br \/>\n Kopfl\u00e4nge: 5&#8220; <\/p>\n","protected":false},"featured_media":4028,"template":"","meta":[],"product_brand":[],"product_cat":[272],"product_tag":[],"class_list":{"0":"post-11186","1":"product","2":"type-product","3":"status-publish","4":"has-post-thumbnail","6":"product_cat-zubehor_wartung","7":"thunk-woo-product-list","8":"open-woo-hover-none","9":"open-single-product-tab-horizontal","10":"open-shadow-","11":"open-shadow-hover-","13":"first","14":"instock","15":"taxable","16":"shipping-taxable","17":"purchasable","18":"product-type-simple"},"yoast_head":"<!-- This site is optimized with the Yoast SEO plugin v26.9 - https:\/\/yoast.com\/product\/yoast-seo-wordpress\/ -->\n<title>Algenb\u00fcrste 5&#039;&#039; - Pool-House<\/title>\n<meta name=\"robots\" content=\"index, follow, max-snippet:-1, max-image-preview:large, max-video-preview:-1\" \/>\n<link rel=\"canonical\" href=\"https:\/\/pool-house.shop\/de\/product\/algenbuerste-5\/\" \/>\n<meta property=\"og:locale\" content=\"de_DE\" \/>\n<meta property=\"og:type\" content=\"article\" \/>\n<meta property=\"og:title\" content=\"Algenb\u00fcrste 5&#039;&#039; - Pool-House\" \/>\n<meta property=\"og:description\" content=\"Algenb\u00fcrste  Eine hochwertige Algenb\u00fcrste mit blauem Griff. Die Algenb\u00fcrste ist ein Spezialwerkzeug zur Reinigung von Pools, insbesondere zur Entfernung von Algen. Algen sind Mikroorganismen, die sich in feuchter und warmer Umgebung leicht vermehren und Ablagerungen im Pool bilden k\u00f6nnen. Die Borsten der Algenb\u00fcrste sind steif und fest, um Algen effektiv von der Pooloberfl\u00e4che zu entfernen. Die B\u00fcrste kann an einer langen Teleskopstange befestigt werden, was die Poolreinigung ohne Betreten des Wassers erm\u00f6glicht.  Eigenschaften Kopfl\u00e4nge: 5&#039;&#039;\" \/>\n<meta property=\"og:url\" content=\"https:\/\/pool-house.shop\/de\/product\/algenbuerste-5\/\" \/>\n<meta property=\"og:site_name\" content=\"Pool-House\" \/>\n<meta property=\"article:publisher\" content=\"https:\/\/www.facebook.com\/termodomsk\/\" \/>\n<meta property=\"og:image\" content=\"https:\/\/pool-house.shop\/wp-content\/uploads\/2025\/04\/140025.png\" \/>\n\t<meta property=\"og:image:width\" content=\"1600\" \/>\n\t<meta property=\"og:image:height\" content=\"1600\" \/>\n\t<meta property=\"og:image:type\" content=\"image\/png\" \/>\n<meta name=\"twitter:card\" content=\"summary_large_image\" \/>\n<script type=\"application\/ld+json\" class=\"yoast-schema-graph\">{\"@context\":\"https:\/\/schema.org\",\"@graph\":[{\"@type\":\"WebPage\",\"@id\":\"https:\/\/pool-house.shop\/de\/product\/algenbuerste-5\/\",\"url\":\"https:\/\/pool-house.shop\/de\/product\/algenbuerste-5\/\",\"name\":\"Algenb\u00fcrste 5'' - Pool-House\",\"isPartOf\":{\"@id\":\"https:\/\/pool-house.shop\/de\/#website\"},\"primaryImageOfPage\":{\"@id\":\"https:\/\/pool-house.shop\/de\/product\/algenbuerste-5\/#primaryimage\"},\"image\":{\"@id\":\"https:\/\/pool-house.shop\/de\/product\/algenbuerste-5\/#primaryimage\"},\"thumbnailUrl\":\"https:\/\/pool-house.shop\/wp-content\/uploads\/2025\/04\/140025.png\",\"datePublished\":\"2025-04-08T10:19:04+00:00\",\"breadcrumb\":{\"@id\":\"https:\/\/pool-house.shop\/de\/product\/algenbuerste-5\/#breadcrumb\"},\"inLanguage\":\"de\",\"potentialAction\":[{\"@type\":\"ReadAction\",\"target\":[\"https:\/\/pool-house.shop\/de\/product\/algenbuerste-5\/\"]}]},{\"@type\":\"ImageObject\",\"inLanguage\":\"de\",\"@id\":\"https:\/\/pool-house.shop\/de\/product\/algenbuerste-5\/#primaryimage\",\"url\":\"https:\/\/pool-house.shop\/wp-content\/uploads\/2025\/04\/140025.png\",\"contentUrl\":\"https:\/\/pool-house.shop\/wp-content\/uploads\/2025\/04\/140025.png\",\"width\":1600,\"height\":1600},{\"@type\":\"BreadcrumbList\",\"@id\":\"https:\/\/pool-house.shop\/de\/product\/algenbuerste-5\/#breadcrumb\",\"itemListElement\":[{\"@type\":\"ListItem\",\"position\":1,\"name\":\"Domovsk\u00e1 str\u00e1nka\",\"item\":\"https:\/\/pool-house.shop\/de\/\"},{\"@type\":\"ListItem\",\"position\":2,\"name\":\"Shop\",\"item\":\"https:\/\/pool-house.shop\/de\/shop\/\"},{\"@type\":\"ListItem\",\"position\":3,\"name\":\"Algenb\u00fcrste 5&#8220;\"}]},{\"@type\":\"WebSite\",\"@id\":\"https:\/\/pool-house.shop\/de\/#website\",\"url\":\"https:\/\/pool-house.shop\/de\/\",\"name\":\"Pool-House\",\"description\":\"\",\"publisher\":{\"@id\":\"https:\/\/pool-house.shop\/de\/#organization\"},\"potentialAction\":[{\"@type\":\"SearchAction\",\"target\":{\"@type\":\"EntryPoint\",\"urlTemplate\":\"https:\/\/pool-house.shop\/de\/?s={search_term_string}\"},\"query-input\":{\"@type\":\"PropertyValueSpecification\",\"valueRequired\":true,\"valueName\":\"search_term_string\"}}],\"inLanguage\":\"de\"},{\"@type\":\"Organization\",\"@id\":\"https:\/\/pool-house.shop\/de\/#organization\",\"name\":\"Pool-House\",\"url\":\"https:\/\/pool-house.shop\/de\/\",\"logo\":{\"@type\":\"ImageObject\",\"inLanguage\":\"de\",\"@id\":\"https:\/\/pool-house.shop\/de\/#\/schema\/logo\/image\/\",\"url\":\"https:\/\/pool-house.shop\/wp-content\/uploads\/2025\/10\/logo-2-stvorec-mobil-modre.png\",\"contentUrl\":\"https:\/\/pool-house.shop\/wp-content\/uploads\/2025\/10\/logo-2-stvorec-mobil-modre.png\",\"width\":273,\"height\":189,\"caption\":\"Pool-House\"},\"image\":{\"@id\":\"https:\/\/pool-house.shop\/de\/#\/schema\/logo\/image\/\"},\"sameAs\":[\"https:\/\/www.facebook.com\/termodomsk\/\"]}]}<\/script>\n<!-- \/ Yoast SEO plugin. -->","yoast_head_json":{"title":"Algenb\u00fcrste 5'' - Pool-House","robots":{"index":"index","follow":"follow","max-snippet":"max-snippet:-1","max-image-preview":"max-image-preview:large","max-video-preview":"max-video-preview:-1"},"canonical":"https:\/\/pool-house.shop\/de\/product\/algenbuerste-5\/","og_locale":"de_DE","og_type":"article","og_title":"Algenb\u00fcrste 5'' - Pool-House","og_description":"Algenb\u00fcrste  Eine hochwertige Algenb\u00fcrste mit blauem Griff. Die Algenb\u00fcrste ist ein Spezialwerkzeug zur Reinigung von Pools, insbesondere zur Entfernung von Algen. Algen sind Mikroorganismen, die sich in feuchter und warmer Umgebung leicht vermehren und Ablagerungen im Pool bilden k\u00f6nnen. Die Borsten der Algenb\u00fcrste sind steif und fest, um Algen effektiv von der Pooloberfl\u00e4che zu entfernen. Die B\u00fcrste kann an einer langen Teleskopstange befestigt werden, was die Poolreinigung ohne Betreten des Wassers erm\u00f6glicht.  Eigenschaften Kopfl\u00e4nge: 5''","og_url":"https:\/\/pool-house.shop\/de\/product\/algenbuerste-5\/","og_site_name":"Pool-House","article_publisher":"https:\/\/www.facebook.com\/termodomsk\/","og_image":[{"width":1600,"height":1600,"url":"https:\/\/pool-house.shop\/wp-content\/uploads\/2025\/04\/140025.png","type":"image\/png"}],"twitter_card":"summary_large_image","schema":{"@context":"https:\/\/schema.org","@graph":[{"@type":"WebPage","@id":"https:\/\/pool-house.shop\/de\/product\/algenbuerste-5\/","url":"https:\/\/pool-house.shop\/de\/product\/algenbuerste-5\/","name":"Algenb\u00fcrste 5'' - Pool-House","isPartOf":{"@id":"https:\/\/pool-house.shop\/de\/#website"},"primaryImageOfPage":{"@id":"https:\/\/pool-house.shop\/de\/product\/algenbuerste-5\/#primaryimage"},"image":{"@id":"https:\/\/pool-house.shop\/de\/product\/algenbuerste-5\/#primaryimage"},"thumbnailUrl":"https:\/\/pool-house.shop\/wp-content\/uploads\/2025\/04\/140025.png","datePublished":"2025-04-08T10:19:04+00:00","breadcrumb":{"@id":"https:\/\/pool-house.shop\/de\/product\/algenbuerste-5\/#breadcrumb"},"inLanguage":"de","potentialAction":[{"@type":"ReadAction","target":["https:\/\/pool-house.shop\/de\/product\/algenbuerste-5\/"]}]},{"@type":"ImageObject","inLanguage":"de","@id":"https:\/\/pool-house.shop\/de\/product\/algenbuerste-5\/#primaryimage","url":"https:\/\/pool-house.shop\/wp-content\/uploads\/2025\/04\/140025.png","contentUrl":"https:\/\/pool-house.shop\/wp-content\/uploads\/2025\/04\/140025.png","width":1600,"height":1600},{"@type":"BreadcrumbList","@id":"https:\/\/pool-house.shop\/de\/product\/algenbuerste-5\/#breadcrumb","itemListElement":[{"@type":"ListItem","position":1,"name":"Domovsk\u00e1 str\u00e1nka","item":"https:\/\/pool-house.shop\/de\/"},{"@type":"ListItem","position":2,"name":"Shop","item":"https:\/\/pool-house.shop\/de\/shop\/"},{"@type":"ListItem","position":3,"name":"Algenb\u00fcrste 5&#8220;"}]},{"@type":"WebSite","@id":"https:\/\/pool-house.shop\/de\/#website","url":"https:\/\/pool-house.shop\/de\/","name":"Pool-House","description":"","publisher":{"@id":"https:\/\/pool-house.shop\/de\/#organization"},"potentialAction":[{"@type":"SearchAction","target":{"@type":"EntryPoint","urlTemplate":"https:\/\/pool-house.shop\/de\/?s={search_term_string}"},"query-input":{"@type":"PropertyValueSpecification","valueRequired":true,"valueName":"search_term_string"}}],"inLanguage":"de"},{"@type":"Organization","@id":"https:\/\/pool-house.shop\/de\/#organization","name":"Pool-House","url":"https:\/\/pool-house.shop\/de\/","logo":{"@type":"ImageObject","inLanguage":"de","@id":"https:\/\/pool-house.shop\/de\/#\/schema\/logo\/image\/","url":"https:\/\/pool-house.shop\/wp-content\/uploads\/2025\/10\/logo-2-stvorec-mobil-modre.png","contentUrl":"https:\/\/pool-house.shop\/wp-content\/uploads\/2025\/10\/logo-2-stvorec-mobil-modre.png","width":273,"height":189,"caption":"Pool-House"},"image":{"@id":"https:\/\/pool-house.shop\/de\/#\/schema\/logo\/image\/"},"sameAs":["https:\/\/www.facebook.com\/termodomsk\/"]}]}},"_links":{"self":[{"href":"https:\/\/pool-house.shop\/de\/wp-json\/wp\/v2\/product\/11186","targetHints":{"allow":["GET"]}}],"collection":[{"href":"https:\/\/pool-house.shop\/de\/wp-json\/wp\/v2\/product"}],"about":[{"href":"https:\/\/pool-house.shop\/de\/wp-json\/wp\/v2\/types\/product"}],"wp:featuredmedia":[{"embeddable":true,"href":"https:\/\/pool-house.shop\/de\/wp-json\/wp\/v2\/media\/4028"}],"wp:attachment":[{"href":"https:\/\/pool-house.shop\/de\/wp-json\/wp\/v2\/media?parent=11186"}],"wp:term":[{"taxonomy":"product_brand","embeddable":true,"href":"https:\/\/pool-house.shop\/de\/wp-json\/wp\/v2\/product_brand?post=11186"},{"taxonomy":"product_cat","embeddable":true,"href":"https:\/\/pool-house.shop\/de\/wp-json\/wp\/v2\/product_cat?post=11186"},{"taxonomy":"product_tag","embeddable":true,"href":"https:\/\/pool-house.shop\/de\/wp-json\/wp\/v2\/product_tag?post=11186"}],"curies":[{"name":"wp","href":"https:\/\/api.w.org\/{rel}","templated":true}]}}