{"id":11187,"date":"2025-04-08T12:18:59","date_gmt":"2025-04-08T10:18:59","guid":{"rendered":"https:\/\/pool-house.shop\/product\/reinigungsschwaemme\/"},"modified":"2025-04-08T12:18:59","modified_gmt":"2025-04-08T10:18:59","slug":"reinigungsschwaemme","status":"publish","type":"product","link":"https:\/\/pool-house.shop\/de\/product\/reinigungsschwaemme\/","title":{"rendered":"Reinigungsschw\u00e4mme"},"content":{"rendered":"<p>Reinigungsschw\u00e4mme<\/p>\n<p> Hochwertiger wei\u00dfer Schrubbschwamm. Ein hervorragendes Hilfsmittel zur Poolreinigung. Der Premium-Schwamm reinigt effektiv die W\u00e4nde und den Boden des Pools und entfernt angesammelten Schmutz, Algen und andere Verunreinigungen.<br \/>\n Der Schwamm ist aus weichem, aber strapazierf\u00e4higem Material gefertigt, das schonend zur Pooloberfl\u00e4che ist und somit keine Kratzer oder Besch\u00e4digungen verursacht. Dank seines ergonomischen Designs liegt er bequem in der Hand und erleichtert den Reinigungsprozess. <\/p>\n","protected":false},"excerpt":{"rendered":"<p>Reinigungsschw\u00e4mme<\/p>\n<p> Hochwertiger wei\u00dfer Schrubbschwamm. Ein hervorragendes Hilfsmittel zur Poolreinigung. Der Premium-Schwamm reinigt effektiv die W\u00e4nde und den Boden des Pools und entfernt angesammelten Schmutz, Algen und andere Verunreinigungen.<br \/>\n Der Schwamm ist aus weichem, aber strapazierf\u00e4higem Material gefertigt, das schonend zur Pooloberfl\u00e4che ist und somit keine Kratzer oder Besch\u00e4digungen verursacht. Dank seines ergonomischen Designs liegt er bequem in der Hand und erleichtert den Reinigungsprozess. <\/p>\n","protected":false},"featured_media":4022,"template":"","meta":[],"product_brand":[],"product_cat":[272],"product_tag":[],"class_list":{"0":"post-11187","1":"product","2":"type-product","3":"status-publish","4":"has-post-thumbnail","6":"product_cat-zubehor_wartung","7":"thunk-woo-product-list","8":"open-woo-hover-none","9":"open-single-product-tab-horizontal","10":"open-shadow-","11":"open-shadow-hover-","13":"first","14":"instock","15":"taxable","16":"shipping-taxable","17":"purchasable","18":"product-type-simple"},"yoast_head":"<!-- This site is optimized with the Yoast SEO plugin v26.9 - https:\/\/yoast.com\/product\/yoast-seo-wordpress\/ -->\n<title>Reinigungsschw\u00e4mme - Pool-House<\/title>\n<meta name=\"robots\" content=\"index, follow, max-snippet:-1, max-image-preview:large, max-video-preview:-1\" \/>\n<link rel=\"canonical\" href=\"https:\/\/pool-house.shop\/de\/product\/reinigungsschwaemme\/\" \/>\n<meta property=\"og:locale\" content=\"de_DE\" \/>\n<meta property=\"og:type\" content=\"article\" \/>\n<meta property=\"og:title\" content=\"Reinigungsschw\u00e4mme - Pool-House\" \/>\n<meta property=\"og:description\" content=\"Reinigungsschw\u00e4mme  Hochwertiger wei\u00dfer Schrubbschwamm. Ein hervorragendes Hilfsmittel zur Poolreinigung. Der Premium-Schwamm reinigt effektiv die W\u00e4nde und den Boden des Pools und entfernt angesammelten Schmutz, Algen und andere Verunreinigungen.  Der Schwamm ist aus weichem, aber strapazierf\u00e4higem Material gefertigt, das schonend zur Pooloberfl\u00e4che ist und somit keine Kratzer oder Besch\u00e4digungen verursacht. Dank seines ergonomischen Designs liegt er bequem in der Hand und erleichtert den Reinigungsprozess.\" \/>\n<meta property=\"og:url\" content=\"https:\/\/pool-house.shop\/de\/product\/reinigungsschwaemme\/\" \/>\n<meta property=\"og:site_name\" content=\"Pool-House\" \/>\n<meta property=\"article:publisher\" content=\"https:\/\/www.facebook.com\/termodomsk\/\" \/>\n<meta property=\"og:image\" content=\"https:\/\/pool-house.shop\/wp-content\/uploads\/2025\/04\/140022.png\" \/>\n\t<meta property=\"og:image:width\" content=\"1600\" \/>\n\t<meta property=\"og:image:height\" content=\"1600\" \/>\n\t<meta property=\"og:image:type\" content=\"image\/png\" \/>\n<meta name=\"twitter:card\" content=\"summary_large_image\" \/>\n<script type=\"application\/ld+json\" class=\"yoast-schema-graph\">{\"@context\":\"https:\/\/schema.org\",\"@graph\":[{\"@type\":\"WebPage\",\"@id\":\"https:\/\/pool-house.shop\/de\/product\/reinigungsschwaemme\/\",\"url\":\"https:\/\/pool-house.shop\/de\/product\/reinigungsschwaemme\/\",\"name\":\"Reinigungsschw\u00e4mme - Pool-House\",\"isPartOf\":{\"@id\":\"https:\/\/pool-house.shop\/de\/#website\"},\"primaryImageOfPage\":{\"@id\":\"https:\/\/pool-house.shop\/de\/product\/reinigungsschwaemme\/#primaryimage\"},\"image\":{\"@id\":\"https:\/\/pool-house.shop\/de\/product\/reinigungsschwaemme\/#primaryimage\"},\"thumbnailUrl\":\"https:\/\/pool-house.shop\/wp-content\/uploads\/2025\/04\/140022.png\",\"datePublished\":\"2025-04-08T10:18:59+00:00\",\"breadcrumb\":{\"@id\":\"https:\/\/pool-house.shop\/de\/product\/reinigungsschwaemme\/#breadcrumb\"},\"inLanguage\":\"de\",\"potentialAction\":[{\"@type\":\"ReadAction\",\"target\":[\"https:\/\/pool-house.shop\/de\/product\/reinigungsschwaemme\/\"]}]},{\"@type\":\"ImageObject\",\"inLanguage\":\"de\",\"@id\":\"https:\/\/pool-house.shop\/de\/product\/reinigungsschwaemme\/#primaryimage\",\"url\":\"https:\/\/pool-house.shop\/wp-content\/uploads\/2025\/04\/140022.png\",\"contentUrl\":\"https:\/\/pool-house.shop\/wp-content\/uploads\/2025\/04\/140022.png\",\"width\":1600,\"height\":1600},{\"@type\":\"BreadcrumbList\",\"@id\":\"https:\/\/pool-house.shop\/de\/product\/reinigungsschwaemme\/#breadcrumb\",\"itemListElement\":[{\"@type\":\"ListItem\",\"position\":1,\"name\":\"Domovsk\u00e1 str\u00e1nka\",\"item\":\"https:\/\/pool-house.shop\/de\/\"},{\"@type\":\"ListItem\",\"position\":2,\"name\":\"Shop\",\"item\":\"https:\/\/pool-house.shop\/de\/shop\/\"},{\"@type\":\"ListItem\",\"position\":3,\"name\":\"Reinigungsschw\u00e4mme\"}]},{\"@type\":\"WebSite\",\"@id\":\"https:\/\/pool-house.shop\/de\/#website\",\"url\":\"https:\/\/pool-house.shop\/de\/\",\"name\":\"Pool-House\",\"description\":\"\",\"publisher\":{\"@id\":\"https:\/\/pool-house.shop\/de\/#organization\"},\"potentialAction\":[{\"@type\":\"SearchAction\",\"target\":{\"@type\":\"EntryPoint\",\"urlTemplate\":\"https:\/\/pool-house.shop\/de\/?s={search_term_string}\"},\"query-input\":{\"@type\":\"PropertyValueSpecification\",\"valueRequired\":true,\"valueName\":\"search_term_string\"}}],\"inLanguage\":\"de\"},{\"@type\":\"Organization\",\"@id\":\"https:\/\/pool-house.shop\/de\/#organization\",\"name\":\"Pool-House\",\"url\":\"https:\/\/pool-house.shop\/de\/\",\"logo\":{\"@type\":\"ImageObject\",\"inLanguage\":\"de\",\"@id\":\"https:\/\/pool-house.shop\/de\/#\/schema\/logo\/image\/\",\"url\":\"https:\/\/pool-house.shop\/wp-content\/uploads\/2025\/10\/logo-2-stvorec-mobil-modre.png\",\"contentUrl\":\"https:\/\/pool-house.shop\/wp-content\/uploads\/2025\/10\/logo-2-stvorec-mobil-modre.png\",\"width\":273,\"height\":189,\"caption\":\"Pool-House\"},\"image\":{\"@id\":\"https:\/\/pool-house.shop\/de\/#\/schema\/logo\/image\/\"},\"sameAs\":[\"https:\/\/www.facebook.com\/termodomsk\/\"]}]}<\/script>\n<!-- \/ Yoast SEO plugin. -->","yoast_head_json":{"title":"Reinigungsschw\u00e4mme - Pool-House","robots":{"index":"index","follow":"follow","max-snippet":"max-snippet:-1","max-image-preview":"max-image-preview:large","max-video-preview":"max-video-preview:-1"},"canonical":"https:\/\/pool-house.shop\/de\/product\/reinigungsschwaemme\/","og_locale":"de_DE","og_type":"article","og_title":"Reinigungsschw\u00e4mme - Pool-House","og_description":"Reinigungsschw\u00e4mme  Hochwertiger wei\u00dfer Schrubbschwamm. Ein hervorragendes Hilfsmittel zur Poolreinigung. Der Premium-Schwamm reinigt effektiv die W\u00e4nde und den Boden des Pools und entfernt angesammelten Schmutz, Algen und andere Verunreinigungen.  Der Schwamm ist aus weichem, aber strapazierf\u00e4higem Material gefertigt, das schonend zur Pooloberfl\u00e4che ist und somit keine Kratzer oder Besch\u00e4digungen verursacht. Dank seines ergonomischen Designs liegt er bequem in der Hand und erleichtert den Reinigungsprozess.","og_url":"https:\/\/pool-house.shop\/de\/product\/reinigungsschwaemme\/","og_site_name":"Pool-House","article_publisher":"https:\/\/www.facebook.com\/termodomsk\/","og_image":[{"width":1600,"height":1600,"url":"https:\/\/pool-house.shop\/wp-content\/uploads\/2025\/04\/140022.png","type":"image\/png"}],"twitter_card":"summary_large_image","schema":{"@context":"https:\/\/schema.org","@graph":[{"@type":"WebPage","@id":"https:\/\/pool-house.shop\/de\/product\/reinigungsschwaemme\/","url":"https:\/\/pool-house.shop\/de\/product\/reinigungsschwaemme\/","name":"Reinigungsschw\u00e4mme - Pool-House","isPartOf":{"@id":"https:\/\/pool-house.shop\/de\/#website"},"primaryImageOfPage":{"@id":"https:\/\/pool-house.shop\/de\/product\/reinigungsschwaemme\/#primaryimage"},"image":{"@id":"https:\/\/pool-house.shop\/de\/product\/reinigungsschwaemme\/#primaryimage"},"thumbnailUrl":"https:\/\/pool-house.shop\/wp-content\/uploads\/2025\/04\/140022.png","datePublished":"2025-04-08T10:18:59+00:00","breadcrumb":{"@id":"https:\/\/pool-house.shop\/de\/product\/reinigungsschwaemme\/#breadcrumb"},"inLanguage":"de","potentialAction":[{"@type":"ReadAction","target":["https:\/\/pool-house.shop\/de\/product\/reinigungsschwaemme\/"]}]},{"@type":"ImageObject","inLanguage":"de","@id":"https:\/\/pool-house.shop\/de\/product\/reinigungsschwaemme\/#primaryimage","url":"https:\/\/pool-house.shop\/wp-content\/uploads\/2025\/04\/140022.png","contentUrl":"https:\/\/pool-house.shop\/wp-content\/uploads\/2025\/04\/140022.png","width":1600,"height":1600},{"@type":"BreadcrumbList","@id":"https:\/\/pool-house.shop\/de\/product\/reinigungsschwaemme\/#breadcrumb","itemListElement":[{"@type":"ListItem","position":1,"name":"Domovsk\u00e1 str\u00e1nka","item":"https:\/\/pool-house.shop\/de\/"},{"@type":"ListItem","position":2,"name":"Shop","item":"https:\/\/pool-house.shop\/de\/shop\/"},{"@type":"ListItem","position":3,"name":"Reinigungsschw\u00e4mme"}]},{"@type":"WebSite","@id":"https:\/\/pool-house.shop\/de\/#website","url":"https:\/\/pool-house.shop\/de\/","name":"Pool-House","description":"","publisher":{"@id":"https:\/\/pool-house.shop\/de\/#organization"},"potentialAction":[{"@type":"SearchAction","target":{"@type":"EntryPoint","urlTemplate":"https:\/\/pool-house.shop\/de\/?s={search_term_string}"},"query-input":{"@type":"PropertyValueSpecification","valueRequired":true,"valueName":"search_term_string"}}],"inLanguage":"de"},{"@type":"Organization","@id":"https:\/\/pool-house.shop\/de\/#organization","name":"Pool-House","url":"https:\/\/pool-house.shop\/de\/","logo":{"@type":"ImageObject","inLanguage":"de","@id":"https:\/\/pool-house.shop\/de\/#\/schema\/logo\/image\/","url":"https:\/\/pool-house.shop\/wp-content\/uploads\/2025\/10\/logo-2-stvorec-mobil-modre.png","contentUrl":"https:\/\/pool-house.shop\/wp-content\/uploads\/2025\/10\/logo-2-stvorec-mobil-modre.png","width":273,"height":189,"caption":"Pool-House"},"image":{"@id":"https:\/\/pool-house.shop\/de\/#\/schema\/logo\/image\/"},"sameAs":["https:\/\/www.facebook.com\/termodomsk\/"]}]}},"_links":{"self":[{"href":"https:\/\/pool-house.shop\/de\/wp-json\/wp\/v2\/product\/11187","targetHints":{"allow":["GET"]}}],"collection":[{"href":"https:\/\/pool-house.shop\/de\/wp-json\/wp\/v2\/product"}],"about":[{"href":"https:\/\/pool-house.shop\/de\/wp-json\/wp\/v2\/types\/product"}],"wp:featuredmedia":[{"embeddable":true,"href":"https:\/\/pool-house.shop\/de\/wp-json\/wp\/v2\/media\/4022"}],"wp:attachment":[{"href":"https:\/\/pool-house.shop\/de\/wp-json\/wp\/v2\/media?parent=11187"}],"wp:term":[{"taxonomy":"product_brand","embeddable":true,"href":"https:\/\/pool-house.shop\/de\/wp-json\/wp\/v2\/product_brand?post=11187"},{"taxonomy":"product_cat","embeddable":true,"href":"https:\/\/pool-house.shop\/de\/wp-json\/wp\/v2\/product_cat?post=11187"},{"taxonomy":"product_tag","embeddable":true,"href":"https:\/\/pool-house.shop\/de\/wp-json\/wp\/v2\/product_tag?post=11187"}],"curies":[{"name":"wp","href":"https:\/\/api.w.org\/{rel}","templated":true}]}}