{"id":11191,"date":"2025-04-08T12:18:30","date_gmt":"2025-04-08T10:18:30","guid":{"rendered":"https:\/\/pool-house.shop\/product\/folienreparaturset-30-ml\/"},"modified":"2025-04-08T12:18:30","modified_gmt":"2025-04-08T10:18:30","slug":"folienreparaturset-30-ml","status":"publish","type":"product","link":"https:\/\/pool-house.shop\/de\/product\/folienreparaturset-30-ml\/","title":{"rendered":"Folienreparaturset 30 ml"},"content":{"rendered":"<p>Folienreparaturset<\/p>\n<p> Hochwertiges Spezialset zur Unterwasser-Folienreparatur, mit Tubenkleber. Das Set eignet sich f\u00fcr punktuelle, kleinere Reparaturen von PVC-Folienauskleidungen in Schwimmbecken.<br \/>\n F\u00fcr die Reparatur muss das Poolwasser nicht abgelassen werden, sodass der Kleber sowohl \u00fcber als auch unter Wasser verwendet werden kann. <\/p>\n<p> Anwendung<br \/>\n 1. Schneiden Sie aus der transparenten Folie die f\u00fcr die Reparatur ben\u00f6tigte Gr\u00f6\u00dfe zu.<br \/>\n  2. Tragen Sie den Kleber auf die zugeschnittene Folie auf.<br \/>\n  3. Legen Sie die Folie auf die besch\u00e4digte Stelle und dr\u00fccken Sie sie fest an!<br \/>\n  4. Das Wassergewicht h\u00e4lt diesen Bereich unter st\u00e4ndigem Druck.<br \/>\n + Im Falle eines Wasserwechsels kann es notwendig sein, die Reparatur zu wiederholen!<\/p>\n<p> Set-Inhalt<br \/>\n &#8211; Tubenkleber 30 ml &#8211; 1 Stk.<br \/>\n &#8211; 15,2 x 9,2 cm transparente Folie &#8211; 1 Stk.<br \/>\n &#8211; Pinsel zum Auftragen des Klebers &#8211; 1 Stk.<\/p>\n","protected":false},"excerpt":{"rendered":"<p>Folienreparaturset<\/p>\n<p> Hochwertiges Spezialset zur Unterwasser-Folienreparatur, mit Tubenkleber. Das Set eignet sich f\u00fcr punktuelle, kleinere Reparaturen von PVC-Folienauskleidungen in Schwimmbecken.<br \/>\n F\u00fcr die Reparatur muss das Poolwasser nicht abgelassen werden, sodass der Kleber sowohl \u00fcber als auch unter Wasser verwendet werden kann. <\/p>\n<p> Anwendung<br \/>\n 1. Schneiden Sie aus der transparenten Folie die f\u00fcr die Reparatur ben\u00f6tigte Gr\u00f6\u00dfe zu.<br \/>\n  2. Tragen Sie den Kleber auf die zugeschnittene Folie auf.<br \/>\n  3. Legen Sie die Folie auf die besch\u00e4digte Stelle und dr\u00fccken Sie sie fest an!<br \/>\n  4. Das Wassergewicht h\u00e4lt diesen Bereich unter st\u00e4ndigem Druck.<br \/>\n + Im Falle eines Wasserwechsels kann es notwendig sein, die Reparatur zu wiederholen!<\/p>\n<p> Set-Inhalt<br \/>\n &#8211; Tubenkleber 30 ml &#8211; 1 Stk.<br \/>\n &#8211; 15,2 x 9,2 cm transparente Folie &#8211; 1 Stk.<br \/>\n &#8211; Pinsel zum Auftragen des Klebers &#8211; 1 Stk.<\/p>\n","protected":false},"featured_media":3996,"template":"","meta":[],"product_brand":[],"product_cat":[272],"product_tag":[],"class_list":{"0":"post-11191","1":"product","2":"type-product","3":"status-publish","4":"has-post-thumbnail","6":"product_cat-zubehor_wartung","7":"thunk-woo-product-list","8":"open-woo-hover-none","9":"open-single-product-tab-horizontal","10":"open-shadow-","11":"open-shadow-hover-","13":"first","14":"instock","15":"taxable","16":"shipping-taxable","17":"purchasable","18":"product-type-simple"},"yoast_head":"<!-- This site is optimized with the Yoast SEO plugin v26.9 - https:\/\/yoast.com\/product\/yoast-seo-wordpress\/ -->\n<title>Folienreparaturset 30 ml - Pool-House<\/title>\n<meta name=\"robots\" content=\"index, follow, max-snippet:-1, max-image-preview:large, max-video-preview:-1\" \/>\n<link rel=\"canonical\" href=\"https:\/\/pool-house.shop\/de\/product\/folienreparaturset-30-ml\/\" \/>\n<meta property=\"og:locale\" content=\"de_DE\" \/>\n<meta property=\"og:type\" content=\"article\" \/>\n<meta property=\"og:title\" content=\"Folienreparaturset 30 ml - Pool-House\" \/>\n<meta property=\"og:description\" content=\"Folienreparaturset  Hochwertiges Spezialset zur Unterwasser-Folienreparatur, mit Tubenkleber. Das Set eignet sich f\u00fcr punktuelle, kleinere Reparaturen von PVC-Folienauskleidungen in Schwimmbecken.  F\u00fcr die Reparatur muss das Poolwasser nicht abgelassen werden, sodass der Kleber sowohl \u00fcber als auch unter Wasser verwendet werden kann.   Anwendung 1. Schneiden Sie aus der transparenten Folie die f\u00fcr die Reparatur ben\u00f6tigte Gr\u00f6\u00dfe zu.    2. Tragen Sie den Kleber auf die zugeschnittene Folie auf.  3. Legen Sie die Folie auf die besch\u00e4digte Stelle und dr\u00fccken Sie sie fest an!  4. Das Wassergewicht h\u00e4lt diesen Bereich unter st\u00e4ndigem Druck.  + Im Falle eines Wasserwechsels kann es notwendig sein, die Reparatur zu wiederholen!  Set-Inhalt - Tubenkleber 30 ml - 1 Stk. - 15,2 x 9,2 cm transparente Folie - 1 Stk. - Pinsel zum Auftragen des Klebers - 1 Stk.\" \/>\n<meta property=\"og:url\" content=\"https:\/\/pool-house.shop\/de\/product\/folienreparaturset-30-ml\/\" \/>\n<meta property=\"og:site_name\" content=\"Pool-House\" \/>\n<meta property=\"article:publisher\" content=\"https:\/\/www.facebook.com\/termodomsk\/\" \/>\n<meta property=\"og:image\" content=\"https:\/\/pool-house.shop\/wp-content\/uploads\/2025\/04\/140000.png\" \/>\n\t<meta property=\"og:image:width\" content=\"1600\" \/>\n\t<meta property=\"og:image:height\" content=\"1600\" \/>\n\t<meta property=\"og:image:type\" content=\"image\/png\" \/>\n<meta name=\"twitter:card\" content=\"summary_large_image\" \/>\n<meta name=\"twitter:label1\" content=\"Gesch\u00e4tzte Lesezeit\" \/>\n\t<meta name=\"twitter:data1\" content=\"1\u00a0Minute\" \/>\n<script type=\"application\/ld+json\" class=\"yoast-schema-graph\">{\"@context\":\"https:\/\/schema.org\",\"@graph\":[{\"@type\":\"WebPage\",\"@id\":\"https:\/\/pool-house.shop\/de\/product\/folienreparaturset-30-ml\/\",\"url\":\"https:\/\/pool-house.shop\/de\/product\/folienreparaturset-30-ml\/\",\"name\":\"Folienreparaturset 30 ml - Pool-House\",\"isPartOf\":{\"@id\":\"https:\/\/pool-house.shop\/de\/#website\"},\"primaryImageOfPage\":{\"@id\":\"https:\/\/pool-house.shop\/de\/product\/folienreparaturset-30-ml\/#primaryimage\"},\"image\":{\"@id\":\"https:\/\/pool-house.shop\/de\/product\/folienreparaturset-30-ml\/#primaryimage\"},\"thumbnailUrl\":\"https:\/\/pool-house.shop\/wp-content\/uploads\/2025\/04\/140000.png\",\"datePublished\":\"2025-04-08T10:18:30+00:00\",\"breadcrumb\":{\"@id\":\"https:\/\/pool-house.shop\/de\/product\/folienreparaturset-30-ml\/#breadcrumb\"},\"inLanguage\":\"de\",\"potentialAction\":[{\"@type\":\"ReadAction\",\"target\":[\"https:\/\/pool-house.shop\/de\/product\/folienreparaturset-30-ml\/\"]}]},{\"@type\":\"ImageObject\",\"inLanguage\":\"de\",\"@id\":\"https:\/\/pool-house.shop\/de\/product\/folienreparaturset-30-ml\/#primaryimage\",\"url\":\"https:\/\/pool-house.shop\/wp-content\/uploads\/2025\/04\/140000.png\",\"contentUrl\":\"https:\/\/pool-house.shop\/wp-content\/uploads\/2025\/04\/140000.png\",\"width\":1600,\"height\":1600},{\"@type\":\"BreadcrumbList\",\"@id\":\"https:\/\/pool-house.shop\/de\/product\/folienreparaturset-30-ml\/#breadcrumb\",\"itemListElement\":[{\"@type\":\"ListItem\",\"position\":1,\"name\":\"Domovsk\u00e1 str\u00e1nka\",\"item\":\"https:\/\/pool-house.shop\/de\/\"},{\"@type\":\"ListItem\",\"position\":2,\"name\":\"Shop\",\"item\":\"https:\/\/pool-house.shop\/de\/shop\/\"},{\"@type\":\"ListItem\",\"position\":3,\"name\":\"Folienreparaturset 30 ml\"}]},{\"@type\":\"WebSite\",\"@id\":\"https:\/\/pool-house.shop\/de\/#website\",\"url\":\"https:\/\/pool-house.shop\/de\/\",\"name\":\"Pool-House\",\"description\":\"\",\"publisher\":{\"@id\":\"https:\/\/pool-house.shop\/de\/#organization\"},\"potentialAction\":[{\"@type\":\"SearchAction\",\"target\":{\"@type\":\"EntryPoint\",\"urlTemplate\":\"https:\/\/pool-house.shop\/de\/?s={search_term_string}\"},\"query-input\":{\"@type\":\"PropertyValueSpecification\",\"valueRequired\":true,\"valueName\":\"search_term_string\"}}],\"inLanguage\":\"de\"},{\"@type\":\"Organization\",\"@id\":\"https:\/\/pool-house.shop\/de\/#organization\",\"name\":\"Pool-House\",\"url\":\"https:\/\/pool-house.shop\/de\/\",\"logo\":{\"@type\":\"ImageObject\",\"inLanguage\":\"de\",\"@id\":\"https:\/\/pool-house.shop\/de\/#\/schema\/logo\/image\/\",\"url\":\"https:\/\/pool-house.shop\/wp-content\/uploads\/2025\/10\/logo-2-stvorec-mobil-modre.png\",\"contentUrl\":\"https:\/\/pool-house.shop\/wp-content\/uploads\/2025\/10\/logo-2-stvorec-mobil-modre.png\",\"width\":273,\"height\":189,\"caption\":\"Pool-House\"},\"image\":{\"@id\":\"https:\/\/pool-house.shop\/de\/#\/schema\/logo\/image\/\"},\"sameAs\":[\"https:\/\/www.facebook.com\/termodomsk\/\"]}]}<\/script>\n<!-- \/ Yoast SEO plugin. -->","yoast_head_json":{"title":"Folienreparaturset 30 ml - Pool-House","robots":{"index":"index","follow":"follow","max-snippet":"max-snippet:-1","max-image-preview":"max-image-preview:large","max-video-preview":"max-video-preview:-1"},"canonical":"https:\/\/pool-house.shop\/de\/product\/folienreparaturset-30-ml\/","og_locale":"de_DE","og_type":"article","og_title":"Folienreparaturset 30 ml - Pool-House","og_description":"Folienreparaturset  Hochwertiges Spezialset zur Unterwasser-Folienreparatur, mit Tubenkleber. Das Set eignet sich f\u00fcr punktuelle, kleinere Reparaturen von PVC-Folienauskleidungen in Schwimmbecken.  F\u00fcr die Reparatur muss das Poolwasser nicht abgelassen werden, sodass der Kleber sowohl \u00fcber als auch unter Wasser verwendet werden kann.   Anwendung 1. Schneiden Sie aus der transparenten Folie die f\u00fcr die Reparatur ben\u00f6tigte Gr\u00f6\u00dfe zu.    2. Tragen Sie den Kleber auf die zugeschnittene Folie auf.  3. Legen Sie die Folie auf die besch\u00e4digte Stelle und dr\u00fccken Sie sie fest an!  4. Das Wassergewicht h\u00e4lt diesen Bereich unter st\u00e4ndigem Druck.  + Im Falle eines Wasserwechsels kann es notwendig sein, die Reparatur zu wiederholen!  Set-Inhalt - Tubenkleber 30 ml - 1 Stk. - 15,2 x 9,2 cm transparente Folie - 1 Stk. - Pinsel zum Auftragen des Klebers - 1 Stk.","og_url":"https:\/\/pool-house.shop\/de\/product\/folienreparaturset-30-ml\/","og_site_name":"Pool-House","article_publisher":"https:\/\/www.facebook.com\/termodomsk\/","og_image":[{"width":1600,"height":1600,"url":"https:\/\/pool-house.shop\/wp-content\/uploads\/2025\/04\/140000.png","type":"image\/png"}],"twitter_card":"summary_large_image","twitter_misc":{"Gesch\u00e4tzte Lesezeit":"1\u00a0Minute"},"schema":{"@context":"https:\/\/schema.org","@graph":[{"@type":"WebPage","@id":"https:\/\/pool-house.shop\/de\/product\/folienreparaturset-30-ml\/","url":"https:\/\/pool-house.shop\/de\/product\/folienreparaturset-30-ml\/","name":"Folienreparaturset 30 ml - Pool-House","isPartOf":{"@id":"https:\/\/pool-house.shop\/de\/#website"},"primaryImageOfPage":{"@id":"https:\/\/pool-house.shop\/de\/product\/folienreparaturset-30-ml\/#primaryimage"},"image":{"@id":"https:\/\/pool-house.shop\/de\/product\/folienreparaturset-30-ml\/#primaryimage"},"thumbnailUrl":"https:\/\/pool-house.shop\/wp-content\/uploads\/2025\/04\/140000.png","datePublished":"2025-04-08T10:18:30+00:00","breadcrumb":{"@id":"https:\/\/pool-house.shop\/de\/product\/folienreparaturset-30-ml\/#breadcrumb"},"inLanguage":"de","potentialAction":[{"@type":"ReadAction","target":["https:\/\/pool-house.shop\/de\/product\/folienreparaturset-30-ml\/"]}]},{"@type":"ImageObject","inLanguage":"de","@id":"https:\/\/pool-house.shop\/de\/product\/folienreparaturset-30-ml\/#primaryimage","url":"https:\/\/pool-house.shop\/wp-content\/uploads\/2025\/04\/140000.png","contentUrl":"https:\/\/pool-house.shop\/wp-content\/uploads\/2025\/04\/140000.png","width":1600,"height":1600},{"@type":"BreadcrumbList","@id":"https:\/\/pool-house.shop\/de\/product\/folienreparaturset-30-ml\/#breadcrumb","itemListElement":[{"@type":"ListItem","position":1,"name":"Domovsk\u00e1 str\u00e1nka","item":"https:\/\/pool-house.shop\/de\/"},{"@type":"ListItem","position":2,"name":"Shop","item":"https:\/\/pool-house.shop\/de\/shop\/"},{"@type":"ListItem","position":3,"name":"Folienreparaturset 30 ml"}]},{"@type":"WebSite","@id":"https:\/\/pool-house.shop\/de\/#website","url":"https:\/\/pool-house.shop\/de\/","name":"Pool-House","description":"","publisher":{"@id":"https:\/\/pool-house.shop\/de\/#organization"},"potentialAction":[{"@type":"SearchAction","target":{"@type":"EntryPoint","urlTemplate":"https:\/\/pool-house.shop\/de\/?s={search_term_string}"},"query-input":{"@type":"PropertyValueSpecification","valueRequired":true,"valueName":"search_term_string"}}],"inLanguage":"de"},{"@type":"Organization","@id":"https:\/\/pool-house.shop\/de\/#organization","name":"Pool-House","url":"https:\/\/pool-house.shop\/de\/","logo":{"@type":"ImageObject","inLanguage":"de","@id":"https:\/\/pool-house.shop\/de\/#\/schema\/logo\/image\/","url":"https:\/\/pool-house.shop\/wp-content\/uploads\/2025\/10\/logo-2-stvorec-mobil-modre.png","contentUrl":"https:\/\/pool-house.shop\/wp-content\/uploads\/2025\/10\/logo-2-stvorec-mobil-modre.png","width":273,"height":189,"caption":"Pool-House"},"image":{"@id":"https:\/\/pool-house.shop\/de\/#\/schema\/logo\/image\/"},"sameAs":["https:\/\/www.facebook.com\/termodomsk\/"]}]}},"_links":{"self":[{"href":"https:\/\/pool-house.shop\/de\/wp-json\/wp\/v2\/product\/11191","targetHints":{"allow":["GET"]}}],"collection":[{"href":"https:\/\/pool-house.shop\/de\/wp-json\/wp\/v2\/product"}],"about":[{"href":"https:\/\/pool-house.shop\/de\/wp-json\/wp\/v2\/types\/product"}],"wp:featuredmedia":[{"embeddable":true,"href":"https:\/\/pool-house.shop\/de\/wp-json\/wp\/v2\/media\/3996"}],"wp:attachment":[{"href":"https:\/\/pool-house.shop\/de\/wp-json\/wp\/v2\/media?parent=11191"}],"wp:term":[{"taxonomy":"product_brand","embeddable":true,"href":"https:\/\/pool-house.shop\/de\/wp-json\/wp\/v2\/product_brand?post=11191"},{"taxonomy":"product_cat","embeddable":true,"href":"https:\/\/pool-house.shop\/de\/wp-json\/wp\/v2\/product_cat?post=11191"},{"taxonomy":"product_tag","embeddable":true,"href":"https:\/\/pool-house.shop\/de\/wp-json\/wp\/v2\/product_tag?post=11191"}],"curies":[{"name":"wp","href":"https:\/\/api.w.org\/{rel}","templated":true}]}}