{"id":11194,"date":"2025-04-08T12:18:33","date_gmt":"2025-04-08T10:18:33","guid":{"rendered":"https:\/\/pool-house.shop\/product\/netz-gehaeuse-basic\/"},"modified":"2025-04-08T12:18:33","modified_gmt":"2025-04-08T10:18:33","slug":"netz-gehaeuse-basic","status":"publish","type":"product","link":"https:\/\/pool-house.shop\/de\/product\/netz-gehaeuse-basic\/","title":{"rendered":"Netz, Geh\u00e4use, Basic"},"content":{"rendered":"<p>Basisnetz<\/p>\n<p> Hochwertiges, \u00e4sthetisches Netz. Ein unverzichtbares Zubeh\u00f6r f\u00fcr die manuelle Poolreinigung, das das Eindringen von Schmutz ins Wasser verhindert. Dieses Netz ist ideal zum einfachen Aufsammeln von Bl\u00e4ttern, schwimmendem Gartenschmutz und leichtem Kinderspielzeug. Es ist mit einem Aluminiumrahmen, einem verst\u00e4rkten Polycarbonatgriff und einem strapazierf\u00e4higen Netz ausgestattet.<br \/>\n Dank seines leicht anzubringenden Designs passt es auf jede Standard-Teleskopstange.<\/p>\n","protected":false},"excerpt":{"rendered":"<p>Basisnetz<\/p>\n<p> Hochwertiges, \u00e4sthetisches Netz. Ein unverzichtbares Zubeh\u00f6r f\u00fcr die manuelle Poolreinigung, das das Eindringen von Schmutz ins Wasser verhindert. Dieses Netz ist ideal zum einfachen Aufsammeln von Bl\u00e4ttern, schwimmendem Gartenschmutz und leichtem Kinderspielzeug. Es ist mit einem Aluminiumrahmen, einem verst\u00e4rkten Polycarbonatgriff und einem strapazierf\u00e4higen Netz ausgestattet.<br \/>\n Dank seines leicht anzubringenden Designs passt es auf jede Standard-Teleskopstange.<\/p>\n","protected":false},"featured_media":3998,"template":"","meta":[],"product_brand":[],"product_cat":[272],"product_tag":[],"class_list":{"0":"post-11194","1":"product","2":"type-product","3":"status-publish","4":"has-post-thumbnail","6":"product_cat-zubehor_wartung","7":"thunk-woo-product-list","8":"open-woo-hover-none","9":"open-single-product-tab-horizontal","10":"open-shadow-","11":"open-shadow-hover-","13":"first","14":"instock","15":"taxable","16":"shipping-taxable","17":"purchasable","18":"product-type-simple"},"yoast_head":"<!-- This site is optimized with the Yoast SEO plugin v26.9 - https:\/\/yoast.com\/product\/yoast-seo-wordpress\/ -->\n<title>Netz, Geh\u00e4use, Basic - Pool-House<\/title>\n<meta name=\"robots\" content=\"index, follow, max-snippet:-1, max-image-preview:large, max-video-preview:-1\" \/>\n<link rel=\"canonical\" href=\"https:\/\/pool-house.shop\/de\/product\/netz-gehaeuse-basic\/\" \/>\n<meta property=\"og:locale\" content=\"de_DE\" \/>\n<meta property=\"og:type\" content=\"article\" \/>\n<meta property=\"og:title\" content=\"Netz, Geh\u00e4use, Basic - Pool-House\" \/>\n<meta property=\"og:description\" content=\"Basisnetz  Hochwertiges, \u00e4sthetisches Netz. Ein unverzichtbares Zubeh\u00f6r f\u00fcr die manuelle Poolreinigung, das das Eindringen von Schmutz ins Wasser verhindert. Dieses Netz ist ideal zum einfachen Aufsammeln von Bl\u00e4ttern, schwimmendem Gartenschmutz und leichtem Kinderspielzeug. Es ist mit einem Aluminiumrahmen, einem verst\u00e4rkten Polycarbonatgriff und einem strapazierf\u00e4higen Netz ausgestattet.   Dank seines leicht anzubringenden Designs passt es auf jede Standard-Teleskopstange.\" \/>\n<meta property=\"og:url\" content=\"https:\/\/pool-house.shop\/de\/product\/netz-gehaeuse-basic\/\" \/>\n<meta property=\"og:site_name\" content=\"Pool-House\" \/>\n<meta property=\"article:publisher\" content=\"https:\/\/www.facebook.com\/termodomsk\/\" \/>\n<meta property=\"og:image\" content=\"https:\/\/pool-house.shop\/wp-content\/uploads\/2025\/04\/140001.png\" \/>\n\t<meta property=\"og:image:width\" content=\"1600\" \/>\n\t<meta property=\"og:image:height\" content=\"1600\" \/>\n\t<meta property=\"og:image:type\" content=\"image\/png\" \/>\n<meta name=\"twitter:card\" content=\"summary_large_image\" \/>\n<script type=\"application\/ld+json\" class=\"yoast-schema-graph\">{\"@context\":\"https:\/\/schema.org\",\"@graph\":[{\"@type\":\"WebPage\",\"@id\":\"https:\/\/pool-house.shop\/de\/product\/netz-gehaeuse-basic\/\",\"url\":\"https:\/\/pool-house.shop\/de\/product\/netz-gehaeuse-basic\/\",\"name\":\"Netz, Geh\u00e4use, Basic - Pool-House\",\"isPartOf\":{\"@id\":\"https:\/\/pool-house.shop\/de\/#website\"},\"primaryImageOfPage\":{\"@id\":\"https:\/\/pool-house.shop\/de\/product\/netz-gehaeuse-basic\/#primaryimage\"},\"image\":{\"@id\":\"https:\/\/pool-house.shop\/de\/product\/netz-gehaeuse-basic\/#primaryimage\"},\"thumbnailUrl\":\"https:\/\/pool-house.shop\/wp-content\/uploads\/2025\/04\/140001.png\",\"datePublished\":\"2025-04-08T10:18:33+00:00\",\"breadcrumb\":{\"@id\":\"https:\/\/pool-house.shop\/de\/product\/netz-gehaeuse-basic\/#breadcrumb\"},\"inLanguage\":\"de\",\"potentialAction\":[{\"@type\":\"ReadAction\",\"target\":[\"https:\/\/pool-house.shop\/de\/product\/netz-gehaeuse-basic\/\"]}]},{\"@type\":\"ImageObject\",\"inLanguage\":\"de\",\"@id\":\"https:\/\/pool-house.shop\/de\/product\/netz-gehaeuse-basic\/#primaryimage\",\"url\":\"https:\/\/pool-house.shop\/wp-content\/uploads\/2025\/04\/140001.png\",\"contentUrl\":\"https:\/\/pool-house.shop\/wp-content\/uploads\/2025\/04\/140001.png\",\"width\":1600,\"height\":1600},{\"@type\":\"BreadcrumbList\",\"@id\":\"https:\/\/pool-house.shop\/de\/product\/netz-gehaeuse-basic\/#breadcrumb\",\"itemListElement\":[{\"@type\":\"ListItem\",\"position\":1,\"name\":\"Domovsk\u00e1 str\u00e1nka\",\"item\":\"https:\/\/pool-house.shop\/de\/\"},{\"@type\":\"ListItem\",\"position\":2,\"name\":\"Shop\",\"item\":\"https:\/\/pool-house.shop\/de\/shop\/\"},{\"@type\":\"ListItem\",\"position\":3,\"name\":\"Netz, Geh\u00e4use, Basic\"}]},{\"@type\":\"WebSite\",\"@id\":\"https:\/\/pool-house.shop\/de\/#website\",\"url\":\"https:\/\/pool-house.shop\/de\/\",\"name\":\"Pool-House\",\"description\":\"\",\"publisher\":{\"@id\":\"https:\/\/pool-house.shop\/de\/#organization\"},\"potentialAction\":[{\"@type\":\"SearchAction\",\"target\":{\"@type\":\"EntryPoint\",\"urlTemplate\":\"https:\/\/pool-house.shop\/de\/?s={search_term_string}\"},\"query-input\":{\"@type\":\"PropertyValueSpecification\",\"valueRequired\":true,\"valueName\":\"search_term_string\"}}],\"inLanguage\":\"de\"},{\"@type\":\"Organization\",\"@id\":\"https:\/\/pool-house.shop\/de\/#organization\",\"name\":\"Pool-House\",\"url\":\"https:\/\/pool-house.shop\/de\/\",\"logo\":{\"@type\":\"ImageObject\",\"inLanguage\":\"de\",\"@id\":\"https:\/\/pool-house.shop\/de\/#\/schema\/logo\/image\/\",\"url\":\"https:\/\/pool-house.shop\/wp-content\/uploads\/2025\/10\/logo-2-stvorec-mobil-modre.png\",\"contentUrl\":\"https:\/\/pool-house.shop\/wp-content\/uploads\/2025\/10\/logo-2-stvorec-mobil-modre.png\",\"width\":273,\"height\":189,\"caption\":\"Pool-House\"},\"image\":{\"@id\":\"https:\/\/pool-house.shop\/de\/#\/schema\/logo\/image\/\"},\"sameAs\":[\"https:\/\/www.facebook.com\/termodomsk\/\"]}]}<\/script>\n<!-- \/ Yoast SEO plugin. -->","yoast_head_json":{"title":"Netz, Geh\u00e4use, Basic - Pool-House","robots":{"index":"index","follow":"follow","max-snippet":"max-snippet:-1","max-image-preview":"max-image-preview:large","max-video-preview":"max-video-preview:-1"},"canonical":"https:\/\/pool-house.shop\/de\/product\/netz-gehaeuse-basic\/","og_locale":"de_DE","og_type":"article","og_title":"Netz, Geh\u00e4use, Basic - Pool-House","og_description":"Basisnetz  Hochwertiges, \u00e4sthetisches Netz. Ein unverzichtbares Zubeh\u00f6r f\u00fcr die manuelle Poolreinigung, das das Eindringen von Schmutz ins Wasser verhindert. Dieses Netz ist ideal zum einfachen Aufsammeln von Bl\u00e4ttern, schwimmendem Gartenschmutz und leichtem Kinderspielzeug. Es ist mit einem Aluminiumrahmen, einem verst\u00e4rkten Polycarbonatgriff und einem strapazierf\u00e4higen Netz ausgestattet.   Dank seines leicht anzubringenden Designs passt es auf jede Standard-Teleskopstange.","og_url":"https:\/\/pool-house.shop\/de\/product\/netz-gehaeuse-basic\/","og_site_name":"Pool-House","article_publisher":"https:\/\/www.facebook.com\/termodomsk\/","og_image":[{"width":1600,"height":1600,"url":"https:\/\/pool-house.shop\/wp-content\/uploads\/2025\/04\/140001.png","type":"image\/png"}],"twitter_card":"summary_large_image","schema":{"@context":"https:\/\/schema.org","@graph":[{"@type":"WebPage","@id":"https:\/\/pool-house.shop\/de\/product\/netz-gehaeuse-basic\/","url":"https:\/\/pool-house.shop\/de\/product\/netz-gehaeuse-basic\/","name":"Netz, Geh\u00e4use, Basic - Pool-House","isPartOf":{"@id":"https:\/\/pool-house.shop\/de\/#website"},"primaryImageOfPage":{"@id":"https:\/\/pool-house.shop\/de\/product\/netz-gehaeuse-basic\/#primaryimage"},"image":{"@id":"https:\/\/pool-house.shop\/de\/product\/netz-gehaeuse-basic\/#primaryimage"},"thumbnailUrl":"https:\/\/pool-house.shop\/wp-content\/uploads\/2025\/04\/140001.png","datePublished":"2025-04-08T10:18:33+00:00","breadcrumb":{"@id":"https:\/\/pool-house.shop\/de\/product\/netz-gehaeuse-basic\/#breadcrumb"},"inLanguage":"de","potentialAction":[{"@type":"ReadAction","target":["https:\/\/pool-house.shop\/de\/product\/netz-gehaeuse-basic\/"]}]},{"@type":"ImageObject","inLanguage":"de","@id":"https:\/\/pool-house.shop\/de\/product\/netz-gehaeuse-basic\/#primaryimage","url":"https:\/\/pool-house.shop\/wp-content\/uploads\/2025\/04\/140001.png","contentUrl":"https:\/\/pool-house.shop\/wp-content\/uploads\/2025\/04\/140001.png","width":1600,"height":1600},{"@type":"BreadcrumbList","@id":"https:\/\/pool-house.shop\/de\/product\/netz-gehaeuse-basic\/#breadcrumb","itemListElement":[{"@type":"ListItem","position":1,"name":"Domovsk\u00e1 str\u00e1nka","item":"https:\/\/pool-house.shop\/de\/"},{"@type":"ListItem","position":2,"name":"Shop","item":"https:\/\/pool-house.shop\/de\/shop\/"},{"@type":"ListItem","position":3,"name":"Netz, Geh\u00e4use, Basic"}]},{"@type":"WebSite","@id":"https:\/\/pool-house.shop\/de\/#website","url":"https:\/\/pool-house.shop\/de\/","name":"Pool-House","description":"","publisher":{"@id":"https:\/\/pool-house.shop\/de\/#organization"},"potentialAction":[{"@type":"SearchAction","target":{"@type":"EntryPoint","urlTemplate":"https:\/\/pool-house.shop\/de\/?s={search_term_string}"},"query-input":{"@type":"PropertyValueSpecification","valueRequired":true,"valueName":"search_term_string"}}],"inLanguage":"de"},{"@type":"Organization","@id":"https:\/\/pool-house.shop\/de\/#organization","name":"Pool-House","url":"https:\/\/pool-house.shop\/de\/","logo":{"@type":"ImageObject","inLanguage":"de","@id":"https:\/\/pool-house.shop\/de\/#\/schema\/logo\/image\/","url":"https:\/\/pool-house.shop\/wp-content\/uploads\/2025\/10\/logo-2-stvorec-mobil-modre.png","contentUrl":"https:\/\/pool-house.shop\/wp-content\/uploads\/2025\/10\/logo-2-stvorec-mobil-modre.png","width":273,"height":189,"caption":"Pool-House"},"image":{"@id":"https:\/\/pool-house.shop\/de\/#\/schema\/logo\/image\/"},"sameAs":["https:\/\/www.facebook.com\/termodomsk\/"]}]}},"_links":{"self":[{"href":"https:\/\/pool-house.shop\/de\/wp-json\/wp\/v2\/product\/11194","targetHints":{"allow":["GET"]}}],"collection":[{"href":"https:\/\/pool-house.shop\/de\/wp-json\/wp\/v2\/product"}],"about":[{"href":"https:\/\/pool-house.shop\/de\/wp-json\/wp\/v2\/types\/product"}],"wp:featuredmedia":[{"embeddable":true,"href":"https:\/\/pool-house.shop\/de\/wp-json\/wp\/v2\/media\/3998"}],"wp:attachment":[{"href":"https:\/\/pool-house.shop\/de\/wp-json\/wp\/v2\/media?parent=11194"}],"wp:term":[{"taxonomy":"product_brand","embeddable":true,"href":"https:\/\/pool-house.shop\/de\/wp-json\/wp\/v2\/product_brand?post=11194"},{"taxonomy":"product_cat","embeddable":true,"href":"https:\/\/pool-house.shop\/de\/wp-json\/wp\/v2\/product_cat?post=11194"},{"taxonomy":"product_tag","embeddable":true,"href":"https:\/\/pool-house.shop\/de\/wp-json\/wp\/v2\/product_tag?post=11194"}],"curies":[{"name":"wp","href":"https:\/\/api.w.org\/{rel}","templated":true}]}}