{"id":11227,"date":"2025-04-08T12:17:53","date_gmt":"2025-04-08T10:17:53","guid":{"rendered":"https:\/\/pool-house.shop\/product\/abnehmbare-schachtabdeckung-600-12-aisi304\/"},"modified":"2025-04-08T12:17:53","modified_gmt":"2025-04-08T10:17:53","slug":"abnehmbare-schachtabdeckung-600-12-aisi304","status":"publish","type":"product","link":"https:\/\/pool-house.shop\/de\/product\/abnehmbare-schachtabdeckung-600-12-aisi304\/","title":{"rendered":"Abnehmbare Schachtabdeckung 600\/12 AISI304"},"content":{"rendered":"<p>Edelstahl-Schachtabdeckung<\/p>\n<p> Edelstahl-Schachtabdeckung mit s\u00e4urebest\u00e4ndigen Gasfedern. Mit einer 12 mm tiefen Wanne, die mit einer Kunstharzgrundierung und Sandstrahlung f\u00fcr gute Haftung versehen ist.<br \/>\n 58 mm unterhalb des horizontalen Teils des Geh\u00e4uses befindet sich der Boden der internen Entw\u00e4sserungsrinne.<\/p>\n<p> Eigenschaften<br \/>\n &#8211; Beton\u00f6ffnung: 600 x 600 mm<br \/>\n &#8211; Wannentiefe: 12 mm <\/p>\n","protected":false},"excerpt":{"rendered":"<p>Edelstahl-Schachtabdeckung<\/p>\n<p> Edelstahl-Schachtabdeckung mit s\u00e4urebest\u00e4ndigen Gasfedern. Mit einer 12 mm tiefen Wanne, die mit einer Kunstharzgrundierung und Sandstrahlung f\u00fcr gute Haftung versehen ist.<br \/>\n 58 mm unterhalb des horizontalen Teils des Geh\u00e4uses befindet sich der Boden der internen Entw\u00e4sserungsrinne.<\/p>\n<p> Eigenschaften<br \/>\n &#8211; Beton\u00f6ffnung: 600 x 600 mm<br \/>\n &#8211; Wannentiefe: 12 mm <\/p>\n","protected":false},"featured_media":3930,"template":"","meta":[],"product_brand":[],"product_cat":[240],"product_tag":[],"class_list":{"0":"post-11227","1":"product","2":"type-product","3":"status-publish","4":"has-post-thumbnail","6":"product_cat-poolumgebung","7":"thunk-woo-product-list","8":"open-woo-hover-none","9":"open-single-product-tab-horizontal","10":"open-shadow-","11":"open-shadow-hover-","13":"first","14":"instock","15":"taxable","16":"shipping-taxable","17":"purchasable","18":"product-type-simple"},"yoast_head":"<!-- This site is optimized with the Yoast SEO plugin v26.9 - https:\/\/yoast.com\/product\/yoast-seo-wordpress\/ -->\n<title>Abnehmbare Schachtabdeckung 600\/12 AISI304 - Pool-House<\/title>\n<meta name=\"robots\" content=\"index, follow, max-snippet:-1, max-image-preview:large, max-video-preview:-1\" \/>\n<link rel=\"canonical\" href=\"https:\/\/pool-house.shop\/de\/product\/abnehmbare-schachtabdeckung-600-12-aisi304\/\" \/>\n<meta property=\"og:locale\" content=\"de_DE\" \/>\n<meta property=\"og:type\" content=\"article\" \/>\n<meta property=\"og:title\" content=\"Abnehmbare Schachtabdeckung 600\/12 AISI304 - Pool-House\" \/>\n<meta property=\"og:description\" content=\"Edelstahl-Schachtabdeckung  Edelstahl-Schachtabdeckung mit s\u00e4urebest\u00e4ndigen Gasfedern. Mit einer 12 mm tiefen Wanne, die mit einer Kunstharzgrundierung und Sandstrahlung f\u00fcr gute Haftung versehen ist.  58 mm unterhalb des horizontalen Teils des Geh\u00e4uses befindet sich der Boden der internen Entw\u00e4sserungsrinne.  Eigenschaften - Beton\u00f6ffnung: 600 x 600 mm - Wannentiefe: 12 mm\" \/>\n<meta property=\"og:url\" content=\"https:\/\/pool-house.shop\/de\/product\/abnehmbare-schachtabdeckung-600-12-aisi304\/\" \/>\n<meta property=\"og:site_name\" content=\"Pool-House\" \/>\n<meta property=\"article:publisher\" content=\"https:\/\/www.facebook.com\/termodomsk\/\" \/>\n<meta property=\"og:image\" content=\"https:\/\/pool-house.shop\/wp-content\/uploads\/2025\/04\/127600.png\" \/>\n\t<meta property=\"og:image:width\" content=\"508\" \/>\n\t<meta property=\"og:image:height\" content=\"758\" \/>\n\t<meta property=\"og:image:type\" content=\"image\/png\" \/>\n<meta name=\"twitter:card\" content=\"summary_large_image\" \/>\n<script type=\"application\/ld+json\" class=\"yoast-schema-graph\">{\"@context\":\"https:\/\/schema.org\",\"@graph\":[{\"@type\":\"WebPage\",\"@id\":\"https:\/\/pool-house.shop\/de\/product\/abnehmbare-schachtabdeckung-600-12-aisi304\/\",\"url\":\"https:\/\/pool-house.shop\/de\/product\/abnehmbare-schachtabdeckung-600-12-aisi304\/\",\"name\":\"Abnehmbare Schachtabdeckung 600\/12 AISI304 - Pool-House\",\"isPartOf\":{\"@id\":\"https:\/\/pool-house.shop\/de\/#website\"},\"primaryImageOfPage\":{\"@id\":\"https:\/\/pool-house.shop\/de\/product\/abnehmbare-schachtabdeckung-600-12-aisi304\/#primaryimage\"},\"image\":{\"@id\":\"https:\/\/pool-house.shop\/de\/product\/abnehmbare-schachtabdeckung-600-12-aisi304\/#primaryimage\"},\"thumbnailUrl\":\"https:\/\/pool-house.shop\/wp-content\/uploads\/2025\/04\/127600.png\",\"datePublished\":\"2025-04-08T10:17:53+00:00\",\"breadcrumb\":{\"@id\":\"https:\/\/pool-house.shop\/de\/product\/abnehmbare-schachtabdeckung-600-12-aisi304\/#breadcrumb\"},\"inLanguage\":\"de\",\"potentialAction\":[{\"@type\":\"ReadAction\",\"target\":[\"https:\/\/pool-house.shop\/de\/product\/abnehmbare-schachtabdeckung-600-12-aisi304\/\"]}]},{\"@type\":\"ImageObject\",\"inLanguage\":\"de\",\"@id\":\"https:\/\/pool-house.shop\/de\/product\/abnehmbare-schachtabdeckung-600-12-aisi304\/#primaryimage\",\"url\":\"https:\/\/pool-house.shop\/wp-content\/uploads\/2025\/04\/127600.png\",\"contentUrl\":\"https:\/\/pool-house.shop\/wp-content\/uploads\/2025\/04\/127600.png\",\"width\":508,\"height\":758},{\"@type\":\"BreadcrumbList\",\"@id\":\"https:\/\/pool-house.shop\/de\/product\/abnehmbare-schachtabdeckung-600-12-aisi304\/#breadcrumb\",\"itemListElement\":[{\"@type\":\"ListItem\",\"position\":1,\"name\":\"Domovsk\u00e1 str\u00e1nka\",\"item\":\"https:\/\/pool-house.shop\/de\/\"},{\"@type\":\"ListItem\",\"position\":2,\"name\":\"Shop\",\"item\":\"https:\/\/pool-house.shop\/de\/shop\/\"},{\"@type\":\"ListItem\",\"position\":3,\"name\":\"Abnehmbare Schachtabdeckung 600\/12 AISI304\"}]},{\"@type\":\"WebSite\",\"@id\":\"https:\/\/pool-house.shop\/de\/#website\",\"url\":\"https:\/\/pool-house.shop\/de\/\",\"name\":\"Pool-House\",\"description\":\"\",\"publisher\":{\"@id\":\"https:\/\/pool-house.shop\/de\/#organization\"},\"potentialAction\":[{\"@type\":\"SearchAction\",\"target\":{\"@type\":\"EntryPoint\",\"urlTemplate\":\"https:\/\/pool-house.shop\/de\/?s={search_term_string}\"},\"query-input\":{\"@type\":\"PropertyValueSpecification\",\"valueRequired\":true,\"valueName\":\"search_term_string\"}}],\"inLanguage\":\"de\"},{\"@type\":\"Organization\",\"@id\":\"https:\/\/pool-house.shop\/de\/#organization\",\"name\":\"Pool-House\",\"url\":\"https:\/\/pool-house.shop\/de\/\",\"logo\":{\"@type\":\"ImageObject\",\"inLanguage\":\"de\",\"@id\":\"https:\/\/pool-house.shop\/de\/#\/schema\/logo\/image\/\",\"url\":\"https:\/\/pool-house.shop\/wp-content\/uploads\/2025\/10\/logo-2-stvorec-mobil-modre.png\",\"contentUrl\":\"https:\/\/pool-house.shop\/wp-content\/uploads\/2025\/10\/logo-2-stvorec-mobil-modre.png\",\"width\":273,\"height\":189,\"caption\":\"Pool-House\"},\"image\":{\"@id\":\"https:\/\/pool-house.shop\/de\/#\/schema\/logo\/image\/\"},\"sameAs\":[\"https:\/\/www.facebook.com\/termodomsk\/\"]}]}<\/script>\n<!-- \/ Yoast SEO plugin. -->","yoast_head_json":{"title":"Abnehmbare Schachtabdeckung 600\/12 AISI304 - Pool-House","robots":{"index":"index","follow":"follow","max-snippet":"max-snippet:-1","max-image-preview":"max-image-preview:large","max-video-preview":"max-video-preview:-1"},"canonical":"https:\/\/pool-house.shop\/de\/product\/abnehmbare-schachtabdeckung-600-12-aisi304\/","og_locale":"de_DE","og_type":"article","og_title":"Abnehmbare Schachtabdeckung 600\/12 AISI304 - Pool-House","og_description":"Edelstahl-Schachtabdeckung  Edelstahl-Schachtabdeckung mit s\u00e4urebest\u00e4ndigen Gasfedern. Mit einer 12 mm tiefen Wanne, die mit einer Kunstharzgrundierung und Sandstrahlung f\u00fcr gute Haftung versehen ist.  58 mm unterhalb des horizontalen Teils des Geh\u00e4uses befindet sich der Boden der internen Entw\u00e4sserungsrinne.  Eigenschaften - Beton\u00f6ffnung: 600 x 600 mm - Wannentiefe: 12 mm","og_url":"https:\/\/pool-house.shop\/de\/product\/abnehmbare-schachtabdeckung-600-12-aisi304\/","og_site_name":"Pool-House","article_publisher":"https:\/\/www.facebook.com\/termodomsk\/","og_image":[{"width":508,"height":758,"url":"https:\/\/pool-house.shop\/wp-content\/uploads\/2025\/04\/127600.png","type":"image\/png"}],"twitter_card":"summary_large_image","schema":{"@context":"https:\/\/schema.org","@graph":[{"@type":"WebPage","@id":"https:\/\/pool-house.shop\/de\/product\/abnehmbare-schachtabdeckung-600-12-aisi304\/","url":"https:\/\/pool-house.shop\/de\/product\/abnehmbare-schachtabdeckung-600-12-aisi304\/","name":"Abnehmbare Schachtabdeckung 600\/12 AISI304 - Pool-House","isPartOf":{"@id":"https:\/\/pool-house.shop\/de\/#website"},"primaryImageOfPage":{"@id":"https:\/\/pool-house.shop\/de\/product\/abnehmbare-schachtabdeckung-600-12-aisi304\/#primaryimage"},"image":{"@id":"https:\/\/pool-house.shop\/de\/product\/abnehmbare-schachtabdeckung-600-12-aisi304\/#primaryimage"},"thumbnailUrl":"https:\/\/pool-house.shop\/wp-content\/uploads\/2025\/04\/127600.png","datePublished":"2025-04-08T10:17:53+00:00","breadcrumb":{"@id":"https:\/\/pool-house.shop\/de\/product\/abnehmbare-schachtabdeckung-600-12-aisi304\/#breadcrumb"},"inLanguage":"de","potentialAction":[{"@type":"ReadAction","target":["https:\/\/pool-house.shop\/de\/product\/abnehmbare-schachtabdeckung-600-12-aisi304\/"]}]},{"@type":"ImageObject","inLanguage":"de","@id":"https:\/\/pool-house.shop\/de\/product\/abnehmbare-schachtabdeckung-600-12-aisi304\/#primaryimage","url":"https:\/\/pool-house.shop\/wp-content\/uploads\/2025\/04\/127600.png","contentUrl":"https:\/\/pool-house.shop\/wp-content\/uploads\/2025\/04\/127600.png","width":508,"height":758},{"@type":"BreadcrumbList","@id":"https:\/\/pool-house.shop\/de\/product\/abnehmbare-schachtabdeckung-600-12-aisi304\/#breadcrumb","itemListElement":[{"@type":"ListItem","position":1,"name":"Domovsk\u00e1 str\u00e1nka","item":"https:\/\/pool-house.shop\/de\/"},{"@type":"ListItem","position":2,"name":"Shop","item":"https:\/\/pool-house.shop\/de\/shop\/"},{"@type":"ListItem","position":3,"name":"Abnehmbare Schachtabdeckung 600\/12 AISI304"}]},{"@type":"WebSite","@id":"https:\/\/pool-house.shop\/de\/#website","url":"https:\/\/pool-house.shop\/de\/","name":"Pool-House","description":"","publisher":{"@id":"https:\/\/pool-house.shop\/de\/#organization"},"potentialAction":[{"@type":"SearchAction","target":{"@type":"EntryPoint","urlTemplate":"https:\/\/pool-house.shop\/de\/?s={search_term_string}"},"query-input":{"@type":"PropertyValueSpecification","valueRequired":true,"valueName":"search_term_string"}}],"inLanguage":"de"},{"@type":"Organization","@id":"https:\/\/pool-house.shop\/de\/#organization","name":"Pool-House","url":"https:\/\/pool-house.shop\/de\/","logo":{"@type":"ImageObject","inLanguage":"de","@id":"https:\/\/pool-house.shop\/de\/#\/schema\/logo\/image\/","url":"https:\/\/pool-house.shop\/wp-content\/uploads\/2025\/10\/logo-2-stvorec-mobil-modre.png","contentUrl":"https:\/\/pool-house.shop\/wp-content\/uploads\/2025\/10\/logo-2-stvorec-mobil-modre.png","width":273,"height":189,"caption":"Pool-House"},"image":{"@id":"https:\/\/pool-house.shop\/de\/#\/schema\/logo\/image\/"},"sameAs":["https:\/\/www.facebook.com\/termodomsk\/"]}]}},"_links":{"self":[{"href":"https:\/\/pool-house.shop\/de\/wp-json\/wp\/v2\/product\/11227","targetHints":{"allow":["GET"]}}],"collection":[{"href":"https:\/\/pool-house.shop\/de\/wp-json\/wp\/v2\/product"}],"about":[{"href":"https:\/\/pool-house.shop\/de\/wp-json\/wp\/v2\/types\/product"}],"wp:featuredmedia":[{"embeddable":true,"href":"https:\/\/pool-house.shop\/de\/wp-json\/wp\/v2\/media\/3930"}],"wp:attachment":[{"href":"https:\/\/pool-house.shop\/de\/wp-json\/wp\/v2\/media?parent=11227"}],"wp:term":[{"taxonomy":"product_brand","embeddable":true,"href":"https:\/\/pool-house.shop\/de\/wp-json\/wp\/v2\/product_brand?post=11227"},{"taxonomy":"product_cat","embeddable":true,"href":"https:\/\/pool-house.shop\/de\/wp-json\/wp\/v2\/product_cat?post=11227"},{"taxonomy":"product_tag","embeddable":true,"href":"https:\/\/pool-house.shop\/de\/wp-json\/wp\/v2\/product_tag?post=11227"}],"curies":[{"name":"wp","href":"https:\/\/api.w.org\/{rel}","templated":true}]}}