{"id":11248,"date":"2025-04-08T12:17:40","date_gmt":"2025-04-08T10:17:40","guid":{"rendered":"https:\/\/pool-house.shop\/product\/gewichtselektrode-dusche\/"},"modified":"2025-04-08T12:17:40","modified_gmt":"2025-04-08T10:17:40","slug":"gewichtselektrode-dusche","status":"publish","type":"product","link":"https:\/\/pool-house.shop\/de\/product\/gewichtselektrode-dusche\/","title":{"rendered":"Gewichtselektrode Dusche"},"content":{"rendered":"<p>Gewichtselektrode Dusche<\/p>\n<p> Korrosion tritt h\u00e4ufiger in Salzwasserbecken auf, da die Anwesenheit von Salz die Leitf\u00e4higkeit des Wassers erh\u00f6ht und Korrosion f\u00f6rdert. In den meisten F\u00e4llen sind diese Flecken nicht auf einen Produktqualit\u00e4tsfehler zur\u00fcckzuf\u00fchren, sondern auf einen Sch\u00e4digungsprozess, der galvanische Korrosion genannt wird. <\/p>\n<p> In den meisten F\u00e4llen sind diese Flecken nicht auf einen Produktqualit\u00e4tsfehler zur\u00fcckzuf\u00fchren. Es handelt sich um einen Sch\u00e4digungsprozess, der galvanische Korrosion genannt wird und immer dann auftritt, wenn zwei verschiedene Metalle in Kontakt kommen und durch eine Potenzialdifferenz einen elektrischen Strom erzeugen, wobei Salzwasser (Salzchlorierung) als Elektrolyt wirkt, der die Elektronenleitung erleichtert. Aufgrund seines Verhaltens wird das unedlere Metall zur Anode und verliert Elektronen, w\u00e4hrend das edlere Metall zur Kathode wird, die durch Anziehung freier Elektronen eine negative Ladung erh\u00e4lt.   <\/p>\n<p> Das Ergebnis ist, dass das unedlere Metall zu einem Oxid wird und, w\u00e4hrend die Reaktion fortschreitet, die Kathode mit einem Film bedeckt wird, der von Anodenmetallpartikeln emittiert wird.<br \/>\n Aus diesem Grund wird zum Schutz von Leitern die Verwendung einer Opferanode empfohlen. Die gesamte Oxidation wird \u00fcber einen elektrischen Leiter zur Opferanode geleitet, wodurch der Zerfall der Metallelemente des Pools verhindert und Oxidpartikel entfernt werden, die schwer zu behandelnde und zu reinigende Flecken verursachen. <\/p>\n","protected":false},"excerpt":{"rendered":"<p>Gewichtselektrode Dusche<\/p>\n<p> Korrosion tritt h\u00e4ufiger in Salzwasserbecken auf, da die Anwesenheit von Salz die Leitf\u00e4higkeit des Wassers erh\u00f6ht und Korrosion f\u00f6rdert. In den meisten F\u00e4llen sind diese Flecken nicht auf einen Produktqualit\u00e4tsfehler zur\u00fcckzuf\u00fchren, sondern auf einen Sch\u00e4digungsprozess, der galvanische Korrosion genannt wird. <\/p>\n<p> In den meisten F\u00e4llen sind diese Flecken nicht auf einen Produktqualit\u00e4tsfehler zur\u00fcckzuf\u00fchren. Es handelt sich um einen Sch\u00e4digungsprozess, der galvanische Korrosion genannt wird und immer dann auftritt, wenn zwei verschiedene Metalle in Kontakt kommen und durch eine Potenzialdifferenz einen elektrischen Strom erzeugen, wobei Salzwasser (Salzchlorierung) als Elektrolyt wirkt, der die Elektronenleitung erleichtert. Aufgrund seines Verhaltens wird das unedlere Metall zur Anode und verliert Elektronen, w\u00e4hrend das edlere Metall zur Kathode wird, die durch Anziehung freier Elektronen eine negative Ladung erh\u00e4lt.   <\/p>\n<p> Das Ergebnis ist, dass das unedlere Metall zu einem Oxid wird und, w\u00e4hrend die Reaktion fortschreitet, die Kathode mit einem Film bedeckt wird, der von Anodenmetallpartikeln emittiert wird.<br \/>\n Aus diesem Grund wird zum Schutz von Leitern die Verwendung einer Opferanode empfohlen. Die gesamte Oxidation wird \u00fcber einen elektrischen Leiter zur Opferanode geleitet, wodurch der Zerfall der Metallelemente des Pools verhindert und Oxidpartikel entfernt werden, die schwer zu behandelnde und zu reinigende Flecken verursachen. <\/p>\n","protected":false},"featured_media":3908,"template":"","meta":[],"product_brand":[],"product_cat":[240],"product_tag":[],"class_list":{"0":"post-11248","1":"product","2":"type-product","3":"status-publish","4":"has-post-thumbnail","6":"product_cat-poolumgebung","7":"thunk-woo-product-list","8":"open-woo-hover-none","9":"open-single-product-tab-horizontal","10":"open-shadow-","11":"open-shadow-hover-","13":"first","14":"instock","15":"taxable","16":"shipping-taxable","17":"purchasable","18":"product-type-simple"},"yoast_head":"<!-- This site is optimized with the Yoast SEO plugin v26.9 - https:\/\/yoast.com\/product\/yoast-seo-wordpress\/ -->\n<title>Gewichtselektrode Dusche - Pool-House<\/title>\n<meta name=\"robots\" content=\"index, follow, max-snippet:-1, max-image-preview:large, max-video-preview:-1\" \/>\n<link rel=\"canonical\" href=\"https:\/\/pool-house.shop\/de\/product\/gewichtselektrode-dusche\/\" \/>\n<meta property=\"og:locale\" content=\"de_DE\" \/>\n<meta property=\"og:type\" content=\"article\" \/>\n<meta property=\"og:title\" content=\"Gewichtselektrode Dusche - Pool-House\" \/>\n<meta property=\"og:description\" content=\"Gewichtselektrode Dusche  Korrosion tritt h\u00e4ufiger in Salzwasserbecken auf, da die Anwesenheit von Salz die Leitf\u00e4higkeit des Wassers erh\u00f6ht und Korrosion f\u00f6rdert. In den meisten F\u00e4llen sind diese Flecken nicht auf einen Produktqualit\u00e4tsfehler zur\u00fcckzuf\u00fchren, sondern auf einen Sch\u00e4digungsprozess, der galvanische Korrosion genannt wird.   In den meisten F\u00e4llen sind diese Flecken nicht auf einen Produktqualit\u00e4tsfehler zur\u00fcckzuf\u00fchren. Es handelt sich um einen Sch\u00e4digungsprozess, der galvanische Korrosion genannt wird und immer dann auftritt, wenn zwei verschiedene Metalle in Kontakt kommen und durch eine Potenzialdifferenz einen elektrischen Strom erzeugen, wobei Salzwasser (Salzchlorierung) als Elektrolyt wirkt, der die Elektronenleitung erleichtert. Aufgrund seines Verhaltens wird das unedlere Metall zur Anode und verliert Elektronen, w\u00e4hrend das edlere Metall zur Kathode wird, die durch Anziehung freier Elektronen eine negative Ladung erh\u00e4lt.    Das Ergebnis ist, dass das unedlere Metall zu einem Oxid wird und, w\u00e4hrend die Reaktion fortschreitet, die Kathode mit einem Film bedeckt wird, der von Anodenmetallpartikeln emittiert wird. Aus diesem Grund wird zum Schutz von Leitern die Verwendung einer Opferanode empfohlen. Die gesamte Oxidation wird \u00fcber einen elektrischen Leiter zur Opferanode geleitet, wodurch der Zerfall der Metallelemente des Pools verhindert und Oxidpartikel entfernt werden, die schwer zu behandelnde und zu reinigende Flecken verursachen.\" \/>\n<meta property=\"og:url\" content=\"https:\/\/pool-house.shop\/de\/product\/gewichtselektrode-dusche\/\" \/>\n<meta property=\"og:site_name\" content=\"Pool-House\" \/>\n<meta property=\"article:publisher\" content=\"https:\/\/www.facebook.com\/termodomsk\/\" \/>\n<meta property=\"og:image\" content=\"https:\/\/pool-house.shop\/wp-content\/uploads\/2025\/04\/121019.png\" \/>\n\t<meta property=\"og:image:width\" content=\"1600\" \/>\n\t<meta property=\"og:image:height\" content=\"1600\" \/>\n\t<meta property=\"og:image:type\" content=\"image\/png\" \/>\n<meta name=\"twitter:card\" content=\"summary_large_image\" \/>\n<meta name=\"twitter:label1\" content=\"Gesch\u00e4tzte Lesezeit\" \/>\n\t<meta name=\"twitter:data1\" content=\"1\u00a0Minute\" \/>\n<script type=\"application\/ld+json\" class=\"yoast-schema-graph\">{\"@context\":\"https:\/\/schema.org\",\"@graph\":[{\"@type\":\"WebPage\",\"@id\":\"https:\/\/pool-house.shop\/de\/product\/gewichtselektrode-dusche\/\",\"url\":\"https:\/\/pool-house.shop\/de\/product\/gewichtselektrode-dusche\/\",\"name\":\"Gewichtselektrode Dusche - Pool-House\",\"isPartOf\":{\"@id\":\"https:\/\/pool-house.shop\/de\/#website\"},\"primaryImageOfPage\":{\"@id\":\"https:\/\/pool-house.shop\/de\/product\/gewichtselektrode-dusche\/#primaryimage\"},\"image\":{\"@id\":\"https:\/\/pool-house.shop\/de\/product\/gewichtselektrode-dusche\/#primaryimage\"},\"thumbnailUrl\":\"https:\/\/pool-house.shop\/wp-content\/uploads\/2025\/04\/121019.png\",\"datePublished\":\"2025-04-08T10:17:40+00:00\",\"breadcrumb\":{\"@id\":\"https:\/\/pool-house.shop\/de\/product\/gewichtselektrode-dusche\/#breadcrumb\"},\"inLanguage\":\"de\",\"potentialAction\":[{\"@type\":\"ReadAction\",\"target\":[\"https:\/\/pool-house.shop\/de\/product\/gewichtselektrode-dusche\/\"]}]},{\"@type\":\"ImageObject\",\"inLanguage\":\"de\",\"@id\":\"https:\/\/pool-house.shop\/de\/product\/gewichtselektrode-dusche\/#primaryimage\",\"url\":\"https:\/\/pool-house.shop\/wp-content\/uploads\/2025\/04\/121019.png\",\"contentUrl\":\"https:\/\/pool-house.shop\/wp-content\/uploads\/2025\/04\/121019.png\",\"width\":1600,\"height\":1600},{\"@type\":\"BreadcrumbList\",\"@id\":\"https:\/\/pool-house.shop\/de\/product\/gewichtselektrode-dusche\/#breadcrumb\",\"itemListElement\":[{\"@type\":\"ListItem\",\"position\":1,\"name\":\"Domovsk\u00e1 str\u00e1nka\",\"item\":\"https:\/\/pool-house.shop\/de\/\"},{\"@type\":\"ListItem\",\"position\":2,\"name\":\"Shop\",\"item\":\"https:\/\/pool-house.shop\/de\/shop\/\"},{\"@type\":\"ListItem\",\"position\":3,\"name\":\"Gewichtselektrode Dusche\"}]},{\"@type\":\"WebSite\",\"@id\":\"https:\/\/pool-house.shop\/de\/#website\",\"url\":\"https:\/\/pool-house.shop\/de\/\",\"name\":\"Pool-House\",\"description\":\"\",\"publisher\":{\"@id\":\"https:\/\/pool-house.shop\/de\/#organization\"},\"potentialAction\":[{\"@type\":\"SearchAction\",\"target\":{\"@type\":\"EntryPoint\",\"urlTemplate\":\"https:\/\/pool-house.shop\/de\/?s={search_term_string}\"},\"query-input\":{\"@type\":\"PropertyValueSpecification\",\"valueRequired\":true,\"valueName\":\"search_term_string\"}}],\"inLanguage\":\"de\"},{\"@type\":\"Organization\",\"@id\":\"https:\/\/pool-house.shop\/de\/#organization\",\"name\":\"Pool-House\",\"url\":\"https:\/\/pool-house.shop\/de\/\",\"logo\":{\"@type\":\"ImageObject\",\"inLanguage\":\"de\",\"@id\":\"https:\/\/pool-house.shop\/de\/#\/schema\/logo\/image\/\",\"url\":\"https:\/\/pool-house.shop\/wp-content\/uploads\/2025\/10\/logo-2-stvorec-mobil-modre.png\",\"contentUrl\":\"https:\/\/pool-house.shop\/wp-content\/uploads\/2025\/10\/logo-2-stvorec-mobil-modre.png\",\"width\":273,\"height\":189,\"caption\":\"Pool-House\"},\"image\":{\"@id\":\"https:\/\/pool-house.shop\/de\/#\/schema\/logo\/image\/\"},\"sameAs\":[\"https:\/\/www.facebook.com\/termodomsk\/\"]}]}<\/script>\n<!-- \/ Yoast SEO plugin. -->","yoast_head_json":{"title":"Gewichtselektrode Dusche - Pool-House","robots":{"index":"index","follow":"follow","max-snippet":"max-snippet:-1","max-image-preview":"max-image-preview:large","max-video-preview":"max-video-preview:-1"},"canonical":"https:\/\/pool-house.shop\/de\/product\/gewichtselektrode-dusche\/","og_locale":"de_DE","og_type":"article","og_title":"Gewichtselektrode Dusche - Pool-House","og_description":"Gewichtselektrode Dusche  Korrosion tritt h\u00e4ufiger in Salzwasserbecken auf, da die Anwesenheit von Salz die Leitf\u00e4higkeit des Wassers erh\u00f6ht und Korrosion f\u00f6rdert. In den meisten F\u00e4llen sind diese Flecken nicht auf einen Produktqualit\u00e4tsfehler zur\u00fcckzuf\u00fchren, sondern auf einen Sch\u00e4digungsprozess, der galvanische Korrosion genannt wird.   In den meisten F\u00e4llen sind diese Flecken nicht auf einen Produktqualit\u00e4tsfehler zur\u00fcckzuf\u00fchren. Es handelt sich um einen Sch\u00e4digungsprozess, der galvanische Korrosion genannt wird und immer dann auftritt, wenn zwei verschiedene Metalle in Kontakt kommen und durch eine Potenzialdifferenz einen elektrischen Strom erzeugen, wobei Salzwasser (Salzchlorierung) als Elektrolyt wirkt, der die Elektronenleitung erleichtert. Aufgrund seines Verhaltens wird das unedlere Metall zur Anode und verliert Elektronen, w\u00e4hrend das edlere Metall zur Kathode wird, die durch Anziehung freier Elektronen eine negative Ladung erh\u00e4lt.    Das Ergebnis ist, dass das unedlere Metall zu einem Oxid wird und, w\u00e4hrend die Reaktion fortschreitet, die Kathode mit einem Film bedeckt wird, der von Anodenmetallpartikeln emittiert wird. Aus diesem Grund wird zum Schutz von Leitern die Verwendung einer Opferanode empfohlen. Die gesamte Oxidation wird \u00fcber einen elektrischen Leiter zur Opferanode geleitet, wodurch der Zerfall der Metallelemente des Pools verhindert und Oxidpartikel entfernt werden, die schwer zu behandelnde und zu reinigende Flecken verursachen.","og_url":"https:\/\/pool-house.shop\/de\/product\/gewichtselektrode-dusche\/","og_site_name":"Pool-House","article_publisher":"https:\/\/www.facebook.com\/termodomsk\/","og_image":[{"width":1600,"height":1600,"url":"https:\/\/pool-house.shop\/wp-content\/uploads\/2025\/04\/121019.png","type":"image\/png"}],"twitter_card":"summary_large_image","twitter_misc":{"Gesch\u00e4tzte Lesezeit":"1\u00a0Minute"},"schema":{"@context":"https:\/\/schema.org","@graph":[{"@type":"WebPage","@id":"https:\/\/pool-house.shop\/de\/product\/gewichtselektrode-dusche\/","url":"https:\/\/pool-house.shop\/de\/product\/gewichtselektrode-dusche\/","name":"Gewichtselektrode Dusche - Pool-House","isPartOf":{"@id":"https:\/\/pool-house.shop\/de\/#website"},"primaryImageOfPage":{"@id":"https:\/\/pool-house.shop\/de\/product\/gewichtselektrode-dusche\/#primaryimage"},"image":{"@id":"https:\/\/pool-house.shop\/de\/product\/gewichtselektrode-dusche\/#primaryimage"},"thumbnailUrl":"https:\/\/pool-house.shop\/wp-content\/uploads\/2025\/04\/121019.png","datePublished":"2025-04-08T10:17:40+00:00","breadcrumb":{"@id":"https:\/\/pool-house.shop\/de\/product\/gewichtselektrode-dusche\/#breadcrumb"},"inLanguage":"de","potentialAction":[{"@type":"ReadAction","target":["https:\/\/pool-house.shop\/de\/product\/gewichtselektrode-dusche\/"]}]},{"@type":"ImageObject","inLanguage":"de","@id":"https:\/\/pool-house.shop\/de\/product\/gewichtselektrode-dusche\/#primaryimage","url":"https:\/\/pool-house.shop\/wp-content\/uploads\/2025\/04\/121019.png","contentUrl":"https:\/\/pool-house.shop\/wp-content\/uploads\/2025\/04\/121019.png","width":1600,"height":1600},{"@type":"BreadcrumbList","@id":"https:\/\/pool-house.shop\/de\/product\/gewichtselektrode-dusche\/#breadcrumb","itemListElement":[{"@type":"ListItem","position":1,"name":"Domovsk\u00e1 str\u00e1nka","item":"https:\/\/pool-house.shop\/de\/"},{"@type":"ListItem","position":2,"name":"Shop","item":"https:\/\/pool-house.shop\/de\/shop\/"},{"@type":"ListItem","position":3,"name":"Gewichtselektrode Dusche"}]},{"@type":"WebSite","@id":"https:\/\/pool-house.shop\/de\/#website","url":"https:\/\/pool-house.shop\/de\/","name":"Pool-House","description":"","publisher":{"@id":"https:\/\/pool-house.shop\/de\/#organization"},"potentialAction":[{"@type":"SearchAction","target":{"@type":"EntryPoint","urlTemplate":"https:\/\/pool-house.shop\/de\/?s={search_term_string}"},"query-input":{"@type":"PropertyValueSpecification","valueRequired":true,"valueName":"search_term_string"}}],"inLanguage":"de"},{"@type":"Organization","@id":"https:\/\/pool-house.shop\/de\/#organization","name":"Pool-House","url":"https:\/\/pool-house.shop\/de\/","logo":{"@type":"ImageObject","inLanguage":"de","@id":"https:\/\/pool-house.shop\/de\/#\/schema\/logo\/image\/","url":"https:\/\/pool-house.shop\/wp-content\/uploads\/2025\/10\/logo-2-stvorec-mobil-modre.png","contentUrl":"https:\/\/pool-house.shop\/wp-content\/uploads\/2025\/10\/logo-2-stvorec-mobil-modre.png","width":273,"height":189,"caption":"Pool-House"},"image":{"@id":"https:\/\/pool-house.shop\/de\/#\/schema\/logo\/image\/"},"sameAs":["https:\/\/www.facebook.com\/termodomsk\/"]}]}},"_links":{"self":[{"href":"https:\/\/pool-house.shop\/de\/wp-json\/wp\/v2\/product\/11248","targetHints":{"allow":["GET"]}}],"collection":[{"href":"https:\/\/pool-house.shop\/de\/wp-json\/wp\/v2\/product"}],"about":[{"href":"https:\/\/pool-house.shop\/de\/wp-json\/wp\/v2\/types\/product"}],"wp:featuredmedia":[{"embeddable":true,"href":"https:\/\/pool-house.shop\/de\/wp-json\/wp\/v2\/media\/3908"}],"wp:attachment":[{"href":"https:\/\/pool-house.shop\/de\/wp-json\/wp\/v2\/media?parent=11248"}],"wp:term":[{"taxonomy":"product_brand","embeddable":true,"href":"https:\/\/pool-house.shop\/de\/wp-json\/wp\/v2\/product_brand?post=11248"},{"taxonomy":"product_cat","embeddable":true,"href":"https:\/\/pool-house.shop\/de\/wp-json\/wp\/v2\/product_cat?post=11248"},{"taxonomy":"product_tag","embeddable":true,"href":"https:\/\/pool-house.shop\/de\/wp-json\/wp\/v2\/product_tag?post=11248"}],"curies":[{"name":"wp","href":"https:\/\/api.w.org\/{rel}","templated":true}]}}